{"id":5626,"date":"2022-10-04T10:58:40","date_gmt":"2022-10-04T03:58:40","guid":{"rendered":"https:\/\/tohagroup.com\/?post_type=product&#038;p=5626"},"modified":"2022-10-04T11:13:09","modified_gmt":"2022-10-04T04:13:09","slug":"may-pha-ca-phe-nuova-simonelli-appia-ii-compact-moi-90-95","status":"publish","type":"product","link":"https:\/\/tohagroup.com\/en\/san-pham\/may-pha-ca-phe-nuova-simonelli-appia-ii-compact-moi-90-95\/","title":{"rendered":"M\u00c1Y PHA C\u00c0 PH\u00ca NUOVA SIMONELLI APPIA II COMPACT (M\u1edaI 90-95%)"},"content":{"rendered":"<div class=\"bi6gxh9e\">\n<div class=\"bi6gxh9e\">\n<h3><strong>M\u00e1y pha c\u00e0 ph\u00ea Nuova Simonelli Appia II Compact 2 Groups Volumetric<\/strong><\/h3>\n<p>K\u00edch th\u01b0\u1edbc m\u00e1y pha c\u00e0 ph\u00ea 2 group qu\u00e1 l\u1edbn so v\u1edbi kh\u00f4ng gian qu\u00e1n c\u1ee7a b\u1ea1n? B\u1ea1n c\u1ea3m th\u1ea5y \u201cti\u1ebfc\u201d khi ph\u1ea3i b\u1ecf qua nh\u1eefng c\u00f4ng ngh\u1ec7 h\u00e0ng \u0111\u1ea7u ch\u1ec9 t\u00edch h\u1ee3p \u1edf c\u00e1c m\u00e1y pha c\u00e0 ph\u00ea 2 group.<\/p>\n<p>Tuy nhi\u00ean, v\u1edbi m\u00e1y pha c\u00e0 ph\u00ea Appia COMPACT, nh\u1eefng kh\u00f3 kh\u0103n c\u1ee7a b\u1ea1n s\u1ebd \u0111\u01b0\u1ee3c gi\u1ea3i quy\u1ebft. Thi\u1ebft k\u1ebf m\u1edbi mang \u0111\u1ebfn nh\u1eefng t\u00ednh n\u0103ng cho Barista c\u00f3 th\u1ec3 t\u1ea1o ra nh\u1eefng t\u00e1ch espresso ho\u1eb7c cappuccino \u0111\u00fang chu\u1ea9n d\u00f9 \u201ch\u1ea1n ch\u1ebf\u201d v\u1ec1 kh\u00f4ng gian.<\/p>\n<p>Appia Compact \u2013 c\u00f4ng ngh\u1ec7 t\u1ed1t nh\u1ea5t \u0111\u01b0\u1ee3c t\u1eadp trung trong m\u1ed9t kh\u00f4ng gian nh\u1ecf v\u00e0 mang l\u1ea1i hi\u1ec7u qu\u1ea3 c\u0169ng nh\u01b0 n\u0103ng su\u1ea5t cao.<\/p>\n<p>Thi\u1ebft k\u1ebf t\u1eeb Appia Compact v\u1edbi phi\u00ean b\u1ea3n nh\u1ecf g\u1ecdn, \u0111\u01a1n gi\u1ea3n ph\u00f9 h\u1ee3p v\u1edbi m\u1ecdi m\u00f4i tr\u01b0\u1eddng th\u1eadm ch\u00ed t\u1ed1t h\u01a1n so v\u1edbi nh\u1eefng ti\u1ec1n nhi\u1ec7m tr\u01b0\u1edbc \u0111\u00e2y v\u1edbi t\u00ednh n\u0103ng ti\u1ebft ki\u1ec7m kh\u00f4ng gian cho qu\u1ea7y pha ch\u1ebf c\u1ee7a b\u1ea1n.<\/p>\n<p>B\u1ea3ng \u0111i\u1ec1u khi\u1ec3n (5 n\u00fat) c\u0169ng \u0111\u01b0\u1ee3c thi\u1ebft k\u1ebf l\u1ea1i ho\u00e0n to\u00e0n b\u1eb1ng c\u00e1ch b\u1ecdc chorme xung quanh v\u00e0 ki\u1ebfn t\u1ea1o c\u00e1c r\u00e3nh h\u1edf.<\/p>\n<p>V\u00ec v\u1eady, m\u00e1y pha c\u00e0 ph\u00ea Appia Compact kh\u00f4ng ch\u1ec9 mang \u0111\u1ebfn v\u1ebb ngo\u00e0i hi\u1ec7n \u0111\u1ea1i \u0111\u1ec3 t\u1ea1o \u0111i\u1ec3m nh\u1ea5n cho qu\u00e1n c\u1ee7a b\u1ea1n m\u00e0 h\u01a1n th\u1ebf n\u1eefa v\u1edbi ch\u1ea5t li\u1ec7u \u0111\u01b0\u1ee3c s\u1eed d\u1ee5ng gi\u00fap Appia Compact ch\u1ed1ng m\u00e0i m\u00f2n.<\/p>\n<p>T\u00edch h\u1ee3p nhi\u1ec1u t\u00ednh n\u0103ng ti\u1ec7n l\u1ee3i<\/p>\n<p>Appia Compact \u0111\u00e3 kh\u1eb3ng \u0111\u1ecbnh t\u1ea5t c\u1ea3 c\u00e1c t\u00ednh n\u0103ng \u0111\u00e3 \u0111\u01b0\u1ee3c<\/p>\n<p>bi\u1ec3u ch\u1ee9ng b\u1edfi ng\u01b0\u1eddi ti\u1ec1n nhi\u1ec7m Appia II nh\u01b0: c\u1ea7n g\u1ea1t Push &amp; Pull ti\u1ec7n l\u1ee3i; h\u1ec7 th\u1ed1ng n\u00fat b\u1ea5m m\u1ec1m;<\/p>\n<p>khay \u0111\u1ef1ng b\u1ea3 v\u00e0 v\u00f2i h\u01a1i b\u1eb1ng th\u00e9p kh\u00f4ng g\u1ec9 gi\u00fap d\u1ec5 d\u00e0ng l\u00e0m s\u1ea1ch.<\/p>\n<p>T\u00edch h\u1ee3p \u0111\u1ed3ng h\u1ed3 \u0111o \u00e1p su\u1ea5t k\u00e9p c\u00f9ng b\u1ec1 nh\u00ecn r\u1ed9ng gi\u00fap Barista canh ch\u1ec9nh v\u00e0 b\u1ea3o \u0111\u1ea3m ch\u1ea5t l\u01b0\u1ee3ng cho t\u1eebng t\u00e1ch espresso chi\u1ebft xu\u1ea5t. Ph\u00f9 h\u1ee3p v\u1edbi t\u1eebng lo\u1ea1i ly t\u00e1ch kh\u00e1c nhau khi c\u00f3 ch\u1ebf \u0111\u1ed9 \u201cRaise ho\u1eb7c Low Group\u201d<\/p>\n<p>S\u1ea3n ph\u1ea9m \u0111\u01b0\u1ee3c TOHA GROUP nh\u1eadp kh\u1ea9u ch\u00ednh h\u00e3ng \u0111\u1ed9c quy\u1ec1n 100% t\u1eeb th\u01b0\u01a1ng hi\u1ec7u Nuova Simonelli, \u00dd v\u00e0 \u0111\u01b0\u1ee3c b\u1ea3o h\u00e0nh trong v\u00f2ng 12 th\u00e1ng b\u1edfi \u0111\u1ed9i ng\u0169 k\u1ef9 thu\u1eadt chuy\u00ean m\u00f4n cao.<\/p>\n<p><img decoding=\"async\" class=\"aligncenter size-large wp-image-5627\" src=\"https:\/\/tohagroup.com\/wp-content\/uploads\/2022\/10\/1-1024x1024.png\" alt=\"\" width=\"1024\" height=\"1024\" srcset=\"https:\/\/tohagroup.com\/wp-content\/uploads\/2022\/10\/1-1024x1024.png 1024w, https:\/\/tohagroup.com\/wp-content\/uploads\/2022\/10\/1-300x300.png 300w, https:\/\/tohagroup.com\/wp-content\/uploads\/2022\/10\/1-150x150.png 150w, https:\/\/tohagroup.com\/wp-content\/uploads\/2022\/10\/1-768x768.png 768w, https:\/\/tohagroup.com\/wp-content\/uploads\/2022\/10\/1-600x600.png 600w, https:\/\/tohagroup.com\/wp-content\/uploads\/2022\/10\/1-100x100.png 100w, https:\/\/tohagroup.com\/wp-content\/uploads\/2022\/10\/1.png 1080w\" sizes=\"(max-width: 1024px) 100vw, 1024px\" \/><\/p>\n<\/div>\n<\/div>\n<hr \/>\n<h2 id=\"ftoc-heading-10\" class=\"p1 ftwp-heading\"><b>Toha Group \u2013 Cung c\u1ea5p gi\u1ea3i ph\u00e1p cho m\u1ed9t ly c\u00e0 ph\u00ea ngon<\/b><\/h2>\n<p>=&gt;&gt;\u00a0<em>Tham kh\u1ea3o th\u00f4ng tin v\u00e0 c\u00e1c s\u1ea3n ph\u1ea9m <a href=\"https:\/\/tohagroup.com\/product-category\/may-pha-ca-phe-cho-quan\/\" target=\"_blank\" rel=\"nofollow noopener\">M\u00e1y pha c\u00e0 ph\u00ea d\u00e0nh cho qu\u00e1n<\/a> t\u1ea1i website ch\u00ednh h\u00e3ng <a href=\"http:\/\/www.tohagroup.com\">www.tohagroup.com<\/a><\/em><\/p>\n<p>\u0110\u1ec3 \u0111\u1ea3m b\u1ea3o mua m\u00e1y ch\u00ednh h\u00e3ng vui l\u00f2ng t\u1edbi tr\u1ef1c ti\u1ebfp Showroom c\u1ee7a <strong>Toha Group<\/strong> tr\u00ean to\u00e0n qu\u1ed1c ho\u1eb7c \u0111\u1eb7t h\u00e0ng t\u1ea1i Website www.tohagroup.com \u2013 Ho\u1eb7c g\u1ecdi tr\u1ef1c ti\u1ebfp t\u1edbi <a href=\"tel:0867896096\" target=\"_blank\" rel=\"nofollow noopener\"><strong>Hotline: 08 6789 6096<\/strong><\/a>\u00a0\u0111\u1ec3 \u0111\u01b0\u1ee3c h\u1ed7 tr\u1ee3 \u0111\u1eb7t h\u00e0ng nhanh.<\/p>\n<p><span style=\"color: #ff0000;\"><strong>\u01afu \u0111\u00e3i:<\/strong> <\/span>Khi Qu\u00fd kh\u00e1ch h\u00e0ng theo d\u00f5i t\u1ea5t c\u1ea3 n\u1ec1n t\u1ea3ng c\u1ee7a Toha, qu\u00fd kh\u00e1ch s\u1ebd nh\u1eadn \u0111\u01b0\u1ee3c \u0111\u01b0\u1eddng d\u00e2y n\u00f3ng k\u1ebft n\u1ed1i &#8211; mua b\u00e1n &#8211; s\u1eeda ch\u1eefa, k\u00e8m theo \u0111\u00f3 l\u00e0 nhi\u1ec1u \u01b0u \u0111\u00e3i \u0111\u1eb7c bi\u1ec7t, nhi\u1ec1u ch\u01b0\u01a1ng tr\u00ecnh gi\u1ea3m gi\u00e1, v\u00e0 r\u1ea5t nhi\u1ec1u qu\u00e0 t\u1eb7ng kh\u00e1c \u0111\u1ebfn t\u1eeb Toha.<\/p>\n<h4 id=\"input_line_0\"><span id=\"input_part_0\" class=\"\" data-mention=\"Ch\u1ec9 \u0110\u01b0\u1eddng Google Map: https:\/\/g.page\/TOHACAFE?share \"><span style=\"color: #ff6600;\">Ch\u1ec9 \u0110\u01b0\u1eddng Google Map:<\/span><a href=\"https:\/\/g.page\/TOHACAFE?share\" rel=\"nofollow\" target=\"_blank\"> https:\/\/g.page\/TOHACAFE?share<\/a>\u00a0<\/span><\/h4>\n<h4 id=\"input_line_1\"><span id=\"input_part_0\" class=\"\" data-mention=\"Zalo Ch\u0103m S\u00f3c Kh\u00e1ch H\u00e0ng 24\/7: https:\/\/zalo.me\/2565949627324610829\"><span style=\"color: #ff6600;\">Zalo Ch\u0103m S\u00f3c Kh\u00e1ch H\u00e0ng 24\/7<\/span>: <a href=\"https:\/\/zalo.me\/2565949627324610829\" rel=\"nofollow noopener\" target=\"_blank\">https:\/\/zalo.me\/2565949627324610829<\/a><\/span><\/h4>\n<h4 id=\"input_line_2\"><span id=\"input_part_0\" class=\"\" data-mention=\"C\u1eadp Nh\u1eadt \u01afu \u0110\u00e3i: https:\/\/www.facebook.com\/tohagroupvn\"><span style=\"color: #ff6600;\">C\u1eadp Nh\u1eadt \u01afu \u0110\u00e3i:<\/span> <a href=\"https:\/\/www.facebook.com\/tohagroupvn\" rel=\"nofollow noopener\" target=\"_blank\">https:\/\/www.facebook.com\/tohagroupvn<\/a><\/span><\/h4>\n<p><span style=\"color: #000000;\"><b>\u0110\u1ec3 bi\u1ebft th\u00eam th\u00f4ng tin chi ti\u1ebft v\u00e0 \u0111\u1eb7t h\u00e0ng<\/b><strong>, Qu\u00fd<\/strong><b> Kh\u00e1ch xin vui l\u00f2ng li\u00ean h\u1ec7 v\u1edbi ch\u00fang t\u00f4i qua:<\/b><\/span><\/p>\n<p><span style=\"font-weight: 400;\"><strong>&#8211;<span style=\"color: #ff6600;\">\u0110\u1ecba ch\u1ec9:<\/span><\/strong> 472 \/ 17 \u0111\u01b0\u1eddng Phan Huy \u00cdch, Ph\u01b0\u1eddng 12, Qu\u1eadn G\u00f2 V\u1ea5p HCM.<\/span><\/p>\n<p><span style=\"font-weight: 400;\">\u00a0 \u00a0 \u00a0 \u00a0 \u00a0 \u00a0 \u00a0 \u00a0111-112 A1, TT H\u00e0o Nam ng\u00f5 8A, \u0111\u01b0\u1eddng V\u0169 Th\u1ea1nh, Q.\u0110\u1ed1ng \u0110a, HN.<\/span><\/p>\n<p><span style=\"font-weight: 400; color: #ff6600;\"><strong>-Hotline:<\/strong><\/span><\/p>\n<ul>\n<li><span id=\"input_part_0\" class=\"\" data-mention=\"08 6269 6096 \">08 6269 6096 <\/span><\/li>\n<li><span id=\"input_part_0\" class=\"\" data-mention=\"08 6269 6096 \">08 6769 6096 <\/span><\/li>\n<li><span id=\"input_part_0\" class=\"\" data-mention=\"08 6269 6096 \">0978 121 033<\/span><\/li>\n<\/ul>\n<p><span style=\"font-weight: 400;\"><span style=\"color: #ff6600;\"><strong>-Gmail:<\/strong><\/span> info@tohagroup.com<\/span><\/p>\n<p>&nbsp;<\/p>\n","protected":false},"excerpt":{"rendered":"<h4 class=\"promoadd__ttl\" style=\"text-align: left;\"><span style=\"color: #ff0000;\"><strong><i>\u2666 2 \u01afU \u0110\u00c3I TH\u00caM<\/i><\/strong><\/span><\/h4>\n<h5 class=\"promoadd__ttl\" style=\"text-align: left;\">D\u1ef1 ki\u1ebfn \u00e1p d\u1ee5ng \u0111\u1ebfn 23:00 30\/07<\/h5>\n<div class=\"promo_BHX\">\n<div class=\"l2\">\n<p>Mua c\u00e0 ph\u00ea v\u1edbi \u01b0u \u0111\u00e3i mua 10 t\u1eb7ng 2<\/p>\n<\/div>\n<\/div>\n<h6><i class=\"icondetail-tick\"><\/i>Gi\u1ea3m 10% gi\u00e1 M\u00e1y xay sinh t\u1ed1 v\u00e0 M\u00e1y \u00e9p khi mua k\u00e8m<i class=\"icondetail-tick\"><\/i><\/h6>\n<p>&nbsp;<\/p>\n<div class=\"ui--title ui--animation ui--title-bordered text-center\">\n<div class=\"ui--title-holder\">\n<h4 class=\"ui--title-text\"><strong><em><span style=\"color: #ff0000;\">\u2666 T\u1ea0I SAO B\u1ea0N N\u00caN CH\u1eccN S\u1ea2N PH\u1ea8M C\u1ee6A CH\u00daNG T\u00d4I<\/span><\/em><\/strong><\/h4>\n<\/div>\n<\/div>\n<div class=\"ui-row row-fluid\">\n<div class=\"ui-column span6\">\n<h6><i class=\"list-icon 14px fontawesome-ok\"><\/i>Tr\u1ef1c ti\u1ebfp nh\u1eadp kh\u1ea9u t\u1eeb nh\u00e0 m\u00e1y s\u1ea3n xu\u1ea5t<\/h6>\n<h6><i class=\"list-icon 14px fontawesome-ok\"><\/i>Nhi\u1ec1u c\u00f4ng su\u1ea5t v\u00e0 gi\u00e1 c\u1ea3 ph\u00f9 h\u1ee3p v\u1edbi t\u1eebng nhu c\u1ea7u<i class=\"list-icon 14px fontawesome-ok\"><\/i><\/h6>\n<h6><i class=\"list-icon 14px fontawesome-ok\"><\/i>\u0110\u01b0\u1ee3c chuy\u00ean gia k\u1ef9 thu\u1eadt ki\u1ec3m tra ch\u1ea5t l\u01b0\u1ee3ng<\/h6>\n<\/div>\n<div class=\"ui-column span6\">\n<h6><i class=\"list-icon 14px fontawesome-ok\"><\/i>Ch\u1ebf \u0111\u1ed9 b\u1ea3o h\u00e0nh d\u00e0i h\u1ea1n<\/h6>\n<h6><i class=\"list-icon 14px fontawesome-ok\"><\/i>Lu\u00f4n lu\u00f4n c\u00f3 s\u1eb5n linh ki\u1ec7n \u0111\u1ec3 thay th\u1ebf<\/h6>\n<h6><i class=\"list-icon 14px fontawesome-ok\"><\/i>Ch\u00ednh s\u00e1ch gi\u00e1 t\u1ed1t v\u00e0 lu\u00f4n l\u00e0 gi\u00e1 t\u1ed1t nh\u1ea5t<\/h6>\n<h6><i class=\"list-icon 14px fontawesome-ok\"><\/i>T\u01b0 v\u1ea5n ph\u00f9 h\u1ee3p v\u1edbi nhu c\u1ea7u th\u1ef1c t\u1ebf c\u1ee7a b\u1ea1n<\/h6>\n<h6><i class=\"list-icon 14px fontawesome-ok\"><\/i>X\u1eed l\u00fd s\u1ef1 c\u1ed1 v\u00e0 khi\u1ebfu n\u1ea1i ngay l\u1eadp t\u1ee9c<\/h6>\n<h6><i class=\"list-icon 14px fontawesome-ok\"><\/i>T\u01b0 v\u1ea5n nhi\u1ec1u h\u01a1n cho c\u00f4ng vi\u1ec7c kinh doanh c\u1ee7a b\u1ea1n<\/h6>\n<\/div>\n<\/div>\n","protected":false},"featured_media":5627,"comment_status":"open","ping_status":"closed","template":"","meta":{"om_disable_all_campaigns":false,"_mi_skip_tracking":false,"_monsterinsights_sitenote_active":false,"_monsterinsights_sitenote_note":"","_monsterinsights_sitenote_category":0},"product_cat":[69],"product_tag":[],"class_list":["post-5626","product","type-product","status-publish","has-post-thumbnail","hentry","nhom-san-pham-may-pha-ca-phe","product_cat-may-pha-ca-phe-cu"],"_links":{"self":[{"href":"https:\/\/tohagroup.com\/en\/wp-json\/wp\/v2\/product\/5626","targetHints":{"allow":["GET"]}}],"collection":[{"href":"https:\/\/tohagroup.com\/en\/wp-json\/wp\/v2\/product"}],"about":[{"href":"https:\/\/tohagroup.com\/en\/wp-json\/wp\/v2\/types\/product"}],"replies":[{"embeddable":true,"href":"https:\/\/tohagroup.com\/en\/wp-json\/wp\/v2\/comments?post=5626"}],"wp:featuredmedia":[{"embeddable":true,"href":"https:\/\/tohagroup.com\/en\/wp-json\/wp\/v2\/media\/5627"}],"wp:attachment":[{"href":"https:\/\/tohagroup.com\/en\/wp-json\/wp\/v2\/media?parent=5626"}],"wp:term":[{"taxonomy":"product_cat","embeddable":true,"href":"https:\/\/tohagroup.com\/en\/wp-json\/wp\/v2\/product_cat?post=5626"},{"taxonomy":"product_tag","embeddable":true,"href":"https:\/\/tohagroup.com\/en\/wp-json\/wp\/v2\/product_tag?post=5626"}],"curies":[{"name":"wp","href":"https:\/\/api.w.org\/{rel}","templated":true}]}}