{"id":5595,"date":"2022-10-03T08:46:39","date_gmt":"2022-10-03T01:46:39","guid":{"rendered":"https:\/\/tohagroup.com\/?post_type=product&#038;p=5595"},"modified":"2022-12-20T13:27:11","modified_gmt":"2022-12-20T06:27:11","slug":"may-xay-ca-phe-mazzer-super-jolly-new-95-99","status":"publish","type":"product","link":"https:\/\/tohagroup.com\/en\/san-pham\/may-xay-ca-phe-mazzer-super-jolly-new-95-99\/","title":{"rendered":"M\u00e1y xay c\u00e0 ph\u00ea Mazzer Super Jolly (New 95-99%)"},"content":{"rendered":"<div class=\"bi6gxh9e\">\n<div class=\"bi6gxh9e\">\n<h4><em>Trong th\u1eddi \u0111\u1ea1i m\u00e0 c\u00e1c c\u00f4ng ty th\u01b0\u1eddng xuy\u00ean ch\u00fa tr\u1ecdng c\u1eaft gi\u1ea3m nguy\u00ean li\u1ec7u s\u1ea3n xu\u1ea5t \u0111\u1ec3 ti\u1ebft ki\u1ec7m chi ph\u00ed h\u01a1n l\u00e0 t\u1ea1o ra m\u1ed9t s\u1ea3n ph\u1ea9m ch\u1ea5t l\u01b0\u1ee3ng, m\u1ed9t c\u00f4ng ty nh\u01b0 Mazzer l\u00e0 m\u1ed9t \u0111i\u1ec1u hi\u1ebfm c\u00f3. B\u1ea5t c\u1ee9 khi n\u00e0o ch\u00fang ta th\u1ea3o lu\u1eadn v\u1ec1 m\u00e1y xay c\u00e0 ph\u00ea ch\u1ea5t l\u01b0\u1ee3ng, khi n\u00f3i \u0111\u1ebfn ch\u1ea5t l\u01b0\u1ee3ng, \u0111\u1ed9 tin c\u1eady, v\u00e0 tu\u1ed5i th\u1ecd, Mazzer lu\u00f4n l\u00e0 th\u01b0\u01a1ng hi\u1ec7u m\u00e0 ai c\u0169ng mu\u1ed1n nh\u1eafc \u0111\u1ebfn.<\/em><\/h4>\n<p><img decoding=\"async\" class=\"aligncenter wp-image-3647 size-large\" src=\"https:\/\/tohagroup.com\/wp-content\/uploads\/2022\/07\/Mazzer-super-2-01-1024x585.png\" alt=\"\" width=\"1024\" height=\"585\" srcset=\"https:\/\/tohagroup.com\/wp-content\/uploads\/2022\/07\/Mazzer-super-2-01-1024x585.png 1024w, https:\/\/tohagroup.com\/wp-content\/uploads\/2022\/07\/Mazzer-super-2-01-300x171.png 300w, https:\/\/tohagroup.com\/wp-content\/uploads\/2022\/07\/Mazzer-super-2-01-768x439.png 768w, https:\/\/tohagroup.com\/wp-content\/uploads\/2022\/07\/Mazzer-super-2-01-1536x878.png 1536w, https:\/\/tohagroup.com\/wp-content\/uploads\/2022\/07\/Mazzer-super-2-01-2048x1171.png 2048w, https:\/\/tohagroup.com\/wp-content\/uploads\/2022\/07\/Mazzer-super-2-01-600x343.png 600w\" sizes=\"(max-width: 1024px) 100vw, 1024px\" \/><\/p>\n<div class=\"ui-row row-fluid\">\n<div class=\"ui-column span6\">\n<div class=\"auto-format ui--animation\">\n<h3><strong>S\u1ea3n ph\u1ea9m cao c\u1ea5p \u0111\u01b0\u1ee3c nh\u1eadp kh\u1ea9u t\u1eeb \u00dd<\/strong><\/h3>\n<p>Ch\u00e2u \u00c2u l\u00e0 khu v\u1ef1c c\u00f3 khung ti\u00eau chu\u1ea9n ch\u1ea5t l\u01b0\u1ee3ng s\u1ea3n ph\u1ea9m cao nh\u1ea5t th\u1ebf gi\u1edbi, v\u00ec v\u1eady c\u00e1c s\u1ea3n ph\u1ea9m c\u00f3 ngu\u1ed3n g\u1ed1c t\u1eeb ch\u00e2u \u00c2u \u0111\u01b0\u1ee3c h\u00e0ng tri\u1ec7u ng\u01b0\u1eddi tr\u00ean tr\u00e1i \u0111\u1ea5t \u0111\u00f3n nh\u1eadn m\u00e0 kh\u00f4ng ph\u1ea3i l\u0103n t\u0103n suy ngh\u0129. C\u00e1c n\u01b0\u1edbc trong khu v\u1ef1c n\u00e0y nh\u01b0 Italia, \u0110\u1ee9c, Ph\u00e1p \u0111\u1ec1u s\u1eed d\u1ee5ng chung m\u1ed9t khung ti\u00eau chu\u1ea9n, do v\u1eady ch\u1ea5t l\u01b0\u1ee3ng s\u1ea3n ph\u1ea9m lu\u00f4n khi\u1ebfn ng\u01b0\u1eddi d\u00f9ng y\u00ean t\u00e2m.<br \/>\nMazzer l\u00e0 th\u01b0\u01a1ng hi\u1ec7u c\u1ee7a Italia v\u00e0 kh\u00f4ng m\u1ed9t nh\u00e0 s\u1ea3n xu\u1ea5t n\u00e0o tr\u00ean th\u1ebf gi\u1edbi c\u00f3 th\u1ec3 coi th\u01b0\u1eddng m\u00e1y xay c\u00e0 ph\u00ea Mazzer Super Jolly \u2013 s\u1ea3n ph\u1ea9m cao c\u1ea5p ch\u1ea5t l\u01b0\u1ee3ng n\u1eb1m trong top \u0111\u1ea7u th\u1ebf gi\u1edbi t\u1eeb ng\u00e0y ra \u0111\u1eddi cho \u0111\u1ebfn nay.<img decoding=\"async\" class=\"aligncenter wp-image-3655\" src=\"https:\/\/tohagroup.com\/wp-content\/uploads\/2022\/07\/Mazzer-super-01-1024x1024.png\" alt=\"\" width=\"704\" height=\"704\" srcset=\"https:\/\/tohagroup.com\/wp-content\/uploads\/2022\/07\/Mazzer-super-01-1024x1024.png 1024w, https:\/\/tohagroup.com\/wp-content\/uploads\/2022\/07\/Mazzer-super-01-300x300.png 300w, https:\/\/tohagroup.com\/wp-content\/uploads\/2022\/07\/Mazzer-super-01-150x150.png 150w, https:\/\/tohagroup.com\/wp-content\/uploads\/2022\/07\/Mazzer-super-01-768x768.png 768w, https:\/\/tohagroup.com\/wp-content\/uploads\/2022\/07\/Mazzer-super-01-1536x1536.png 1536w, https:\/\/tohagroup.com\/wp-content\/uploads\/2022\/07\/Mazzer-super-01-2048x2048.png 2048w, https:\/\/tohagroup.com\/wp-content\/uploads\/2022\/07\/Mazzer-super-01-600x600.png 600w, https:\/\/tohagroup.com\/wp-content\/uploads\/2022\/07\/Mazzer-super-01-100x100.png 100w\" sizes=\"(max-width: 704px) 100vw, 704px\" \/><\/p>\n<\/div>\n<\/div>\n<\/div>\n<div class=\"ui-row row-fluid\">\n<div class=\"ui-column span6\">\n<h3 class=\"auto-format ui--animation\"><strong>Thi\u1ebft k\u1ebf sang tr\u1ecdng, l\u1ecbch l\u00e3m<\/strong><\/h3>\n<div class=\"auto-format ui--animation\">\n<p>Kh\u00f4ng ch\u1ec9 ch\u00fa tr\u1ecdng v\u1ec1 ch\u1ea5t l\u01b0\u1ee3ng s\u1ea3n ph\u1ea9m, m\u00e1y xay c\u00e0 ph\u00ea Mazzer Super Jolly c\u00f2n \u0111\u01b0\u1ee3c ch\u0103m ch\u00fat t\u1ec9 m\u1ec9 v\u1ec1 h\u00ecnh d\u00e1ng b\u00ean ngo\u00e0i. M\u00e1y \u0111\u01b0\u1ee3c thi\u1ebft k\u1ebf nh\u1ecf g\u1ecdn, \u0111\u1eb9p m\u1eaft v\u1edbi m\u00e0u tr\u1eafng b\u1ea1c trang nh\u00e3 g\u00f3p ph\u1ea7n l\u00e0m n\u1ed5i b\u1eadt kh\u00f4ng gian b\u00ean trong c\u1eeda h\u00e0ng c\u1ee7a b\u1ea1n.<\/p>\n<\/div>\n<\/div>\n<\/div>\n<div class=\"ui-row row-fluid\">\n<div class=\"ui-column span6\">\n<div class=\"auto-format ui--animation\">\n<h3><strong>T\u1ed1c \u0111\u1ed9 xay nhanh v\u1edbi l\u01b0\u1ee1i dao ph\u1eb3ng<\/strong><\/h3>\n<p>M\u00e1y xay Mazzer Super Jolly \u0111\u01b0\u1ee3c trang b\u1ecb l\u01b0\u1ee1i dao ph\u1eb3ng 64mm \u0111\u01b0\u1ee3c \u0111\u00fac b\u1eb1ng nh\u00f4m ti\u00ean ti\u1ebfn, c\u00f3 kh\u1ea3 n\u0103ng xay 18g c\u00e0 ph\u00ea espresso trong kho\u1ea3ng 7 \u2013 9 gi\u00e2y. T\u1ed1c \u0111\u1ed9 xay nhanh v\u00e0 li\u00ean t\u1ee5c gi\u00fap b\u1ea1n ph\u1ee5c v\u1ee5 kh\u00e1ch h\u00e0ng nhanh ch\u00f3ng trong nh\u1eefng kho\u1ea3ng th\u1eddi gian cao \u0111i\u1ec3m.<br \/>\nNgo\u00e0i ra, v\u00f2ng ch\u1ec9nh \u0111\u1ed9 m\u1ecbn \u0111\u01b0\u1ee3c gia c\u00f4ng b\u1eb1ng kim lo\u1ea1i tinh x\u1ea3o cho ph\u00e9p b\u1ea1n c\u00f3 th\u1ec3 \u0111i\u1ec1u ch\u1ec9nh \u0111\u1ed9 m\u1ecbn c\u1ee7a c\u00e0 ph\u00ea ph\u00f9 h\u1ee3p v\u1edbi t\u1eebng c\u00f4ng th\u1ee9c pha ch\u1ebf kh\u00e1c nhau m\u00e0 v\u1eabn gi\u1eef nguy\u00ean v\u1eb9n h\u01b0\u01a1ng v\u1ecb c\u1ee7a t\u00e1ch caf\u00e9.<\/p>\n<\/div>\n<\/div>\n<\/div>\n<div class=\"ui-row row-fluid\">\n<div class=\"ui-column span6\">\n<div class=\"auto-format ui--animation\">\n<h3><strong><br \/>\n<img decoding=\"async\" class=\"aligncenter wp-image-3653\" src=\"https:\/\/tohagroup.com\/wp-content\/uploads\/2022\/07\/Mazzer-super-ava-01-1024x1024.png\" alt=\"\" width=\"639\" height=\"639\" srcset=\"https:\/\/tohagroup.com\/wp-content\/uploads\/2022\/07\/Mazzer-super-ava-01-1024x1024.png 1024w, https:\/\/tohagroup.com\/wp-content\/uploads\/2022\/07\/Mazzer-super-ava-01-300x300.png 300w, https:\/\/tohagroup.com\/wp-content\/uploads\/2022\/07\/Mazzer-super-ava-01-150x150.png 150w, https:\/\/tohagroup.com\/wp-content\/uploads\/2022\/07\/Mazzer-super-ava-01-768x768.png 768w, https:\/\/tohagroup.com\/wp-content\/uploads\/2022\/07\/Mazzer-super-ava-01-1536x1536.png 1536w, https:\/\/tohagroup.com\/wp-content\/uploads\/2022\/07\/Mazzer-super-ava-01-2048x2048.png 2048w, https:\/\/tohagroup.com\/wp-content\/uploads\/2022\/07\/Mazzer-super-ava-01-600x600.png 600w, https:\/\/tohagroup.com\/wp-content\/uploads\/2022\/07\/Mazzer-super-ava-01-100x100.png 100w\" sizes=\"(max-width: 639px) 100vw, 639px\" \/><\/strong><\/h3>\n<h3><strong>Ph\u1ec5u \u0111\u1ef1ng c\u00e0 ph\u00ea c\u00f3 n\u1eafp \u0111\u1eady<\/strong><\/h3>\n<p>N\u1eafp \u0111\u1eady l\u00e0 m\u1ed9t chi ti\u1ebft r\u1ea5t nh\u1ecf trong m\u00e1y xay c\u00e0 ph\u00ea nh\u01b0ng l\u1ea1i c\u00f3 t\u00e1c d\u1ee5ng r\u1ea5t l\u1edbn trong qu\u00e1 tr\u00ecnh xay. H\u1ea1t caf\u00e9 s\u1ebd kh\u00f4ng b\u1ecb b\u1eafn ra b\u00ean ngo\u00e0i v\u00e0 b\u1ea1n c\u0169ng kh\u00f4ng ph\u1ea3i t\u1ed1n th\u1eddi gian \u0111\u1ec3 gi\u1eef ph\u1ec5u trong khi xay.<br \/>\nNgo\u00e0i ra v\u1edbi thi\u1ebft k\u1ebf ph\u1ec5u th\u1ee7y tinh \u0111\u1eb9p m\u1eaft, b\u1ea1n c\u00f3 th\u1ec3 b\u1ecf h\u1ea1t c\u00e0 ph\u00ea v\u00e0o b\u00ean trong v\u00e0 \u0111\u1eady n\u1eafp l\u1ea1i \u0111\u1ec3 trang tr\u00ed cho c\u1eeda h\u00e0ng m\u00e0 kh\u00f4ng l\u00e0m bay m\u00f9i v\u00e0 m\u1ea5t h\u01b0\u01a1ng v\u1ecb caf\u00e9.<\/p>\n<\/div>\n<\/div>\n<\/div>\n<\/div>\n<\/div>\n<hr \/>\n<h2><strong>T\u1ea1i sao n\u00ean mua m\u00e1y xay c\u0169 t\u1ea1i TOHA:<\/strong><\/h2>\n<p><strong>1. Ch\u1ea5t l\u01b0\u1ee3ng m\u00e1y pha c\u00e0 ph\u00ea c\u0169 \u0111\u01b0\u1ee3c TOHA \u0111\u1ea3m b\u1ea3o.<\/strong><\/p>\n<p>C\u00e1c s\u1ea3n ph\u1ea9m \u0111\u00e3 qua s\u1eed d\u1ee5ng \u1edf Toha s\u1ebd \u0111\u01b0\u1ee3c \u0111\u1ed9i ng\u1ee7 k\u0129 thu\u1eadt c\u1ee7a Toha ki\u1ec3m tra v\u00e0 s\u1eeda ch\u1eefa c\u1ea9n th\u1eadn, \u0111\u1ec3 mang l\u1ea1i cho kh\u00e1ch h\u00e0ng 1 s\u1ea3n ph\u1ea9m c\u00f3 c\u00f4ng su\u1ea5t kh\u00f4ng thua g\u00ec m\u00e1y m\u1edbi.<\/p>\n<h4><b>2. M\u1eabu m\u00e3 v\u00e0 c\u00e1c thao t\u00e1c s\u1eed d\u1ee5ng<\/b><\/h4>\n<p><span style=\"font-weight: 400;\">M\u1eabu m\u00e3 m\u00e1y c\u0169 ch\u1eafc ch\u1eafn kh\u00f4ng th\u1ec3 \u0111\u1eb9p b\u1eb1ng m\u00e1y m\u1edbi. Tuy nhi\u00ean, d\u00f9 b\u1ea1n c\u00f3 mua \u0111\u1ed3 c\u0169 t\u1ea1i Toha th\u00ec c\u0169ng s\u1ebd kh\u00f4ng mua ph\u1ea3i nh\u1eefng m\u00f3n qu\u00e1 c\u0169 hay han g\u1ec9. V\u00ec Toha lu\u00f4n mu\u1ed1n \u0111\u1ea3m b\u1ea3o s\u1ee9c kh\u1ecfe c\u1ee7a cho qu\u00fd kh\u00e1ch h\u00e0ng. Vi\u1ec7c v\u1ec7 sinh l\u1ea1i chi\u1ebfc m\u00e1y s\u1ebd v\u1eeba s\u1ea1ch s\u1ebd v\u00e0 \u0111em l\u1ea1i m\u1ef9 quan, d\u00f9 \u0111\u00f3 l\u00e0 h\u00e0ng \u0111\u00e3 qua s\u1eed d\u1ee5ng.<\/span><\/p>\n<p>V\u1ec1 vi\u1ec7c thao t\u00e1c s\u1eed d\u1ee5ng, \u0111<span style=\"font-weight: 400;\">\u00fang h\u01a1n l\u00e0 n\u00fat b\u1ea5m c\u1ee7a m\u00e1y Toha s\u1ebd \u0111\u1ea3m b\u1ea3o v\u1eabn ho\u1ea1t \u0111\u1ed9ng nh\u1ea1y b\u00e9n, kh\u00f4ng b\u1ecb li\u1ec7t hay b\u1ecb \u0111\u01a1 t\u1ea1i n\u00fat b\u1ea5m n\u00e0o. Nh\u01b0 th\u1ebf quy tr\u00ecnh xay pha c\u00e0 ph\u00ea c\u1ee7a qu\u00fd kh\u00e1ch v\u1eabn di\u1ec5n ra \u0111\u00fang chu\u1ea9n \u0111\u1ec3 h\u01b0\u01a1ng v\u1ecb c\u00e0 ph\u00ea th\u01a1m ngon \u0111\u1eadm \u0111\u00e0.<\/span><\/p>\n<h4><strong>3. Chi ph\u00ed khi mua m\u00e1y pha c\u00e0 ph\u00ea c\u0169<\/strong><\/h4>\n<p><span style=\"font-weight: 400;\">M\u00e1y xay c\u00e0 ph\u00ea c\u0169 ch\u1eafc ch\u1eafn r\u1ebb h\u01a1n so v\u1edbi m\u00e1y m\u1edbi. N\u00f3 ch\u1ec9 b\u1eb1ng n\u1eeda gi\u00e1 so v\u1edbi m\u00e1y m\u1edbi ho\u1eb7c nh\u1ec9nh h\u01a1n m\u1ed9t ch\u00fat. Do \u0111\u00f3 s\u1ebd gi\u00fap qu\u00fd kh\u00e1ch ti\u1ebft ki\u1ec7m th\u00eam ti\u1ec1n khi quy\u1ebft \u0111\u1ecbnh m\u1edf qu\u00e1n.<\/span><\/p>\n<hr \/>\n<h2 id=\"ftoc-heading-10\" class=\"p1 ftwp-heading\"><b>Toha Group \u2013 Cung c\u1ea5p gi\u1ea3i ph\u00e1p cho m\u1ed9t ly c\u00e0 ph\u00ea ngon<\/b><\/h2>\n<p>=&gt;&gt;\u00a0<em>Tham kh\u1ea3o th\u00f4ng tin v\u00e0 c\u00e1c s\u1ea3n ph\u1ea9m <a href=\"https:\/\/tohagroup.com\/product-category\/may-pha-ca-phe-cho-quan\/\" target=\"_blank\" rel=\"nofollow noopener\">M\u00e1y pha c\u00e0 ph\u00ea d\u00e0nh cho qu\u00e1n<\/a> t\u1ea1i website ch\u00ednh h\u00e3ng <a href=\"http:\/\/www.tohagroup.com\">www.tohagroup.com<\/a><\/em><\/p>\n<p>\u0110\u1ec3 \u0111\u1ea3m b\u1ea3o mua m\u00e1y ch\u00ednh h\u00e3ng vui l\u00f2ng t\u1edbi tr\u1ef1c ti\u1ebfp Showroom c\u1ee7a <strong>Toha Group<\/strong> tr\u00ean to\u00e0n qu\u1ed1c ho\u1eb7c \u0111\u1eb7t h\u00e0ng t\u1ea1i Website www.tohagroup.com \u2013 Ho\u1eb7c g\u1ecdi tr\u1ef1c ti\u1ebfp t\u1edbi <a href=\"tel:0867896096\" target=\"_blank\" rel=\"nofollow noopener\"><strong>Hotline: 08 6789 6096<\/strong><\/a>\u00a0\u0111\u1ec3 \u0111\u01b0\u1ee3c h\u1ed7 tr\u1ee3 \u0111\u1eb7t h\u00e0ng nhanh.<\/p>\n<p><span style=\"color: #ff0000;\"><strong>\u01afu \u0111\u00e3i:<\/strong> <\/span>Khi Qu\u00fd kh\u00e1ch h\u00e0ng theo d\u00f5i t\u1ea5t c\u1ea3 n\u1ec1n t\u1ea3ng c\u1ee7a Toha, qu\u00fd kh\u00e1ch s\u1ebd nh\u1eadn \u0111\u01b0\u1ee3c \u0111\u01b0\u1eddng d\u00e2y n\u00f3ng k\u1ebft n\u1ed1i &#8211; mua b\u00e1n &#8211; s\u1eeda ch\u1eefa, k\u00e8m theo \u0111\u00f3 l\u00e0 nhi\u1ec1u \u01b0u \u0111\u00e3i \u0111\u1eb7c bi\u1ec7t, nhi\u1ec1u ch\u01b0\u01a1ng tr\u00ecnh gi\u1ea3m gi\u00e1, v\u00e0 r\u1ea5t nhi\u1ec1u qu\u00e0 t\u1eb7ng kh\u00e1c \u0111\u1ebfn t\u1eeb Toha.<\/p>\n<h4 id=\"input_line_0\"><span id=\"input_part_0\" class=\"\" data-mention=\"Ch\u1ec9 \u0110\u01b0\u1eddng Google Map: https:\/\/g.page\/TOHACAFE?share \"><span style=\"color: #ff6600;\">Ch\u1ec9 \u0110\u01b0\u1eddng Google Map:<\/span><a href=\"https:\/\/g.page\/TOHACAFE?share\" rel=\"nofollow\" target=\"_blank\"> https:\/\/g.page\/TOHACAFE?share<\/a>\u00a0<\/span><\/h4>\n<h4 id=\"input_line_1\"><span id=\"input_part_0\" class=\"\" data-mention=\"Zalo Ch\u0103m S\u00f3c Kh\u00e1ch H\u00e0ng 24\/7: https:\/\/zalo.me\/2565949627324610829\"><span style=\"color: #ff6600;\">Zalo Ch\u0103m S\u00f3c Kh\u00e1ch H\u00e0ng 24\/7<\/span>: <a href=\"https:\/\/zalo.me\/2565949627324610829\" rel=\"nofollow noopener\" target=\"_blank\">https:\/\/zalo.me\/2565949627324610829<\/a><\/span><\/h4>\n<h4 id=\"input_line_2\"><span id=\"input_part_0\" class=\"\" data-mention=\"C\u1eadp Nh\u1eadt \u01afu \u0110\u00e3i: https:\/\/www.facebook.com\/tohagroupvn\"><span style=\"color: #ff6600;\">C\u1eadp Nh\u1eadt \u01afu \u0110\u00e3i:<\/span> <a href=\"https:\/\/www.facebook.com\/tohagroupvn\" rel=\"nofollow noopener\" target=\"_blank\">https:\/\/www.facebook.com\/tohagroupvn<\/a><\/span><\/h4>\n<p><span style=\"color: #000000;\"><b>\u0110\u1ec3 bi\u1ebft th\u00eam th\u00f4ng tin chi ti\u1ebft v\u00e0 \u0111\u1eb7t h\u00e0ng<\/b><strong>, Qu\u00fd<\/strong><b> Kh\u00e1ch xin vui l\u00f2ng li\u00ean h\u1ec7 v\u1edbi ch\u00fang t\u00f4i qua:<\/b><\/span><\/p>\n<p><span style=\"font-weight: 400;\"><strong>&#8211;<span style=\"color: #ff6600;\">\u0110\u1ecba ch\u1ec9:<\/span><\/strong> 472 \/ 17 \u0111\u01b0\u1eddng Phan Huy \u00cdch, Ph\u01b0\u1eddng 12, Qu\u1eadn G\u00f2 V\u1ea5p HCM.<\/span><\/p>\n<p><span style=\"font-weight: 400;\">\u00a0 \u00a0 \u00a0 \u00a0 \u00a0 \u00a0 \u00a0 \u00a0111-112 A1, TT H\u00e0o Nam ng\u00f5 8A, \u0111\u01b0\u1eddng V\u0169 Th\u1ea1nh, Q.\u0110\u1ed1ng \u0110a, HN.<\/span><\/p>\n<p><span style=\"font-weight: 400; color: #ff6600;\"><strong>-Hotline:<\/strong><\/span><\/p>\n<ul>\n<li><span id=\"input_part_0\" class=\"\" data-mention=\"08 6269 6096 \">08 6269 6096 <\/span><\/li>\n<li><span id=\"input_part_0\" class=\"\" data-mention=\"08 6269 6096 \">08 6769 6096 <\/span><\/li>\n<li><span id=\"input_part_0\" class=\"\" data-mention=\"08 6269 6096 \">0978 121 033<\/span><\/li>\n<\/ul>\n<p><span style=\"font-weight: 400;\"><span style=\"color: #ff6600;\"><strong>-Gmail:<\/strong><\/span> info@tohagroup.com<\/span><\/p>\n<p><span style=\"font-weight: 400;\">Xin c\u00e1m \u01a1n s\u1ef1 quan t\u00e2m c\u1ee7a Qu\u00fd Kh\u00e1ch H\u00e0ng v\u1ec1 s\u1ea3n ph\u1ea9m <strong>M\u00e1y xay c\u00e0 ph\u00ea<\/strong><\/span><b> <\/b><strong>Mazzer Super Jolly (New 95-99%)<\/strong><\/p>\n","protected":false},"excerpt":{"rendered":"<h4 class=\"promoadd__ttl\" style=\"text-align: left;\"><span style=\"color: #ff0000;\"><strong><i>\u2666 2 \u01afU \u0110\u00c3I TH\u00caM<\/i><\/strong><\/span><\/h4>\n<h5 class=\"promoadd__ttl\" style=\"text-align: left;\">D\u1ef1 ki\u1ebfn \u00e1p d\u1ee5ng \u0111\u1ebfn 23:00 30\/07<\/h5>\n<div class=\"promo_BHX\">\n<div class=\"l2\">\n<p>Mua c\u00e0 ph\u00ea v\u1edbi \u01b0u \u0111\u00e3i mua 10 t\u1eb7ng 2<\/p>\n<\/div>\n<\/div>\n<h6><i class=\"icondetail-tick\"><\/i>Gi\u1ea3m 10% gi\u00e1 M\u00e1y xay sinh t\u1ed1 v\u00e0 M\u00e1y \u00e9p khi mua k\u00e8m<i class=\"icondetail-tick\"><\/i><\/h6>\n<p>&nbsp;<\/p>\n<div class=\"ui--title ui--animation ui--title-bordered text-center\">\n<div class=\"ui--title-holder\">\n<h4 class=\"ui--title-text\"><strong><em><span style=\"color: #ff0000;\">\u2666 T\u1ea0I SAO B\u1ea0N N\u00caN CH\u1eccN S\u1ea2N PH\u1ea8M C\u1ee6A CH\u00daNG T\u00d4I<\/span><\/em><\/strong><\/h4>\n<\/div>\n<\/div>\n<div class=\"ui-row row-fluid\">\n<div class=\"ui-column span6\">\n<h6><i class=\"list-icon 14px fontawesome-ok\"><\/i>Tr\u1ef1c ti\u1ebfp nh\u1eadp kh\u1ea9u t\u1eeb nh\u00e0 m\u00e1y s\u1ea3n xu\u1ea5t<\/h6>\n<h6><i class=\"list-icon 14px fontawesome-ok\"><\/i>Nhi\u1ec1u c\u00f4ng su\u1ea5t v\u00e0 gi\u00e1 c\u1ea3 ph\u00f9 h\u1ee3p v\u1edbi t\u1eebng nhu c\u1ea7u<i class=\"list-icon 14px fontawesome-ok\"><\/i><\/h6>\n<h6><i class=\"list-icon 14px fontawesome-ok\"><\/i>\u0110\u01b0\u1ee3c chuy\u00ean gia k\u1ef9 thu\u1eadt ki\u1ec3m tra ch\u1ea5t l\u01b0\u1ee3ng<\/h6>\n<\/div>\n<div class=\"ui-column span6\">\n<h6><i class=\"list-icon 14px fontawesome-ok\"><\/i>Ch\u1ebf \u0111\u1ed9 b\u1ea3o h\u00e0nh d\u00e0i h\u1ea1n<\/h6>\n<h6><i class=\"list-icon 14px fontawesome-ok\"><\/i>Lu\u00f4n lu\u00f4n c\u00f3 s\u1eb5n linh ki\u1ec7n \u0111\u1ec3 thay th\u1ebf<\/h6>\n<h6><i class=\"list-icon 14px fontawesome-ok\"><\/i>Ch\u00ednh s\u00e1ch gi\u00e1 t\u1ed1t v\u00e0 lu\u00f4n l\u00e0 gi\u00e1 t\u1ed1t nh\u1ea5t<\/h6>\n<h6><i class=\"list-icon 14px fontawesome-ok\"><\/i>T\u01b0 v\u1ea5n ph\u00f9 h\u1ee3p v\u1edbi nhu c\u1ea7u th\u1ef1c t\u1ebf c\u1ee7a b\u1ea1n<\/h6>\n<h6><i class=\"list-icon 14px fontawesome-ok\"><\/i>X\u1eed l\u00fd s\u1ef1 c\u1ed1 v\u00e0 khi\u1ebfu n\u1ea1i ngay l\u1eadp t\u1ee9c<\/h6>\n<h6><i class=\"list-icon 14px fontawesome-ok\"><\/i>T\u01b0 v\u1ea5n nhi\u1ec1u h\u01a1n cho c\u00f4ng vi\u1ec7c kinh doanh c\u1ee7a b\u1ea1n<\/h6>\n<\/div>\n<\/div>\n","protected":false},"featured_media":3653,"comment_status":"open","ping_status":"closed","template":"","meta":{"om_disable_all_campaigns":false,"_mi_skip_tracking":false,"_monsterinsights_sitenote_active":false,"_monsterinsights_sitenote_note":"","_monsterinsights_sitenote_category":0},"product_cat":[69],"product_tag":[],"class_list":["post-5595","product","type-product","status-publish","has-post-thumbnail","hentry","nhom-san-pham-may-xay-ca-phe","product_cat-may-pha-ca-phe-cu"],"_links":{"self":[{"href":"https:\/\/tohagroup.com\/en\/wp-json\/wp\/v2\/product\/5595","targetHints":{"allow":["GET"]}}],"collection":[{"href":"https:\/\/tohagroup.com\/en\/wp-json\/wp\/v2\/product"}],"about":[{"href":"https:\/\/tohagroup.com\/en\/wp-json\/wp\/v2\/types\/product"}],"replies":[{"embeddable":true,"href":"https:\/\/tohagroup.com\/en\/wp-json\/wp\/v2\/comments?post=5595"}],"wp:featuredmedia":[{"embeddable":true,"href":"https:\/\/tohagroup.com\/en\/wp-json\/wp\/v2\/media\/3653"}],"wp:attachment":[{"href":"https:\/\/tohagroup.com\/en\/wp-json\/wp\/v2\/media?parent=5595"}],"wp:term":[{"taxonomy":"product_cat","embeddable":true,"href":"https:\/\/tohagroup.com\/en\/wp-json\/wp\/v2\/product_cat?post=5595"},{"taxonomy":"product_tag","embeddable":true,"href":"https:\/\/tohagroup.com\/en\/wp-json\/wp\/v2\/product_tag?post=5595"}],"curies":[{"name":"wp","href":"https:\/\/api.w.org\/{rel}","templated":true}]}}