{"id":5233,"date":"2022-09-13T02:56:24","date_gmt":"2022-09-13T02:56:24","guid":{"rendered":"https:\/\/tohagroup.com\/?post_type=product&#038;p=5233"},"modified":"2022-12-22T13:28:55","modified_gmt":"2022-12-22T06:28:55","slug":"may-pha-ca-phe-nuova-simonelli-oscar-ii-moi-85-95","status":"publish","type":"product","link":"https:\/\/tohagroup.com\/en\/san-pham\/may-pha-ca-phe-nuova-simonelli-oscar-ii-moi-85-95\/","title":{"rendered":"M\u00e1y pha c\u00e0 ph\u00ea Nuova Simonelli Oscar II (m\u1edbi 85% &#8211; 95%)"},"content":{"rendered":"<p><b>GI\u1edaI THI\u1ec6U T\u1ed4NG QUAN<\/b><\/p>\n<p><span style=\"font-weight: 400;\">Nuova Simonelli l\u00e0 th\u01b0\u01a1ng hi\u1ec7u s\u1ea3n xu\u1ea5t m\u00e1y pha c\u00e0 ph\u00ea n\u1ed5i ti\u1ebfng \u0111\u1ebfn t\u1eeb \u00dd v\u1edbi h\u01a1n 70 n\u0103m kinh nghi\u1ec7m ph\u1ee5c v\u1ee5 m\u00e1y m\u00f3c thi\u1ebft b\u1ecb cho c\u00e1c chu\u1ed7i nh\u00e0 h\u00e0ng, kh\u00e1ch s\u1ea1n v\u00e0 c\u1eeda h\u00e0ng c\u00e0 ph\u00ea chuy\u00ean nghi\u1ec7p.<\/span><\/p>\n<p><span style=\"font-weight: 400;\">Kh\u00f4ng ch\u1ec9 ch\u00fa tr\u1ecdng \u0111\u01b0a ra th\u1ecb tr\u01b0\u1eddng nh\u1eefng d\u00f2ng m\u00e1y pha c\u00f4ng su\u1ea5t cao chuy\u00ean d\u1ee5ng cho c\u00e1c m\u00f4 h\u00ecnh kinh doanh l\u1edbn, Nuova Simonelli c\u00f2n \u0111\u01b0a ra gi\u1ea3i ph\u00e1p c\u1ef1c k\u00ec \u01b0u vi\u1ec7t cho c\u00e1c c\u1eeda h\u00e0ng c\u00e0 ph\u00ea v\u1eeba v\u00e0 nh\u1ecf, c\u00e1c khu v\u0103n ph\u00f2ng hay h\u1ed9 gia \u0111\u00ecnh hi\u1ec7n \u0111\u1ea1i c\u00f3 nhu c\u1ea7u th\u01b0\u1edfng th\u1ee9c c\u00e0 ph\u00ea \u2013 d\u00f2ng s\u1ea3n ph\u1ea9m <\/span><b>m\u00e1y pha c\u00e0 ph\u00ea Nuova Simonelli Oscar II.<\/b><span style=\"font-weight: 400;\">. Thi\u1ebft k\u1ebf sang tr\u1ecdng, nh\u1ecf g\u1ecdn v\u1edbi nhi\u1ec1u c\u1ea3i ti\u1ebfn v\u1ec1 \u0111\u1ecbnh l\u01b0\u1ee3ng, h\u1ec7 th\u1ed1ng \u1ed5n \u0111\u1ecbnh nhi\u1ec7t \u0111\u1ed9 c\u00f9ng ch\u1ebf \u0111\u1ed9 c\u1ea3nh b\u00e1o t\u1ef1 \u0111\u1ed9ng \u0111\u00e3 khi\u1ebfn Nuova Simonelli Oscar II tr\u1edf th\u00e0nh chi\u1ebfc m\u00e1y pha chinh ph\u1ee5c h\u00e0ng tri\u1ec7u tr\u00e1i tim nh\u1eefng ng\u01b0\u1eddi y\u00eau c\u00e0 ph\u00ea \u00dd.<\/span><\/p>\n<p><img decoding=\"async\" class=\"aligncenter wp-image-3408 size-large\" src=\"https:\/\/tohagroup.com\/wp-content\/uploads\/2022\/07\/7-1024x580.png\" alt=\"\" width=\"1024\" height=\"580\" srcset=\"https:\/\/tohagroup.com\/wp-content\/uploads\/2022\/07\/7-1024x580.png 1024w, https:\/\/tohagroup.com\/wp-content\/uploads\/2022\/07\/7-300x170.png 300w, https:\/\/tohagroup.com\/wp-content\/uploads\/2022\/07\/7-768x435.png 768w, https:\/\/tohagroup.com\/wp-content\/uploads\/2022\/07\/7-600x340.png 600w, https:\/\/tohagroup.com\/wp-content\/uploads\/2022\/07\/7.png 1500w\" sizes=\"(max-width: 1024px) 100vw, 1024px\" \/><\/p>\n<p><b>\u0110\u1ed0I T\u01af\u1ee2NG S\u1eec D\u1ee4NG<\/b><\/p>\n<p><span style=\"font-weight: 400;\">N\u0103ng su\u1ea5t ph\u00f9 h\u1ee3p s\u1eed d\u1ee5ng trong ph\u1ea1m vi v\u0103n ph\u00f2ng, gia \u0111\u00ecnh ho\u1eb7c c\u00e1c qu\u00e1n c\u00e0 ph\u00ea nh\u1ecf.<\/span><\/p>\n<p>&nbsp;<\/p>\n<p><b>\u0110\u1eb6C \u0110I\u1ec2M<\/b><\/p>\n<p><b>K\u1ebft c\u1ea5u t\u1eeb v\u1eadt li\u1ec7u th\u00e9p kh\u00f4ng g\u1ec9 cao c\u1ea5p, gi\u1ea3m \u0111\u1ed9 \u1ed3n khi v\u1eadn h\u00e0nh<\/b><\/p>\n<p><span style=\"font-weight: 400;\">Nuova Simonelli Oscar II \u0111\u01b0\u1ee3c k\u1ebft c\u1ea5u t\u1eeb ch\u1ea5t li\u1ec7u th\u00e9p kh\u00f4ng g\u1ec9, c\u00e1c chi ti\u1ebft \u0111\u01b0\u1ee3c ch\u1ebf t\u1ea1o t\u1eeb v\u1eadt li\u1ec7u cao c\u1ea5p, g\u1ecdn nh\u1eb9, \u0111em l\u1ea1i s\u1ef1 c\u1ee9ng c\u00e1p cho th\u00e2n m\u00e1y. B\u00ean c\u1ea1nh \u0111\u00f3, s\u1ef1 v\u1eadn h\u00e0nh b\u1ec1n b\u1ec9 v\u00e0 linh ho\u1ea1t gi\u00fap Nuova Simonelli Oscar II gi\u1ea3m \u0111\u01b0\u1ee3c \u0111\u1ed9 \u1ed3n khi v\u1eadn h\u00e0nh. So s\u00e1nh v\u1edbi phi\u00ean b\u1ea3n Oscar I th\u00e2n nh\u1ef1a v\u00e0 c\u00e1c d\u00f2ng m\u00e1y pha hi\u1ec7n c\u00f3 tr\u00ean th\u1ecb tr\u01b0\u1eddng, Nuova Simonelli Oscar II \u0111\u00e3 ch\u1ee9ng t\u1ecf \u0111\u01b0\u1ee3c nh\u1eefng \u01b0u th\u1ebf v\u01b0\u1ee3t tr\u1ed9i \u1edf nhi\u1ec1u b\u1ed9 ph\u1eadn c\u1ea5u th\u00e0nh nh\u01b0 h\u1ec7 th\u1ed1ng c\u00e2n b\u1eb1ng nhi\u1ec7t hi\u1ec7u qu\u1ea3, ch\u1ebf \u0111\u1ed9 \u0111\u1ecbnh l\u01b0\u1ee3ng t\u1ef1 \u0111\u1ed9ng th\u00f4ng minh, thi\u1ebft k\u1ebf tay pha hi\u1ec7n \u0111\u1ea1i c\u00f9ng v\u00f2i \u0111\u00e1nh s\u1eefa c\u00f4ng su\u1ea5t cao.<\/span><\/p>\n<p><img decoding=\"async\" class=\"aligncenter wp-image-3410 size-large\" src=\"https:\/\/tohagroup.com\/wp-content\/uploads\/2022\/07\/3-1024x580.png\" alt=\"\" width=\"1024\" height=\"580\" srcset=\"https:\/\/tohagroup.com\/wp-content\/uploads\/2022\/07\/3-1024x580.png 1024w, https:\/\/tohagroup.com\/wp-content\/uploads\/2022\/07\/3-300x170.png 300w, https:\/\/tohagroup.com\/wp-content\/uploads\/2022\/07\/3-768x435.png 768w, https:\/\/tohagroup.com\/wp-content\/uploads\/2022\/07\/3-600x340.png 600w, https:\/\/tohagroup.com\/wp-content\/uploads\/2022\/07\/3.png 1500w\" sizes=\"(max-width: 1024px) 100vw, 1024px\" \/><\/p>\n<p><b>Trang b\u1ecb h\u1ec7 th\u1ed1ng nhi\u1ec7t ki\u1ec3m so\u00e1t nhi\u1ec7t \u0111\u1ed9, n\u1ed3i h\u01a1i 2L ph\u1ee5c v\u1ee5 t\u1ed1i \u0111a nhu c\u1ea7u pha ch\u1ebf<\/b><\/p>\n<p><span style=\"font-weight: 400;\">Oscar II \u0111\u01b0\u1ee3c m\u1ec7nh danh l\u00e0 d\u00f2ng m\u00e1y pha chuy\u00ean nghi\u1ec7p b\u1edfi h\u1ec7 th\u1ed1ng nhi\u1ec7t \u0111\u01b0\u1ee3c c\u1ea3i ti\u1ebfn hi\u1ec7u qu\u1ea3, \u0111\u1ea3m b\u1ea3o nhi\u1ec7t \u0111\u1ed9 chi\u1ebft xu\u1ea5t l\u00fd t\u01b0\u1edfng cho m\u1ecdi shot espresso. N\u1ed3i h\u01a1i dung t\u00edch 2L c\u00f9ng b\u1ed9 ph\u1eadn c\u00e2n b\u1eb1ng nhi\u1ec7t Heat Exchanger s\u1eb5n s\u00e0ng cung c\u1ea5p \u0111\u1ee7 l\u01b0\u1ee3ng h\u01a1i n\u01b0\u1edbc v\u00e0 n\u01b0\u1edbc cho qu\u00e1 tr\u00ecnh pha ch\u1ebf<\/span><\/p>\n<p><img decoding=\"async\" class=\"aligncenter wp-image-3400 size-large\" src=\"https:\/\/tohagroup.com\/wp-content\/uploads\/2022\/07\/5-1024x580.png\" alt=\"\" width=\"1024\" height=\"580\" srcset=\"https:\/\/tohagroup.com\/wp-content\/uploads\/2022\/07\/5-1024x580.png 1024w, https:\/\/tohagroup.com\/wp-content\/uploads\/2022\/07\/5-300x170.png 300w, https:\/\/tohagroup.com\/wp-content\/uploads\/2022\/07\/5-768x435.png 768w, https:\/\/tohagroup.com\/wp-content\/uploads\/2022\/07\/5-600x340.png 600w, https:\/\/tohagroup.com\/wp-content\/uploads\/2022\/07\/5.png 1500w\" sizes=\"(max-width: 1024px) 100vw, 1024px\" \/><\/p>\n<p><b>T\u1ef1 \u0111\u1ed9ng \u0111\u1ecbnh l\u01b0\u1ee3ng c\u00e0 ph\u00ea th\u00e0nh ph\u1ea9m, \u0111\u1ea3m b\u1ea3o ch\u1ea5t l\u01b0\u1ee3ng tuy\u1ec7t h\u1ea3o v\u00e0 \u0111\u1ed3ng \u0111\u1ec1u \u1edf m\u1ecdi t\u00e1c Espresso<\/b><\/p>\n<p><span style=\"font-weight: 400;\">Nuova Simonelli Oscar II s\u1edf h\u1eefu ch\u1ebf \u0111\u1ed9 l\u1eadp tr\u00ecnh t\u1ef1 \u0111\u1ed9ng l\u01b0\u1ee3ng Espresso c\u1ef1c k\u00ec ch\u00ednh x\u00e1c v\u00e0 ti\u1ec7n l\u1ee3i. Ch\u1ec9 v\u1edbi m\u1ed9t l\u1ea7n th\u1ef1c hi\u1ec7n thao t\u00e1c nh\u1ea5n n\u00fat ch\u1ecdn ch\u1ebf \u0111\u1ed9 1 shot\/2 shot v\u00e0 canh ch\u1ec9nh l\u01b0\u1ee3ng c\u00e0 ph\u00ea mong mu\u1ed1n, m\u00e1y s\u1ebd ngay l\u1eadp t\u1ee9c ghi nh\u1edb v\u00e0 t\u1ef1 \u0111\u1ed9ng chi\u1ebft xu\u1ea5t ra l\u01b0\u1ee3ng Espresso chu\u1ea9n x\u00e1c cho nh\u1eefng l\u1ea7n pha ch\u1ebf ti\u1ebfp theo. <\/span><\/p>\n<p><img decoding=\"async\" class=\"aligncenter wp-image-3402 size-large\" src=\"https:\/\/tohagroup.com\/wp-content\/uploads\/2022\/07\/4-1-1024x580.png\" alt=\"\" width=\"1024\" height=\"580\" srcset=\"https:\/\/tohagroup.com\/wp-content\/uploads\/2022\/07\/4-1-1024x580.png 1024w, https:\/\/tohagroup.com\/wp-content\/uploads\/2022\/07\/4-1-300x170.png 300w, https:\/\/tohagroup.com\/wp-content\/uploads\/2022\/07\/4-1-768x435.png 768w, https:\/\/tohagroup.com\/wp-content\/uploads\/2022\/07\/4-1-600x340.png 600w, https:\/\/tohagroup.com\/wp-content\/uploads\/2022\/07\/4-1.png 1500w\" sizes=\"(max-width: 1024px) 100vw, 1024px\" \/><\/p>\n<p><b>Thi\u1ebft k\u1ebf \u0111\u1eb3ng c\u1ea5p v\u1edbi phong c\u00e1ch c\u1ed5 \u0111i\u1ec3n, sang tr\u1ecdng. K\u00edch th\u01b0\u1edbc nh\u1ecf g\u1ecdn ph\u00f9 h\u1ee3p v\u1edbi m\u1ecdi kh\u00f4ng gian<\/b><\/p>\n<p><span style=\"font-weight: 400;\">Nuova Simonelli Oscar II l\u00e0 d\u00f2ng m\u00e1y pha c\u00e0 ph\u00ea th\u1ebf h\u1ec7 m\u1edbi s\u1edf h\u1eefu thi\u1ebft k\u1ebf c\u1ed5 \u0111i\u1ec3n v\u1edbi v\u1ebb ngo\u00e0i \u0111\u1eb3ng c\u1ea5p, nh\u1eefng g\u00f3c c\u1ea1nh m\u1ea1nh m\u1ebd c\u1ee7a th\u00e2n m\u00e1y \u0111\u01b0\u1ee3c k\u1ebft h\u1ee3p ho\u00e0n h\u1ea3o c\u00f9ng nh\u1eefng \u0111\u01b0\u1eddng cong m\u1ec1m m\u1ea1i, thanh l\u1ecbch \u2013 m\u1ed9t thi\u1ebft k\u1ebf hi\u1ebfm c\u00f3 v\u00e0 \u0111\u1ed9c \u0111\u00e1o trong c\u00e1c d\u00f2ng m\u00e1y pha hi\u1ec7n nay tr\u00ean th\u1ecb tr\u01b0\u1eddng. S\u1edf h\u1eefu chi\u1ec1u s\u00e2u ch\u1ec9 30cm, Oscar II ho\u00e0n to\u00e0n ph\u00f9 h\u1ee3p v\u1edbi kh\u00f4ng gian nh\u1ecf nh\u01b0 ph\u00f2ng b\u1ebfp, khu v\u1ef1c v\u0103n ph\u00f2ng hay g\u00f3c qu\u00e1n c\u00e0 ph\u00ea.<\/span><\/p>\n<p><b>T\u00cdNH N\u0102NG<\/b><\/p>\n<p><span style=\"font-weight: 400;\">\u0110\u1eb7c \u0111i\u1ec3m n\u1ed5i b\u1eadt c\u1ee7a M\u00c1Y PHA C\u00c0 PH\u00ca NUOVA SIMONELLI OSCAR II\u00a0<\/span><\/p>\n<p><span style=\"font-weight: 400;\">Ch\u1ea5t li\u1ec7u cao c\u1ea5p:\u00a0 V\u1ecf b\u00ean ngo\u00e0i b\u1eb1ng th\u00e9p kh\u00f4ng g\u1ec9 v\u00e0 c\u00e1c chi ti\u1ebft b\u1eb1ng nh\u1ef1a cao c\u1ea5p, g\u1ecdn nh\u1eb9 v\u00e0 ch\u1eafc ch\u1eafn h\u01a1n so v\u1edbi Oscar I, gi\u00fap gia t\u0103ng gi\u00e1 tr\u1ecb c\u1ee7a m\u00e1y.<\/span><\/p>\n<p>Thi\u1ebft k\u1ebf nh\u1ecf g\u1ecdn, v\u1ecf b\u1eb1ng inox kh\u00f4ng g\u1ec9 v\u00e0 nh\u1ef1a ABS r\u1ea5t ph\u00f9 h\u1ee3p cho c\u00e1c qu\u00e1n c\u00f3 kh\u00f4ng gian nh\u1ecf v\u00e0 c\u00f4ng su\u1ea5t v\u1eeba ph\u1ea3i<\/p>\n<p>&nbsp;<\/p>\n<p><span style=\"font-weight: 400;\">H\u1ec7 th\u1ed1ng nhi\u1ec7t \u1ed5n \u0111\u1ecbnh h\u01a1n gi\u00fap <\/span><b>m\u00e1y pha c\u00e0 ph\u00ea Nuova Simonelli Oscar II<\/b><span style=\"font-weight: 400;\"> t\u1ea1o ra nh\u1eefng ly espresso c\u00f3 ch\u1ea5t l\u01b0\u1ee3ng t\u1ed1t h\u01a1n v\u00e0 \u0111\u1ed3ng \u0111\u1ec1u h\u01a1n.<\/span><\/p>\n<p><b><i>S\u1ea3n ph\u1ea9m duy nh\u1ea5t<\/i><\/b> trong ph\u00e2n kh\u00fac gi\u00e1 30 tri\u1ec7u c\u00f3 thi\u1ebft k\u1ebf n\u1ed3i h\u01a1i 2 lit gi\u00fap m\u00e1y c\u00f3 \u0111\u01b0\u1ee3c c\u00f4ng su\u1ea5t kho\u1ea3ng 100 c\u1ed1c\/ 1 ng\u00e0y<\/p>\n<p>V\u00f2i \u0111\u00e1nh s\u1eefa c\u00f3 \u00e1p su\u1ea5t l\u1edbn \u0111\u01b0\u1ee3c c\u00e1c barista chuy\u00ean nghi\u1ec7p \u01b0a th\u00edch.<\/p>\n<p><img decoding=\"async\" class=\"aligncenter wp-image-3406 size-large\" src=\"https:\/\/tohagroup.com\/wp-content\/uploads\/2022\/07\/6-1024x580.png\" alt=\"\" width=\"1024\" height=\"580\" srcset=\"https:\/\/tohagroup.com\/wp-content\/uploads\/2022\/07\/6-1024x580.png 1024w, https:\/\/tohagroup.com\/wp-content\/uploads\/2022\/07\/6-300x170.png 300w, https:\/\/tohagroup.com\/wp-content\/uploads\/2022\/07\/6-768x435.png 768w, https:\/\/tohagroup.com\/wp-content\/uploads\/2022\/07\/6-600x340.png 600w, https:\/\/tohagroup.com\/wp-content\/uploads\/2022\/07\/6.png 1500w\" sizes=\"(max-width: 1024px) 100vw, 1024px\" \/><\/p>\n<p>&nbsp;<\/p>\n<p><b>V\u00cc SAO N\u00caN CH\u1eccN M\u00c1Y PHA C\u00c0 PH\u00ca NUOVA SIMONELLI OSCAR &#8211; 1GR\u00a0<\/b><\/p>\n<p><span style=\"font-weight: 400;\">Oscar II \u0111\u01b0\u1ee3c m\u1ec7nh danh l\u00e0 d\u00f2ng m\u00e1y cao c\u1ea5p ch\u00ednh b\u1edfi nh\u1eefng b\u1ed9 ph\u1eadn c\u1ea5u th\u00e0nh nh\u01b0 tay n\u1eafm filter, tay c\u1ea7m, h\u1ec7 th\u1ed1ng c\u00e2n b\u1eb1ng nhi\u1ec7t v\u00e0 v\u00f2i \u0111\u00e1nh s\u1eefa c\u00f4ng su\u1ea5t cao. Ngo\u00e0i ra c\u00f2n c\u00f3 t\u00ednh n\u0103ng k\u1ef9 thu\u1eadt hi\u1ec7u qu\u1ea3, d\u1ec5 s\u1eed d\u1ee5ng, c\u0169ng nh\u01b0 c\u1ea7n \u0111\u00e1nh s\u1eefa d\u1ec5 d\u00e0ng di chuy\u1ec3n v\u00e0 b\u1ea3ng \u0111i\u1ec1u khi\u1ec3n b\u1eb1ng ph\u00edm m\u1ec1m.<\/span><\/p>\n<p>&nbsp;<\/p>\n<hr \/>\n<h2 id=\"ftoc-heading-10\" class=\"p1 ftwp-heading\"><b>Toha Group \u2013 Cung c\u1ea5p gi\u1ea3i ph\u00e1p cho m\u1ed9t ly c\u00e0 ph\u00ea ngon<\/b><\/h2>\n<p>=&gt;&gt;\u00a0<em>Tham kh\u1ea3o th\u00f4ng tin v\u00e0 c\u00e1c s\u1ea3n ph\u1ea9m <a href=\"https:\/\/tohagroup.com\/product-category\/may-pha-ca-phe-cho-quan\/\" target=\"_blank\" rel=\"nofollow noopener\">M\u00e1y pha c\u00e0 ph\u00ea d\u00e0nh cho qu\u00e1n<\/a> t\u1ea1i website ch\u00ednh h\u00e3ng <a href=\"http:\/\/www.tohagroup.com\">www.tohagroup.com<\/a><\/em><\/p>\n<p>\u0110\u1ec3 \u0111\u1ea3m b\u1ea3o mua m\u00e1y ch\u00ednh h\u00e3ng vui l\u00f2ng t\u1edbi tr\u1ef1c ti\u1ebfp Showroom c\u1ee7a <strong>Toha Group<\/strong> tr\u00ean to\u00e0n qu\u1ed1c ho\u1eb7c \u0111\u1eb7t h\u00e0ng t\u1ea1i Website www.tohagroup.com \u2013 Ho\u1eb7c g\u1ecdi tr\u1ef1c ti\u1ebfp t\u1edbi <a href=\"tel:0867896096\" target=\"_blank\" rel=\"nofollow noopener\"><strong>Hotline: 08 6789 6096<\/strong><\/a>\u00a0\u0111\u1ec3 \u0111\u01b0\u1ee3c h\u1ed7 tr\u1ee3 \u0111\u1eb7t h\u00e0ng nhanh.<\/p>\n<p><span style=\"color: #ff0000;\"><strong>\u01afu \u0111\u00e3i:<\/strong> <\/span>Khi Qu\u00fd kh\u00e1ch h\u00e0ng theo d\u00f5i t\u1ea5t c\u1ea3 n\u1ec1n t\u1ea3ng c\u1ee7a Toha, qu\u00fd kh\u00e1ch s\u1ebd nh\u1eadn \u0111\u01b0\u1ee3c \u0111\u01b0\u1eddng d\u00e2y n\u00f3ng k\u1ebft n\u1ed1i &#8211; mua b\u00e1n &#8211; s\u1eeda ch\u1eefa, k\u00e8m theo \u0111\u00f3 l\u00e0 nhi\u1ec1u \u01b0u \u0111\u00e3i \u0111\u1eb7c bi\u1ec7t, nhi\u1ec1u ch\u01b0\u01a1ng tr\u00ecnh gi\u1ea3m gi\u00e1, v\u00e0 r\u1ea5t nhi\u1ec1u qu\u00e0 t\u1eb7ng kh\u00e1c \u0111\u1ebfn t\u1eeb Toha.<\/p>\n<h4 id=\"input_line_0\"><span id=\"input_part_0\" class=\"\" data-mention=\"Ch\u1ec9 \u0110\u01b0\u1eddng Google Map: https:\/\/g.page\/TOHACAFE?share \"><span style=\"color: #ff6600;\">Ch\u1ec9 \u0110\u01b0\u1eddng Google Map:<\/span><a href=\"https:\/\/g.page\/TOHACAFE?share\" rel=\"nofollow\" target=\"_blank\"> https:\/\/g.page\/TOHACAFE?share<\/a>\u00a0<\/span><\/h4>\n<h4 id=\"input_line_1\"><span id=\"input_part_0\" class=\"\" data-mention=\"Zalo Ch\u0103m S\u00f3c Kh\u00e1ch H\u00e0ng 24\/7: https:\/\/zalo.me\/2565949627324610829\"><span style=\"color: #ff6600;\">Zalo Ch\u0103m S\u00f3c Kh\u00e1ch H\u00e0ng 24\/7<\/span>: <a href=\"https:\/\/zalo.me\/2565949627324610829\" rel=\"nofollow noopener\" target=\"_blank\">https:\/\/zalo.me\/2565949627324610829<\/a><\/span><\/h4>\n<h4 id=\"input_line_2\"><span id=\"input_part_0\" class=\"\" data-mention=\"C\u1eadp Nh\u1eadt \u01afu \u0110\u00e3i: https:\/\/www.facebook.com\/tohagroupvn\"><span style=\"color: #ff6600;\">C\u1eadp Nh\u1eadt \u01afu \u0110\u00e3i:<\/span> <a href=\"https:\/\/www.facebook.com\/tohagroupvn\" rel=\"nofollow noopener\" target=\"_blank\">https:\/\/www.facebook.com\/tohagroupvn<\/a><\/span><\/h4>\n<p><span style=\"color: #000000;\"><b>\u0110\u1ec3 bi\u1ebft th\u00eam th\u00f4ng tin chi ti\u1ebft v\u00e0 \u0111\u1eb7t h\u00e0ng<\/b><strong>, Qu\u00fd<\/strong><b> Kh\u00e1ch xin vui l\u00f2ng li\u00ean h\u1ec7 v\u1edbi ch\u00fang t\u00f4i qua:<\/b><\/span><\/p>\n<p><span style=\"font-weight: 400;\"><strong>&#8211;<span style=\"color: #ff6600;\">\u0110\u1ecba ch\u1ec9:<\/span><\/strong> 472 \/ 17 \u0111\u01b0\u1eddng Phan Huy \u00cdch, Ph\u01b0\u1eddng 12, Qu\u1eadn G\u00f2 V\u1ea5p HCM.<\/span><\/p>\n<p><span style=\"font-weight: 400;\">\u00a0 \u00a0 \u00a0 \u00a0 \u00a0 \u00a0 \u00a0 \u00a0111-112 A1, TT H\u00e0o Nam ng\u00f5 8A, \u0111\u01b0\u1eddng V\u0169 Th\u1ea1nh, Q.\u0110\u1ed1ng \u0110a, HN.<\/span><\/p>\n<p><span style=\"font-weight: 400; color: #ff6600;\"><strong>-Hotline:<\/strong><\/span><\/p>\n<ul>\n<li><span id=\"input_part_0\" class=\"\" data-mention=\"08 6269 6096 \">08 6269 6096 <\/span><\/li>\n<li><span id=\"input_part_0\" class=\"\" data-mention=\"08 6269 6096 \">08 6769 6096 <\/span><\/li>\n<li><span id=\"input_part_0\" class=\"\" data-mention=\"08 6269 6096 \">0978 121 033<\/span><\/li>\n<\/ul>\n<p><span style=\"font-weight: 400;\"><span style=\"color: #ff6600;\"><strong>-Gmail:<\/strong><\/span> info@tohagroup.com<\/span><\/p>\n<p>&nbsp;<\/p>\n","protected":false},"excerpt":{"rendered":"<h4 class=\"promoadd__ttl\" style=\"text-align: left;\"><strong><i>2 \u01afU \u0110\u00c3I QU\u00c0 T\u1eb6NG<\/i><\/strong><\/h4>\n<h5 class=\"promoadd__ttl\" style=\"text-align: left;\">D\u1ef1 ki\u1ebfn \u00e1p d\u1ee5ng \u0111\u1ebfn 23:00 30\/09<\/h5>\n<div class=\"promo_BHX\">\n<div class=\"l2\">\n<ul>\n<li>\n<h6><span data-sheets-value=\"{&quot;1&quot;:2,&quot;2&quot;:&quot;T\u1eb7ng b\u1ed9 d\u1ee5ng c\u1ee5 8 m\u00f3n ( T\u1ea4T C\u1ea2 M\u00c1Y C\u0168 HAY M\u1edaI )&quot;}\" data-sheets-userformat=\"{&quot;2&quot;:30909,&quot;3&quot;:{&quot;1&quot;:0,&quot;3&quot;:1},&quot;5&quot;:{&quot;1&quot;:[{&quot;1&quot;:2,&quot;2&quot;:0,&quot;5&quot;:{&quot;1&quot;:2,&quot;2&quot;:0}},{&quot;1&quot;:0,&quot;2&quot;:0,&quot;3&quot;:3},{&quot;1&quot;:1,&quot;2&quot;:0,&quot;4&quot;:1}]},&quot;6&quot;:{&quot;1&quot;:[{&quot;1&quot;:2,&quot;2&quot;:0,&quot;5&quot;:{&quot;1&quot;:2,&quot;2&quot;:0}},{&quot;1&quot;:0,&quot;2&quot;:0,&quot;3&quot;:3},{&quot;1&quot;:1,&quot;2&quot;:0,&quot;4&quot;:1}]},&quot;7&quot;:{&quot;1&quot;:[{&quot;1&quot;:2,&quot;2&quot;:0,&quot;5&quot;:{&quot;1&quot;:2,&quot;2&quot;:0}},{&quot;1&quot;:0,&quot;2&quot;:0,&quot;3&quot;:3},{&quot;1&quot;:1,&quot;2&quot;:0,&quot;4&quot;:1}]},&quot;8&quot;:{&quot;1&quot;:[{&quot;1&quot;:2,&quot;2&quot;:0,&quot;5&quot;:{&quot;1&quot;:2,&quot;2&quot;:0}},{&quot;1&quot;:0,&quot;2&quot;:0,&quot;3&quot;:3},{&quot;1&quot;:1,&quot;2&quot;:0,&quot;4&quot;:1}]},&quot;10&quot;:1,&quot;14&quot;:{&quot;1&quot;:3,&quot;3&quot;:1},&quot;15&quot;:&quot;Times New Roman&quot;,&quot;16&quot;:11,&quot;17&quot;:1}\">T\u1eb7ng b\u1ed9 d\u1ee5ng c\u1ee5 8 m\u00f3n\u00a0<\/span><\/h6>\n<\/li>\n<li>\n<h6>Ch\u00ednh s\u00e1ch \u0111\u1ed5i tr\u1ea3 h\u00e0ng b\u1ea3o h\u00e0nh 1 \u0111\u1ed5i 1<\/h6>\n<\/li>\n<\/ul>\n<\/div>\n<\/div>\n","protected":false},"featured_media":3414,"comment_status":"open","ping_status":"closed","template":"","meta":{"om_disable_all_campaigns":false,"_mi_skip_tracking":false,"_monsterinsights_sitenote_active":false,"_monsterinsights_sitenote_note":"","_monsterinsights_sitenote_category":0},"product_cat":[69],"product_tag":[],"class_list":["post-5233","product","type-product","status-publish","has-post-thumbnail","hentry","hang-may-pha-ca-phe-nouva","product_cat-may-pha-ca-phe-cu"],"_links":{"self":[{"href":"https:\/\/tohagroup.com\/en\/wp-json\/wp\/v2\/product\/5233","targetHints":{"allow":["GET"]}}],"collection":[{"href":"https:\/\/tohagroup.com\/en\/wp-json\/wp\/v2\/product"}],"about":[{"href":"https:\/\/tohagroup.com\/en\/wp-json\/wp\/v2\/types\/product"}],"replies":[{"embeddable":true,"href":"https:\/\/tohagroup.com\/en\/wp-json\/wp\/v2\/comments?post=5233"}],"wp:featuredmedia":[{"embeddable":true,"href":"https:\/\/tohagroup.com\/en\/wp-json\/wp\/v2\/media\/3414"}],"wp:attachment":[{"href":"https:\/\/tohagroup.com\/en\/wp-json\/wp\/v2\/media?parent=5233"}],"wp:term":[{"taxonomy":"product_cat","embeddable":true,"href":"https:\/\/tohagroup.com\/en\/wp-json\/wp\/v2\/product_cat?post=5233"},{"taxonomy":"product_tag","embeddable":true,"href":"https:\/\/tohagroup.com\/en\/wp-json\/wp\/v2\/product_tag?post=5233"}],"curies":[{"name":"wp","href":"https:\/\/api.w.org\/{rel}","templated":true}]}}