{"id":5209,"date":"2022-09-12T07:50:55","date_gmt":"2022-09-12T07:50:55","guid":{"rendered":"https:\/\/tohagroup.com\/?post_type=product&#038;p=5209"},"modified":"2022-09-20T06:49:47","modified_gmt":"2022-09-20T06:49:47","slug":"may-dun-nuoc-nong-tu-dong-chuyen-nghiep-yubann-yb_50l","status":"publish","type":"product","link":"https:\/\/tohagroup.com\/en\/san-pham\/may-dun-nuoc-nong-tu-dong-chuyen-nghiep-yubann-yb_50l\/","title":{"rendered":"M\u00e1y \u0111un n\u01b0\u1edbc n\u00f3ng t\u1ef1 \u0111\u1ed9ng chuy\u00ean nghi\u1ec7p YUBANN YB_50L"},"content":{"rendered":"<p>M\u00e1y \u0111un n\u01b0\u1edbc Yubann YB-K50L l\u00e0 s\u1ea3n ph\u1ea9m ch\u00ednh h\u00e3ng c\u1ee7a\u00a0<a href=\"https:\/\/autoshop.com.vn\/thuong-hieu\/yubann\/\" rel=\"nofollow noopener\" target=\"_blank\">Yubann<\/a>, th\u01b0\u01a1ng hi\u1ec7u thi\u1ebft b\u1ecb tr\u00e0 s\u1eefa s\u1ea3n xu\u1ea5t tr\u00ean d\u00e2y chuy\u1ec1n c\u00f4ng ngh\u1ec7 ti\u00eau chu\u1ea9n \u0110\u00e0i Loan v\u00e0 \u0111\u01b0\u1ee3c cung c\u1ea5p b\u1edfi Autoshop t\u1ea1i Vi\u1ec7t Nam.<\/p>\n<p>B\u00ecnh c\u00f3 kh\u1ed1i l\u01b0\u1ee3ng ch\u1ec9 11kg nh\u01b0ng c\u00f3 c\u00f4ng su\u1ea5t \u0111un n\u01b0\u1edbc t\u1edbi 50l m\u1ed7i gi\u1edd. B\u00ecnh \u0111un c\u00f3 giao di\u1ec7n\u00a0<strong>b\u1eb1ng ti\u1ebfng Vi\u1ec7t<\/strong>\u00a0n\u00ean r\u1ea5t d\u1ec5 s\u1eed d\u1ee5ng. V\u1ecf b\u00ecnh inox 304 ch\u1ed1ng g\u1ec9 v\u00e0 ch\u1ecbu nhi\u1ec7t\/ gi\u1eef nhi\u1ec7t c\u1ef1c t\u1ed1t.<\/p>\n<p>B\u1ea1n c\u00f3 th\u1ec3 l\u1ea5y li\u00ean t\u1ee5c 12l n\u01b0\u1edbc m\u1ed9t l\u00fac m\u00e0 b\u00ecnh v\u1eabn c\u00f3 th\u1ec3 \u0111\u1ea3m b\u1ea3o nhi\u1ec7t \u0111\u1ed9 c\u00e0i \u0111\u1eb7t. B\u00ecnh \u0111un n\u01b0\u1edbc Yubann c\u00f3 ch\u1ebf \u0111\u1ed9 t\u1eaft m\u1edf t\u1ef1 \u0111\u1ed9ng.<\/p>\n<p>\u0110\u01b0\u1ee3c thi\u1ebft k\u1ebf k\u00edch th\u01b0\u1edbc nh\u1ecf g\u1ecdn nh\u01b0ng an to\u00e0n, k\u1ebft h\u1ee3p v\u1edbi c\u00f4ng su\u1ea5t cao s\u1ebd gi\u00fap gi\u1ea3m t\u1ea3i kh\u1ed1i l\u01b0\u1ee3ng c\u00f4ng vi\u1ec7c \u0111un n\u01b0\u1edbc pha ch\u1ebf r\u1ea5t nhi\u1ec1u.<img decoding=\"async\" class=\"aligncenter size-full wp-image-5210\" src=\"https:\/\/tohagroup.com\/wp-content\/uploads\/2022\/09\/binh-dun-nuoc-yubann-ybk50l-1.jpg\" alt=\"\" width=\"800\" height=\"879\" srcset=\"https:\/\/tohagroup.com\/wp-content\/uploads\/2022\/09\/binh-dun-nuoc-yubann-ybk50l-1.jpg 800w, https:\/\/tohagroup.com\/wp-content\/uploads\/2022\/09\/binh-dun-nuoc-yubann-ybk50l-1-273x300.jpg 273w, https:\/\/tohagroup.com\/wp-content\/uploads\/2022\/09\/binh-dun-nuoc-yubann-ybk50l-1-768x844.jpg 768w, https:\/\/tohagroup.com\/wp-content\/uploads\/2022\/09\/binh-dun-nuoc-yubann-ybk50l-1-600x659.jpg 600w\" sizes=\"(max-width: 800px) 100vw, 800px\" \/><\/p>\n<p>&nbsp;<\/p>\n<hr \/>\n<h2 id=\"ftoc-heading-10\" class=\"p1 ftwp-heading\"><b>Toha Group \u2013 Cung c\u1ea5p gi\u1ea3i ph\u00e1p cho m\u1ed9t ly c\u00e0 ph\u00ea ngon<\/b><\/h2>\n<p>=&gt;&gt;\u00a0<em>Tham kh\u1ea3o th\u00f4ng tin v\u00e0 c\u00e1c s\u1ea3n ph\u1ea9m\u00a0<a href=\"https:\/\/tohagroup.com\/product-category\/may-pha-ca-phe-cho-quan\/\" target=\"_blank\" rel=\"nofollow noopener\">M\u00e1y pha c\u00e0 ph\u00ea d\u00e0nh cho qu\u00e1n<\/a>\u00a0t\u1ea1i website ch\u00ednh h\u00e3ng\u00a0<a href=\"http:\/\/www.tohagroup.com\/\">www.tohagroup.com<\/a><\/em><\/p>\n<p>\u0110\u1ec3 \u0111\u1ea3m b\u1ea3o mua m\u00e1y ch\u00ednh h\u00e3ng vui l\u00f2ng t\u1edbi tr\u1ef1c ti\u1ebfp Showroom c\u1ee7a\u00a0<strong>Toha Group<\/strong>\u00a0tr\u00ean to\u00e0n qu\u1ed1c ho\u1eb7c \u0111\u1eb7t h\u00e0ng t\u1ea1i Website www.tohagroup.com \u2013 Ho\u1eb7c g\u1ecdi tr\u1ef1c ti\u1ebfp t\u1edbi\u00a0<a href=\"tel:0867896096\" target=\"_blank\" rel=\"nofollow noopener\"><strong>Hotline: 08 6789 6096<\/strong><\/a>\u00a0\u0111\u1ec3 \u0111\u01b0\u1ee3c h\u1ed7 tr\u1ee3 \u0111\u1eb7t h\u00e0ng nhanh.<\/p>\n<p><strong>\u01afu \u0111\u00e3i:<\/strong>\u00a0Khi Qu\u00fd kh\u00e1ch h\u00e0ng theo d\u00f5i t\u1ea5t c\u1ea3 n\u1ec1n t\u1ea3ng c\u1ee7a Toha, qu\u00fd kh\u00e1ch s\u1ebd nh\u1eadn \u0111\u01b0\u1ee3c \u0111\u01b0\u1eddng d\u00e2y n\u00f3ng k\u1ebft n\u1ed1i \u2013 mua b\u00e1n \u2013 s\u1eeda ch\u1eefa, k\u00e8m theo \u0111\u00f3 l\u00e0 nhi\u1ec1u \u01b0u \u0111\u00e3i \u0111\u1eb7c bi\u1ec7t, nhi\u1ec1u ch\u01b0\u01a1ng tr\u00ecnh gi\u1ea3m gi\u00e1, v\u00e0 r\u1ea5t nhi\u1ec1u qu\u00e0 t\u1eb7ng kh\u00e1c \u0111\u1ebfn t\u1eeb Toha.<\/p>\n<h4 id=\"input_line_0\"><span id=\"input_part_0\" class=\"\" data-mention=\"Ch\u1ec9 \u0110\u01b0\u1eddng Google Map: https:\/\/g.page\/TOHACAFE?share \">Ch\u1ec9 \u0110\u01b0\u1eddng Google Map:<a href=\"https:\/\/g.page\/TOHACAFE?share\" rel=\"nofollow\" target=\"_blank\">\u00a0https:\/\/g.page\/TOHACAFE?share<\/a>\u00a0<\/span><\/h4>\n<h4 id=\"input_line_1\"><span id=\"input_part_0\" class=\"\" data-mention=\"Zalo Ch\u0103m S\u00f3c Kh\u00e1ch H\u00e0ng 24\/7: https:\/\/zalo.me\/2565949627324610829\">Zalo Ch\u0103m S\u00f3c Kh\u00e1ch H\u00e0ng 24\/7:\u00a0<a href=\"https:\/\/zalo.me\/2565949627324610829\" rel=\"nofollow noopener\" target=\"_blank\">https:\/\/zalo.me\/2565949627324610829<\/a><\/span><\/h4>\n<h4 id=\"input_line_2\"><span id=\"input_part_0\" class=\"\" data-mention=\"C\u1eadp Nh\u1eadt \u01afu \u0110\u00e3i: https:\/\/www.facebook.com\/tohagroupvn\">C\u1eadp Nh\u1eadt \u01afu \u0110\u00e3i:\u00a0<a href=\"https:\/\/www.facebook.com\/tohagroupvn\" rel=\"nofollow noopener\" target=\"_blank\">https:\/\/www.facebook.com\/tohagroupvn<\/a><\/span><\/h4>\n<p><b>\u0110\u1ec3 bi\u1ebft th\u00eam th\u00f4ng tin chi ti\u1ebft v\u00e0 \u0111\u1eb7t h\u00e0ng<\/b><strong>, Qu\u00fd<\/strong><b>\u00a0Kh\u00e1ch xin vui l\u00f2ng li\u00ean h\u1ec7 v\u1edbi ch\u00fang t\u00f4i qua:<\/b><\/p>\n<p><strong>\u2013\u0110\u1ecba ch\u1ec9:<\/strong>\u00a0472 \/ 17 \u0111\u01b0\u1eddng Phan Huy \u00cdch, Ph\u01b0\u1eddng 12, Qu\u1eadn G\u00f2 V\u1ea5p HCM.<\/p>\n<p>111-112 A1, TT H\u00e0o Nam ng\u00f5 8A, \u0111\u01b0\u1eddng V\u0169 Th\u1ea1nh, Q.\u0110\u1ed1ng \u0110a, HN.<\/p>\n<p><strong>-Hotline:<\/strong><\/p>\n<ul>\n<li><span id=\"input_part_0\" class=\"\" data-mention=\"08 6269 6096 \">08 6269 6096<\/span><\/li>\n<li><span id=\"input_part_0\" class=\"\" data-mention=\"08 6269 6096 \">08 6769 6096<\/span><\/li>\n<li><span id=\"input_part_0\" class=\"\" data-mention=\"08 6269 6096 \">0978 121 033<\/span><\/li>\n<\/ul>\n<p><strong>-Gmail:<\/strong>\u00a0info@tohagroup.com<\/p>\n","protected":false},"excerpt":{"rendered":"<h4 class=\"promoadd__ttl\" style=\"text-align: left;\"><strong><i>2 \u01afU \u0110\u00c3I QU\u00c0 T\u1eb6NG<\/i><\/strong><\/h4>\n<h5 class=\"promoadd__ttl\" style=\"text-align: left;\">D\u1ef1 ki\u1ebfn \u00e1p d\u1ee5ng \u0111\u1ebfn 23:00 30\/09<\/h5>\n<div class=\"promo_BHX\">\n<div class=\"l2\">\n<ul>\n<li>\n<h6><span data-sheets-value=\"{&quot;1&quot;:2,&quot;2&quot;:&quot;T\u1eb7ng b\u1ed9 d\u1ee5ng c\u1ee5 8 m\u00f3n ( T\u1ea4T C\u1ea2 M\u00c1Y C\u0168 HAY M\u1edaI )&quot;}\" data-sheets-userformat=\"{&quot;2&quot;:30909,&quot;3&quot;:{&quot;1&quot;:0,&quot;3&quot;:1},&quot;5&quot;:{&quot;1&quot;:[{&quot;1&quot;:2,&quot;2&quot;:0,&quot;5&quot;:{&quot;1&quot;:2,&quot;2&quot;:0}},{&quot;1&quot;:0,&quot;2&quot;:0,&quot;3&quot;:3},{&quot;1&quot;:1,&quot;2&quot;:0,&quot;4&quot;:1}]},&quot;6&quot;:{&quot;1&quot;:[{&quot;1&quot;:2,&quot;2&quot;:0,&quot;5&quot;:{&quot;1&quot;:2,&quot;2&quot;:0}},{&quot;1&quot;:0,&quot;2&quot;:0,&quot;3&quot;:3},{&quot;1&quot;:1,&quot;2&quot;:0,&quot;4&quot;:1}]},&quot;7&quot;:{&quot;1&quot;:[{&quot;1&quot;:2,&quot;2&quot;:0,&quot;5&quot;:{&quot;1&quot;:2,&quot;2&quot;:0}},{&quot;1&quot;:0,&quot;2&quot;:0,&quot;3&quot;:3},{&quot;1&quot;:1,&quot;2&quot;:0,&quot;4&quot;:1}]},&quot;8&quot;:{&quot;1&quot;:[{&quot;1&quot;:2,&quot;2&quot;:0,&quot;5&quot;:{&quot;1&quot;:2,&quot;2&quot;:0}},{&quot;1&quot;:0,&quot;2&quot;:0,&quot;3&quot;:3},{&quot;1&quot;:1,&quot;2&quot;:0,&quot;4&quot;:1}]},&quot;10&quot;:1,&quot;14&quot;:{&quot;1&quot;:3,&quot;3&quot;:1},&quot;15&quot;:&quot;Times New Roman&quot;,&quot;16&quot;:11,&quot;17&quot;:1}\">T\u1eb7ng b\u1ed9 d\u1ee5ng c\u1ee5 8 m\u00f3n\u00a0<\/span><\/h6>\n<\/li>\n<li>\n<h6>Ch\u00ednh s\u00e1ch \u0111\u1ed5i tr\u1ea3 h\u00e0ng b\u1ea3o h\u00e0nh 1 \u0111\u1ed5i 1<\/h6>\n<\/li>\n<\/ul>\n<\/div>\n<\/div>\n","protected":false},"featured_media":5210,"comment_status":"open","ping_status":"closed","template":"","meta":{"om_disable_all_campaigns":false,"_mi_skip_tracking":false,"_monsterinsights_sitenote_active":false,"_monsterinsights_sitenote_note":"","_monsterinsights_sitenote_category":0},"product_cat":[89],"product_tag":[],"class_list":["post-5209","product","type-product","status-publish","has-post-thumbnail","hentry","nhom-san-pham-may-xay-sinh-to-may-ep-may-lam-da","hang-may-dun-nuoc-soi-yubann","product_cat-may-dun-nuoc-soi"],"_links":{"self":[{"href":"https:\/\/tohagroup.com\/en\/wp-json\/wp\/v2\/product\/5209","targetHints":{"allow":["GET"]}}],"collection":[{"href":"https:\/\/tohagroup.com\/en\/wp-json\/wp\/v2\/product"}],"about":[{"href":"https:\/\/tohagroup.com\/en\/wp-json\/wp\/v2\/types\/product"}],"replies":[{"embeddable":true,"href":"https:\/\/tohagroup.com\/en\/wp-json\/wp\/v2\/comments?post=5209"}],"wp:featuredmedia":[{"embeddable":true,"href":"https:\/\/tohagroup.com\/en\/wp-json\/wp\/v2\/media\/5210"}],"wp:attachment":[{"href":"https:\/\/tohagroup.com\/en\/wp-json\/wp\/v2\/media?parent=5209"}],"wp:term":[{"taxonomy":"product_cat","embeddable":true,"href":"https:\/\/tohagroup.com\/en\/wp-json\/wp\/v2\/product_cat?post=5209"},{"taxonomy":"product_tag","embeddable":true,"href":"https:\/\/tohagroup.com\/en\/wp-json\/wp\/v2\/product_tag?post=5209"}],"curies":[{"name":"wp","href":"https:\/\/api.w.org\/{rel}","templated":true}]}}