{"id":5202,"date":"2022-09-12T07:43:11","date_gmt":"2022-09-12T07:43:11","guid":{"rendered":"https:\/\/tohagroup.com\/?post_type=product&#038;p=5202"},"modified":"2022-09-12T07:43:11","modified_gmt":"2022-09-12T07:43:11","slug":"may-dinh-luong-duong-fest-rc216-2","status":"publish","type":"product","link":"https:\/\/tohagroup.com\/en\/san-pham\/may-dinh-luong-duong-fest-rc216-2\/","title":{"rendered":"M\u00e1y \u0111\u1ecbnh l\u01b0\u1ee3ng \u0111\u01b0\u1eddng FEST RC216"},"content":{"rendered":"<p>\u0110\u1ec3 c\u00f3 1 c\u1ed1c tr\u00e0 s\u1eefa ngon t\u1ea5t nhi\u00ean c\u1ea7n 1 c\u00f4ng th\u1ee9c chu\u1ea9n v\u00e0 m\u1ed9t ng\u01b0\u1eddi pha ch\u1ebf chu\u1ea9n x\u00e1c kh\u00f4ng k\u00e9m c\u00f9ng m\u00e1y tr\u1ed9n tr\u00e0 s\u1eefa t\u1ed1t nh\u1ea5t. Tuy nhi\u00ean, vi\u1ec7c \u0111ong \u0111\u1ebfm, \u0111\u1ecbnh l\u01b0\u1ee3ng c\u00e1c lo\u1ea1i dung d\u1ecbch b\u1eb1ng tay v\u1eeba kh\u00f3 kh\u0103n, ch\u1eadm ch\u1ea1p l\u1ea1i thi\u1ebfu chu\u1ea9n x\u00e1c. V\u00ec v\u1eady b\u1ea5t c\u1ee9 m\u1ed9t c\u1eeda h\u00e0ng kinh doanh n\u00e0o \u0111\u1ec1u c\u1ea7n m\u1ed9t chi\u1ebfc m\u00e1y \u0111\u1ecbnh l\u01b0\u1ee3ng dung d\u1ecbch \u0111\u1ec3 \u0111\u1ea3m b\u1ea3o m\u1ed7i c\u1ed1c tr\u00e0 s\u1eefa \u0111\u1ec1u \u0111\u01b0\u1ee3c pha theo ti\u00eau chu\u1ea9n ch\u00ednh x\u00e1c nh\u1ea5t, ngon nh\u1ea5t. Hay \u00edt nh\u1ea5t l\u00e0 \u0111\u1ea3m b\u1ea3o s\u1ebd kh\u00f4ng bao gi\u1edd xu\u1ea5t hi\u1ec7n m\u1ed9t c\u1ed1c tr\u00e0 s\u1eefa d\u1edf trong c\u1eeda h\u00e0ng c\u1ee7a b\u1ea1n.<\/p>\n<p>M\u00e1y \u0111\u1ecbnh l\u01b0\u1ee3ng \u0111\u01b0\u1eddng c\u00f2n gi\u00fap b\u1ea1n r\u00fat ng\u1eafn th\u1eddi gian pha tr\u00e0 b\u1eb1ng c\u00e1ch lo\u1ea1i b\u1ecf h\u1eb3n nh\u1eefng c\u00f4ng \u0111o\u1ea1n \u0111ong \u0111\u1ebfm m\u1ea5t th\u1eddi gian, h\u1ea1n ch\u1ebf nh\u1eefng r\u1ee7i ro nh\u01b0 qu\u00e1 tay, hay qu\u00ean c\u00f4ng th\u1ee9c.<\/p>\n<p>V\u1edbi m\u00e1y \u0111\u1ecbnh l\u01b0\u1ee3ng \u0111\u01b0\u1eddng Fest RC- 216N\u2013 m\u1ecdi c\u1ed1c tr\u00e0 s\u1eefa c\u1ee7a b\u1ea1n \u0111\u1ec1u ho\u00e0n h\u1ea3o.<\/p>\n<p>&nbsp;<\/p>\n","protected":false},"excerpt":{"rendered":"<p>\u0110\u1ec3 c\u00f3 1 c\u1ed1c tr\u00e0 s\u1eefa ngon t\u1ea5t nhi\u00ean c\u1ea7n 1 c\u00f4ng th\u1ee9c chu\u1ea9n v\u00e0 m\u1ed9t ng\u01b0\u1eddi pha ch\u1ebf chu\u1ea9n x\u00e1c kh\u00f4ng k\u00e9m c\u00f9ng m\u00e1y tr\u1ed9n tr\u00e0 s\u1eefa t\u1ed1t nh\u1ea5t. Tuy nhi\u00ean, vi\u1ec7c \u0111ong \u0111\u1ebfm, \u0111\u1ecbnh l\u01b0\u1ee3ng c\u00e1c lo\u1ea1i dung d\u1ecbch b\u1eb1ng tay v\u1eeba kh\u00f3 kh\u0103n, ch\u1eadm ch\u1ea1p l\u1ea1i thi\u1ebfu chu\u1ea9n x\u00e1c. V\u00ec v\u1eady b\u1ea5t &#8230; <a title=\"M\u00e1y \u0111\u1ecbnh l\u01b0\u1ee3ng \u0111\u01b0\u1eddng FEST RC216\" class=\"read-more\" href=\"https:\/\/tohagroup.com\/en\/san-pham\/may-dinh-luong-duong-fest-rc216-2\/\" aria-label=\"More on M\u00e1y \u0111\u1ecbnh l\u01b0\u1ee3ng \u0111\u01b0\u1eddng FEST RC216\">Read more<\/a><\/p>\n","protected":false},"featured_media":5203,"comment_status":"open","ping_status":"closed","template":"","meta":{"om_disable_all_campaigns":false,"_mi_skip_tracking":false,"_monsterinsights_sitenote_active":false,"_monsterinsights_sitenote_note":"","_monsterinsights_sitenote_category":0},"product_cat":[91],"product_tag":[],"class_list":["post-5202","product","type-product","status-publish","has-post-thumbnail","hentry","nhom-san-pham-may-xay-sinh-to-may-ep-may-lam-da","hang-may-dinh-luong-duong-fest","product_cat-may-dinh-luong-duong"],"_links":{"self":[{"href":"https:\/\/tohagroup.com\/en\/wp-json\/wp\/v2\/product\/5202","targetHints":{"allow":["GET"]}}],"collection":[{"href":"https:\/\/tohagroup.com\/en\/wp-json\/wp\/v2\/product"}],"about":[{"href":"https:\/\/tohagroup.com\/en\/wp-json\/wp\/v2\/types\/product"}],"replies":[{"embeddable":true,"href":"https:\/\/tohagroup.com\/en\/wp-json\/wp\/v2\/comments?post=5202"}],"wp:featuredmedia":[{"embeddable":true,"href":"https:\/\/tohagroup.com\/en\/wp-json\/wp\/v2\/media\/5203"}],"wp:attachment":[{"href":"https:\/\/tohagroup.com\/en\/wp-json\/wp\/v2\/media?parent=5202"}],"wp:term":[{"taxonomy":"product_cat","embeddable":true,"href":"https:\/\/tohagroup.com\/en\/wp-json\/wp\/v2\/product_cat?post=5202"},{"taxonomy":"product_tag","embeddable":true,"href":"https:\/\/tohagroup.com\/en\/wp-json\/wp\/v2\/product_tag?post=5202"}],"curies":[{"name":"wp","href":"https:\/\/api.w.org\/{rel}","templated":true}]}}