{"id":5197,"date":"2022-09-12T07:31:13","date_gmt":"2022-09-12T07:31:13","guid":{"rendered":"https:\/\/tohagroup.com\/?post_type=product&#038;p=5197"},"modified":"2022-09-20T06:54:12","modified_gmt":"2022-09-20T06:54:12","slug":"may-dun-nuoc-soi-fest","status":"publish","type":"product","link":"https:\/\/tohagroup.com\/en\/san-pham\/may-dun-nuoc-soi-fest\/","title":{"rendered":"M\u00e1y \u0111un n\u01b0\u1edbc s\u00f4i FEST"},"content":{"rendered":"<p><strong>C\u00e2y \u0111un n\u01b0\u1edbc t\u1ef1 \u0111\u1ed9ng<\/strong>\u00a0FEST RC-10\u00a0 l\u00e0 m\u1ed9t ph\u1ea7n kh\u00f4ng th\u1ec3 thi\u1ebfu c\u1ee7a c\u00e1c c\u1ee7a h\u00e0ng tr\u00e0 s\u1eefa, n\u01b0\u1edbc gi\u1ea3i kh\u00e1t. Tuy nhi\u00ean, vi\u1ec7c gi\u1eef \u1ea5m m\u1ed9t l\u01b0\u1ee3ng l\u1edbn n\u01b0\u1edbc l\u00e0 kh\u00e1 kh\u00f3 kh\u0103n. Ch\u01b0a k\u1ec3 \u0111\u1ebfn vi\u1ec7c \u0111un n\u01b0\u1edbc n\u01b0\u1edbc c\u0169ng c\u1ef1c k\u1ef3 t\u1ed1n th\u1eddi gian, l\u00e0m ch\u1eadm quy tr\u00ecnh l\u00e0m vi\u1ec7c v\u00e0 t\u1ed1c \u0111\u1ed9 ph\u1ee5c v\u1ee5 kh\u00e1ch h\u00e0ng c\u1ee7a b\u1ea1n.<\/p>\n<p><strong>\u00a0M\u00e1y \u0111un n\u01b0\u1edbc si\u00eau t\u1ed1c FEST\u00a0<\/strong>s\u1ebd gi\u00fap b\u1ea1n tho\u00e1t kh\u1ecfi phi\u1ec1n ph\u1ee9c \u0111\u00f3. V\u1edbi dung t\u00edch l\u00ean \u0111\u1ebfn 30 l\u00edt n\u01b0\u1edbc, m\u00e1y \u0111un n\u01b0\u1edbc si\u00eau t\u1ed1c FEST ho\u00e0n to\u00e0n c\u00f3 th\u1ec3 \u0111\u00e1p \u1ee9ng nh\u01b0 c\u1ea7u c\u1ee7a m\u1ed9t c\u1eeda h\u00e0ng tr\u00e0 s\u1eefa, n\u01b0\u1edbc gi\u1ea3i kh\u00e1t.<\/p>\n<p>\u0110\u01b0\u1ee3c \u00e1p d\u1ee5ng c\u00f4ng ngh\u1ec7 ti\u00ean ti\u1ebfn nh\u1ea5t hi\u1ec7n nay, m\u00e1y \u0111un n\u01b0\u1edbc si\u00eau t\u1ed1c c\u00f3 th\u1ec3 t\u0103ng t\u1ed1c \u0111\u1ed9 \u0111un n\u01b0\u1edbc l\u00ean m\u1ee9c t\u1ed1i \u0111a \u2013\u00a0<strong>\u0111un s\u00f4i 10 l\u00edt n\u01b0\u1edbc trong v\u00f2ng v\u00e0i ph\u00fat<\/strong>. Ngo\u00e0i ra m\u00e1y \u0111un n\u01b0\u1edbc si\u00eau t\u1ed1c c\u00f2n c\u00f3 kh\u1ea3 n\u0103ng gi\u1eef nhi\u1ec7t ho\u00e0n h\u1ea3o, gi\u00fap b\u1ea1n c\u00f3 th\u1ec3 c\u00f3 n\u01b0\u1edbc s\u00f4i v\u00e0o b\u1ea5t c\u1ee9 l\u00fac n\u00e0o trong ng\u00e0y.<\/p>\n<p><strong>Tr\u00ean th\u00e2n m\u00e1y c\u00f3 \u0111\u1ed3ng h\u1ed3 hi\u1ec3n th\u1ecb \u0111o nhi\u1ec7t \u0111\u1ed9<\/strong>\u00a0c\u1ee7a n\u01b0\u1edbc trong b\u00ecnh gi\u00fap b\u1ea1n c\u00f3 th\u1ec3 lu\u00f4n lu\u00f4n theo d\u00f5i nhi\u1ec7t \u0111\u1ed9 n\u01b0\u1edbc, c\u00f3 th\u1ec3 gi\u1eef n\u01b0\u1edbc \u1edf nhi\u1ec7t \u0111\u1ed9 th\u00edch h\u1ee3p nh\u1ea5t.<\/p>\n<p><strong>M\u00e1y \u0111un n\u01b0\u1edbc si\u00eau t\u1ed1c\u00a0FEST\u00a0<\/strong>l\u00e0 m\u1ed9t thi\u1ebft b\u1ecb kh\u00f4ng th\u1ec3 thi\u1ebfu trong c\u00e1c c\u1ee7a h\u00e0ng tr\u00e0 s\u1eefa, n\u01b0\u1edbc gi\u1ea3i kh\u00e1t. B\u00ean c\u1ea1nh vi\u1ec7c cung c\u1ea5p n\u01b0\u1edbc s\u00f4i k\u1ecbp th\u1eddi, m\u00e1y \u0111un n\u01b0\u1edbc si\u00eau t\u1ed1c c\u00f2n gi\u00fap qu\u00e1n gi\u1eef \u1ea5m \u0111\u01b0\u1ee3c m\u1ed9t l\u01b0\u1ee3ng n\u01b0\u1edbc kh\u00e1 l\u1edbn, \u0111\u1ea9y nhanh t\u1ed1c \u0111\u1ed9 l\u00e0m vi\u1ec7c v\u00e0 ph\u1ee5c v\u1ee5 kh\u00e1ch h\u00e0ng, nh\u1ea5t l\u00e0 v\u00e0o c\u00e1c khung gi\u1edd cao \u0111i\u1ec3m.<img decoding=\"async\" class=\"aligncenter size-large wp-image-5200\" src=\"https:\/\/tohagroup.com\/wp-content\/uploads\/2022\/09\/Thiet-ke-chua-co-ten-25-1024x1024.png\" alt=\"\" width=\"1024\" height=\"1024\" srcset=\"https:\/\/tohagroup.com\/wp-content\/uploads\/2022\/09\/Thiet-ke-chua-co-ten-25.png 1024w, https:\/\/tohagroup.com\/wp-content\/uploads\/2022\/09\/Thiet-ke-chua-co-ten-25-300x300.png 300w, https:\/\/tohagroup.com\/wp-content\/uploads\/2022\/09\/Thiet-ke-chua-co-ten-25-150x150.png 150w, https:\/\/tohagroup.com\/wp-content\/uploads\/2022\/09\/Thiet-ke-chua-co-ten-25-768x768.png 768w, https:\/\/tohagroup.com\/wp-content\/uploads\/2022\/09\/Thiet-ke-chua-co-ten-25-600x600.png 600w, https:\/\/tohagroup.com\/wp-content\/uploads\/2022\/09\/Thiet-ke-chua-co-ten-25-100x100.png 100w\" sizes=\"(max-width: 1024px) 100vw, 1024px\" \/><\/p>\n","protected":false},"excerpt":{"rendered":"<p>C\u00e2y \u0111un n\u01b0\u1edbc t\u1ef1 \u0111\u1ed9ng\u00a0FEST RC-10\u00a0 l\u00e0 m\u1ed9t ph\u1ea7n kh\u00f4ng th\u1ec3 thi\u1ebfu c\u1ee7a c\u00e1c c\u1ee7a h\u00e0ng tr\u00e0 s\u1eefa, n\u01b0\u1edbc gi\u1ea3i kh\u00e1t. Tuy nhi\u00ean, vi\u1ec7c gi\u1eef \u1ea5m m\u1ed9t l\u01b0\u1ee3ng l\u1edbn n\u01b0\u1edbc l\u00e0 kh\u00e1 kh\u00f3 kh\u0103n. Ch\u01b0a k\u1ec3 \u0111\u1ebfn vi\u1ec7c \u0111un n\u01b0\u1edbc n\u01b0\u1edbc c\u0169ng c\u1ef1c k\u1ef3 t\u1ed1n th\u1eddi gian, l\u00e0m ch\u1eadm quy tr\u00ecnh l\u00e0m vi\u1ec7c v\u00e0 t\u1ed1c &#8230; <a title=\"M\u00e1y \u0111un n\u01b0\u1edbc s\u00f4i FEST\" class=\"read-more\" href=\"https:\/\/tohagroup.com\/en\/san-pham\/may-dun-nuoc-soi-fest\/\" aria-label=\"More on M\u00e1y \u0111un n\u01b0\u1edbc s\u00f4i FEST\">Read more<\/a><\/p>\n","protected":false},"featured_media":5200,"comment_status":"open","ping_status":"closed","template":"","meta":{"om_disable_all_campaigns":false,"_mi_skip_tracking":false,"_monsterinsights_sitenote_active":false,"_monsterinsights_sitenote_note":"","_monsterinsights_sitenote_category":0},"product_cat":[89],"product_tag":[],"class_list":["post-5197","product","type-product","status-publish","has-post-thumbnail","hentry","nhom-san-pham-may-xay-sinh-to-may-ep-may-lam-da","hang-may-dun-nuoc-soi-fest","product_cat-may-dun-nuoc-soi"],"_links":{"self":[{"href":"https:\/\/tohagroup.com\/en\/wp-json\/wp\/v2\/product\/5197","targetHints":{"allow":["GET"]}}],"collection":[{"href":"https:\/\/tohagroup.com\/en\/wp-json\/wp\/v2\/product"}],"about":[{"href":"https:\/\/tohagroup.com\/en\/wp-json\/wp\/v2\/types\/product"}],"replies":[{"embeddable":true,"href":"https:\/\/tohagroup.com\/en\/wp-json\/wp\/v2\/comments?post=5197"}],"wp:featuredmedia":[{"embeddable":true,"href":"https:\/\/tohagroup.com\/en\/wp-json\/wp\/v2\/media\/5200"}],"wp:attachment":[{"href":"https:\/\/tohagroup.com\/en\/wp-json\/wp\/v2\/media?parent=5197"}],"wp:term":[{"taxonomy":"product_cat","embeddable":true,"href":"https:\/\/tohagroup.com\/en\/wp-json\/wp\/v2\/product_cat?post=5197"},{"taxonomy":"product_tag","embeddable":true,"href":"https:\/\/tohagroup.com\/en\/wp-json\/wp\/v2\/product_tag?post=5197"}],"curies":[{"name":"wp","href":"https:\/\/api.w.org\/{rel}","templated":true}]}}