{"id":5166,"date":"2022-09-12T04:25:31","date_gmt":"2022-09-12T04:25:31","guid":{"rendered":"https:\/\/tohagroup.com\/?post_type=product&#038;p=5166"},"modified":"2022-12-16T21:46:15","modified_gmt":"2022-12-16T14:46:15","slug":"may-pha-ca-phe-bfc-pandora","status":"publish","type":"product","link":"https:\/\/tohagroup.com\/en\/san-pham\/may-pha-ca-phe-bfc-pandora\/","title":{"rendered":"M\u00e1y pha c\u00e0 ph\u00ea BFC PANDORA (m\u1edbi 85% &#8211; 95%)"},"content":{"rendered":"<p><strong>M\u00e1y pha c\u00e0 ph\u00ea BFC LIRA 2GV EL 2 group<\/strong>\u00a0(\u0110\u1ecbnh l\u01b0\u1ee3ng t\u1ef1 \u0111\u1ed9ng) \u0111\u01b0\u1ee3c xem l\u00e0 m\u00e1y pha c\u00e0 ph\u00ea espresso chuy\u00ean nghi\u1ec7p 2 group cho qu\u00e1n cafe l\u1edbn v\u00ec \u0111\u01b0\u1ee3c thi\u1ebft k\u1ebf \u0111\u00e1p \u1ee9ng cho nh\u1eefng kh\u00f4ng gian y\u00eau c\u1ea7u t\u00ednh th\u1ea9m m\u1ef9 v\u00e0 k\u1ef9 thu\u1eadt cao c\u1ee7a c\u00e1c kh\u00e1ch s\u1ea1n n\u0103m sao, c\u00e1c nh\u00e0 h\u00e0ng cao c\u1ea5p hay nh\u1eefng qu\u00e1n c\u00e0 ph\u00ea hi\u1ec7n \u0111\u1ea1i, c\u00e1c chu\u1ed7i qu\u00e1n c\u00e0 ph\u00ea to go, qu\u00e1n c\u00e0 ph\u00ea take away\u2026 c\u00f3 c\u00f4ng su\u1ea5t ph\u1ee5c v\u1ee5 c\u00e0 ph\u00ea tr\u00ean 200 t\u00e1ch\/ng\u00e0y.<\/p>\n<p>M\u00e1y ho\u1ea1t \u0111\u1ed9ng b\u1ec1n b\u1ec9, ti\u1ebft ki\u1ec7m \u0111i\u1ec7n n\u0103ng, \u0111\u01b0\u1ee3c thi\u1ebft k\u1ebf chuy\u00ean bi\u1ec7t cho c\u00e1c Barista, c\u00f3 ch\u1ea5t l\u01b0\u1ee3ng c\u00e0 ph\u00ea tuy\u1ec7t h\u1ea3o. C\u00f3 c\u1ea5u t\u1ea1o v\u00f2i h\u01a1i \u201cNo-burn\u201d gi\u00fap l\u1edbp b\u1ecdt s\u1eefa m\u1ecbn v\u00e0 gi\u1eef g\u1ea7n nh\u01b0 nguy\u00ean v\u1eb9n c\u00e1c th\u00e0nh ph\u1ea7n dinh d\u01b0\u1ee1ng nh\u1ea1y v\u1edbi nhi\u1ec7t, cho ch\u1ea5t l\u01b0\u1ee3ng ly Cappuccino h\u1ea3o h\u1ea1ng.<\/p>\n<p>M\u00e1y c\u00f3 c\u1ea5u t\u1ea1o 2 h\u1ec7 th\u1ed1ng \u0111\u1ed9c l\u1eadp Manual d\u00e0nh cho ng\u01b0\u1eddi d\u00f9ng chuy\u00ean nghi\u1ec7p v\u00e0 Electronic (\u0111\u1ecbnh l\u01b0\u1ee3ng t\u1ef1 \u0111\u1ed9ng) d\u00e0nh cho ng\u01b0\u1eddi d\u00f9ng kh\u00f4ng \u0111\u00f2i h\u1ecfi \u0111\u01b0\u1ee3c hu\u1ea5n luy\u1ec7n k\u1ef9 v\u00e0 c\u00f3 nhi\u1ec1u kinh nghi\u1ec7m.<\/p>\n<p><strong>M\u00e1y pha c\u00e0 ph\u00ea BFC LIRA 2GV EL 2 group\u00a0<\/strong>l\u00e0 s\u1ef1 k\u1ebft h\u1ee3p ho\u00e0n h\u1ea3o gi\u1eefa thi\u1ebft k\u1ebf c\u1ed5 \u0111i\u1ec3n v\u00e0 c\u00f4ng ngh\u1ec7 hi\u1ec7n \u0111\u1ea1i. \u0110i\u1ec1u v\u1ed1n d\u0129 r\u1ea5t kh\u00f3 \u0111\u1ea1t \u0111\u01b0\u1ee3c nay \u0111\u00e3 \u0111\u01b0\u1ee3c c\u00e1c k\u1ef9 s\u01b0 t\u00e0i hoa c\u1ee7a BFC bi\u1ebfn th\u00e0nh hi\u1ec7n th\u1ef1c. S\u1ef1 ti\u1ec7n d\u1ee5ng v\u00e0 hi\u1ec7u qu\u1ea3 c\u00f9ng h\u00f2a quy\u1ec7n trong m\u1ed9t thi\u1ebft k\u1ebf l\u1ecbch l\u00e3m, \u0111\u1ea7y sang tr\u1ecdng m\u00e0 m\u00e1y pha c\u00e0 ph\u00ea espresso chuy\u00ean nghi\u1ec7p 2 groupcho qu\u00e1n cafe l\u1edbn nh\u01b0\u00a0<strong>BFC LIRA 2GV EL 2<\/strong>\u00a0group mang l\u1ea1i.<\/p>\n<p>H\u1ec7 th\u1ed1ng \u1ed1ng d\u1eabn b\u1eb1ng \u0111\u1ed3ng thau tinh ch\u1ea5t v\u1edbi \u0111\u1ed9 d\u00e0y cao gi\u00fap qu\u00e1 tr\u00ecnh truy\u1ec1n d\u1eabn nhi\u1ec7t \u0111\u01b0\u1ee3c b\u1ea3o to\u00e0n t\u1ed1t nh\u1ea5t.<\/p>\n<p>Group Head b\u1eb1ng \u0111\u1ed3ng thau nguy\u00ean kh\u1ed1i gia c\u00f4ng v\u1edbi \u0111\u1ed9 chu\u1ea9n x\u00e1c tuy\u1ec7t \u0111\u1ed1i gi\u00fap t\u1ed1i \u01b0u qu\u00e1 tr\u00ecnh \u0111\u1ed1i l\u01b0u v\u00e0 c\u00e2n b\u1eb1ng nhi\u1ec7t \u0111\u1ed9 khi pha ch\u1ebf c\u00e0 ph\u00ea, tr\u00e1nh hi\u1ec7n t\u01b0\u1ee3ng \u201cs\u1ed1c nhi\u1ec7t\u201d cho c\u00e0 ph\u00ea.<\/p>\n<p>V\u00f2i h\u01a1i gia c\u00f4ng ho\u00e0n to\u00e0n b\u1eb1ng Inox tinh luy\u1ec7n c\u00f3 \u0111\u1ed9 b\u1ec1n v\u01b0\u1ee3t tr\u1ed9i, c\u00f3 kh\u1ea3 n\u0103ng ch\u1ecbu ch\u00f9i r\u1eeda cao, d\u1ec5 v\u1ec7 sinh (b\u1ec1 m\u1eb7t kh\u00f4ng b\u1ecb tr\u1ea7y x\u01b0\u1edbt, r\u1ea5t d\u1ec5 d\u00e0ng t\u1ea9y r\u1eeda c\u1eb7n b\u00e1m c\u1ee7a s\u1eefa\u201d<\/p>\n<p>V\u00f2i n\u01b0\u1edbc s\u00f4i b\u1eb1ng \u0111\u1ed3ng thau ph\u1ee7 nicken v\u00e0 m\u1ea1 crom lu\u00f4n s\u00e1ng b\u00f3ng v\u00e0 \u0111\u1ea3m b\u1ea3o an to\u00e0n v\u1ec7 sinh.<\/p>\n<p>Motor v\u00e0 pump: S\u1eed d\u1ee5ng motor t\u0103ng \u00e1p chuy\u00ean d\u1ee5ng c\u00f3 c\u1ea5u t\u1ea1o van b\u01a1m quay li t\u00e2m t\u1ed1c \u0111\u1ed9 cao gi\u00fap qu\u00e1 tr\u00ecnh chi\u1ebft xu\u1ea5t c\u00e0 ph\u00ea \u0111\u01b0\u1ee3c t\u1ed1i \u01b0u v\u00e0 c\u00f3 \u0111\u1ed9 \u1ed5n \u0111\u1ecbnh r\u1ea5t cao.<\/p>\n<h2 id=\"ftoc-heading-10\" class=\"p1 ftwp-heading\"><b>Toha Group \u2013 Cung c\u1ea5p gi\u1ea3i ph\u00e1p cho m\u1ed9t ly c\u00e0 ph\u00ea ngon<\/b><\/h2>\n<p>=&gt;&gt;\u00a0<em>Tham kh\u1ea3o th\u00f4ng tin v\u00e0 c\u00e1c s\u1ea3n ph\u1ea9m\u00a0<a href=\"https:\/\/tohagroup.com\/product-category\/may-pha-ca-phe-cho-quan\/\" target=\"_blank\" rel=\"nofollow noopener\">M\u00e1y pha c\u00e0 ph\u00ea d\u00e0nh cho qu\u00e1n<\/a>\u00a0t\u1ea1i website ch\u00ednh h\u00e3ng\u00a0<a href=\"http:\/\/www.tohagroup.com\/\">www.tohagroup.com<\/a><\/em><\/p>\n<p>\u0110\u1ec3 \u0111\u1ea3m b\u1ea3o mua m\u00e1y ch\u00ednh h\u00e3ng vui l\u00f2ng t\u1edbi tr\u1ef1c ti\u1ebfp Showroom c\u1ee7a\u00a0<strong>Toha Group<\/strong>\u00a0tr\u00ean to\u00e0n qu\u1ed1c ho\u1eb7c \u0111\u1eb7t h\u00e0ng t\u1ea1i Website www.tohagroup.com \u2013 Ho\u1eb7c g\u1ecdi tr\u1ef1c ti\u1ebfp t\u1edbi\u00a0<a href=\"tel:0867896096\" target=\"_blank\" rel=\"nofollow noopener\"><strong>Hotline: 08 6789 6096<\/strong><\/a>\u00a0\u0111\u1ec3 \u0111\u01b0\u1ee3c h\u1ed7 tr\u1ee3 \u0111\u1eb7t h\u00e0ng nhanh.<\/p>\n<p><strong>\u01afu \u0111\u00e3i:<\/strong>\u00a0Khi Qu\u00fd kh\u00e1ch h\u00e0ng theo d\u00f5i t\u1ea5t c\u1ea3 n\u1ec1n t\u1ea3ng c\u1ee7a Toha, qu\u00fd kh\u00e1ch s\u1ebd nh\u1eadn \u0111\u01b0\u1ee3c \u0111\u01b0\u1eddng d\u00e2y n\u00f3ng k\u1ebft n\u1ed1i \u2013 mua b\u00e1n \u2013 s\u1eeda ch\u1eefa, k\u00e8m theo \u0111\u00f3 l\u00e0 nhi\u1ec1u \u01b0u \u0111\u00e3i \u0111\u1eb7c bi\u1ec7t, nhi\u1ec1u ch\u01b0\u01a1ng tr\u00ecnh gi\u1ea3m gi\u00e1, v\u00e0 r\u1ea5t nhi\u1ec1u qu\u00e0 t\u1eb7ng kh\u00e1c \u0111\u1ebfn t\u1eeb Toha.<\/p>\n<h4 id=\"input_line_0\"><span id=\"input_part_0\" class=\"\" data-mention=\"Ch\u1ec9 \u0110\u01b0\u1eddng Google Map: https:\/\/g.page\/TOHACAFE?share \">Ch\u1ec9 \u0110\u01b0\u1eddng Google Map:<a href=\"https:\/\/g.page\/TOHACAFE?share\" rel=\"nofollow\" target=\"_blank\">\u00a0https:\/\/g.page\/TOHACAFE?share<\/a>\u00a0<\/span><\/h4>\n<h4 id=\"input_line_1\"><span id=\"input_part_0\" class=\"\" data-mention=\"Zalo Ch\u0103m S\u00f3c Kh\u00e1ch H\u00e0ng 24\/7: https:\/\/zalo.me\/2565949627324610829\">Zalo Ch\u0103m S\u00f3c Kh\u00e1ch H\u00e0ng 24\/7:\u00a0<a href=\"https:\/\/zalo.me\/2565949627324610829\" rel=\"nofollow noopener\" target=\"_blank\">https:\/\/zalo.me\/2565949627324610829<\/a><\/span><\/h4>\n<h4 id=\"input_line_2\"><span id=\"input_part_0\" class=\"\" data-mention=\"C\u1eadp Nh\u1eadt \u01afu \u0110\u00e3i: https:\/\/www.facebook.com\/tohagroupvn\">C\u1eadp Nh\u1eadt \u01afu \u0110\u00e3i:\u00a0<a href=\"https:\/\/www.facebook.com\/tohagroupvn\" rel=\"nofollow noopener\" target=\"_blank\">https:\/\/www.facebook.com\/tohagroupvn<\/a><\/span><\/h4>\n<p><b>\u0110\u1ec3 bi\u1ebft th\u00eam th\u00f4ng tin chi ti\u1ebft v\u00e0 \u0111\u1eb7t h\u00e0ng<\/b><strong>, Qu\u00fd<\/strong><b>\u00a0Kh\u00e1ch xin vui l\u00f2ng li\u00ean h\u1ec7 v\u1edbi ch\u00fang t\u00f4i qua:<\/b><\/p>\n<p><strong>\u2013\u0110\u1ecba ch\u1ec9:<\/strong>\u00a0472 \/ 17 \u0111\u01b0\u1eddng Phan Huy \u00cdch, Ph\u01b0\u1eddng 12, Qu\u1eadn G\u00f2 V\u1ea5p HCM.<\/p>\n<p>111-112 A1, TT H\u00e0o Nam ng\u00f5 8A, \u0111\u01b0\u1eddng V\u0169 Th\u1ea1nh, Q.\u0110\u1ed1ng \u0110a, HN.<\/p>\n<p><strong>-Hotline:<\/strong><\/p>\n<ul>\n<li><span id=\"input_part_0\" class=\"\" data-mention=\"08 6269 6096 \">08 6269 6096<\/span><\/li>\n<li><span id=\"input_part_0\" class=\"\" data-mention=\"08 6269 6096 \">08 6769 6096<\/span><\/li>\n<li><span id=\"input_part_0\" class=\"\" data-mention=\"08 6269 6096 \">0978 121 033<\/span><\/li>\n<\/ul>\n<p><strong>-Gmail:<\/strong>\u00a0info@tohagroup.com<\/p>\n","protected":false},"excerpt":{"rendered":"<h4 class=\"promoadd__ttl\"><strong><i>2 \u01afU \u0110\u00c3I QU\u00c0 T\u1eb6NG<\/i><\/strong><\/h4>\n<h5 class=\"promoadd__ttl\">D\u1ef1 ki\u1ebfn \u00e1p d\u1ee5ng \u0111\u1ebfn 23:00 30\/09<\/h5>\n<div class=\"promo_BHX\">\n<div class=\"l2\">\n<ul>\n<li>\n<h6><span data-sheets-value=\"{&quot;1&quot;:2,&quot;2&quot;:&quot;T\u1eb7ng b\u1ed9 d\u1ee5ng c\u1ee5 8 m\u00f3n ( T\u1ea4T C\u1ea2 M\u00c1Y C\u0168 HAY M\u1edaI )&quot;}\" data-sheets-userformat=\"{&quot;2&quot;:30909,&quot;3&quot;:{&quot;1&quot;:0,&quot;3&quot;:1},&quot;5&quot;:{&quot;1&quot;:[{&quot;1&quot;:2,&quot;2&quot;:0,&quot;5&quot;:{&quot;1&quot;:2,&quot;2&quot;:0}},{&quot;1&quot;:0,&quot;2&quot;:0,&quot;3&quot;:3},{&quot;1&quot;:1,&quot;2&quot;:0,&quot;4&quot;:1}]},&quot;6&quot;:{&quot;1&quot;:[{&quot;1&quot;:2,&quot;2&quot;:0,&quot;5&quot;:{&quot;1&quot;:2,&quot;2&quot;:0}},{&quot;1&quot;:0,&quot;2&quot;:0,&quot;3&quot;:3},{&quot;1&quot;:1,&quot;2&quot;:0,&quot;4&quot;:1}]},&quot;7&quot;:{&quot;1&quot;:[{&quot;1&quot;:2,&quot;2&quot;:0,&quot;5&quot;:{&quot;1&quot;:2,&quot;2&quot;:0}},{&quot;1&quot;:0,&quot;2&quot;:0,&quot;3&quot;:3},{&quot;1&quot;:1,&quot;2&quot;:0,&quot;4&quot;:1}]},&quot;8&quot;:{&quot;1&quot;:[{&quot;1&quot;:2,&quot;2&quot;:0,&quot;5&quot;:{&quot;1&quot;:2,&quot;2&quot;:0}},{&quot;1&quot;:0,&quot;2&quot;:0,&quot;3&quot;:3},{&quot;1&quot;:1,&quot;2&quot;:0,&quot;4&quot;:1}]},&quot;10&quot;:1,&quot;14&quot;:{&quot;1&quot;:3,&quot;3&quot;:1},&quot;15&quot;:&quot;Times New Roman&quot;,&quot;16&quot;:11,&quot;17&quot;:1}\">T\u1eb7ng b\u1ed9 d\u1ee5ng c\u1ee5 8 m\u00f3n\u00a0<\/span><\/h6>\n<\/li>\n<li>\n<h6>Ch\u00ednh s\u00e1ch \u0111\u1ed5i tr\u1ea3 h\u00e0ng b\u1ea3o h\u00e0nh 1 \u0111\u1ed5i 1<\/h6>\n<\/li>\n<\/ul>\n<\/div>\n<\/div>\n","protected":false},"featured_media":5167,"comment_status":"open","ping_status":"closed","template":"","meta":{"om_disable_all_campaigns":false,"_mi_skip_tracking":false,"_monsterinsights_sitenote_active":false,"_monsterinsights_sitenote_note":"","_monsterinsights_sitenote_category":0},"product_cat":[69],"product_tag":[],"class_list":["post-5166","product","type-product","status-publish","has-post-thumbnail","hentry","nhom-san-pham-may-pha-ca-phe","product_cat-may-pha-ca-phe-cu"],"_links":{"self":[{"href":"https:\/\/tohagroup.com\/en\/wp-json\/wp\/v2\/product\/5166","targetHints":{"allow":["GET"]}}],"collection":[{"href":"https:\/\/tohagroup.com\/en\/wp-json\/wp\/v2\/product"}],"about":[{"href":"https:\/\/tohagroup.com\/en\/wp-json\/wp\/v2\/types\/product"}],"replies":[{"embeddable":true,"href":"https:\/\/tohagroup.com\/en\/wp-json\/wp\/v2\/comments?post=5166"}],"wp:featuredmedia":[{"embeddable":true,"href":"https:\/\/tohagroup.com\/en\/wp-json\/wp\/v2\/media\/5167"}],"wp:attachment":[{"href":"https:\/\/tohagroup.com\/en\/wp-json\/wp\/v2\/media?parent=5166"}],"wp:term":[{"taxonomy":"product_cat","embeddable":true,"href":"https:\/\/tohagroup.com\/en\/wp-json\/wp\/v2\/product_cat?post=5166"},{"taxonomy":"product_tag","embeddable":true,"href":"https:\/\/tohagroup.com\/en\/wp-json\/wp\/v2\/product_tag?post=5166"}],"curies":[{"name":"wp","href":"https:\/\/api.w.org\/{rel}","templated":true}]}}