{"id":5163,"date":"2022-09-12T03:52:29","date_gmt":"2022-09-12T03:52:29","guid":{"rendered":"https:\/\/tohagroup.com\/?post_type=product&#038;p=5163"},"modified":"2022-12-16T21:54:17","modified_gmt":"2022-12-16T14:54:17","slug":"may-pha-ca-phe-dalla-corte-evolution-evo-2-group","status":"publish","type":"product","link":"https:\/\/tohagroup.com\/en\/san-pham\/may-pha-ca-phe-dalla-corte-evolution-evo-2-group\/","title":{"rendered":"M\u00e1y pha c\u00e0 ph\u00ea DALLA CORTE EVOLUTION EVO 2 GROUP (m\u1edbi 85% &#8211; 95%)"},"content":{"rendered":"<p>B\u00e1n m\u00e1y pha c\u00e0 ph\u00ea DALLA CORTE EVO 2 (2 group).<br \/>\nM\u00e1y pha c\u00e0 ph\u00ea DALLA CORTE EVO 2 chi\u1ebfc m\u00e1y Ultimate coffee machine chuy\u00ean nghi\u1ec7p. Ngo\u1ea1i h\u00ecnh m\u1edbi nh\u01b0ng v\u1eabn gi\u1eef \u0111\u01b0\u1ee3c n\u00e9t c\u1ed5 \u0111i\u1ec3n. S\u1ebd kh\u00f4ng bao gi\u1edd l\u00e0m b\u1ea1n th\u1ea5t v\u1ecdng.<br \/>\n* Espresso Machine Ti\u1ebft Ki\u1ec7m N\u0103ng L\u01b0\u1ee3ng<\/p>\n<p>B\u1ea1n v\u1eabn c\u00f3 th\u1ec3 s\u1eed d\u1ee5ng m\u1ed9t b\u00ean v\u00f2i trong khi b\u00ean c\u00f2n l\u1ea1i v\u1eabn t\u1eaft. Ch\u1ec9 v\u1edbi m\u1ed9t thao t\u00e1c nh\u1ea5n n\u00fat t\u1eaft m\u1edf.<\/p>\n<p>EVO 2 l\u00e0 L\u1ef1a chon t\u1ed1t \u0111\u1ec3 ti\u1ebft ki\u1ec7m ti\u1ec1n v\u00e0 gi\u1ea3m chi ph\u00ed \u0111\u1ed1i v\u1edbi nh\u1eefng ai kinh doanh coffee.<br \/>\nHi\u1ec7n nay ch\u01b0a c\u00f3 d\u00f2ng m\u00e1y n\u00e0o gi\u00fap b\u1ea1n t\u00ednh to\u00e1n ch\u00ednh x\u00e1c l\u01b0\u1ee3ng n\u01b0\u1edbc chi\u1ebft su\u1ea5t coffee ho\u00e0n h\u1ea3o ngo\u00e0i MINA.<\/p>\n<p>* D\u1ec5 S\u1eed D\u1ee5ng<\/p>\n<p>\u201cC\u00e1c Group \u0111\u1ed9c l\u1eadp v\u1edbi nhau\u201d. ch\u1ec9 qua 1 thao t\u00e1c nh\u1ea5n n\u00fat t\u1eaft m\u1edf. B\u1ea1n c\u00f3 th\u1ec3 ho\u00e0n to\u00e0n s\u1eed d\u1ee5ng 1 b\u00ean trong khi b\u00ean c\u00f2n l\u1ea1i t\u1eaft. Thi\u1ebft k\u1ebf DC \u0111\u1eb7c bi\u1ec7t v\u1edbi tay c\u1ea7m Portafilter t\u1ed1t nh\u1ea5t . C\u00f4ng vi\u1ec7c c\u1ee7a b\u1ea1n tr\u1edf n\u00ean d\u1ec5 d\u00e0ng h\u01a1n t\u1eeb b\u00e2y gi\u1edd.<\/p>\n<p>* H\u1ec7 Th\u1ed1ng DC<\/p>\n<p>DALLA CORTE EVO 2 c\u00f3 th\u1ec3 k\u1ebft n\u1ed1i v\u1edbi C\u00f4ng Ngh\u1ec7 DC \u0111\u1ed9c quy\u1ec1n. S\u1ea3n xu\u1ea5t t\u00e1ch Espresso ho\u00e0n h\u1ecfa kh\u00f4ng bao gi\u1edd d\u1ec5 d\u00e0ng h\u01a1n. C\u00f4ng ngh\u1ec7 OCS, MCS, GCS l\u00e0 gi\u1ea3i ph\u00e1p chuy\u00ean nghi\u1ec7p gi\u00fap b\u1ea1n qu\u1ea3n l\u00fd c\u00f4ng vi\u1ec7c t\u1ed1t h\u01a1n bao gi\u1edd h\u1ebft.<\/p>\n<h2 id=\"ftoc-heading-10\" class=\"p1 ftwp-heading\"><b>Toha Group \u2013 Cung c\u1ea5p gi\u1ea3i ph\u00e1p cho m\u1ed9t ly c\u00e0 ph\u00ea ngon<\/b><\/h2>\n<p>=&gt;&gt;\u00a0<em>Tham kh\u1ea3o th\u00f4ng tin v\u00e0 c\u00e1c s\u1ea3n ph\u1ea9m\u00a0<a href=\"https:\/\/tohagroup.com\/product-category\/may-pha-ca-phe-cho-quan\/\" target=\"_blank\" rel=\"nofollow noopener\">M\u00e1y pha c\u00e0 ph\u00ea d\u00e0nh cho qu\u00e1n<\/a>\u00a0t\u1ea1i website ch\u00ednh h\u00e3ng\u00a0<a href=\"http:\/\/www.tohagroup.com\/\">www.tohagroup.com<\/a><\/em><\/p>\n<p>\u0110\u1ec3 \u0111\u1ea3m b\u1ea3o mua m\u00e1y ch\u00ednh h\u00e3ng vui l\u00f2ng t\u1edbi tr\u1ef1c ti\u1ebfp Showroom c\u1ee7a\u00a0<strong>Toha Group<\/strong>\u00a0tr\u00ean to\u00e0n qu\u1ed1c ho\u1eb7c \u0111\u1eb7t h\u00e0ng t\u1ea1i Website www.tohagroup.com \u2013 Ho\u1eb7c g\u1ecdi tr\u1ef1c ti\u1ebfp t\u1edbi\u00a0<a href=\"tel:0867896096\" target=\"_blank\" rel=\"nofollow noopener\"><strong>Hotline: 08 6789 6096<\/strong><\/a>\u00a0\u0111\u1ec3 \u0111\u01b0\u1ee3c h\u1ed7 tr\u1ee3 \u0111\u1eb7t h\u00e0ng nhanh.<\/p>\n<p><strong>\u01afu \u0111\u00e3i:<\/strong>\u00a0Khi Qu\u00fd kh\u00e1ch h\u00e0ng theo d\u00f5i t\u1ea5t c\u1ea3 n\u1ec1n t\u1ea3ng c\u1ee7a Toha, qu\u00fd kh\u00e1ch s\u1ebd nh\u1eadn \u0111\u01b0\u1ee3c \u0111\u01b0\u1eddng d\u00e2y n\u00f3ng k\u1ebft n\u1ed1i \u2013 mua b\u00e1n \u2013 s\u1eeda ch\u1eefa, k\u00e8m theo \u0111\u00f3 l\u00e0 nhi\u1ec1u \u01b0u \u0111\u00e3i \u0111\u1eb7c bi\u1ec7t, nhi\u1ec1u ch\u01b0\u01a1ng tr\u00ecnh gi\u1ea3m gi\u00e1, v\u00e0 r\u1ea5t nhi\u1ec1u qu\u00e0 t\u1eb7ng kh\u00e1c \u0111\u1ebfn t\u1eeb Toha.<\/p>\n<h4 id=\"input_line_0\"><span id=\"input_part_0\" class=\"\" data-mention=\"Ch\u1ec9 \u0110\u01b0\u1eddng Google Map: https:\/\/g.page\/TOHACAFE?share \">Ch\u1ec9 \u0110\u01b0\u1eddng Google Map:<a href=\"https:\/\/g.page\/TOHACAFE?share\" rel=\"nofollow\" target=\"_blank\">\u00a0https:\/\/g.page\/TOHACAFE?share<\/a>\u00a0<\/span><\/h4>\n<h4 id=\"input_line_1\"><span id=\"input_part_0\" class=\"\" data-mention=\"Zalo Ch\u0103m S\u00f3c Kh\u00e1ch H\u00e0ng 24\/7: https:\/\/zalo.me\/2565949627324610829\">Zalo Ch\u0103m S\u00f3c Kh\u00e1ch H\u00e0ng 24\/7:\u00a0<a href=\"https:\/\/zalo.me\/2565949627324610829\" rel=\"nofollow noopener\" target=\"_blank\">https:\/\/zalo.me\/2565949627324610829<\/a><\/span><\/h4>\n<h4 id=\"input_line_2\"><span id=\"input_part_0\" class=\"\" data-mention=\"C\u1eadp Nh\u1eadt \u01afu \u0110\u00e3i: https:\/\/www.facebook.com\/tohagroupvn\">C\u1eadp Nh\u1eadt \u01afu \u0110\u00e3i:\u00a0<a href=\"https:\/\/www.facebook.com\/tohagroupvn\" rel=\"nofollow noopener\" target=\"_blank\">https:\/\/www.facebook.com\/tohagroupvn<\/a><\/span><\/h4>\n<p><b>\u0110\u1ec3 bi\u1ebft th\u00eam th\u00f4ng tin chi ti\u1ebft v\u00e0 \u0111\u1eb7t h\u00e0ng<\/b><strong>, Qu\u00fd<\/strong><b>\u00a0Kh\u00e1ch xin vui l\u00f2ng li\u00ean h\u1ec7 v\u1edbi ch\u00fang t\u00f4i qua:<\/b><\/p>\n<p><strong>\u2013\u0110\u1ecba ch\u1ec9:<\/strong>\u00a0472 \/ 17 \u0111\u01b0\u1eddng Phan Huy \u00cdch, Ph\u01b0\u1eddng 12, Qu\u1eadn G\u00f2 V\u1ea5p HCM.<\/p>\n<p>111-112 A1, TT H\u00e0o Nam ng\u00f5 8A, \u0111\u01b0\u1eddng V\u0169 Th\u1ea1nh, Q.\u0110\u1ed1ng \u0110a, HN.<\/p>\n<p><strong>-Hotline:<\/strong><\/p>\n<ul>\n<li><span id=\"input_part_0\" class=\"\" data-mention=\"08 6269 6096 \">08 6269 6096<\/span><\/li>\n<li><span id=\"input_part_0\" class=\"\" data-mention=\"08 6269 6096 \">08 6769 6096<\/span><\/li>\n<li><span id=\"input_part_0\" class=\"\" data-mention=\"08 6269 6096 \">0978 121 033<\/span><\/li>\n<\/ul>\n<p><strong>-Gmail:<\/strong>\u00a0info@tohagroup.com<\/p>\n","protected":false},"excerpt":{"rendered":"<h4 class=\"promoadd__ttl\"><strong><i>2 \u01afU \u0110\u00c3I QU\u00c0 T\u1eb6NG<\/i><\/strong><\/h4>\n<h5 class=\"promoadd__ttl\">D\u1ef1 ki\u1ebfn \u00e1p d\u1ee5ng \u0111\u1ebfn 23:00 30\/09<\/h5>\n<div class=\"promo_BHX\">\n<div class=\"l2\">\n<ul>\n<li>\n<h6><span data-sheets-value=\"{&quot;1&quot;:2,&quot;2&quot;:&quot;T\u1eb7ng b\u1ed9 d\u1ee5ng c\u1ee5 8 m\u00f3n ( T\u1ea4T C\u1ea2 M\u00c1Y C\u0168 HAY M\u1edaI )&quot;}\" data-sheets-userformat=\"{&quot;2&quot;:30909,&quot;3&quot;:{&quot;1&quot;:0,&quot;3&quot;:1},&quot;5&quot;:{&quot;1&quot;:[{&quot;1&quot;:2,&quot;2&quot;:0,&quot;5&quot;:{&quot;1&quot;:2,&quot;2&quot;:0}},{&quot;1&quot;:0,&quot;2&quot;:0,&quot;3&quot;:3},{&quot;1&quot;:1,&quot;2&quot;:0,&quot;4&quot;:1}]},&quot;6&quot;:{&quot;1&quot;:[{&quot;1&quot;:2,&quot;2&quot;:0,&quot;5&quot;:{&quot;1&quot;:2,&quot;2&quot;:0}},{&quot;1&quot;:0,&quot;2&quot;:0,&quot;3&quot;:3},{&quot;1&quot;:1,&quot;2&quot;:0,&quot;4&quot;:1}]},&quot;7&quot;:{&quot;1&quot;:[{&quot;1&quot;:2,&quot;2&quot;:0,&quot;5&quot;:{&quot;1&quot;:2,&quot;2&quot;:0}},{&quot;1&quot;:0,&quot;2&quot;:0,&quot;3&quot;:3},{&quot;1&quot;:1,&quot;2&quot;:0,&quot;4&quot;:1}]},&quot;8&quot;:{&quot;1&quot;:[{&quot;1&quot;:2,&quot;2&quot;:0,&quot;5&quot;:{&quot;1&quot;:2,&quot;2&quot;:0}},{&quot;1&quot;:0,&quot;2&quot;:0,&quot;3&quot;:3},{&quot;1&quot;:1,&quot;2&quot;:0,&quot;4&quot;:1}]},&quot;10&quot;:1,&quot;14&quot;:{&quot;1&quot;:3,&quot;3&quot;:1},&quot;15&quot;:&quot;Times New Roman&quot;,&quot;16&quot;:11,&quot;17&quot;:1}\">T\u1eb7ng b\u1ed9 d\u1ee5ng c\u1ee5 8 m\u00f3n\u00a0<\/span><\/h6>\n<\/li>\n<li>\n<h6>Ch\u00ednh s\u00e1ch \u0111\u1ed5i tr\u1ea3 h\u00e0ng b\u1ea3o h\u00e0nh 1 \u0111\u1ed5i 1<\/h6>\n<\/li>\n<\/ul>\n<\/div>\n<\/div>\n","protected":false},"featured_media":5164,"comment_status":"open","ping_status":"closed","template":"","meta":{"om_disable_all_campaigns":false,"_mi_skip_tracking":false,"_monsterinsights_sitenote_active":false,"_monsterinsights_sitenote_note":"","_monsterinsights_sitenote_category":0},"product_cat":[69],"product_tag":[],"class_list":["post-5163","product","type-product","status-publish","has-post-thumbnail","hentry","nhom-san-pham-may-pha-ca-phe","hang-may-pha-cafe-dalla","product_cat-may-pha-ca-phe-cu"],"_links":{"self":[{"href":"https:\/\/tohagroup.com\/en\/wp-json\/wp\/v2\/product\/5163","targetHints":{"allow":["GET"]}}],"collection":[{"href":"https:\/\/tohagroup.com\/en\/wp-json\/wp\/v2\/product"}],"about":[{"href":"https:\/\/tohagroup.com\/en\/wp-json\/wp\/v2\/types\/product"}],"replies":[{"embeddable":true,"href":"https:\/\/tohagroup.com\/en\/wp-json\/wp\/v2\/comments?post=5163"}],"wp:featuredmedia":[{"embeddable":true,"href":"https:\/\/tohagroup.com\/en\/wp-json\/wp\/v2\/media\/5164"}],"wp:attachment":[{"href":"https:\/\/tohagroup.com\/en\/wp-json\/wp\/v2\/media?parent=5163"}],"wp:term":[{"taxonomy":"product_cat","embeddable":true,"href":"https:\/\/tohagroup.com\/en\/wp-json\/wp\/v2\/product_cat?post=5163"},{"taxonomy":"product_tag","embeddable":true,"href":"https:\/\/tohagroup.com\/en\/wp-json\/wp\/v2\/product_tag?post=5163"}],"curies":[{"name":"wp","href":"https:\/\/api.w.org\/{rel}","templated":true}]}}