{"id":5100,"date":"2022-09-10T02:20:55","date_gmt":"2022-09-10T02:20:55","guid":{"rendered":"https:\/\/tohagroup.com\/?post_type=product&#038;p=5100"},"modified":"2022-09-13T02:24:45","modified_gmt":"2022-09-13T02:24:45","slug":"may-pha-ca-phe-nuova-simonelli-oscar-ii-2","status":"publish","type":"product","link":"https:\/\/tohagroup.com\/en\/san-pham\/may-pha-ca-phe-nuova-simonelli-oscar-ii-2\/","title":{"rendered":"M\u00e1y Pha C\u00e0 Ph\u00ea Nuova Simonelli Oscar II (m\u1edbi 85% &#8211; 95%)"},"content":{"rendered":"<h3>M\u00c1Y PHA C\u00c0 PH\u00ca NUOVA SIMONELLI OSCAR II<\/h3>\n<p><strong>M\u00e1y Pha C\u00e0 Ph\u00ea Nuova Simonelli Oscar<\/strong> \u0111\u01b0\u1ee3c m\u1ec7nh danh l\u00e0 d\u00f2ng m\u00e1y cao c\u1ea5p ch\u00ednh b\u1edfi nh\u1eefng b\u1ed9 ph\u1eadn c\u1ea5u th\u00e0nh nh\u01b0 tay n\u1eafm filter, tay c\u1ea7m, h\u1ec7 th\u1ed1ng c\u00e2n b\u1eb1ng nhi\u1ec7t v\u00e0 v\u00f2i \u0111\u00e1nh s\u1eefa c\u00f4ng su\u1ea5t cao. Ngo\u00e0i ra c\u00f2n c\u00f3 t\u00ednh n\u0103ng k\u1ef9 thu\u1eadt hi\u1ec7u qu\u1ea3, d\u1ec5 s\u1eed d\u1ee5ng, c\u0169ng nh\u01b0 c\u1ea7n \u0111\u00e1nh s\u1eefa d\u1ec5 d\u00e0ng di chuy\u1ec3n v\u00e0 b\u1ea3ng \u0111i\u1ec1u khi\u1ec3n b\u1eb1ng ph\u00edm m\u1ec1m.<\/p>\n<hr \/>\n<h3><strong>\u0110\u1eb7c \u0111i\u1ec3m n\u1ed5i b\u1eadt c\u1ee7a M\u00e1y pha c\u00e0 ph\u00ea Simonelli Oscar II<\/strong><\/h3>\n<h4><strong>Ch\u1ea5t li\u1ec7u cao c\u1ea5p:\u00a0<\/strong><\/h4>\n<ul>\n<li>V\u1ecf b\u00ean ngo\u00e0i b\u1eb1ng th\u00e9p kh\u00f4ng g\u1ec9 v\u00e0 c\u00e1c chi ti\u1ebft b\u1eb1ng nh\u1ef1a cao c\u1ea5p, g\u1ecdn nh\u1eb9 v\u00e0 ch\u1eafc ch\u1eafn h\u01a1n so v\u1edbi Oscar I, gi\u00fap gia t\u0103ng gi\u00e1 tr\u1ecb c\u1ee7a m\u00e1y.<\/li>\n<li>Thi\u1ebft k\u1ebf nh\u1ecf g\u1ecdn, v\u1ecf b\u1eb1ng inox kh\u00f4ng g\u1ec9 v\u00e0 nh\u1ef1a ABS r\u1ea5t ph\u00f9 h\u1ee3p cho c\u00e1c qu\u00e1n c\u00f3 kh\u00f4ng gian nh\u1ecf v\u00e0 c\u00f4ng su\u1ea5t v\u1eeba ph\u1ea3i.<\/li>\n<li>H\u1ec7 th\u1ed1ng nhi\u1ec7t \u1ed5n \u0111\u1ecbnh h\u01a1n gi\u00fap <strong>m\u00e1y pha c\u00e0 ph\u00ea Nuova Simonelli Oscar II<\/strong>\u00a0t\u1ea1o ra nh\u1eefng ly espresso c\u00f3 ch\u1ea5t l\u01b0\u1ee3ng t\u1ed1t h\u01a1n v\u00e0 \u0111\u1ed3ng \u0111\u1ec1u h\u01a1n.<\/li>\n<li><em><strong>S\u1ea3n ph\u1ea9m duy nh\u1ea5t<\/strong><\/em>\u00a0trong ph\u00e2n kh\u00fac gi\u00e1 30 tri\u1ec7u c\u00f3 thi\u1ebft k\u1ebf n\u1ed3i h\u01a1i 2 lit gi\u00fap m\u00e1y c\u00f3 \u0111\u01b0\u1ee3c c\u00f4ng su\u1ea5t kho\u1ea3ng 100 c\u1ed1c\/ 1 ng\u00e0y<\/li>\n<li>V\u00f2i \u0111\u00e1nh s\u1eefa c\u00f3 \u00e1p su\u1ea5t l\u1edbn \u0111\u01b0\u1ee3c c\u00e1c barista chuy\u00ean nghi\u1ec7p \u01b0a th\u00edch.<\/li>\n<li>Ti\u1ebft gi\u1ea3m v\u00f2i n\u01b0\u1edbc n\u00f3ng \u21d2 Gi\u00fap gi\u1ea3m gi\u00e1 th\u00e0nh.<\/li>\n<\/ul>\n<hr \/>\n<h2><b>Toha Group \u2013 Cung c\u1ea5p gi\u1ea3i ph\u00e1p cho m\u1ed9t ly c\u00e0 ph\u00ea ngon<\/b><\/h2>\n<p>=&gt;&gt;\u00a0<em>Tham kh\u1ea3o th\u00f4ng tin v\u00e0 c\u00e1c s\u1ea3n ph\u1ea9m <a href=\"https:\/\/tohagroup.com\/product-category\/may-pha-ca-phe-cho-quan\/\" target=\"_blank\" rel=\"nofollow noopener\">M\u00e1y pha c\u00e0 ph\u00ea d\u00e0nh cho qu\u00e1n<\/a> t\u1ea1i website ch\u00ednh h\u00e3ng <a href=\"http:\/\/www.tohagroup.com\">www.tohagroup.com<\/a><\/em><\/p>\n<p>\u0110\u1ec3 \u0111\u1ea3m b\u1ea3o mua <strong>M\u00e1y pha c\u00e0 ph\u00ea Schaerer Coffee Prime<\/strong>\u00a0ch\u00ednh h\u00e3ng vui l\u00f2ng t\u1edbi tr\u1ef1c ti\u1ebfp Showroom c\u1ee7a <strong>Toha Group<\/strong> tr\u00ean to\u00e0n qu\u1ed1c ho\u1eb7c \u0111\u1eb7t h\u00e0ng t\u1ea1i Website www.tohagroup.com \u2013 Ho\u1eb7c g\u1ecdi tr\u1ef1c ti\u1ebfp t\u1edbi <a href=\"tel:0867896096\" target=\"_blank\" rel=\"nofollow noopener\"><strong>Hotline: 08 6789 6096<\/strong><\/a>\u00a0\u0111\u1ec3 \u0111\u01b0\u1ee3c h\u1ed7 tr\u1ee3 \u0111\u1eb7t h\u00e0ng nhanh.<\/p>\n<p><span style=\"color: #ff0000;\"><strong>\u01afu \u0111\u00e3i:<\/strong> <\/span>Khi Qu\u00fd kh\u00e1ch h\u00e0ng theo d\u00f5i t\u1ea5t c\u1ea3 n\u1ec1n t\u1ea3ng c\u1ee7a Toha, qu\u00fd kh\u00e1ch s\u1ebd nh\u1eadn \u0111\u01b0\u1ee3c \u0111\u01b0\u1eddng d\u00e2y n\u00f3ng k\u1ebft n\u1ed1i &#8211; mua b\u00e1n &#8211; s\u1eeda ch\u1eefa, k\u00e8m theo \u0111\u00f3 l\u00e0 nhi\u1ec1u \u01b0u \u0111\u00e3i \u0111\u1eb7c bi\u1ec7t, nhi\u1ec1u ch\u01b0\u01a1ng tr\u00ecnh gi\u1ea3m gi\u00e1, v\u00e0 r\u1ea5t nhi\u1ec1u qu\u00e0 t\u1eb7ng kh\u00e1c \u0111\u1ebfn t\u1eeb Toha.<\/p>\n<h4 id=\"input_line_0\"><span id=\"input_part_0\" class=\"\" data-mention=\"Ch\u1ec9 \u0110\u01b0\u1eddng Google Map: https:\/\/g.page\/TOHACAFE?share \"><span style=\"color: #ff6600;\">Ch\u1ec9 \u0110\u01b0\u1eddng Google Map:<\/span><a href=\"https:\/\/g.page\/TOHACAFE?share\" rel=\"nofollow\" target=\"_blank\"> https:\/\/g.page\/TOHACAFE?share<\/a>\u00a0<\/span><\/h4>\n<h4 id=\"input_line_1\"><span id=\"input_part_0\" class=\"\" data-mention=\"Zalo Ch\u0103m S\u00f3c Kh\u00e1ch H\u00e0ng 24\/7: https:\/\/zalo.me\/2565949627324610829\"><span style=\"color: #ff6600;\">Zalo Ch\u0103m S\u00f3c Kh\u00e1ch H\u00e0ng 24\/7<\/span>: <a href=\"https:\/\/zalo.me\/2565949627324610829\" rel=\"nofollow noopener\" target=\"_blank\">https:\/\/zalo.me\/2565949627324610829<\/a><\/span><\/h4>\n<h4 id=\"input_line_2\"><span id=\"input_part_0\" class=\"\" data-mention=\"C\u1eadp Nh\u1eadt \u01afu \u0110\u00e3i: https:\/\/www.facebook.com\/tohagroupvn\"><span style=\"color: #ff6600;\">C\u1eadp Nh\u1eadt \u01afu \u0110\u00e3i:<\/span> <a href=\"https:\/\/www.facebook.com\/tohagroupvn\" rel=\"nofollow noopener\" target=\"_blank\">https:\/\/www.facebook.com\/tohagroupvn<\/a><\/span><\/h4>\n<p><span style=\"color: #000000;\"><b>\u0110\u1ec3 bi\u1ebft th\u00eam th\u00f4ng tin chi ti\u1ebft v\u00e0 \u0111\u1eb7t h\u00e0ng M\u00e1y pha c<\/b><strong>\u00e0 ph\u00ea Breville 870 XL, Qu\u00fd<\/strong><b> Kh\u00e1ch xin vui l\u00f2ng li\u00ean h\u1ec7 v\u1edbi ch\u00fang t\u00f4i qua:<\/b><\/span><\/p>\n<p><span style=\"font-weight: 400;\"><strong>&#8211;<span style=\"color: #ff6600;\">\u0110\u1ecba ch\u1ec9:<\/span><\/strong> 472 \/ 17 \u0111\u01b0\u1eddng Phan Huy \u00cdch, Ph\u01b0\u1eddng 12, Qu\u1eadn G\u00f2 V\u1ea5p HCM.<\/span><\/p>\n<p><span style=\"font-weight: 400;\">\u00a0 \u00a0 \u00a0 \u00a0 \u00a0 \u00a0 \u00a0 \u00a0111-112 A1, TT H\u00e0o Nam ng\u00f5 8A, \u0111\u01b0\u1eddng V\u0169 Th\u1ea1nh, Q.\u0110\u1ed1ng \u0110a, HN.<\/span><\/p>\n<p><span style=\"font-weight: 400; color: #ff6600;\"><strong>-Hotline:<\/strong><\/span><\/p>\n<ul>\n<li><span id=\"input_part_0\" class=\"\" data-mention=\"08 6269 6096 \">08 6269 6096 <\/span><\/li>\n<li><span id=\"input_part_0\" class=\"\" data-mention=\"08 6269 6096 \">08 6769 6096 <\/span><\/li>\n<li><span id=\"input_part_0\" class=\"\" data-mention=\"08 6269 6096 \">0978 121 033<\/span><\/li>\n<\/ul>\n<p><span style=\"font-weight: 400;\"><span style=\"color: #ff6600;\"><strong>-Gmail:<\/strong><\/span> info@tohagroup.com<\/span><\/p>\n<p><span style=\"font-weight: 400;\">Xin c\u00e1m \u01a1n s\u1ef1 quan t\u00e2m c\u1ee7a Qu\u00fd Kh\u00e1ch H\u00e0ng v\u1ec1 s\u1ea3n ph\u1ea9m <strong>M\u00e1y pha c\u00e0 ph\u00ea Schaerer Coffee Prime<\/strong><\/span><\/p>\n","protected":false},"excerpt":{"rendered":"<h4 class=\"promoadd__ttl\" style=\"text-align: left;\"><strong><i>2 \u01afU \u0110\u00c3I QU\u00c0 T\u1eb6NG<\/i><\/strong><\/h4>\n<h5 class=\"promoadd__ttl\" style=\"text-align: left;\">D\u1ef1 ki\u1ebfn \u00e1p d\u1ee5ng \u0111\u1ebfn 23:00 30\/09<\/h5>\n<div class=\"promo_BHX\">\n<div class=\"l2\">\n<ul>\n<li>\n<h6><span data-sheets-value=\"{&quot;1&quot;:2,&quot;2&quot;:&quot;T\u1eb7ng b\u1ed9 d\u1ee5ng c\u1ee5 8 m\u00f3n ( T\u1ea4T C\u1ea2 M\u00c1Y C\u0168 HAY M\u1edaI )&quot;}\" data-sheets-userformat=\"{&quot;2&quot;:30909,&quot;3&quot;:{&quot;1&quot;:0,&quot;3&quot;:1},&quot;5&quot;:{&quot;1&quot;:[{&quot;1&quot;:2,&quot;2&quot;:0,&quot;5&quot;:{&quot;1&quot;:2,&quot;2&quot;:0}},{&quot;1&quot;:0,&quot;2&quot;:0,&quot;3&quot;:3},{&quot;1&quot;:1,&quot;2&quot;:0,&quot;4&quot;:1}]},&quot;6&quot;:{&quot;1&quot;:[{&quot;1&quot;:2,&quot;2&quot;:0,&quot;5&quot;:{&quot;1&quot;:2,&quot;2&quot;:0}},{&quot;1&quot;:0,&quot;2&quot;:0,&quot;3&quot;:3},{&quot;1&quot;:1,&quot;2&quot;:0,&quot;4&quot;:1}]},&quot;7&quot;:{&quot;1&quot;:[{&quot;1&quot;:2,&quot;2&quot;:0,&quot;5&quot;:{&quot;1&quot;:2,&quot;2&quot;:0}},{&quot;1&quot;:0,&quot;2&quot;:0,&quot;3&quot;:3},{&quot;1&quot;:1,&quot;2&quot;:0,&quot;4&quot;:1}]},&quot;8&quot;:{&quot;1&quot;:[{&quot;1&quot;:2,&quot;2&quot;:0,&quot;5&quot;:{&quot;1&quot;:2,&quot;2&quot;:0}},{&quot;1&quot;:0,&quot;2&quot;:0,&quot;3&quot;:3},{&quot;1&quot;:1,&quot;2&quot;:0,&quot;4&quot;:1}]},&quot;10&quot;:1,&quot;14&quot;:{&quot;1&quot;:3,&quot;3&quot;:1},&quot;15&quot;:&quot;Times New Roman&quot;,&quot;16&quot;:11,&quot;17&quot;:1}\">T\u1eb7ng b\u1ed9 d\u1ee5ng c\u1ee5 8 m\u00f3n\u00a0<\/span><\/h6>\n<\/li>\n<li>\n<h6>Ch\u00ednh s\u00e1ch \u0111\u1ed5i tr\u1ea3 h\u00e0ng b\u1ea3o h\u00e0nh 1 \u0111\u1ed5i 1<\/h6>\n<\/li>\n<\/ul>\n<\/div>\n<\/div>\n","protected":false},"featured_media":5103,"comment_status":"open","ping_status":"closed","template":"","meta":{"om_disable_all_campaigns":false,"_mi_skip_tracking":false,"_monsterinsights_sitenote_active":false,"_monsterinsights_sitenote_note":"","_monsterinsights_sitenote_category":0},"product_cat":[69],"product_tag":[],"class_list":["post-5100","product","type-product","status-publish","has-post-thumbnail","hentry","product_cat-may-pha-ca-phe-cu"],"_links":{"self":[{"href":"https:\/\/tohagroup.com\/en\/wp-json\/wp\/v2\/product\/5100","targetHints":{"allow":["GET"]}}],"collection":[{"href":"https:\/\/tohagroup.com\/en\/wp-json\/wp\/v2\/product"}],"about":[{"href":"https:\/\/tohagroup.com\/en\/wp-json\/wp\/v2\/types\/product"}],"replies":[{"embeddable":true,"href":"https:\/\/tohagroup.com\/en\/wp-json\/wp\/v2\/comments?post=5100"}],"wp:featuredmedia":[{"embeddable":true,"href":"https:\/\/tohagroup.com\/en\/wp-json\/wp\/v2\/media\/5103"}],"wp:attachment":[{"href":"https:\/\/tohagroup.com\/en\/wp-json\/wp\/v2\/media?parent=5100"}],"wp:term":[{"taxonomy":"product_cat","embeddable":true,"href":"https:\/\/tohagroup.com\/en\/wp-json\/wp\/v2\/product_cat?post=5100"},{"taxonomy":"product_tag","embeddable":true,"href":"https:\/\/tohagroup.com\/en\/wp-json\/wp\/v2\/product_tag?post=5100"}],"curies":[{"name":"wp","href":"https:\/\/api.w.org\/{rel}","templated":true}]}}