{"id":5093,"date":"2022-09-10T01:52:56","date_gmt":"2022-09-10T01:52:56","guid":{"rendered":"https:\/\/tohagroup.com\/?post_type=product&#038;p=5093"},"modified":"2022-09-20T07:14:49","modified_gmt":"2022-09-20T07:14:49","slug":"may-pha-ca-phe-schaerer-coffee-prime","status":"publish","type":"product","link":"https:\/\/tohagroup.com\/en\/san-pham\/may-pha-ca-phe-schaerer-coffee-prime\/","title":{"rendered":"M\u00e1y pha c\u00e0 ph\u00ea Schaerer Coffee Prime (m\u1edbi 85% &#8211; 95%)"},"content":{"rendered":"<h3><strong>M\u00c1Y PHA C\u00c0 PH\u00ca SCHAERER COFFEE PRIME<\/strong><\/h3>\n<p><strong>M\u00e1y pha c\u00e0 ph\u00ea t\u1ef1 \u0111\u1ed9ng Schaerer Coffee Prime<\/strong>\u00a0thi\u1ebft k\u1ebf ki\u1ec3u d\u00e1ng hi\u1ec7n \u0111\u1ea1i, sang tr\u1ecdng ph\u00f9 h\u1ee3p v\u1edbi v\u0103n ph\u00f2ng, qu\u00e1n c\u00e0 ph\u00ea, tr\u01b0\u1eddng \u0111\u1ea1i h\u1ecdc, b\u1ec7nh vi\u1ec7n, trung t\u00e2m th\u1ec3 thao, s\u1ef1 ki\u1ec7n v\u0103n ho\u00e1, workshop, tr\u1ea1m x\u0103ng, \u0111\u1ea1i l\u00fd xe h\u01a1i.<\/p>\n<hr \/>\n<h3><b>\u0110\u1eb6C \u0110I\u1ec2M C\u1ee6A <\/b><strong>M\u00c1Y PHA C\u00c0 PH\u00ca SCHAERER COFFEE PRIME<img decoding=\"async\" class=\"aligncenter wp-image-5098\" src=\"https:\/\/tohagroup.com\/wp-content\/uploads\/2022\/09\/2-6.png\" alt=\"\" width=\"490\" height=\"411\" srcset=\"https:\/\/tohagroup.com\/wp-content\/uploads\/2022\/09\/2-6.png 940w, https:\/\/tohagroup.com\/wp-content\/uploads\/2022\/09\/2-6-300x251.png 300w, https:\/\/tohagroup.com\/wp-content\/uploads\/2022\/09\/2-6-768x644.png 768w, https:\/\/tohagroup.com\/wp-content\/uploads\/2022\/09\/2-6-600x503.png 600w\" sizes=\"(max-width: 490px) 100vw, 490px\" \/><\/strong><\/h3>\n<h3><strong>T\u00ednh N\u0103ng:\u00a0<\/strong><\/h3>\n<ul>\n<li>\u0110\u1ed3 u\u1ed1ng cho ng\u01b0\u1eddi s\u00e0nh \u0111i\u1ec7u\u00a0ch\u1ec9 b\u1eb1ng m\u1ed9t n\u00fat b\u1ea5m<\/li>\n<li>S\u1ef1 l\u1ef1a ch\u1ecdn ho\u00e0n h\u1ea3o cho nhu c\u1ea7u t\u1ef1 ph\u1ee5c v\u1ee5<\/li>\n<li>Ti\u1ebft ki\u1ec7m chi ph\u00ed v\u00e0 th\u00e2n thi\u1ec7n v\u1edbi m\u00f4i tr\u01b0\u1eddng \u0111\u1ec3 v\u1eadn h\u00e0nh<\/li>\n<li>L\u00e0m s\u1ea1ch v\u00e0 b\u1ea3o tr\u00ec t\u1ed1i thi\u1ec3u ho\u00e1<\/li>\n<li>C\u00f3 th\u1ec3 n\u00e2ng c\u1ea5p li\u00ean t\u1ee5c<\/li>\n<li>V\u01b0\u1ee3t tr\u1ed9i h\u01a1n\u00a0v\u1edbi Powerpack<\/li>\n<\/ul>\n<h3><strong>T\u1ea1i sao b\u1ea1n n\u00ean ch\u1ecdn Coffee Prime?<\/strong><\/h3>\n<h4><strong>\u0110\u1ed1i v\u1edbi b\u1ea5t k\u1ef3 ai mu\u1ed1n c\u00f3 Coffee Prime \u0111\u1ec3 s\u1eed d\u1ee5ng thu\u1eadn ti\u1ec7n lu\u00e2n chuy\u1ec3n, ch\u1eb3ng h\u1ea1n nh\u01b0 ph\u1ee5c v\u1ee5 s\u1ef1 ki\u1ec7n<\/strong><\/h4>\n<ul>\n<li>M\u00e1y pha c\u00e0 ph\u00ea ch\u1ec9 c\u1ea7n m\u1ed9t k\u1ebft n\u1ed1i \u0111i\u1ec7n<\/li>\n<li>Kh\u00f4ng c\u1ea7n k\u1ebft n\u1ed1i\u00a0n\u01b0\u1edbc<\/li>\n<li>C\u00f3 th\u1ec3 \u0111\u01b0\u1ee3c k\u1ebft h\u1ee3p v\u1edbi m\u1ed9t chi\u1ebfc xe \u0111\u1ea9y \u0111\u1ea7y phong c\u00e1ch v\u00e0 \u0111\u01b0\u1ee3c trang b\u1ecb ri\u00eang bi\u1ec7t v\u1edbi b\u00ecnh ch\u1ee9a n\u01b0\u1edbc u\u1ed1ng b\u00ean ngo\u00e0i, b\u00ecnh ch\u1ee9a n\u01b0\u1edbc b\u00e3, t\u1ee7 l\u1ea1nh, v&#8230;v<\/li>\n<\/ul>\n<h4><strong>\u0110\u1ed1i v\u1edbi ng\u00e0nh m\u00e1y b\u00e1n h\u00e0ng t\u1ef1 \u0111\u1ed9ng<\/strong><\/h4>\n<ul>\n<li>D\u1ec5 d\u00e0ng cung c\u1ea5p th\u1ee9c u\u1ed1ng\/ th\u00eam ngu\u1ed3n nguy\u00ean li\u1ec7u<\/li>\n<li>D\u1ec5 v\u1ec7 sinh<\/li>\n<li>Ch\u01b0\u01a1ng tr\u00ecnh l\u00e0m s\u1ea1ch t\u1ef1 \u0111\u1ed9ng cho h\u1ec7 th\u1ed1ng c\u00e0 ph\u00ea; S\u1ef1 thay\u00a0th\u1ebf NcFoamer [Ph\u00e1t minh\u00a0h\u1ec7 th\u1ed1ng s\u1eefa tu\u00e2n th\u1ee7 ch\u1ee9ng nh\u1eadn HACCP] m\u1ed7i 2 \u0111\u1ebfn 7 ng\u00e0y, t\u00f9y thu\u1ed9c v\u00e0o m\u1ee9c \u0111\u1ed9 ho\u1ea1t \u0111\u1ed9ng c\u1ee7a m\u00e1y<\/li>\n<\/ul>\n<h4><strong>\u0110\u1ed1i v\u1edbi b\u1ea5t c\u1ee9 ai cung c\u1ea5p gi\u1ea3i ph\u00e1p t\u1ef1 ph\u1ee5c v\u1ee5<\/strong><\/h4>\n<ul>\n<li>Kh\u1ea3 n\u0103ng t\u1ef1 ph\u1ee5c v\u1ee5 t\u1ed1i \u01b0u nh\u1edd t\u00ednh n\u0103ng\u00a0Touch IT<\/li>\n<li>S\u1eed d\u1ee5ng hi\u1ec3n th\u1ecb\u00a0cho n\u1ed9i dung qu\u1ea3ng c\u00e1o \/ ch\u01b0\u01a1ng tr\u00ecnh \u01b0u \u0111\u00e3i\u00a0\u0111\u1eb7c bi\u1ec7t<\/li>\n<li>K\u1ebft n\u1ed1i v\u1edbi c\u00e1c h\u1ec7 th\u1ed1ng thanh to\u00e1n th\u00f4ng d\u1ee5ng<\/li>\n<li>L\u00e0m s\u1ea1ch v\u00e0 b\u1ea3o tr\u00ec \u0111\u01b0\u1ee3c t\u1ed1i thi\u1ec3u<\/li>\n<li>Kh\u00f4ng c\u1ea7n v\u1ec7 sinh cho h\u1ec7 th\u1ed1ng s\u1eefa NcFoamer<\/li>\n<li>Ch\u01b0\u01a1ng tr\u00ecnh l\u00e0m s\u1ea1ch c\u00e0 ph\u00ea t\u1ef1 \u0111\u1ed9ng \u0111\u01b0\u1ee3c h\u1ed7 tr\u1ee3 b\u1edfi c\u00e1c h\u00ecnh \u0111\u1ed9ng minh ho\u1ea1<\/li>\n<li>B\u1ed9 ph\u1eadn\u00a0l\u00e0m m\u00e1t b\u00ean h\u00f4ng\u00a0c\u00f3 ti\u00eau chu\u1ea9n v\u1ec7 sinh ph\u00f9 h\u1ee3p v\u1edbi quy tr\u00ecnh ph\u00e2n t\u00edch HACCP<\/li>\n<\/ul>\n<h4><strong>B\u1ea3o tr\u1ecb v\u00e0 v\u1ec7 sinh t\u1ed1i thi\u1ec3u ho\u00e1<\/strong><\/h4>\n<ul>\n<li>Kh\u00f4ng b\u1eaft bu\u1ed9c ph\u1ea3i v\u1ec7 sinh v\u1edbi\u00a0h\u1ec7 th\u1ed1ng s\u1eefa\u00a0NCFoamer<\/li>\n<li>Ch\u01b0\u01a1ng tr\u00ecnh v\u1ec7 sinh c\u00e0 ph\u00ea t\u1ef1 \u0111\u1ed9ng \u0111\u01b0\u1ee3c h\u1ed7 tr\u1ee3 v\u1edbi\u00a0h\u00ecnh \u1ea3nh\u00a0\u0111\u1ed9ng<\/li>\n<li>B\u1ed9 ph\u1eadn l\u00e0m l\u1ea1nh b\u00ean c\u1ea1nh v\u1edbi ti\u00eau chu\u1ea9n v\u1ec7 sinh tu\u00e2n th\u1ee7 quy tr\u00ecnh ph\u00e2n t\u00edch\u00a0HACCP<\/li>\n<\/ul>\n<hr \/>\n<h2 id=\"ftoc-heading-10\" class=\"p1 ftwp-heading\"><b>Toha Group \u2013 Cung c\u1ea5p gi\u1ea3i ph\u00e1p cho m\u1ed9t ly c\u00e0 ph\u00ea ngon<\/b><\/h2>\n<p>=&gt;&gt;\u00a0<em>Tham kh\u1ea3o th\u00f4ng tin v\u00e0 c\u00e1c s\u1ea3n ph\u1ea9m <a href=\"https:\/\/tohagroup.com\/product-category\/may-pha-ca-phe-cho-quan\/\" target=\"_blank\" rel=\"nofollow noopener\">M\u00e1y pha c\u00e0 ph\u00ea d\u00e0nh cho qu\u00e1n<\/a> t\u1ea1i website ch\u00ednh h\u00e3ng <a href=\"http:\/\/www.tohagroup.com\">www.tohagroup.com<\/a><\/em><\/p>\n<p>\u0110\u1ec3 \u0111\u1ea3m b\u1ea3o mua <strong>M\u00e1y pha c\u00e0 ph\u00ea Schaerer Coffee Prime<\/strong>\u00a0ch\u00ednh h\u00e3ng vui l\u00f2ng t\u1edbi tr\u1ef1c ti\u1ebfp Showroom c\u1ee7a <strong>Toha Group<\/strong> tr\u00ean to\u00e0n qu\u1ed1c ho\u1eb7c \u0111\u1eb7t h\u00e0ng t\u1ea1i Website www.tohagroup.com \u2013 Ho\u1eb7c g\u1ecdi tr\u1ef1c ti\u1ebfp t\u1edbi <a href=\"tel:0867896096\" target=\"_blank\" rel=\"nofollow noopener\"><strong>Hotline: 08 6789 6096<\/strong><\/a>\u00a0\u0111\u1ec3 \u0111\u01b0\u1ee3c h\u1ed7 tr\u1ee3 \u0111\u1eb7t h\u00e0ng nhanh.<\/p>\n<p><span style=\"color: #ff0000;\"><strong>\u01afu \u0111\u00e3i:<\/strong> <\/span>Khi Qu\u00fd kh\u00e1ch h\u00e0ng theo d\u00f5i t\u1ea5t c\u1ea3 n\u1ec1n t\u1ea3ng c\u1ee7a Toha, qu\u00fd kh\u00e1ch s\u1ebd nh\u1eadn \u0111\u01b0\u1ee3c \u0111\u01b0\u1eddng d\u00e2y n\u00f3ng k\u1ebft n\u1ed1i &#8211; mua b\u00e1n &#8211; s\u1eeda ch\u1eefa, k\u00e8m theo \u0111\u00f3 l\u00e0 nhi\u1ec1u \u01b0u \u0111\u00e3i \u0111\u1eb7c bi\u1ec7t, nhi\u1ec1u ch\u01b0\u01a1ng tr\u00ecnh gi\u1ea3m gi\u00e1, v\u00e0 r\u1ea5t nhi\u1ec1u qu\u00e0 t\u1eb7ng kh\u00e1c \u0111\u1ebfn t\u1eeb Toha.<\/p>\n<h4 id=\"input_line_0\"><span id=\"input_part_0\" class=\"\" data-mention=\"Ch\u1ec9 \u0110\u01b0\u1eddng Google Map: https:\/\/g.page\/TOHACAFE?share \"><span style=\"color: #ff6600;\">Ch\u1ec9 \u0110\u01b0\u1eddng Google Map:<\/span><a href=\"https:\/\/g.page\/TOHACAFE?share\" rel=\"nofollow\" target=\"_blank\"> https:\/\/g.page\/TOHACAFE?share<\/a>\u00a0<\/span><\/h4>\n<h4 id=\"input_line_1\"><span id=\"input_part_0\" class=\"\" data-mention=\"Zalo Ch\u0103m S\u00f3c Kh\u00e1ch H\u00e0ng 24\/7: https:\/\/zalo.me\/2565949627324610829\"><span style=\"color: #ff6600;\">Zalo Ch\u0103m S\u00f3c Kh\u00e1ch H\u00e0ng 24\/7<\/span>: <a href=\"https:\/\/zalo.me\/2565949627324610829\" rel=\"nofollow noopener\" target=\"_blank\">https:\/\/zalo.me\/2565949627324610829<\/a><\/span><\/h4>\n<h4 id=\"input_line_2\"><span id=\"input_part_0\" class=\"\" data-mention=\"C\u1eadp Nh\u1eadt \u01afu \u0110\u00e3i: https:\/\/www.facebook.com\/tohagroupvn\"><span style=\"color: #ff6600;\">C\u1eadp Nh\u1eadt \u01afu \u0110\u00e3i:<\/span> <a href=\"https:\/\/www.facebook.com\/tohagroupvn\" rel=\"nofollow noopener\" target=\"_blank\">https:\/\/www.facebook.com\/tohagroupvn<\/a><\/span><\/h4>\n<p><span style=\"color: #000000;\"><b>\u0110\u1ec3 bi\u1ebft th\u00eam th\u00f4ng tin chi ti\u1ebft v\u00e0 \u0111\u1eb7t h\u00e0ng M\u00e1y pha c<\/b><strong>\u00e0 ph\u00ea Breville 870 XL, Qu\u00fd<\/strong><b> Kh\u00e1ch xin vui l\u00f2ng li\u00ean h\u1ec7 v\u1edbi ch\u00fang t\u00f4i qua:<\/b><\/span><\/p>\n<p><span style=\"font-weight: 400;\"><strong>&#8211;<span style=\"color: #ff6600;\">\u0110\u1ecba ch\u1ec9:<\/span><\/strong> 472 \/ 17 \u0111\u01b0\u1eddng Phan Huy \u00cdch, Ph\u01b0\u1eddng 12, Qu\u1eadn G\u00f2 V\u1ea5p HCM.<\/span><\/p>\n<p><span style=\"font-weight: 400;\">\u00a0 \u00a0 \u00a0 \u00a0 \u00a0 \u00a0 \u00a0 \u00a0111-112 A1, TT H\u00e0o Nam ng\u00f5 8A, \u0111\u01b0\u1eddng V\u0169 Th\u1ea1nh, Q.\u0110\u1ed1ng \u0110a, HN.<\/span><\/p>\n<p><span style=\"font-weight: 400; color: #ff6600;\"><strong>-Hotline:<\/strong><\/span><\/p>\n<ul>\n<li><span id=\"input_part_0\" class=\"\" data-mention=\"08 6269 6096 \">08 6269 6096 <\/span><\/li>\n<li><span id=\"input_part_0\" class=\"\" data-mention=\"08 6269 6096 \">08 6769 6096 <\/span><\/li>\n<li><span id=\"input_part_0\" class=\"\" data-mention=\"08 6269 6096 \">0978 121 033<\/span><\/li>\n<\/ul>\n<p><span style=\"font-weight: 400;\"><span style=\"color: #ff6600;\"><strong>-Gmail:<\/strong><\/span> info@tohagroup.com<\/span><\/p>\n<p><span style=\"font-weight: 400;\">Xin c\u00e1m \u01a1n s\u1ef1 quan t\u00e2m c\u1ee7a Qu\u00fd Kh\u00e1ch H\u00e0ng v\u1ec1 s\u1ea3n ph\u1ea9m <strong>M\u00e1y pha c\u00e0 ph\u00ea Schaerer Coffee Prime<\/strong><\/span><\/p>\n","protected":false},"excerpt":{"rendered":"<h4 class=\"promoadd__ttl\" style=\"text-align: left;\"><strong><i>2 \u01afU \u0110\u00c3I QU\u00c0 T\u1eb6NG<\/i><\/strong><\/h4>\n<h5 class=\"promoadd__ttl\" style=\"text-align: left;\">D\u1ef1 ki\u1ebfn \u00e1p d\u1ee5ng \u0111\u1ebfn 23:00 30\/09<\/h5>\n<div class=\"promo_BHX\">\n<div class=\"l2\">\n<ul>\n<li>\n<h6><span data-sheets-value=\"{&quot;1&quot;:2,&quot;2&quot;:&quot;T\u1eb7ng b\u1ed9 d\u1ee5ng c\u1ee5 8 m\u00f3n ( T\u1ea4T C\u1ea2 M\u00c1Y C\u0168 HAY M\u1edaI )&quot;}\" data-sheets-userformat=\"{&quot;2&quot;:30909,&quot;3&quot;:{&quot;1&quot;:0,&quot;3&quot;:1},&quot;5&quot;:{&quot;1&quot;:[{&quot;1&quot;:2,&quot;2&quot;:0,&quot;5&quot;:{&quot;1&quot;:2,&quot;2&quot;:0}},{&quot;1&quot;:0,&quot;2&quot;:0,&quot;3&quot;:3},{&quot;1&quot;:1,&quot;2&quot;:0,&quot;4&quot;:1}]},&quot;6&quot;:{&quot;1&quot;:[{&quot;1&quot;:2,&quot;2&quot;:0,&quot;5&quot;:{&quot;1&quot;:2,&quot;2&quot;:0}},{&quot;1&quot;:0,&quot;2&quot;:0,&quot;3&quot;:3},{&quot;1&quot;:1,&quot;2&quot;:0,&quot;4&quot;:1}]},&quot;7&quot;:{&quot;1&quot;:[{&quot;1&quot;:2,&quot;2&quot;:0,&quot;5&quot;:{&quot;1&quot;:2,&quot;2&quot;:0}},{&quot;1&quot;:0,&quot;2&quot;:0,&quot;3&quot;:3},{&quot;1&quot;:1,&quot;2&quot;:0,&quot;4&quot;:1}]},&quot;8&quot;:{&quot;1&quot;:[{&quot;1&quot;:2,&quot;2&quot;:0,&quot;5&quot;:{&quot;1&quot;:2,&quot;2&quot;:0}},{&quot;1&quot;:0,&quot;2&quot;:0,&quot;3&quot;:3},{&quot;1&quot;:1,&quot;2&quot;:0,&quot;4&quot;:1}]},&quot;10&quot;:1,&quot;14&quot;:{&quot;1&quot;:3,&quot;3&quot;:1},&quot;15&quot;:&quot;Times New Roman&quot;,&quot;16&quot;:11,&quot;17&quot;:1}\">T\u1eb7ng b\u1ed9 d\u1ee5ng c\u1ee5 8 m\u00f3n\u00a0<\/span><\/h6>\n<\/li>\n<li>\n<h6>Ch\u00ednh s\u00e1ch \u0111\u1ed5i tr\u1ea3 h\u00e0ng b\u1ea3o h\u00e0nh 1 \u0111\u1ed5i 1<\/h6>\n<\/li>\n<\/ul>\n<\/div>\n<\/div>\n","protected":false},"featured_media":5096,"comment_status":"open","ping_status":"closed","template":"","meta":{"om_disable_all_campaigns":false,"_mi_skip_tracking":false,"_monsterinsights_sitenote_active":false,"_monsterinsights_sitenote_note":"","_monsterinsights_sitenote_category":0},"product_cat":[69],"product_tag":[],"class_list":["post-5093","product","type-product","status-publish","has-post-thumbnail","hentry","product_cat-may-pha-ca-phe-cu"],"_links":{"self":[{"href":"https:\/\/tohagroup.com\/en\/wp-json\/wp\/v2\/product\/5093","targetHints":{"allow":["GET"]}}],"collection":[{"href":"https:\/\/tohagroup.com\/en\/wp-json\/wp\/v2\/product"}],"about":[{"href":"https:\/\/tohagroup.com\/en\/wp-json\/wp\/v2\/types\/product"}],"replies":[{"embeddable":true,"href":"https:\/\/tohagroup.com\/en\/wp-json\/wp\/v2\/comments?post=5093"}],"wp:featuredmedia":[{"embeddable":true,"href":"https:\/\/tohagroup.com\/en\/wp-json\/wp\/v2\/media\/5096"}],"wp:attachment":[{"href":"https:\/\/tohagroup.com\/en\/wp-json\/wp\/v2\/media?parent=5093"}],"wp:term":[{"taxonomy":"product_cat","embeddable":true,"href":"https:\/\/tohagroup.com\/en\/wp-json\/wp\/v2\/product_cat?post=5093"},{"taxonomy":"product_tag","embeddable":true,"href":"https:\/\/tohagroup.com\/en\/wp-json\/wp\/v2\/product_tag?post=5093"}],"curies":[{"name":"wp","href":"https:\/\/api.w.org\/{rel}","templated":true}]}}