{"id":5073,"date":"2022-09-09T10:03:09","date_gmt":"2022-09-09T10:03:09","guid":{"rendered":"https:\/\/tohagroup.com\/?post_type=product&#038;p=5073"},"modified":"2022-09-20T04:25:25","modified_gmt":"2022-09-20T04:25:25","slug":"may-dinh-luong-duong-fest-rc216","status":"publish","type":"product","link":"https:\/\/tohagroup.com\/en\/san-pham\/may-dinh-luong-duong-fest-rc216\/","title":{"rendered":"M\u00e1y \u0110\u1ecbnh L\u01b0\u1ee3ng \u0110\u01b0\u1eddng Fest Rc216"},"content":{"rendered":"<h3>M\u00c1Y \u0110\u1ecaNH L\u01af\u1ee2NG \u0110\u01af\u1edcNG FEST RC216<\/h3>\n<p>M\u00e1y \u0111\u1ecbnh l\u01b0\u1ee3ng \u0111\u01b0\u1eddng Fest RC16 gi\u00fap c\u00e1c ch\u1ee7 qu\u00e1n \u0111\u1ea3m b\u1ea3o \u0111\u01b0\u1ee3c h\u01b0\u01a1ng v\u1ecb \u0111\u1ed3 u\u1ed1ng m\u1ed9t c\u00e1ch chu\u1ea9n x\u00e1c nh\u1ea5t. Thay v\u00ec ph\u1ea3i \u0111ong \u0111\u1ebfm siro, \u0111\u01b0\u1eddng,\u2026 b\u1eb1ng tay th\u00ec v\u1edbi m\u00e1y \u0111\u1ecbnh l\u01b0\u1ee3ng \u0111\u01b0\u1eddng Fest th\u00ec vi\u1ec7c n\u00e0y \u0111\u00e3 \u0111\u01b0\u1ee3c t\u1ef1 \u0111\u1ed9ng h\u00f3a ho\u00e0n to\u00e0n gi\u00fap vi\u1ec7c pha ch\u1ebf nhanh g\u1ea5p \u0111\u00f4i.<\/p>\n<hr \/>\n<h3><strong>\u01afU \u0110I\u1ec2M N\u1ed4I B\u1eacT C\u1ee6A M\u00c1Y \u0110\u1ecaNH L\u01af\u1ee2NG \u0110\u01af\u1edcNG FEST RC16<\/strong><\/h3>\n<p>&#8211; T\u1ed1c \u0111\u1ed9 \u0111o l\u01b0\u1eddng ch\u00ednh x\u00e1c v\u00e0 nhanh ch\u00f3ng nh\u1ea5t.<\/p>\n<p>&#8211; M\u00e1y \u0111\u01b0\u1ee3c s\u1eed d\u1ee5ng \u0111\u1ec3 r\u00f3t \u0111\u01b0\u1eddng, s\u1eefa chua, kem, siro, n\u01b0\u1edbc s\u1ed1t v\u00e0 \u0111\u1ecbnh l\u01b0\u1ee3ng b\u1eb1ng b\u1eb1ng \u0111i\u1ec7n t\u1eed \u0111\u1ec3 \u0111em t\u1edbi k\u1ebft qu\u1ea3 ch\u00ednh x\u00e1c nh\u1ea5t.<\/p>\n<p>&#8211; Dung t\u00edch c\u1ee7a m\u00e1y l\u00e0 12L, gi\u00fap ng\u01b0\u1eddi d\u00f9ng tho\u1ea3i m\u00e1i v\u00e0 ti\u1ec7n d\u1ee5ng h\u01a1n.<\/p>\n<p>&#8211; M\u00e1y c\u00f3 th\u1ec3 pha \u0111\u01b0\u1ee3c l\u01b0\u1ee3ng \u0111\u01b0\u1eddng v\u1eeba ph\u1ea3i, chuy\u00ean nghi\u1ec7p nh\u01b0 nh\u00e2n vi\u00ean pha ch\u1ebf.<\/p>\n<p>&#8211; Thi\u1ebft b\u1ecb s\u1eed d\u1ee5ng th\u00e9p kh\u00f4ng g\u1ec9, d\u1ec5 d\u00e0ng trong vi\u1ec7c v\u1ec7 sinh, lau ch\u00f9i v\u00e0 \u0111\u1eb7c bi\u1ec7t l\u00e0 an to\u00e0n v\u1edbi m\u00f4i tr\u01b0\u1eddng v\u00e0 ng\u01b0\u1eddi s\u1eed d\u1ee5ng.<\/p>\n<h3><img decoding=\"async\" class=\"aligncenter wp-image-5076\" src=\"https:\/\/tohagroup.com\/wp-content\/uploads\/2022\/09\/11-2.png\" alt=\"M\u00c1Y \u0110\u1ecaNH L\u01af\u1ee2NG \u0110\u01af\u1edcNG FEST RC216\" width=\"616\" height=\"516\" srcset=\"https:\/\/tohagroup.com\/wp-content\/uploads\/2022\/09\/11-2.png 940w, https:\/\/tohagroup.com\/wp-content\/uploads\/2022\/09\/11-2-300x251.png 300w, https:\/\/tohagroup.com\/wp-content\/uploads\/2022\/09\/11-2-768x644.png 768w, https:\/\/tohagroup.com\/wp-content\/uploads\/2022\/09\/11-2-600x503.png 600w\" sizes=\"(max-width: 616px) 100vw, 616px\" \/><\/h3>\n<hr \/>\n<h3><strong>C\u00d4NG D\u1ee4NG M\u00c1Y \u0110\u1ecaNH L\u01af\u1ee2NG \u0110\u01af\u1edcNG FEST RC-16<\/strong><\/h3>\n<p>M\u00e1y \u0111\u1ecbnh l\u01b0\u1ee3ng \u0111\u01b0\u1eddng\u00a0Fest RC-16 c\u00f3 t\u1ed1c \u0111\u1ed9 \u0111o l\u01b0\u1eddng nhanh ch\u00f3ng v\u00e0 ch\u00ednh x\u00e1c cao. V\u00ec v\u1eady n\u00f3 th\u01b0\u1eddng xuy\u00ean \u0111\u01b0\u1ee3c s\u1eed d\u1ee5ng \u0111\u1ec3 r\u00f3t \u0111\u01b0\u1eddng, siro, syrup, kem, s\u1eefa chua, n\u01b0\u1edbc s\u1ed1t, n\u01b0\u1edbc tr\u00e1i c\u00e2y,&#8230; \u0111\u1ec3 pha ch\u1ebf nhi\u1ec1u lo\u1ea1i \u0111\u1ed3 u\u1ed1ng kh\u00e1c nhau. Thi\u1ebft b\u1ecb n\u00e0y c\u0169ng h\u1ea1n ch\u1ebf nh\u1eefng r\u1ee7i ro trong qu\u00e1 tr\u00ecnh pha ch\u1ebf nh\u01b0 qu\u00ean c\u00f4ng th\u1ee9c, cho \u0111\u01b0\u1eddng qu\u00e1 tay, nhi\u1ec1u ho\u1eb7c \u00edt. T\u1eeb \u0111\u00f3 \u0111\u1ea3m b\u1ea3o ch\u1ea5t l\u01b0\u1ee3ng c\u00e1c ly \u0111\u1ed3 u\u1ed1ng \u0111\u1ed3ng \u0111\u1ec1u nhau, gi\u1eef tr\u1ecdn b\u00ed quy\u1ebft pha ch\u1ebf ri\u00eang cho c\u1eeda h\u00e0ng \u0111\u1ed3 u\u1ed1ng.<\/p>\n<hr \/>\n<h3><strong>H\u01af\u1edaNG D\u1eaaN S\u1eec D\u1ee4NG M\u00c1Y \u0110\u1ecaNH L\u01af\u1ee2NG \u0110\u01af\u1edcNG FEST RC16<\/strong><\/h3>\n<h4>\u00a0<em>M\u00e1y g\u1ed3m 3 khu v\u1ef1c ch\u00ednh, \u0111\u00f3 l\u00e0 :<\/em><\/h4>\n<p>&#8211; Hai n\u00fat \u0111\u1ecf ph\u00eda d\u01b0\u1edbi c\u00f9ng s\u1eed d\u1ee5ng \u0111\u1ec3 b\u1eadt m\u00e1y v\u00e0 \u0111o \u0111\u01b0\u1eddng th\u1ee7 c\u00f4ng.<\/p>\n<p>&#8211; B\u1ed1n ph\u00edm m\u00e0u xanh x\u00e1m \u1edf tr\u00ean d\u00f9ng \u0111\u1ec3 c\u00e0i \u0111\u1eb7t l\u01b0\u1ee3ng \u0111\u01b0\u1eddng cho c\u00e1c ph\u00edm m\u00e0u v\u00e0ng \u1edf d\u00e3y b\u00ean c\u1ea1nh, gi\u00fap b\u1ea1n \u0111i\u1ec1u ch\u1ec9nh \u0111\u01b0\u1ee3c l\u01b0\u1ee3ng \u0111\u01b0\u1eddng chu\u1ea9n nh\u1ea5t.<\/p>\n<p>&#8211; 16 ph\u00edm m\u00e0u v\u00e0ng t\u01b0\u1ee3ng tr\u01b0ng cho 16 m\u1ee9c \u0111\u1ed9 l\u01b0\u1ee3ng \u0111\u01b0\u1eddng kh\u00e1c nhau.<\/p>\n<p>&nbsp;<\/p>\n<hr \/>\n<h2 id=\"ftoc-heading-10\" class=\"p1 ftwp-heading\"><b>Toha Group \u2013 Cung c\u1ea5p gi\u1ea3i ph\u00e1p cho m\u1ed9t ly c\u00e0 ph\u00ea ngon<\/b><\/h2>\n<p>=&gt;&gt;\u00a0<em>Tham kh\u1ea3o th\u00f4ng tin v\u00e0 c\u00e1c s\u1ea3n ph\u1ea9m <a href=\"https:\/\/tohagroup.com\/product-category\/may-pha-ca-phe-cho-quan\/\" target=\"_blank\" rel=\"nofollow noopener\">M\u00e1y pha c\u00e0 ph\u00ea d\u00e0nh cho qu\u00e1n<\/a> t\u1ea1i website ch\u00ednh h\u00e3ng <a href=\"http:\/\/www.tohagroup.com\">www.tohagroup.com<\/a><\/em><\/p>\n<p>\u0110\u1ec3 \u0111\u1ea3m b\u1ea3o mua <b>M\u00e1y \u0110\u1ecbnh L\u01b0\u1ee3ng \u0110\u01b0\u1eddng Fest Rc216<\/b><strong><b>\u00a0<\/b><\/strong>ch\u00ednh h\u00e3ng vui l\u00f2ng t\u1edbi tr\u1ef1c ti\u1ebfp Showroom c\u1ee7a <strong>Toha Group<\/strong> tr\u00ean to\u00e0n qu\u1ed1c ho\u1eb7c \u0111\u1eb7t h\u00e0ng t\u1ea1i Website www.tohagroup.com \u2013 Ho\u1eb7c g\u1ecdi tr\u1ef1c ti\u1ebfp t\u1edbi <a href=\"tel:0867896096\" target=\"_blank\" rel=\"nofollow noopener\"><strong>Hotline: 08 6789 6096<\/strong><\/a>\u00a0\u0111\u1ec3 \u0111\u01b0\u1ee3c h\u1ed7 tr\u1ee3 \u0111\u1eb7t h\u00e0ng nhanh.<\/p>\n<p><span style=\"color: #ff0000;\"><strong>\u01afu \u0111\u00e3i:<\/strong> <\/span>Khi Qu\u00fd kh\u00e1ch h\u00e0ng theo d\u00f5i t\u1ea5t c\u1ea3 n\u1ec1n t\u1ea3ng c\u1ee7a Toha, qu\u00fd kh\u00e1ch s\u1ebd nh\u1eadn \u0111\u01b0\u1ee3c \u0111\u01b0\u1eddng d\u00e2y n\u00f3ng k\u1ebft n\u1ed1i &#8211; mua b\u00e1n &#8211; s\u1eeda ch\u1eefa, k\u00e8m theo \u0111\u00f3 l\u00e0 nhi\u1ec1u \u01b0u \u0111\u00e3i \u0111\u1eb7c bi\u1ec7t, nhi\u1ec1u ch\u01b0\u01a1ng tr\u00ecnh gi\u1ea3m gi\u00e1, v\u00e0 r\u1ea5t nhi\u1ec1u qu\u00e0 t\u1eb7ng kh\u00e1c \u0111\u1ebfn t\u1eeb Toha.<\/p>\n<h4 id=\"input_line_0\"><span id=\"input_part_0\" class=\"\" data-mention=\"Ch\u1ec9 \u0110\u01b0\u1eddng Google Map: https:\/\/g.page\/TOHACAFE?share \"><span style=\"color: #ff6600;\">Ch\u1ec9 \u0110\u01b0\u1eddng Google Map:<\/span><a href=\"https:\/\/g.page\/TOHACAFE?share\" rel=\"nofollow\" target=\"_blank\"> https:\/\/g.page\/TOHACAFE?share<\/a>\u00a0<\/span><\/h4>\n<h4 id=\"input_line_1\"><span id=\"input_part_0\" class=\"\" data-mention=\"Zalo Ch\u0103m S\u00f3c Kh\u00e1ch H\u00e0ng 24\/7: https:\/\/zalo.me\/2565949627324610829\"><span style=\"color: #ff6600;\">Zalo Ch\u0103m S\u00f3c Kh\u00e1ch H\u00e0ng 24\/7<\/span>: <a href=\"https:\/\/zalo.me\/2565949627324610829\" rel=\"nofollow noopener\" target=\"_blank\">https:\/\/zalo.me\/2565949627324610829<\/a><\/span><\/h4>\n<h4 id=\"input_line_2\"><span id=\"input_part_0\" class=\"\" data-mention=\"C\u1eadp Nh\u1eadt \u01afu \u0110\u00e3i: https:\/\/www.facebook.com\/tohagroupvn\"><span style=\"color: #ff6600;\">C\u1eadp Nh\u1eadt \u01afu \u0110\u00e3i:<\/span> <a href=\"https:\/\/www.facebook.com\/tohagroupvn\" rel=\"nofollow noopener\" target=\"_blank\">https:\/\/www.facebook.com\/tohagroupvn<\/a><\/span><\/h4>\n<p><span style=\"color: #000000;\"><b>\u0110\u1ec3 bi\u1ebft th\u00eam th\u00f4ng tin chi ti\u1ebft v\u00e0 \u0111\u1eb7t h\u00e0ng M\u00e1y pha c<\/b><strong>\u00e0 ph\u00ea Breville 870 XL, Qu\u00fd<\/strong><b> Kh\u00e1ch xin vui l\u00f2ng li\u00ean h\u1ec7 v\u1edbi ch\u00fang t\u00f4i qua:<\/b><\/span><\/p>\n<p><span style=\"font-weight: 400;\"><strong>&#8211;<span style=\"color: #ff6600;\">\u0110\u1ecba ch\u1ec9:<\/span><\/strong> 472 \/ 17 \u0111\u01b0\u1eddng Phan Huy \u00cdch, Ph\u01b0\u1eddng 12, Qu\u1eadn G\u00f2 V\u1ea5p HCM.<\/span><\/p>\n<p><span style=\"font-weight: 400;\">\u00a0 \u00a0 \u00a0 \u00a0 \u00a0 \u00a0 \u00a0 \u00a0111-112 A1, TT H\u00e0o Nam ng\u00f5 8A, \u0111\u01b0\u1eddng V\u0169 Th\u1ea1nh, Q.\u0110\u1ed1ng \u0110a, HN.<\/span><\/p>\n<p><span style=\"font-weight: 400; color: #ff6600;\"><strong>-Hotline:<\/strong><\/span><\/p>\n<ul>\n<li><span id=\"input_part_0\" class=\"\" data-mention=\"08 6269 6096 \">08 6269 6096 <\/span><\/li>\n<li><span id=\"input_part_0\" class=\"\" data-mention=\"08 6269 6096 \">08 6769 6096 <\/span><\/li>\n<li><span id=\"input_part_0\" class=\"\" data-mention=\"08 6269 6096 \">0978 121 033<\/span><\/li>\n<\/ul>\n<p><span style=\"font-weight: 400;\"><span style=\"color: #ff6600;\"><strong>-Gmail:<\/strong><\/span> info@tohagroup.com<\/span><\/p>\n<p><span style=\"font-weight: 400;\">Xin c\u00e1m \u01a1n s\u1ef1 quan t\u00e2m c\u1ee7a Qu\u00fd Kh\u00e1ch H\u00e0ng v\u1ec1 s\u1ea3n ph\u1ea9m<b> M\u00e1y \u0110\u1ecbnh L\u01b0\u1ee3ng \u0110\u01b0\u1eddng Fest Rc216<\/b><\/span><\/p>\n","protected":false},"excerpt":{"rendered":"<p>M\u00c1Y \u0110\u1ecaNH L\u01af\u1ee2NG \u0110\u01af\u1edcNG FEST RC216 M\u00e1y \u0111\u1ecbnh l\u01b0\u1ee3ng \u0111\u01b0\u1eddng Fest RC16 gi\u00fap c\u00e1c ch\u1ee7 qu\u00e1n \u0111\u1ea3m b\u1ea3o \u0111\u01b0\u1ee3c h\u01b0\u01a1ng v\u1ecb \u0111\u1ed3 u\u1ed1ng m\u1ed9t c\u00e1ch chu\u1ea9n x\u00e1c nh\u1ea5t. Thay v\u00ec ph\u1ea3i \u0111ong \u0111\u1ebfm siro, \u0111\u01b0\u1eddng,\u2026 b\u1eb1ng tay th\u00ec v\u1edbi m\u00e1y \u0111\u1ecbnh l\u01b0\u1ee3ng \u0111\u01b0\u1eddng Fest th\u00ec vi\u1ec7c n\u00e0y \u0111\u00e3 \u0111\u01b0\u1ee3c t\u1ef1 \u0111\u1ed9ng h\u00f3a ho\u00e0n to\u00e0n gi\u00fap &#8230; <a title=\"M\u00e1y \u0110\u1ecbnh L\u01b0\u1ee3ng \u0110\u01b0\u1eddng Fest Rc216\" class=\"read-more\" href=\"https:\/\/tohagroup.com\/en\/san-pham\/may-dinh-luong-duong-fest-rc216\/\" aria-label=\"More on M\u00e1y \u0110\u1ecbnh L\u01b0\u1ee3ng \u0110\u01b0\u1eddng Fest Rc216\">Read more<\/a><\/p>\n","protected":false},"featured_media":5076,"comment_status":"open","ping_status":"closed","template":"","meta":{"om_disable_all_campaigns":false,"_mi_skip_tracking":false,"_monsterinsights_sitenote_active":false,"_monsterinsights_sitenote_note":"","_monsterinsights_sitenote_category":0},"product_cat":[65],"product_tag":[],"class_list":["post-5073","product","type-product","status-publish","has-post-thumbnail","hentry","nhom-san-pham-may-xay-sinh-to-may-ep-may-lam-da","product_cat-may-ep"],"_links":{"self":[{"href":"https:\/\/tohagroup.com\/en\/wp-json\/wp\/v2\/product\/5073","targetHints":{"allow":["GET"]}}],"collection":[{"href":"https:\/\/tohagroup.com\/en\/wp-json\/wp\/v2\/product"}],"about":[{"href":"https:\/\/tohagroup.com\/en\/wp-json\/wp\/v2\/types\/product"}],"replies":[{"embeddable":true,"href":"https:\/\/tohagroup.com\/en\/wp-json\/wp\/v2\/comments?post=5073"}],"wp:featuredmedia":[{"embeddable":true,"href":"https:\/\/tohagroup.com\/en\/wp-json\/wp\/v2\/media\/5076"}],"wp:attachment":[{"href":"https:\/\/tohagroup.com\/en\/wp-json\/wp\/v2\/media?parent=5073"}],"wp:term":[{"taxonomy":"product_cat","embeddable":true,"href":"https:\/\/tohagroup.com\/en\/wp-json\/wp\/v2\/product_cat?post=5073"},{"taxonomy":"product_tag","embeddable":true,"href":"https:\/\/tohagroup.com\/en\/wp-json\/wp\/v2\/product_tag?post=5073"}],"curies":[{"name":"wp","href":"https:\/\/api.w.org\/{rel}","templated":true}]}}