{"id":5049,"date":"2022-09-09T08:52:27","date_gmt":"2022-09-09T08:52:27","guid":{"rendered":"https:\/\/tohagroup.com\/?post_type=product&#038;p=5049"},"modified":"2022-09-13T02:20:25","modified_gmt":"2022-09-13T02:20:25","slug":"may-pha-ca-phe-petrus-pe-3200","status":"publish","type":"product","link":"https:\/\/tohagroup.com\/en\/san-pham\/may-pha-ca-phe-petrus-pe-3200\/","title":{"rendered":"M\u00e1y pha c\u00e0 ph\u00ea Saeco Minuto (m\u1edbi 85% &#8211; 95%)"},"content":{"rendered":"<h3><b>M\u00c1Y PHA C\u00c0 PH\u00ca SAECO MINUTO<\/b><\/h3>\n<p><strong>M\u00e1y pha c\u00e0 ph\u00ea Saeco Minuto<\/strong> \u0111\u01b0\u1ee3c thi\u1ebft k\u1ebf v\u1edbi l\u1edbp v\u1ecf ch\u1ea5t li\u1ec7u nh\u1ef1a ABS cao c\u1ea5p, d\u1ec5 d\u00e0ng lau ch\u00f9i, s\u1ebd l\u00e0m n\u1ed5i b\u1eadt l\u00ean kh\u00f4ng gian b\u1ed1 tr\u00ed m\u00e1y.<img decoding=\"async\" class=\"aligncenter wp-image-5089\" src=\"https:\/\/tohagroup.com\/wp-content\/uploads\/2022\/09\/1-4.png\" alt=\"\" width=\"570\" height=\"478\" srcset=\"https:\/\/tohagroup.com\/wp-content\/uploads\/2022\/09\/1-4.png 940w, https:\/\/tohagroup.com\/wp-content\/uploads\/2022\/09\/1-4-300x251.png 300w, https:\/\/tohagroup.com\/wp-content\/uploads\/2022\/09\/1-4-768x644.png 768w, https:\/\/tohagroup.com\/wp-content\/uploads\/2022\/09\/1-4-600x503.png 600w\" sizes=\"(max-width: 570px) 100vw, 570px\" \/><\/p>\n<hr \/>\n<h3><b>\u0110\u1eb6C \u0110I\u1ec2M C\u1ee6A M\u00c1Y PHA C\u00c0 PH\u00ca SAECO MINUTO.<\/b><\/h3>\n<h4><strong>B\u00ecnh \u0111un k\u00e9p<\/strong><\/h4>\n<p>V\u1edbi b\u00ecnh \u0111un k\u00e9p b\u1ea1n c\u00f3 th\u1ec3 thay th\u1ebf hai b\u1ed9 ph\u1eadn \u0111un n\u01b0\u1edbc n\u00f3ng v\u00e0 \u0111un s\u1eefa cho nhau, kh\u1ea3 n\u0103ng \u0111un nhanh ch\u00f3ng\u00a0<strong><em>m\u00e1y pha c\u00e0 ph\u00ea Saeco Minuto\u00a0<\/em><\/strong>lu\u00f4n trong tr\u1ea1ng th\u00e1i s\u1eb5n s\u00e0ng ph\u1ee5c v\u1ee5 nh\u1eefng ly c\u00e0 ph\u00ea n\u00f3ng h\u1ed5i, th\u01a1m ngon, \u0111\u00e1p \u1ee9ng \u0111\u01b0\u1ee3c nhu c\u1ea7u c\u1ee7a nhi\u1ec1u ng\u01b0\u1eddi. Pha \u0111\u01b0\u1ee3c c\u00e1c lo\u1ea1i c\u00e0 ph\u00ea nh\u01b0 Espresso, Cappuchino, Latte.. \u0111\u1ed3ng th\u1eddi c\u00f3 c\u00e1c m\u1ee9c \u0111\u1ed9 \u0111i\u1ec1u ch\u1ec9nh c\u00e0 ph\u00ea kh\u00e1c nhau v\u1ec1: \u0111\u1ed9 \u0111\u1eadm-nh\u1ea1t c\u1ee7a c\u00e0 ph\u00ea, m\u1ee9c \u0111\u1ed9 nhi\u1ec1u \u00edt.<\/p>\n<h4><strong>Dung t\u00edch l\u00fd t\u01b0\u1edfng<\/strong><\/h4>\n<p>Dung t\u00edch l\u00fd t\u01b0\u1edfng cho d\u00f2ng t\u1ef1 \u0111\u1ed9ng, ng\u0103n ch\u1ee9a h\u1ea1t c\u00e0 ph\u00ea 250g v\u00e0 dung t\u00edch ng\u0103n ch\u1ee9a n\u01b0\u1edbc 1.8 l\u00edt c\u1ee7a\u00a0<strong><em>m\u00e1y pha c\u00e0 ph\u00ea Saeco Minuto<\/em><\/strong>\u00a0gi\u00fap b\u1ea1n pha c\u00e0 ph\u00ea l\u00ean \u0111\u1ebfn 50 ly do \u0111\u00f3 b\u1ea1n kh\u00f4ng c\u1ea7n ph\u1ea3i th\u01b0\u1eddng xuy\u00ean thay n\u01b0\u1edbc hay \u0111\u1ed5 th\u00eam h\u1ea1t c\u00e0 ph\u00ea v\u00e0o.<\/p>\n<h4><strong>Ch\u1ee9c n\u0103ng ghi nh\u1edb th\u00f4ng minh<\/strong><\/h4>\n<p>Vi\u1ec7c t\u1ea1o ra m\u1ed9t ly c\u00e0 ph\u00ea h\u1ee3p kh\u1ea9u v\u1ecb v\u1edbi b\u1ea1n tr\u1edf n\u00ean d\u1ec5 d\u00e0ng h\u01a1n khi c\u00f3 th\u1ec3 c\u00e0i \u0111\u1eb7t nhi\u1ec7t \u0111\u1ed9, l\u01b0\u1ee3ng th\u00e0nh ph\u1ea7n m\u00e0 b\u1ea1n mong mu\u1ed1n v\u00e0 ch\u1ec9 v\u1edbi m\u1ed9t n\u00fat nh\u1ea5n tr\u00ean <strong><em>Saeco Minuto<\/em><\/strong>, b\u1ea1n s\u1ebd nhanh ch\u00f3ng c\u00f3 \u0111\u01b0\u1ee3c ly c\u00e0 ph\u00ea mang phong c\u00e1ch c\u1ee7a m\u00ecnh.\u00a0M\u00e1y c\u00f2n c\u00f3 ch\u1ee9c n\u0103ng l\u01b0u l\u1ea1i th\u00f4ng tin c\u00e0i \u0111\u1eb7t c\u00e0 ph\u00ea y\u00eau th\u00edch, b\u1ea1n s\u1ebd lu\u00f4n c\u00f3 nh\u1eefng t\u00e1ch Espresso ho\u00e0n h\u1ea3o theo s\u1edf th\u00edch c\u00e1 nh\u00e2n nh\u1edd v\u00e0o ch\u1ee9c n\u0103ng ghi nh\u1edb s\u00e1ng t\u1ea1o n\u00e0y.<\/p>\n<h4><strong>\u0110i\u1ec1u ch\u1ec9nh \u0111\u1ed9 cao ph\u00f9 h\u1ee3p v\u1edbi t\u1eebng ly t\u00e1ch<\/strong><\/h4>\n<p>Ch\u1ec9 c\u1ea7n \u0111\u1ea9y nh\u1eb9 v\u00f2i pha c\u00e0 ph\u00ea l\u00ean ho\u1eb7c xu\u1ed1ng b\u1ea1n \u0111\u00e3 c\u00f3 th\u1ec3 s\u1eed d\u1ee5ng cho c\u00e1c lo\u1ea1i ly l\u1edbn nh\u1ecf ph\u00f9 h\u1ee3p. \u0110i\u1ec1u \u0111\u00f3 c\u00f2n gi\u00fap h\u1ea1n ch\u1ebf c\u00e0 ph\u00ea b\u1eafn ra ngo\u00e0i v\u00e0 m\u1ea5t nhi\u1ec7t trong qu\u00e1 tr\u00ecnh chi\u1ebft su\u1ea5t c\u00e0 ph\u00ea.<\/p>\n<hr \/>\n<h2 id=\"ftoc-heading-10\" class=\"p1 ftwp-heading\"><b>Toha Group \u2013 Cung c\u1ea5p gi\u1ea3i ph\u00e1p cho m\u1ed9t ly c\u00e0 ph\u00ea ngon<\/b><\/h2>\n<p>=&gt;&gt;\u00a0<em>Tham kh\u1ea3o th\u00f4ng tin v\u00e0 c\u00e1c s\u1ea3n ph\u1ea9m <a href=\"https:\/\/tohagroup.com\/product-category\/may-pha-ca-phe-cho-quan\/\" target=\"_blank\" rel=\"nofollow noopener\">M\u00e1y pha c\u00e0 ph\u00ea d\u00e0nh cho qu\u00e1n<\/a> t\u1ea1i website ch\u00ednh h\u00e3ng <a href=\"http:\/\/www.tohagroup.com\">www.tohagroup.com<\/a><\/em><\/p>\n<p>\u0110\u1ec3 \u0111\u1ea3m b\u1ea3o mua <strong>M\u00e1y Saeco Minuto<\/strong>\u00a0ch\u00ednh h\u00e3ng vui l\u00f2ng t\u1edbi tr\u1ef1c ti\u1ebfp Showroom c\u1ee7a <strong>Toha Group<\/strong> tr\u00ean to\u00e0n qu\u1ed1c ho\u1eb7c \u0111\u1eb7t h\u00e0ng t\u1ea1i Website www.tohagroup.com \u2013 Ho\u1eb7c g\u1ecdi tr\u1ef1c ti\u1ebfp t\u1edbi <a href=\"tel:0867896096\" target=\"_blank\" rel=\"nofollow noopener\"><strong>Hotline: 08 6789 6096<\/strong><\/a>\u00a0\u0111\u1ec3 \u0111\u01b0\u1ee3c h\u1ed7 tr\u1ee3 \u0111\u1eb7t h\u00e0ng nhanh.<\/p>\n<p><span style=\"color: #ff0000;\"><strong>\u01afu \u0111\u00e3i:<\/strong> <\/span>Khi Qu\u00fd kh\u00e1ch h\u00e0ng theo d\u00f5i t\u1ea5t c\u1ea3 n\u1ec1n t\u1ea3ng c\u1ee7a Toha, qu\u00fd kh\u00e1ch s\u1ebd nh\u1eadn \u0111\u01b0\u1ee3c \u0111\u01b0\u1eddng d\u00e2y n\u00f3ng k\u1ebft n\u1ed1i &#8211; mua b\u00e1n &#8211; s\u1eeda ch\u1eefa, k\u00e8m theo \u0111\u00f3 l\u00e0 nhi\u1ec1u \u01b0u \u0111\u00e3i \u0111\u1eb7c bi\u1ec7t, nhi\u1ec1u ch\u01b0\u01a1ng tr\u00ecnh gi\u1ea3m gi\u00e1, v\u00e0 r\u1ea5t nhi\u1ec1u qu\u00e0 t\u1eb7ng kh\u00e1c \u0111\u1ebfn t\u1eeb Toha.<\/p>\n<h4 id=\"input_line_0\"><span id=\"input_part_0\" class=\"\" data-mention=\"Ch\u1ec9 \u0110\u01b0\u1eddng Google Map: https:\/\/g.page\/TOHACAFE?share \"><span style=\"color: #ff6600;\">Ch\u1ec9 \u0110\u01b0\u1eddng Google Map:<\/span><a href=\"https:\/\/g.page\/TOHACAFE?share\" rel=\"nofollow\" target=\"_blank\"> https:\/\/g.page\/TOHACAFE?share<\/a>\u00a0<\/span><\/h4>\n<h4 id=\"input_line_1\"><span id=\"input_part_0\" class=\"\" data-mention=\"Zalo Ch\u0103m S\u00f3c Kh\u00e1ch H\u00e0ng 24\/7: https:\/\/zalo.me\/2565949627324610829\"><span style=\"color: #ff6600;\">Zalo Ch\u0103m S\u00f3c Kh\u00e1ch H\u00e0ng 24\/7<\/span>: <a href=\"https:\/\/zalo.me\/2565949627324610829\" rel=\"nofollow noopener\" target=\"_blank\">https:\/\/zalo.me\/2565949627324610829<\/a><\/span><\/h4>\n<h4 id=\"input_line_2\"><span id=\"input_part_0\" class=\"\" data-mention=\"C\u1eadp Nh\u1eadt \u01afu \u0110\u00e3i: https:\/\/www.facebook.com\/tohagroupvn\"><span style=\"color: #ff6600;\">C\u1eadp Nh\u1eadt \u01afu \u0110\u00e3i:<\/span> <a href=\"https:\/\/www.facebook.com\/tohagroupvn\" rel=\"nofollow noopener\" target=\"_blank\">https:\/\/www.facebook.com\/tohagroupvn<\/a><\/span><\/h4>\n<p><span style=\"color: #000000;\"><b>\u0110\u1ec3 bi\u1ebft th\u00eam th\u00f4ng tin chi ti\u1ebft v\u00e0 \u0111\u1eb7t h\u00e0ng M\u00e1y pha c<\/b><strong>\u00e0 ph\u00ea Breville 870 XL, Qu\u00fd<\/strong><b> Kh\u00e1ch xin vui l\u00f2ng li\u00ean h\u1ec7 v\u1edbi ch\u00fang t\u00f4i qua:<\/b><\/span><\/p>\n<p><span style=\"font-weight: 400;\"><strong>&#8211;<span style=\"color: #ff6600;\">\u0110\u1ecba ch\u1ec9:<\/span><\/strong> 472 \/ 17 \u0111\u01b0\u1eddng Phan Huy \u00cdch, Ph\u01b0\u1eddng 12, Qu\u1eadn G\u00f2 V\u1ea5p HCM.<\/span><\/p>\n<p><span style=\"font-weight: 400;\">\u00a0 \u00a0 \u00a0 \u00a0 \u00a0 \u00a0 \u00a0 \u00a0111-112 A1, TT H\u00e0o Nam ng\u00f5 8A, \u0111\u01b0\u1eddng V\u0169 Th\u1ea1nh, Q.\u0110\u1ed1ng \u0110a, HN.<\/span><\/p>\n<p><span style=\"font-weight: 400; color: #ff6600;\"><strong>-Hotline:<\/strong><\/span><\/p>\n<ul>\n<li><span id=\"input_part_0\" class=\"\" data-mention=\"08 6269 6096 \">08 6269 6096 <\/span><\/li>\n<li><span id=\"input_part_0\" class=\"\" data-mention=\"08 6269 6096 \">08 6769 6096 <\/span><\/li>\n<li><span id=\"input_part_0\" class=\"\" data-mention=\"08 6269 6096 \">0978 121 033<\/span><\/li>\n<\/ul>\n<p><span style=\"font-weight: 400;\"><span style=\"color: #ff6600;\"><strong>-Gmail:<\/strong><\/span> info@tohagroup.com<\/span><\/p>\n<p><span style=\"font-weight: 400;\">Xin c\u00e1m \u01a1n s\u1ef1 quan t\u00e2m c\u1ee7a Qu\u00fd Kh\u00e1ch H\u00e0ng v\u1ec1 s\u1ea3n ph\u1ea9m <strong>M\u00e1y pha c\u00e0 ph\u00ea Saeco Minuto<\/strong><\/span><\/p>\n","protected":false},"excerpt":{"rendered":"<h4 class=\"promoadd__ttl\" style=\"text-align: left;\"><strong><i>2 \u01afU \u0110\u00c3I QU\u00c0 T\u1eb6NG<\/i><\/strong><\/h4>\n<h5 class=\"promoadd__ttl\" style=\"text-align: left;\">D\u1ef1 ki\u1ebfn \u00e1p d\u1ee5ng \u0111\u1ebfn 23:00 30\/09<\/h5>\n<div class=\"promo_BHX\">\n<div class=\"l2\">\n<ul>\n<li>\n<h6><span data-sheets-value=\"{&quot;1&quot;:2,&quot;2&quot;:&quot;T\u1eb7ng b\u1ed9 d\u1ee5ng c\u1ee5 8 m\u00f3n ( T\u1ea4T C\u1ea2 M\u00c1Y C\u0168 HAY M\u1edaI )&quot;}\" data-sheets-userformat=\"{&quot;2&quot;:30909,&quot;3&quot;:{&quot;1&quot;:0,&quot;3&quot;:1},&quot;5&quot;:{&quot;1&quot;:[{&quot;1&quot;:2,&quot;2&quot;:0,&quot;5&quot;:{&quot;1&quot;:2,&quot;2&quot;:0}},{&quot;1&quot;:0,&quot;2&quot;:0,&quot;3&quot;:3},{&quot;1&quot;:1,&quot;2&quot;:0,&quot;4&quot;:1}]},&quot;6&quot;:{&quot;1&quot;:[{&quot;1&quot;:2,&quot;2&quot;:0,&quot;5&quot;:{&quot;1&quot;:2,&quot;2&quot;:0}},{&quot;1&quot;:0,&quot;2&quot;:0,&quot;3&quot;:3},{&quot;1&quot;:1,&quot;2&quot;:0,&quot;4&quot;:1}]},&quot;7&quot;:{&quot;1&quot;:[{&quot;1&quot;:2,&quot;2&quot;:0,&quot;5&quot;:{&quot;1&quot;:2,&quot;2&quot;:0}},{&quot;1&quot;:0,&quot;2&quot;:0,&quot;3&quot;:3},{&quot;1&quot;:1,&quot;2&quot;:0,&quot;4&quot;:1}]},&quot;8&quot;:{&quot;1&quot;:[{&quot;1&quot;:2,&quot;2&quot;:0,&quot;5&quot;:{&quot;1&quot;:2,&quot;2&quot;:0}},{&quot;1&quot;:0,&quot;2&quot;:0,&quot;3&quot;:3},{&quot;1&quot;:1,&quot;2&quot;:0,&quot;4&quot;:1}]},&quot;10&quot;:1,&quot;14&quot;:{&quot;1&quot;:3,&quot;3&quot;:1},&quot;15&quot;:&quot;Times New Roman&quot;,&quot;16&quot;:11,&quot;17&quot;:1}\">T\u1eb7ng b\u1ed9 d\u1ee5ng c\u1ee5 8 m\u00f3n\u00a0<\/span><\/h6>\n<\/li>\n<li>\n<h6>Ch\u00ednh s\u00e1ch \u0111\u1ed5i tr\u1ea3 h\u00e0ng b\u1ea3o h\u00e0nh 1 \u0111\u1ed5i 1<\/h6>\n<\/li>\n<\/ul>\n<\/div>\n<\/div>\n","protected":false},"featured_media":5091,"comment_status":"open","ping_status":"closed","template":"","meta":{"om_disable_all_campaigns":false,"_mi_skip_tracking":false,"_monsterinsights_sitenote_active":false,"_monsterinsights_sitenote_note":"","_monsterinsights_sitenote_category":0},"product_cat":[69],"product_tag":[],"class_list":["post-5049","product","type-product","status-publish","has-post-thumbnail","hentry","nhom-san-pham-may-pha-ca-phe","product_cat-may-pha-ca-phe-cu"],"_links":{"self":[{"href":"https:\/\/tohagroup.com\/en\/wp-json\/wp\/v2\/product\/5049","targetHints":{"allow":["GET"]}}],"collection":[{"href":"https:\/\/tohagroup.com\/en\/wp-json\/wp\/v2\/product"}],"about":[{"href":"https:\/\/tohagroup.com\/en\/wp-json\/wp\/v2\/types\/product"}],"replies":[{"embeddable":true,"href":"https:\/\/tohagroup.com\/en\/wp-json\/wp\/v2\/comments?post=5049"}],"wp:featuredmedia":[{"embeddable":true,"href":"https:\/\/tohagroup.com\/en\/wp-json\/wp\/v2\/media\/5091"}],"wp:attachment":[{"href":"https:\/\/tohagroup.com\/en\/wp-json\/wp\/v2\/media?parent=5049"}],"wp:term":[{"taxonomy":"product_cat","embeddable":true,"href":"https:\/\/tohagroup.com\/en\/wp-json\/wp\/v2\/product_cat?post=5049"},{"taxonomy":"product_tag","embeddable":true,"href":"https:\/\/tohagroup.com\/en\/wp-json\/wp\/v2\/product_tag?post=5049"}],"curies":[{"name":"wp","href":"https:\/\/api.w.org\/{rel}","templated":true}]}}