{"id":5046,"date":"2022-09-09T08:37:04","date_gmt":"2022-09-09T08:37:04","guid":{"rendered":"https:\/\/tohagroup.com\/?post_type=product&#038;p=5046"},"modified":"2022-09-09T10:36:56","modified_gmt":"2022-09-09T10:36:56","slug":"may-xay-vitamix-quiet-one","status":"publish","type":"product","link":"https:\/\/tohagroup.com\/en\/san-pham\/may-xay-vitamix-quiet-one\/","title":{"rendered":"M\u00e1y xay vitamix quiet one &#8211; Qua s\u1eed d\u1ee5ng."},"content":{"rendered":"<h3><strong>M\u00c1Y XAY VITAMIX QUIET ONE\u00a0<\/strong><\/h3>\n<p>M\u00e1y xay Vitamix Quiet One\u00a0\u0111\u01b0\u1ee3c tin t\u01b0\u1edfng s\u1eed d\u1ee5ng b\u1edfi c\u00e1c qu\u00e1n c\u00e0 ph\u00ea kh\u1eafp th\u1ebf gi\u1edbi v\u1edbi h\u01a1n 93 ch\u1ebf \u0111\u1ed9 xay kh\u00e1c nhau,\u00a0Vitamix Quiet One\u00a0gi\u1ea3m thi\u1ec7u \u0111\u1ed9 \u1ed3n t\u1ed1i \u0111a.<\/p>\n<p><img decoding=\"async\" class=\"aligncenter size-full wp-image-5054\" src=\"https:\/\/tohagroup.com\/wp-content\/uploads\/2022\/09\/3-4.png\" alt=\"May xay sinh to Vitamix The Quiet One\" width=\"940\" height=\"788\" srcset=\"https:\/\/tohagroup.com\/wp-content\/uploads\/2022\/09\/3-4.png 940w, https:\/\/tohagroup.com\/wp-content\/uploads\/2022\/09\/3-4-300x251.png 300w, https:\/\/tohagroup.com\/wp-content\/uploads\/2022\/09\/3-4-768x644.png 768w, https:\/\/tohagroup.com\/wp-content\/uploads\/2022\/09\/3-4-600x503.png 600w\" sizes=\"(max-width: 940px) 100vw, 940px\" \/><\/p>\n<hr \/>\n<h3><strong>M\u00c1Y XAY VITAMIX QUIET ONE TOHA C\u00d3 G\u00cc?<\/strong><\/h3>\n<h4><strong>C\u00f4ng ngh\u1ec7 gi\u1ea3m \u00e2m t\u00e2n ti\u1ebfn.<\/strong><\/h4>\n<p><em>M\u00e1y xay Vitamix Quiet One<\/em>\u00a0s\u1edf h\u1eefu c\u00f4ng ngh\u1ec7 gi\u1ea3m \u00e2m t\u00e2n ti\u1ebfn nh\u1ea5t, gi\u1ea3m thi\u1ec3u \u0111\u1ed9 \u1ed3n \u0111\u1ebfn t\u1ed1i \u0111a. Vi\u1ec7c n\u00e0y gi\u00fap tr\u00e1nh l\u00e0m phi\u1ec1n \u0111\u1ebfn kh\u00e1ch h\u00e0ng khi h\u1ecd c\u1ea7n trao \u0111\u1ed5i \u0111\u1ebfn nh\u1eefng v\u1ea5n \u0111\u1ec1 ri\u00eang t\u01b0 c\u0169ng nh\u01b0 c\u00f4ng vi\u1ec7c, \u0111\u1ed9 \u1ed3n c\u1ee7a m\u00e1y l\u00e0 t\u1eeb 59 t\u1edbi 68dB.\u00a0<a title=\"m\u00e1y xay sinh t\u1ed1 Vitamix\" href=\"http:\/\/www.phuongbinhgroup.com.vn\/collections\/may-xay-vitamix\" rel=\"nofollow noopener\" target=\"_blank\"><em>M\u00e1y xay sinh t\u1ed1 Vitamix<\/em><\/a>\u00a0c\u00f3 kh\u1ea3 n\u0103ng \u0111\u1ea1t \u0111\u01b0\u1ee3c k\u1ebft qu\u1ea3 n\u00e0y l\u00e0 nh\u1edd v\u00e0o nh\u1eefng\u00a0gi\u1ea3i ph\u00e1p c\u00f4ng ngh\u1ec7; th\u1ee9 nh\u1ea5t: v\u1ecf c\u1ee7a m\u00e1y \u0111\u01b0\u1ee3c l\u00e0m t\u1eeb nh\u1eefng ch\u1ea5t li\u1ec7u d\u1ea7y v\u00e0 h\u00fat \u00e2m gi\u00fap gi\u1ea3m ti\u1ebfng \u1ed3n c\u1ee7a m\u00f4-t\u01a1. Th\u00eam v\u00e0o \u0111\u00f3 l\u1ed3ng gi\u1ea3m \u00e2m g\u1ea5n v\u1edbi h\u1ec7 th\u1ed1ng nam ch\u00e2m l\u00e0m gi\u1ea3m \u0111\u1ed9 rung. <img decoding=\"async\" class=\"aligncenter size-full wp-image-5050\" src=\"https:\/\/tohagroup.com\/wp-content\/uploads\/2022\/09\/1-3.png\" alt=\"May xay sinh to Vitamix The Quiet One\" width=\"940\" height=\"788\" srcset=\"https:\/\/tohagroup.com\/wp-content\/uploads\/2022\/09\/1-3.png 940w, https:\/\/tohagroup.com\/wp-content\/uploads\/2022\/09\/1-3-300x251.png 300w, https:\/\/tohagroup.com\/wp-content\/uploads\/2022\/09\/1-3-768x644.png 768w, https:\/\/tohagroup.com\/wp-content\/uploads\/2022\/09\/1-3-600x503.png 600w\" sizes=\"(max-width: 940px) 100vw, 940px\" \/><\/p>\n<h4><strong>\u0110\u1ed9ng c\u01a1 3 ng\u1ef1a<\/strong><\/h4>\n<p><em>M\u00e1y xay Vitamix Quiet One<\/em>\u00a0\u0111\u01b0\u1ee3c g\u1eafn v\u1edbi \u0111\u1ed9ng c\u01a1 3 ng\u1ef1a. Vitamix thi\u1ebft k\u1ebft \u0111\u1ed9ng c\u01a1 n\u00e0y \u0111\u1ec3 c\u00f3 th\u1ec3 nghi\u1ec1n n\u00e1t nh\u1eefng nguy\u00ean li\u1ec7u c\u1ee9ng nh\u1ea5t v\u00e0 n\u1eb7ng nh\u1ea5t v\u1edbi b\u1ea5t k\u00ec t\u1ed1c \u0111\u1ed9 n\u00e0o. Vitamix \u0111\u00e3 \u0111i\u1ec1u ch\u1ec9nh v\u00e0 l\u1eadp tr\u00ecnh Quite One \u0111\u1ec3 v\u1eadn h\u00e0nh \u1edf nh\u1eefng t\u1ed1t \u0111\u1ed9 ho\u00e0n nh\u1ea5t v\u1edbi th\u1eddi gian t\u1ed1i \u01b0u gi\u00fap t\u1ea1o ra nh\u1eefng th\u1ee9c u\u1ed1ng ngon nh\u1ea5t. Vitamix Quiet One t\u1ea1o ra nh\u1eefng s\u1ea3n ph\u1ea9m \u0111\u1ed3ng \u0111\u1ec1u v\u1edbi th\u1edd gian nhan nh\u1ea5t gi\u00fap ti\u1ebft ki\u1ec7m th\u1eddi gian, nh\u00e2n l\u1ef1c nh\u01b0ng v\u1eabn cung c\u1ea5p d\u1ecbch v\u1ee5 t\u1ed1t nh\u1ea5t cho kh\u00e1ch h\u00e0ng.<\/p>\n<p><img decoding=\"async\" class=\"aligncenter size-full wp-image-5052\" src=\"https:\/\/tohagroup.com\/wp-content\/uploads\/2022\/09\/2-4.png\" alt=\"May xay sinh to Vitamix The Quiet One\" width=\"940\" height=\"788\" srcset=\"https:\/\/tohagroup.com\/wp-content\/uploads\/2022\/09\/2-4.png 940w, https:\/\/tohagroup.com\/wp-content\/uploads\/2022\/09\/2-4-300x251.png 300w, https:\/\/tohagroup.com\/wp-content\/uploads\/2022\/09\/2-4-768x644.png 768w, https:\/\/tohagroup.com\/wp-content\/uploads\/2022\/09\/2-4-600x503.png 600w\" sizes=\"(max-width: 940px) 100vw, 940px\" \/><\/p>\n<hr \/>\n<h2 id=\"ftoc-heading-10\" class=\"p1 ftwp-heading\"><b>Toha Group \u2013 Cung c\u1ea5p gi\u1ea3i ph\u00e1p cho m\u1ed9t ly c\u00e0 ph\u00ea ngon<\/b><\/h2>\n<p>=&gt;&gt;\u00a0<em>Tham kh\u1ea3o th\u00f4ng tin v\u00e0 c\u00e1c s\u1ea3n ph\u1ea9m <a href=\"https:\/\/tohagroup.com\/product-category\/may-pha-ca-phe-cho-quan\/\" target=\"_blank\" rel=\"nofollow noopener\">M\u00e1y pha c\u00e0 ph\u00ea d\u00e0nh cho qu\u00e1n<\/a> t\u1ea1i website ch\u00ednh h\u00e3ng <a href=\"http:\/\/www.tohagroup.com\">www.tohagroup.com<\/a><\/em><\/p>\n<p>\u0110\u1ec3 \u0111\u1ea3m b\u1ea3o mua M\u00e1y xay vitamix quiet one Toha<strong><b>\u00a0<\/b><\/strong>ch\u00ednh h\u00e3ng vui l\u00f2ng t\u1edbi tr\u1ef1c ti\u1ebfp Showroom c\u1ee7a <strong>Toha Group<\/strong> tr\u00ean to\u00e0n qu\u1ed1c ho\u1eb7c \u0111\u1eb7t h\u00e0ng t\u1ea1i Website www.tohagroup.com \u2013 Ho\u1eb7c g\u1ecdi tr\u1ef1c ti\u1ebfp t\u1edbi <a href=\"tel:0867896096\" target=\"_blank\" rel=\"nofollow noopener\"><strong>Hotline: 08 6789 6096<\/strong><\/a>\u00a0\u0111\u1ec3 \u0111\u01b0\u1ee3c h\u1ed7 tr\u1ee3 \u0111\u1eb7t h\u00e0ng nhanh.<\/p>\n<p><span style=\"color: #ff0000;\"><strong>\u01afu \u0111\u00e3i:<\/strong> <\/span>Khi Qu\u00fd kh\u00e1ch h\u00e0ng theo d\u00f5i t\u1ea5t c\u1ea3 n\u1ec1n t\u1ea3ng c\u1ee7a Toha, qu\u00fd kh\u00e1ch s\u1ebd nh\u1eadn \u0111\u01b0\u1ee3c \u0111\u01b0\u1eddng d\u00e2y n\u00f3ng k\u1ebft n\u1ed1i &#8211; mua b\u00e1n &#8211; s\u1eeda ch\u1eefa, k\u00e8m theo \u0111\u00f3 l\u00e0 nhi\u1ec1u \u01b0u \u0111\u00e3i \u0111\u1eb7c bi\u1ec7t, nhi\u1ec1u ch\u01b0\u01a1ng tr\u00ecnh gi\u1ea3m gi\u00e1, v\u00e0 r\u1ea5t nhi\u1ec1u qu\u00e0 t\u1eb7ng kh\u00e1c \u0111\u1ebfn t\u1eeb Toha.<\/p>\n<p><strong>Link vote Google Map:<\/strong> <a href=\"https:\/\/g.page\/TOHACAFE?share\" rel=\"nofollow\" target=\"_blank\">https:\/\/g.page\/TOHACAFE?share<\/a><\/p>\n<p><strong>Follow zalo OA:<\/strong> <a href=\"https:\/\/zalo.me\/2565949627324610829\" rel=\"nofollow noopener\" target=\"_blank\">https:\/\/zalo.me\/2565949627324610829<\/a><\/p>\n<p><strong>Fanpage c\u00f4ng ty:<\/strong> <a href=\"https:\/\/www.facebook.com\/tohagroupvn\" rel=\"nofollow noopener\" target=\"_blank\">https:\/\/www.facebook.com\/tohagroupvn<\/a><\/p>\n<p><b>\u0110\u1ec3 bi\u1ebft th\u00eam th\u00f4ng tin chi ti\u1ebft v\u00e0 \u0111\u1eb7t h\u00e0ng M\u00e1y xay vitamix quiet one Toha<\/b><strong>, Qu\u00fd<\/strong><b> Kh\u00e1ch xin vui l\u00f2ng li\u00ean h\u1ec7 v\u1edbi ch\u00fang t\u00f4i qua:<\/b><\/p>\n<p><span style=\"font-weight: 400;\"><strong>-\u0110\u1ecba ch\u1ec9:<\/strong> 472 \/ 17 \u0111\u01b0\u1eddng Phan Huy \u00cdch, Ph\u01b0\u1eddng 12, Qu\u1eadn G\u00f2 V\u1ea5p HCM.<\/span><\/p>\n<p><span style=\"font-weight: 400;\">\u00a0 \u00a0 \u00a0 \u00a0 \u00a0 \u00a0 \u00a0 \u00a0111-112 A1, TT H\u00e0o Nam ng\u00f5 8A, \u0111\u01b0\u1eddng V\u0169 Th\u1ea1nh, Q.\u0110\u1ed1ng \u0110a, HN.<\/span><\/p>\n<p><span style=\"font-weight: 400;\"><strong>-Hotline:\u00a0<\/strong> 086 789 6096.<\/span><\/p>\n<p><span style=\"font-weight: 400;\"><strong>-Gmail:<\/strong> Sales.tohagroup@gmail.com.<\/span><\/p>\n<p><span style=\"font-weight: 400;\">Xin c\u00e1m \u01a1n s\u1ef1 quan t\u00e2m c\u1ee7a Qu\u00fd Kh\u00e1ch H\u00e0ng v\u1ec1 s\u1ea3n ph\u1ea9m<b> M\u00e1y xay vitamix quiet one Toha\u00a0<\/b><\/span><\/p>\n","protected":false},"excerpt":{"rendered":"<p>M\u00c1Y XAY VITAMIX QUIET ONE\u00a0 M\u00e1y xay Vitamix Quiet One\u00a0\u0111\u01b0\u1ee3c tin t\u01b0\u1edfng s\u1eed d\u1ee5ng b\u1edfi c\u00e1c qu\u00e1n c\u00e0 ph\u00ea kh\u1eafp th\u1ebf gi\u1edbi v\u1edbi h\u01a1n 93 ch\u1ebf \u0111\u1ed9 xay kh\u00e1c nhau,\u00a0Vitamix Quiet One\u00a0gi\u1ea3m thi\u1ec7u \u0111\u1ed9 \u1ed3n t\u1ed1i \u0111a. M\u00c1Y XAY VITAMIX QUIET ONE TOHA C\u00d3 G\u00cc? C\u00f4ng ngh\u1ec7 gi\u1ea3m \u00e2m t\u00e2n ti\u1ebfn. M\u00e1y xay Vitamix Quiet &#8230; <a title=\"M\u00e1y xay vitamix quiet one &#8211; Qua s\u1eed d\u1ee5ng.\" class=\"read-more\" href=\"https:\/\/tohagroup.com\/en\/san-pham\/may-xay-vitamix-quiet-one\/\" aria-label=\"More on M\u00e1y xay vitamix quiet one &#8211; Qua s\u1eed d\u1ee5ng.\">Read more<\/a><\/p>\n","protected":false},"featured_media":5050,"comment_status":"open","ping_status":"closed","template":"","meta":{"om_disable_all_campaigns":false,"_mi_skip_tracking":false,"_monsterinsights_sitenote_active":false,"_monsterinsights_sitenote_note":"","_monsterinsights_sitenote_category":0},"product_cat":[59],"product_tag":[],"class_list":["post-5046","product","type-product","status-publish","has-post-thumbnail","hentry","product_cat-may-xay-sinh-to"],"_links":{"self":[{"href":"https:\/\/tohagroup.com\/en\/wp-json\/wp\/v2\/product\/5046","targetHints":{"allow":["GET"]}}],"collection":[{"href":"https:\/\/tohagroup.com\/en\/wp-json\/wp\/v2\/product"}],"about":[{"href":"https:\/\/tohagroup.com\/en\/wp-json\/wp\/v2\/types\/product"}],"replies":[{"embeddable":true,"href":"https:\/\/tohagroup.com\/en\/wp-json\/wp\/v2\/comments?post=5046"}],"wp:featuredmedia":[{"embeddable":true,"href":"https:\/\/tohagroup.com\/en\/wp-json\/wp\/v2\/media\/5050"}],"wp:attachment":[{"href":"https:\/\/tohagroup.com\/en\/wp-json\/wp\/v2\/media?parent=5046"}],"wp:term":[{"taxonomy":"product_cat","embeddable":true,"href":"https:\/\/tohagroup.com\/en\/wp-json\/wp\/v2\/product_cat?post=5046"},{"taxonomy":"product_tag","embeddable":true,"href":"https:\/\/tohagroup.com\/en\/wp-json\/wp\/v2\/product_tag?post=5046"}],"curies":[{"name":"wp","href":"https:\/\/api.w.org\/{rel}","templated":true}]}}