{"id":5045,"date":"2022-09-09T08:41:31","date_gmt":"2022-09-09T08:41:31","guid":{"rendered":"https:\/\/tohagroup.com\/?post_type=product&#038;p=5045"},"modified":"2022-09-20T06:38:03","modified_gmt":"2022-09-20T06:38:03","slug":"may-pha-ca-phe-la-san-marco-100e-2-groups","status":"publish","type":"product","link":"https:\/\/tohagroup.com\/en\/san-pham\/may-pha-ca-phe-la-san-marco-100e-2-groups\/","title":{"rendered":"M\u00e1y pha c\u00e0 ph\u00ea La San Marco 100E 2 Groups (m\u1edbi 85% &#8211; 95%)"},"content":{"rendered":"<p>M\u00e1y pha c\u00e0 ph\u00ea 100E ti\u00ean ti\u1ebfn c\u1ee7a La San Marco mang \u0111\u1ebfn cho Barista t\u00f9y ch\u1ecdn ki\u1ec3m so\u00e1t nhi\u1ec7t \u0111\u1ed9 theo t\u1eebng nh\u00f3m ri\u00eang bi\u1ec7t \u0111\u1ec3 c\u00f3 k\u1ebft qu\u1ea3 ho\u00e0n h\u1ea3o. Trong s\u1ed1 c\u00e1c t\u00ednh n\u0103ng cao c\u1ea5p, d\u00f2ng 100E c\u00f3 tu\u1ea7n ho\u00e0n nhi\u1ec7t kh\u00ed quy\u1ec3n ti\u00ean ti\u1ebfn v\u1edbi b\u1ed9 \u0111i\u1ec1u ch\u1ec9nh l\u01b0u l\u01b0\u1ee3ng v\u00e0 b\u1ed9 truy\u1ec1n nhi\u1ec7t tr\u01b0\u1edbc. Do \u0111\u00f3, c\u00f3 th\u1ec3 pha c\u00e1c lo\u1ea1i \u0111\u1ed3 u\u1ed1ng li\u00ean ti\u1ebfp v\u1edbi c\u00e1c nh\u00f3m \u0111\u1ea7u kh\u00e1c nhau, m\u1ed7i lo\u1ea1i c\u00f3 nhi\u1ec7t \u0111\u1ed9 kh\u00e1c nhau m\u00e0 kh\u00f4ng c\u1ea7n \u0111i\u1ec1u ch\u1ec9nh nhi\u1ec7t \u0111\u1ed9 l\u00f2 h\u01a1i.<\/p>\n<p>M\u00e1y pha c\u00e0 ph\u00ea cafe 100-E c\u1ee7a La San Marco k\u1ebft h\u1ee3p l\u1edbp v\u1ecf kim lo\u1ea1i b\u1eaft m\u1eaft v\u1edbi ki\u1ec3u d\u00e1ng th\u1ec3 thao tuy\u1ec7t \u0111\u1eb9p. Ch\u1ee9c n\u0103ng m\u1ea1nh m\u1ebd l\u00e0m cho m\u00f4 h\u00ecnh n\u00e0y tr\u1edf n\u00ean l\u00fd t\u01b0\u1edfng cho m\u00f4i tr\u01b0\u1eddng th\u01b0\u01a1ng m\u1ea1i nh\u1ecbp \u0111\u1ed9 cao; trong khi c\u00e1c t\u00ednh n\u0103ng cao c\u1ea5p c\u1ee7a n\u00f3 ho\u00e0n to\u00e0n ph\u00f9 h\u1ee3p v\u1edbi c\u00e1c qu\u00e1n c\u00e0 ph\u00ea ph\u1ee5c v\u1ee5 nh\u1eefng kh\u00e1ch h\u00e0ng s\u00e0nh \u0111i\u1ec7u nh\u1ea5t.<\/p>\n<p>Do \u0111\u00f3, La San Marco 100E 2 Groups c\u00f3 th\u1ec3 pha c\u00e1c lo\u1ea1i \u0111\u1ed3 u\u1ed1ng li\u00ean ti\u1ebfp v\u1edbi c\u00e1c nh\u00f3m \u0111\u1ea7u kh\u00e1c nhau, m\u1ed7i lo\u1ea1i c\u00f3 nhi\u1ec7t \u0111\u1ed9 kh\u00e1c nhau m\u00e0 kh\u00f4ng c\u1ea7n \u0111i\u1ec1u ch\u1ec9nh nhi\u1ec7t \u0111\u1ed9 l\u00f2 h\u01a1i. C\u00e1c barista c\u00f3 tay ngh\u1ec1 cao c\u00f3 th\u1ec3 \u0111\u01b0a t\u00ednh linh ho\u1ea1t \u0111\u00f3 v\u00e0o d\u1ecbch v\u1ee5 khi pha li\u00ean ti\u1ebfp c\u00e1c h\u1ed7n h\u1ee3p c\u00e0 ph\u00ea kh\u00e1c nhau, m\u1ed7i lo\u1ea1i y\u00eau c\u1ea7u nhi\u1ec7t \u0111\u1ed9 kh\u00e1c nhau. \u0110\u1ec3 thu\u1eadn ti\u1ec7n h\u01a1n n\u1eefa, c\u00e0i \u0111\u1eb7t b\u00e1n t\u1ef1 \u0111\u1ed9ng cho ph\u00e9p c\u00e1c barista m\u1edbi l\u00e0m quen c\u00f3 th\u1ec3 th\u1eed pha c\u00e0 ph\u00ea espresso ho\u00e0n h\u1ea3o m\u00e0 kh\u00f4ng c\u1ea7n ph\u1ea3i th\u00e0nh th\u1ea1o c\u00e1c thao t\u00e1c ph\u1ee9c t\u1ea1p ho\u00e0n to\u00e0n b\u1eb1ng tay.<\/p>\n<hr \/>\n<h2 id=\"ftoc-heading-10\" class=\"p1 ftwp-heading\"><b>Toha Group \u2013 Cung c\u1ea5p gi\u1ea3i ph\u00e1p cho m\u1ed9t ly c\u00e0 ph\u00ea ngon<\/b><\/h2>\n<p>=&gt;&gt;\u00a0<em>Tham kh\u1ea3o th\u00f4ng tin v\u00e0 c\u00e1c s\u1ea3n ph\u1ea9m <a href=\"https:\/\/tohagroup.com\/product-category\/may-pha-ca-phe-cho-quan\/\" target=\"_blank\" rel=\"nofollow noopener\">M\u00e1y pha c\u00e0 ph\u00ea d\u00e0nh cho qu\u00e1n<\/a> t\u1ea1i website ch\u00ednh h\u00e3ng <a href=\"http:\/\/www.tohagroup.com\">www.tohagroup.com<\/a><\/em><\/p>\n<p>\u0110\u1ec3 \u0111\u1ea3m b\u1ea3o mua m\u00e1y ch\u00ednh h\u00e3ng vui l\u00f2ng t\u1edbi tr\u1ef1c ti\u1ebfp Showroom c\u1ee7a <strong>Toha Group<\/strong> tr\u00ean to\u00e0n qu\u1ed1c ho\u1eb7c \u0111\u1eb7t h\u00e0ng t\u1ea1i Website www.tohagroup.com \u2013 Ho\u1eb7c g\u1ecdi tr\u1ef1c ti\u1ebfp t\u1edbi <a href=\"tel:0867896096\" target=\"_blank\" rel=\"nofollow noopener\"><strong>Hotline: 08 6789 6096<\/strong><\/a>\u00a0\u0111\u1ec3 \u0111\u01b0\u1ee3c h\u1ed7 tr\u1ee3 \u0111\u1eb7t h\u00e0ng nhanh.<\/p>\n<p><span style=\"color: #ff0000;\"><strong>\u01afu \u0111\u00e3i:<\/strong> <\/span>Khi Qu\u00fd kh\u00e1ch h\u00e0ng theo d\u00f5i t\u1ea5t c\u1ea3 n\u1ec1n t\u1ea3ng c\u1ee7a Toha, qu\u00fd kh\u00e1ch s\u1ebd nh\u1eadn \u0111\u01b0\u1ee3c \u0111\u01b0\u1eddng d\u00e2y n\u00f3ng k\u1ebft n\u1ed1i &#8211; mua b\u00e1n &#8211; s\u1eeda ch\u1eefa, k\u00e8m theo \u0111\u00f3 l\u00e0 nhi\u1ec1u \u01b0u \u0111\u00e3i \u0111\u1eb7c bi\u1ec7t, nhi\u1ec1u ch\u01b0\u01a1ng tr\u00ecnh gi\u1ea3m gi\u00e1, v\u00e0 r\u1ea5t nhi\u1ec1u qu\u00e0 t\u1eb7ng kh\u00e1c \u0111\u1ebfn t\u1eeb Toha.<\/p>\n<h4 id=\"input_line_0\"><span id=\"input_part_0\" class=\"\" data-mention=\"Ch\u1ec9 \u0110\u01b0\u1eddng Google Map: https:\/\/g.page\/TOHACAFE?share \"><span style=\"color: #ff6600;\">Ch\u1ec9 \u0110\u01b0\u1eddng Google Map:<\/span><a href=\"https:\/\/g.page\/TOHACAFE?share\" rel=\"nofollow\" target=\"_blank\"> https:\/\/g.page\/TOHACAFE?share<\/a>\u00a0<\/span><\/h4>\n<h4 id=\"input_line_1\"><span id=\"input_part_0\" class=\"\" data-mention=\"Zalo Ch\u0103m S\u00f3c Kh\u00e1ch H\u00e0ng 24\/7: https:\/\/zalo.me\/2565949627324610829\"><span style=\"color: #ff6600;\">Zalo Ch\u0103m S\u00f3c Kh\u00e1ch H\u00e0ng 24\/7<\/span>: <a href=\"https:\/\/zalo.me\/2565949627324610829\" rel=\"nofollow noopener\" target=\"_blank\">https:\/\/zalo.me\/2565949627324610829<\/a><\/span><\/h4>\n<h4 id=\"input_line_2\"><span id=\"input_part_0\" class=\"\" data-mention=\"C\u1eadp Nh\u1eadt \u01afu \u0110\u00e3i: https:\/\/www.facebook.com\/tohagroupvn\"><span style=\"color: #ff6600;\">C\u1eadp Nh\u1eadt \u01afu \u0110\u00e3i:<\/span> <a href=\"https:\/\/www.facebook.com\/tohagroupvn\" rel=\"nofollow noopener\" target=\"_blank\">https:\/\/www.facebook.com\/tohagroupvn<\/a><\/span><\/h4>\n<p><span style=\"color: #000000;\"><b>\u0110\u1ec3 bi\u1ebft th\u00eam th\u00f4ng tin chi ti\u1ebft v\u00e0 \u0111\u1eb7t h\u00e0ng<\/b><strong>, Qu\u00fd<\/strong><b> Kh\u00e1ch xin vui l\u00f2ng li\u00ean h\u1ec7 v\u1edbi ch\u00fang t\u00f4i qua:<\/b><\/span><\/p>\n<p><span style=\"font-weight: 400;\"><strong>&#8211;<span style=\"color: #ff6600;\">\u0110\u1ecba ch\u1ec9:<\/span><\/strong> 472 \/ 17 \u0111\u01b0\u1eddng Phan Huy \u00cdch, Ph\u01b0\u1eddng 12, Qu\u1eadn G\u00f2 V\u1ea5p HCM.<\/span><\/p>\n<p><span style=\"font-weight: 400;\">\u00a0 \u00a0 \u00a0 \u00a0 \u00a0 \u00a0 \u00a0 \u00a0111-112 A1, TT H\u00e0o Nam ng\u00f5 8A, \u0111\u01b0\u1eddng V\u0169 Th\u1ea1nh, Q.\u0110\u1ed1ng \u0110a, HN.<\/span><\/p>\n<p><span style=\"font-weight: 400; color: #ff6600;\"><strong>-Hotline:<\/strong><\/span><\/p>\n<ul>\n<li><span id=\"input_part_0\" class=\"\" data-mention=\"08 6269 6096 \">08 6269 6096 <\/span><\/li>\n<li><span id=\"input_part_0\" class=\"\" data-mention=\"08 6269 6096 \">08 6769 6096 <\/span><\/li>\n<li><span id=\"input_part_0\" class=\"\" data-mention=\"08 6269 6096 \">0978 121 033<\/span><\/li>\n<\/ul>\n<p><span style=\"font-weight: 400;\"><span style=\"color: #ff6600;\"><strong>-Gmail:<\/strong><\/span> info@tohagroup.com<\/span><\/p>\n<p>&nbsp;<\/p>\n","protected":false},"excerpt":{"rendered":"<h3>2 \u01afU \u0110\u00c3I QU\u00c0 T\u1eb6NG<\/h3>\n<p><strong>D\u1ef1 ki\u1ebfn \u00e1p d\u1ee5ng \u0111\u1ebfn 23:00 30\/09 <\/strong><\/p>\n<h6>T\u1eb7ng b\u1ed9 d\u1ee5ng c\u1ee5 8 m\u00f3n<\/h6>\n<h6>Ch\u00ednh s\u00e1ch \u0111\u1ed5i tr\u1ea3 h\u00e0ng b\u1ea3o h\u00e0nh 1 \u0111\u1ed5i 1<\/h6>\n","protected":false},"featured_media":5047,"comment_status":"open","ping_status":"closed","template":"","meta":{"om_disable_all_campaigns":false,"_mi_skip_tracking":false,"_monsterinsights_sitenote_active":false,"_monsterinsights_sitenote_note":"","_monsterinsights_sitenote_category":0},"product_cat":[69],"product_tag":[],"class_list":["post-5045","product","type-product","status-publish","has-post-thumbnail","hentry","product_cat-may-pha-ca-phe-cu"],"_links":{"self":[{"href":"https:\/\/tohagroup.com\/en\/wp-json\/wp\/v2\/product\/5045","targetHints":{"allow":["GET"]}}],"collection":[{"href":"https:\/\/tohagroup.com\/en\/wp-json\/wp\/v2\/product"}],"about":[{"href":"https:\/\/tohagroup.com\/en\/wp-json\/wp\/v2\/types\/product"}],"replies":[{"embeddable":true,"href":"https:\/\/tohagroup.com\/en\/wp-json\/wp\/v2\/comments?post=5045"}],"wp:featuredmedia":[{"embeddable":true,"href":"https:\/\/tohagroup.com\/en\/wp-json\/wp\/v2\/media\/5047"}],"wp:attachment":[{"href":"https:\/\/tohagroup.com\/en\/wp-json\/wp\/v2\/media?parent=5045"}],"wp:term":[{"taxonomy":"product_cat","embeddable":true,"href":"https:\/\/tohagroup.com\/en\/wp-json\/wp\/v2\/product_cat?post=5045"},{"taxonomy":"product_tag","embeddable":true,"href":"https:\/\/tohagroup.com\/en\/wp-json\/wp\/v2\/product_tag?post=5045"}],"curies":[{"name":"wp","href":"https:\/\/api.w.org\/{rel}","templated":true}]}}