{"id":5032,"date":"2022-09-09T07:50:46","date_gmt":"2022-09-09T07:50:46","guid":{"rendered":"https:\/\/tohagroup.com\/?post_type=product&#038;p=5032"},"modified":"2022-09-09T10:36:59","modified_gmt":"2022-09-09T10:36:59","slug":"may-xay-sinh-to-cong-nghiep-omniblend-i-tm-767a","status":"publish","type":"product","link":"https:\/\/tohagroup.com\/en\/san-pham\/may-xay-sinh-to-cong-nghiep-omniblend-i-tm-767a\/","title":{"rendered":"M\u00e1y Xay Sinh T\u1ed1 C\u00f4ng Nghi\u1ec7p OmniBlend I TM-767A"},"content":{"rendered":"<h3><strong>M\u00c1Y XAY SINH T\u1ed0 C\u00d4NG NGHI\u1ec6P OMNIBLEND I TM-767A<\/strong><\/h3>\n<p>M\u00e1y xay sinh t\u1ed1 OmniBlend I TM-767A v\u1edbi kh\u1ea3 n\u0103ng ho\u1ea1t \u0111\u1ed9ng chuy\u00ean nghi\u1ec7p, ph\u00f9 h\u1ee3p cho qu\u00e1n c\u00e0 ph\u00ea, pha ch\u1ebf v\u1eeba v\u00e0 nh\u1ecf.<\/p>\n<h3><strong>M\u00c1Y XAY SINH T\u1ed0 C\u00d4NG NGHI\u1ec6P OMNIBLEND I TM-767A C\u00d3 G\u00cc?<\/strong><\/h3>\n<ul>\n<li>N\u00fam v\u1eb7n \u0111i\u1ec1u ch\u1ec9nh t\u1ed1c \u0111\u1ed9 linh ho\u1ea1t<\/li>\n<li>Ch\u1ebf \u0111\u1ed9 Pulse gi\u00fap \u0111\u1ea3o tr\u1ed9n nguy\u00ean li\u00eau xay nhuy\u1ec5n h\u01a1n.<\/li>\n<li>N\u00fat c\u00f4ng t\u1eafc c\u00f3 \u0111\u1ebf cao su b\u1ecdc gi\u00fap tr\u00e1nh t\u00e1c h\u1ea1i t\u1eeb m\u00f4i tr\u01b0\u1eddng b\u00ean ngo\u00e0i.<\/li>\n<li>Ph\u00eda d\u01b0\u1edbi m\u00e1y c\u00f2 2 r\u00e3nh th\u00f4ng h\u01a1i, c\u00f3 qu\u1ea1t l\u00e0m m\u00e1t \u0111\u1ed9ng c\u01a1 m\u00e1y \u0111\u1ea1t hi\u1ec7u qu\u1ea3 t\u1ed1i \u0111a khi ph\u1ea3i ho\u1ea1t \u0111\u1ed9ng li\u00ean t\u1ee5c.<\/li>\n<li>4 ch\u00e2n m\u00e1y c\u00f3 g\u00e0i cao su ch\u1ed1ng tr\u01b0\u1ee3t.<\/li>\n<\/ul>\n<h3><strong>C\u1ed0I M\u00c1Y XAY CH\u1ecaU NHI\u1ec6T 120 \u0111\u1ed9 C<\/strong><\/h3>\n<p>Dung t\u00edch 1.5 l\u00edt. \u0110\u01b0\u1ee3c l\u00e0m t\u1eeb nh\u1ef1a Poly Cacbonat b\u1ec1n v\u00e0 ch\u1ecbu l\u1ef1c t\u1ed1t.<\/p>\n<p>Nh\u1eb1m \u0111\u00e1p \u1ee9ng nh\u1eefng y\u00eau c\u1ea7u kh\u1eaft khe c\u1ee7a th\u1ecb tr\u01b0\u1eddng M\u1ef9 v\u00e0 Ch\u00e2u \u00c2u ch\u1ea5t li\u1ec7u l\u00e0m c\u1ed1i xay c\u00f2n \u0111\u1ea1t th\u00eam m\u1ed9t ti\u00eau chu\u1ea9n r\u1ea5t quan tr\u1ecdng l\u00e0 FREE BPA, kh\u00f4ng g\u00e2y h\u1ea1i cho s\u1ee9c kh\u1ecfe con ng\u01b0\u1eddi do c\u00e1c t\u1ed5 ch\u1ee9c uy t\u00edn c\u00f4ng nh\u1eadn nh\u01b0 European Commission For Food Safety, FDA, Underwriters Laboratory.<\/p>\n<p>T\u00ednh n\u0103ng n\u1ed5i tr\u1ed9i n\u1eefa c\u1ee7a thi\u1ebft k\u1ebf c\u1ed1i xay n\u00e0y l\u00e0 c\u00f3 th\u1ec3 xay 1 ly r\u1ea5t hi\u1ec7u qu\u1ea3, kh\u00f4ng b\u1ecb d\u00ednh v\u00e0o th\u00e0nh c\u1ed1i nh\u01b0 h\u1ea7u h\u1ebft c\u00e1c lo\u1ea1i c\u1ed1i th\u00f4ng th\u01b0\u1eddng kh\u00e1c.<\/p>\n<p><img decoding=\"async\" class=\"aligncenter wp-image-5040\" src=\"https:\/\/tohagroup.com\/wp-content\/uploads\/2022\/09\/3-3.png\" alt=\"M\u00e1y xay sinh t\u1ed1 c\u00f4ng nghi\u1ec7p c\u01a1 JTC OmniBlend I Moni 767A\" width=\"594\" height=\"498\" srcset=\"https:\/\/tohagroup.com\/wp-content\/uploads\/2022\/09\/3-3.png 940w, https:\/\/tohagroup.com\/wp-content\/uploads\/2022\/09\/3-3-300x251.png 300w, https:\/\/tohagroup.com\/wp-content\/uploads\/2022\/09\/3-3-768x644.png 768w, https:\/\/tohagroup.com\/wp-content\/uploads\/2022\/09\/3-3-600x503.png 600w\" sizes=\"(max-width: 594px) 100vw, 594px\" \/><\/p>\n<h3><strong>B\u1ed8 L\u01af\u1ee0I DAO B\u1eb0NG TH\u00c9P SI\u00caU B\u1ec0N<\/strong><\/h3>\n<p>Thi\u1ebft k\u1ebf n\u00e0y gi\u00fap dao c\u00f3 th\u1ec3 \u0111\u00e1p \u1ee9ng \u0111\u01b0\u1ee3c t\u1ea5t c\u1ea3 c\u00e1c ch\u1ee9c n\u0103ng xay Kh\u00f4, \u01af\u1edbt, Nguy\u00ean Li\u1ec7u C\u1ee9ng.<\/p>\n<p>Quan tr\u1ecdng h\u01a1n h\u1ebft l\u00e0 ch\u1ee9c n\u0103ng Xay \u0110\u00e1 trong th\u1eddi gian ng\u1eafn, \u0111\u00e1p \u1ee9ng y\u00eau c\u1ea7u Xay \u0110\u00e1 Tuy\u1ebft c\u00e1c m\u00f3n Cafe \u0110\u00e1 Xay, Smoothies \u2026<img decoding=\"async\" class=\"aligncenter wp-image-5038\" src=\"https:\/\/tohagroup.com\/wp-content\/uploads\/2022\/09\/2-3.png\" alt=\"M\u00e1y xay sinh t\u1ed1 c\u00f4ng nghi\u1ec7p c\u01a1 JTC OmniBlend I Moni 767A\" width=\"643\" height=\"539\" srcset=\"https:\/\/tohagroup.com\/wp-content\/uploads\/2022\/09\/2-3.png 940w, https:\/\/tohagroup.com\/wp-content\/uploads\/2022\/09\/2-3-300x251.png 300w, https:\/\/tohagroup.com\/wp-content\/uploads\/2022\/09\/2-3-768x644.png 768w, https:\/\/tohagroup.com\/wp-content\/uploads\/2022\/09\/2-3-600x503.png 600w\" sizes=\"(max-width: 643px) 100vw, 643px\" \/><\/p>\n<hr \/>\n<h2 id=\"ftoc-heading-10\" class=\"p1 ftwp-heading\"><b>Toha Group \u2013 Cung c\u1ea5p gi\u1ea3i ph\u00e1p cho m\u1ed9t ly c\u00e0 ph\u00ea ngon<\/b><\/h2>\n<p>=&gt;&gt;\u00a0<em>Tham kh\u1ea3o th\u00f4ng tin v\u00e0 c\u00e1c s\u1ea3n ph\u1ea9m <a href=\"https:\/\/tohagroup.com\/product-category\/may-pha-ca-phe-cho-quan\/\" target=\"_blank\" rel=\"nofollow noopener\">M\u00e1y pha c\u00e0 ph\u00ea d\u00e0nh cho qu\u00e1n<\/a> t\u1ea1i website ch\u00ednh h\u00e3ng <a href=\"http:\/\/www.tohagroup.com\">www.tohagroup.com<\/a><\/em><\/p>\n<p>\u0110\u1ec3 \u0111\u1ea3m b\u1ea3o mua <span style=\"font-weight: 400;\"><b>M\u00e1y xay sinh t\u1ed1 JTC OmniBlend I Moni 767A<\/b><\/span><strong><b>\u00a0<\/b><\/strong>ch\u00ednh h\u00e3ng vui l\u00f2ng t\u1edbi tr\u1ef1c ti\u1ebfp Showroom c\u1ee7a <strong>Toha Group<\/strong> tr\u00ean to\u00e0n qu\u1ed1c ho\u1eb7c \u0111\u1eb7t h\u00e0ng t\u1ea1i Website www.tohagroup.com \u2013 Ho\u1eb7c g\u1ecdi tr\u1ef1c ti\u1ebfp t\u1edbi <a href=\"tel:0867896096\" target=\"_blank\" rel=\"nofollow noopener\"><strong>Hotline: 08 6789 6096<\/strong><\/a>\u00a0\u0111\u1ec3 \u0111\u01b0\u1ee3c h\u1ed7 tr\u1ee3 \u0111\u1eb7t h\u00e0ng nhanh.<\/p>\n<p><span style=\"color: #ff0000;\"><strong>\u01afu \u0111\u00e3i:<\/strong> <\/span>Khi Qu\u00fd kh\u00e1ch h\u00e0ng theo d\u00f5i t\u1ea5t c\u1ea3 n\u1ec1n t\u1ea3ng c\u1ee7a Toha, qu\u00fd kh\u00e1ch s\u1ebd nh\u1eadn \u0111\u01b0\u1ee3c \u0111\u01b0\u1eddng d\u00e2y n\u00f3ng k\u1ebft n\u1ed1i &#8211; mua b\u00e1n &#8211; s\u1eeda ch\u1eefa, k\u00e8m theo \u0111\u00f3 l\u00e0 nhi\u1ec1u \u01b0u \u0111\u00e3i \u0111\u1eb7c bi\u1ec7t, nhi\u1ec1u ch\u01b0\u01a1ng tr\u00ecnh gi\u1ea3m gi\u00e1, v\u00e0 r\u1ea5t nhi\u1ec1u qu\u00e0 t\u1eb7ng kh\u00e1c \u0111\u1ebfn t\u1eeb Toha.<\/p>\n<p><strong>Link vote Google Map:<\/strong> <a href=\"https:\/\/g.page\/TOHACAFE?share\" rel=\"nofollow\" target=\"_blank\">https:\/\/g.page\/TOHACAFE?share<\/a><\/p>\n<p><strong>Follow zalo OA:<\/strong> <a href=\"https:\/\/zalo.me\/2565949627324610829\" rel=\"nofollow noopener\" target=\"_blank\">https:\/\/zalo.me\/2565949627324610829<\/a><\/p>\n<p><strong>Fanpage c\u00f4ng ty:<\/strong> <a href=\"https:\/\/www.facebook.com\/tohagroupvn\" rel=\"nofollow noopener\" target=\"_blank\">https:\/\/www.facebook.com\/tohagroupvn<\/a><\/p>\n<p><b>\u0110\u1ec3 bi\u1ebft th\u00eam th\u00f4ng tin chi ti\u1ebft v\u00e0 \u0111\u1eb7t h\u00e0ng M\u00e1y JTC OmniBlend I Moni 767A<\/b><strong>, Qu\u00fd<\/strong><b> Kh\u00e1ch xin vui l\u00f2ng li\u00ean h\u1ec7 v\u1edbi ch\u00fang t\u00f4i qua:<\/b><\/p>\n<p><span style=\"font-weight: 400;\"><strong>-\u0110\u1ecba ch\u1ec9:<\/strong> 472 \/ 17 \u0111\u01b0\u1eddng Phan Huy \u00cdch, Ph\u01b0\u1eddng 12, Qu\u1eadn G\u00f2 V\u1ea5p HCM.<\/span><\/p>\n<p><span style=\"font-weight: 400;\">\u00a0 \u00a0 \u00a0 \u00a0 \u00a0 \u00a0 \u00a0 \u00a0111-112 A1, TT H\u00e0o Nam ng\u00f5 8A, \u0111\u01b0\u1eddng V\u0169 Th\u1ea1nh, Q.\u0110\u1ed1ng \u0110a, HN.<\/span><\/p>\n<p><span style=\"font-weight: 400;\"><strong>-Hotline:\u00a0<\/strong> 086 789 6096.<\/span><\/p>\n<p><span style=\"font-weight: 400;\"><strong>-Gmail:<\/strong> Sales.tohagroup@gmail.com.<\/span><\/p>\n<p><span style=\"font-weight: 400;\">Xin c\u00e1m \u01a1n s\u1ef1 quan t\u00e2m c\u1ee7a Qu\u00fd Kh\u00e1ch H\u00e0ng v\u1ec1 s\u1ea3n ph\u1ea9m<b> M\u00e1y xay sinh t\u1ed1 c\u00f4ng nghi\u1ec7p c\u01a1 JTC OmniBlend I Moni 767A.<\/b><\/span><\/p>\n","protected":false},"excerpt":{"rendered":"<p>M\u00c1Y XAY SINH T\u1ed0 C\u00d4NG NGHI\u1ec6P OMNIBLEND I TM-767A M\u00e1y xay sinh t\u1ed1 OmniBlend I TM-767A v\u1edbi kh\u1ea3 n\u0103ng ho\u1ea1t \u0111\u1ed9ng chuy\u00ean nghi\u1ec7p, ph\u00f9 h\u1ee3p cho qu\u00e1n c\u00e0 ph\u00ea, pha ch\u1ebf v\u1eeba v\u00e0 nh\u1ecf. M\u00c1Y XAY SINH T\u1ed0 C\u00d4NG NGHI\u1ec6P OMNIBLEND I TM-767A C\u00d3 G\u00cc? N\u00fam v\u1eb7n \u0111i\u1ec1u ch\u1ec9nh t\u1ed1c \u0111\u1ed9 linh ho\u1ea1t Ch\u1ebf \u0111\u1ed9 &#8230; <a title=\"M\u00e1y Xay Sinh T\u1ed1 C\u00f4ng Nghi\u1ec7p OmniBlend I TM-767A\" class=\"read-more\" href=\"https:\/\/tohagroup.com\/en\/san-pham\/may-xay-sinh-to-cong-nghiep-omniblend-i-tm-767a\/\" aria-label=\"More on M\u00e1y Xay Sinh T\u1ed1 C\u00f4ng Nghi\u1ec7p OmniBlend I TM-767A\">Read more<\/a><\/p>\n","protected":false},"featured_media":5036,"comment_status":"open","ping_status":"closed","template":"","meta":{"om_disable_all_campaigns":false,"_mi_skip_tracking":false,"_monsterinsights_sitenote_active":false,"_monsterinsights_sitenote_note":"","_monsterinsights_sitenote_category":0},"product_cat":[59],"product_tag":[],"class_list":["post-5032","product","type-product","status-publish","has-post-thumbnail","hentry","product_cat-may-xay-sinh-to"],"_links":{"self":[{"href":"https:\/\/tohagroup.com\/en\/wp-json\/wp\/v2\/product\/5032","targetHints":{"allow":["GET"]}}],"collection":[{"href":"https:\/\/tohagroup.com\/en\/wp-json\/wp\/v2\/product"}],"about":[{"href":"https:\/\/tohagroup.com\/en\/wp-json\/wp\/v2\/types\/product"}],"replies":[{"embeddable":true,"href":"https:\/\/tohagroup.com\/en\/wp-json\/wp\/v2\/comments?post=5032"}],"wp:featuredmedia":[{"embeddable":true,"href":"https:\/\/tohagroup.com\/en\/wp-json\/wp\/v2\/media\/5036"}],"wp:attachment":[{"href":"https:\/\/tohagroup.com\/en\/wp-json\/wp\/v2\/media?parent=5032"}],"wp:term":[{"taxonomy":"product_cat","embeddable":true,"href":"https:\/\/tohagroup.com\/en\/wp-json\/wp\/v2\/product_cat?post=5032"},{"taxonomy":"product_tag","embeddable":true,"href":"https:\/\/tohagroup.com\/en\/wp-json\/wp\/v2\/product_tag?post=5032"}],"curies":[{"name":"wp","href":"https:\/\/api.w.org\/{rel}","templated":true}]}}