{"id":5019,"date":"2022-09-09T07:39:07","date_gmt":"2022-09-09T07:39:07","guid":{"rendered":"https:\/\/tohagroup.com\/?post_type=product&#038;p=5019"},"modified":"2022-12-16T21:06:26","modified_gmt":"2022-12-16T14:06:26","slug":"may-pha-ca-phe-wega-pagaso-1-group","status":"publish","type":"product","link":"https:\/\/tohagroup.com\/en\/san-pham\/may-pha-ca-phe-wega-pagaso-1-group\/","title":{"rendered":"M\u00e1y pha c\u00e0 ph\u00ea Wega Pegaso 1 group"},"content":{"rendered":"<h1><strong>M\u00e1y pha cafe Wega Pegaso 1 group: \u0110\u1eb8P \u2013 \u0110\u1ed8C \u2013 CH\u1ea4T<\/strong><\/h1>\n<p>B\u1ea1n \u0111ang t\u0103m tia chi\u1ebfc m\u00e1y pha cafe Wega Pegaso 2 group nh\u01b0ng ng\u00e2n s\u00e1ch kh\u00f4ng cho ph\u00e9p. \u0110\u1eebng bu\u1ed3n!!! Procaffe \u0111\u00e3 nh\u1eadp kh\u1ea9u Pegaso 1 group v\u1edbi t\u00ednh n\u0103ng, c\u00f4ng ngh\u1ec7 t\u01b0\u01a1ng t\u1ef1 m\u00e0 gi\u00e1 l\u1ea1i r\u1ebb h\u01a1n g\u1ea7n ph\u00e2n n\u1eeda.<\/p>\n<p>D\u1ea1o quanh th\u1ecb tr\u01b0\u1eddng hi\u1ec7n nay, th\u1eadt kh\u00f3 \u0111\u1ec3 t\u00ecm th\u1ea5y m\u00e1y pha c\u00e0 ph\u00ea 1 group m\u00e0 c\u00f3 b\u1ed9 \u201c\u0111\u1ed3 l\u00f2ng\u201d kh\u1ee7ng nh\u01b0 X\u00edch th\u1ed1 Pegaso 1Gr. T\u1eeb thi\u1ebft k\u1ebf b\u00ean ngo\u00e0i cho \u0111\u1ebfn c\u1ea5u th\u00e0nh c\u00e1c b\u1ed9 ph\u1eadn b\u00ean trong \u0111\u1ec1u \u0111\u00fang chu\u1ea9n phong c\u00e1ch minimalism \u2013 t\u1ed1i gi\u1ea3n chi ti\u1ebft, ch\u1ec9 \u0111\u1ec3 l\u1ea1i nh\u1eefng th\u1ee9 th\u1eadt s\u1ef1 c\u1ea7n thi\u1ebft nh\u01b0ng ch\u1ea5t.<\/p>\n<p>N\u1ebfu qu\u00e1n c\u00e0 ph\u00ea c\u1ee7a b\u1ea1n d\u1ef1 t\u00ednh ph\u1ee5c v\u1ee5 kho\u1ea3ng 150 kh\u00e1ch\/ng\u00e0y th\u00ec v\u1edbi Wega Pegaso 1GR l\u00e0 v\u00f4 t\u01b0 nh\u00e9.<\/p>\n<p><img decoding=\"async\" class=\"aligncenter size-large wp-image-5026\" src=\"https:\/\/tohagroup.com\/wp-content\/uploads\/2022\/09\/Thiet-ke-chua-co-ten-4-1024x1024.png\" alt=\"\" width=\"1024\" height=\"1024\" srcset=\"https:\/\/tohagroup.com\/wp-content\/uploads\/2022\/09\/Thiet-ke-chua-co-ten-4.png 1024w, https:\/\/tohagroup.com\/wp-content\/uploads\/2022\/09\/Thiet-ke-chua-co-ten-4-300x300.png 300w, https:\/\/tohagroup.com\/wp-content\/uploads\/2022\/09\/Thiet-ke-chua-co-ten-4-150x150.png 150w, https:\/\/tohagroup.com\/wp-content\/uploads\/2022\/09\/Thiet-ke-chua-co-ten-4-768x768.png 768w, https:\/\/tohagroup.com\/wp-content\/uploads\/2022\/09\/Thiet-ke-chua-co-ten-4-600x600.png 600w, https:\/\/tohagroup.com\/wp-content\/uploads\/2022\/09\/Thiet-ke-chua-co-ten-4-100x100.png 100w\" sizes=\"(max-width: 1024px) 100vw, 1024px\" \/><\/p>\n<h2><strong>T\u00ednh n\u0103ng m\u00e1y pha cafe Wega Pegaso EVD 1 group<\/strong><\/h2>\n<h3><strong>M\u00e1y 1 group hi\u1ebfm hoi s\u1edf h\u1eefu c\u00f4ng ngh\u1ec7 E61 &amp; Pre-infusion<\/strong><\/h3>\n<p>M\u00e1y pha c\u00e0 ph\u00ea chuy\u00ean nghi\u1ec7p kh\u00e1c v\u1edbi c\u00e1c lo\u1ea1i m\u00e1y gia d\u1ee5ng, m\u00e1y t\u1ef1 \u0111\u1ed9ng, m\u00e1y semi l\u00e0 do c\u00f3 b\u00ecnh \u0111un b\u1eb1ng \u0111\u1ed3ng thau l\u1edbn t\u1eeb 5 l\u00edt tr\u1edf l\u00ean. N\u01b0\u1edbc trong b\u00ecnh \u0111un n\u00e0y lu\u00f4n \u1edf nhi\u1ec7t \u0111\u1ed9 s\u00f4i \u0111\u1ea1t chu\u1ea9n \u0111\u1ec3 \u00e9p h\u1ebft tinh ch\u1ea5t c\u00e0 ph\u00ea v\u00ec l\u01b0\u1ee3ng n\u01b0\u1edbc m\u1ea5t \u0111i (25-30ml) \u0111\u1ec3 pha 1 t\u00e1ch espresso kh\u00f4ng l\u00e0 v\u00ec so v\u1edbi th\u1ec3 t\u00edch b\u00ecnh \u0111un.<\/p>\n<p>Tuy nhi\u00ean, v\u1ea5n \u0111\u1ec1 l\u00e0 khi n\u01b0\u1edbc \u0111\u01b0\u1ee3c truy\u1ec1n \u0111i\u00a0t\u1eeb b\u00ecnh \u0111un \u0111\u1ebfn group-head s\u1ebd b\u1ecb hao h\u1ee5t nhi\u1ec7t \u0111\u1ed9, nh\u1ea5t l\u00e0 khi m\u00e1y ph\u1ea3i ho\u1ea1t \u0111\u1ed9ng li\u00ean t\u1ee5c v\u00e0o gi\u1edd cao \u0111i\u1ec3m th\u00ec l\u1ea1i c\u00e0ng hao nhanh. K\u1ebft qu\u1ea3 ch\u1ea5t l\u01b0\u1ee3ng c\u00e0 ph\u00ea ph\u1ee5c v\u1ee5 kh\u00e1ch h\u00e0ng s\u1ebd kh\u00f4ng \u0111\u01b0\u1ee3c \u0111\u1ed3ng nh\u1ea5t v\u00ec nhi\u1ec7t \u0111\u1ed9 b\u00ecnh \u0111un kh\u00f4ng \u1ed5n \u0111\u1ecbnh. (VD: cafe espresso s\u1ebd kh\u00f4ng \u0111\u01b0\u1ee3c \u0111\u1eadm ho\u1eb7c c\u00f3 v\u1ecb chua v\u00ec n\u01b0\u1edbc kh\u00f4ng \u0111\u1ee7 nhi\u1ec7t \u0111\u1ed9).<\/p>\n<h4><strong>E61 \u2013\u00a0c\u00f4ng ngh\u1ec7 gi\u00fap \u1ed5n \u0111\u1ecbnh nhi\u1ec7t \u0111\u1ed9 v\u00e0 \u00e1p su\u1ea5t<\/strong><\/h4>\n<p>E61 \u00e1p d\u1ee5ng nguy\u00ean l\u00fd c\u01a1 h\u1ecdc b\u1eb1ng c\u00e1ch s\u1eed d\u1ee5ng t\u0103ng c\u01b0\u1eddng \u0111\u1ed9 d\u00e0y c\u1ee5m th\u00e9p n\u1ed1i t\u1eeb b\u00ecnh \u0111un \u0111\u1ebfn group-head, thay v\u00ec ch\u1ec9 l\u00e0 m\u1ed9t \u1ed1ng d\u1eabn nh\u1ecf x\u00edu. Th\u00e9p \u0111\u01b0\u1ee3c bi\u1ebft l\u00e0 v\u1eadt li\u1ec7u gi\u1eef nhi\u1ec7t r\u1ea5t t\u1ed1t, v\u00ec th\u1ebf khi n\u01b0\u1edbc s\u00f4i t\u1eeb b\u00ecnh \u0111un \u0111i qua s\u1ebd kh\u00f4ng b\u1ecb m\u1ea5t th\u00eam \u25e6 C n\u00e0o c\u1ea3. M\u00e1y lu\u00f4n \u0111\u1ea1t \u0111\u01b0\u1ee3c \u0111\u1ed9 n\u00f3ng ti\u00eau chu\u1ea9n, espresso pha b\u1edfi m\u00e1y pha cafe Wega Pegaso EVD\/1 lu\u00f4n \u0111\u1eadm \u0111\u00e0 th\u01a1m ngon.<\/p>\n<h4><strong>Pre-infusion<\/strong><\/h4>\n<p>M\u00e1y pha c\u00e0 ph\u00ea th\u00f4ng th\u01b0\u1eddng s\u1ebd kh\u00f4ng c\u00f3 ch\u1ebf \u0111\u1ed9 Pre-infusion \u1ee7 cafe n\u1edf \u0111\u1ec1u tr\u01b0\u1edbc khi pha, ho\u1eb7c n\u1ebfu c\u00f3 th\u00ec th\u01b0\u1eddng s\u1eed d\u1ee5ng c\u1ea3m bi\u1ebfn t\u1ef1 \u0111\u1ed9ng ng\u1eaft n\u01b0\u1edbc \u0111\u1ed9t ng\u1ed9t khi b\u01a1m. L\u01b0\u1ee3ng n\u01b0\u1edbc n\u00e0y tuy nh\u1ecf nh\u01b0ng v\u1eabn c\u00f3 \u00e1p su\u1ea5t cao 9 bar \u2013 r\u1ea5t m\u1ea1nh g\u00e2y x\u00e1o tr\u1ed9n b\u1ed9t cafe t\u1ea1o hi\u1ec7n t\u01b0\u1ee3ng channeling khi\u1ebfn cafe espresso th\u00e0nh ph\u1ea9m r\u1ea5t t\u1ec7. Ch\u01b0a k\u1ec3 van n\u00e0y c\u0169ng kh\u00e1 nhanh h\u1ecfng, d\u1ec5 b\u1ecb v\u00f4 hi\u1ec7u h\u00f3a ch\u1ee9c n\u0103ng.<\/p>\n<p>\u0110i k\u00e8m c\u1ee5m th\u00e9p E61 c\u1ee7a m\u00e1y pha cafe Wega Pegaso l\u00e0 h\u1ec7 van c\u01a1 gi\u1ea3m \u00e1p. Ban \u0111\u1ea7u, chi\u1ebfc m\u00e1y th\u00f4ng minh ch\u1ec9 phun m\u1ed9t l\u01b0\u1ee3ng n\u01b0\u1edbc c\u1ef1c nh\u1ecf kh\u00f4ng \u00e1p su\u1ea5t gi\u00fap b\u1ed9t c\u00e0 ph\u00ea n\u1edf \u0111\u1ec1u. Kho\u1ea3ng v\u00e0i gi\u00e2y sau \u0111\u00f3, l\u01b0\u1ee3ng n\u01b0\u1edbc \u0111\u00e3 \u0111\u01b0\u1ee3c c\u0103n ch\u1ec9nh v\u1edbi nhi\u1ec7t \u0111\u1ed9 v\u00e0 \u00e1p su\u1ea5t l\u00fd t\u01b0\u1edfng m\u1edbi \u0111\u01b0\u1ee3c ph\u00e9p \u0111i qua b\u00e1nh c\u00e0 ph\u00ea, tr\u00edch xu\u1ea5t h\u1ebft to\u00e0n b\u1ed9 h\u01b0\u01a1ng v\u00e0 v\u1ecb tinh t\u00fay nh\u01b0 barista mong mu\u1ed1n.<\/p>\n<h3><strong>Ph\u00edm c\u01a1 k\u1ebft n\u1ed1i tr\u1ef1c ti\u1ebfp v\u1edbi b\u00ecnh \u0111un<\/strong><\/h3>\n<p>Ngo\u00e0i b\u1ed9 \u0111i\u1ec1u khi\u1ec3n \u0111i\u1ec7n t\u1eed g\u1ed3m 4 ph\u00edm l\u1eadp tr\u00ecnh n\u01b0\u1edbc t\u1ef1 \u0111\u1ed9ng v\u00e0 1 ph\u00edm l\u1eadp tr\u00ecnh, m\u00e1y pha cafe Wega Pegaso 1 group c\u00f2n c\u00f3 th\u00eam n\u00fat c\u01a1 k\u1ebft n\u1ed1i tr\u1ef1c ti\u1ebfp v\u1edbi b\u01a1m c\u1ee7a b\u00ecnh \u0111un, t\u01b0\u01a1ng t\u1ef1 phi\u00ean b\u1ea3n 2 group.<\/p>\n<p>M\u00e1y Wega v\u1ed1n n\u1ed5i ti\u1ebfng l\u00e0 \u201cn\u1ed3i \u0111\u1ed3ng c\u1ed1i \u0111\u00e1\u201d b\u1ec1n b\u1ec9 v\u00f4 c\u00f9ng, tuy nhi\u00ean nh\u00e0 s\u1ea3n xu\u1ea5t v\u1eabn r\u1ea5t chu to\u00e0n khi trang b\u1ecb th\u00eam c\u1ea3 n\u00fat c\u01a1 h\u1ecdc ph\u00f2ng khi b\u1ed9 \u0111i\u1ec1u khi\u1ec3n EVD c\u00f3 tr\u00e1i gi\u00f3 tr\u1edf tr\u1eddi. Qu\u00e1n cafe c\u1ee7a b\u1ea1n v\u1eabn ho\u1ea1t \u0111\u1ed9ng b\u00ecnh th\u01b0\u1eddng, vi\u1ec7c kinh doanh s\u1ebd lu\u00f4n di\u1ec5n ra thu\u1eadn l\u1ee3i.<\/p>\n<h3><strong>Phi\u00ean b\u1ea3n raised-group ph\u00f9 h\u1ee3p ly cao take away<\/strong><\/h3>\n<p>Ng\u00e0y nay, mua cafe mang \u0111i \u0111\u00e3 tr\u1edf th\u00e0nh xu h\u01b0\u1edbng c\u1ee7a ng\u01b0\u1eddi th\u00e0nh th\u1ecb b\u1eadn r\u1ed9n. V\u1edbi c\u00e1c c\u1ee1 ly cao take-away kh\u00f3 nh\u1eb1n v\u1edbi b\u1ea3n m\u00e1y pha cafe truy\u1ec1n th\u1ed1ng ch\u1ec9 \u0111\u1ec3 v\u1eeba t\u00e1ch espresso\/ cappuccino th\u00ec c\u1ee9 \u0111\u1ec3 Wega Pegaso lo. M\u00e1y c\u00f3 group head cao h\u01a1n h\u1eb3n lo\u1ea1i th\u01b0\u1eddng, r\u1ea5t ti\u1ec7n cho vi\u1ec7c d\u00f9ng tr\u1ef1c ti\u1ebfp ly cao k\u1ec3 c\u1ea3 c\u1ee1 ly latte macchiato.<\/p>\n<h3><strong>C\u00e1c t\u00ednh n\u0103ng kh\u00e1c c\u1ee7a Wega Pegaso<\/strong><\/h3>\n<ul>\n<li>To\u00e0n b\u1ed9 khung m\u00e1y b\u1eb1ng th\u00e9p kh\u00f4ng g\u1ec9 m\u1ea1 s\u01a1n t\u0129nh \u0111i\u1ec7n. Ch\u00e2n \u0111\u1ebf b\u1eb1ng th\u00e9p b\u1ecdc \u0111\u1ebf cao su ch\u1ed1ng tr\u1ea7y, gi\u1ea3m ma s\u00e1t v\u1edbi m\u1eb7t b\u00e0n.<\/li>\n<li>Di\u1ec7n t\u00edch h\u00e2m t\u00e1ch r\u1ed9ng gi\u00fap gi\u1eef \u1ea5m \u0111\u01b0\u1ee3c nhi\u1ec1u t\u00e1ch h\u01a1n. Khung ch\u1eafn cao nguy\u00ean kh\u1ed1i, h\u1ea1n ch\u1ebf \u0111\u1ed5 v\u1ee1.<\/li>\n<li>V\u00f2i \u0111\u00e1nh s\u1eefa xoay \u0111\u01b0\u1ee3c 360 \u0111\u1ed9, h\u1ed7 tr\u1ee3 barista \u0111\u00e1nh s\u1eefa d\u1ec5 d\u00e0ng d\u00f9 \u1edf b\u1ea5t k\u1ef3 v\u1ecb tr\u00ed n\u00e0o. V\u00f2i l\u1ea5y n\u01b0\u1edbc n\u00f3ng c\u00f3 th\u1ec3 xoay.<\/li>\n<li>T\u00edch h\u1ee3p b\u01a1m trong m\u00e1y. \u0110\u1ecbnh l\u01b0\u1ee3ng c\u1ef1c k\u1ef3 chu\u1ea9n x\u00e1c.<\/li>\n<\/ul>\n<hr \/>\n<h2 id=\"ftoc-heading-10\" class=\"p1 ftwp-heading\"><b>Toha Group \u2013 Cung c\u1ea5p gi\u1ea3i ph\u00e1p cho m\u1ed9t ly c\u00e0 ph\u00ea ngon<\/b><\/h2>\n<p>=&gt;&gt;\u00a0<em>Tham kh\u1ea3o th\u00f4ng tin v\u00e0 c\u00e1c s\u1ea3n ph\u1ea9m <a href=\"https:\/\/tohagroup.com\/product-category\/may-pha-ca-phe-cho-quan\/\" target=\"_blank\" rel=\"nofollow noopener\">M\u00e1y pha c\u00e0 ph\u00ea d\u00e0nh cho qu\u00e1n<\/a> t\u1ea1i website ch\u00ednh h\u00e3ng <a href=\"http:\/\/www.tohagroup.com\">www.tohagroup.com<\/a><\/em><\/p>\n<p>\u0110\u1ec3 \u0111\u1ea3m b\u1ea3o mua m\u00e1y ch\u00ednh h\u00e3ng vui l\u00f2ng t\u1edbi tr\u1ef1c ti\u1ebfp Showroom c\u1ee7a <strong>Toha Group<\/strong> tr\u00ean to\u00e0n qu\u1ed1c ho\u1eb7c \u0111\u1eb7t h\u00e0ng t\u1ea1i Website www.tohagroup.com \u2013 Ho\u1eb7c g\u1ecdi tr\u1ef1c ti\u1ebfp t\u1edbi <a href=\"tel:0867896096\" target=\"_blank\" rel=\"nofollow noopener\"><strong>Hotline: 08 6789 6096<\/strong><\/a>\u00a0\u0111\u1ec3 \u0111\u01b0\u1ee3c h\u1ed7 tr\u1ee3 \u0111\u1eb7t h\u00e0ng nhanh.<\/p>\n<p><span style=\"color: #ff0000;\"><strong>\u01afu \u0111\u00e3i:<\/strong> <\/span>Khi Qu\u00fd kh\u00e1ch h\u00e0ng theo d\u00f5i t\u1ea5t c\u1ea3 n\u1ec1n t\u1ea3ng c\u1ee7a Toha, qu\u00fd kh\u00e1ch s\u1ebd nh\u1eadn \u0111\u01b0\u1ee3c \u0111\u01b0\u1eddng d\u00e2y n\u00f3ng k\u1ebft n\u1ed1i &#8211; mua b\u00e1n &#8211; s\u1eeda ch\u1eefa, k\u00e8m theo \u0111\u00f3 l\u00e0 nhi\u1ec1u \u01b0u \u0111\u00e3i \u0111\u1eb7c bi\u1ec7t, nhi\u1ec1u ch\u01b0\u01a1ng tr\u00ecnh gi\u1ea3m gi\u00e1, v\u00e0 r\u1ea5t nhi\u1ec1u qu\u00e0 t\u1eb7ng kh\u00e1c \u0111\u1ebfn t\u1eeb Toha.<\/p>\n<h4 id=\"input_line_0\"><span id=\"input_part_0\" class=\"\" data-mention=\"Ch\u1ec9 \u0110\u01b0\u1eddng Google Map: https:\/\/g.page\/TOHACAFE?share \"><span style=\"color: #ff6600;\">Ch\u1ec9 \u0110\u01b0\u1eddng Google Map:<\/span><a href=\"https:\/\/g.page\/TOHACAFE?share\" rel=\"nofollow\" target=\"_blank\"> https:\/\/g.page\/TOHACAFE?share<\/a>\u00a0<\/span><\/h4>\n<h4 id=\"input_line_1\"><span id=\"input_part_0\" class=\"\" data-mention=\"Zalo Ch\u0103m S\u00f3c Kh\u00e1ch H\u00e0ng 24\/7: https:\/\/zalo.me\/2565949627324610829\"><span style=\"color: #ff6600;\">Zalo Ch\u0103m S\u00f3c Kh\u00e1ch H\u00e0ng 24\/7<\/span>: <a href=\"https:\/\/zalo.me\/2565949627324610829\" rel=\"nofollow noopener\" target=\"_blank\">https:\/\/zalo.me\/2565949627324610829<\/a><\/span><\/h4>\n<h4 id=\"input_line_2\"><span id=\"input_part_0\" class=\"\" data-mention=\"C\u1eadp Nh\u1eadt \u01afu \u0110\u00e3i: https:\/\/www.facebook.com\/tohagroupvn\"><span style=\"color: #ff6600;\">C\u1eadp Nh\u1eadt \u01afu \u0110\u00e3i:<\/span> <a href=\"https:\/\/www.facebook.com\/tohagroupvn\" rel=\"nofollow noopener\" target=\"_blank\">https:\/\/www.facebook.com\/tohagroupvn<\/a><\/span><\/h4>\n<p><span style=\"color: #000000;\"><b>\u0110\u1ec3 bi\u1ebft th\u00eam th\u00f4ng tin chi ti\u1ebft v\u00e0 \u0111\u1eb7t h\u00e0ng<\/b><strong>, Qu\u00fd<\/strong><b> Kh\u00e1ch xin vui l\u00f2ng li\u00ean h\u1ec7 v\u1edbi ch\u00fang t\u00f4i qua:<\/b><\/span><\/p>\n<p><span style=\"font-weight: 400;\"><strong>&#8211;<span style=\"color: #ff6600;\">\u0110\u1ecba ch\u1ec9:<\/span><\/strong> 472 \/ 17 \u0111\u01b0\u1eddng Phan Huy \u00cdch, Ph\u01b0\u1eddng 12, Qu\u1eadn G\u00f2 V\u1ea5p HCM.<\/span><\/p>\n<p><span style=\"font-weight: 400;\">\u00a0 \u00a0 \u00a0 \u00a0 \u00a0 \u00a0 \u00a0 \u00a0111-112 A1, TT H\u00e0o Nam ng\u00f5 8A, \u0111\u01b0\u1eddng V\u0169 Th\u1ea1nh, Q.\u0110\u1ed1ng \u0110a, HN.<\/span><\/p>\n<p><span style=\"font-weight: 400; color: #ff6600;\"><strong>-Hotline:<\/strong><\/span><\/p>\n<ul>\n<li><span id=\"input_part_0\" class=\"\" data-mention=\"08 6269 6096 \">08 6269 6096 <\/span><\/li>\n<li><span id=\"input_part_0\" class=\"\" data-mention=\"08 6269 6096 \">08 6769 6096 <\/span><\/li>\n<li><span id=\"input_part_0\" class=\"\" data-mention=\"08 6269 6096 \">0978 121 033<\/span><\/li>\n<\/ul>\n<p><span style=\"font-weight: 400;\"><span style=\"color: #ff6600;\"><strong>-Gmail:<\/strong><\/span> info@tohagroup.com<\/span><\/p>\n<p>&nbsp;<\/p>\n","protected":false},"excerpt":{"rendered":"<h4 class=\"promoadd__ttl\"><strong><i>2 \u01afU \u0110\u00c3I QU\u00c0 T\u1eb6NG<\/i><\/strong><\/h4>\n<h5 class=\"promoadd__ttl\">D\u1ef1 ki\u1ebfn \u00e1p d\u1ee5ng \u0111\u1ebfn 23:00 30\/09<\/h5>\n<div class=\"promo_BHX\">\n<div class=\"l2\">\n<ul>\n<li>\n<h6><span data-sheets-value=\"{&quot;1&quot;:2,&quot;2&quot;:&quot;T\u1eb7ng b\u1ed9 d\u1ee5ng c\u1ee5 8 m\u00f3n ( T\u1ea4T C\u1ea2 M\u00c1Y C\u0168 HAY M\u1edaI )&quot;}\" data-sheets-userformat=\"{&quot;2&quot;:30909,&quot;3&quot;:{&quot;1&quot;:0,&quot;3&quot;:1},&quot;5&quot;:{&quot;1&quot;:[{&quot;1&quot;:2,&quot;2&quot;:0,&quot;5&quot;:{&quot;1&quot;:2,&quot;2&quot;:0}},{&quot;1&quot;:0,&quot;2&quot;:0,&quot;3&quot;:3},{&quot;1&quot;:1,&quot;2&quot;:0,&quot;4&quot;:1}]},&quot;6&quot;:{&quot;1&quot;:[{&quot;1&quot;:2,&quot;2&quot;:0,&quot;5&quot;:{&quot;1&quot;:2,&quot;2&quot;:0}},{&quot;1&quot;:0,&quot;2&quot;:0,&quot;3&quot;:3},{&quot;1&quot;:1,&quot;2&quot;:0,&quot;4&quot;:1}]},&quot;7&quot;:{&quot;1&quot;:[{&quot;1&quot;:2,&quot;2&quot;:0,&quot;5&quot;:{&quot;1&quot;:2,&quot;2&quot;:0}},{&quot;1&quot;:0,&quot;2&quot;:0,&quot;3&quot;:3},{&quot;1&quot;:1,&quot;2&quot;:0,&quot;4&quot;:1}]},&quot;8&quot;:{&quot;1&quot;:[{&quot;1&quot;:2,&quot;2&quot;:0,&quot;5&quot;:{&quot;1&quot;:2,&quot;2&quot;:0}},{&quot;1&quot;:0,&quot;2&quot;:0,&quot;3&quot;:3},{&quot;1&quot;:1,&quot;2&quot;:0,&quot;4&quot;:1}]},&quot;10&quot;:1,&quot;14&quot;:{&quot;1&quot;:3,&quot;3&quot;:1},&quot;15&quot;:&quot;Times New Roman&quot;,&quot;16&quot;:11,&quot;17&quot;:1}\">T\u1eb7ng b\u1ed9 d\u1ee5ng c\u1ee5 8 m\u00f3n\u00a0<\/span><\/h6>\n<\/li>\n<li>\n<h6>Ch\u00ednh s\u00e1ch \u0111\u1ed5i tr\u1ea3 h\u00e0ng b\u1ea3o h\u00e0nh 1 \u0111\u1ed5i 1<\/h6>\n<\/li>\n<\/ul>\n<\/div>\n<\/div>\n","protected":false},"featured_media":3548,"comment_status":"open","ping_status":"closed","template":"","meta":{"om_disable_all_campaigns":false,"_mi_skip_tracking":false,"_monsterinsights_sitenote_active":false,"_monsterinsights_sitenote_note":"","_monsterinsights_sitenote_category":0},"product_cat":[45],"product_tag":[],"class_list":["post-5019","product","type-product","status-publish","has-post-thumbnail","hentry","nhom-san-pham-may-pha-ca-phe","hang-may-pha-cafe-wega","product_cat-may-pha-ca-phe-espresso-toha-group"],"_links":{"self":[{"href":"https:\/\/tohagroup.com\/en\/wp-json\/wp\/v2\/product\/5019","targetHints":{"allow":["GET"]}}],"collection":[{"href":"https:\/\/tohagroup.com\/en\/wp-json\/wp\/v2\/product"}],"about":[{"href":"https:\/\/tohagroup.com\/en\/wp-json\/wp\/v2\/types\/product"}],"replies":[{"embeddable":true,"href":"https:\/\/tohagroup.com\/en\/wp-json\/wp\/v2\/comments?post=5019"}],"wp:featuredmedia":[{"embeddable":true,"href":"https:\/\/tohagroup.com\/en\/wp-json\/wp\/v2\/media\/3548"}],"wp:attachment":[{"href":"https:\/\/tohagroup.com\/en\/wp-json\/wp\/v2\/media?parent=5019"}],"wp:term":[{"taxonomy":"product_cat","embeddable":true,"href":"https:\/\/tohagroup.com\/en\/wp-json\/wp\/v2\/product_cat?post=5019"},{"taxonomy":"product_tag","embeddable":true,"href":"https:\/\/tohagroup.com\/en\/wp-json\/wp\/v2\/product_tag?post=5019"}],"curies":[{"name":"wp","href":"https:\/\/api.w.org\/{rel}","templated":true}]}}