{"id":5016,"date":"2022-09-09T07:34:13","date_gmt":"2022-09-09T07:34:13","guid":{"rendered":"https:\/\/tohagroup.com\/?post_type=product&#038;p=5016"},"modified":"2022-09-13T02:06:29","modified_gmt":"2022-09-13T02:06:29","slug":"may-pha-ca-phe-saeco-lcd-moi-85-95","status":"publish","type":"product","link":"https:\/\/tohagroup.com\/en\/san-pham\/may-pha-ca-phe-saeco-lcd-moi-85-95\/","title":{"rendered":"M\u00e1y pha c\u00e0 ph\u00ea Saeco LCD (m\u1edbi 85% &#8211; 95%)"},"content":{"rendered":"<p>Saeco l\u00e0 t\u1eadp \u0111o\u00e0n m\u00e1y pha c\u00e0 ph\u00ea s\u1ed1 1 th\u1ebf gi\u1edbi v\u1ec1 l\u01b0\u1ee3ng m\u00e1y b\u00e1n ra h\u00e0ng n\u0103m (1,6 tri\u1ec7u m\u00e1y), s\u1ed1 1 v\u1ec1 b\u1eb1ng ph\u00e1t minh s\u00e1ng ch\u1ebf c\u1ea3i ti\u1ebfn ch\u1ea5t l\u01b0\u1ee3ng m\u00e1y c\u00e0 ph\u00ea to\u00e0n c\u1ea7u (s\u1edf h\u1eefu 80% t\u1ed5ng s\u1ed1 patent); chi\u1ebfm h\u01a1n 40% th\u1ecb ph\u1ea7n ph\u00e2n kh\u00fac m\u00e1y c\u00e0 ph\u00ea t\u1ef1 \u0111\u1ed9ng cho gia \u0111\u00ecnh, v\u0103n ph\u00f2ng\u2026 C\u00e1c c\u00f4ng ngh\u1ec7 v\u01b0\u1ee3t tr\u1ed9i nh\u01b0 c\u1ed1i \u00e9p d\u1ec5 d\u00e0ng th\u00e1o r\u1eddi v\u00e0 r\u1eeda v\u1edbi n\u01b0\u1edbc b\u00ecnh th\u01b0\u1eddng, t\u1ea1o b\u1ecdt s\u1eefa v\u1edbi c\u00f4ng ngh\u1ec7 H20, th\u1ea9m th\u1ea5u d\u1eady h\u01b0\u01a1ng th\u01a1m c\u00e0 ph\u00ea tr\u01b0\u1edbc khi chi\u1ebft su\u1ea5t, \u0111\u0129a xay b\u1eb1ng s\u1ee9\u2026. ch\u1ec9 c\u00f3 \u1edf Saeco. Saeco t\u1eadp trung 100% v\u00e0o vi\u1ec7c s\u1ea3n xu\u1ea5t v\u00e0 kinh doanh m\u00e1y c\u00e0 ph\u00ea. Xu\u1ea5t x\u1ee9 Italy v\u00e0 s\u1edf h\u1eefu 4 nh\u00e0 m\u00e1y t\u1ea1i Ch\u00e2u<\/p>\n","protected":false},"excerpt":{"rendered":"<p>Saeco l\u00e0 t\u1eadp \u0111o\u00e0n m\u00e1y pha c\u00e0 ph\u00ea s\u1ed1 1 th\u1ebf gi\u1edbi v\u1ec1 l\u01b0\u1ee3ng m\u00e1y b\u00e1n ra h\u00e0ng n\u0103m (1,6 tri\u1ec7u m\u00e1y), s\u1ed1 1 v\u1ec1 b\u1eb1ng ph\u00e1t minh s\u00e1ng ch\u1ebf c\u1ea3i ti\u1ebfn ch\u1ea5t l\u01b0\u1ee3ng m\u00e1y c\u00e0 ph\u00ea to\u00e0n c\u1ea7u (s\u1edf h\u1eefu 80% t\u1ed5ng s\u1ed1 patent); chi\u1ebfm h\u01a1n 40% th\u1ecb ph\u1ea7n ph\u00e2n kh\u00fac m\u00e1y c\u00e0 ph\u00ea &#8230; <a title=\"M\u00e1y pha c\u00e0 ph\u00ea Saeco LCD (m\u1edbi 85% &#8211; 95%)\" class=\"read-more\" href=\"https:\/\/tohagroup.com\/en\/san-pham\/may-pha-ca-phe-saeco-lcd-moi-85-95\/\" aria-label=\"More on M\u00e1y pha c\u00e0 ph\u00ea Saeco LCD (m\u1edbi 85% &#8211; 95%)\">Read more<\/a><\/p>\n","protected":false},"featured_media":5017,"comment_status":"open","ping_status":"closed","template":"","meta":{"om_disable_all_campaigns":false,"_mi_skip_tracking":false,"_monsterinsights_sitenote_active":false,"_monsterinsights_sitenote_note":"","_monsterinsights_sitenote_category":0},"product_cat":[69],"product_tag":[],"class_list":["post-5016","product","type-product","status-publish","has-post-thumbnail","hentry","nhom-san-pham-may-pha-ca-phe","hang-may-pha-ca-phe-saeco","product_cat-may-pha-ca-phe-cu"],"_links":{"self":[{"href":"https:\/\/tohagroup.com\/en\/wp-json\/wp\/v2\/product\/5016","targetHints":{"allow":["GET"]}}],"collection":[{"href":"https:\/\/tohagroup.com\/en\/wp-json\/wp\/v2\/product"}],"about":[{"href":"https:\/\/tohagroup.com\/en\/wp-json\/wp\/v2\/types\/product"}],"replies":[{"embeddable":true,"href":"https:\/\/tohagroup.com\/en\/wp-json\/wp\/v2\/comments?post=5016"}],"wp:featuredmedia":[{"embeddable":true,"href":"https:\/\/tohagroup.com\/en\/wp-json\/wp\/v2\/media\/5017"}],"wp:attachment":[{"href":"https:\/\/tohagroup.com\/en\/wp-json\/wp\/v2\/media?parent=5016"}],"wp:term":[{"taxonomy":"product_cat","embeddable":true,"href":"https:\/\/tohagroup.com\/en\/wp-json\/wp\/v2\/product_cat?post=5016"},{"taxonomy":"product_tag","embeddable":true,"href":"https:\/\/tohagroup.com\/en\/wp-json\/wp\/v2\/product_tag?post=5016"}],"curies":[{"name":"wp","href":"https:\/\/api.w.org\/{rel}","templated":true}]}}