{"id":5003,"date":"2022-09-09T07:14:47","date_gmt":"2022-09-09T07:14:47","guid":{"rendered":"https:\/\/tohagroup.com\/?post_type=product&#038;p=5003"},"modified":"2022-12-16T20:42:43","modified_gmt":"2022-12-16T13:42:43","slug":"may-pha-ca-phe-expobar-megacrem","status":"publish","type":"product","link":"https:\/\/tohagroup.com\/en\/san-pham\/may-pha-ca-phe-expobar-megacrem\/","title":{"rendered":"M\u00e1y pha c\u00e0 ph\u00ea EXPOBAR MEGACREM"},"content":{"rendered":"<p><strong>M\u00e1y pha c\u00e0 ph\u00ea Expobar<\/strong>\u00a0l\u00e0 th\u01b0\u01a1ng hi\u1ec7u m\u00e1y pha c\u00e0 ph\u00ea chuy\u00ean nghi\u1ec7p xu\u1ea5t x\u1ee9 t\u1eeb T\u00e2y Ban Nha, M\u00e1y Expobar d\u00f9ng cho qu\u00e1n t\u00e2m trung, c\u00f3 gi\u00e1 h\u1ee3p l\u00fd v\u1edbi ch\u1ea5t l\u01b0\u1ee3ng s\u1ea3n ph\u1ea9m t\u1ed1t.<\/p>\n<p>Nh\u1edd d\u00e2y chuy\u1ec1n s\u1ea3n xu\u1ea5t hi\u1ec7n \u0111\u1ea1i, ti\u00eau chu\u1ea9n ki\u1ec3m \u0111\u1ecbnh kh\u1eaft khe v\u1edbi ch\u1ea5t l\u01b0\u1ee3ng n\u00e2ng c\u1ea5p \u0111\u00e1ng k\u1ec3, c\u00f3 th\u1ec3 n\u00f3i m\u00e1y pha c\u00e0 ph\u00ea Expobar \u0111\u00e1p \u1ee9ng \u0111\u1ee7 m\u1ecdi nhu c\u1ea7u c\u1ee7a m\u1ed9t Barista chuy\u00ean nghi\u1ec7p hay m\u1ed9t ch\u1ee7 qu\u00e1n c\u00e0 ph\u00ea kh\u00f3 t\u00ednh tr\u00ean th\u1ebf gi\u1edbi.<\/p>\n<p>M\u00e1y pha c\u00e0 ph\u00ea Expobar s\u1edf h\u1eefu thi\u1ebft k\u1ebf tinh t\u1ebf, c\u1ea5u t\u1ea1o \u0111a ch\u1ee9c n\u0103ng, ho\u00e0n to\u00e0n ph\u00f9 h\u1ee3p cho m\u1ecdi m\u00f4 h\u00ecnh kinh doanh qu\u00e1n c\u00e0 ph\u00ea.<\/p>\n<p><b>Thi\u1ebft k\u1ebf hi\u1ec7n \u0111\u1ea1i t\u1ea1o \u0111i\u1ec3m nh\u1ea5n cho kh\u00f4ng gian qu\u1ea7y bar<\/b><\/p>\n<p>Expobar Megacrem 1 Group s\u1edf h\u1eefu k\u1ebft c\u1ea5u full inox c\u00f3 \u0111\u1ed9 b\u00f3ng cao gi\u00fap l\u00e0m n\u1ed5i b\u1eadt kh\u00f4ng gian nh\u01b0 qu\u1ea7y bar ho\u1eb7c qu\u00e1n c\u00e0 ph\u00ea, t\u1ea1o n\u00ean \u0111i\u1ec3m nh\u1ea5n thanh l\u1ecbch. M\u00e1y c\u00f3 th\u1ec3 linh \u0111\u1ed9ng cho vi\u1ec7c s\u1eed d\u1ee5ng t\u1ea1i qu\u1ea7y mini ho\u1eb7c b\u00e1n c\u1eeda h\u00e0ng.<\/p>\n<ul>\n<li>Thi\u1ebft k\u1ebf body inox: full inox- s\u1eed d\u1ee5ng to\u00e0n b\u1ed9 l\u00ean t\u1edbi 95% inox \u0111\u1ec3 t\u1ea1o \u00e1nh nh\u00ecn b\u1eaft m\u1eaft v\u1edbi ng\u01b0\u1eddi d\u00f9ng,<\/li>\n<li>B\u00e0n ph\u00edm m\u1ec1m: s\u1eed d\u1ee5ng b\u00e0n ph\u00edm m\u1ec1m v\u1edbi \u0111\u00e8n led xanh d\u01b0\u01a1ng, n\u1ed5i b\u1eadt n\u00e9t tinh t\u1ebf c\u1ee7a may pha ca phe Expobar<\/li>\n<li>M\u1ea1nh m\u1ebd : V\u1edbi thi\u1ebft k\u1ebf m\u1ea1nh m\u1ebd, n\u1ed3i h\u01a1i 100% b\u1eb1ng \u0111\u1ed3ng, l\u1edbn nh\u1ea5t so v\u1edbi d\u00f2ng 1gr hi\u1ec7n nay<\/li>\n<\/ul>\n<p><b>H\u1ec7 th\u1ed1ng Grouphead b\u1eb1ng \u0111\u1ed3ng nguy\u00ean ch\u1ea5t cao c\u1ea5p<\/b><\/p>\n<p>H\u1ec7 th\u1ed1ng group head c\u1ee7a Expobar s\u1eed d\u1ee5ng c\u00f4ng ngh\u1ec7 cao c\u1ea5p, phun \u0111\u1ec1u m\u1ed9t l\u01b0\u1ee3ng n\u01b0\u1edbc nh\u1ecf trong kho\u1ea3ng 7 gi\u00e2y \u0111\u1ec3 l\u00e0m \u1ea9m b\u1ed9t c\u00e0 ph\u00ea tr\u01b0\u1edbc khi pha, l\u00e0m cho b\u1ed9t c\u00e0 ph\u00ea n\u1edf \u0111\u1ec1u, chi\u1ebft xu\u1ea5t \u0111\u01b0\u1ee3c h\u1ebft h\u01b0\u01a1ng v\u1ecb tinh t\u00fay c\u00e0 ph\u00ea.<\/p>\n<p><b>V\u00f2i \u0111\u00e1nh s\u1eefa \u0111a d\u1ee5ng ti\u1ec7n l\u1ee3i<\/b><\/p>\n<p>H\u1ec7 th\u1ed1ng v\u00f2i \u0111\u00e1nh s\u1eefa v\u1edbi ch\u1ee9c n\u0103ng \u0111\u00e1nh s\u1eefa t\u1ef1 \u0111\u1ed9ng, gi\u00fap bartender nhanh ch\u00f3ng c\u00f3 \u0111\u01b0\u1ee3c l\u1edbp b\u1ecdt s\u1eefa ho\u00e0n h\u1ea3o, \u0111\u1eb9p m\u1eaft \u0111\u1ec3 cho ra ly cafe th\u00e0nh ph\u1ea9m v\u1eeba \u0111\u1ea1t ch\u1ea5t l\u01b0\u1ee3ng, v\u1eeba b\u1eaft m\u1eaft. N\u00fam v\u1eb7n b\u00ean ph\u1ea3i d\u00f9ng \u0111\u1ec3 \u0111i\u1ec1u khi\u1ec3n d\u00f2ng ch\u1ea3y c\u1ee7a v\u00f2i n\u00e0y.<\/p>\n<p>\u2013 Thi\u1ebft k\u1ebf nh\u1ecf g\u1ecdn, ph\u00f9 h\u1ee3p v\u1edbi m\u00f4 h\u00ecnh xe \u0111\u1ea9y cafe to-go, cafe mang \u0111i ho\u1eb7c qu\u1ea7y cafe take away.<\/p>\n<p><strong>N\u1ed3i h\u01a1i 100% \u0111\u1ed3ng nguy\u00ean ch\u1ea5t<\/strong><\/p>\n<p>\u2013 H\u1ec7 th\u1ed1ng n\u1ed3i h\u01a1i v\u00e0 \u1ed1ng d\u1eabn n\u01b0\u1edbc ho\u00e0n to\u00e0n b\u1eb1ng \u0111\u1ed3ng nguy\u00ean ch\u1ea5t chu\u1ea9n ch\u00e2u \u00c2u, \u0111\u1ea3m b\u1ea3o \u0111\u1ed9 b\u1ec1n b\u1ec9 v\u00e0 s\u1ee9c kh\u1ecfe ng\u01b0\u1eddi d\u00f9ng.<\/p>\n<hr \/>\n<h2 id=\"ftoc-heading-10\" class=\"p1 ftwp-heading\"><b>Toha Group \u2013 Cung c\u1ea5p gi\u1ea3i ph\u00e1p cho m\u1ed9t ly c\u00e0 ph\u00ea ngon<\/b><\/h2>\n<p>=&gt;&gt;\u00a0<em>Tham kh\u1ea3o th\u00f4ng tin v\u00e0 c\u00e1c s\u1ea3n ph\u1ea9m <a href=\"https:\/\/tohagroup.com\/product-category\/may-pha-ca-phe-cho-quan\/\" target=\"_blank\" rel=\"nofollow noopener\">M\u00e1y pha c\u00e0 ph\u00ea d\u00e0nh cho qu\u00e1n<\/a> t\u1ea1i website ch\u00ednh h\u00e3ng <a href=\"http:\/\/www.tohagroup.com\">www.tohagroup.com<\/a><\/em><\/p>\n<p>\u0110\u1ec3 \u0111\u1ea3m b\u1ea3o mua m\u00e1y ch\u00ednh h\u00e3ng vui l\u00f2ng t\u1edbi tr\u1ef1c ti\u1ebfp Showroom c\u1ee7a <strong>Toha Group<\/strong> tr\u00ean to\u00e0n qu\u1ed1c ho\u1eb7c \u0111\u1eb7t h\u00e0ng t\u1ea1i Website www.tohagroup.com \u2013 Ho\u1eb7c g\u1ecdi tr\u1ef1c ti\u1ebfp t\u1edbi <a href=\"tel:0867896096\" target=\"_blank\" rel=\"nofollow noopener\"><strong>Hotline: 08 6789 6096<\/strong><\/a>\u00a0\u0111\u1ec3 \u0111\u01b0\u1ee3c h\u1ed7 tr\u1ee3 \u0111\u1eb7t h\u00e0ng nhanh.<\/p>\n<p><span style=\"color: #ff0000;\"><strong>\u01afu \u0111\u00e3i:<\/strong> <\/span>Khi Qu\u00fd kh\u00e1ch h\u00e0ng theo d\u00f5i t\u1ea5t c\u1ea3 n\u1ec1n t\u1ea3ng c\u1ee7a Toha, qu\u00fd kh\u00e1ch s\u1ebd nh\u1eadn \u0111\u01b0\u1ee3c \u0111\u01b0\u1eddng d\u00e2y n\u00f3ng k\u1ebft n\u1ed1i &#8211; mua b\u00e1n &#8211; s\u1eeda ch\u1eefa, k\u00e8m theo \u0111\u00f3 l\u00e0 nhi\u1ec1u \u01b0u \u0111\u00e3i \u0111\u1eb7c bi\u1ec7t, nhi\u1ec1u ch\u01b0\u01a1ng tr\u00ecnh gi\u1ea3m gi\u00e1, v\u00e0 r\u1ea5t nhi\u1ec1u qu\u00e0 t\u1eb7ng kh\u00e1c \u0111\u1ebfn t\u1eeb Toha.<\/p>\n<h4 id=\"input_line_0\"><span id=\"input_part_0\" class=\"\" data-mention=\"Ch\u1ec9 \u0110\u01b0\u1eddng Google Map: https:\/\/g.page\/TOHACAFE?share \"><span style=\"color: #ff6600;\">Ch\u1ec9 \u0110\u01b0\u1eddng Google Map:<\/span><a href=\"https:\/\/g.page\/TOHACAFE?share\" rel=\"nofollow\" target=\"_blank\"> https:\/\/g.page\/TOHACAFE?share<\/a>\u00a0<\/span><\/h4>\n<h4 id=\"input_line_1\"><span id=\"input_part_0\" class=\"\" data-mention=\"Zalo Ch\u0103m S\u00f3c Kh\u00e1ch H\u00e0ng 24\/7: https:\/\/zalo.me\/2565949627324610829\"><span style=\"color: #ff6600;\">Zalo Ch\u0103m S\u00f3c Kh\u00e1ch H\u00e0ng 24\/7<\/span>: <a href=\"https:\/\/zalo.me\/2565949627324610829\" rel=\"nofollow noopener\" target=\"_blank\">https:\/\/zalo.me\/2565949627324610829<\/a><\/span><\/h4>\n<h4 id=\"input_line_2\"><span id=\"input_part_0\" class=\"\" data-mention=\"C\u1eadp Nh\u1eadt \u01afu \u0110\u00e3i: https:\/\/www.facebook.com\/tohagroupvn\"><span style=\"color: #ff6600;\">C\u1eadp Nh\u1eadt \u01afu \u0110\u00e3i:<\/span> <a href=\"https:\/\/www.facebook.com\/tohagroupvn\" rel=\"nofollow noopener\" target=\"_blank\">https:\/\/www.facebook.com\/tohagroupvn<\/a><\/span><\/h4>\n<p><span style=\"color: #000000;\"><b>\u0110\u1ec3 bi\u1ebft th\u00eam th\u00f4ng tin chi ti\u1ebft v\u00e0 \u0111\u1eb7t h\u00e0ng<\/b><strong>, Qu\u00fd<\/strong><b> Kh\u00e1ch xin vui l\u00f2ng li\u00ean h\u1ec7 v\u1edbi ch\u00fang t\u00f4i qua:<\/b><\/span><\/p>\n<p><span style=\"font-weight: 400;\"><strong>&#8211;<span style=\"color: #ff6600;\">\u0110\u1ecba ch\u1ec9:<\/span><\/strong> 472 \/ 17 \u0111\u01b0\u1eddng Phan Huy \u00cdch, Ph\u01b0\u1eddng 12, Qu\u1eadn G\u00f2 V\u1ea5p HCM.<\/span><\/p>\n<p><span style=\"font-weight: 400;\">\u00a0 \u00a0 \u00a0 \u00a0 \u00a0 \u00a0 \u00a0 \u00a0111-112 A1, TT H\u00e0o Nam ng\u00f5 8A, \u0111\u01b0\u1eddng V\u0169 Th\u1ea1nh, Q.\u0110\u1ed1ng \u0110a, HN.<\/span><\/p>\n<p><span style=\"font-weight: 400; color: #ff6600;\"><strong>-Hotline:<\/strong><\/span><\/p>\n<ul>\n<li><span id=\"input_part_0\" class=\"\" data-mention=\"08 6269 6096 \">08 6269 6096 <\/span><\/li>\n<li><span id=\"input_part_0\" class=\"\" data-mention=\"08 6269 6096 \">08 6769 6096 <\/span><\/li>\n<li><span id=\"input_part_0\" class=\"\" data-mention=\"08 6269 6096 \">0978 121 033<\/span><\/li>\n<\/ul>\n<p><span style=\"font-weight: 400;\"><span style=\"color: #ff6600;\"><strong>-Gmail:<\/strong><\/span> info@tohagroup.com<\/span><\/p>\n<p>&nbsp;<\/p>\n","protected":false},"excerpt":{"rendered":"<h4 class=\"promoadd__ttl\" style=\"text-align: left;\"><strong><i>2 \u01afU \u0110\u00c3I QU\u00c0 T\u1eb6NG<\/i><\/strong><\/h4>\n<h5 class=\"promoadd__ttl\" style=\"text-align: left;\">D\u1ef1 ki\u1ebfn \u00e1p d\u1ee5ng \u0111\u1ebfn 23:00 30\/09<\/h5>\n<div class=\"promo_BHX\">\n<div class=\"l2\">\n<ul>\n<li>\n<h6><span data-sheets-value=\"{&quot;1&quot;:2,&quot;2&quot;:&quot;T\u1eb7ng b\u1ed9 d\u1ee5ng c\u1ee5 8 m\u00f3n ( T\u1ea4T C\u1ea2 M\u00c1Y C\u0168 HAY M\u1edaI )&quot;}\" data-sheets-userformat=\"{&quot;2&quot;:30909,&quot;3&quot;:{&quot;1&quot;:0,&quot;3&quot;:1},&quot;5&quot;:{&quot;1&quot;:[{&quot;1&quot;:2,&quot;2&quot;:0,&quot;5&quot;:{&quot;1&quot;:2,&quot;2&quot;:0}},{&quot;1&quot;:0,&quot;2&quot;:0,&quot;3&quot;:3},{&quot;1&quot;:1,&quot;2&quot;:0,&quot;4&quot;:1}]},&quot;6&quot;:{&quot;1&quot;:[{&quot;1&quot;:2,&quot;2&quot;:0,&quot;5&quot;:{&quot;1&quot;:2,&quot;2&quot;:0}},{&quot;1&quot;:0,&quot;2&quot;:0,&quot;3&quot;:3},{&quot;1&quot;:1,&quot;2&quot;:0,&quot;4&quot;:1}]},&quot;7&quot;:{&quot;1&quot;:[{&quot;1&quot;:2,&quot;2&quot;:0,&quot;5&quot;:{&quot;1&quot;:2,&quot;2&quot;:0}},{&quot;1&quot;:0,&quot;2&quot;:0,&quot;3&quot;:3},{&quot;1&quot;:1,&quot;2&quot;:0,&quot;4&quot;:1}]},&quot;8&quot;:{&quot;1&quot;:[{&quot;1&quot;:2,&quot;2&quot;:0,&quot;5&quot;:{&quot;1&quot;:2,&quot;2&quot;:0}},{&quot;1&quot;:0,&quot;2&quot;:0,&quot;3&quot;:3},{&quot;1&quot;:1,&quot;2&quot;:0,&quot;4&quot;:1}]},&quot;10&quot;:1,&quot;14&quot;:{&quot;1&quot;:3,&quot;3&quot;:1},&quot;15&quot;:&quot;Times New Roman&quot;,&quot;16&quot;:11,&quot;17&quot;:1}\">T\u1eb7ng b\u1ed9 d\u1ee5ng c\u1ee5 8 m\u00f3n\u00a0<\/span><\/h6>\n<\/li>\n<li>\n<h6>Ch\u00ednh s\u00e1ch \u0111\u1ed5i tr\u1ea3 h\u00e0ng b\u1ea3o h\u00e0nh 1 \u0111\u1ed5i 1<\/h6>\n<\/li>\n<\/ul>\n<\/div>\n<\/div>\n","protected":false},"featured_media":5004,"comment_status":"open","ping_status":"closed","template":"","meta":{"om_disable_all_campaigns":false,"_mi_skip_tracking":false,"_monsterinsights_sitenote_active":false,"_monsterinsights_sitenote_note":"","_monsterinsights_sitenote_category":0},"product_cat":[45],"product_tag":[],"class_list":["post-5003","product","type-product","status-publish","has-post-thumbnail","hentry","hang-may-pha-ca-phe-expobar","product_cat-may-pha-ca-phe-espresso-toha-group"],"_links":{"self":[{"href":"https:\/\/tohagroup.com\/en\/wp-json\/wp\/v2\/product\/5003","targetHints":{"allow":["GET"]}}],"collection":[{"href":"https:\/\/tohagroup.com\/en\/wp-json\/wp\/v2\/product"}],"about":[{"href":"https:\/\/tohagroup.com\/en\/wp-json\/wp\/v2\/types\/product"}],"replies":[{"embeddable":true,"href":"https:\/\/tohagroup.com\/en\/wp-json\/wp\/v2\/comments?post=5003"}],"wp:featuredmedia":[{"embeddable":true,"href":"https:\/\/tohagroup.com\/en\/wp-json\/wp\/v2\/media\/5004"}],"wp:attachment":[{"href":"https:\/\/tohagroup.com\/en\/wp-json\/wp\/v2\/media?parent=5003"}],"wp:term":[{"taxonomy":"product_cat","embeddable":true,"href":"https:\/\/tohagroup.com\/en\/wp-json\/wp\/v2\/product_cat?post=5003"},{"taxonomy":"product_tag","embeddable":true,"href":"https:\/\/tohagroup.com\/en\/wp-json\/wp\/v2\/product_tag?post=5003"}],"curies":[{"name":"wp","href":"https:\/\/api.w.org\/{rel}","templated":true}]}}