{"id":4998,"date":"2022-09-09T07:06:19","date_gmt":"2022-09-09T07:06:19","guid":{"rendered":"https:\/\/tohagroup.com\/?post_type=product&#038;p=4998"},"modified":"2022-09-13T02:04:36","modified_gmt":"2022-09-13T02:04:36","slug":"may-xay-ca-phe-victoria-arduino","status":"publish","type":"product","link":"https:\/\/tohagroup.com\/en\/san-pham\/may-xay-ca-phe-victoria-arduino\/","title":{"rendered":"M\u00e1y xay c\u00e0 ph\u00ea VICTORIA ARDUINO (m\u1edbi 85% &#8211; 95%)"},"content":{"rendered":"<h3 class=\"news-detail-quote\">M\u00e1y xay c\u00e0 ph\u00ea Victoria Arduino Mythos \u0111\u01b0\u1ee3c coi l\u00e0 m\u00e1y xay t\u1ed1t nh\u1ea5t tr\u00ean th\u1ecb tr\u01b0\u1eddng hi\u1ec7n nay nh\u1edd c\u00f3 c\u00f4ng ngh\u1ec7 Clima Pro v\u00e0 s\u1ef1 ph\u00e2n ph\u1ed1i xay nghi\u1ec1n m\u00e0 \u00edt c\u00f3 con m\u00e1y n\u00e0o kh\u00e1c c\u00f3 \u0111\u01b0\u1ee3c.<\/h3>\n<p>Mythos d\u00f9ng m\u1ed9t b\u1ed9 ph\u1eadn l\u00e0m n\u00f3ng nh\u1ecf \u0111\u1ec3 l\u00e0m n\u00f3ng h\u1ed9c xay, ng\u0103n vi\u1ec7c m\u00e1y xay d\u1ecbch chuy\u1ec3n t\u1eeb m\u00f4i tr\u01b0\u1eddng l\u1ea1nh v\u00e0 ng\u01b0\u1ee3c l\u1ea1i. M\u1ed9t c\u00e1i qu\u1ea1t v\u00e0 \u1ed1ng nh\u1ecf \u0111\u01b0\u1ee3c s\u1eed d\u1ee5ng \u0111\u1ec3 lo\u1ea1i b\u1ecf l\u01b0\u1ee3ng nhi\u1ec7t d\u01b0, gi\u1eef nhi\u1ec7t \u0111\u1ed9 trong b\u1ed9 xay trong kho\u1ea3ng 35 and 45\u00b0C . \u0110i\u1ec1u n\u00e0y c\u00f3 ngh\u0129a l\u00e0 ch\u00fang s\u1ebd h\u1ea1n ch\u1ebf \u0111\u01b0\u1ee3c vi\u1ec7c \u0111i\u1ec1u ch\u1ec9nh xay trong su\u1ed1t qu\u00e1 tr\u00ecnh chuy\u1ec3n \u0111\u1ed5i, v\u00e0 \u00edt g\u00e2y\u00a0l\u00e3ng ph\u00ed \u2013 nh\u1eefng \u0111i\u1ec1u\u00a0m\u00e0 t\u1ea5t c\u1ea3 c\u00e1c barista hay ng\u01b0\u1eddi s\u1edf h\u1eefu m\u00e1y mong mu\u1ed1n c\u00f3 \u0111\u01b0\u1ee3c.<\/p>\n<p><strong>T\u1ea1i sao m\u00e1y xay n\u00e0y l\u1ea1i \u0111\u01b0\u1ee3c y\u00eau th\u00edch?\u00a0<\/strong><\/p>\n<p>S\u1ef1 ph\u00e2n b\u1ed1 c\u1ee7a m\u00e1y th\u00ec tuy\u1ec7t v\u1eddi nh\u1ea5t c\u1ee7a th\u1eddi gian. T\u1ea1i m\u1ed7i l\u1ea7n xay \u1ed5n \u0111\u1ecbnh, b\u1ea1n s\u1ebd th\u1ea5y m\u1ed9t l\u01b0\u1ee3ng v\u00f3n c\u1ee5c nh\u1ecf, nh\u01b0ng trong gi\u1edbi h\u1ea1n ch\u1ea5p nh\u1eadn \u0111\u01b0\u1ee3c. \u0110i\u1ec1u ch\u1ec9nh xay d\u1ec5 d\u00e3ng thay \u0111\u1ed5i v\u1edbi s\u1ed1 l\u01b0\u1ee3ng nh\u1ecf nh\u1edd thi\u1ebft k\u1ebf\u00a0 vi m\u00f4 cho t\u1eebng b\u01b0\u1edbc.<\/p>\n<p>Ch\u00fang t\u00f4i r\u1ea5t khuy\u00ean b\u1ea1n n\u00ean cho m\u00e1y \u0111\u01b0\u1ee3c b\u1eadt c\u00f4ng t\u1eaft \u201cm\u1edf\u201d qua \u0111\u00eam \u0111\u1ec3 m\u00e1y c\u00f3 th\u1ec3 s\u1eb5n s\u00e0ng s\u1eed d\u1ee5ng v\u00e0 t\u0103ng nhi\u1ec7t \u0111\u1ed9 khi b\u1ea1n \u0111\u1ebfn qu\u00e1n v\u00e0 kh\u1edfi \u0111\u1ed9ng v\u00e0o bu\u1ed5i s\u00e1ng.<\/p>\n<p>Chi\u1ebfc m\u00e1y xay n\u00e0y s\u1ebd c\u1ea3i thi\u1ec7n ch\u1ea5t l\u01b0\u1ee3ng c\u00e0 ph\u00ea cho b\u1ea5t k\u00ec ai, nh\u01b0ng n\u00f3 l\u00e0 m\u1ed9t s\u1ef1 \u0111\u1ea7u t\u01b0 c\u1ea7n s\u1ef1 nghi\u00eam t\u00fac, ch\u00fang t\u00f4i s\u1ebd khuy\u00ean b\u1ea1n n\u00ean n\u00e2ng c\u1ea5p m\u00e1y xay c\u00e0 ph\u00ea espresso c\u1ee7a b\u1ea1n tr\u01b0\u1edbc khi n\u00e2ng c\u1ea5p m\u00e1y pha, nh\u01b0 l\u00e0, b\u1ea3ng x\u1ebfp h\u1ea1ng quy\u1ec1n anh pound for pound, m\u1ed9t m\u00e1y xay s\u1ebd mang \u0111\u1ebfn s\u1ef1 c\u1ea3i thi\u1ec7n t\u1ed1t h\u01a1n cho c\u1ed1c c\u00e0 ph\u00ea h\u01a1n l\u00e0 m\u1ed9t chi\u1ebfc m\u00e1y pha espresso m\u1edbi. R\u00f5 r\u00e0ng th\u00ec c\u1ea3 hai b\u1ed9 m\u00e1y xay v\u00e0 pha \u0111\u1ec1u ph\u1ea3i t\u1ed1t, nh\u01b0ng m\u1ed9t chi\u1ebfc m\u00e1y xay tuy\u1ec7t v\u1eddi s\u1ebd mang l\u1ea1i m\u1ed9t shot espresso tuy\u1ec7t v\u1eddi h\u01a1n trong chi\u1ebft xu\u1ea5t c\u00e0 ph\u00ea.<\/p>\n<p>\u0110\u01b0\u1ee3c thi\u1ebft k\u1ebf \u0111\u1eb7c bi\u1ec7t gi\u00e0nh cho qu\u1ea7y bar c\u1ee7a qu\u00e1n c\u00e0 ph\u00ea m\u00e0 c\u00f3 s\u1ef1 quan t\u00e2m \u0111\u1ebfn ch\u1ea5t l\u01b0\u1ee3ng, Victoria Arduino Mythos kh\u00f4ng ch\u1ec9 t\u1ea1o ra c\u00e0 ph\u00ea th\u01a1m ngon m\u00e0 c\u00f2n gi\u00fap cho c\u00f4ng vi\u1ec7c c\u1ee7a c\u00e1c barista d\u1ec5 d\u00e0ng h\u01a1n v\u00ec m\u00e1y th\u1ec3 hi\u1ec7n s\u1ef1 nh\u1ea5t qu\u00e1n h\u01a1n.<\/p>\n<p><strong>T\u1ed1c \u0111\u1ed9<\/strong><\/p>\n<p>M\u1eabu m\u00e1y n\u00e0y s\u1ebd kh\u00f4ng gi\u00e0nh chi\u1ebfn th\u1eafng cho kh\u00eda c\u1ea1nh t\u1ed1c \u0111\u1ed9, nh\u01b0ng n\u00f3 c\u0169ng kh\u00f4ng qu\u00e1 k\u00e9m so v\u1edbi nh\u1eefng con m\u00e1y kh\u00e1c. M\u1ed9t shot xay 17g th\u01b0\u1eddng \u0111\u01b0\u1ee3c n\u1eb1m \u1edf m\u1ee9c trung b\u00ecnh t\u1eeb 5,8 \u0111\u1ebfn 6,2 gi\u00e2y. \u0110i\u1ec1u n\u00e0y ph\u1ee5 thu\u1ed9c r\u1ea5t nhi\u1ec1u v\u00e0o c\u00e0 ph\u00ea v\u00e0 sau \u0111\u00f3 l\u00e0 c\u00e0i \u0111\u1eb7t xay. V\u1edbi l\u01b0\u1ee1i dao xay 75mm v\u00e0 \u0111\u1ed9ng c\u01a1 ch\u1eadm gi\u00fap gi\u1eef cho nhi\u1ec7t \u0111\u1ed9 kh\u00f4ng b\u1ecb t\u0103ng v\u1ecdt. Nhi\u1ec7t \u0111\u1ed9 \u1ed5n \u0111\u1ecbnh l\u00e0 \u01b0u \u0111i\u1ec3m tr\u1ecdng t\u00e2m c\u1ee7a con m\u00e1y n\u00e0y.<\/p>\n<p><strong>T\u1ea1i sao n\u00ean mua m\u00e1y xay Victoria Arduino Mythos?<\/strong><\/p>\n<p>Mythos l\u00e0 m\u1ed9t s\u1ef1 c\u00e1ch m\u1ea1ng c\u00f4ng ngh\u1ec7. N\u00f3 kh\u00f4ng ch\u1ec9 c\u0169ng c\u1ea5p m\u1ed9t m\u00e1y xay ph\u00f9 h\u1ee3p cho qu\u00e1n c\u00e0 ph\u00ea c\u1ee7a b\u1ea1n, m\u00e0 c\u00f2n gi\u00fap ti\u1ebft ki\u1ec7m ti\u1ec1n th\u00f4ng qua vi\u1ec7c gi\u1ea3m ch\u1ea5t th\u1ea3i v\u00e0 th\u1eddi gian \u0111\u1ec3 kh\u1eafc ph\u1ee5c nh\u1eefng v\u1ea5n \u0111\u1ec1 s\u1eeda ch\u1eefa m\u00e1y xay.<\/p>\n<hr \/>\n<h2 id=\"ftoc-heading-10\" class=\"p1 ftwp-heading\"><b>Toha Group \u2013 Cung c\u1ea5p gi\u1ea3i ph\u00e1p cho m\u1ed9t ly c\u00e0 ph\u00ea ngon<\/b><\/h2>\n<p>=&gt;&gt;\u00a0<em>Tham kh\u1ea3o th\u00f4ng tin v\u00e0 c\u00e1c s\u1ea3n ph\u1ea9m <a href=\"https:\/\/tohagroup.com\/product-category\/may-pha-ca-phe-cho-quan\/\" target=\"_blank\" rel=\"nofollow noopener\">M\u00e1y pha c\u00e0 ph\u00ea d\u00e0nh cho qu\u00e1n<\/a> t\u1ea1i website ch\u00ednh h\u00e3ng <a href=\"http:\/\/www.tohagroup.com\">www.tohagroup.com<\/a><\/em><\/p>\n<p>\u0110\u1ec3 \u0111\u1ea3m b\u1ea3o mua m\u00e1y ch\u00ednh h\u00e3ng vui l\u00f2ng t\u1edbi tr\u1ef1c ti\u1ebfp Showroom c\u1ee7a <strong>Toha Group<\/strong> tr\u00ean to\u00e0n qu\u1ed1c ho\u1eb7c \u0111\u1eb7t h\u00e0ng t\u1ea1i Website www.tohagroup.com \u2013 Ho\u1eb7c g\u1ecdi tr\u1ef1c ti\u1ebfp t\u1edbi <a href=\"tel:0867896096\" target=\"_blank\" rel=\"nofollow noopener\"><strong>Hotline: 08 6789 6096<\/strong><\/a>\u00a0\u0111\u1ec3 \u0111\u01b0\u1ee3c h\u1ed7 tr\u1ee3 \u0111\u1eb7t h\u00e0ng nhanh.<\/p>\n<p><span style=\"color: #ff0000;\"><strong>\u01afu \u0111\u00e3i:<\/strong> <\/span>Khi Qu\u00fd kh\u00e1ch h\u00e0ng theo d\u00f5i t\u1ea5t c\u1ea3 n\u1ec1n t\u1ea3ng c\u1ee7a Toha, qu\u00fd kh\u00e1ch s\u1ebd nh\u1eadn \u0111\u01b0\u1ee3c \u0111\u01b0\u1eddng d\u00e2y n\u00f3ng k\u1ebft n\u1ed1i &#8211; mua b\u00e1n &#8211; s\u1eeda ch\u1eefa, k\u00e8m theo \u0111\u00f3 l\u00e0 nhi\u1ec1u \u01b0u \u0111\u00e3i \u0111\u1eb7c bi\u1ec7t, nhi\u1ec1u ch\u01b0\u01a1ng tr\u00ecnh gi\u1ea3m gi\u00e1, v\u00e0 r\u1ea5t nhi\u1ec1u qu\u00e0 t\u1eb7ng kh\u00e1c \u0111\u1ebfn t\u1eeb Toha.<\/p>\n<h4 id=\"input_line_0\"><span id=\"input_part_0\" class=\"\" data-mention=\"Ch\u1ec9 \u0110\u01b0\u1eddng Google Map: https:\/\/g.page\/TOHACAFE?share \"><span style=\"color: #ff6600;\">Ch\u1ec9 \u0110\u01b0\u1eddng Google Map:<\/span><a href=\"https:\/\/g.page\/TOHACAFE?share\" rel=\"nofollow\" target=\"_blank\"> https:\/\/g.page\/TOHACAFE?share<\/a>\u00a0<\/span><\/h4>\n<h4 id=\"input_line_1\"><span id=\"input_part_0\" class=\"\" data-mention=\"Zalo Ch\u0103m S\u00f3c Kh\u00e1ch H\u00e0ng 24\/7: https:\/\/zalo.me\/2565949627324610829\"><span style=\"color: #ff6600;\">Zalo Ch\u0103m S\u00f3c Kh\u00e1ch H\u00e0ng 24\/7<\/span>: <a href=\"https:\/\/zalo.me\/2565949627324610829\" rel=\"nofollow noopener\" target=\"_blank\">https:\/\/zalo.me\/2565949627324610829<\/a><\/span><\/h4>\n<h4 id=\"input_line_2\"><span id=\"input_part_0\" class=\"\" data-mention=\"C\u1eadp Nh\u1eadt \u01afu \u0110\u00e3i: https:\/\/www.facebook.com\/tohagroupvn\"><span style=\"color: #ff6600;\">C\u1eadp Nh\u1eadt \u01afu \u0110\u00e3i:<\/span> <a href=\"https:\/\/www.facebook.com\/tohagroupvn\" rel=\"nofollow noopener\" target=\"_blank\">https:\/\/www.facebook.com\/tohagroupvn<\/a><\/span><\/h4>\n<p><span style=\"color: #000000;\"><b>\u0110\u1ec3 bi\u1ebft th\u00eam th\u00f4ng tin chi ti\u1ebft v\u00e0 \u0111\u1eb7t h\u00e0ng<\/b><strong>, Qu\u00fd<\/strong><b> Kh\u00e1ch xin vui l\u00f2ng li\u00ean h\u1ec7 v\u1edbi ch\u00fang t\u00f4i qua:<\/b><\/span><\/p>\n<p><span style=\"font-weight: 400;\"><strong>&#8211;<span style=\"color: #ff6600;\">\u0110\u1ecba ch\u1ec9:<\/span><\/strong> 472 \/ 17 \u0111\u01b0\u1eddng Phan Huy \u00cdch, Ph\u01b0\u1eddng 12, Qu\u1eadn G\u00f2 V\u1ea5p HCM.<\/span><\/p>\n<p><span style=\"font-weight: 400;\">\u00a0 \u00a0 \u00a0 \u00a0 \u00a0 \u00a0 \u00a0 \u00a0111-112 A1, TT H\u00e0o Nam ng\u00f5 8A, \u0111\u01b0\u1eddng V\u0169 Th\u1ea1nh, Q.\u0110\u1ed1ng \u0110a, HN.<\/span><\/p>\n<p><span style=\"font-weight: 400; color: #ff6600;\"><strong>-Hotline:<\/strong><\/span><\/p>\n<ul>\n<li><span id=\"input_part_0\" class=\"\" data-mention=\"08 6269 6096 \">08 6269 6096 <\/span><\/li>\n<li><span id=\"input_part_0\" class=\"\" data-mention=\"08 6269 6096 \">08 6769 6096 <\/span><\/li>\n<li><span id=\"input_part_0\" class=\"\" data-mention=\"08 6269 6096 \">0978 121 033<\/span><\/li>\n<\/ul>\n<p><span style=\"font-weight: 400;\"><span style=\"color: #ff6600;\"><strong>-Gmail:<\/strong><\/span> info@tohagroup.com<\/span><\/p>\n<p>&nbsp;<\/p>\n","protected":false},"excerpt":{"rendered":"<p>M\u00e1y xay c\u00e0 ph\u00ea Victoria Arduino Mythos \u0111\u01b0\u1ee3c coi l\u00e0 m\u00e1y xay t\u1ed1t nh\u1ea5t tr\u00ean th\u1ecb tr\u01b0\u1eddng hi\u1ec7n nay nh\u1edd c\u00f3 c\u00f4ng ngh\u1ec7 Clima Pro v\u00e0 s\u1ef1 ph\u00e2n ph\u1ed1i xay nghi\u1ec1n m\u00e0 \u00edt c\u00f3 con m\u00e1y n\u00e0o kh\u00e1c c\u00f3 \u0111\u01b0\u1ee3c. Mythos d\u00f9ng m\u1ed9t b\u1ed9 ph\u1eadn l\u00e0m n\u00f3ng nh\u1ecf \u0111\u1ec3 l\u00e0m n\u00f3ng h\u1ed9c xay, ng\u0103n vi\u1ec7c &#8230; <a title=\"M\u00e1y xay c\u00e0 ph\u00ea VICTORIA ARDUINO (m\u1edbi 85% &#8211; 95%)\" class=\"read-more\" href=\"https:\/\/tohagroup.com\/en\/san-pham\/may-xay-ca-phe-victoria-arduino\/\" aria-label=\"More on M\u00e1y xay c\u00e0 ph\u00ea VICTORIA ARDUINO (m\u1edbi 85% &#8211; 95%)\">Read more<\/a><\/p>\n","protected":false},"featured_media":4999,"comment_status":"open","ping_status":"closed","template":"","meta":{"om_disable_all_campaigns":false,"_mi_skip_tracking":false,"_monsterinsights_sitenote_active":false,"_monsterinsights_sitenote_note":"","_monsterinsights_sitenote_category":0},"product_cat":[69],"product_tag":[],"class_list":["post-4998","product","type-product","status-publish","has-post-thumbnail","hentry","product_cat-may-pha-ca-phe-cu"],"_links":{"self":[{"href":"https:\/\/tohagroup.com\/en\/wp-json\/wp\/v2\/product\/4998","targetHints":{"allow":["GET"]}}],"collection":[{"href":"https:\/\/tohagroup.com\/en\/wp-json\/wp\/v2\/product"}],"about":[{"href":"https:\/\/tohagroup.com\/en\/wp-json\/wp\/v2\/types\/product"}],"replies":[{"embeddable":true,"href":"https:\/\/tohagroup.com\/en\/wp-json\/wp\/v2\/comments?post=4998"}],"wp:featuredmedia":[{"embeddable":true,"href":"https:\/\/tohagroup.com\/en\/wp-json\/wp\/v2\/media\/4999"}],"wp:attachment":[{"href":"https:\/\/tohagroup.com\/en\/wp-json\/wp\/v2\/media?parent=4998"}],"wp:term":[{"taxonomy":"product_cat","embeddable":true,"href":"https:\/\/tohagroup.com\/en\/wp-json\/wp\/v2\/product_cat?post=4998"},{"taxonomy":"product_tag","embeddable":true,"href":"https:\/\/tohagroup.com\/en\/wp-json\/wp\/v2\/product_tag?post=4998"}],"curies":[{"name":"wp","href":"https:\/\/api.w.org\/{rel}","templated":true}]}}