{"id":4980,"date":"2022-09-09T06:31:32","date_gmt":"2022-09-09T06:31:32","guid":{"rendered":"https:\/\/tohagroup.com\/?post_type=product&#038;p=4980"},"modified":"2022-09-13T06:43:11","modified_gmt":"2022-09-13T06:43:11","slug":"may-xay-ca-phe-cunil","status":"publish","type":"product","link":"https:\/\/tohagroup.com\/en\/san-pham\/may-xay-ca-phe-cunil\/","title":{"rendered":"M\u00e1y xay c\u00e0 ph\u00ea CUNILL (m\u1edbi 85% &#8211; 95%)"},"content":{"rendered":"<h2 id=\"ftoc-heading-10\" class=\"p1 ftwp-heading\"><b>Toha Group \u2013 Cung c\u1ea5p gi\u1ea3i ph\u00e1p cho m\u1ed9t ly c\u00e0 ph\u00ea ngon<\/b><\/h2>\n<p>=&gt;&gt;\u00a0<em>Tham kh\u1ea3o th\u00f4ng tin v\u00e0 c\u00e1c s\u1ea3n ph\u1ea9m\u00a0<a href=\"https:\/\/tohagroup.com\/product-category\/may-pha-ca-phe-cho-quan\/\" target=\"_blank\" rel=\"nofollow noopener\">M\u00e1y pha c\u00e0 ph\u00ea d\u00e0nh cho qu\u00e1n<\/a>\u00a0t\u1ea1i website ch\u00ednh h\u00e3ng\u00a0<a href=\"http:\/\/www.tohagroup.com\/\">www.tohagroup.com<\/a><\/em><\/p>\n<p>\u0110\u1ec3 \u0111\u1ea3m b\u1ea3o mua m\u00e1y ch\u00ednh h\u00e3ng vui l\u00f2ng t\u1edbi tr\u1ef1c ti\u1ebfp Showroom c\u1ee7a\u00a0<strong>Toha Group<\/strong>\u00a0tr\u00ean to\u00e0n qu\u1ed1c ho\u1eb7c \u0111\u1eb7t h\u00e0ng t\u1ea1i Website www.tohagroup.com \u2013 Ho\u1eb7c g\u1ecdi tr\u1ef1c ti\u1ebfp t\u1edbi\u00a0<a href=\"tel:0867896096\" target=\"_blank\" rel=\"nofollow noopener\"><strong>Hotline: 08 6789 6096<\/strong><\/a>\u00a0\u0111\u1ec3 \u0111\u01b0\u1ee3c h\u1ed7 tr\u1ee3 \u0111\u1eb7t h\u00e0ng nhanh.<\/p>\n<p><strong>\u01afu \u0111\u00e3i:<\/strong>\u00a0Khi Qu\u00fd kh\u00e1ch h\u00e0ng theo d\u00f5i t\u1ea5t c\u1ea3 n\u1ec1n t\u1ea3ng c\u1ee7a Toha, qu\u00fd kh\u00e1ch s\u1ebd nh\u1eadn \u0111\u01b0\u1ee3c \u0111\u01b0\u1eddng d\u00e2y n\u00f3ng k\u1ebft n\u1ed1i \u2013 mua b\u00e1n \u2013 s\u1eeda ch\u1eefa, k\u00e8m theo \u0111\u00f3 l\u00e0 nhi\u1ec1u \u01b0u \u0111\u00e3i \u0111\u1eb7c bi\u1ec7t, nhi\u1ec1u ch\u01b0\u01a1ng tr\u00ecnh gi\u1ea3m gi\u00e1, v\u00e0 r\u1ea5t nhi\u1ec1u qu\u00e0 t\u1eb7ng kh\u00e1c \u0111\u1ebfn t\u1eeb Toha.<\/p>\n<h4 id=\"input_line_0\"><span id=\"input_part_0\" class=\"\" data-mention=\"Ch\u1ec9 \u0110\u01b0\u1eddng Google Map: https:\/\/g.page\/TOHACAFE?share \">Ch\u1ec9 \u0110\u01b0\u1eddng Google Map:<a href=\"https:\/\/g.page\/TOHACAFE?share\" rel=\"nofollow\" target=\"_blank\">\u00a0https:\/\/g.page\/TOHACAFE?share<\/a>\u00a0<\/span><\/h4>\n<h4 id=\"input_line_1\"><span id=\"input_part_0\" class=\"\" data-mention=\"Zalo Ch\u0103m S\u00f3c Kh\u00e1ch H\u00e0ng 24\/7: https:\/\/zalo.me\/2565949627324610829\">Zalo Ch\u0103m S\u00f3c Kh\u00e1ch H\u00e0ng 24\/7:\u00a0<a href=\"https:\/\/zalo.me\/2565949627324610829\" rel=\"nofollow noopener\" target=\"_blank\">https:\/\/zalo.me\/2565949627324610829<\/a><\/span><\/h4>\n<h4 id=\"input_line_2\"><span id=\"input_part_0\" class=\"\" data-mention=\"C\u1eadp Nh\u1eadt \u01afu \u0110\u00e3i: https:\/\/www.facebook.com\/tohagroupvn\">C\u1eadp Nh\u1eadt \u01afu \u0110\u00e3i:\u00a0<a href=\"https:\/\/www.facebook.com\/tohagroupvn\" rel=\"nofollow noopener\" target=\"_blank\">https:\/\/www.facebook.com\/tohagroupvn<\/a><\/span><\/h4>\n<p><b>\u0110\u1ec3 bi\u1ebft th\u00eam th\u00f4ng tin chi ti\u1ebft v\u00e0 \u0111\u1eb7t h\u00e0ng<\/b><strong>, Qu\u00fd<\/strong><b>\u00a0Kh\u00e1ch xin vui l\u00f2ng li\u00ean h\u1ec7 v\u1edbi ch\u00fang t\u00f4i qua:<\/b><\/p>\n<p><strong>\u2013\u0110\u1ecba ch\u1ec9:<\/strong>\u00a0472 \/ 17 \u0111\u01b0\u1eddng Phan Huy \u00cdch, Ph\u01b0\u1eddng 12, Qu\u1eadn G\u00f2 V\u1ea5p HCM.<\/p>\n<p>111-112 A1, TT H\u00e0o Nam ng\u00f5 8A, \u0111\u01b0\u1eddng V\u0169 Th\u1ea1nh, Q.\u0110\u1ed1ng \u0110a, HN.<\/p>\n<p><strong>-Hotline:<\/strong><\/p>\n<ul>\n<li><span id=\"input_part_0\" class=\"\" data-mention=\"08 6269 6096 \">08 6269 6096<\/span><\/li>\n<li><span id=\"input_part_0\" class=\"\" data-mention=\"08 6269 6096 \">08 6769 6096<\/span><\/li>\n<li><span id=\"input_part_0\" class=\"\" data-mention=\"08 6269 6096 \">0978 121 033<\/span><\/li>\n<\/ul>\n<p><strong>-Gmail:<\/strong>\u00a0info@tohagroup.com<\/p>\n","protected":false},"excerpt":{"rendered":"<h4 class=\"promoadd__ttl\"><strong><i>\u2666 2 \u01afU \u0110\u00c3I TH\u00caM<\/i><\/strong><\/h4>\n<h5 class=\"promoadd__ttl\">D\u1ef1 ki\u1ebfn \u00e1p d\u1ee5ng \u0111\u1ebfn 23:00 30\/07<\/h5>\n<div class=\"promo_BHX\">\n<div class=\"l2\">\n<p>Mua c\u00e0 ph\u00ea v\u1edbi \u01b0u \u0111\u00e3i mua 10 t\u1eb7ng 2<\/p>\n<\/div>\n<\/div>\n<h6><i class=\"icondetail-tick\"><\/i>Gi\u1ea3m 10% gi\u00e1 M\u00e1y xay sinh t\u1ed1 v\u00e0 M\u00e1y \u00e9p khi mua k\u00e8m<i class=\"icondetail-tick\"><\/i><\/h6>\n<p>&nbsp;<\/p>\n<div class=\"ui--title ui--animation ui--title-bordered text-center\">\n<div class=\"ui--title-holder\">\n<h4 class=\"ui--title-text\"><strong><em>\u2666 T\u1ea0I SAO B\u1ea0N N\u00caN CH\u1eccN S\u1ea2N PH\u1ea8M C\u1ee6A CH\u00daNG T\u00d4I<\/em><\/strong><\/h4>\n<\/div>\n<\/div>\n<div class=\"ui-row row-fluid\">\n<div class=\"ui-column span6\">\n<h6><i class=\"list-icon 14px fontawesome-ok\"><\/i>Tr\u1ef1c ti\u1ebfp nh\u1eadp kh\u1ea9u t\u1eeb nh\u00e0 m\u00e1y s\u1ea3n xu\u1ea5t<\/h6>\n<h6><i class=\"list-icon 14px fontawesome-ok\"><\/i>Nhi\u1ec1u c\u00f4ng su\u1ea5t v\u00e0 gi\u00e1 c\u1ea3 ph\u00f9 h\u1ee3p v\u1edbi t\u1eebng nhu c\u1ea7u<i class=\"list-icon 14px fontawesome-ok\"><\/i><\/h6>\n<h6><i class=\"list-icon 14px fontawesome-ok\"><\/i>\u0110\u01b0\u1ee3c chuy\u00ean gia k\u1ef9 thu\u1eadt ki\u1ec3m tra ch\u1ea5t l\u01b0\u1ee3ng<\/h6>\n<\/div>\n<div class=\"ui-column span6\">\n<h6><i class=\"list-icon 14px fontawesome-ok\"><\/i>Ch\u1ebf \u0111\u1ed9 b\u1ea3o h\u00e0nh d\u00e0i h\u1ea1n<\/h6>\n<h6><i class=\"list-icon 14px fontawesome-ok\"><\/i>Lu\u00f4n lu\u00f4n c\u00f3 s\u1eb5n linh ki\u1ec7n \u0111\u1ec3 thay th\u1ebf<\/h6>\n<h6><i class=\"list-icon 14px fontawesome-ok\"><\/i>Ch\u00ednh s\u00e1ch gi\u00e1 t\u1ed1t v\u00e0 lu\u00f4n l\u00e0 gi\u00e1 t\u1ed1t nh\u1ea5t<\/h6>\n<h6><i class=\"list-icon 14px fontawesome-ok\"><\/i>T\u01b0 v\u1ea5n ph\u00f9 h\u1ee3p v\u1edbi nhu c\u1ea7u th\u1ef1c t\u1ebf c\u1ee7a b\u1ea1n<\/h6>\n<h6><i class=\"list-icon 14px fontawesome-ok\"><\/i>X\u1eed l\u00fd s\u1ef1 c\u1ed1 v\u00e0 khi\u1ebfu n\u1ea1i ngay l\u1eadp t\u1ee9c<\/h6>\n<h6><i class=\"list-icon 14px fontawesome-ok\"><\/i>T\u01b0 v\u1ea5n nhi\u1ec1u h\u01a1n cho c\u00f4ng vi\u1ec7c kinh doanh c\u1ee7a b\u1ea1n<\/h6>\n<\/div>\n<\/div>\n","protected":false},"featured_media":4985,"comment_status":"open","ping_status":"closed","template":"","meta":{"om_disable_all_campaigns":false,"_mi_skip_tracking":false,"_monsterinsights_sitenote_active":false,"_monsterinsights_sitenote_note":"","_monsterinsights_sitenote_category":0},"product_cat":[69],"product_tag":[],"class_list":["post-4980","product","type-product","status-publish","has-post-thumbnail","hentry","nhom-san-pham-may-xay-ca-phe","hang-may-pha-cafe-cunil","product_cat-may-pha-ca-phe-cu"],"_links":{"self":[{"href":"https:\/\/tohagroup.com\/en\/wp-json\/wp\/v2\/product\/4980","targetHints":{"allow":["GET"]}}],"collection":[{"href":"https:\/\/tohagroup.com\/en\/wp-json\/wp\/v2\/product"}],"about":[{"href":"https:\/\/tohagroup.com\/en\/wp-json\/wp\/v2\/types\/product"}],"replies":[{"embeddable":true,"href":"https:\/\/tohagroup.com\/en\/wp-json\/wp\/v2\/comments?post=4980"}],"wp:featuredmedia":[{"embeddable":true,"href":"https:\/\/tohagroup.com\/en\/wp-json\/wp\/v2\/media\/4985"}],"wp:attachment":[{"href":"https:\/\/tohagroup.com\/en\/wp-json\/wp\/v2\/media?parent=4980"}],"wp:term":[{"taxonomy":"product_cat","embeddable":true,"href":"https:\/\/tohagroup.com\/en\/wp-json\/wp\/v2\/product_cat?post=4980"},{"taxonomy":"product_tag","embeddable":true,"href":"https:\/\/tohagroup.com\/en\/wp-json\/wp\/v2\/product_tag?post=4980"}],"curies":[{"name":"wp","href":"https:\/\/api.w.org\/{rel}","templated":true}]}}