{"id":4973,"date":"2022-09-09T04:41:31","date_gmt":"2022-09-09T04:41:31","guid":{"rendered":"https:\/\/tohagroup.com\/?post_type=product&#038;p=4973"},"modified":"2022-09-13T02:08:30","modified_gmt":"2022-09-13T02:08:30","slug":"may-pha-ca-phe-casadio-dieci-a1","status":"publish","type":"product","link":"https:\/\/tohagroup.com\/en\/san-pham\/may-pha-ca-phe-casadio-dieci-a1\/","title":{"rendered":"M\u00e1y pha c\u00e0 ph\u00ea Casadio Dieci A1 (m\u1edbi 85% &#8211; 95%)"},"content":{"rendered":"<div class=\"bi6gxh9e\">\n<h2><strong><em>M\u00e1y pha c\u00e0 ph\u00ea Casadio\u00a0Dieci A1<\/em>\u00a0<\/strong><\/h2>\n<h4><strong>\u0110\u01b0\u1ee3c nh\u1eadp kh\u1ea9u tr\u1ef1c ti\u1ebfp t\u1eeb \u00dd, Casadio Dieci A1 l\u00e0 d\u00f2ng m\u00e1y pha c\u00e0 ph\u00ea t\u1ef1 \u0111\u1ed9ng chuy\u00ean nghi\u1ec7p d\u00e0nh cho qu\u00e1n c\u00e0 ph\u00ea.<\/strong><\/h4>\n<p><em><strong>M\u00e1y pha c\u00e0 ph\u00ea chuy\u00ean nghi\u1ec7p Casadio Dieci A1<\/strong><\/em>\u00a0\u0111\u01b0\u1ee3c c\u00f3 xu\u1ea5t x\u1ee9 (s\u1ea3n xu\u1ea5t v\u00e0 l\u1eafp r\u00e1p) t\u1ea1i \u00dd v\u1edbi c\u00e1c chuy\u00ean gia h\u00e0ng \u0111\u1ea7u trong ng\u00e0nh c\u00f4ng nghi\u1ec7p m\u00e1y pha c\u00e0 ph\u00ea hi\u1ec7n nay. Nh\u1edd v\u00e0o c\u00e1c c\u00f4ng ngh\u1ec7 ti\u00ean ti\u1ebfn v\u00e0 \u0111\u01b0\u1ee3c c\u1ea3i ti\u1ebfn li\u00ean t\u1ee5c n\u00ean c\u00f3 th\u1ec3 n\u00f3i m\u00e1y \u0111\u00e1p \u1ee9ng \u0111\u1ea7y \u0111\u1ee7 c\u00e1c nhu c\u1ea7u thi\u1ebft y\u1ebfu c\u1ee7a barista hay ch\u1ee7 qu\u00e1n c\u00e0 ph\u00ea.<\/p>\n<p><img decoding=\"async\" class=\"aligncenter size-large wp-image-4983\" src=\"https:\/\/tohagroup.com\/wp-content\/uploads\/2022\/09\/Casadio-dieci-A1-1-group-logo-1-01-1024x683.jpg\" alt=\"\" width=\"1024\" height=\"683\" srcset=\"https:\/\/tohagroup.com\/wp-content\/uploads\/2022\/09\/Casadio-dieci-A1-1-group-logo-1-01-1024x683.jpg 1024w, https:\/\/tohagroup.com\/wp-content\/uploads\/2022\/09\/Casadio-dieci-A1-1-group-logo-1-01-300x200.jpg 300w, https:\/\/tohagroup.com\/wp-content\/uploads\/2022\/09\/Casadio-dieci-A1-1-group-logo-1-01-768x512.jpg 768w, https:\/\/tohagroup.com\/wp-content\/uploads\/2022\/09\/Casadio-dieci-A1-1-group-logo-1-01-1536x1024.jpg 1536w, https:\/\/tohagroup.com\/wp-content\/uploads\/2022\/09\/Casadio-dieci-A1-1-group-logo-1-01-2048x1366.jpg 2048w, https:\/\/tohagroup.com\/wp-content\/uploads\/2022\/09\/Casadio-dieci-A1-1-group-logo-1-01-600x400.jpg 600w\" sizes=\"(max-width: 1024px) 100vw, 1024px\" \/><\/p>\n<p>N\u1ed3i h\u01a1i hay c\u00f2n g\u1ecdi l\u00e0 boiler l\u00e0 b\u1ed9 ph\u1eadn ch\u1ee9a n\u01b0\u1edbc c\u0169ng nh\u01b0 t\u1ea1o ra \u00e1p l\u1ef1c h\u01a1i \u0111\u1ec3 pha c\u00e0 ph\u00ea espresso hay gi\u00fap \u0111\u00e1nh s\u1eefa,\u00a0<em><strong>m\u00e1y pha cafe Casadio Dieci A1<\/strong><\/em>\u00a0s\u1edf h\u1eefu n\u1ed3i h\u01a1i l\u00ean t\u1edbi 5 L\u00edt \u0111\u1ee7 cho qu\u00e1n c\u00e0 ph\u00ea v\u1edbi s\u1ed1 l\u01b0\u1ee3ng kh\u00e1ch trung b\u00ecnh ho\u1ea1t \u0111\u1ed9ng trong nh\u1eefng gi\u1edd cao \u0111i\u1ec3m. \u0110\u1eb7c bi\u1ec7t n\u1ed3i h\u01a1i s\u1edf h\u1eefu b\u1ed9 ph\u1eadn ch\u1ed1ng tr\u00e0n n\u01b0\u1edbc nh\u1eb1m b\u1ea3o v\u1ec7 t\u1ed1t h\u01a1n nh\u1eefng linh ki\u1ec7n b\u00ean trong m\u00e1y.<\/p>\n<p>&nbsp;<\/p>\n<div class=\"bi6gxh9e\"><img decoding=\"async\" class=\"aligncenter\" src=\"https:\/\/cdn.shopify.com\/s\/files\/1\/0878\/1270\/files\/noi-hoi-may-pha-ca-phe-casadio-dieci-a1_large_large.jpg?5888814541460729748\" alt=\"N\u1ed3i h\u01a1i m\u00e1y pha cafe Casadio Dieci A1 l\u00ean t\u1edbi 5 L\u00edt\" \/><\/div>\n<\/div>\n<div><\/div>\n<div class=\"bi6gxh9e\">B\u01a1m c\u1ee7a\u00a0<strong><em>m\u00e1y pha c\u00e0 ph\u00ea Casadio Dieci A1<\/em><\/strong> \u0111\u01b0\u1ee3c l\u1ea5y t\u1eeb nh\u1eefng d\u00f2ng m\u00e1y pha c\u00e0 ph\u00ea 2 Group c\u1ee7a h\u00e3ng v\u00e0 \u0111\u01b0\u1ee3c gia c\u00f4ng b\u1edfi h\u00e3ng Fluid O Tech n\u1ed5i ti\u1ebfng trong ng\u00e0nh c\u00f4ng nghi\u1ec7p m\u00e1y pha c\u00e0 ph\u00ea. V\u1edbi c\u00f4ng su\u1ea5t m\u1ea1nh m\u1ebd c\u1ee7a b\u01a1m, Casadio Dieci A1 t\u1ef1 tin \u0111em l\u1ea1i cho b\u1ea1n hi\u1ec7u n\u0103ng t\u1ed1t nh\u1ea5t.<\/div>\n<div><\/div>\n<h2 id=\"ftoc-heading-10\" class=\"p1 ftwp-heading\" style=\"text-align: center;\"><b>\u0110\u00e1nh gi\u00e1 nhanh m\u00e1y pha Casadio Dieci A1<\/b><\/h2>\n<p>&nbsp;<\/p>\n<p><iframe title=\"M\u00e1y pha cafe espresso Casadio Dieci 1 Group | B\u1ec1n b\u1ec9 theo th\u1eddi gian\" width=\"1200\" height=\"675\" src=\"https:\/\/www.youtube.com\/embed\/Fgw4JM9YIF4?feature=oembed\" frameborder=\"0\" allow=\"accelerometer; autoplay; clipboard-write; encrypted-media; gyroscope; picture-in-picture\" allowfullscreen><\/iframe><\/p>\n<p>&nbsp;<\/p>\n<p>&nbsp;<\/p>\n<div class=\"bi6gxh9e\">\n<hr \/>\n<\/div>\n<div><\/div>\n<h2 id=\"ftoc-heading-10\" class=\"p1 ftwp-heading\"><b>Toha Group \u2013 Cung c\u1ea5p gi\u1ea3i ph\u00e1p cho m\u1ed9t ly c\u00e0 ph\u00ea ngon<\/b><\/h2>\n<p>=&gt;&gt;\u00a0<em>Tham kh\u1ea3o th\u00f4ng tin v\u00e0 c\u00e1c s\u1ea3n ph\u1ea9m <a href=\"https:\/\/tohagroup.com\/product-category\/may-pha-ca-phe-cho-quan\/\" target=\"_blank\" rel=\"nofollow noopener\">M\u00e1y pha c\u00e0 ph\u00ea d\u00e0nh cho qu\u00e1n<\/a> t\u1ea1i website ch\u00ednh h\u00e3ng <a href=\"http:\/\/www.tohagroup.com\">www.tohagroup.com<\/a><\/em><\/p>\n<p>\u0110\u1ec3 \u0111\u1ea3m b\u1ea3o mua m\u00e1y ch\u00ednh h\u00e3ng vui l\u00f2ng t\u1edbi tr\u1ef1c ti\u1ebfp Showroom c\u1ee7a <strong>Toha Group<\/strong> tr\u00ean to\u00e0n qu\u1ed1c ho\u1eb7c \u0111\u1eb7t h\u00e0ng t\u1ea1i Website www.tohagroup.com \u2013 Ho\u1eb7c g\u1ecdi tr\u1ef1c ti\u1ebfp t\u1edbi <a href=\"tel:0867896096\" target=\"_blank\" rel=\"nofollow noopener\"><strong>Hotline: 08 6789 6096<\/strong><\/a>\u00a0\u0111\u1ec3 \u0111\u01b0\u1ee3c h\u1ed7 tr\u1ee3 \u0111\u1eb7t h\u00e0ng nhanh.<\/p>\n<p><span style=\"color: #ff0000;\"><strong>\u01afu \u0111\u00e3i:<\/strong> <\/span>Khi Qu\u00fd kh\u00e1ch h\u00e0ng theo d\u00f5i t\u1ea5t c\u1ea3 n\u1ec1n t\u1ea3ng c\u1ee7a Toha, qu\u00fd kh\u00e1ch s\u1ebd nh\u1eadn \u0111\u01b0\u1ee3c \u0111\u01b0\u1eddng d\u00e2y n\u00f3ng k\u1ebft n\u1ed1i &#8211; mua b\u00e1n &#8211; s\u1eeda ch\u1eefa, k\u00e8m theo \u0111\u00f3 l\u00e0 nhi\u1ec1u \u01b0u \u0111\u00e3i \u0111\u1eb7c bi\u1ec7t, nhi\u1ec1u ch\u01b0\u01a1ng tr\u00ecnh gi\u1ea3m gi\u00e1, v\u00e0 r\u1ea5t nhi\u1ec1u qu\u00e0 t\u1eb7ng kh\u00e1c \u0111\u1ebfn t\u1eeb Toha.<\/p>\n<h4 id=\"input_line_0\"><span id=\"input_part_0\" class=\"\" data-mention=\"Ch\u1ec9 \u0110\u01b0\u1eddng Google Map: https:\/\/g.page\/TOHACAFE?share \"><span style=\"color: #ff6600;\">Ch\u1ec9 \u0110\u01b0\u1eddng Google Map:<\/span><a href=\"https:\/\/g.page\/TOHACAFE?share\" rel=\"nofollow\" target=\"_blank\"> https:\/\/g.page\/TOHACAFE?share<\/a>\u00a0<\/span><\/h4>\n<h4 id=\"input_line_1\"><span id=\"input_part_0\" class=\"\" data-mention=\"Zalo Ch\u0103m S\u00f3c Kh\u00e1ch H\u00e0ng 24\/7: https:\/\/zalo.me\/2565949627324610829\"><span style=\"color: #ff6600;\">Zalo Ch\u0103m S\u00f3c Kh\u00e1ch H\u00e0ng 24\/7<\/span>: <a href=\"https:\/\/zalo.me\/2565949627324610829\" rel=\"nofollow noopener\" target=\"_blank\">https:\/\/zalo.me\/2565949627324610829<\/a><\/span><\/h4>\n<h4 id=\"input_line_2\"><span id=\"input_part_0\" class=\"\" data-mention=\"C\u1eadp Nh\u1eadt \u01afu \u0110\u00e3i: https:\/\/www.facebook.com\/tohagroupvn\"><span style=\"color: #ff6600;\">C\u1eadp Nh\u1eadt \u01afu \u0110\u00e3i:<\/span> <a href=\"https:\/\/www.facebook.com\/tohagroupvn\" rel=\"nofollow noopener\" target=\"_blank\">https:\/\/www.facebook.com\/tohagroupvn<\/a><\/span><\/h4>\n<p><span style=\"color: #000000;\"><b>\u0110\u1ec3 bi\u1ebft th\u00eam th\u00f4ng tin chi ti\u1ebft v\u00e0 \u0111\u1eb7t h\u00e0ng<\/b><strong>, Qu\u00fd<\/strong><b> Kh\u00e1ch xin vui l\u00f2ng li\u00ean h\u1ec7 v\u1edbi ch\u00fang t\u00f4i qua:<\/b><\/span><\/p>\n<p><span style=\"font-weight: 400;\"><strong>&#8211;<span style=\"color: #ff6600;\">\u0110\u1ecba ch\u1ec9:<\/span><\/strong> 472 \/ 17 \u0111\u01b0\u1eddng Phan Huy \u00cdch, Ph\u01b0\u1eddng 12, Qu\u1eadn G\u00f2 V\u1ea5p HCM.<\/span><\/p>\n<p><span style=\"font-weight: 400;\">\u00a0 \u00a0 \u00a0 \u00a0 \u00a0 \u00a0 \u00a0 \u00a0111-112 A1, TT H\u00e0o Nam ng\u00f5 8A, \u0111\u01b0\u1eddng V\u0169 Th\u1ea1nh, Q.\u0110\u1ed1ng \u0110a, HN.<\/span><\/p>\n<p><span style=\"font-weight: 400; color: #ff6600;\"><strong>-Hotline:<\/strong><\/span><\/p>\n<ul>\n<li><span id=\"input_part_0\" class=\"\" data-mention=\"08 6269 6096 \">08 6269 6096 <\/span><\/li>\n<li><span id=\"input_part_0\" class=\"\" data-mention=\"08 6269 6096 \">08 6769 6096 <\/span><\/li>\n<li><span id=\"input_part_0\" class=\"\" data-mention=\"08 6269 6096 \">0978 121 033<\/span><\/li>\n<\/ul>\n<p><span style=\"font-weight: 400;\"><span style=\"color: #ff6600;\"><strong>-Gmail:<\/strong><\/span> info@tohagroup.com<\/span><\/p>\n<p>&nbsp;<\/p>\n","protected":false},"excerpt":{"rendered":"<h4 class=\"promoadd__ttl\" style=\"text-align: left;\"><span style=\"color: #ff0000;\"><strong><i>\u01afU \u0110\u00c3I \u0110\u1eb6C BI\u1ec6T<\/i><\/strong><\/span><\/h4>\n<h5 class=\"promoadd__ttl\" style=\"text-align: left;\">D\u1ef1 ki\u1ebfn \u00e1p d\u1ee5ng \u0111\u1ebfn 23:00 30\/09\/2022<\/h5>\n<div class=\"promo_BHX\">\n<div class=\"l2\">\n<ul>\n<li>\n<h5>1 \u0111\u1ed5i 1 trong th\u00e1ng \u0111\u1ea7u ti\u00ean n\u1ebfu l\u1ed7i nh\u00e0 s\u1ea3n xu\u1ea5t<\/h5>\n<\/li>\n<\/ul>\n<\/div>\n<\/div>\n<ul>\n<li>\n<h5><i class=\"icondetail-tick\"><\/i>B\u1ea3o h\u00e0nh, b\u1ea3o tr\u00ec \u0111\u1ecbnh trong v\u00f2ng 1 n\u0103m nh\u01b0 m\u00e1y m\u1edbi<i class=\"icondetail-tick\"><\/i><\/h5>\n<\/li>\n<li>\n<h5 style=\"text-align: left;\">N\u00e2ng c\u1ea5p m\u00e1y mi\u1ec5n ph\u00ed<\/h5>\n<\/li>\n<li>\n<h5 style=\"text-align: left;\">Voucher gi\u1ea3m gi\u00e1 s\u1ea3n ph\u1ea9m mua k\u00e8m<\/h5>\n<\/li>\n<\/ul>\n","protected":false},"featured_media":4981,"comment_status":"open","ping_status":"closed","template":"","meta":{"om_disable_all_campaigns":false,"_mi_skip_tracking":false,"_monsterinsights_sitenote_active":false,"_monsterinsights_sitenote_note":"","_monsterinsights_sitenote_category":0},"product_cat":[69],"product_tag":[],"class_list":["post-4973","product","type-product","status-publish","has-post-thumbnail","hentry","nhom-san-pham-may-pha-ca-phe","hang-may-pha-cafe-casadio","product_cat-may-pha-ca-phe-cu"],"_links":{"self":[{"href":"https:\/\/tohagroup.com\/en\/wp-json\/wp\/v2\/product\/4973","targetHints":{"allow":["GET"]}}],"collection":[{"href":"https:\/\/tohagroup.com\/en\/wp-json\/wp\/v2\/product"}],"about":[{"href":"https:\/\/tohagroup.com\/en\/wp-json\/wp\/v2\/types\/product"}],"replies":[{"embeddable":true,"href":"https:\/\/tohagroup.com\/en\/wp-json\/wp\/v2\/comments?post=4973"}],"wp:featuredmedia":[{"embeddable":true,"href":"https:\/\/tohagroup.com\/en\/wp-json\/wp\/v2\/media\/4981"}],"wp:attachment":[{"href":"https:\/\/tohagroup.com\/en\/wp-json\/wp\/v2\/media?parent=4973"}],"wp:term":[{"taxonomy":"product_cat","embeddable":true,"href":"https:\/\/tohagroup.com\/en\/wp-json\/wp\/v2\/product_cat?post=4973"},{"taxonomy":"product_tag","embeddable":true,"href":"https:\/\/tohagroup.com\/en\/wp-json\/wp\/v2\/product_tag?post=4973"}],"curies":[{"name":"wp","href":"https:\/\/api.w.org\/{rel}","templated":true}]}}