{"id":4970,"date":"2022-09-09T06:12:47","date_gmt":"2022-09-09T06:12:47","guid":{"rendered":"https:\/\/tohagroup.com\/?post_type=product&#038;p=4970"},"modified":"2022-09-12T08:36:04","modified_gmt":"2022-09-12T08:36:04","slug":"may-xay-ca-phe-mahlkonig-x54","status":"publish","type":"product","link":"https:\/\/tohagroup.com\/en\/san-pham\/may-xay-ca-phe-mahlkonig-x54\/","title":{"rendered":"M\u00e1y xay c\u00e0 ph\u00ea Mahlkonig X54"},"content":{"rendered":"<h3><b>TR\u1ede TH\u00c0NH BARISTA-T\u1ea0I-GIA \u0110\u1eb2NG C\u1ea4P V\u1edaI MAHLKONIG X54<\/b><\/h3>\n<p>C\u00f2n g\u00ec vui b\u1eb1ng vi\u1ec7c th\u01b0\u1edfng th\u1ee9c t\u00e1ch c\u00e0 ph\u00ea ngon, \u0111\u00fang gu do ch\u00ednh m\u00ecnh t\u1ea1o ra. Nh\u1eefng h\u1ea1t c\u00e0 ph\u00ea \u0111\u1eb7c s\u1ea3n t\u01b0\u01a1i m\u1edbi th\u01a1m l\u1eebng, thi\u1ebft b\u1ecb pha xay cao c\u1ea5p, thao t\u00e1c pha ch\u1ebf quen thu\u1ed9c nh\u01b0ng \u0111\u00f2i h\u1ecfi k\u1ef9 n\u0103ng cao. \u0110\u00e2y h\u1eb3n l\u00e0 m\u1ed9t trong nh\u1eefng kho\u1ea3nh kh\u1eafc th\u01b0 gi\u00e3n vui v\u1ebb nh\u1ea5t trong ng\u00e0y m\u00e0 b\u1ea1n c\u00f3 th\u1ec3 t\u1eadn h\u01b0\u1edfng.<\/p>\n<p>Mahlkonig X54 \u0111\u01b0\u1ee3c t\u1ea1o ra \u0111\u1ec3 th\u1ecfa m\u00e3n cho m\u1ecdi y\u00eau c\u1ea7u m\u00e0 m\u1ed9t barista t\u1ea1i gia c\u00f3 th\u1ec3 \u0111\u01b0a ra. M\u1ed9t cho t\u1ea5t c\u1ea3, m\u00e1y xay Mahlkonig X54 ph\u00f9 h\u1ee3p v\u1edbi nhi\u1ec1u ph\u01b0\u01a1ng ph\u00e1p pha ch\u1ebf kh\u00e1c nhau: espresso s\u00e1nh \u0111\u1eadm v\u00e0o bu\u1ed5i s\u00e1ng hay pour-over ho\u1eb7c \u00e9p c\u00e0 ph\u00ea ki\u1ec3u Ph\u00e1p nh\u1eb9 nh\u00e0ng v\u00e0o cu\u1ed1i chi\u1ec1u.<\/p>\n<hr \/>\n<h3><b>M\u00c1Y XAY C\u00c0 PH\u00ca MAHLKONIG X54 C\u00d3 G\u00cc<\/b><strong>?<\/strong><\/h3>\n<h3><strong>Thi\u1ebft k\u1ebf<\/strong><\/h3>\n<p>M\u00e1y xay Mahlk\u00f6nig l\u00e0 b\u1ea3o ch\u1ee9ng cho s\u1ef1 \u0111\u1ea7u t\u01b0 v\u1ec1 ch\u1ea5t l\u01b0\u1ee3ng qu\u1ea7y pha ch\u1ebf c\u1ee7a c\u00e1c qu\u00e1n c\u00e0 ph\u00ea tr\u00ean kh\u1eafp th\u1ebf gi\u1edbi. N\u1ebfu n\u00f3i m\u00e1y xay c\u00e0 ph\u00ea chuy\u00ean nghi\u1ec7p Mahlkonig EK43 \u0111\u00e3 tr\u1edf th\u00e0nh bi\u1ec3u t\u01b0\u1ee3ng ti\u00eau chu\u1ea9n \u0111\u1ed1i v\u1edbi d\u00f2ng m\u00e1y xay th\u01b0\u01a1ng m\u1ea1i, th\u00ec Mahlkonig X54 \u0111\u01b0\u1ee3c th\u01b0\u01a1ng hi\u1ec7u Vua m\u00e1y xay t\u1ea1o ra v\u1edbi m\u1ee5c \u0111\u00edch tr\u1edf th\u00e0nh ti\u00eau chu\u1ea9n cho d\u00f2ng m\u00e1y xay c\u00e0 ph\u00ea gia \u0111\u00ecnh.<\/p>\n<p>M\u00e1y xay c\u00e0 ph\u00ea Mahlkonig X54 c\u00f3 c\u00f9ng ch\u1ea5t l\u01b0\u1ee3ng k\u00e8m h\u00ecnh th\u1ee9c d\u1ec5 li\u00ean t\u01b0\u1edfng \u0111\u1ebfn hai ng\u01b0\u1eddi anh d\u00f2ng chuy\u00ean nghi\u1ec7p l\u00e0 E65 v\u00e0 E80 Supreme, nh\u01b0ng nh\u1ecf g\u1ecdn (HxWxD 425x190x280mm, \u0111\u01b0\u1eddng k\u00ednh dao xay 54mm) v\u1edbi gi\u00e1 c\u1ea3 d\u1ec5 ch\u1ecbu h\u01a1n.<\/p>\n<p>Gi\u00e1 \u0111\u1ee1 tay c\u1ea7m c\u00f3 th\u1ec3 d\u1ec5 d\u00e0ng th\u00e1o r\u1eddi trong v\u00e0i gi\u00e2y ch\u1ec9 v\u1edbi m\u1ed9t n\u00fat nh\u1ea5n, ng\u01b0\u1eddi d\u00f9ng c\u00f3 th\u1ec3 ho\u00e1n \u0111\u1ed5i \u0111\u1ec3 \u0111\u1eb7t c\u1ed1c \u0111\u1ecbnh l\u01b0\u1ee3ng b\u1ed9t caf\u00e9 ho\u1eb7c h\u1ed9c ch\u1ee9a b\u1ed9t.<\/p>\n<p>Khay ch\u1ee9a b\u1ed9t th\u1eeba \u0111\u01b0\u1ee3c g\u1eafn nam ch\u00e2m k\u1ebft n\u1ed1i v\u1edbi ch\u00e2n \u0111\u1ebf c\u1ee7a m\u00e1y, gi\u00fap ng\u01b0\u1eddi d\u00f9ng d\u1ec5 d\u00e0ng th\u00e1o l\u1eafp \u0111\u1ec3 s\u1eed d\u1ee5ng ho\u1eb7c v\u1ec7 sinh.<img decoding=\"async\" class=\"aligncenter wp-image-5083\" src=\"https:\/\/tohagroup.com\/wp-content\/uploads\/2022\/09\/X54-MAHLKONIG-2-01-1024x768.png\" alt=\"TR\u1ede TH\u00c0NH BARISTA-T\u1ea0I-GIA \u0110\u1eb2NG C\u1ea4P V\u1edaI MAHLKONIG X54\" width=\"757\" height=\"567\" srcset=\"https:\/\/tohagroup.com\/wp-content\/uploads\/2022\/09\/X54-MAHLKONIG-2-01-1024x768.png 1024w, https:\/\/tohagroup.com\/wp-content\/uploads\/2022\/09\/X54-MAHLKONIG-2-01-300x225.png 300w, https:\/\/tohagroup.com\/wp-content\/uploads\/2022\/09\/X54-MAHLKONIG-2-01-768x576.png 768w, https:\/\/tohagroup.com\/wp-content\/uploads\/2022\/09\/X54-MAHLKONIG-2-01-1536x1152.png 1536w, https:\/\/tohagroup.com\/wp-content\/uploads\/2022\/09\/X54-MAHLKONIG-2-01-2048x1536.png 2048w, https:\/\/tohagroup.com\/wp-content\/uploads\/2022\/09\/X54-MAHLKONIG-2-01-600x450.png 600w\" sizes=\"(max-width: 757px) 100vw, 757px\" \/><\/p>\n<h3><strong>M\u00e1y xay c\u00e0 ph\u00ea \u0111a n\u0103ng<\/strong><\/h3>\n<p>Th\u01b0\u01a1ng hi\u1ec7u vua m\u00e1y xay \u0111\u00e3 d\u00f9ng 100 n\u0103m kinh nghi\u1ec7m chuy\u00ean gia xay c\u00e0 ph\u00ea c\u1ee7a h\u1ecd \u0111\u1ec3 g\u1eedi g\u1eafm v\u00e0o chi\u1ebfc m\u00e1y xay c\u00e0 ph\u00ea gia \u0111\u00ecnh Mahlkonig X54. Mahlk\u00f6nig s\u1edf h\u1eefu nh\u1eefng model \u0111\u00e1ng tin c\u1eady nh\u1ea5t trong l\u0129nh v\u1ef1c xay c\u00e0 ph\u00ea d\u1ea1ng l\u1ecdc (EK43) hay espresso (E65 v\u00e0 E80). V\u00ec th\u1ebf, ch\u1ea5t l\u01b0\u1ee3ng xay nh\u1ea5t qu\u00e1n c\u1ee7a X54 l\u00e0 kh\u00f4ng ph\u1ea3i b\u00e0n c\u00e3i b\u1ea5t k\u1ec3 d\u00f9ng cho ph\u01b0\u01a1ng ph\u00e1p n\u00e0o, t\u1eeb espresso \u0111\u1ebfn cold brew.<\/p>\n<p>L\u01b0\u1ee1i dao xay ph\u1eb3ng (flat burrs) b\u1eb1ng th\u00e9p \u0111\u1eb7c bi\u1ec7t v\u1edbi \u0111\u01b0\u1eddng k\u00ednh 54mm cho k\u00edch th\u01b0\u1edbc b\u1ed9t \u0111\u1ed3ng nh\u1ea5t trong ph\u1ea1m vi t\u1eeb 200\u20131.000 \u03bcm, mang \u0111\u1ebfn tr\u1ea3i nghi\u1ec7m h\u01b0\u01a1ng v\u1ecb tuy\u1ec7t v\u1eddi. K\u00edch th\u01b0\u1edbc h\u1ea1t b\u1ed9t \u0111\u01b0\u1ee3c \u0111i\u1ec1u ch\u1ec9nh d\u1ec5 d\u00e0ng b\u1edfi m\u1ed9t n\u00fam xoay v\u00f4 c\u1ea5p \u1edf m\u1eb7t h\u00f4ng m\u00e1y, \u0111\u01b0\u1ee3c kh\u1eafc 35 m\u1ee9c \u0111i\u1ec1u ch\u1ec9nh kh\u00e1c nhau. Chuy\u1ec3n \u0111\u1ed5i ph\u01b0\u01a1ng ph\u00e1p pha nhanh ch\u00f3ng v\u00e0 li\u1ec1n m\u1ea1ch.<\/p>\n<p><img decoding=\"async\" class=\"aligncenter wp-image-5085\" src=\"https:\/\/tohagroup.com\/wp-content\/uploads\/2022\/09\/X54-MAHLKONIG-3-01-1024x768.png\" alt=\"TR\u1ede TH\u00c0NH BARISTA-T\u1ea0I-GIA \u0110\u1eb2NG C\u1ea4P V\u1edaI MAHLKONIG X54\" width=\"768\" height=\"576\" srcset=\"https:\/\/tohagroup.com\/wp-content\/uploads\/2022\/09\/X54-MAHLKONIG-3-01-1024x768.png 1024w, https:\/\/tohagroup.com\/wp-content\/uploads\/2022\/09\/X54-MAHLKONIG-3-01-300x225.png 300w, https:\/\/tohagroup.com\/wp-content\/uploads\/2022\/09\/X54-MAHLKONIG-3-01-768x576.png 768w, https:\/\/tohagroup.com\/wp-content\/uploads\/2022\/09\/X54-MAHLKONIG-3-01-1536x1152.png 1536w, https:\/\/tohagroup.com\/wp-content\/uploads\/2022\/09\/X54-MAHLKONIG-3-01-2048x1536.png 2048w, https:\/\/tohagroup.com\/wp-content\/uploads\/2022\/09\/X54-MAHLKONIG-3-01-600x450.png 600w\" sizes=\"(max-width: 768px) 100vw, 768px\" \/><\/p>\n<h3><strong>C\u00f4ng ngh\u1ec7 ti\u00ean ti\u1ebfn<\/strong><\/h3>\n<h4><strong>K\u1ebft n\u1ed1i Wifi<\/strong><\/h4>\n<p>Mahlkonig X54 \u0111\u01b0\u1ee3c t\u00edch h\u1ee3p k\u1ebft n\u1ed1i WiFi, cho ph\u00e9p ng\u01b0\u1eddi d\u00f9ng ki\u1ec3m tra l\u1ea1i v\u00e0 bi\u1ebft ch\u00ednh x\u00e1c m\u00e1y \u0111\u00e3 g\u1eb7p l\u1ed7i g\u00ec (t\u1ea5t nhi\u00ean \u0111i\u1ec1u n\u00e0y r\u1ea5t kh\u00f3 c\u00f3 th\u1ec3 x\u1ea3y ra). N\u00f3 c\u0169ng t\u1ef1 \u0111\u1ed9ng theo d\u00f5i \u0111\u1ed9 hao m\u00f2n c\u1ee7a dao xay v\u00e0 th\u00f4ng b\u00e1o cho ng\u01b0\u1eddi d\u00f9ng khi \u0111\u1ebfn th\u1eddi \u0111i\u1ec3m c\u1ea7n thay th\u1ebf.<\/p>\n<h4><strong>H\u1eb9n gi\u1edd k\u1ef9 thu\u1eadt s\u1ed1<\/strong><\/h4>\n<p>M\u00e1y Mkg X54 c\u00f3 1 m\u00e0n h\u00ecnh LED cao c\u1ea5p v\u00e0 4 n\u00fat \u0111\u1ec3 l\u1eadp tr\u00ecnh li\u1ec1u l\u01b0\u1ee3ng xay theo th\u1eddi gian (k\u00e8m c\u00e0i \u0111\u1eb7t th\u1ee7 c\u00f4ng). 1 n\u00fam xoay \u0111\u01a1n gi\u1ea3n d\u1ec5 s\u1eed d\u1ee5ng \u0111\u1ec3 t\u0103ng ho\u1eb7c gi\u1ea3m th\u1eddi l\u01b0\u1ee3ng.<\/p>\n<h4><strong>C\u00f4ng ngh\u1ec7 gi\u1ea3m \u1ed3n<\/strong><\/h4>\n<p>Khi ho\u1ea1t \u0111\u1ed9ng, m\u00e1y xay Mahlkonig X54 t\u1ea1o ra \u00e2m thanh ch\u1ec9 t\u1ea7m 70dB.<\/p>\n<p><img decoding=\"async\" class=\"aligncenter wp-image-4978\" src=\"https:\/\/tohagroup.com\/wp-content\/uploads\/2022\/09\/Thiet-ke-chua-co-ten-1024x1024.png\" alt=\"\" width=\"693\" height=\"693\" srcset=\"https:\/\/tohagroup.com\/wp-content\/uploads\/2022\/09\/Thiet-ke-chua-co-ten.png 1024w, https:\/\/tohagroup.com\/wp-content\/uploads\/2022\/09\/Thiet-ke-chua-co-ten-300x300.png 300w, https:\/\/tohagroup.com\/wp-content\/uploads\/2022\/09\/Thiet-ke-chua-co-ten-150x150.png 150w, https:\/\/tohagroup.com\/wp-content\/uploads\/2022\/09\/Thiet-ke-chua-co-ten-768x768.png 768w, https:\/\/tohagroup.com\/wp-content\/uploads\/2022\/09\/Thiet-ke-chua-co-ten-600x600.png 600w, https:\/\/tohagroup.com\/wp-content\/uploads\/2022\/09\/Thiet-ke-chua-co-ten-100x100.png 100w\" sizes=\"(max-width: 693px) 100vw, 693px\" \/><\/p>\n<h3><strong>\u0110i\u1ec3m n\u1ed5i b\u1eadt<\/strong><\/h3>\n<ul>\n<li>K\u1ebft n\u1ed1i WiFi<\/li>\n<li>Dao xay th\u00e9p \u0111\u1eb7c bi\u1ec7t 54mm cho k\u00edch th\u01b0\u1edbc b\u1ed9t \u0111\u1ed3ng nh\u1ea5t, mang \u0111\u1ebfn tr\u1ea3i nghi\u1ec7m h\u01b0\u01a1ng v\u1ecb tuy\u1ec7t v\u1eddi.<\/li>\n<li>K\u00edch th\u01b0\u1edbc h\u1ea1t b\u1ed9t trong kho\u1ea3ng t\u1eeb 200\u20131.000 \u03bcm<\/li>\n<li>B\u1ec1n b\u1ec9 v\u1edbi tu\u1ed5i th\u1ecd motor l\u00ean \u0111\u1ebfn 25.000 ly<\/li>\n<li>4 ph\u00edm c\u00e0i \u0111\u1eb7t \u0111\u1ecbnh l\u01b0\u1ee3ng th\u1eddi gian xay (c\u00f3 ch\u1ebf \u0111\u1ed9 c\u00e0i th\u1ee7 c\u00f4ng)<\/li>\n<li>Th\u1eddi gian xay c\u00f3 th\u1ec3 \u0111i\u1ec1u ch\u1ec9nh 1\/10 gi\u00e2y<\/li>\n<li>M\u00e0n h\u00ecnh LED tr\u1ef1c quan<\/li>\n<li>Ch\u1ebf \u0111\u1ed9 ng\u1ee7 t\u1ef1 \u0111\u1ed9ng<\/li>\n<li>H\u1ed9c ch\u1ee9a h\u1ea1t l\u1edbn 500g<\/li>\n<\/ul>\n<hr \/>\n<h2 id=\"ftoc-heading-10\" class=\"p1 ftwp-heading\"><b>Toha Group \u2013 Cung c\u1ea5p gi\u1ea3i ph\u00e1p cho m\u1ed9t ly c\u00e0 ph\u00ea ngon<\/b><\/h2>\n<p>=&gt;&gt;\u00a0<em>Tham kh\u1ea3o th\u00f4ng tin v\u00e0 c\u00e1c s\u1ea3n ph\u1ea9m <a href=\"https:\/\/tohagroup.com\/product-category\/may-pha-ca-phe-cho-quan\/\" target=\"_blank\" rel=\"nofollow noopener\">M\u00e1y pha c\u00e0 ph\u00ea d\u00e0nh cho qu\u00e1n<\/a> t\u1ea1i website ch\u00ednh h\u00e3ng <a href=\"http:\/\/www.tohagroup.com\">www.tohagroup.com<\/a><\/em><\/p>\n<p>\u0110\u1ec3 \u0111\u1ea3m b\u1ea3o mua <strong>M\u00e1y xay c\u00e0 ph\u00ea Mahlkonig X54<\/strong> ch\u00ednh h\u00e3ng vui l\u00f2ng t\u1edbi tr\u1ef1c ti\u1ebfp Showroom c\u1ee7a <strong>Toha Group<\/strong> tr\u00ean to\u00e0n qu\u1ed1c ho\u1eb7c \u0111\u1eb7t h\u00e0ng t\u1ea1i Website www.tohagroup.com \u2013 Ho\u1eb7c g\u1ecdi tr\u1ef1c ti\u1ebfp t\u1edbi <a href=\"tel:0867896096\" target=\"_blank\" rel=\"nofollow noopener\"><strong>Hotline: 08 6789 6096<\/strong><\/a>\u00a0\u0111\u1ec3 \u0111\u01b0\u1ee3c h\u1ed7 tr\u1ee3 \u0111\u1eb7t h\u00e0ng nhanh.<\/p>\n<p><span style=\"color: #ff0000;\"><strong>\u01afu \u0111\u00e3i:<\/strong> <\/span>Khi Qu\u00fd kh\u00e1ch h\u00e0ng theo d\u00f5i t\u1ea5t c\u1ea3 n\u1ec1n t\u1ea3ng c\u1ee7a Toha, qu\u00fd kh\u00e1ch s\u1ebd nh\u1eadn \u0111\u01b0\u1ee3c \u0111\u01b0\u1eddng d\u00e2y n\u00f3ng k\u1ebft n\u1ed1i &#8211; mua b\u00e1n &#8211; s\u1eeda ch\u1eefa, k\u00e8m theo \u0111\u00f3 l\u00e0 nhi\u1ec1u \u01b0u \u0111\u00e3i \u0111\u1eb7c bi\u1ec7t, nhi\u1ec1u ch\u01b0\u01a1ng tr\u00ecnh gi\u1ea3m gi\u00e1, v\u00e0 r\u1ea5t nhi\u1ec1u qu\u00e0 t\u1eb7ng kh\u00e1c \u0111\u1ebfn t\u1eeb Toha.<\/p>\n<h4 id=\"input_line_0\"><span id=\"input_part_0\" class=\"\" data-mention=\"Ch\u1ec9 \u0110\u01b0\u1eddng Google Map: https:\/\/g.page\/TOHACAFE?share \"><span style=\"color: #ff6600;\">Ch\u1ec9 \u0110\u01b0\u1eddng Google Map:<\/span><a href=\"https:\/\/g.page\/TOHACAFE?share\" rel=\"nofollow\" target=\"_blank\"> https:\/\/g.page\/TOHACAFE?share<\/a>\u00a0<\/span><\/h4>\n<h4 id=\"input_line_1\"><span id=\"input_part_0\" class=\"\" data-mention=\"Zalo Ch\u0103m S\u00f3c Kh\u00e1ch H\u00e0ng 24\/7: https:\/\/zalo.me\/2565949627324610829\"><span style=\"color: #ff6600;\">Zalo Ch\u0103m S\u00f3c Kh\u00e1ch H\u00e0ng 24\/7<\/span>: <a href=\"https:\/\/zalo.me\/2565949627324610829\" rel=\"nofollow noopener\" target=\"_blank\">https:\/\/zalo.me\/2565949627324610829<\/a><\/span><\/h4>\n<h4 id=\"input_line_2\"><span id=\"input_part_0\" class=\"\" data-mention=\"C\u1eadp Nh\u1eadt \u01afu \u0110\u00e3i: https:\/\/www.facebook.com\/tohagroupvn\"><span style=\"color: #ff6600;\">C\u1eadp Nh\u1eadt \u01afu \u0110\u00e3i:<\/span> <a href=\"https:\/\/www.facebook.com\/tohagroupvn\" rel=\"nofollow noopener\" target=\"_blank\">https:\/\/www.facebook.com\/tohagroupvn<\/a><\/span><\/h4>\n<p><span style=\"color: #000000;\"><b>\u0110\u1ec3 bi\u1ebft th\u00eam th\u00f4ng tin chi ti\u1ebft v\u00e0 \u0111\u1eb7t h\u00e0ng<\/b><strong>, Qu\u00fd<\/strong><b> Kh\u00e1ch xin vui l\u00f2ng li\u00ean h\u1ec7 v\u1edbi ch\u00fang t\u00f4i qua:<\/b><\/span><\/p>\n<p><span style=\"font-weight: 400;\"><strong>&#8211;<span style=\"color: #ff6600;\">\u0110\u1ecba ch\u1ec9:<\/span><\/strong> 472 \/ 17 \u0111\u01b0\u1eddng Phan Huy \u00cdch, Ph\u01b0\u1eddng 12, Qu\u1eadn G\u00f2 V\u1ea5p HCM.<\/span><\/p>\n<p><span style=\"font-weight: 400;\">\u00a0 \u00a0 \u00a0 \u00a0 \u00a0 \u00a0 \u00a0 \u00a0111-112 A1, TT H\u00e0o Nam ng\u00f5 8A, \u0111\u01b0\u1eddng V\u0169 Th\u1ea1nh, Q.\u0110\u1ed1ng \u0110a, HN.<\/span><\/p>\n<p><span style=\"font-weight: 400; color: #ff6600;\"><strong>-Hotline:<\/strong><\/span><\/p>\n<ul>\n<li><span id=\"input_part_0\" class=\"\" data-mention=\"08 6269 6096 \">08 6269 6096 <\/span><\/li>\n<li><span id=\"input_part_0\" class=\"\" data-mention=\"08 6269 6096 \">08 6769 6096 <\/span><\/li>\n<li><span id=\"input_part_0\" class=\"\" data-mention=\"08 6269 6096 \">0978 121 033<\/span><\/li>\n<\/ul>\n<p><span style=\"font-weight: 400;\"><span style=\"color: #ff6600;\"><strong>-Gmail:<\/strong><\/span> info@tohagroup.com<\/span><\/p>\n<p><span style=\"font-weight: 400;\">Xin c\u00e1m \u01a1n s\u1ef1 quan t\u00e2m c\u1ee7a Qu\u00fd Kh\u00e1ch H\u00e0ng v\u1ec1 s\u1ea3n ph\u1ea9m <strong>M\u00e1y xay c\u00e0 ph\u00ea Mahlkonig X54.<\/strong><\/span><\/p>\n","protected":false},"excerpt":{"rendered":"<h4 class=\"promoadd__ttl\"><span style=\"color: #ff0000;\"><strong><i>\u2666 2 \u01afU \u0110\u00c3I TH\u00caM<\/i><\/strong><\/span><\/h4>\n<h5 class=\"promoadd__ttl\">D\u1ef1 ki\u1ebfn \u00e1p d\u1ee5ng \u0111\u1ebfn 23:00 30\/07<\/h5>\n<div class=\"promo_BHX\">\n<div class=\"l2\">\n<p>Mua c\u00e0 ph\u00ea v\u1edbi \u01b0u \u0111\u00e3i mua 10 t\u1eb7ng 2<\/p>\n<\/div>\n<\/div>\n<h6><i class=\"icondetail-tick\"><\/i>Gi\u1ea3m 10% gi\u00e1 M\u00e1y xay sinh t\u1ed1 v\u00e0 M\u00e1y \u00e9p khi mua k\u00e8m<i class=\"icondetail-tick\"><\/i><\/h6>\n<div class=\"ui--title ui--animation ui--title-bordered text-center\">\n<div class=\"ui--title-holder\">\n<h4 class=\"ui--title-text\"><span style=\"color: #ff0000;\"><strong><em>\u2666 T\u1ea0I SAO B\u1ea0N N\u00caN CH\u1eccN S\u1ea2N PH\u1ea8M C\u1ee6A CH\u00daNG T\u00d4I<\/em><\/strong><\/span><\/h4>\n<\/div>\n<\/div>\n<div class=\"ui-row row-fluid\">\n<div class=\"ui-column span6\">\n<h6><i class=\"list-icon 14px fontawesome-ok\"><\/i>Tr\u1ef1c ti\u1ebfp nh\u1eadp kh\u1ea9u t\u1eeb nh\u00e0 m\u00e1y s\u1ea3n xu\u1ea5t<\/h6>\n<h6><i class=\"list-icon 14px fontawesome-ok\"><\/i>Nhi\u1ec1u c\u00f4ng su\u1ea5t v\u00e0 gi\u00e1 c\u1ea3 ph\u00f9 h\u1ee3p v\u1edbi t\u1eebng nhu c\u1ea7u<i class=\"list-icon 14px fontawesome-ok\"><\/i><\/h6>\n<h6><i class=\"list-icon 14px fontawesome-ok\"><\/i>\u0110\u01b0\u1ee3c chuy\u00ean gia k\u1ef9 thu\u1eadt ki\u1ec3m tra ch\u1ea5t l\u01b0\u1ee3ng<\/h6>\n<\/div>\n<div class=\"ui-column span6\">\n<h6><i class=\"list-icon 14px fontawesome-ok\"><\/i>Ch\u1ebf \u0111\u1ed9 b\u1ea3o h\u00e0nh d\u00e0i h\u1ea1n<\/h6>\n<h6><i class=\"list-icon 14px fontawesome-ok\"><\/i>Lu\u00f4n lu\u00f4n c\u00f3 s\u1eb5n linh ki\u1ec7n \u0111\u1ec3 thay th\u1ebf<\/h6>\n<h6><i class=\"list-icon 14px fontawesome-ok\"><\/i>Ch\u00ednh s\u00e1ch gi\u00e1 t\u1ed1t v\u00e0 lu\u00f4n l\u00e0 gi\u00e1 t\u1ed1t nh\u1ea5t<\/h6>\n<h6><i class=\"list-icon 14px fontawesome-ok\"><\/i>T\u01b0 v\u1ea5n ph\u00f9 h\u1ee3p v\u1edbi nhu c\u1ea7u th\u1ef1c t\u1ebf c\u1ee7a b\u1ea1n<\/h6>\n<h6><i class=\"list-icon 14px fontawesome-ok\"><\/i>X\u1eed l\u00fd s\u1ef1 c\u1ed1 v\u00e0 khi\u1ebfu n\u1ea1i ngay l\u1eadp t\u1ee9c<\/h6>\n<h6><i class=\"list-icon 14px fontawesome-ok\"><\/i>T\u01b0 v\u1ea5n nhi\u1ec1u h\u01a1n cho c\u00f4ng vi\u1ec7c kinh doanh c\u1ee7a b\u1ea1n<\/h6>\n<\/div>\n<\/div>\n","protected":false},"featured_media":5081,"comment_status":"open","ping_status":"closed","template":"","meta":{"om_disable_all_campaigns":false,"_mi_skip_tracking":false,"_monsterinsights_sitenote_active":false,"_monsterinsights_sitenote_note":"","_monsterinsights_sitenote_category":0},"product_cat":[58],"product_tag":[],"class_list":["post-4970","product","type-product","status-publish","has-post-thumbnail","hentry","nhom-san-pham-may-xay-ca-phe","product_cat-may-xay-cafe"],"_links":{"self":[{"href":"https:\/\/tohagroup.com\/en\/wp-json\/wp\/v2\/product\/4970","targetHints":{"allow":["GET"]}}],"collection":[{"href":"https:\/\/tohagroup.com\/en\/wp-json\/wp\/v2\/product"}],"about":[{"href":"https:\/\/tohagroup.com\/en\/wp-json\/wp\/v2\/types\/product"}],"replies":[{"embeddable":true,"href":"https:\/\/tohagroup.com\/en\/wp-json\/wp\/v2\/comments?post=4970"}],"wp:featuredmedia":[{"embeddable":true,"href":"https:\/\/tohagroup.com\/en\/wp-json\/wp\/v2\/media\/5081"}],"wp:attachment":[{"href":"https:\/\/tohagroup.com\/en\/wp-json\/wp\/v2\/media?parent=4970"}],"wp:term":[{"taxonomy":"product_cat","embeddable":true,"href":"https:\/\/tohagroup.com\/en\/wp-json\/wp\/v2\/product_cat?post=4970"},{"taxonomy":"product_tag","embeddable":true,"href":"https:\/\/tohagroup.com\/en\/wp-json\/wp\/v2\/product_tag?post=4970"}],"curies":[{"name":"wp","href":"https:\/\/api.w.org\/{rel}","templated":true}]}}