{"id":4936,"date":"2022-09-09T01:13:48","date_gmt":"2022-09-09T01:13:48","guid":{"rendered":"https:\/\/tohagroup.com\/?post_type=product&#038;p=4936"},"modified":"2022-09-20T03:42:48","modified_gmt":"2022-09-20T03:42:48","slug":"may-pha-ca-phe-cime-co-03-standard","status":"publish","type":"product","link":"https:\/\/tohagroup.com\/en\/san-pham\/may-pha-ca-phe-cime-co-03-standard\/","title":{"rendered":"M\u00e1y pha c\u00e0 ph\u00ea CIME CO-03 STANDARD &#8211; 2 Group"},"content":{"rendered":"<div class=\"bi6gxh9e\">\n<div class=\"bi6gxh9e\">\n<h2><b>M\u00c1Y PHA C\u00c0 PH\u00ca CIME CO-03 STANDARD &#8211; 2 Group<\/b><\/h2>\n<p>M\u00e1y pha c\u00e0 ph\u00ea CIME CO-03 STANDARD l\u00e0 chi\u1ebfc m\u00e1y pha c\u00e0 ph\u00ea espresso c\u1ed5 \u0111i\u1ec3n thanh l\u1ecbch, ph\u00f9 h\u1ee3p v\u1edbi kh\u00f4ng gian qu\u00e1n truy\u1ec1n th\u1ed1ng nh\u01b0ng v\u1eabn \u0111\u1ea3m b\u1ea3o c\u00e1c c\u00f4ng ngh\u1ec7 pha ch\u1ebf, chi\u1ebft xu\u1ea5t hi\u1ec7n \u0111\u1ea1i nh\u1ea5t. Thi\u1ebft k\u1ebf nguy\u00ean kh\u1ed1i b\u1eb1ng th\u00e9p kh\u00f4ng g\u1ec9 c\u1ee7a CIME CO-03 STANDARD mang l\u1ea1i cho m\u00e1y m\u1ed9t phong c\u00e1ch c\u1ed5 \u0111i\u1ec3n c\u1ee7a nh\u1eefng chi\u1ebfc m\u00e1y pha c\u00e0 ph\u00ea c\u1ed5 h\u00f2a quy\u1ec7n v\u1edbi v\u1ebb tinh t\u1ebf v\u00e0 sang tr\u1ecdng. Ph\u00f9 h\u1ee3p v\u1edbi m\u1ecdi kh\u00f4ng gian trang tr\u00ed v\u00e0 qu\u1ea7y pha ch\u1ebf.<\/p>\n<hr \/>\n<h2><strong>S\u01a0 L\u01af\u1ee2C V\u1ec0 NGU\u1ed2N G\u1ed0C TH\u01af\u01a0NG HI\u1ec6U CIME: <\/strong><\/h2>\n<p>V\u0103n h\u00f3a c\u00e0 ph\u00ea Espresso \u0111\u00e3 xu\u1ea5t hi\u1ec7n h\u01a1n 100 n\u0103m theo d\u00f2ng l\u1ecbch s\u1eed th\u1ebf gi\u1edbi. T\u1eeb nh\u1eefng chi\u1ebfc m\u00e1y v\u1edbi nhi\u1ec1u b\u1ed9 ph\u1eadn c\u1ed3ng k\u1ec1nh \u0111\u1ebfn nh\u1eefng chi\u1ebfc m\u00e1y mang \u0111\u1eadm t\u00ednh hi\u1ec7n \u0111\u1ea1i c\u1ee7a th\u1ebf k\u1ef7 21. Nhi\u1ec1u th\u01b0\u01a1ng hi\u1ec7u m\u00e1y pha tr\u00ean kh\u1eafp \u0111\u1ea5t n\u01b0\u1edbc Ch\u00e2u \u00c2u \u0111\u00e3 \u0111\u01b0\u1ee3c ra \u0111\u1eddi, h\u00f4m nay c\u00f9ng KAFFA t\u00ecm hi\u1ec3u CIME &#8211; th\u01b0\u01a1ng hi\u1ec7u m\u00e1y pha c\u00e0 ph\u00ea n\u1ed5i b\u1eadt nh\u1ea5t trong nh\u1eefng n\u0103m g\u1ea7n \u0111\u00e2y tr\u00ean th\u1ecb tr\u01b0\u1eddng th\u1ebf gi\u1edbi!.<img decoding=\"async\" class=\"aligncenter wp-image-4945\" src=\"https:\/\/tohagroup.com\/wp-content\/uploads\/2022\/09\/CIME-CO-03-STANDARD-2-01-1024x768.png\" alt=\"CIME CO-03 STANDARD \" width=\"668\" height=\"501\" srcset=\"https:\/\/tohagroup.com\/wp-content\/uploads\/2022\/09\/CIME-CO-03-STANDARD-2-01-1024x768.png 1024w, https:\/\/tohagroup.com\/wp-content\/uploads\/2022\/09\/CIME-CO-03-STANDARD-2-01-300x225.png 300w, https:\/\/tohagroup.com\/wp-content\/uploads\/2022\/09\/CIME-CO-03-STANDARD-2-01-768x576.png 768w, https:\/\/tohagroup.com\/wp-content\/uploads\/2022\/09\/CIME-CO-03-STANDARD-2-01-1536x1152.png 1536w, https:\/\/tohagroup.com\/wp-content\/uploads\/2022\/09\/CIME-CO-03-STANDARD-2-01-2048x1536.png 2048w, https:\/\/tohagroup.com\/wp-content\/uploads\/2022\/09\/CIME-CO-03-STANDARD-2-01-600x450.png 600w\" sizes=\"(max-width: 668px) 100vw, 668px\" \/><\/p>\n<hr \/>\n<\/div>\n<h2><b>GI\u1edaI THI\u1ec6U \u0110\u1eb6T \u0110I\u1ec2M M\u00c1Y PHA C\u00c0 PH\u00ca CIME CO-03 STANDARD?<\/b><\/h2>\n<h3><b>Nh\u1eadp kh\u1ea9u nguy\u00ean ki\u1ec7n t\u1eeb \u00dd<\/b><\/h3>\n<p><span style=\"font-weight: 400;\">M\u00e1y pha c\u00e0 ph\u00ea CIME l\u00e0 th\u01b0\u01a1ng hi\u1ec7u tr\u1ebb \u0111\u1ebfn t\u1eeb \u00dd. V\u1edbi s\u1ee9 m\u1ec7nh \u0111em \u0111\u1ebfn nh\u1eefng m\u00e1y pha hi\u1ec7n \u0111\u1ea1i tinh g\u1ecdn, thi\u1ebft k\u1ebf t\u00f9y bi\u1ebfn, \u0111\u00e1p \u1ee9ng m\u1ecdi nhu c\u1ea7u c\u1ee7a kh\u00e1ch h\u00e0ng. H\u01a1n 80% c\u00e1c m\u00e1y pha CIME \u0111\u01b0\u1ee3c xu\u1ea5t kh\u1ea9u \u0111i kh\u1eafp th\u1ebf gi\u1edbi, trong \u0111\u00f3 c\u00f3 Vi\u1ec7t Nam.<\/span><\/p>\n<h3><b>Ti\u1ebft ki\u1ec7m \u0111i\u1ec7n n\u0103ng<\/b><\/h3>\n<p><span style=\"font-weight: 400;\">CO-03 STANDARD l\u00e0 chi\u1ebfc m\u00e1y pha c\u00e0 ph\u00ea espresso chuy\u00ean nghi\u1ec7p b\u00e1n t\u1ef1 \u0111\u1ed9ng v\u1edbi c\u00f4ng su\u1ea5t 3000W, v\u1eeba \u0111\u1ee7 m\u1ea1nh \u0111\u1ec3 v\u1eadn h\u00e0nh n\u1ed3i h\u01a1i boiler 11.5L, v\u1eeba ti\u1ebft ki\u1ec7m \u0111i\u1ec7n n\u0103ng \u0111\u00e1ng k\u1ec3.<\/span><\/p>\n<h3><b>Ch\u1ebf \u0111\u1ed9 pha b\u00e1n t\u1ef1 \u0111\u1ed9ng chuy\u00ean nghi\u1ec7p\u00a0<\/b><\/h3>\n<p><span style=\"font-weight: 400;\">CIME CO-03 STANDARD \u0111\u01b0\u1ee3c trang b\u1ecb b\u1ed9 n\u00fat b\u1ea5m t\u1ef1 \u0111\u1ed9ng. CIME CO-03 STANDARD c\u00f3 th\u1ec3 s\u1eed d\u1ee5ng ngu\u1ed3n n\u01b0\u1edbc tr\u1ef1c ti\u1ebfp ho\u1eb7c n\u01b0\u1edbc b\u00ecnh. N\u1ebfu nh\u01b0 l\u01b0\u1ee3ng n\u01b0\u1edbc trong b\u00ecnh kh\u00f4ng \u0111\u1ee7 \u0111\u1ec3 chi\u1ebft xu\u1ea5t, \u0111\u00e8n b\u00e1o \u1edf m\u1eb7t tr\u01b0\u1edbc m\u00e1y s\u1ebd ph\u00e1t t\u00edn hi\u1ec7u, gi\u00fap b\u1ea1n ki\u1ec3m tra t\u00ecnh h\u00ecnh c\u1ee7a m\u00e1y nhanh ch\u00f3ng.\u00a0<\/span><\/p>\n<h3><b>Trang b\u1ecb \u0111\u1ed3ng h\u1ed3 k\u00e9p v\u00e0 h\u1ec7 \u0111\u00e8n b\u00e1o<\/b><\/h3>\n<p><span style=\"font-weight: 400;\">CIME CO-03 STANDARD \u0111\u01b0\u1ee3c trang b\u1ecb \u0111\u1ed3ng h\u1ed3 \u00e1p su\u1ea5t k\u00e9p, gi\u00fap quan s\u00e1t \u00e1p su\u1ea5t c\u1ee7a n\u1ed3i h\u01a1i v\u00e0 chi\u1ebft xu\u1ea5t c\u00f9ng m\u1ed9t l\u00fac. \u00c1p su\u1ea5t \u0111\u1ec3 pha m\u1ed9t t\u00e1ch espresso ti\u00eau chu\u1ea9n s\u1ebd l\u00fd t\u01b0\u1edfng n\u1ebfu ch\u1ec9 b\u00e1o n\u1eb1m trong v\u00f9ng xanh c\u1ee7a \u0111\u1ed3ng h\u1ed3. Ngo\u00e0i ra, m\u00e1y c\u00f2n c\u00f3 n\u00fat pha kh\u1ea9n c\u1ea5p, chi\u1ebft xu\u1ea5t th\u1ee7 c\u00f4ng trong tr\u01b0\u1eddng h\u1ee3p b\u1ed9 b\u00e0n ph\u00edm b\u1ecb h\u1ecfng trong qu\u00e1 tr\u00ecnh s\u1eed d\u1ee5ng. <img decoding=\"async\" class=\"aligncenter wp-image-4943\" src=\"https:\/\/tohagroup.com\/wp-content\/uploads\/2022\/09\/CIME-CO-03-STANDARD-1-01-1024x768.png\" alt=\"CIME CO-03 STANDARD \" width=\"735\" height=\"552\" srcset=\"https:\/\/tohagroup.com\/wp-content\/uploads\/2022\/09\/CIME-CO-03-STANDARD-1-01-1024x768.png 1024w, https:\/\/tohagroup.com\/wp-content\/uploads\/2022\/09\/CIME-CO-03-STANDARD-1-01-300x225.png 300w, https:\/\/tohagroup.com\/wp-content\/uploads\/2022\/09\/CIME-CO-03-STANDARD-1-01-768x576.png 768w, https:\/\/tohagroup.com\/wp-content\/uploads\/2022\/09\/CIME-CO-03-STANDARD-1-01-1536x1152.png 1536w, https:\/\/tohagroup.com\/wp-content\/uploads\/2022\/09\/CIME-CO-03-STANDARD-1-01-2048x1536.png 2048w, https:\/\/tohagroup.com\/wp-content\/uploads\/2022\/09\/CIME-CO-03-STANDARD-1-01-600x450.png 600w\" sizes=\"(max-width: 735px) 100vw, 735px\" \/><\/span><\/p>\n<hr \/>\n<p><b>Toha Group \u2013 Cung c\u1ea5p gi\u1ea3i ph\u00e1p cho m\u1ed9t ly c\u00e0 ph\u00ea ngon<\/b><\/p>\n<\/div>\n<p>=&gt;&gt;\u00a0<em>Tham kh\u1ea3o th\u00f4ng tin v\u00e0 c\u00e1c s\u1ea3n ph\u1ea9m <a href=\"https:\/\/tohagroup.com\/product-category\/may-pha-ca-phe-cho-quan\/\" target=\"_blank\" rel=\"nofollow noopener\">M\u00e1y pha c\u00e0 ph\u00ea d\u00e0nh cho qu\u00e1n<\/a> t\u1ea1i website ch\u00ednh h\u00e3ng www.tohagroup.com<\/em><\/p>\n<p>\u0110\u1ec3 \u0111\u1ea3m b\u1ea3o mua <strong>M\u00e1y CIME CO-03 STANDARD<i>\u00a0<\/i><\/strong>ch\u00ednh h\u00e3ng vui l\u00f2ng t\u1edbi tr\u1ef1c ti\u1ebfp Showroom c\u1ee7a <strong>Toha Group<\/strong> tr\u00ean to\u00e0n qu\u1ed1c ho\u1eb7c \u0111\u1eb7t h\u00e0ng t\u1ea1i Website www.tohagroup.com \u2013 Ho\u1eb7c g\u1ecdi tr\u1ef1c ti\u1ebfp t\u1edbi <a href=\"tel:0867896096\" target=\"_blank\" rel=\"nofollow noopener\"><strong>Hotline: 08 6789 6096<\/strong><\/a>\u00a0\u0111\u1ec3 \u0111\u01b0\u1ee3c h\u1ed7 tr\u1ee3 \u0111\u1eb7t h\u00e0ng nhanh.<\/p>\n<p><span style=\"color: #ff0000;\"><strong>\u01afu \u0111\u00e3i:<\/strong> <\/span>Khi Qu\u00fd kh\u00e1ch h\u00e0ng theo d\u00f5i t\u1ea5t c\u1ea3 n\u1ec1n t\u1ea3ng c\u1ee7a Toha, qu\u00fd kh\u00e1ch s\u1ebd nh\u1eadn \u0111\u01b0\u1ee3c \u0111\u01b0\u1eddng d\u00e2y n\u00f3ng k\u1ebft n\u1ed1i &#8211; mua b\u00e1n &#8211; s\u1eeda ch\u1eefa, k\u00e8m theo \u0111\u00f3 l\u00e0 nhi\u1ec1u \u01b0u \u0111\u00e3i \u0111\u1eb7c bi\u1ec7t, nhi\u1ec1u ch\u01b0\u01a1ng tr\u00ecnh gi\u1ea3m gi\u00e1, v\u00e0 r\u1ea5t nhi\u1ec1u qu\u00e0 t\u1eb7ng kh\u00e1c \u0111\u1ebfn t\u1eeb Toha.<\/p>\n<h4 id=\"input_line_0\"><span id=\"input_part_0\" class=\"\" data-mention=\"Ch\u1ec9 \u0110\u01b0\u1eddng Google Map: https:\/\/g.page\/TOHACAFE?share \"><span style=\"color: #ff6600;\">Ch\u1ec9 \u0110\u01b0\u1eddng Google Map:<\/span><a href=\"https:\/\/g.page\/TOHACAFE?share\" rel=\"nofollow\" target=\"_blank\"> https:\/\/g.page\/TOHACAFE?share<\/a>\u00a0<\/span><\/h4>\n<h4 id=\"input_line_1\"><span id=\"input_part_0\" class=\"\" data-mention=\"Zalo Ch\u0103m S\u00f3c Kh\u00e1ch H\u00e0ng 24\/7: https:\/\/zalo.me\/2565949627324610829\"><span style=\"color: #ff6600;\">Zalo Ch\u0103m S\u00f3c Kh\u00e1ch H\u00e0ng 24\/7<\/span>: <a href=\"https:\/\/zalo.me\/2565949627324610829\" rel=\"nofollow noopener\" target=\"_blank\">https:\/\/zalo.me\/2565949627324610829<\/a><\/span><\/h4>\n<h4 id=\"input_line_2\"><span id=\"input_part_0\" class=\"\" data-mention=\"C\u1eadp Nh\u1eadt \u01afu \u0110\u00e3i: https:\/\/www.facebook.com\/tohagroupvn\"><span style=\"color: #ff6600;\">C\u1eadp Nh\u1eadt \u01afu \u0110\u00e3i:<\/span> <a href=\"https:\/\/www.facebook.com\/tohagroupvn\" rel=\"nofollow noopener\" target=\"_blank\">https:\/\/www.facebook.com\/tohagroupvn<\/a><\/span><\/h4>\n<p><span style=\"color: #000000;\"><b>\u0110\u1ec3 bi\u1ebft th\u00eam th\u00f4ng tin chi ti\u1ebft v\u00e0 \u0111\u1eb7t h\u00e0ng<\/b><strong>, Qu\u00fd<\/strong><b> Kh\u00e1ch xin vui l\u00f2ng li\u00ean h\u1ec7 v\u1edbi ch\u00fang t\u00f4i qua:<\/b><\/span><\/p>\n<p><span style=\"font-weight: 400;\"><strong>&#8211;<span style=\"color: #ff6600;\">\u0110\u1ecba ch\u1ec9:<\/span><\/strong> 472 \/ 17 \u0111\u01b0\u1eddng Phan Huy \u00cdch, Ph\u01b0\u1eddng 12, Qu\u1eadn G\u00f2 V\u1ea5p HCM.<\/span><\/p>\n<p><span style=\"font-weight: 400;\">\u00a0 \u00a0 \u00a0 \u00a0 \u00a0 \u00a0 \u00a0 \u00a0111-112 A1, TT H\u00e0o Nam ng\u00f5 8A, \u0111\u01b0\u1eddng V\u0169 Th\u1ea1nh, Q.\u0110\u1ed1ng \u0110a, HN.<\/span><\/p>\n<p><span style=\"font-weight: 400; color: #ff6600;\"><strong>-Hotline:<\/strong><\/span><\/p>\n<ul>\n<li><span id=\"input_part_0\" class=\"\" data-mention=\"08 6269 6096 \">08 6269 6096 <\/span><\/li>\n<li><span id=\"input_part_0\" class=\"\" data-mention=\"08 6269 6096 \">08 6769 6096 <\/span><\/li>\n<li><span id=\"input_part_0\" class=\"\" data-mention=\"08 6269 6096 \">0978 121 033<\/span><\/li>\n<\/ul>\n<p><span style=\"font-weight: 400;\"><span style=\"color: #ff6600;\"><strong>-Gmail:<\/strong><\/span> info@tohagroup.com<\/span><\/p>\n<p><span style=\"font-weight: 400;\">Xin c\u00e1m \u01a1n s\u1ef1 quan t\u00e2m c\u1ee7a Qu\u00fd Kh\u00e1ch H\u00e0ng v\u1ec1 s\u1ea3n ph\u1ea9m <strong>m\u00e1y pha c\u00e0 ph\u00ea <b>CIME CO-03 STANDARD.<\/b><\/strong><\/span><\/p>\n","protected":false},"excerpt":{"rendered":"<h4 class=\"promoadd__ttl\" style=\"text-align: left;\"><strong><i>2 \u01afU \u0110\u00c3I QU\u00c0 T\u1eb6NG<\/i><\/strong><\/h4>\n<h5 class=\"promoadd__ttl\" style=\"text-align: left;\">D\u1ef1 ki\u1ebfn \u00e1p d\u1ee5ng \u0111\u1ebfn 23:00 30\/09<\/h5>\n<div class=\"promo_BHX\">\n<div class=\"l2\">\n<ul>\n<li>\n<h6><span data-sheets-value=\"{&quot;1&quot;:2,&quot;2&quot;:&quot;T\u1eb7ng b\u1ed9 d\u1ee5ng c\u1ee5 8 m\u00f3n ( T\u1ea4T C\u1ea2 M\u00c1Y C\u0168 HAY M\u1edaI )&quot;}\" data-sheets-userformat=\"{&quot;2&quot;:30909,&quot;3&quot;:{&quot;1&quot;:0,&quot;3&quot;:1},&quot;5&quot;:{&quot;1&quot;:[{&quot;1&quot;:2,&quot;2&quot;:0,&quot;5&quot;:{&quot;1&quot;:2,&quot;2&quot;:0}},{&quot;1&quot;:0,&quot;2&quot;:0,&quot;3&quot;:3},{&quot;1&quot;:1,&quot;2&quot;:0,&quot;4&quot;:1}]},&quot;6&quot;:{&quot;1&quot;:[{&quot;1&quot;:2,&quot;2&quot;:0,&quot;5&quot;:{&quot;1&quot;:2,&quot;2&quot;:0}},{&quot;1&quot;:0,&quot;2&quot;:0,&quot;3&quot;:3},{&quot;1&quot;:1,&quot;2&quot;:0,&quot;4&quot;:1}]},&quot;7&quot;:{&quot;1&quot;:[{&quot;1&quot;:2,&quot;2&quot;:0,&quot;5&quot;:{&quot;1&quot;:2,&quot;2&quot;:0}},{&quot;1&quot;:0,&quot;2&quot;:0,&quot;3&quot;:3},{&quot;1&quot;:1,&quot;2&quot;:0,&quot;4&quot;:1}]},&quot;8&quot;:{&quot;1&quot;:[{&quot;1&quot;:2,&quot;2&quot;:0,&quot;5&quot;:{&quot;1&quot;:2,&quot;2&quot;:0}},{&quot;1&quot;:0,&quot;2&quot;:0,&quot;3&quot;:3},{&quot;1&quot;:1,&quot;2&quot;:0,&quot;4&quot;:1}]},&quot;10&quot;:1,&quot;14&quot;:{&quot;1&quot;:3,&quot;3&quot;:1},&quot;15&quot;:&quot;Times New Roman&quot;,&quot;16&quot;:11,&quot;17&quot;:1}\">T\u1eb7ng b\u1ed9 d\u1ee5ng c\u1ee5 8 m\u00f3n\u00a0<\/span><\/h6>\n<\/li>\n<li>\n<h6>Ch\u00ednh s\u00e1ch \u0111\u1ed5i tr\u1ea3 h\u00e0ng b\u1ea3o h\u00e0nh 1 \u0111\u1ed5i 1<\/h6>\n<\/li>\n<\/ul>\n<\/div>\n<\/div>\n","protected":false},"featured_media":4947,"comment_status":"open","ping_status":"closed","template":"","meta":{"om_disable_all_campaigns":false,"_mi_skip_tracking":false,"_monsterinsights_sitenote_active":false,"_monsterinsights_sitenote_note":"","_monsterinsights_sitenote_category":0},"product_cat":[45],"product_tag":[],"class_list":["post-4936","product","type-product","status-publish","has-post-thumbnail","hentry","product_cat-may-pha-ca-phe-espresso-toha-group"],"_links":{"self":[{"href":"https:\/\/tohagroup.com\/en\/wp-json\/wp\/v2\/product\/4936","targetHints":{"allow":["GET"]}}],"collection":[{"href":"https:\/\/tohagroup.com\/en\/wp-json\/wp\/v2\/product"}],"about":[{"href":"https:\/\/tohagroup.com\/en\/wp-json\/wp\/v2\/types\/product"}],"replies":[{"embeddable":true,"href":"https:\/\/tohagroup.com\/en\/wp-json\/wp\/v2\/comments?post=4936"}],"wp:featuredmedia":[{"embeddable":true,"href":"https:\/\/tohagroup.com\/en\/wp-json\/wp\/v2\/media\/4947"}],"wp:attachment":[{"href":"https:\/\/tohagroup.com\/en\/wp-json\/wp\/v2\/media?parent=4936"}],"wp:term":[{"taxonomy":"product_cat","embeddable":true,"href":"https:\/\/tohagroup.com\/en\/wp-json\/wp\/v2\/product_cat?post=4936"},{"taxonomy":"product_tag","embeddable":true,"href":"https:\/\/tohagroup.com\/en\/wp-json\/wp\/v2\/product_tag?post=4936"}],"curies":[{"name":"wp","href":"https:\/\/api.w.org\/{rel}","templated":true}]}}