{"id":4898,"date":"2022-09-08T09:52:12","date_gmt":"2022-09-08T09:52:12","guid":{"rendered":"https:\/\/tohagroup.com\/?post_type=product&#038;p=4898"},"modified":"2022-09-20T03:43:46","modified_gmt":"2022-09-20T03:43:46","slug":"may-pha-ca-phe-co-05-pid-e61","status":"publish","type":"product","link":"https:\/\/tohagroup.com\/en\/san-pham\/may-pha-ca-phe-co-05-pid-e61\/","title":{"rendered":"M\u00e1y pha c\u00e0 ph\u00ea CO &#8211; 05 PID (E61)"},"content":{"rendered":"<div class=\"bi6gxh9e\">\n<div class=\"bi6gxh9e\">\n<h2><b>M\u00c1Y PHA C\u00c0 PH\u00ca CIME CO &#8211; 05 PID (E61)<\/b><\/h2>\n<p>M\u00e1y pha c\u00e0 ph\u00ea CIME CO &#8211; 05 PID (E61): Phi\u00ean b\u1ea3n n\u00e2ng c\u1ea5p t\u1eeb CIME CO &#8211; 05 STANDARD, trang b\u1ecb th\u00eam \u0111\u1ea7u pha E61, c\u00f4ng ngh\u1ec7 PID v\u00e0 m\u00e0n h\u00ecnh LED c\u1ea3m \u1ee9ng.<\/p>\n<p>L\u00e0 m\u00e1y pha c\u00e0 ph\u00ea cao c\u1ea5p t\u00edch h\u1ee3p nhi\u1ec1u c\u00f4ng ngh\u1ec7 pha ch\u1ebf hi\u1ec7n \u0111\u1ea1i, CIME CO-05 PID (E61) \u1ea5n t\u01b0\u1ee3ng b\u1edfi s\u1ef1 th\u1ec3 hi\u1ec3n ho\u00e0n h\u1ea3o c\u1ee7a k\u1ef9 thu\u1eadt t\u00e2n ti\u1ebfn qua c\u00e1c thao t\u00e1c \u0111\u01a1n gi\u1ea3n. B\u1ea5t k\u00ec ai c\u0169ng c\u00f3 th\u1ec3 d\u1ec5 d\u00e0ng pha ch\u1ebf nh\u1eefng t\u00e1ch c\u00e0 ph\u00ea th\u01a1m ngon nh\u1ea5t.<\/p>\n<hr \/>\n<h2><strong>S\u01a0 L\u01af\u1ee2C V\u1ec0 NGU\u1ed2N G\u1ed0C TH\u01af\u01a0NG HI\u1ec6U CIME: <\/strong><\/h2>\n<p>V\u0103n h\u00f3a c\u00e0 ph\u00ea Espresso \u0111\u00e3 xu\u1ea5t hi\u1ec7n h\u01a1n 100 n\u0103m theo d\u00f2ng l\u1ecbch s\u1eed th\u1ebf gi\u1edbi. T\u1eeb nh\u1eefng chi\u1ebfc m\u00e1y v\u1edbi nhi\u1ec1u b\u1ed9 ph\u1eadn c\u1ed3ng k\u1ec1nh \u0111\u1ebfn nh\u1eefng chi\u1ebfc m\u00e1y mang \u0111\u1eadm t\u00ednh hi\u1ec7n \u0111\u1ea1i c\u1ee7a th\u1ebf k\u1ef7 21. Nhi\u1ec1u th\u01b0\u01a1ng hi\u1ec7u m\u00e1y pha tr\u00ean kh\u1eafp \u0111\u1ea5t n\u01b0\u1edbc Ch\u00e2u \u00c2u \u0111\u00e3 \u0111\u01b0\u1ee3c ra \u0111\u1eddi, h\u00f4m nay c\u00f9ng KAFFA t\u00ecm hi\u1ec3u CIME &#8211; th\u01b0\u01a1ng hi\u1ec7u m\u00e1y pha c\u00e0 ph\u00ea n\u1ed5i b\u1eadt nh\u1ea5t trong nh\u1eefng n\u0103m g\u1ea7n \u0111\u00e2y tr\u00ean th\u1ecb tr\u01b0\u1eddng th\u1ebf gi\u1edbi!.<\/p>\n<p><img decoding=\"async\" class=\"aligncenter wp-image-4905\" src=\"https:\/\/tohagroup.com\/wp-content\/uploads\/2022\/09\/CIME-CO-05-PID-E61-2-01-1024x768.png\" alt=\"\" width=\"636\" height=\"477\" srcset=\"https:\/\/tohagroup.com\/wp-content\/uploads\/2022\/09\/CIME-CO-05-PID-E61-2-01-1024x768.png 1024w, https:\/\/tohagroup.com\/wp-content\/uploads\/2022\/09\/CIME-CO-05-PID-E61-2-01-300x225.png 300w, https:\/\/tohagroup.com\/wp-content\/uploads\/2022\/09\/CIME-CO-05-PID-E61-2-01-768x576.png 768w, https:\/\/tohagroup.com\/wp-content\/uploads\/2022\/09\/CIME-CO-05-PID-E61-2-01-1536x1152.png 1536w, https:\/\/tohagroup.com\/wp-content\/uploads\/2022\/09\/CIME-CO-05-PID-E61-2-01-2048x1536.png 2048w, https:\/\/tohagroup.com\/wp-content\/uploads\/2022\/09\/CIME-CO-05-PID-E61-2-01-600x450.png 600w\" sizes=\"(max-width: 636px) 100vw, 636px\" \/><\/p>\n<hr \/>\n<\/div>\n<h2><b>GI\u1edaI THI\u1ec6U \u0110\u1eb6T \u0110I\u1ec2M M\u00c1Y PHA C\u00c0 PH\u00ca CIME CO &#8211; 05 PID (E61)<\/b><\/h2>\n<h3><b>Nh\u1eadp kh\u1ea9u nguy\u00ean ki\u1ec7n t\u1eeb \u00dd<\/b><\/h3>\n<p><span style=\"font-weight: 400;\">M\u00e1y pha c\u00e0 ph\u00ea CIME l\u00e0 th\u01b0\u01a1ng hi\u1ec7u tr\u1ebb \u0111\u1ebfn t\u1eeb \u00dd. V\u1edbi s\u1ee9 m\u1ec7nh \u0111em \u0111\u1ebfn nh\u1eefng m\u00e1y pha hi\u1ec7n \u0111\u1ea1i tinh g\u1ecdn, thi\u1ebft k\u1ebf t\u00f9y bi\u1ebfn, \u0111\u00e1p \u1ee9ng m\u1ecdi nhu c\u1ea7u c\u1ee7a kh\u00e1ch h\u00e0ng. H\u01a1n 80% c\u00e1c m\u00e1y pha CIME \u0111\u01b0\u1ee3c xu\u1ea5t kh\u1ea9u \u0111i kh\u1eafp th\u1ebf gi\u1edbi, trong \u0111\u00f3 c\u00f3 Vi\u1ec7t Nam.<\/span><\/p>\n<h3><b>M\u00e0n h\u00ecnh c\u1ea3m \u1ee9ng ti\u00ean ti\u1ebfn nh\u1ea5t<\/b><\/h3>\n<p><span style=\"font-weight: 400;\">CO-05 PID (561) \u0111\u01b0\u1ee3c \u00e1p d\u1ee5ng \u0111\u1ec3 ki\u1ec3m so\u00e1t nhi\u1ec7t \u0111\u1ed9 \u1ed5n \u0111\u1ecbnh h\u01a1n v\u00e0 c\u00f3 th\u1ec3 d\u1ec5 d\u00e0ng c\u00e0i \u0111\u1eb7t t\u1eebng ch\u1ee9c n\u0103ng b\u1eb1ng m\u00e0n h\u00ecnh c\u1ea3m \u1ee9ng. B\u1ea1n c\u0169ng c\u00f3 th\u1ec3 \u0111\u1eb7t th\u1eddi gian tr\u01b0\u1edbc khi pha, v\u00ec v\u1eady b\u1ea1n d\u1ec5 d\u00e0ng ki\u1ec3m so\u00e1t h\u01b0\u01a1ng v\u1ecb c\u1ee7a c\u00e0 ph\u00ea espresso c\u1ee7a m\u00ecnh ch\u00ednh x\u00e1c h\u01a1n. T\u1eadn m\u1eaft tr\u1ea3i nghi\u1ec7m chi\u1ebfc m\u00e1y pha c\u00e0 ph\u00ea \u0111\u01b0\u1ee3c ng\u01b0\u1eddi ti\u00eau d\u00f9ng y\u00eau th\u00edch.<\/span><\/p>\n<p><span style=\"font-weight: 400;\">M\u00e0n h\u00ecnh l\u1edbn h\u01a1n gi\u00fap b\u1ea1n d\u1ec5 d\u00e0ng thi\u1ebft l\u1eadp t\u1eebng menu.<\/span><\/p>\n<h3><b>N\u00e2ng c\u1ea5p b\u00e0n ph\u00edm<\/b><\/h3>\n<p><span style=\"font-weight: 400;\">N\u00fat \u0111\u00e3 \u0111\u01b0\u1ee3c n\u00e2ng c\u1ea5p \u0111\u1ec3 ho\u1ea1t \u0111\u1ed9ng m\u01b0\u1ee3t m\u00e0 v\u00e0 tho\u1ea3i m\u00e1i h\u01a1n. Di\u1ec7n t\u00edch ng\u00f3n tay ch\u1ea1m v\u00e0o l\u1edbn, t\u1ea1o s\u1ef1 thu\u1eadn ti\u1ec7n khi s\u1eed d\u1ee5ng.<\/span><\/p>\n<h3><b>Trang b\u1ecb \u0111\u00e8n pha c\u00e0 ph\u00ea v\u00e0 n\u00fat pha kh\u1ea9n c\u1ea5p<\/b><\/h3>\n<p><span style=\"font-weight: 400;\">C\u00f3 m\u1ed9t n\u00fat pha b\u1eb1ng tay v\u00e0 \u0111\u00e8n pha nh\u00f3m \u0111\u01b0\u1ee3c \u00e1p d\u1ee5ng \u0111\u1ec3 b\u1ea1n c\u00f3 th\u1ec3 d\u1ec5 d\u00e0ng ki\u1ec3m tra t\u00ecnh tr\u1ea1ng pha. <\/span><span style=\"font-weight: 400;\">B\u00ean c\u1ea1nh \u0111\u00f3, v\u1edbi \u0111\u00e8n b\u00e1o ti\u1ec7n l\u1ee3i b\u1ea1n c\u00f3 th\u1ec3 th\u1ea5y r\u00f5 t\u00ecnh tr\u1ea1ng c\u1ee7a m\u00e1y b\u1eb1ng m\u1eaft th\u01b0\u1eddng.<\/span><\/p>\n<h3><b>\u0110\u1ed3ng h\u1ed3 k\u00e9p \u0111o \u00e1p su\u1ea5t<\/b><\/h3>\n<p><span style=\"font-weight: 400;\">C\u00f3 th\u1ec3 ki\u1ec3m tra \u00e1p su\u1ea5t c\u1ee7a n\u01b0\u1edbc v\u00e0 h\u01a1i trong nh\u00e1y m\u1eaft, \u0111\u1ed3ng th\u1eddi hi\u1ec3n th\u1ecb tr\u1ea1ng th\u00e1i nh\u01b0 m\u1ef1c n\u01b0\u1edbc th\u1ea5p c\u1ee7a l\u00f2 h\u01a1i.<\/span><\/p>\n<div>\n<hr \/>\n<\/div>\n<\/div>\n<h2 id=\"ftoc-heading-10\" class=\"p1 ftwp-heading\"><b>Toha Group \u2013 Cung c\u1ea5p gi\u1ea3i ph\u00e1p cho m\u1ed9t ly c\u00e0 ph\u00ea ngon<\/b><\/h2>\n<p>=&gt;&gt;\u00a0<em>Tham kh\u1ea3o th\u00f4ng tin v\u00e0 c\u00e1c s\u1ea3n ph\u1ea9m <a href=\"https:\/\/tohagroup.com\/product-category\/may-pha-ca-phe-cho-quan\/\" target=\"_blank\" rel=\"nofollow noopener\">M\u00e1y pha c\u00e0 ph\u00ea d\u00e0nh cho qu\u00e1n<\/a> t\u1ea1i website ch\u00ednh h\u00e3ng www.tohagroup.com<\/em><\/p>\n<p>\u0110\u1ec3 \u0111\u1ea3m b\u1ea3o mua <strong>M\u00e1y Pha C\u00e0 Ph\u00ea CIME CO &#8211; 05 PID (E61) <b>\u00a0<\/b><\/strong>ch\u00ednh h\u00e3ng vui l\u00f2ng t\u1edbi tr\u1ef1c ti\u1ebfp Showroom c\u1ee7a <strong>Toha Group<\/strong> tr\u00ean to\u00e0n qu\u1ed1c ho\u1eb7c \u0111\u1eb7t h\u00e0ng t\u1ea1i Website www.tohagroup.com \u2013 Ho\u1eb7c g\u1ecdi tr\u1ef1c ti\u1ebfp t\u1edbi <a href=\"tel:0867896096\" target=\"_blank\" rel=\"nofollow noopener\"><strong>Hotline: 08 6789 6096<\/strong><\/a>\u00a0\u0111\u1ec3 \u0111\u01b0\u1ee3c h\u1ed7 tr\u1ee3 \u0111\u1eb7t h\u00e0ng nhanh.<\/p>\n<p><span style=\"color: #ff0000;\"><strong>\u01afu \u0111\u00e3i:<\/strong> <\/span>Khi Qu\u00fd kh\u00e1ch h\u00e0ng theo d\u00f5i t\u1ea5t c\u1ea3 n\u1ec1n t\u1ea3ng c\u1ee7a Toha, qu\u00fd kh\u00e1ch s\u1ebd nh\u1eadn \u0111\u01b0\u1ee3c \u0111\u01b0\u1eddng d\u00e2y n\u00f3ng k\u1ebft n\u1ed1i &#8211; mua b\u00e1n &#8211; s\u1eeda ch\u1eefa, k\u00e8m theo \u0111\u00f3 l\u00e0 nhi\u1ec1u \u01b0u \u0111\u00e3i \u0111\u1eb7c bi\u1ec7t, nhi\u1ec1u ch\u01b0\u01a1ng tr\u00ecnh gi\u1ea3m gi\u00e1, v\u00e0 r\u1ea5t nhi\u1ec1u qu\u00e0 t\u1eb7ng kh\u00e1c \u0111\u1ebfn t\u1eeb Toha.<\/p>\n<h4 id=\"input_line_1\"><span id=\"input_part_0\" class=\"\" data-mention=\"Zalo Ch\u0103m S\u00f3c Kh\u00e1ch H\u00e0ng 24\/7: https:\/\/zalo.me\/2565949627324610829\"><span style=\"color: #ff6600;\">Zalo Ch\u0103m S\u00f3c Kh\u00e1ch H\u00e0ng 24\/7<\/span>: <a href=\"https:\/\/zalo.me\/2565949627324610829\" rel=\"nofollow noopener\" target=\"_blank\">https:\/\/zalo.me\/2565949627324610829<\/a><\/span><\/h4>\n<h4 id=\"input_line_2\"><span id=\"input_part_0\" class=\"\" data-mention=\"C\u1eadp Nh\u1eadt \u01afu \u0110\u00e3i: https:\/\/www.facebook.com\/tohagroupvn\"><span style=\"color: #ff6600;\">C\u1eadp Nh\u1eadt \u01afu \u0110\u00e3i:<\/span> <a href=\"https:\/\/www.facebook.com\/tohagroupvn\" rel=\"nofollow noopener\" target=\"_blank\">https:\/\/www.facebook.com\/tohagroupvn<\/a><\/span><\/h4>\n<p><span style=\"color: #000000;\"><b>\u0110\u1ec3 bi\u1ebft th\u00eam th\u00f4ng tin chi ti\u1ebft v\u00e0 \u0111\u1eb7t h\u00e0ng<\/b><strong>, Qu\u00fd<\/strong><b> Kh\u00e1ch xin vui l\u00f2ng li\u00ean h\u1ec7 v\u1edbi ch\u00fang t\u00f4i qua:<\/b><\/span><\/p>\n<p><span style=\"font-weight: 400;\"><strong>&#8211;<span style=\"color: #ff6600;\">\u0110\u1ecba ch\u1ec9:<\/span><\/strong> 472 \/ 17 \u0111\u01b0\u1eddng Phan Huy \u00cdch, Ph\u01b0\u1eddng 12, Qu\u1eadn G\u00f2 V\u1ea5p HCM.<\/span><\/p>\n<p><span style=\"font-weight: 400;\">\u00a0 \u00a0 \u00a0 \u00a0 \u00a0 \u00a0 \u00a0 \u00a0111-112 A1, TT H\u00e0o Nam ng\u00f5 8A, \u0111\u01b0\u1eddng V\u0169 Th\u1ea1nh, Q.\u0110\u1ed1ng \u0110a, HN.<\/span><\/p>\n<p><span style=\"font-weight: 400; color: #ff6600;\"><strong>-Hotline:<\/strong><\/span><\/p>\n<ul>\n<li><span id=\"input_part_0\" class=\"\" data-mention=\"08 6269 6096 \">08 6269 6096 <\/span><\/li>\n<li><span id=\"input_part_0\" class=\"\" data-mention=\"08 6269 6096 \">08 6769 6096 <\/span><\/li>\n<li><span id=\"input_part_0\" class=\"\" data-mention=\"08 6269 6096 \">0978 121 033<\/span><\/li>\n<\/ul>\n<p><span style=\"font-weight: 400;\"><span style=\"color: #ff6600;\"><strong>-Gmail:<\/strong><\/span> info@tohagroup.com<\/span><\/p>\n<p><span style=\"font-weight: 400;\">Xin c\u00e1m \u01a1n s\u1ef1 quan t\u00e2m c\u1ee7a Qu\u00fd Kh\u00e1ch H\u00e0ng v\u1ec1 s\u1ea3n ph\u1ea9m <strong>M\u00e1y Pha C\u00e0 Ph\u00ea CIME CO &#8211; 05 PID (E61).<\/strong><\/span><\/p>\n","protected":false},"excerpt":{"rendered":"<h4 class=\"promoadd__ttl\" style=\"text-align: left;\"><strong><i>2 \u01afU \u0110\u00c3I QU\u00c0 T\u1eb6NG<\/i><\/strong><\/h4>\n<h5 class=\"promoadd__ttl\" style=\"text-align: left;\">D\u1ef1 ki\u1ebfn \u00e1p d\u1ee5ng \u0111\u1ebfn 23:00 30\/09<\/h5>\n<div class=\"promo_BHX\">\n<div class=\"l2\">\n<ul>\n<li>\n<h6><span data-sheets-value=\"{&quot;1&quot;:2,&quot;2&quot;:&quot;T\u1eb7ng b\u1ed9 d\u1ee5ng c\u1ee5 8 m\u00f3n ( T\u1ea4T C\u1ea2 M\u00c1Y C\u0168 HAY M\u1edaI )&quot;}\" data-sheets-userformat=\"{&quot;2&quot;:30909,&quot;3&quot;:{&quot;1&quot;:0,&quot;3&quot;:1},&quot;5&quot;:{&quot;1&quot;:[{&quot;1&quot;:2,&quot;2&quot;:0,&quot;5&quot;:{&quot;1&quot;:2,&quot;2&quot;:0}},{&quot;1&quot;:0,&quot;2&quot;:0,&quot;3&quot;:3},{&quot;1&quot;:1,&quot;2&quot;:0,&quot;4&quot;:1}]},&quot;6&quot;:{&quot;1&quot;:[{&quot;1&quot;:2,&quot;2&quot;:0,&quot;5&quot;:{&quot;1&quot;:2,&quot;2&quot;:0}},{&quot;1&quot;:0,&quot;2&quot;:0,&quot;3&quot;:3},{&quot;1&quot;:1,&quot;2&quot;:0,&quot;4&quot;:1}]},&quot;7&quot;:{&quot;1&quot;:[{&quot;1&quot;:2,&quot;2&quot;:0,&quot;5&quot;:{&quot;1&quot;:2,&quot;2&quot;:0}},{&quot;1&quot;:0,&quot;2&quot;:0,&quot;3&quot;:3},{&quot;1&quot;:1,&quot;2&quot;:0,&quot;4&quot;:1}]},&quot;8&quot;:{&quot;1&quot;:[{&quot;1&quot;:2,&quot;2&quot;:0,&quot;5&quot;:{&quot;1&quot;:2,&quot;2&quot;:0}},{&quot;1&quot;:0,&quot;2&quot;:0,&quot;3&quot;:3},{&quot;1&quot;:1,&quot;2&quot;:0,&quot;4&quot;:1}]},&quot;10&quot;:1,&quot;14&quot;:{&quot;1&quot;:3,&quot;3&quot;:1},&quot;15&quot;:&quot;Times New Roman&quot;,&quot;16&quot;:11,&quot;17&quot;:1}\">T\u1eb7ng b\u1ed9 d\u1ee5ng c\u1ee5 8 m\u00f3n\u00a0<\/span><\/h6>\n<\/li>\n<li>\n<h6>Ch\u00ednh s\u00e1ch \u0111\u1ed5i tr\u1ea3 h\u00e0ng b\u1ea3o h\u00e0nh 1 \u0111\u1ed5i 1<\/h6>\n<\/li>\n<\/ul>\n<\/div>\n<\/div>\n","protected":false},"featured_media":4901,"comment_status":"open","ping_status":"closed","template":"","meta":{"om_disable_all_campaigns":false,"_mi_skip_tracking":false,"_monsterinsights_sitenote_active":false,"_monsterinsights_sitenote_note":"","_monsterinsights_sitenote_category":0},"product_cat":[45],"product_tag":[],"class_list":["post-4898","product","type-product","status-publish","has-post-thumbnail","hentry","product_cat-may-pha-ca-phe-espresso-toha-group"],"_links":{"self":[{"href":"https:\/\/tohagroup.com\/en\/wp-json\/wp\/v2\/product\/4898","targetHints":{"allow":["GET"]}}],"collection":[{"href":"https:\/\/tohagroup.com\/en\/wp-json\/wp\/v2\/product"}],"about":[{"href":"https:\/\/tohagroup.com\/en\/wp-json\/wp\/v2\/types\/product"}],"replies":[{"embeddable":true,"href":"https:\/\/tohagroup.com\/en\/wp-json\/wp\/v2\/comments?post=4898"}],"wp:featuredmedia":[{"embeddable":true,"href":"https:\/\/tohagroup.com\/en\/wp-json\/wp\/v2\/media\/4901"}],"wp:attachment":[{"href":"https:\/\/tohagroup.com\/en\/wp-json\/wp\/v2\/media?parent=4898"}],"wp:term":[{"taxonomy":"product_cat","embeddable":true,"href":"https:\/\/tohagroup.com\/en\/wp-json\/wp\/v2\/product_cat?post=4898"},{"taxonomy":"product_tag","embeddable":true,"href":"https:\/\/tohagroup.com\/en\/wp-json\/wp\/v2\/product_tag?post=4898"}],"curies":[{"name":"wp","href":"https:\/\/api.w.org\/{rel}","templated":true}]}}