{"id":4760,"date":"2022-09-10T03:24:32","date_gmt":"2022-09-10T03:24:32","guid":{"rendered":"https:\/\/tohagroup.com\/?post_type=product&#038;p=4760"},"modified":"2022-12-16T20:28:27","modified_gmt":"2022-12-16T13:28:27","slug":"may-pha-ca-phe-nuova-simonelli-appia-life-2","status":"publish","type":"product","link":"https:\/\/tohagroup.com\/en\/san-pham\/may-pha-ca-phe-nuova-simonelli-appia-life-2\/","title":{"rendered":"M\u00e1y pha c\u00e0 ph\u00ea Nuova Simonelli Appia Life"},"content":{"rendered":"<p><b>GI\u1edaI THI\u1ec6U T\u1ed4NG QUAN<\/b><\/p>\n<p><span style=\"font-weight: 400;\">Nuova Simonelli l\u00e0 m\u1ed9t trong nh\u1eefng th\u01b0\u01a1ng hi\u1ec7u s\u1ea3n xu\u1ea5t m\u00e1y pha c\u00e0 ph\u00ea h\u00e0ng \u0111\u1ea7u c\u1ee7a \u00dd v\u1edbi h\u01a1n 80 n\u0103m kinh nghi\u1ec7m cung c\u1ea5p m\u00e1y m\u00f3c, trang thi\u1ebft b\u1ecb cho c\u00e1c chu\u1ed7i nh\u00e0 h\u00e0ng, kh\u00e1ch s\u1ea1n v\u00e0 c\u1eeda h\u00e0ng c\u00e0 ph\u00ea chuy\u00ean nghi\u1ec7p.<\/span><\/p>\n<p><span style=\"font-weight: 400;\">Appa Life ra \u0111\u1eddi mang l\u1ea1i nhi\u1ec1u th\u00e0nh c\u00f4ng t\u1eeb m\u00e1y pha c\u00e0 ph\u00ea th\u1ecbnh h\u00e0nh nh\u1ea5t hi\u1ec7n nay- Appia. \u0110\u01b0\u1ee3c y\u00eau th\u00edch t\u1eeb nhi\u1ec1u barista kh\u1eafp th\u1ebf gi\u1edbi, m\u00e1y pha c\u00e0 ph\u00ea Appia Life mang \u0111\u1ebfn cho b\u1ea1n nh\u1eefng t\u1ea7m cao m\u1edbi v\u1edbi b\u1eb1ng ch\u1ea5t l\u01b0\u1ee3ng v\u00e0 thi\u1ebft k\u1ebf \u0111\u1ec9nh cao.<\/span><\/p>\n<p><img decoding=\"async\" class=\"aligncenter wp-image-3350 size-large\" src=\"https:\/\/tohagroup.com\/wp-content\/uploads\/2022\/07\/NUOVA-SIMONELLI-APPIA-BLACK-LIFE-01-1024x585.png\" alt=\"\" width=\"1024\" height=\"585\" srcset=\"https:\/\/tohagroup.com\/wp-content\/uploads\/2022\/07\/NUOVA-SIMONELLI-APPIA-BLACK-LIFE-01-1024x585.png 1024w, https:\/\/tohagroup.com\/wp-content\/uploads\/2022\/07\/NUOVA-SIMONELLI-APPIA-BLACK-LIFE-01-300x171.png 300w, https:\/\/tohagroup.com\/wp-content\/uploads\/2022\/07\/NUOVA-SIMONELLI-APPIA-BLACK-LIFE-01-768x439.png 768w, https:\/\/tohagroup.com\/wp-content\/uploads\/2022\/07\/NUOVA-SIMONELLI-APPIA-BLACK-LIFE-01-1536x878.png 1536w, https:\/\/tohagroup.com\/wp-content\/uploads\/2022\/07\/NUOVA-SIMONELLI-APPIA-BLACK-LIFE-01-2048x1171.png 2048w, https:\/\/tohagroup.com\/wp-content\/uploads\/2022\/07\/NUOVA-SIMONELLI-APPIA-BLACK-LIFE-01-600x343.png 600w\" sizes=\"(max-width: 1024px) 100vw, 1024px\" \/><\/p>\n<p><b>\u0110\u1eb6C \u0110I\u1ec2M<\/b><\/p>\n<p><b>Dung t\u00edch n\u1ed3i h\u01a1i 11 lit ch\u1ecbu \u00e1p su\u1ea5t cao<\/b><\/p>\n<p><span style=\"font-weight: 400;\">S\u1edf h\u1eefu n\u1ed3i h\u01a1i b\u1eb1ng \u0111\u1ed3ng c\u00f3 kh\u1ea3 n\u0103ng ch\u1ecbu \u00e1p su\u1ea5t cao v\u1edbi dung t\u00edch l\u00ean \u0111\u1ebfn 11L, c\u00f4ng su\u1ea5t 3200W, Nuova Appia Life ho\u00e0n to\u00e0n th\u00edch h\u1ee3p s\u1eed d\u1ee5ng cho m\u00f4 h\u00ecnh kinh doanh l\u1edbn, \u0111\u00f4ng kh\u00e1ch, pha ch\u1ebf li\u00ean t\u1ee5c m\u00e0 kh\u00f4ng l\u00e0m gi\u1ea3m nhi\u1ec7t \u0111\u1ed9 c\u1ee7a n\u01b0\u1edbc.<\/span><\/p>\n<p><span style=\"font-weight: 400;\">C\u01a1 ch\u1ebf ho\u1ea1t \u0111\u1ed9ng th\u00f4ng minh c\u1ee7a n\u1ed3i h\u01a1i \u0111\u1ea3m b\u1ea3o l\u01b0\u1ee3ng h\u01a1i n\u01b0\u1edbc v\u00e0 n\u01b0\u1edbc lu\u00f4n s\u1eb5n s\u00e0ng \u1edf nhi\u1ec7t \u0111\u1ed9 chu\u1ea9n nh\u1edd h\u1ec7 th\u1ed1ng \u0111i\u1ec7n c\u1ef1c v\u00e0 van linh ho\u1ea1t trang b\u1ecb b\u00ean trong th\u00e2n m\u00e1y. Trong qu\u00e1 tr\u00ecnh s\u1eed d\u1ee5ng, khi m\u1ef1c n\u01b0\u1edbc th\u1ea5p h\u01a1n m\u1ee9c ti\u00eau chu\u1ea9n, m\u00e1y b\u01a1m s\u1ebd ngay l\u1eadp t\u1ee9c b\u00f9 \u0111\u1eafp l\u01b0\u1ee3ng n\u01b0\u1edbc v\u00e0o n\u1ed3i h\u01a1i, n\u01b0\u1edbc \u0111\u1ed3ng th\u1eddi \u0111\u01b0\u1ee3c l\u00e0m n\u00f3ng nhanh ch\u00f3ng nh\u1edd b\u1ed9 ph\u1eadn s\u01b0\u1edfi nhi\u1ec7t B\u00ean c\u1ea1nh \u0111\u00f3, n\u1ed3i h\u01a1i b\u1ecdc c\u00e1ch nhi\u1ec7t gi\u00fap m\u00e1y pha k\u00e9o d\u00e0i tu\u1ed5i th\u1ecd v\u00e0 ti\u1ebft ki\u1ec7m \u0111i\u1ec7n n\u0103ng \u0111\u00e1ng k\u1ec3.<\/span><\/p>\n<p><span style=\"font-weight: 400;\">N\u1ed3i h\u01a1i c\u1ee7a m\u00e1y Appia Life c\u00f3 b\u1ecdc l\u1edbp c\u00e1ch nhi\u1ec7t gi\u00fap h\u1ea1n ch\u1ebf \u0111\u1ebfn 13% l\u01b0\u1ee3ng nhi\u1ec7t t\u1ecfa ra<\/span><\/p>\n<p><img decoding=\"async\" class=\"aligncenter wp-image-3354 size-large\" src=\"https:\/\/tohagroup.com\/wp-content\/uploads\/2022\/07\/NUOVA-SIMONELLI-APPIA-BLACK-LIFE-02-1024x585.png\" alt=\"\" width=\"1024\" height=\"585\" srcset=\"https:\/\/tohagroup.com\/wp-content\/uploads\/2022\/07\/NUOVA-SIMONELLI-APPIA-BLACK-LIFE-02-1024x585.png 1024w, https:\/\/tohagroup.com\/wp-content\/uploads\/2022\/07\/NUOVA-SIMONELLI-APPIA-BLACK-LIFE-02-300x172.png 300w, https:\/\/tohagroup.com\/wp-content\/uploads\/2022\/07\/NUOVA-SIMONELLI-APPIA-BLACK-LIFE-02-768x439.png 768w, https:\/\/tohagroup.com\/wp-content\/uploads\/2022\/07\/NUOVA-SIMONELLI-APPIA-BLACK-LIFE-02-1536x878.png 1536w, https:\/\/tohagroup.com\/wp-content\/uploads\/2022\/07\/NUOVA-SIMONELLI-APPIA-BLACK-LIFE-02-2048x1171.png 2048w, https:\/\/tohagroup.com\/wp-content\/uploads\/2022\/07\/NUOVA-SIMONELLI-APPIA-BLACK-LIFE-02-600x343.png 600w\" sizes=\"(max-width: 1024px) 100vw, 1024px\" \/><\/p>\n<p><b>N\u0103ng su\u1ea5t m\u1ea1nh m\u1ebd- T\u00ednh \u1ed5n \u0111\u1ecbnh cao<\/b><\/p>\n<ul>\n<li style=\"font-weight: 400;\" aria-level=\"1\"><span style=\"font-weight: 400;\">N\u0103ng su\u1ea5t cao: Nuova Appia Life c\u00f3 th\u1ec3 pha ch\u1ebf l\u00ean \u0111\u1ebfn 350 t\u00e1ch m\u1ed7i ng\u00e0y. \u0110\u00e2y \u0111\u01b0\u1ee3c coi l\u00e0 c\u1ed7 m\u00e1y pha ch\u1ebf kh\u00f4ng th\u1ec3 thi\u1ebfu cho nh\u1eefng qu\u00e1n c\u00f3 quy m\u00f4 ti\u00eau th\u1ee5 l\u01b0\u1ee3ng \u0111\u1ed3 u\u1ed1ng l\u1edbn m\u1ed7i ng\u00e0y.<\/span><\/li>\n<li style=\"font-weight: 400;\" aria-level=\"1\"><span style=\"font-weight: 400;\">S\u1ef1 \u1ed5n \u0111\u1ecbnh v\u00e0 nh\u1ea5t qu\u00e1n: T\u00ednh nh\u1ea5t qu\u00e1n c\u1ee7a Nuova Appia Life d\u1ef1a tr\u00ean 2 c\u00f4ng ngh\u1ec7 l\u00e0: SIS \u2013 Soft infusion system v\u00e0 Easy Cream (\u0110\u00e1nh s\u1eefa t\u1ef1 \u0111\u1ed9ng)<\/span><\/li>\n<\/ul>\n<p><img decoding=\"async\" class=\"aligncenter wp-image-3360 size-large\" src=\"https:\/\/tohagroup.com\/wp-content\/uploads\/2022\/07\/NUOVA-SIMONELLI-APPIA-BLACK-LIFE-05-1-1024x585.png\" alt=\"\" width=\"1024\" height=\"585\" srcset=\"https:\/\/tohagroup.com\/wp-content\/uploads\/2022\/07\/NUOVA-SIMONELLI-APPIA-BLACK-LIFE-05-1-1024x585.png 1024w, https:\/\/tohagroup.com\/wp-content\/uploads\/2022\/07\/NUOVA-SIMONELLI-APPIA-BLACK-LIFE-05-1-300x171.png 300w, https:\/\/tohagroup.com\/wp-content\/uploads\/2022\/07\/NUOVA-SIMONELLI-APPIA-BLACK-LIFE-05-1-768x439.png 768w, https:\/\/tohagroup.com\/wp-content\/uploads\/2022\/07\/NUOVA-SIMONELLI-APPIA-BLACK-LIFE-05-1-1536x878.png 1536w, https:\/\/tohagroup.com\/wp-content\/uploads\/2022\/07\/NUOVA-SIMONELLI-APPIA-BLACK-LIFE-05-1-2048x1171.png 2048w, https:\/\/tohagroup.com\/wp-content\/uploads\/2022\/07\/NUOVA-SIMONELLI-APPIA-BLACK-LIFE-05-1-600x343.png 600w\" sizes=\"(max-width: 1024px) 100vw, 1024px\" \/><\/p>\n<p><b>C\u1ea3i ti\u1ebfn th\u00eam c\u00e1c ti\u1ec7n \u00edch- N\u00e2ng cao n\u0103ng su\u1ea5t t\u1ed1i \u0111a<\/b><\/p>\n<p><span style=\"font-weight: 400;\">M\u00e1y pha c\u00e0 ph\u00ea Appia Life cung c\u1ea5p nhi\u1ec1u h\u01a1n c\u00e1c kh\u1ea3 n\u0103ng v\u1ed1n c\u00f3 nh\u1edd v\u00e0o thi\u1ebft k\u1ebf th\u00eam c\u00e1c ti\u1ec7n \u00edch gi\u00fap c\u00f4ng vi\u1ec7c h\u00e0ng ng\u00e0y c\u1ee7a barista tr\u1edf n\u00ean d\u1ec5 d\u00e0ng h\u01a1n bao gi\u1edd h\u1ebft. M\u1ed7i m\u1ed9t g\u00f3c, m\u1ed7i m\u1ed9t b\u1ed9 ph\u1eadn c\u1ee7a Appia Life \u0111\u01b0\u1ee3c thi\u1ebft k\u1ebf \u0111\u1ec3 t\u0103ng c\u01b0\u1eddng t\u1ed1c \u0111\u1ed9 ph\u1ee5c v\u1ee5, v\u00e0 n\u0103ng su\u1ea5t c\u1ee7a m\u1ecdi \u0111\u1ed1i t\u01b0\u1ee3ng barista, t\u1eeb \u201cl\u00ednh m\u1edbi\u201d \u0111\u1ebfn \u201cl\u00e0nh ngh\u1ec1\u201d.<\/span><\/p>\n<ul>\n<li style=\"font-weight: 400;\" aria-level=\"1\"><span style=\"font-weight: 400;\">G\u01b0\u01a1ng ng\u01b0\u1ee3c: Gi\u00fap ki\u1ec3m so\u00e1t to\u00e0n b\u1ed9 qu\u00e1 tr\u00ecnh chi\u1ebft xu\u1ea5t t\u1eeb h\u1ecdng chi\u1ebft xu\u1ea5t m\u00e0 kh\u00f4ng c\u1ea7n ph\u1ea3i c\u00fai ng\u01b0\u1eddi xu\u1ed1ng. \u0110\u1ed3ng th\u1eddi c\u0169ng gi\u00fap ki\u1ec3m tra v\u1ec7 sinh c\u1ee7a h\u1ecdng chi\u1ebft xu\u1ea5t d\u1ec5 d\u00e0ng h\u01a1n<\/span><\/li>\n<li style=\"font-weight: 400;\" aria-level=\"1\"><span style=\"font-weight: 400;\">H\u1ec7 th\u1ed1ng s\u1ea5y ly c\u1ed1c: M\u1ed9t y\u1ebfu t\u1ed1 \u0111\u00e1ng ch\u00fa \u00fd cho c\u00e1c barista l\u00e0 c\u1ed1c \u0111\u01b0\u1ee3c l\u00e0m \u1ea5m h\u01a1n khi \u0111\u01b0\u1ee3c s\u1eafp x\u1ebfp t\u1ed1t h\u01a1n. Th\u00eam v\u00e0o \u0111\u00f3 l\u00e0 vi\u1ec7c t\u0103ng s\u1ee9c ch\u1ee9a gi\u00fap \u0111\u1ea9y nhanh c\u00f4ng vi\u1ec7c c\u1ee7a ng\u01b0\u1eddi \u0111i\u1ec1u khi\u1ec3n.<\/span><\/li>\n<li style=\"font-weight: 400;\" aria-level=\"1\"><span style=\"font-weight: 400;\">B\u1ea3ng \u0111i\u1ec1u khi\u1ec3n n\u00fat \u1ea5n: M\u1ed9t b\u1ea3ng \u0111i\u1ec1u khi\u1ec3n ho\u00e0n to\u00e0n \u0111\u01b0\u1ee3c thay m\u1edbi v\u1edbi c\u00e1c ph\u00edm ti\u1ec7n d\u1ee5ng h\u01a1n, \u00eam h\u01a1n, nh\u1ea1y h\u01a1n, v\u00e0 b\u1ec1n b\u1ec9 h\u01a1n.<\/span><\/li>\n<\/ul>\n<p><img decoding=\"async\" class=\"aligncenter wp-image-3362 size-large\" src=\"https:\/\/tohagroup.com\/wp-content\/uploads\/2022\/07\/NUOVA-SIMONELLI-APPIA-BLACK-LIFE-06-1024x585.png\" alt=\"\" width=\"1024\" height=\"585\" srcset=\"https:\/\/tohagroup.com\/wp-content\/uploads\/2022\/07\/NUOVA-SIMONELLI-APPIA-BLACK-LIFE-06-1024x585.png 1024w, https:\/\/tohagroup.com\/wp-content\/uploads\/2022\/07\/NUOVA-SIMONELLI-APPIA-BLACK-LIFE-06-300x171.png 300w, https:\/\/tohagroup.com\/wp-content\/uploads\/2022\/07\/NUOVA-SIMONELLI-APPIA-BLACK-LIFE-06-768x439.png 768w, https:\/\/tohagroup.com\/wp-content\/uploads\/2022\/07\/NUOVA-SIMONELLI-APPIA-BLACK-LIFE-06-1536x878.png 1536w, https:\/\/tohagroup.com\/wp-content\/uploads\/2022\/07\/NUOVA-SIMONELLI-APPIA-BLACK-LIFE-06-2048x1170.png 2048w, https:\/\/tohagroup.com\/wp-content\/uploads\/2022\/07\/NUOVA-SIMONELLI-APPIA-BLACK-LIFE-06-600x343.png 600w\" sizes=\"(max-width: 1024px) 100vw, 1024px\" \/><\/p>\n<p><b>Thi\u1ebft k\u1ebf hi\u1ec7n \u0111\u1ea1i, tinh t\u1ebf, l\u00e0m n\u1ed5i b\u1eadt kh\u00f4ng gian qu\u1ea7y bar<\/b><\/p>\n<p><span style=\"font-weight: 400;\">V\u1edbi thi\u1ebft k\u1ebf nh\u1ecf g\u1ecdn v\u00e0 tinh t\u1ebf, Appia Life kh\u00f4ng ch\u1ec9 h\u1ed7 tr\u1ee3 k\u1ebft n\u1ed1i m\u1ea1nh m\u1ebd gi\u1eefa barista v\u00e0 m\u00e1y pha m\u00e0 c\u00f2n c\u00f3 th\u1ec3 \u0111\u01b0\u1ee3c s\u1eafp x\u1ebfp \u1edf b\u1ea5t c\u1ee9 kh\u00f4ng gian n\u00e0o.<\/span><\/p>\n<p><span style=\"font-weight: 400;\">B\u1ea3ng \u0111i\u1ec1u khi\u1ec3n, v\u00f2i \u0111\u00e1nh s\u1eefa, v\u00f2i n\u01b0\u1edbc n\u00f3ng, tay g\u1ea1t, \u0111\u1ed3ng h\u1ed3 \u00e1p su\u1ea5t,\u2026 \u0111\u01b0\u1ee3c b\u1ed1 tr\u00ed t\u1ed1i \u01b0u tr\u00ean to\u00e0n b\u1ed9 th\u00e2n m\u00e1y, \u0111\u1ea3m b\u1ea3o s\u1ef1 thu\u1eadn ti\u1ec7n t\u1ed1i \u0111a cho ng\u01b0\u1eddi s\u1eed d\u1ee5ng nh\u01b0ng v\u1eabn gi\u1eef \u0111\u01b0\u1ee3c t\u00ednh th\u1ea9m m\u1ef9 cao c\u1ee7a d\u00f2ng m\u00e1y chuy\u00ean nghi\u1ec7p n\u00e0y. Thi\u1ebft k\u1ebf hai b\u00ean th\u00e2n m\u00e1y v\u1edbi nh\u1eefng \u0111\u01b0\u1eddng r\u00e3nh cong tinh t\u1ebf mang l\u1ea1i cho Nuova Appia Life mang v\u1ebb ngo\u00e0i \u1ea5n t\u01b0\u1ee3ng v\u00e0 kh\u00e1c bi\u1ec7t, th\u00f4i th\u00fac s\u1ef1 kh\u00e1m ph\u00e1 c\u1ee7a c\u00e1c Barista, k\u00edch th\u00edch s\u1ef1 t\u00f2 m\u00f2 v\u00e0 h\u1ee9ng th\u00fa c\u1ee7a th\u1ef1c kh\u00e1ch khi v\u00e0o c\u1eeda h\u00e0ng.<\/span><\/p>\n<p><b>\u0110\u1ed0I T\u01af\u1ee2NG S\u1eec D\u1ee4NG<\/b><\/p>\n<p><span style=\"font-weight: 400;\">\u0110\u00e2y l\u00e0 m\u1ed9t s\u1ea3n ph\u1ea9m tuy\u1ec7t v\u1eddi cho nh\u1eefng c\u00f4ng ty l\u1edbn, nh\u1eefng chu\u1ed7i c\u00e0 ph\u00ea ho\u1eb7c b\u1ea5t k\u1ef3 n\u01a1i n\u00e0o c\u00f3 nhu c\u1ea7u ti\u00eau th\u1ee5 l\u01b0\u1ee3ng l\u1edbn c\u00e0 ph\u00ea trong m\u1ed9t ng\u00e0y<\/span><b>.<\/b><\/p>\n<p><img decoding=\"async\" class=\"aligncenter wp-image-3366 size-large\" src=\"https:\/\/tohagroup.com\/wp-content\/uploads\/2022\/07\/NUOVA-SIMONELLI-APPIA-BLACK-LIFE-07-1024x585.png\" alt=\"\" width=\"1024\" height=\"585\" srcset=\"https:\/\/tohagroup.com\/wp-content\/uploads\/2022\/07\/NUOVA-SIMONELLI-APPIA-BLACK-LIFE-07-1024x585.png 1024w, https:\/\/tohagroup.com\/wp-content\/uploads\/2022\/07\/NUOVA-SIMONELLI-APPIA-BLACK-LIFE-07-300x171.png 300w, https:\/\/tohagroup.com\/wp-content\/uploads\/2022\/07\/NUOVA-SIMONELLI-APPIA-BLACK-LIFE-07-768x439.png 768w, https:\/\/tohagroup.com\/wp-content\/uploads\/2022\/07\/NUOVA-SIMONELLI-APPIA-BLACK-LIFE-07-1536x878.png 1536w, https:\/\/tohagroup.com\/wp-content\/uploads\/2022\/07\/NUOVA-SIMONELLI-APPIA-BLACK-LIFE-07-2048x1170.png 2048w, https:\/\/tohagroup.com\/wp-content\/uploads\/2022\/07\/NUOVA-SIMONELLI-APPIA-BLACK-LIFE-07-600x343.png 600w\" sizes=\"(max-width: 1024px) 100vw, 1024px\" \/><\/p>\n<p><b>T\u00cdNH N\u0102NG<\/b><\/p>\n<p><b>T\u00ednh \u0111\u1ed3ng nh\u1ea5t nh\u1edd 2 c\u00f4ng ngh\u1ec7 ti\u00ean ti\u1ebfn SIS- Soft Infusion System v\u00e0 Easy Cream<\/b><\/p>\n<p><b>Ti\u1ebft ki\u1ec7m n\u0103ng l\u01b0\u1ee3ng l\u00e0 ti\u1ebft ki\u1ec7m chi ph\u00ed<\/b><\/p>\n<p><b>C\u00e1c ch\u1ee9c n\u0103ng tuy\u1ec7t v\u1eddi kh\u00e1c<\/b><\/p>\n<ul>\n<li style=\"font-weight: 400;\" aria-level=\"1\"><span style=\"font-weight: 400;\">C\u1ea7n g\u1ea1t push&amp;pull<\/span><\/li>\n<li style=\"font-weight: 400;\" aria-level=\"1\"><span style=\"font-weight: 400;\">Tay c\u1ea7m m\u1ec1m<\/span><\/li>\n<li style=\"font-weight: 400;\" aria-level=\"1\"><span style=\"font-weight: 400;\">Khay nh\u1ecf gi\u1ecdt th\u00e9p kh\u00f4ng g\u1ec9<\/span><\/li>\n<li style=\"font-weight: 400;\" aria-level=\"1\"><span style=\"font-weight: 400;\">V\u00f2i \u0111\u00e1nh s\u1eefa th\u00e9p linh ho\u1ea1t<\/span><\/li>\n<li style=\"font-weight: 400;\" aria-level=\"1\"><span style=\"font-weight: 400;\">B\u1ec1 m\u1eb7t l\u00e0m vi\u1ec7c r\u1ed9ng<\/span><\/li>\n<li style=\"font-weight: 400;\" aria-level=\"1\"><span style=\"font-weight: 400;\">Hi\u1ec3n th\u1ecb m\u1ef1c n\u01b0\u1edbc<\/span><\/li>\n<li style=\"font-weight: 400;\" aria-level=\"1\"><span style=\"font-weight: 400;\">\u0110\u1ed3ng h\u1ed3 \u0111o \u00e1p su\u1ea5t k\u00e9p<\/span><\/li>\n<li style=\"font-weight: 400;\" aria-level=\"1\"><span style=\"font-weight: 400;\">\u0110\u1ea7u group ti\u00eau chu\u1ea9n hay group cao<\/span><\/li>\n<li style=\"font-weight: 400;\" aria-level=\"1\"><span style=\"font-weight: 400;\">\u0110\u1eb7c bi\u1ec7t, ch\u1ee9c n\u0103ng \u0111i\u1ec1u khi\u1ec3n t\u1eeb xa l\u00e0 m\u1ed9t trong nh\u1eefng t\u00ednh n\u0103ng m\u1edbi nh\u1ea5t c\u1ee7a Nuova Simonelli Life gi\u00fap ng\u01b0\u1eddi d\u00f9ng \u0111i\u1ec1u khi\u1ec3n v\u00e0 qu\u1ea3n l\u00fd m\u00e1y pha th\u00f4ng qua thi\u1ebft b\u1ecb t\u1eeb xa.<\/span><\/li>\n<\/ul>\n<p><b>V\u00cc SAO CH\u1eccN M\u00c1Y C\u00c0 PH\u00ca NUOVA SIMONELLI APPIA LIFE &#8211; 2GR &#8211; M\u00c0U \u0110EN?<\/b><\/p>\n<p><span style=\"font-weight: 400;\">M\u00e1y \u0111\u01b0\u1ee3c thi\u1ebft k\u1ebf m\u1edbi- Ch\u1ea5t l\u01b0\u1ee3ng m\u1edbi<\/span><\/p>\n<ul>\n<li style=\"font-weight: 400;\" aria-level=\"1\"><span style=\"font-weight: 400;\">V\u1edbi thi\u1ebft k\u1ebf nh\u1ecf g\u1ecdn, Nuova Simonelli Life c\u00f3 th\u1ec3 \u0111\u01b0\u1ee3c s\u1eafp x\u1ebfp \u1edf b\u1ea5t c\u1ee9 kh\u00f4ng gian n\u00e0o.<\/span><\/li>\n<li style=\"font-weight: 400;\" aria-level=\"1\"><span style=\"font-weight: 400;\">B\u1ea3ng \u0111i\u1ec1u khi\u1ec3n \u1edf ph\u00eda sau \u0111\u01b0\u1ee3c bao b\u1ecdc b\u1edfi hai d\u1ea3i crom khi\u1ebfn chi\u1ebfc m\u00e1y tr\u1edf n\u00ean quy\u1ebfn r\u0169, nh\u1eb9 nh\u00e0ng.<\/span><\/li>\n<li style=\"font-weight: 400;\" aria-level=\"1\"><span style=\"font-weight: 400;\">G\u01b0\u01a1ng ng\u01b0\u1ee3c gi\u00fap barista c\u00f3 th\u1ec3 theo d\u00f5i tr\u1ef1c ti\u1ebfp qu\u00e1 tr\u00ecnh nh\u1ecf gi\u1ecdt c\u00e0 ph\u00ea v\u00e0 \u0111\u1ed9 s\u1ea1ch c\u1ee7a h\u1ecdng chi\u1ebft xu\u1ea5t.<\/span><\/li>\n<li style=\"font-weight: 400;\" aria-level=\"1\"><span style=\"font-weight: 400;\">Khay h\u00e2m t\u00e1ch: ly t\u00e1ch \u0111\u01b0\u1ee3c s\u1eafp x\u1ebfp th\u1eb3ng h\u00e0ng tr\u00ean n\u1eafp m\u00e1y v\u00e0 \u0111\u01b0\u1ee3c l\u00e0m n\u00f3ng t\u1ea1o thu\u1eadn l\u1ee3i cho qu\u00e1 tr\u00ecnh l\u00e0m vi\u1ec7c.<\/span><\/li>\n<li style=\"font-weight: 400;\" aria-level=\"1\"><span style=\"font-weight: 400;\">B\u1ea3ng \u0111i\u1ec1u khi\u1ec3n n\u00fat nh\u1ea5n: h\u1ec7 th\u1ed1ng b\u1ea3ng n\u00fat nh\u1ea5n \u0111\u01b0\u1ee3c thi\u1ebft k\u1ebf m\u1edbi gi\u00fap t\u1ea1o s\u1ef1 g\u1ea7n g\u0169i v\u1edbi ng\u01b0\u1eddi d\u00f9ng v\u00e0 t\u0103ng \u0111\u1ed9 b\u1ec1n.<\/span><\/li>\n<li style=\"font-weight: 400;\" aria-level=\"1\"><span style=\"font-weight: 400;\">B\u1ea3o tr\u00ec d\u1ec5 d\u00e0ng: nh\u1eefng thi\u1ebft k\u1ebf v\u00e0 t\u00ednh n\u0103ng m\u1edbi c\u1ee7a Nuova Simonelli Life nh\u01b0 v\u00f2i \u0111\u00e1nh s\u1eefa d\u1ec5 d\u00e0ng \u0111i\u1ec1u ch\u1ec9nh, h\u1ec7 th\u1ed1ng m\u1edf m\u1ed9t b\u00ean v\u00e0 c\u00e1c groups \u0111\u01b0\u1ee3c thi\u1ebft k\u1ebf m\u1edbi gi\u00fap qu\u00e1 tr\u00ecnh b\u1ea3o tr\u00ec tr\u1edf n\u00ean d\u1ec5 d\u00e0ng v\u00e0 nhanh ch\u00f3ng.<\/span><\/li>\n<\/ul>\n<p><a href=\"https:\/\/tohagroup.com\/nuova-simonelli-arpia-life-ava\/\"><img decoding=\"async\" class=\"aligncenter wp-image-3342\" src=\"https:\/\/tohagroup.com\/wp-content\/uploads\/2022\/07\/NUOVA-SIMONELLI-ARPIA-LIFE-ava-300x188.jpg\" alt=\"NUOVA SIMONELLI ARPIA LIFE \" width=\"652\" height=\"408\" srcset=\"https:\/\/tohagroup.com\/wp-content\/uploads\/2022\/07\/NUOVA-SIMONELLI-ARPIA-LIFE-ava-300x188.jpg 300w, https:\/\/tohagroup.com\/wp-content\/uploads\/2022\/07\/NUOVA-SIMONELLI-ARPIA-LIFE-ava-768x480.jpg 768w, https:\/\/tohagroup.com\/wp-content\/uploads\/2022\/07\/NUOVA-SIMONELLI-ARPIA-LIFE-ava-600x375.jpg 600w, https:\/\/tohagroup.com\/wp-content\/uploads\/2022\/07\/NUOVA-SIMONELLI-ARPIA-LIFE-ava.jpg 800w\" sizes=\"(max-width: 652px) 100vw, 652px\" \/><\/a><\/p>\n<hr \/>\n<h2 id=\"ftoc-heading-10\" class=\"p1 ftwp-heading\"><b>Toha Group \u2013 Cung c\u1ea5p gi\u1ea3i ph\u00e1p cho m\u1ed9t ly c\u00e0 ph\u00ea ngon<\/b><\/h2>\n<p>=&gt;&gt;\u00a0<em>Tham kh\u1ea3o th\u00f4ng tin v\u00e0 c\u00e1c s\u1ea3n ph\u1ea9m <a href=\"https:\/\/tohagroup.com\/product-category\/may-pha-ca-phe-cho-quan\/\" target=\"_blank\" rel=\"nofollow noopener\">M\u00e1y pha c\u00e0 ph\u00ea d\u00e0nh cho qu\u00e1n<\/a> t\u1ea1i website ch\u00ednh h\u00e3ng <a href=\"http:\/\/www.tohagroup.com\">www.tohagroup.com<\/a><\/em><\/p>\n<p>\u0110\u1ec3 \u0111\u1ea3m b\u1ea3o mua m\u00e1y ch\u00ednh h\u00e3ng vui l\u00f2ng t\u1edbi tr\u1ef1c ti\u1ebfp Showroom c\u1ee7a <strong>Toha Group<\/strong> tr\u00ean to\u00e0n qu\u1ed1c ho\u1eb7c \u0111\u1eb7t h\u00e0ng t\u1ea1i Website www.tohagroup.com \u2013 Ho\u1eb7c g\u1ecdi tr\u1ef1c ti\u1ebfp t\u1edbi <a href=\"tel:0867896096\" target=\"_blank\" rel=\"nofollow noopener\"><strong>Hotline: 08 6789 6096<\/strong><\/a>\u00a0\u0111\u1ec3 \u0111\u01b0\u1ee3c h\u1ed7 tr\u1ee3 \u0111\u1eb7t h\u00e0ng nhanh.<\/p>\n<p><span style=\"color: #ff0000;\"><strong>\u01afu \u0111\u00e3i:<\/strong> <\/span>Khi Qu\u00fd kh\u00e1ch h\u00e0ng theo d\u00f5i t\u1ea5t c\u1ea3 n\u1ec1n t\u1ea3ng c\u1ee7a Toha, qu\u00fd kh\u00e1ch s\u1ebd nh\u1eadn \u0111\u01b0\u1ee3c \u0111\u01b0\u1eddng d\u00e2y n\u00f3ng k\u1ebft n\u1ed1i &#8211; mua b\u00e1n &#8211; s\u1eeda ch\u1eefa, k\u00e8m theo \u0111\u00f3 l\u00e0 nhi\u1ec1u \u01b0u \u0111\u00e3i \u0111\u1eb7c bi\u1ec7t, nhi\u1ec1u ch\u01b0\u01a1ng tr\u00ecnh gi\u1ea3m gi\u00e1, v\u00e0 r\u1ea5t nhi\u1ec1u qu\u00e0 t\u1eb7ng kh\u00e1c \u0111\u1ebfn t\u1eeb Toha.<\/p>\n<h4 id=\"input_line_0\"><span id=\"input_part_0\" class=\"\" data-mention=\"Ch\u1ec9 \u0110\u01b0\u1eddng Google Map: https:\/\/g.page\/TOHACAFE?share \"><span style=\"color: #ff6600;\">Ch\u1ec9 \u0110\u01b0\u1eddng Google Map:<\/span><a href=\"https:\/\/g.page\/TOHACAFE?share\" rel=\"nofollow\" target=\"_blank\"> https:\/\/g.page\/TOHACAFE?share<\/a>\u00a0<\/span><\/h4>\n<h4 id=\"input_line_1\"><span id=\"input_part_0\" class=\"\" data-mention=\"Zalo Ch\u0103m S\u00f3c Kh\u00e1ch H\u00e0ng 24\/7: https:\/\/zalo.me\/2565949627324610829\"><span style=\"color: #ff6600;\">Zalo Ch\u0103m S\u00f3c Kh\u00e1ch H\u00e0ng 24\/7<\/span>: <a href=\"https:\/\/zalo.me\/2565949627324610829\" rel=\"nofollow noopener\" target=\"_blank\">https:\/\/zalo.me\/2565949627324610829<\/a><\/span><\/h4>\n<h4 id=\"input_line_2\"><span id=\"input_part_0\" class=\"\" data-mention=\"C\u1eadp Nh\u1eadt \u01afu \u0110\u00e3i: https:\/\/www.facebook.com\/tohagroupvn\"><span style=\"color: #ff6600;\">C\u1eadp Nh\u1eadt \u01afu \u0110\u00e3i:<\/span> <a href=\"https:\/\/www.facebook.com\/tohagroupvn\" rel=\"nofollow noopener\" target=\"_blank\">https:\/\/www.facebook.com\/tohagroupvn<\/a><\/span><\/h4>\n<p><span style=\"color: #000000;\"><b>\u0110\u1ec3 bi\u1ebft th\u00eam th\u00f4ng tin chi ti\u1ebft v\u00e0 \u0111\u1eb7t h\u00e0ng<\/b><strong>, Qu\u00fd<\/strong><b> Kh\u00e1ch xin vui l\u00f2ng li\u00ean h\u1ec7 v\u1edbi ch\u00fang t\u00f4i qua:<\/b><\/span><\/p>\n<p><span style=\"font-weight: 400;\"><strong>&#8211;<span style=\"color: #ff6600;\">\u0110\u1ecba ch\u1ec9:<\/span><\/strong> 472 \/ 17 \u0111\u01b0\u1eddng Phan Huy \u00cdch, Ph\u01b0\u1eddng 12, Qu\u1eadn G\u00f2 V\u1ea5p HCM.<\/span><\/p>\n<p><span style=\"font-weight: 400;\">\u00a0 \u00a0 \u00a0 \u00a0 \u00a0 \u00a0 \u00a0 \u00a0111-112 A1, TT H\u00e0o Nam ng\u00f5 8A, \u0111\u01b0\u1eddng V\u0169 Th\u1ea1nh, Q.\u0110\u1ed1ng \u0110a, HN.<\/span><\/p>\n<p><span style=\"font-weight: 400; color: #ff6600;\"><strong>-Hotline:<\/strong><\/span><\/p>\n<ul>\n<li><span id=\"input_part_0\" class=\"\" data-mention=\"08 6269 6096 \">08 6269 6096 <\/span><\/li>\n<li><span id=\"input_part_0\" class=\"\" data-mention=\"08 6269 6096 \">08 6769 6096 <\/span><\/li>\n<li><span id=\"input_part_0\" class=\"\" data-mention=\"08 6269 6096 \">0978 121 033<\/span><\/li>\n<\/ul>\n<p><span style=\"font-weight: 400;\"><span style=\"color: #ff6600;\"><strong>-Gmail:<\/strong><\/span> info@tohagroup.com<\/span><\/p>\n<p>&nbsp;<\/p>\n","protected":false},"excerpt":{"rendered":"<h4 class=\"promoadd__ttl\" style=\"text-align: left;\"><strong><i>2 \u01afU \u0110\u00c3I QU\u00c0 T\u1eb6NG<\/i><\/strong><\/h4>\n<h5 class=\"promoadd__ttl\" style=\"text-align: left;\">D\u1ef1 ki\u1ebfn \u00e1p d\u1ee5ng \u0111\u1ebfn 23:00 30\/09<\/h5>\n<div class=\"promo_BHX\">\n<div class=\"l2\">\n<ul>\n<li>\n<h6><span data-sheets-value=\"{&quot;1&quot;:2,&quot;2&quot;:&quot;T\u1eb7ng b\u1ed9 d\u1ee5ng c\u1ee5 8 m\u00f3n ( T\u1ea4T C\u1ea2 M\u00c1Y C\u0168 HAY M\u1edaI )&quot;}\" data-sheets-userformat=\"{&quot;2&quot;:30909,&quot;3&quot;:{&quot;1&quot;:0,&quot;3&quot;:1},&quot;5&quot;:{&quot;1&quot;:[{&quot;1&quot;:2,&quot;2&quot;:0,&quot;5&quot;:{&quot;1&quot;:2,&quot;2&quot;:0}},{&quot;1&quot;:0,&quot;2&quot;:0,&quot;3&quot;:3},{&quot;1&quot;:1,&quot;2&quot;:0,&quot;4&quot;:1}]},&quot;6&quot;:{&quot;1&quot;:[{&quot;1&quot;:2,&quot;2&quot;:0,&quot;5&quot;:{&quot;1&quot;:2,&quot;2&quot;:0}},{&quot;1&quot;:0,&quot;2&quot;:0,&quot;3&quot;:3},{&quot;1&quot;:1,&quot;2&quot;:0,&quot;4&quot;:1}]},&quot;7&quot;:{&quot;1&quot;:[{&quot;1&quot;:2,&quot;2&quot;:0,&quot;5&quot;:{&quot;1&quot;:2,&quot;2&quot;:0}},{&quot;1&quot;:0,&quot;2&quot;:0,&quot;3&quot;:3},{&quot;1&quot;:1,&quot;2&quot;:0,&quot;4&quot;:1}]},&quot;8&quot;:{&quot;1&quot;:[{&quot;1&quot;:2,&quot;2&quot;:0,&quot;5&quot;:{&quot;1&quot;:2,&quot;2&quot;:0}},{&quot;1&quot;:0,&quot;2&quot;:0,&quot;3&quot;:3},{&quot;1&quot;:1,&quot;2&quot;:0,&quot;4&quot;:1}]},&quot;10&quot;:1,&quot;14&quot;:{&quot;1&quot;:3,&quot;3&quot;:1},&quot;15&quot;:&quot;Times New Roman&quot;,&quot;16&quot;:11,&quot;17&quot;:1}\">T\u1eb7ng b\u1ed9 d\u1ee5ng c\u1ee5 8 m\u00f3n\u00a0<\/span><\/h6>\n<\/li>\n<li>\n<h6>Ch\u00ednh s\u00e1ch \u0111\u1ed5i tr\u1ea3 h\u00e0ng b\u1ea3o h\u00e0nh 1 \u0111\u1ed5i 1<\/h6>\n<\/li>\n<\/ul>\n<\/div>\n<\/div>\n","protected":false},"featured_media":3348,"comment_status":"open","ping_status":"closed","template":"","meta":{"om_disable_all_campaigns":false,"_mi_skip_tracking":false,"_monsterinsights_sitenote_active":false,"_monsterinsights_sitenote_note":"","_monsterinsights_sitenote_category":0},"product_cat":[45],"product_tag":[],"class_list":["post-4760","product","type-product","status-publish","has-post-thumbnail","hentry","nhom-san-pham-may-pha-ca-phe","hang-may-nuova-simonelli","product_cat-may-pha-ca-phe-espresso-toha-group"],"_links":{"self":[{"href":"https:\/\/tohagroup.com\/en\/wp-json\/wp\/v2\/product\/4760","targetHints":{"allow":["GET"]}}],"collection":[{"href":"https:\/\/tohagroup.com\/en\/wp-json\/wp\/v2\/product"}],"about":[{"href":"https:\/\/tohagroup.com\/en\/wp-json\/wp\/v2\/types\/product"}],"replies":[{"embeddable":true,"href":"https:\/\/tohagroup.com\/en\/wp-json\/wp\/v2\/comments?post=4760"}],"wp:featuredmedia":[{"embeddable":true,"href":"https:\/\/tohagroup.com\/en\/wp-json\/wp\/v2\/media\/3348"}],"wp:attachment":[{"href":"https:\/\/tohagroup.com\/en\/wp-json\/wp\/v2\/media?parent=4760"}],"wp:term":[{"taxonomy":"product_cat","embeddable":true,"href":"https:\/\/tohagroup.com\/en\/wp-json\/wp\/v2\/product_cat?post=4760"},{"taxonomy":"product_tag","embeddable":true,"href":"https:\/\/tohagroup.com\/en\/wp-json\/wp\/v2\/product_tag?post=4760"}],"curies":[{"name":"wp","href":"https:\/\/api.w.org\/{rel}","templated":true}]}}