{"id":4640,"date":"2022-09-06T09:00:22","date_gmt":"2022-09-06T09:00:22","guid":{"rendered":"https:\/\/tohagroup.com\/?post_type=product&#038;p=4640"},"modified":"2022-09-10T08:50:16","modified_gmt":"2022-09-10T08:50:16","slug":"may-pha-ca-phe-casadio-dieci-1group","status":"publish","type":"product","link":"https:\/\/tohagroup.com\/en\/san-pham\/may-pha-ca-phe-casadio-dieci-1group\/","title":{"rendered":"M\u00e1y pha c\u00e0 ph\u00ea Casadio Dieci A1 &#8211; 1 Group"},"content":{"rendered":"<div class=\"bi6gxh9e\">\n<div class=\"bi6gxh9e\">\n<h2><strong>M\u00c1Y PHA C\u00c0 PH\u00ca CASADIO DIECI A1 &#8211; 1 GROUP:<\/strong><\/h2>\n<p><span style=\"font-weight: 400;\">S\u1ea3n ph\u1ea9m n\u1ed5i b\u1eadt trong ph\u00e2n kh\u00fac m\u00e1y pha c\u00e0 ph\u00ea 1 group. Thi\u1ebft k\u1ebf tinh t\u1ebf hi\u1ec7n \u0111\u1ea1i, ho\u1ea1t \u0111\u1ed9ng b\u1ec1n b\u1ec9, c\u00f4ng su\u1ea5t l\u1edbn \u0111\u1ea3m b\u1ea3o vi\u1ec7c ph\u1ee5c v\u1ee5 cho s\u1ed1 l\u01b0\u1ee3ng l\u1edbn li\u00ean t\u1ee5c. \u0110\u00e2y l\u00e0 m\u1ed9t trong nh\u1eefng l\u1ef1a ch\u1ecdn h\u00e0ng \u0111\u1ea7u, d\u1ec5 d\u00e0ng cho ch\u1ea5t l\u01b0\u1ee3ng ly c\u00e0 ph\u00ea ho\u00e0n h\u1ea3o c\u00f9ng l\u1edbp crema tuy\u1ec7t v\u1eddi.<\/span><\/p>\n<h2><strong>S\u01a0 L\u01af\u1ee2C V\u1ec0 NGU\u1ed2N G\u1ed0C TH\u01af\u01a0NG HI\u1ec6U CASADIO: <\/strong><\/h2>\n<p>Casadio l\u00e0 m\u1ed9t trong ba th\u01b0\u01a1ng hi\u1ec7u n\u1ed5i ti\u1ebfng thu\u1ed9c t\u1eadp do\u00e0n La Cimbali. \u0110\u00e2y l\u00e0 <span style=\"font-weight: 400;\">t\u1eadp \u0111o\u00e0n s\u1ea3n xu\u1ea5t m\u00e1y c\u00e0 ph\u00ea \u0111\u1ee9ng \u0111\u1ea7u th\u1ebf gi\u1edbi \u0111\u1ebfn t\u1eeb \u00dd. Th\u01b0\u01a1ng hi\u1ec7u Casadio mang l\u1ea1i cho ng\u01b0\u1eddi s\u1eed d\u1ee5ng nh\u1eefng ly c\u00e0 ph\u00ea ch\u1ea5t l\u01b0\u1ee3ng ho\u00e0n h\u1ea3o.<\/span><\/p>\n<\/div>\n<h2 class=\"bi6gxh9e\"><img decoding=\"async\" class=\"aligncenter wp-image-4655 \" src=\"https:\/\/tohagroup.com\/wp-content\/uploads\/2022\/09\/casadio-dieci-3-01-2-1024x768.png\" alt=\"\" width=\"739\" height=\"608\" \/><b>T\u1ea0I SAO N\u00caN MUA <\/b><b>M\u00c1Y <strong>CASADIO DIECI A1 &#8211; 1 GROUP<\/strong> <\/b><b>CHO C\u00c1C QU\u00c1N?<\/b><\/h2>\n<div>\n<ul>\n<li aria-level=\"1\">\n<h3><b>Thi\u1ebft k\u1ebf \u1ea5n t\u01b0\u1ee3ng, nh\u1ecf g\u1ecdn:<\/b><\/h3>\n<\/li>\n<\/ul>\n<p><span style=\"font-weight: 400;\">L\u00e0 s\u1ea3n ph\u1ea9m n\u1ed5i b\u1eadt trong ph\u00e2n kh\u00fac m\u00e1y pha Cafe 01 Group. Mang thi\u1ebft k\u1ebf \u0111\u1eb9p, hi\u1ec7n \u0111\u1ea1i, m\u00e1y pha c\u00e0 ph\u00ea Casadio Dieci A1 c\u00f3 v\u1ebb ngo\u00e0i c\u1ef1c k\u1ef3 \u1ea5n t\u01b0\u1ee3ng v\u1edbi b\u1ed9 khung v\u1eefng ch\u1eafc, v\u1ecf b\u1ecdc b\u1eb1ng h\u1ee3p kim th\u00e9p kh\u00f4ng g\u1ec9 s\u00e1ng b\u00f3ng. Kh\u00f4ng ch\u1ec9 thu\u1eadn ti\u1ec7n trong vi\u1ec7c v\u1ec7 sinh m\u00e0 c\u00f2n \u0111\u00f3ng vai tr\u00f2 l\u00e0m \u0111i\u1ec3m nh\u1ea5n cho kh\u00f4ng gian qu\u00e1n cafe c\u1ee7a b\u1ea1n. M\u00e1y c\u00f3 thi\u1ebft k\u1ebf nh\u1ecf g\u1ecdn, thanh l\u1ecbch v\u00e0 \u0111a d\u1ee5ng gi\u00fap ng\u01b0\u1eddi d\u00f9ng d\u1ec5 d\u00e0ng s\u1eed d\u1ee5ng, hi\u1ec7u ch\u1ec9nh v\u00e0 b\u1ea3o tr\u00ec.<\/span><\/p>\n<ul>\n<li aria-level=\"1\">\n<h3><b>C\u00f4ng su\u1ea5t l\u1edbn, ho\u1ea1t \u0111\u1ed9ng \u1ed5n \u0111\u1ecbnh:<\/b><\/h3>\n<\/li>\n<\/ul>\n<p><span style=\"font-weight: 400;\">\u0110\u00e2y l\u00e0 chi\u1ebfc m\u00e1y pha c\u00e0 ph\u00ea d\u00e0nh cho c\u00e1c qu\u00e1n c\u00e0 ph\u00ea c\u00f3 c\u00f4ng su\u1ea5t trung b\u00ecnh 100-150 ly \/ ng\u00e0y. S\u1edf h\u1eefu h\u1ec7 th\u1ed1ng xiphon nhi\u1ec7t kim phun c\u1ed1 \u0111\u1ecbnh, n\u00ean m\u00e1y c\u00f3 kh\u1ea3 n\u0103ng th\u00edch \u1ee9ng v\u00e0 hi\u1ec7u su\u1ea5t cao \u0111\u1ea3m b\u1ea3o ch\u1ea5t l\u01b0\u1ee3ng caf\u00e9 \u1ed5n \u0111\u1ecbnh. C\u1ea5u tr\u00fac \u0111\u01b0\u1ee3c l\u00e0m t\u1eeb th\u00e9p v\u00e0 nh\u00f4m, Dieci th\u1ec3 hi\u1ec7n s\u1ef1 m\u1ea1nh m\u1ebd v\u00e0 ch\u1eafc ch\u1eafn v\u01b0\u1ee3t tr\u1ed9i. Casadio Dieci A1 &#8211; 1 Group \u0111a ch\u1ee9c n\u0103ng v\u00e0 th\u00edch h\u1ee3p cho m\u1ecdi m\u00f4 h\u00ecnh kinh doanh c\u00e0 ph\u00ea \u00dd, c\u00e0 ph\u00ea take away..<\/span><\/p>\n<ul>\n<li aria-level=\"1\">\n<h3><b>H\u1ec7 th\u1ed1ng chip \u0111i\u1ec1u khi\u1ec3n th\u00f4ng minh:<\/b><\/h3>\n<\/li>\n<\/ul>\n<p><span style=\"font-weight: 400;\">\u0110\u01b0\u1ee3c trang b\u1ecb h\u1ec7 th\u1ed1ng chip \u0111i\u1ec1u khi\u1ec3n \u0111\u01b0\u1ee3c nghi\u00ean c\u1ee9u b\u1edfi t\u1eadp \u0111o\u00e0n d\u1eabn \u0111\u1ea7u v\u1ec1 m\u00e1y c\u00e0 ph\u00ea, b\u1ea1n c\u00f3 th\u1ec3 ho\u00e0n to\u00e0n an t\u00e2m v\u1ec1 hi\u1ec7u n\u0103ng do chi\u1ebfc m\u00e1y n\u00e0y mang l\u1ea1i. S\u1ea3n ph\u1ea9m th\u00f4ng minh cho ph\u00e9p ng\u01b0\u1eddi d\u00f9ng t\u00f9y ch\u1ec9nh l\u01b0\u1ee3ng n\u01b0\u1edbc theo \u00fd mu\u1ed1n cho t\u1eebng ch\u1ebf \u0111\u1ed9 \u0111\u01a1n ho\u1eb7c \u0111\u00f4i. Ch\u1ec9 sau m\u1ed9t l\u1ea7n c\u00e0i \u0111\u1eb7t, qua m\u1ed9t thao t\u00e1c b\u1ea5m n\u00fat l\u00e0 \u0111\u00e3 t\u1ea1o ra m\u1ed9t ly espresso tuy\u1ec7t v\u1eddi.<\/span><\/p>\n<ul>\n<li aria-level=\"1\">\n<h3><b>Gi\u00e1 c\u1ea3 h\u1ee3p l\u00fd:<\/b><\/h3>\n<\/li>\n<\/ul>\n<p><span style=\"font-weight: 400;\">Ch\u1ec9 t\u1eeb 54 tri\u1ec7u, b\u1ea1n \u0111\u00e3 c\u00f3 th\u1ec3 s\u1edf h\u1eefu 1 chi\u1ebfc m\u00e1y nh\u1ecf g\u1ecdn, c\u00f4ng su\u1ea5t cao cho qu\u00e1n m\u00ecnh.<\/span><\/p>\n<p>&nbsp;<\/p>\n<p><strong>Video<\/strong> <strong>Review m\u00e1y pha c\u00e0 ph\u00ea Casadio Dieci A1 &#8211; 1 Group.<\/strong><\/p>\n<div style=\"width: 960px;\" class=\"wp-video\"><!--[if lt IE 9]><script>document.createElement('video');<\/script><![endif]-->\n<video class=\"wp-video-shortcode\" id=\"video-4640-1\" width=\"960\" height=\"720\" preload=\"metadata\" controls=\"controls\"><source type=\"video\/mp4\" src=\"https:\/\/tohagroup.com\/wp-content\/uploads\/2022\/09\/301141924_3110463255951206_7367685342375274696_n.mp4?_=1\" \/><a href=\"https:\/\/tohagroup.com\/wp-content\/uploads\/2022\/09\/301141924_3110463255951206_7367685342375274696_n.mp4\">https:\/\/tohagroup.com\/wp-content\/uploads\/2022\/09\/301141924_3110463255951206_7367685342375274696_n.mp4<\/a><\/video><\/div>\n<\/div>\n<\/div>\n<hr \/>\n<h2 id=\"ftoc-heading-10\" class=\"p1 ftwp-heading\"><b>Toha Group \u2013 Cung c\u1ea5p gi\u1ea3i ph\u00e1p cho m\u1ed9t ly c\u00e0 ph\u00ea ngon<\/b><\/h2>\n<p>=&gt;&gt;\u00a0<em>Tham kh\u1ea3o th\u00f4ng tin v\u00e0 c\u00e1c s\u1ea3n ph\u1ea9m <a href=\"https:\/\/tohagroup.com\/product-category\/may-pha-ca-phe-cho-quan\/\" target=\"_blank\" rel=\"nofollow noopener\">M\u00e1y pha c\u00e0 ph\u00ea d\u00e0nh cho qu\u00e1n<\/a> t\u1ea1i website ch\u00ednh h\u00e3ng www.tohagroup.com<\/em><\/p>\n<p>\u0110\u1ec3 \u0111\u1ea3m b\u1ea3o mua <strong>M\u00e1y pha c\u00e0 ph\u00ea Casadio Dieci A1 &#8211; 1 Group<i>\u00a0<\/i><\/strong>ch\u00ednh h\u00e3ng vui l\u00f2ng t\u1edbi tr\u1ef1c ti\u1ebfp Showroom c\u1ee7a <strong>Toha Group<\/strong> tr\u00ean to\u00e0n qu\u1ed1c ho\u1eb7c \u0111\u1eb7t h\u00e0ng t\u1ea1i Website www.tohagroup.com \u2013 Ho\u1eb7c g\u1ecdi tr\u1ef1c ti\u1ebfp t\u1edbi <a href=\"tel:0867896096\" target=\"_blank\" rel=\"nofollow noopener\"><strong>Hotline: 08 6789 6096<\/strong><\/a>\u00a0\u0111\u1ec3 \u0111\u01b0\u1ee3c h\u1ed7 tr\u1ee3 \u0111\u1eb7t h\u00e0ng nhanh.<\/p>\n<p><span style=\"color: #ff0000;\"><strong>\u01afu \u0111\u00e3i:<\/strong> <\/span>Khi Qu\u00fd kh\u00e1ch h\u00e0ng theo d\u00f5i t\u1ea5t c\u1ea3 n\u1ec1n t\u1ea3ng c\u1ee7a Toha, qu\u00fd kh\u00e1ch s\u1ebd nh\u1eadn \u0111\u01b0\u1ee3c \u0111\u01b0\u1eddng d\u00e2y n\u00f3ng k\u1ebft n\u1ed1i &#8211; mua b\u00e1n &#8211; s\u1eeda ch\u1eefa, k\u00e8m theo \u0111\u00f3 l\u00e0 nhi\u1ec1u \u01b0u \u0111\u00e3i \u0111\u1eb7c bi\u1ec7t, nhi\u1ec1u ch\u01b0\u01a1ng tr\u00ecnh gi\u1ea3m gi\u00e1, v\u00e0 r\u1ea5t nhi\u1ec1u qu\u00e0 t\u1eb7ng kh\u00e1c \u0111\u1ebfn t\u1eeb Toha.<\/p>\n<h4 id=\"input_line_0\"><span id=\"input_part_0\" class=\"\" data-mention=\"Ch\u1ec9 \u0110\u01b0\u1eddng Google Map: https:\/\/g.page\/TOHACAFE?share \"><span style=\"color: #ff6600;\">Ch\u1ec9 \u0110\u01b0\u1eddng Google Map:<\/span><a href=\"https:\/\/g.page\/TOHACAFE?share\" rel=\"nofollow\" target=\"_blank\"> https:\/\/g.page\/TOHACAFE?share<\/a>\u00a0<\/span><\/h4>\n<h4 id=\"input_line_1\"><span id=\"input_part_0\" class=\"\" data-mention=\"Zalo Ch\u0103m S\u00f3c Kh\u00e1ch H\u00e0ng 24\/7: https:\/\/zalo.me\/2565949627324610829\"><span style=\"color: #ff6600;\">Zalo Ch\u0103m S\u00f3c Kh\u00e1ch H\u00e0ng 24\/7<\/span>: <a href=\"https:\/\/zalo.me\/2565949627324610829\" rel=\"nofollow noopener\" target=\"_blank\">https:\/\/zalo.me\/2565949627324610829<\/a><\/span><\/h4>\n<h4 id=\"input_line_2\"><span id=\"input_part_0\" class=\"\" data-mention=\"C\u1eadp Nh\u1eadt \u01afu \u0110\u00e3i: https:\/\/www.facebook.com\/tohagroupvn\"><span style=\"color: #ff6600;\">C\u1eadp Nh\u1eadt \u01afu \u0110\u00e3i:<\/span> <a href=\"https:\/\/www.facebook.com\/tohagroupvn\" rel=\"nofollow noopener\" target=\"_blank\">https:\/\/www.facebook.com\/tohagroupvn<\/a><\/span><\/h4>\n<p><span style=\"color: #000000;\"><b>\u0110\u1ec3 bi\u1ebft th\u00eam th\u00f4ng tin chi ti\u1ebft v\u00e0 \u0111\u1eb7t h\u00e0ng<\/b><strong>, Qu\u00fd<\/strong><b> Kh\u00e1ch xin vui l\u00f2ng li\u00ean h\u1ec7 v\u1edbi ch\u00fang t\u00f4i qua:<\/b><\/span><\/p>\n<p><span style=\"font-weight: 400;\"><strong>&#8211;<span style=\"color: #ff6600;\">\u0110\u1ecba ch\u1ec9:<\/span><\/strong> 472 \/ 17 \u0111\u01b0\u1eddng Phan Huy \u00cdch, Ph\u01b0\u1eddng 12, Qu\u1eadn G\u00f2 V\u1ea5p HCM.<\/span><\/p>\n<p><span style=\"font-weight: 400;\">\u00a0 \u00a0 \u00a0 \u00a0 \u00a0 \u00a0 \u00a0 \u00a0111-112 A1, TT H\u00e0o Nam ng\u00f5 8A, \u0111\u01b0\u1eddng V\u0169 Th\u1ea1nh, Q.\u0110\u1ed1ng \u0110a, HN.<\/span><\/p>\n<p><span style=\"font-weight: 400; color: #ff6600;\"><strong>-Hotline:<\/strong><\/span><\/p>\n<ul>\n<li><span id=\"input_part_0\" class=\"\" data-mention=\"08 6269 6096 \">08 6269 6096 <\/span><\/li>\n<li><span id=\"input_part_0\" class=\"\" data-mention=\"08 6269 6096 \">08 6769 6096 <\/span><\/li>\n<li><span id=\"input_part_0\" class=\"\" data-mention=\"08 6269 6096 \">0978 121 033<\/span><\/li>\n<\/ul>\n<p><span style=\"font-weight: 400;\"><span style=\"color: #ff6600;\"><strong>-Gmail:<\/strong><\/span> info@tohagroup.com<\/span><\/p>\n<p><span style=\"font-weight: 400;\">Xin c\u00e1m \u01a1n s\u1ef1 quan t\u00e2m c\u1ee7a Qu\u00fd Kh\u00e1ch H\u00e0ng v\u1ec1 s\u1ea3n ph\u1ea9m <strong>m\u00e1y pha c\u00e0 ph\u00ea Casadio Dieci A1 &#8211; 1 Group<\/strong><\/span><\/p>\n","protected":false},"excerpt":{"rendered":"<h4 class=\"promoadd__ttl\" style=\"text-align: left;\"><strong><i>2 \u01afU \u0110\u00c3I QU\u00c0 T\u1eb6NG<\/i><\/strong><\/h4>\n<h5 class=\"promoadd__ttl\" style=\"text-align: left;\">D\u1ef1 ki\u1ebfn \u00e1p d\u1ee5ng \u0111\u1ebfn 23:00 30\/09<\/h5>\n<div class=\"promo_BHX\">\n<div class=\"l2\">\n<ul>\n<li>\n<h6><span data-sheets-value=\"{&quot;1&quot;:2,&quot;2&quot;:&quot;T\u1eb7ng b\u1ed9 d\u1ee5ng c\u1ee5 8 m\u00f3n ( T\u1ea4T C\u1ea2 M\u00c1Y C\u0168 HAY M\u1edaI )&quot;}\" data-sheets-userformat=\"{&quot;2&quot;:30909,&quot;3&quot;:{&quot;1&quot;:0,&quot;3&quot;:1},&quot;5&quot;:{&quot;1&quot;:[{&quot;1&quot;:2,&quot;2&quot;:0,&quot;5&quot;:{&quot;1&quot;:2,&quot;2&quot;:0}},{&quot;1&quot;:0,&quot;2&quot;:0,&quot;3&quot;:3},{&quot;1&quot;:1,&quot;2&quot;:0,&quot;4&quot;:1}]},&quot;6&quot;:{&quot;1&quot;:[{&quot;1&quot;:2,&quot;2&quot;:0,&quot;5&quot;:{&quot;1&quot;:2,&quot;2&quot;:0}},{&quot;1&quot;:0,&quot;2&quot;:0,&quot;3&quot;:3},{&quot;1&quot;:1,&quot;2&quot;:0,&quot;4&quot;:1}]},&quot;7&quot;:{&quot;1&quot;:[{&quot;1&quot;:2,&quot;2&quot;:0,&quot;5&quot;:{&quot;1&quot;:2,&quot;2&quot;:0}},{&quot;1&quot;:0,&quot;2&quot;:0,&quot;3&quot;:3},{&quot;1&quot;:1,&quot;2&quot;:0,&quot;4&quot;:1}]},&quot;8&quot;:{&quot;1&quot;:[{&quot;1&quot;:2,&quot;2&quot;:0,&quot;5&quot;:{&quot;1&quot;:2,&quot;2&quot;:0}},{&quot;1&quot;:0,&quot;2&quot;:0,&quot;3&quot;:3},{&quot;1&quot;:1,&quot;2&quot;:0,&quot;4&quot;:1}]},&quot;10&quot;:1,&quot;14&quot;:{&quot;1&quot;:3,&quot;3&quot;:1},&quot;15&quot;:&quot;Times New Roman&quot;,&quot;16&quot;:11,&quot;17&quot;:1}\">T\u1eb7ng b\u1ed9 d\u1ee5ng c\u1ee5 8 m\u00f3n\u00a0<\/span><\/h6>\n<\/li>\n<li>\n<h6>Ch\u00ednh s\u00e1ch \u0111\u1ed5i tr\u1ea3 h\u00e0ng b\u1ea3o h\u00e0nh 1 \u0111\u1ed5i 1<\/h6>\n<\/li>\n<\/ul>\n<\/div>\n<\/div>\n","protected":false},"featured_media":4645,"comment_status":"open","ping_status":"closed","template":"","meta":{"om_disable_all_campaigns":false,"_mi_skip_tracking":false,"_monsterinsights_sitenote_active":false,"_monsterinsights_sitenote_note":"","_monsterinsights_sitenote_category":0},"product_cat":[45],"product_tag":[],"class_list":["post-4640","product","type-product","status-publish","has-post-thumbnail","hentry","nhom-san-pham-may-pha-ca-phe","product_cat-may-pha-ca-phe-espresso-toha-group"],"_links":{"self":[{"href":"https:\/\/tohagroup.com\/en\/wp-json\/wp\/v2\/product\/4640","targetHints":{"allow":["GET"]}}],"collection":[{"href":"https:\/\/tohagroup.com\/en\/wp-json\/wp\/v2\/product"}],"about":[{"href":"https:\/\/tohagroup.com\/en\/wp-json\/wp\/v2\/types\/product"}],"replies":[{"embeddable":true,"href":"https:\/\/tohagroup.com\/en\/wp-json\/wp\/v2\/comments?post=4640"}],"wp:featuredmedia":[{"embeddable":true,"href":"https:\/\/tohagroup.com\/en\/wp-json\/wp\/v2\/media\/4645"}],"wp:attachment":[{"href":"https:\/\/tohagroup.com\/en\/wp-json\/wp\/v2\/media?parent=4640"}],"wp:term":[{"taxonomy":"product_cat","embeddable":true,"href":"https:\/\/tohagroup.com\/en\/wp-json\/wp\/v2\/product_cat?post=4640"},{"taxonomy":"product_tag","embeddable":true,"href":"https:\/\/tohagroup.com\/en\/wp-json\/wp\/v2\/product_tag?post=4640"}],"curies":[{"name":"wp","href":"https:\/\/api.w.org\/{rel}","templated":true}]}}