{"id":4600,"date":"2022-07-26T07:31:52","date_gmt":"2022-07-26T07:31:52","guid":{"rendered":"https:\/\/demo1.thuythu.vn\/tohagroup\/?post_type=product&#038;p=4600"},"modified":"2022-12-19T14:28:18","modified_gmt":"2022-12-19T07:28:18","slug":"may-xay-ca-phe-fiorenzato-f83-e","status":"publish","type":"product","link":"https:\/\/tohagroup.com\/en\/san-pham\/may-xay-ca-phe-fiorenzato-f83-e\/","title":{"rendered":"M\u00e1y xay c\u00e0 ph\u00ea Fiorenzato F83 E"},"content":{"rendered":"<div class=\"bi6gxh9e\">\n<div class=\"bi6gxh9e\">\n<p>&nbsp;<\/p>\n<p><strong><em>Fiorenzato F83 E\u00a0<\/em><\/strong><em>l\u00e0 m\u00e1y xay cafe h\u1ea1t chuy\u00ean d\u1ee5ng cho vi\u1ec7c xay espresso, ph\u00f9 h\u1ee3p cho c\u00e1c qu\u00e1n cafe c\u00f3 quy m\u00f4 v\u1eeba v\u00e0 l\u1edbn. V\u1edbi v\u1ebb ngo\u00e0i chuy\u00ean nghi\u1ec7p, c\u00f4ng su\u1ea5t v\u01b0\u1ee3t tr\u1ed9i cho hi\u1ec7u n\u0103ng \u201c\u0111\u1ec9nh\u201d, Fiorenzato F83 E s\u1ebd l\u00e0 thi\u1ebft b\u1ecb ho\u00e0n h\u1ea3o cho qu\u00e1n cafe c\u1ee7a b\u1ea1n.<\/em><\/p>\n<p><img decoding=\"async\" class=\"aligncenter wp-image-4603 size-large\" src=\"https:\/\/tohagroup.com\/wp-content\/uploads\/2022\/07\/Fiorenzato-f83-02-01-1024x585.png\" alt=\"\" width=\"1024\" height=\"585\" srcset=\"https:\/\/tohagroup.com\/wp-content\/uploads\/2022\/07\/Fiorenzato-f83-02-01-1024x585.png 1024w, https:\/\/tohagroup.com\/wp-content\/uploads\/2022\/07\/Fiorenzato-f83-02-01-300x171.png 300w, https:\/\/tohagroup.com\/wp-content\/uploads\/2022\/07\/Fiorenzato-f83-02-01-768x439.png 768w, https:\/\/tohagroup.com\/wp-content\/uploads\/2022\/07\/Fiorenzato-f83-02-01-1536x878.png 1536w, https:\/\/tohagroup.com\/wp-content\/uploads\/2022\/07\/Fiorenzato-f83-02-01-2048x1171.png 2048w, https:\/\/tohagroup.com\/wp-content\/uploads\/2022\/07\/Fiorenzato-f83-02-01-600x343.png 600w\" sizes=\"(max-width: 1024px) 100vw, 1024px\" \/><\/p>\n<div class=\"ui-row row-fluid\">\n<div class=\"ui-column span6\">\n<div class=\"auto-format ui--animation\"><\/div>\n<\/div>\n<\/div>\n<div class=\"ui-row row-fluid\">\n<div class=\"ui-column span6\">\n<div class=\"auto-format ui--animation\">\n<h2><strong>T\u00ednh n\u0103ng ch\u00ednh c\u1ee7a m\u00e1y xay cafe h\u1ea1t Fiorenzato F83 E\u00a0\u00a0<\/strong><\/h2>\n<p>Khi nh\u1eafc \u0111\u1ebfn Fiorenzato l\u00e0 li\u00ean t\u01b0\u1edfng ngay \u0111\u1ebfn nh\u1eefng chi\u1ebfc m\u00e1y xay cafe h\u1ea1t s\u1edf h\u1eefu c\u00f4ng su\u1ea5t v\u01b0\u1ee3t tr\u1ed9i c\u00f9ng \u0111\u01b0\u1eddng k\u00ednh dao xay \u201ckh\u1ee7ng\u201d cho t\u1ed1c \u0111\u1ed9 xay h\u1ea1t c\u1ef1c nhanh. N\u1ed5i ti\u1ebfng t\u1ea1i \u00dd t\u1eeb nh\u1eefng n\u0103m 1900s. T\u00ednh \u0111\u1ebfn nay, th\u01b0\u01a1ng hi\u1ec7u Fiorenzato \u0111\u00e3 tr\u1edf n\u00ean quen thu\u1ed9c v\u1edbi ng\u01b0\u1eddi d\u00f9ng tr\u00ean kh\u1eafp Th\u1ebf Gi\u1edbi.<\/p>\n<p>N\u1ebfu b\u1ea1n v\u1eabn \u0111ang trong qu\u00e1 tr\u00ecnh t\u00ecm ki\u1ebfm m\u00e1y xay cafe h\u1ea1t cho qu\u00e1n v\u1edbi c\u00e1c ti\u00eau ch\u00ed nh\u01b0 \u0111\u1ed9 b\u1ec1n cao, xay cafe nhanh v\u00e0 v\u1ebb ngo\u00e0i h\u00e0i h\u00f2a, thanh l\u1ecbch th\u00ec m\u00e1y xay cafe h\u1ea1t Fiorenzato F83 E l\u00e0 chi\u1ebfc m\u00e1y d\u00e0nh cho b\u1ea1n.<\/p>\n<h3><strong>L\u01b0\u1ee1i dao chuy\u00ean nghi\u1ec7p d\u1ea1ng ph\u1eb3ng c\u00f3 \u0111\u01b0\u1eddng k\u00ednh kh\u1ee7ng<\/strong><\/h3>\n<p><strong>83mm\u00a0<\/strong>l\u00e0 s\u1ed1 \u0111o \u0111\u01b0\u1eddng k\u00ednh dao xay tr\u00ean F83 E \u2013\u00a0<em>m\u1ed9t con s\u1ed1 \u0111\u00e1ng g\u1eddm.\u00a0<\/em>Th\u1ef1c t\u1ebf \u0111\u00e3 cho th\u1ea5y, \u0111\u01b0\u1eddng k\u00ednh (D) l\u01b0\u1ee1i dao t\u1ec9 l\u1ec7 thu\u1eadn v\u1edbi t\u1ed1c \u0111\u1ed9 xay h\u1ea1t. T\u1ee9c D c\u00e0ng l\u1edbn th\u00ec cho t\u1ed1c \u0111\u1ed9 xay h\u1ea1t c\u00e0ng nhanh. Nh\u1edd v\u1eady, Fiorenzato F83 E c\u00f3 th\u1ec3 xay cafe h\u1ea1t v\u00f4 c\u00f9ng nhanh ch\u00f3ng, gi\u00fap t\u1ed1i \u01b0u h\u00f3a th\u1eddi gian pha ch\u1ebf nhi\u1ec1u l\u1ea7n.<\/p>\n<p>B\u00ean c\u1ea1nh \u0111\u00f3, ch\u00ednh ch\u1ea5t li\u1ec7u dao xay c\u0169ng l\u00e0 m\u1ed9t trong nh\u1eefng \u01b0u \u0111i\u1ec3m c\u1ee7a m\u00e1y. N\u1ebfu nh\u01b0 tr\u00ean c\u00e1c thi\u1ebft b\u1ecb m\u00e1y xay ph\u1ed5 th\u00f4ng kh\u00e1c, dao xay ch\u1ec9 ho\u00e0n thi\u1ec7n \u1edf ch\u1ea5t li\u1ec7u kim lo\u1ea1i th\u00e9p th\u00f4ng th\u01b0\u1eddng th\u00ec v\u1edbi Fiorenzato F83 E, ch\u1ea5t li\u1ec7u th\u00e9p si\u00eau c\u1ee9ng l\u00e0m l\u01b0\u1ee1i dao tr\u1edf n\u00ean b\u1ec1n b\u1ec9 v\u00e0 h\u1ea1n ch\u1ebf b\u1ecb m\u00e0i m\u00f2n.<\/p>\n<h3><strong>Stepped Adjustment \u2013 C\u00e0i \u0111\u1eb7t \u0111\u1ed9 m\u1ecbn b\u1ed9t c\u00e0 ph\u00ea d\u1ec5 d\u00e0ng<\/strong><\/h3>\n<p><strong>Stepped Adjustment\u00a0<\/strong>gi\u00fap b\u1ea1n c\u00e0i \u0111\u1eb7t \u0111\u1ed9 m\u1ecbn m\u1ed9t c\u00e1ch nhanh ch\u00f3ng. Ng\u01b0\u1eddi d\u00f9ng c\u00f3 th\u1ec3 d\u1ec5 d\u00e0ng t\u00ecm ra c\u1ee1 xay c\u1ee7a c\u00e0 ph\u00ea ch\u1ec9 trong m\u1ed9t th\u1eddi gian ng\u1eafn tinh ch\u1ec9nh. \u0110\u1ed9 m\u1ecbn b\u1ed9t c\u00e0 ph\u00ea c\u0169ng lu\u00f4n \u0111\u01b0\u1ee3c c\u00e1c chuy\u00ean gia \u0111\u00e1nh gi\u00e1 cao v\u1ec1 s\u1ef1 nh\u1ea5t qu\u00e1n, \u0111\u1ed3ng \u0111\u1ec1u gi\u1eefa c\u00e1c ph\u00e2n t\u1eed h\u1ea1t b\u1ed9t.<\/p>\n<h3><strong>C\u00f4ng su\u1ea5t l\u1edbn, m\u00f4-t\u01a1 kh\u1ecfe<\/strong><\/h3>\n<p>M\u00e1y xay cafe h\u1ea1t Fiorenzato F83 E cho s\u1ed1 v\u00f2ng quay (RPM) l\u00ean \u0111\u1ebfn 1350 v\u00f2ng\/1 ph\u00fat gi\u00fap m\u00e1y ho\u1ea1t \u0111\u1ed9ng v\u1edbi c\u01b0\u1eddng \u0111\u1ed9 cao trong m\u1ed9t kho\u1ea3ng th\u1eddi gian d\u00e0i. \u0110\u1ed1i v\u1edbi c\u00e1c qu\u00e1n cafe th\u01b0\u1eddng c\u00f3 s\u1ed1 l\u01b0\u1ee3ng kh\u00e1ch t\u0103ng \u0111\u1ed9t bi\u1ebfn v\u00e0o c\u00e1c gi\u1edd cao \u0111i\u1ec3m th\u00ec F83 E s\u1ebd l\u00e0 v\u1ecb c\u1ee9u tinh tuy\u1ec7t v\u1eddi.<\/p>\n<h2><strong>Nh\u1eefng t\u00ednh n\u0103ng kh\u00e1c c\u1ee7a m\u00e1y<\/strong><\/h2>\n<ul>\n<li>Khung v\u00e0 v\u1ecf m\u00e1y b\u1eb1ng ch\u1ea5t li\u1ec7u th\u00e9p kh\u00f4ng g\u1ec9 c\u1ee9ng c\u00e1p v\u00e0 ch\u1eafc ch\u1eafn<\/li>\n<li>L\u1edbp s\u01a1n x\u00e1m sang tr\u1ecdng, ph\u00f9 h\u1ee3p v\u1edbi nhi\u1ec1u kh\u00f4ng gian pha ch\u1ebf<\/li>\n<li>Ph\u1ec5u ch\u1ee9a cafe h\u1ea1t (1.5kg) b\u1eb1ng ch\u1ea5t li\u1ec7u nh\u1ef1a polycarbonate cao c\u1ea5p<\/li>\n<li>M\u00e0n h\u00ecnh c\u1ea3m \u1ee9ng th\u1eddi th\u01b0\u1ee3ng, gi\u00fap ng\u01b0\u1eddi d\u00f9ng theo d\u00f5i \u0111\u01b0\u1ee3c l\u01b0\u1ee3ng cafe ti\u00eau th\u1ee5, nhi\u1ec7t \u0111\u1ed9, th\u1eddi gian.<\/li>\n<li>Ph\u00edm b\u1ea5m \u0111\u1ecbnh l\u01b0\u1ee3ng theo gi\u00e2y cho t\u1eebng single shot &amp; double shot (c\u00f3 th\u1ec3 t\u00f9y ch\u1ec9nh).<\/li>\n<\/ul>\n<\/div>\n<\/div>\n<\/div>\n<\/div>\n<\/div>\n<hr \/>\n<h2 id=\"ftoc-heading-10\" class=\"p1 ftwp-heading\"><b>Toha Group \u2013 Cung c\u1ea5p gi\u1ea3i ph\u00e1p cho m\u1ed9t ly c\u00e0 ph\u00ea ngon<\/b><\/h2>\n<p>=&gt;&gt;\u00a0<em>Tham kh\u1ea3o th\u00f4ng tin v\u00e0 c\u00e1c s\u1ea3n ph\u1ea9m <a href=\"https:\/\/tohagroup.com\/product-category\/may-pha-ca-phe-cho-quan\/\" target=\"_blank\" rel=\"nofollow noopener\">M\u00e1y pha c\u00e0 ph\u00ea d\u00e0nh cho qu\u00e1n<\/a> t\u1ea1i website ch\u00ednh h\u00e3ng <a href=\"http:\/\/www.tohagroup.com\">www.tohagroup.com<\/a><\/em><\/p>\n<p>\u0110\u1ec3 \u0111\u1ea3m b\u1ea3o mua m\u00e1y ch\u00ednh h\u00e3ng vui l\u00f2ng t\u1edbi tr\u1ef1c ti\u1ebfp Showroom c\u1ee7a <strong>Toha Group<\/strong> tr\u00ean to\u00e0n qu\u1ed1c ho\u1eb7c \u0111\u1eb7t h\u00e0ng t\u1ea1i Website www.tohagroup.com \u2013 Ho\u1eb7c g\u1ecdi tr\u1ef1c ti\u1ebfp t\u1edbi <a href=\"tel:0867896096\" target=\"_blank\" rel=\"nofollow noopener\"><strong>Hotline: 08 6789 6096<\/strong><\/a>\u00a0\u0111\u1ec3 \u0111\u01b0\u1ee3c h\u1ed7 tr\u1ee3 \u0111\u1eb7t h\u00e0ng nhanh.<\/p>\n<p><span style=\"color: #ff0000;\"><strong>\u01afu \u0111\u00e3i:<\/strong> <\/span>Khi Qu\u00fd kh\u00e1ch h\u00e0ng theo d\u00f5i t\u1ea5t c\u1ea3 n\u1ec1n t\u1ea3ng c\u1ee7a Toha, qu\u00fd kh\u00e1ch s\u1ebd nh\u1eadn \u0111\u01b0\u1ee3c \u0111\u01b0\u1eddng d\u00e2y n\u00f3ng k\u1ebft n\u1ed1i &#8211; mua b\u00e1n &#8211; s\u1eeda ch\u1eefa, k\u00e8m theo \u0111\u00f3 l\u00e0 nhi\u1ec1u \u01b0u \u0111\u00e3i \u0111\u1eb7c bi\u1ec7t, nhi\u1ec1u ch\u01b0\u01a1ng tr\u00ecnh gi\u1ea3m gi\u00e1, v\u00e0 r\u1ea5t nhi\u1ec1u qu\u00e0 t\u1eb7ng kh\u00e1c \u0111\u1ebfn t\u1eeb Toha.<\/p>\n<h4 id=\"input_line_0\"><span id=\"input_part_0\" class=\"\" data-mention=\"Ch\u1ec9 \u0110\u01b0\u1eddng Google Map: https:\/\/g.page\/TOHACAFE?share \"><span style=\"color: #ff6600;\">Ch\u1ec9 \u0110\u01b0\u1eddng Google Map:<\/span><a href=\"https:\/\/g.page\/TOHACAFE?share\" rel=\"nofollow\" target=\"_blank\"> https:\/\/g.page\/TOHACAFE?share<\/a>\u00a0<\/span><\/h4>\n<h4 id=\"input_line_1\"><span id=\"input_part_0\" class=\"\" data-mention=\"Zalo Ch\u0103m S\u00f3c Kh\u00e1ch H\u00e0ng 24\/7: https:\/\/zalo.me\/2565949627324610829\"><span style=\"color: #ff6600;\">Zalo Ch\u0103m S\u00f3c Kh\u00e1ch H\u00e0ng 24\/7<\/span>: <a href=\"https:\/\/zalo.me\/2565949627324610829\" rel=\"nofollow noopener\" target=\"_blank\">https:\/\/zalo.me\/2565949627324610829<\/a><\/span><\/h4>\n<h4 id=\"input_line_2\"><span id=\"input_part_0\" class=\"\" data-mention=\"C\u1eadp Nh\u1eadt \u01afu \u0110\u00e3i: https:\/\/www.facebook.com\/tohagroupvn\"><span style=\"color: #ff6600;\">C\u1eadp Nh\u1eadt \u01afu \u0110\u00e3i:<\/span> <a href=\"https:\/\/www.facebook.com\/tohagroupvn\" rel=\"nofollow noopener\" target=\"_blank\">https:\/\/www.facebook.com\/tohagroupvn<\/a><\/span><\/h4>\n<p><span style=\"color: #000000;\"><b>\u0110\u1ec3 bi\u1ebft th\u00eam th\u00f4ng tin chi ti\u1ebft v\u00e0 \u0111\u1eb7t h\u00e0ng<\/b><strong>, Qu\u00fd<\/strong><b> Kh\u00e1ch xin vui l\u00f2ng li\u00ean h\u1ec7 v\u1edbi ch\u00fang t\u00f4i qua:<\/b><\/span><\/p>\n<p><span style=\"font-weight: 400;\"><strong>&#8211;<span style=\"color: #ff6600;\">\u0110\u1ecba ch\u1ec9:<\/span><\/strong> 472 \/ 17 \u0111\u01b0\u1eddng Phan Huy \u00cdch, Ph\u01b0\u1eddng 12, Qu\u1eadn G\u00f2 V\u1ea5p HCM.<\/span><\/p>\n<p><span style=\"font-weight: 400;\">\u00a0 \u00a0 \u00a0 \u00a0 \u00a0 \u00a0 \u00a0 \u00a0111-112 A1, TT H\u00e0o Nam ng\u00f5 8A, \u0111\u01b0\u1eddng V\u0169 Th\u1ea1nh, Q.\u0110\u1ed1ng \u0110a, HN.<\/span><\/p>\n<p><span style=\"font-weight: 400; color: #ff6600;\"><strong>-Hotline:<\/strong><\/span><\/p>\n<ul>\n<li><span id=\"input_part_0\" class=\"\" data-mention=\"08 6269 6096 \">08 6269 6096 <\/span><\/li>\n<li><span id=\"input_part_0\" class=\"\" data-mention=\"08 6269 6096 \">08 6769 6096 <\/span><\/li>\n<li><span id=\"input_part_0\" class=\"\" data-mention=\"08 6269 6096 \">0978 121 033<\/span><\/li>\n<\/ul>\n<p><span style=\"font-weight: 400;\"><span style=\"color: #ff6600;\"><strong>-Gmail:<\/strong><\/span> info@tohagroup.com<\/span><\/p>\n<p>&nbsp;<\/p>\n","protected":false},"excerpt":{"rendered":"<h4 class=\"promoadd__ttl\" style=\"text-align: left;\"><span style=\"color: #ff0000;\"><strong><i>\u2666 2 \u01afU \u0110\u00c3I TH\u00caM<\/i><\/strong><\/span><\/h4>\n<h5 class=\"promoadd__ttl\" style=\"text-align: left;\">D\u1ef1 ki\u1ebfn \u00e1p d\u1ee5ng \u0111\u1ebfn 23:00 30\/09<\/h5>\n<div class=\"promo_BHX\">\n<div class=\"l2\">\n<p>Mua c\u00e0 ph\u00ea v\u1edbi \u01b0u \u0111\u00e3i mua 10 t\u1eb7ng 2<\/p>\n<\/div>\n<\/div>\n<h6><i class=\"icondetail-tick\"><\/i>Gi\u1ea3m 10% gi\u00e1 M\u00e1y xay sinh t\u1ed1 v\u00e0 M\u00e1y \u00e9p khi mua k\u00e8m<i class=\"icondetail-tick\"><\/i><\/h6>\n<p>&nbsp;<\/p>\n<div class=\"ui--title ui--animation ui--title-bordered text-center\">\n<div class=\"ui--title-holder\">\n<h4 class=\"ui--title-text\"><strong><em><span style=\"color: #ff0000;\">\u2666 T\u1ea0I SAO B\u1ea0N N\u00caN CH\u1eccN S\u1ea2N PH\u1ea8M C\u1ee6A CH\u00daNG T\u00d4I<\/span><\/em><\/strong><\/h4>\n<\/div>\n<\/div>\n<div class=\"ui-row row-fluid\">\n<div class=\"ui-column span6\">\n<h6><i class=\"list-icon 14px fontawesome-ok\"><\/i>Tr\u1ef1c ti\u1ebfp nh\u1eadp kh\u1ea9u t\u1eeb nh\u00e0 m\u00e1y s\u1ea3n xu\u1ea5t<\/h6>\n<h6><i class=\"list-icon 14px fontawesome-ok\"><\/i>Nhi\u1ec1u c\u00f4ng su\u1ea5t v\u00e0 gi\u00e1 c\u1ea3 ph\u00f9 h\u1ee3p v\u1edbi t\u1eebng nhu c\u1ea7u<i class=\"list-icon 14px fontawesome-ok\"><\/i><\/h6>\n<h6><i class=\"list-icon 14px fontawesome-ok\"><\/i>\u0110\u01b0\u1ee3c chuy\u00ean gia k\u1ef9 thu\u1eadt ki\u1ec3m tra ch\u1ea5t l\u01b0\u1ee3ng<\/h6>\n<\/div>\n<div class=\"ui-column span6\">\n<h6><i class=\"list-icon 14px fontawesome-ok\"><\/i>Ch\u1ebf \u0111\u1ed9 b\u1ea3o h\u00e0nh d\u00e0i h\u1ea1n<\/h6>\n<h6><i class=\"list-icon 14px fontawesome-ok\"><\/i>Lu\u00f4n lu\u00f4n c\u00f3 s\u1eb5n linh ki\u1ec7n \u0111\u1ec3 thay th\u1ebf<\/h6>\n<h6><i class=\"list-icon 14px fontawesome-ok\"><\/i>Ch\u00ednh s\u00e1ch gi\u00e1 t\u1ed1t v\u00e0 lu\u00f4n l\u00e0 gi\u00e1 t\u1ed1t nh\u1ea5t<\/h6>\n<h6><i class=\"list-icon 14px fontawesome-ok\"><\/i>T\u01b0 v\u1ea5n ph\u00f9 h\u1ee3p v\u1edbi nhu c\u1ea7u th\u1ef1c t\u1ebf c\u1ee7a b\u1ea1n<\/h6>\n<h6><i class=\"list-icon 14px fontawesome-ok\"><\/i>X\u1eed l\u00fd s\u1ef1 c\u1ed1 v\u00e0 khi\u1ebfu n\u1ea1i ngay l\u1eadp t\u1ee9c<\/h6>\n<h6><i class=\"list-icon 14px fontawesome-ok\"><\/i>T\u01b0 v\u1ea5n nhi\u1ec1u h\u01a1n cho c\u00f4ng vi\u1ec7c kinh doanh c\u1ee7a b\u1ea1n<\/h6>\n<\/div>\n<\/div>\n","protected":false},"featured_media":4601,"comment_status":"open","ping_status":"closed","template":"","meta":{"om_disable_all_campaigns":false,"_mi_skip_tracking":false,"_monsterinsights_sitenote_active":false,"_monsterinsights_sitenote_note":"","_monsterinsights_sitenote_category":0},"product_cat":[58],"product_tag":[],"class_list":["post-4600","product","type-product","status-publish","has-post-thumbnail","hentry","nhom-san-pham-may-xay-ca-phe","product_cat-may-xay-cafe"],"_links":{"self":[{"href":"https:\/\/tohagroup.com\/en\/wp-json\/wp\/v2\/product\/4600","targetHints":{"allow":["GET"]}}],"collection":[{"href":"https:\/\/tohagroup.com\/en\/wp-json\/wp\/v2\/product"}],"about":[{"href":"https:\/\/tohagroup.com\/en\/wp-json\/wp\/v2\/types\/product"}],"replies":[{"embeddable":true,"href":"https:\/\/tohagroup.com\/en\/wp-json\/wp\/v2\/comments?post=4600"}],"wp:featuredmedia":[{"embeddable":true,"href":"https:\/\/tohagroup.com\/en\/wp-json\/wp\/v2\/media\/4601"}],"wp:attachment":[{"href":"https:\/\/tohagroup.com\/en\/wp-json\/wp\/v2\/media?parent=4600"}],"wp:term":[{"taxonomy":"product_cat","embeddable":true,"href":"https:\/\/tohagroup.com\/en\/wp-json\/wp\/v2\/product_cat?post=4600"},{"taxonomy":"product_tag","embeddable":true,"href":"https:\/\/tohagroup.com\/en\/wp-json\/wp\/v2\/product_tag?post=4600"}],"curies":[{"name":"wp","href":"https:\/\/api.w.org\/{rel}","templated":true}]}}