{"id":4527,"date":"2022-07-20T07:21:17","date_gmt":"2022-07-20T07:21:17","guid":{"rendered":"https:\/\/demo1.thuythu.vn\/tohagroup\/?post_type=product&#038;p=4527"},"modified":"2022-12-19T14:07:07","modified_gmt":"2022-12-19T07:07:07","slug":"may-pha-ca-phe-la-cimbali-m27-re-2group","status":"publish","type":"product","link":"https:\/\/tohagroup.com\/en\/san-pham\/may-pha-ca-phe-la-cimbali-m27-re-2group\/","title":{"rendered":"M\u00e1y pha c\u00e0 ph\u00ea La Cimbali M27 RE 2Group"},"content":{"rendered":"<h4 class=\"character-count tlid-character-count\"><strong>La Cimbali<\/strong>\u00a0\u0111\u00e3 s\u1ea3n xu\u1ea5t m\u00e1y pha c\u00e0 ph\u00ea chuy\u00ean nghi\u1ec7p pha Espresso v\u00e0 Cappuccino t\u1eeb n\u0103m 1912.<\/h4>\n<p class=\"character-count tlid-character-count\">Ho\u1ea1t \u0111\u1ed9ng t\u1ea1i h\u01a1n 100 qu\u1ed1c gia v\u00e0 xu\u1ea5t kh\u1ea9u h\u01a1n 70% s\u1ea3n ph\u1ea9m m\u00e1y pha c\u00e0 ph\u00ea ra th\u1ebf gi\u1edbi. T\u1eadp \u0111o\u00e0n hi\u1ec7n c\u00f3 700 nh\u00e0 ph\u00e2n ph\u1ed1i v\u00e0 c\u00e1c c\u00f4ng ty con t\u1ea1i \u00dd, Ph\u00e1p, T\u00e2y Ban Nha, \u0110\u1ee9c, Anh v\u00e0 M\u1ef9,\u2026<\/p>\n<p>C\u00e1c d\u00f2ng m\u00e1y c\u1ee7a La Cimbali th\u00e2n thi\u1ec7n v\u1edbi ng\u01b0\u1eddi d\u00f9ng v\u00ec v\u1eadn h\u00e0nh kh\u00e1 \u0111\u01a1n gi\u1ea3n. K\u1ebft h\u1ee3p v\u1edbi h\u1ec7 th\u1ed1ng n\u00e9n thu\u1ef7 l\u1ef1c t\u1ef1 \u0111\u1ed9ng. M\u00e1y chi\u1ebft xu\u1ea5t \u0111\u01b0\u1ee3c h\u1ebft m\u1ecdi tinh tu\u00fd trong c\u00e0 ph\u00ea ch\u1ec9 sau 25 gi\u00e2y. La Cimbali v\u1edbi b\u1ec1 d\u1ea7y trong l\u1ecbch s\u1eed m\u00e1y pha c\u00e0 ph\u00ea, x\u1ee9ng \u0111\u00e1ng l\u00e0 th\u01b0\u01a1ng hi\u1ec7u huy\u1ec1n tho\u1ea1i g\u00f3p ph\u1ea7n t\u1ea1o n\u00ean v\u0103n h\u00f3a Espresso \u00dd tr\u00ean kh\u1eafp th\u1ebf gi\u1edbi.<\/p>\n<p>&nbsp;<\/p>\n<div id=\"tagline-1\" class=\"ui--tagline-box ui-row clearfix ui--tagline-box-custom-color radius-3px\" data-responsive=\"{&quot;css&quot;:{&quot;min-height&quot;:{&quot;phone&quot;:&quot;auto&quot;,&quot;tablet&quot;:&quot;auto&quot;,&quot;widescreen&quot;:&quot;&quot;}}}\">\n<div class=\"ui--tagline-content\">\n<div class=\"ui-row row-fluid\">\n<div class=\"ui-column span6\">\n<div class=\"auto-format ui--animation\">\n<p><strong>Thi\u1ebft k\u1ebf sang tr\u1ecdng v\u00e0 ch\u1eafc ch\u1eafn t\u1eeb th\u00e9p kh\u00f4ng g\u1ec9<\/strong><\/p>\n<p>Th\u00e9p kh\u00f4ng g\u1ec9 l\u00e0 ch\u1ea5t li\u1ec7u \u0111\u01b0\u1ee3c l\u1ef1a ch\u1ecdn \u0111\u1ec3 c\u1ea5u t\u1ea1o n\u00ean m\u00e1y La Cimbali M27 A2. Ch\u1ea5t li\u1ec7u kh\u00f4ng b\u1ecb m\u00e0i m\u00f2n v\u00e0 kh\u00f4ng b\u1ecb g\u1ec9 s\u00e9t sau th\u1eddi gian d\u00e0i l\u00e0m vi\u1ec7c, Cimbali M27 lu\u00f4n mang \u0111\u1ebfn nh\u1eefng t\u00e1ch c\u00e0 ph\u00ea tuy\u1ec7t h\u1ea3o nh\u1ea5t v\u00e0 an to\u00e0n cho s\u1ee9c kh\u1ecfe kh\u00e1ch h\u00e0ng.<br \/>\nB\u00ean c\u1ea1nh \u0111\u00f3, m\u00e0u s\u1eafc s\u00e1ng b\u1ea1c c\u1ee7a ch\u1ea5t li\u1ec7u c\u00f9ng v\u1edbi l\u1edbp v\u1ecf nh\u00f4m b\u00ean ngo\u00e0i g\u00f3p ph\u1ea7n t\u0103ng th\u00eam v\u1ebb \u0111\u1eb9p cho m\u00e1y, c\u0169ng nh\u01b0 gi\u00fap kh\u00f4ng gian b\u00ean trong c\u1eeda h\u00e0ng tr\u1edf n\u00ean sang tr\u1ecdng v\u00e0 thanh l\u1ecbch h\u01a1n.<\/p>\n<\/div>\n<\/div>\n<\/div>\n<\/div>\n<\/div>\n<div class=\"ui--tagline-box-wrapper ui--animation clearfix\">\n<div id=\"tagline-2\" class=\"ui--tagline-box ui-row clearfix ui--tagline-box-custom-color radius-3px\" data-responsive=\"{&quot;css&quot;:{&quot;min-height&quot;:{&quot;phone&quot;:&quot;auto&quot;,&quot;tablet&quot;:&quot;auto&quot;,&quot;widescreen&quot;:&quot;&quot;}}}\">\n<div class=\"ui--tagline-content\">\n<div class=\"ui-row row-fluid\">\n<div class=\"ui-column span6\">\n<div class=\"auto-format ui--animation\">\n<p><strong>H\u1ec7 th\u1ed1ng c\u00e2n b\u1eb1ng nhi\u1ec7t \u1ed5n \u0111\u1ecbnh<\/strong><\/p>\n<p>Nhi\u1ec7t \u0111\u1ed9 c\u1ee7a n\u01b0\u1edbc d\u00f9ng \u0111\u1ec3 pha ch\u1ebf l\u00e0 m\u1ed9t trong nh\u1eefng y\u1ebfu t\u1ed1 \u1ea3nh h\u01b0\u1edfng tr\u1ef1c ti\u1ebfp \u0111\u1ebfn ch\u1ea5t l\u01b0\u1ee3ng c\u1ee7a t\u00e1ch espresso. N\u1ebfu nhi\u1ec7t \u0111\u1ed9 kh\u00f4ng n\u1eb1m trong ng\u01b0\u1ee1ng ti\u00eau chu\u1ea9n th\u00ec t\u00e1ch espresso s\u1ebd b\u1ecb m\u1ea5t h\u01b0\u01a1ng v\u1ecb, ch\u00ednh v\u00ec v\u1eady m\u00e1y pha c\u00e0 ph\u00ea c\u1ea7n \u0111\u01b0\u1ee3c trang b\u1ecb h\u1ec7 th\u1ed1ng c\u00e2n b\u1eb1ng nhi\u1ec7t \u1ed5n \u0111\u1ecbnh.<br \/>\nLa Cimbali M27 v\u1edbi h\u1ec7 th\u1ed1ng c\u00e2n b\u1eb1ng nhi\u1ec7t \u1ed5n \u0111\u1ecbnh, b\u1ea1n s\u1ebd c\u00f3 \u0111\u01b0\u1ee3c nh\u1eefng t\u00e1ch espresso v\u1edbi h\u01b0\u01a1ng v\u1ecb th\u01a1m ngon h\u01a1n so v\u1edbi khi s\u1eed d\u1ee5ng<\/p>\n<p><img decoding=\"async\" class=\"aligncenter wp-image-4532 size-large\" src=\"https:\/\/tohagroup.com\/wp-content\/uploads\/2022\/07\/la-cimbali-m27-03-1024x585.png\" alt=\"\" width=\"1024\" height=\"585\" srcset=\"https:\/\/tohagroup.com\/wp-content\/uploads\/2022\/07\/la-cimbali-m27-03-1024x585.png 1024w, https:\/\/tohagroup.com\/wp-content\/uploads\/2022\/07\/la-cimbali-m27-03-300x171.png 300w, https:\/\/tohagroup.com\/wp-content\/uploads\/2022\/07\/la-cimbali-m27-03-768x439.png 768w, https:\/\/tohagroup.com\/wp-content\/uploads\/2022\/07\/la-cimbali-m27-03-1536x878.png 1536w, https:\/\/tohagroup.com\/wp-content\/uploads\/2022\/07\/la-cimbali-m27-03-2048x1171.png 2048w, https:\/\/tohagroup.com\/wp-content\/uploads\/2022\/07\/la-cimbali-m27-03-600x343.png 600w\" sizes=\"(max-width: 1024px) 100vw, 1024px\" \/><\/p>\n<div class=\"ui-row row-fluid\">\n<div class=\"ui-column span6\">\n<div class=\"auto-format ui--animation\">\n<p><strong>Pha c\u00e0 ph\u00ea c\u1ef1c nhanh v\u1edbi hai b\u1ed9 l\u1ecdc<\/strong><\/p>\n<p>La Cimbali M27 \u0111\u01b0\u1ee3c trang b\u1ecb hai b\u1ed9 l\u1ecdc gi\u00fap n\u00e2ng cao hi\u1ec7u su\u1ea5t pha c\u00e0 ph\u00ea, v\u1edbi chi\u1ebfc m\u00e1y n\u00e0y b\u1ea1n c\u00f3 th\u1ec3 pha \u0111\u01b0\u1ee3c t\u1eeb 200 \u2013 300 t\u00e1ch caf\u00e9 m\u1ed7i gi\u1edd m\u00e0 v\u1eabn \u0111\u1ea3m b\u1ea3o ch\u1ea5t l\u01b0\u1ee3ng \u0111\u1ed3ng \u0111\u1ec1u c\u1ee7a m\u1ed7i ly c\u00e0 ph\u00ea. Ch\u00ednh v\u00ec v\u1eady M27 l\u00e0 s\u1ef1 l\u1ef1a ch\u1ecdn ho\u00e0n h\u1ea3o d\u00e0nh cho nh\u1eefng qu\u00e1n c\u00f3 quy m\u00f4 l\u1edbn v\u00e0 l\u01b0\u1ee3ng kh\u00e1ch \u0111\u00f4ng.<\/p>\n<\/div>\n<\/div>\n<\/div>\n<div class=\"ui-row row-fluid\">\n<div class=\"ui-column span6\">\n<div class=\"auto-format ui--animation\">\n<p><strong>H\u1ec7 th\u1ed1ng c\u00e2n b\u1eb1ng nhi\u1ec7t ti\u00eau chu\u1ea9n<\/strong><\/p>\n<p>C\u00e1c nh\u00e0 nghi\u00ean c\u1ee9u c\u1ee7a th\u01b0\u01a1ng hi\u1ec7u La Cimbali \u0111\u00e3 \u0111\u01b0\u1ee3c c\u1ea5p b\u1eb1ng s\u00e1ng ch\u1ebf b\u1edfi ph\u00e1t minh v\u1ec1 h\u1ec7 th\u1ed1ng c\u00e2n b\u1eb1ng nhi\u1ec7t hi\u1ec7u chu\u1ea9n b\u00ean trong m\u00e1y pha c\u00e0 ph\u00ea. H\u1ec7 th\u1ed1ng n\u00e0y cho ph\u00e9p \u0111i\u1ec1u ch\u1ec9nh nhi\u1ec7t \u0111\u1ed9 \u1edf m\u1ed7i group \u0111\u1ec3 b\u1ea1n c\u00f3 th\u1ec3 d\u1ec5 d\u00e0ng pha \u0111\u01b0\u1ee3c nh\u1eefng ly cafe ho\u00e0n h\u1ea3o cho nh\u1eefng th\u00f3i quen th\u01b0\u1edfng th\u1ee9c kh\u00e1c nhau.<\/p>\n<div class=\"ui--tagline-content\">\n<div class=\"ui-row row-fluid\">\n<div class=\"ui-column span6\">\n<div class=\"auto-format ui--animation\">\n<p><strong>C\u00f4ng ngh\u1ec7 n\u1ed3i h\u01a1i th\u00f4ng minh<\/strong><\/p>\n<p>M\u00e1y \u0111\u01b0\u1ee3c trang b\u1ecb h\u1ec7 th\u1ed1ng n\u1ed3i h\u01a1i th\u00f4ng minh gi\u00fap gia t\u0103ng \u0111\u00e1ng k\u1ec3 c\u00e1c c\u1ea5p \u0111\u1ed9 ho\u1ea1t \u0111\u1ed9ng c\u1ee7a n\u01b0\u1edbc n\u00f3ng v\u00e0 h\u01a1i n\u01b0\u1edbc trong khi t\u1ed1i \u01b0u h\u00f3a m\u1ef1c n\u01b0\u1edbc trong n\u1ed3i h\u01a1i v\u00e0 \u0111\u1ea3m b\u1ea3o c\u00e2n b\u1eb1ng nhi\u1ec7t cho k\u1ebft qu\u1ea3 lu\u00f4n ho\u00e0n h\u1ea3o ngay c\u1ea3 trong \u0111i\u1ec1u ki\u1ec7n \u0111\u01b0\u1ee3c s\u1eed d\u1ee5ng t\u1ed1i \u0111a.<\/p>\n<p><img decoding=\"async\" class=\"aligncenter wp-image-4536 size-large\" src=\"https:\/\/tohagroup.com\/wp-content\/uploads\/2022\/07\/la-cimbali-m27-06-1024x585.png\" alt=\"\" width=\"1024\" height=\"585\" srcset=\"https:\/\/tohagroup.com\/wp-content\/uploads\/2022\/07\/la-cimbali-m27-06-1024x585.png 1024w, https:\/\/tohagroup.com\/wp-content\/uploads\/2022\/07\/la-cimbali-m27-06-300x171.png 300w, https:\/\/tohagroup.com\/wp-content\/uploads\/2022\/07\/la-cimbali-m27-06-768x439.png 768w, https:\/\/tohagroup.com\/wp-content\/uploads\/2022\/07\/la-cimbali-m27-06-1536x878.png 1536w, https:\/\/tohagroup.com\/wp-content\/uploads\/2022\/07\/la-cimbali-m27-06-2048x1170.png 2048w, https:\/\/tohagroup.com\/wp-content\/uploads\/2022\/07\/la-cimbali-m27-06-600x343.png 600w\" sizes=\"(max-width: 1024px) 100vw, 1024px\" \/><\/p>\n<p>&nbsp;<\/p>\n<\/div>\n<\/div>\n<\/div>\n<\/div>\n<\/div>\n<\/div>\n<\/div>\n<\/div>\n<\/div>\n<\/div>\n<\/div>\n<\/div>\n<\/div>\n<hr \/>\n<h2 id=\"ftoc-heading-10\" class=\"p1 ftwp-heading\"><b>Toha Group \u2013 Cung c\u1ea5p gi\u1ea3i ph\u00e1p cho m\u1ed9t ly c\u00e0 ph\u00ea ngon<\/b><\/h2>\n<p>=&gt;&gt;\u00a0<em>Tham kh\u1ea3o th\u00f4ng tin v\u00e0 c\u00e1c s\u1ea3n ph\u1ea9m <a href=\"https:\/\/tohagroup.com\/product-category\/may-pha-ca-phe-cho-quan\/\" target=\"_blank\" rel=\"nofollow noopener\">M\u00e1y pha c\u00e0 ph\u00ea d\u00e0nh cho qu\u00e1n<\/a> t\u1ea1i website ch\u00ednh h\u00e3ng <a href=\"http:\/\/www.tohagroup.com\">www.tohagroup.com<\/a><\/em><\/p>\n<p>\u0110\u1ec3 \u0111\u1ea3m b\u1ea3o mua m\u00e1y ch\u00ednh h\u00e3ng vui l\u00f2ng t\u1edbi tr\u1ef1c ti\u1ebfp Showroom c\u1ee7a <strong>Toha Group<\/strong> tr\u00ean to\u00e0n qu\u1ed1c ho\u1eb7c \u0111\u1eb7t h\u00e0ng t\u1ea1i Website www.tohagroup.com \u2013 Ho\u1eb7c g\u1ecdi tr\u1ef1c ti\u1ebfp t\u1edbi <a href=\"tel:0867896096\" target=\"_blank\" rel=\"nofollow noopener\"><strong>Hotline: 08 6789 6096<\/strong><\/a>\u00a0\u0111\u1ec3 \u0111\u01b0\u1ee3c h\u1ed7 tr\u1ee3 \u0111\u1eb7t h\u00e0ng nhanh.<\/p>\n<p><span style=\"color: #ff0000;\"><strong>\u01afu \u0111\u00e3i:<\/strong> <\/span>Khi Qu\u00fd kh\u00e1ch h\u00e0ng theo d\u00f5i t\u1ea5t c\u1ea3 n\u1ec1n t\u1ea3ng c\u1ee7a Toha, qu\u00fd kh\u00e1ch s\u1ebd nh\u1eadn \u0111\u01b0\u1ee3c \u0111\u01b0\u1eddng d\u00e2y n\u00f3ng k\u1ebft n\u1ed1i &#8211; mua b\u00e1n &#8211; s\u1eeda ch\u1eefa, k\u00e8m theo \u0111\u00f3 l\u00e0 nhi\u1ec1u \u01b0u \u0111\u00e3i \u0111\u1eb7c bi\u1ec7t, nhi\u1ec1u ch\u01b0\u01a1ng tr\u00ecnh gi\u1ea3m gi\u00e1, v\u00e0 r\u1ea5t nhi\u1ec1u qu\u00e0 t\u1eb7ng kh\u00e1c \u0111\u1ebfn t\u1eeb Toha.<\/p>\n<h4 id=\"input_line_0\"><span id=\"input_part_0\" class=\"\" data-mention=\"Ch\u1ec9 \u0110\u01b0\u1eddng Google Map: https:\/\/g.page\/TOHACAFE?share \"><span style=\"color: #ff6600;\">Ch\u1ec9 \u0110\u01b0\u1eddng Google Map:<\/span><a href=\"https:\/\/g.page\/TOHACAFE?share\" rel=\"nofollow\" target=\"_blank\"> https:\/\/g.page\/TOHACAFE?share<\/a>\u00a0<\/span><\/h4>\n<h4 id=\"input_line_1\"><span id=\"input_part_0\" class=\"\" data-mention=\"Zalo Ch\u0103m S\u00f3c Kh\u00e1ch H\u00e0ng 24\/7: https:\/\/zalo.me\/2565949627324610829\"><span style=\"color: #ff6600;\">Zalo Ch\u0103m S\u00f3c Kh\u00e1ch H\u00e0ng 24\/7<\/span>: <a href=\"https:\/\/zalo.me\/2565949627324610829\" rel=\"nofollow noopener\" target=\"_blank\">https:\/\/zalo.me\/2565949627324610829<\/a><\/span><\/h4>\n<h4 id=\"input_line_2\"><span id=\"input_part_0\" class=\"\" data-mention=\"C\u1eadp Nh\u1eadt \u01afu \u0110\u00e3i: https:\/\/www.facebook.com\/tohagroupvn\"><span style=\"color: #ff6600;\">C\u1eadp Nh\u1eadt \u01afu \u0110\u00e3i:<\/span> <a href=\"https:\/\/www.facebook.com\/tohagroupvn\" rel=\"nofollow noopener\" target=\"_blank\">https:\/\/www.facebook.com\/tohagroupvn<\/a><\/span><\/h4>\n<p><span style=\"color: #000000;\"><b>\u0110\u1ec3 bi\u1ebft th\u00eam th\u00f4ng tin chi ti\u1ebft v\u00e0 \u0111\u1eb7t h\u00e0ng<\/b><strong>, Qu\u00fd<\/strong><b> Kh\u00e1ch xin vui l\u00f2ng li\u00ean h\u1ec7 v\u1edbi ch\u00fang t\u00f4i qua:<\/b><\/span><\/p>\n<p><span style=\"font-weight: 400;\"><strong>&#8211;<span style=\"color: #ff6600;\">\u0110\u1ecba ch\u1ec9:<\/span><\/strong> 472 \/ 17 \u0111\u01b0\u1eddng Phan Huy \u00cdch, Ph\u01b0\u1eddng 12, Qu\u1eadn G\u00f2 V\u1ea5p HCM.<\/span><\/p>\n<p><span style=\"font-weight: 400;\">\u00a0 \u00a0 \u00a0 \u00a0 \u00a0 \u00a0 \u00a0 \u00a0111-112 A1, TT H\u00e0o Nam ng\u00f5 8A, \u0111\u01b0\u1eddng V\u0169 Th\u1ea1nh, Q.\u0110\u1ed1ng \u0110a, HN.<\/span><\/p>\n<p><span style=\"font-weight: 400; color: #ff6600;\"><strong>-Hotline:<\/strong><\/span><\/p>\n<ul>\n<li><span id=\"input_part_0\" class=\"\" data-mention=\"08 6269 6096 \">08 6269 6096 <\/span><\/li>\n<li><span id=\"input_part_0\" class=\"\" data-mention=\"08 6269 6096 \">08 6769 6096 <\/span><\/li>\n<li><span id=\"input_part_0\" class=\"\" data-mention=\"08 6269 6096 \">0978 121 033<\/span><\/li>\n<\/ul>\n<p><span style=\"font-weight: 400;\"><span style=\"color: #ff6600;\"><strong>-Gmail:<\/strong><\/span> info@tohagroup.com<\/span><\/p>\n<p>&nbsp;<\/p>\n<p>&nbsp;<\/p>\n","protected":false},"excerpt":{"rendered":"<h4 class=\"promoadd__ttl\" style=\"text-align: left;\"><strong><i>2 \u01afU \u0110\u00c3I QU\u00c0 T\u1eb6NG<\/i><\/strong><\/h4>\n<h5 class=\"promoadd__ttl\" style=\"text-align: left;\">D\u1ef1 ki\u1ebfn \u00e1p d\u1ee5ng \u0111\u1ebfn 23:00 30\/09<\/h5>\n<div class=\"promo_BHX\">\n<div class=\"l2\">\n<ul>\n<li>\n<h6><span data-sheets-value=\"{&quot;1&quot;:2,&quot;2&quot;:&quot;T\u1eb7ng b\u1ed9 d\u1ee5ng c\u1ee5 8 m\u00f3n ( T\u1ea4T C\u1ea2 M\u00c1Y C\u0168 HAY M\u1edaI )&quot;}\" data-sheets-userformat=\"{&quot;2&quot;:30909,&quot;3&quot;:{&quot;1&quot;:0,&quot;3&quot;:1},&quot;5&quot;:{&quot;1&quot;:[{&quot;1&quot;:2,&quot;2&quot;:0,&quot;5&quot;:{&quot;1&quot;:2,&quot;2&quot;:0}},{&quot;1&quot;:0,&quot;2&quot;:0,&quot;3&quot;:3},{&quot;1&quot;:1,&quot;2&quot;:0,&quot;4&quot;:1}]},&quot;6&quot;:{&quot;1&quot;:[{&quot;1&quot;:2,&quot;2&quot;:0,&quot;5&quot;:{&quot;1&quot;:2,&quot;2&quot;:0}},{&quot;1&quot;:0,&quot;2&quot;:0,&quot;3&quot;:3},{&quot;1&quot;:1,&quot;2&quot;:0,&quot;4&quot;:1}]},&quot;7&quot;:{&quot;1&quot;:[{&quot;1&quot;:2,&quot;2&quot;:0,&quot;5&quot;:{&quot;1&quot;:2,&quot;2&quot;:0}},{&quot;1&quot;:0,&quot;2&quot;:0,&quot;3&quot;:3},{&quot;1&quot;:1,&quot;2&quot;:0,&quot;4&quot;:1}]},&quot;8&quot;:{&quot;1&quot;:[{&quot;1&quot;:2,&quot;2&quot;:0,&quot;5&quot;:{&quot;1&quot;:2,&quot;2&quot;:0}},{&quot;1&quot;:0,&quot;2&quot;:0,&quot;3&quot;:3},{&quot;1&quot;:1,&quot;2&quot;:0,&quot;4&quot;:1}]},&quot;10&quot;:1,&quot;14&quot;:{&quot;1&quot;:3,&quot;3&quot;:1},&quot;15&quot;:&quot;Times New Roman&quot;,&quot;16&quot;:11,&quot;17&quot;:1}\">T\u1eb7ng b\u1ed9 d\u1ee5ng c\u1ee5 8 m\u00f3n\u00a0<\/span><\/h6>\n<\/li>\n<li>\n<h6>Ch\u00ednh s\u00e1ch \u0111\u1ed5i tr\u1ea3 h\u00e0ng b\u1ea3o h\u00e0nh 1 \u0111\u1ed5i 1<\/h6>\n<\/li>\n<\/ul>\n<\/div>\n<\/div>\n","protected":false},"featured_media":4528,"comment_status":"open","ping_status":"closed","template":"","meta":{"om_disable_all_campaigns":false,"_mi_skip_tracking":false,"_monsterinsights_sitenote_active":false,"_monsterinsights_sitenote_note":"","_monsterinsights_sitenote_category":0},"product_cat":[45],"product_tag":[],"class_list":["post-4527","product","type-product","status-publish","has-post-thumbnail","hentry","nhom-san-pham-may-pha-ca-phe","product_cat-may-pha-ca-phe-espresso-toha-group"],"_links":{"self":[{"href":"https:\/\/tohagroup.com\/en\/wp-json\/wp\/v2\/product\/4527","targetHints":{"allow":["GET"]}}],"collection":[{"href":"https:\/\/tohagroup.com\/en\/wp-json\/wp\/v2\/product"}],"about":[{"href":"https:\/\/tohagroup.com\/en\/wp-json\/wp\/v2\/types\/product"}],"replies":[{"embeddable":true,"href":"https:\/\/tohagroup.com\/en\/wp-json\/wp\/v2\/comments?post=4527"}],"wp:featuredmedia":[{"embeddable":true,"href":"https:\/\/tohagroup.com\/en\/wp-json\/wp\/v2\/media\/4528"}],"wp:attachment":[{"href":"https:\/\/tohagroup.com\/en\/wp-json\/wp\/v2\/media?parent=4527"}],"wp:term":[{"taxonomy":"product_cat","embeddable":true,"href":"https:\/\/tohagroup.com\/en\/wp-json\/wp\/v2\/product_cat?post=4527"},{"taxonomy":"product_tag","embeddable":true,"href":"https:\/\/tohagroup.com\/en\/wp-json\/wp\/v2\/product_tag?post=4527"}],"curies":[{"name":"wp","href":"https:\/\/api.w.org\/{rel}","templated":true}]}}