{"id":4522,"date":"2022-07-20T02:37:39","date_gmt":"2022-07-20T02:37:39","guid":{"rendered":"https:\/\/demo1.thuythu.vn\/tohagroup\/?post_type=product&#038;p=4522"},"modified":"2022-12-19T14:06:31","modified_gmt":"2022-12-19T07:06:31","slug":"may-pha-ca-phe-rancilio-9s","status":"publish","type":"product","link":"https:\/\/tohagroup.com\/en\/san-pham\/may-pha-ca-phe-rancilio-9s\/","title":{"rendered":"M\u00e1y pha c\u00e0 ph\u00ea Rancilio 9S (m\u1edbi 85% &#8211; 95%)"},"content":{"rendered":"<p><strong>Rancilio<\/strong> l\u00e0 \u0111\u1ea1i s\u1ee9 cho nh\u00e3n hi\u1ec7u m\u00e1y pha c\u00e0 ph\u00ea MADE IN ITALY tr\u00ean to\u00e0n th\u1ebf gi\u1edbi. Tr\u1ef1c thu\u1ed9c T\u1eadp \u0111o\u00e0n Ali \u2013 \u0111\u01a1n v\u1ecb cung c\u1ea5p m\u00e1y m\u00f3c, thi\u1ebft b\u1ecb ng\u00e0nh F&amp;B l\u1edbn nh\u1ea5t Ch\u00e2u \u00c2u. V\u1edbi chu\u1ed7i m\u00e1y pha c\u00e0 ph\u00ea truy\u1ec1n th\u1ed1ng, t\u1ef1 \u0111\u1ed9ng, m\u00e1y xay c\u00e0 ph\u00ea c\u01a1, m\u00e1y xay \u0111ii\u1ec7n t\u1eed,\u2026 Qua nhi\u1ec1u n\u0103m t\u00edch c\u1ef1c ho\u1ea1t \u0111\u1ed9ng s\u1ea3n xu\u1ea5t kinh doanh,\u00a0Rancilio \u0111\u00e3 tr\u1edf th\u00e0nh m\u1ed9t trong nh\u1eefng c\u00f4ng ty \u0111\u01b0\u1ee3c \u0111\u00e1nh gi\u00e1 cao nh\u1ea5t tr\u00ean tr\u01b0\u1eddng qu\u1ed1c t\u1ebf.\u00a0H\u00e3ng li\u00ean t\u1ee5c\u00a0\u0111\u1ea1t \u0111\u01b0\u1ee3c nhi\u1ec1u ch\u1ee9ng nh\u1eadn ISO 9001, ISO 14001 v\u00e0 ISO 18001, l\u00e0 s\u1ef1 l\u1ef1a ch\u1ecdn \u0111\u00e1ng tin c\u1eady cho ng\u01b0\u1eddi ti\u00eau d\u00f9ng.<\/p>\n<p><img decoding=\"async\" class=\"aligncenter wp-image-4523 size-large\" src=\"https:\/\/tohagroup.com\/wp-content\/uploads\/2022\/07\/Rancilio-Classe-9-USB-A2-01-01-1024x585.png\" alt=\"\" width=\"1024\" height=\"585\" srcset=\"https:\/\/tohagroup.com\/wp-content\/uploads\/2022\/07\/Rancilio-Classe-9-USB-A2-01-01-1024x585.png 1024w, https:\/\/tohagroup.com\/wp-content\/uploads\/2022\/07\/Rancilio-Classe-9-USB-A2-01-01-300x171.png 300w, https:\/\/tohagroup.com\/wp-content\/uploads\/2022\/07\/Rancilio-Classe-9-USB-A2-01-01-768x439.png 768w, https:\/\/tohagroup.com\/wp-content\/uploads\/2022\/07\/Rancilio-Classe-9-USB-A2-01-01-1536x878.png 1536w, https:\/\/tohagroup.com\/wp-content\/uploads\/2022\/07\/Rancilio-Classe-9-USB-A2-01-01-2048x1171.png 2048w, https:\/\/tohagroup.com\/wp-content\/uploads\/2022\/07\/Rancilio-Classe-9-USB-A2-01-01-600x343.png 600w\" sizes=\"(max-width: 1024px) 100vw, 1024px\" \/><\/p>\n<p>&nbsp;<\/p>\n<p>Classe 9 l\u00e0 m\u1ed9t s\u1ef1 k\u1ebft h\u1ee3p ho\u00e0n h\u1ea3o c\u1ee7a thi\u1ebft k\u1ebf phong c\u00e1ch v\u00e0 c\u00f4ng ngh\u1ec7 xu\u1ea5t s\u1eafc. S\u1ea3n ph\u1ea9m n\u00e0y \u0111\u00e3 \u0111\u01b0\u1ee3c t\u1ea1o ra s\u1eed d\u1ee5ng c\u00f4ng ngh\u1ec7 ti\u00ean ti\u1ebfn nh\u1ea5t c\u1ee7a RANCILIO LAB, v\u00e0 \u0111\u00e3 thi\u1ebft l\u1eadp m\u1ed9t chu\u1ea9n m\u1ef1c m\u1edbi cho phong c\u00e1ch.<\/p>\n<hr \/>\n<h2 id=\"ftoc-heading-10\" class=\"p1 ftwp-heading\"><b>Toha Group \u2013 Cung c\u1ea5p gi\u1ea3i ph\u00e1p cho m\u1ed9t ly c\u00e0 ph\u00ea ngon<\/b><\/h2>\n<p>=&gt;&gt;\u00a0<em>Tham kh\u1ea3o th\u00f4ng tin v\u00e0 c\u00e1c s\u1ea3n ph\u1ea9m <a href=\"https:\/\/tohagroup.com\/product-category\/may-pha-ca-phe-cho-quan\/\" target=\"_blank\" rel=\"nofollow noopener\">M\u00e1y pha c\u00e0 ph\u00ea d\u00e0nh cho qu\u00e1n<\/a> t\u1ea1i website ch\u00ednh h\u00e3ng <a href=\"http:\/\/www.tohagroup.com\">www.tohagroup.com<\/a><\/em><\/p>\n<p>\u0110\u1ec3 \u0111\u1ea3m b\u1ea3o mua m\u00e1y ch\u00ednh h\u00e3ng vui l\u00f2ng t\u1edbi tr\u1ef1c ti\u1ebfp Showroom c\u1ee7a <strong>Toha Group<\/strong> tr\u00ean to\u00e0n qu\u1ed1c ho\u1eb7c \u0111\u1eb7t h\u00e0ng t\u1ea1i Website www.tohagroup.com \u2013 Ho\u1eb7c g\u1ecdi tr\u1ef1c ti\u1ebfp t\u1edbi <a href=\"tel:0867896096\" target=\"_blank\" rel=\"nofollow noopener\"><strong>Hotline: 08 6789 6096<\/strong><\/a>\u00a0\u0111\u1ec3 \u0111\u01b0\u1ee3c h\u1ed7 tr\u1ee3 \u0111\u1eb7t h\u00e0ng nhanh.<\/p>\n<p><span style=\"color: #ff0000;\"><strong>\u01afu \u0111\u00e3i:<\/strong> <\/span>Khi Qu\u00fd kh\u00e1ch h\u00e0ng theo d\u00f5i t\u1ea5t c\u1ea3 n\u1ec1n t\u1ea3ng c\u1ee7a Toha, qu\u00fd kh\u00e1ch s\u1ebd nh\u1eadn \u0111\u01b0\u1ee3c \u0111\u01b0\u1eddng d\u00e2y n\u00f3ng k\u1ebft n\u1ed1i &#8211; mua b\u00e1n &#8211; s\u1eeda ch\u1eefa, k\u00e8m theo \u0111\u00f3 l\u00e0 nhi\u1ec1u \u01b0u \u0111\u00e3i \u0111\u1eb7c bi\u1ec7t, nhi\u1ec1u ch\u01b0\u01a1ng tr\u00ecnh gi\u1ea3m gi\u00e1, v\u00e0 r\u1ea5t nhi\u1ec1u qu\u00e0 t\u1eb7ng kh\u00e1c \u0111\u1ebfn t\u1eeb Toha.<\/p>\n<h4 id=\"input_line_0\"><span id=\"input_part_0\" class=\"\" data-mention=\"Ch\u1ec9 \u0110\u01b0\u1eddng Google Map: https:\/\/g.page\/TOHACAFE?share \"><span style=\"color: #ff6600;\">Ch\u1ec9 \u0110\u01b0\u1eddng Google Map:<\/span><a href=\"https:\/\/g.page\/TOHACAFE?share\" rel=\"nofollow\" target=\"_blank\"> https:\/\/g.page\/TOHACAFE?share<\/a>\u00a0<\/span><\/h4>\n<h4 id=\"input_line_1\"><span id=\"input_part_0\" class=\"\" data-mention=\"Zalo Ch\u0103m S\u00f3c Kh\u00e1ch H\u00e0ng 24\/7: https:\/\/zalo.me\/2565949627324610829\"><span style=\"color: #ff6600;\">Zalo Ch\u0103m S\u00f3c Kh\u00e1ch H\u00e0ng 24\/7<\/span>: <a href=\"https:\/\/zalo.me\/2565949627324610829\" rel=\"nofollow noopener\" target=\"_blank\">https:\/\/zalo.me\/2565949627324610829<\/a><\/span><\/h4>\n<h4 id=\"input_line_2\"><span id=\"input_part_0\" class=\"\" data-mention=\"C\u1eadp Nh\u1eadt \u01afu \u0110\u00e3i: https:\/\/www.facebook.com\/tohagroupvn\"><span style=\"color: #ff6600;\">C\u1eadp Nh\u1eadt \u01afu \u0110\u00e3i:<\/span> <a href=\"https:\/\/www.facebook.com\/tohagroupvn\" rel=\"nofollow noopener\" target=\"_blank\">https:\/\/www.facebook.com\/tohagroupvn<\/a><\/span><\/h4>\n<p><span style=\"color: #000000;\"><b>\u0110\u1ec3 bi\u1ebft th\u00eam th\u00f4ng tin chi ti\u1ebft v\u00e0 \u0111\u1eb7t h\u00e0ng<\/b><strong>, Qu\u00fd<\/strong><b> Kh\u00e1ch xin vui l\u00f2ng li\u00ean h\u1ec7 v\u1edbi ch\u00fang t\u00f4i qua:<\/b><\/span><\/p>\n<p><span style=\"font-weight: 400;\"><strong>&#8211;<span style=\"color: #ff6600;\">\u0110\u1ecba ch\u1ec9:<\/span><\/strong> 472 \/ 17 \u0111\u01b0\u1eddng Phan Huy \u00cdch, Ph\u01b0\u1eddng 12, Qu\u1eadn G\u00f2 V\u1ea5p HCM.<\/span><\/p>\n<p><span style=\"font-weight: 400;\">\u00a0 \u00a0 \u00a0 \u00a0 \u00a0 \u00a0 \u00a0 \u00a0111-112 A1, TT H\u00e0o Nam ng\u00f5 8A, \u0111\u01b0\u1eddng V\u0169 Th\u1ea1nh, Q.\u0110\u1ed1ng \u0110a, HN.<\/span><\/p>\n<p><span style=\"font-weight: 400; color: #ff6600;\"><strong>-Hotline:<\/strong><\/span><\/p>\n<ul>\n<li><span id=\"input_part_0\" class=\"\" data-mention=\"08 6269 6096 \">08 6269 6096 <\/span><\/li>\n<li><span id=\"input_part_0\" class=\"\" data-mention=\"08 6269 6096 \">08 6769 6096 <\/span><\/li>\n<li><span id=\"input_part_0\" class=\"\" data-mention=\"08 6269 6096 \">0978 121 033<\/span><\/li>\n<\/ul>\n<p><span style=\"font-weight: 400;\"><span style=\"color: #ff6600;\"><strong>-Gmail:<\/strong><\/span> info@tohagroup.com<\/span><\/p>\n<p>&nbsp;<\/p>\n","protected":false},"excerpt":{"rendered":"<h4 class=\"promoadd__ttl\" style=\"text-align: left;\"><strong><i>2 \u01afU \u0110\u00c3I QU\u00c0 T\u1eb6NG<\/i><\/strong><\/h4>\n<h5 class=\"promoadd__ttl\" style=\"text-align: left;\">D\u1ef1 ki\u1ebfn \u00e1p d\u1ee5ng \u0111\u1ebfn 23:00 30\/09<\/h5>\n<div class=\"promo_BHX\">\n<div class=\"l2\">\n<ul>\n<li>\n<h6><span data-sheets-value=\"{&quot;1&quot;:2,&quot;2&quot;:&quot;T\u1eb7ng b\u1ed9 d\u1ee5ng c\u1ee5 8 m\u00f3n ( T\u1ea4T C\u1ea2 M\u00c1Y C\u0168 HAY M\u1edaI )&quot;}\" data-sheets-userformat=\"{&quot;2&quot;:30909,&quot;3&quot;:{&quot;1&quot;:0,&quot;3&quot;:1},&quot;5&quot;:{&quot;1&quot;:[{&quot;1&quot;:2,&quot;2&quot;:0,&quot;5&quot;:{&quot;1&quot;:2,&quot;2&quot;:0}},{&quot;1&quot;:0,&quot;2&quot;:0,&quot;3&quot;:3},{&quot;1&quot;:1,&quot;2&quot;:0,&quot;4&quot;:1}]},&quot;6&quot;:{&quot;1&quot;:[{&quot;1&quot;:2,&quot;2&quot;:0,&quot;5&quot;:{&quot;1&quot;:2,&quot;2&quot;:0}},{&quot;1&quot;:0,&quot;2&quot;:0,&quot;3&quot;:3},{&quot;1&quot;:1,&quot;2&quot;:0,&quot;4&quot;:1}]},&quot;7&quot;:{&quot;1&quot;:[{&quot;1&quot;:2,&quot;2&quot;:0,&quot;5&quot;:{&quot;1&quot;:2,&quot;2&quot;:0}},{&quot;1&quot;:0,&quot;2&quot;:0,&quot;3&quot;:3},{&quot;1&quot;:1,&quot;2&quot;:0,&quot;4&quot;:1}]},&quot;8&quot;:{&quot;1&quot;:[{&quot;1&quot;:2,&quot;2&quot;:0,&quot;5&quot;:{&quot;1&quot;:2,&quot;2&quot;:0}},{&quot;1&quot;:0,&quot;2&quot;:0,&quot;3&quot;:3},{&quot;1&quot;:1,&quot;2&quot;:0,&quot;4&quot;:1}]},&quot;10&quot;:1,&quot;14&quot;:{&quot;1&quot;:3,&quot;3&quot;:1},&quot;15&quot;:&quot;Times New Roman&quot;,&quot;16&quot;:11,&quot;17&quot;:1}\">T\u1eb7ng b\u1ed9 d\u1ee5ng c\u1ee5 8 m\u00f3n\u00a0<\/span><\/h6>\n<\/li>\n<li>\n<h6>Ch\u00ednh s\u00e1ch \u0111\u1ed5i tr\u1ea3 h\u00e0ng b\u1ea3o h\u00e0nh 1 \u0111\u1ed5i 1<\/h6>\n<\/li>\n<\/ul>\n<\/div>\n<\/div>\n","protected":false},"featured_media":4525,"comment_status":"open","ping_status":"closed","template":"","meta":{"om_disable_all_campaigns":false,"_mi_skip_tracking":false,"_monsterinsights_sitenote_active":false,"_monsterinsights_sitenote_note":"","_monsterinsights_sitenote_category":0},"product_cat":[69],"product_tag":[],"class_list":["post-4522","product","type-product","status-publish","has-post-thumbnail","hentry","nhom-san-pham-may-pha-ca-phe","product_cat-may-pha-ca-phe-cu"],"_links":{"self":[{"href":"https:\/\/tohagroup.com\/en\/wp-json\/wp\/v2\/product\/4522","targetHints":{"allow":["GET"]}}],"collection":[{"href":"https:\/\/tohagroup.com\/en\/wp-json\/wp\/v2\/product"}],"about":[{"href":"https:\/\/tohagroup.com\/en\/wp-json\/wp\/v2\/types\/product"}],"replies":[{"embeddable":true,"href":"https:\/\/tohagroup.com\/en\/wp-json\/wp\/v2\/comments?post=4522"}],"wp:featuredmedia":[{"embeddable":true,"href":"https:\/\/tohagroup.com\/en\/wp-json\/wp\/v2\/media\/4525"}],"wp:attachment":[{"href":"https:\/\/tohagroup.com\/en\/wp-json\/wp\/v2\/media?parent=4522"}],"wp:term":[{"taxonomy":"product_cat","embeddable":true,"href":"https:\/\/tohagroup.com\/en\/wp-json\/wp\/v2\/product_cat?post=4522"},{"taxonomy":"product_tag","embeddable":true,"href":"https:\/\/tohagroup.com\/en\/wp-json\/wp\/v2\/product_tag?post=4522"}],"curies":[{"name":"wp","href":"https:\/\/api.w.org\/{rel}","templated":true}]}}