{"id":4450,"date":"2022-07-13T09:47:53","date_gmt":"2022-07-13T09:47:53","guid":{"rendered":"https:\/\/demo1.thuythu.vn\/tohagroup\/?post_type=product&#038;p=4450"},"modified":"2022-09-12T04:42:45","modified_gmt":"2022-09-12T04:42:45","slug":"may-ep-trai-cay-cham-biochef-666","status":"publish","type":"product","link":"https:\/\/tohagroup.com\/en\/san-pham\/may-ep-trai-cay-cham-biochef-666\/","title":{"rendered":"M\u00e1y \u00e9p tr\u00e1i c\u00e2y ch\u1eadm BioChef 666"},"content":{"rendered":"<div class=\"bi6gxh9e\">\n<div class=\"bi6gxh9e\">\n<div class=\"ui--tagline-background-container ui--tagline-background-image radius-3px\"><\/div>\n<div class=\"ui--tagline-content\">\n<div class=\"ui-row row-fluid\">\n<div class=\"ui-column span6\">\n<div class=\"auto-format ui--animation\">\n<p><b><br \/>\n\u200bBioChef 666 l\u00e0 th\u01b0\u01a1ng hi\u1ec7u m\u00e1y \u00e9p tr\u00e1i c\u00e2y \u0111\u01b0\u1ee3c s\u1ea3n xu\u1ea5t t\u1ea1i \u00dac v\u1edbi 20 n\u0103m kinh nghi\u1ec7m v\u00e0 \u0111\u01b0\u1ee3c coi l\u00e0 m\u1ed9t trong nh\u1eefng s\u1ea3n ph\u1ea9m y t\u1ebf t\u1ed1t nh\u1ea5t tr\u00ean th\u1ebf gi\u1edbi. BioChef 666 hi\u1ec7n \u0111ang \u0111\u01b0\u1ee3c xu\u1ea5t kh\u1ea9u sang \u00dac, Anh, M\u1ef9, Canada, Ch\u00e2u \u00c1, Ch\u00e2u \u00c2u v\u00e0 NZ.<\/b><\/p>\n<div>Cho n\u00ean kh\u00f4ng kh\u00f3 \u0111\u1ec3 l\u00fd gi\u1ea3i l\u00fd do t\u1ea1i sao d\u00f2ng m\u00e1y \u00e9p tr\u00e1i c\u00e2y n\u00e0y l\u1ea1i \u0111\u01b0\u1ee3c c\u00e1c b\u00e0 n\u1ed9i tr\u1ee3 \u01b0a chu\u1ed9ng \u0111\u1ebfn v\u1eady.<\/div>\n<div>\n<div><\/div>\n<\/div>\n<\/div>\n<\/div>\n<\/div>\n<\/div>\n<div>M\u00e1y \u00e9p tr\u00e1i c\u00e2y biochef 666 s\u1eed d\u1ee5ng c\u00f4ng ngh\u1ec7 \u00e9p ch\u1eadm gi\u00fap cho m\u00e0u s\u1eafc tr\u00e1i c\u00e2y nguy\u00ean v\u1eb9n, h\u01b0\u01a1ng v\u1ecb c\u00f9ng vitamin t\u1ef1 nhi\u00ean trong hoa qu\u1ea3.<\/div>\n<div>Th\u00edch h\u1ee3p s\u1eed d\u1ee5ng trong gia \u0111\u00ecnh, qu\u00e1n n\u01b0\u1edbc hay t\u1ea1i c\u00e1c c\u1eeda h\u00e0ng<\/div>\n<div><\/div>\n<div><b>TR\u1ee4C V\u00cdT \u0110\u01af\u1ee2C N\u00c2NG C\u1ea4P \u0110\u1ec2 D\u1ec4 D\u00c0NG CU\u1ed8N H\u1ebeT NGUY\u00caN LI\u1ec6U, CHO N\u0102NG SU\u1ea4T N\u01af\u1edaC \u00c9P T\u1ed0I \u0110A M\u00c0 KH\u00d4NG C\u1ea6N T\u1ed0N NHI\u1ec0U TH\u1edcI GIAN :<\/b><\/div>\n<div><img decoding=\"async\" src=\"https:\/\/i0.wp.com\/s1.uphinh.org\/2021\/03\/19\/biochef-atlas-whole-1600x1600-internal-partsa0440f6c446cf5f2.md.jpg\" alt=\"\" \/><\/div>\n<div><\/div>\n<div>Kh\u00f4ng gi\u1ed1ng nh\u01b0 c\u00e1c lo\u1ea1i m\u00e1y \u00e9p ly t\u00e2m truy\u1ec1n th\u1ed1ng, M\u00e1y \u00e9p BioChef 666 s\u1eed d\u1ee5ng c\u00f4ng ngh\u1ec7 b\u1ea3o v\u1ec7 Enzyme (EPT), tr\u1ee5c v\u00edt s\u1ebd t\u1eeb t\u1eeb nghi\u1ec1n n\u00e1t, b\u00f3p v\u00e0 d\u00f9ng l\u1ef1c \u00e9p \u0111\u1ec3 t\u1ed1i \u0111a h\u00f3a s\u1ea3n l\u01b0\u1ee3ng n\u01b0\u1edbc tr\u00e1i c\u00e2y.<\/div>\n<div>Qu\u00e1 tr\u00ecnh n\u00e0y gi\u1ea3m thi\u1ec3u s\u1ef1 ti\u1ebfp x\u00fac c\u1ee7a th\u1ef1c ph\u1ea9m s\u1ed1ng v\u1edbi nhi\u1ec7t ho\u1eb7c ma s\u00e1t v\u00e0 cung c\u1ea5p m\u1ed9t lo\u1ea1i n\u01b0\u1edbc \u00e9p cao c\u1ea5p v\u1edbi c\u00e1c emzyme v\u00e0 ch\u1ea5t dinh d\u01b0\u1ee1ng \u0111\u01b0\u1ee3c gi\u1eef nguy\u00ean.<\/div>\n<div>Tr\u1ee5c v\u00edt \u0111\u01b0\u1ee3c n\u00e2ng c\u1ea5p \u0111\u1ec3 d\u1ec5 d\u00e0ng cu\u1ed9n s\u1ea3n ph\u1ea9m t\u1eeb \u1ed1ng d\u1eabn xu\u1ed1ng v\u00e0 b\u1eaft \u0111\u1ea7u qu\u00e1 tr\u00ecnh \u00e9p. Tr\u1ee5c l\u1edbn ho\u1ea1t \u0111\u1ed9ng t\u1ed1t cho ph\u00e9p \u00e9p c\u00e1c lo\u1ea1i rau xanh nh\u01b0 c\u1ea7n t\u00e2y, c\u1ea3i xo\u0103n&#8230;<\/div>\n<div>T\u1eeb c\u00f9ng m\u1ed9t l\u01b0\u1ee3ng nguy\u00ean li\u1ec7u nh\u01b0 nhau, m\u00e1y BioChef 666 c\u00f3 th\u1ec3 t\u1ea1o ra m\u1ed9t l\u01b0\u1ee3ng s\u1ea3n ph\u1ea9m l\u1edbn h\u01a1n h\u1eb3n c\u00e1c d\u00f2ng m\u00e1y kh\u00e1c, gi\u00fap b\u1ea1n c\u00f3 th\u1ec3 ti\u1ebft ki\u1ec7m trong th\u1eddi gian d\u00e0i&#8230;<\/div>\n<div><\/div>\n<div><img decoding=\"async\" src=\"https:\/\/i0.wp.com\/s1.uphinh.org\/2021\/04\/03\/biochef-atlas-whole-pro-auger-1600x1600.md.jpg\" alt=\"\" \/><\/div>\n<div><\/div>\n<div><b>KH\u00d4NG CH\u1ec8 NHI\u1ec0U N\u01af\u1edaC M\u00c0 TH\u00c0NH PH\u1ea6N DINH D\u01af\u1ee0NG TRONG TR\u00c1I C\u00c2Y V\u00c0 RAU C\u1ee6 C\u0168NG GI\u1eee \u0110\u01af\u1ee2C NGUY\u00caN V\u1eb8N :<\/b><\/div>\n<div><\/div>\n<div>C\u00e1c d\u00f2ng m\u00e1y \u00e9p ch\u1eadm ng\u00e0y c\u00e0ng \u0111\u01b0\u1ee3c \u01b0a chu\u1ed9ng v\u00e0 tin t\u01b0\u1edfng h\u01a1n so v\u1edbi c\u00e1c d\u00f2ng m\u00e1y d\u00f9ng dao m\u00e0i ly t\u00e2m tr\u01b0\u1edbc \u0111\u00e2y, nh\u01b0ng t\u1ea1i sao?<\/div>\n<div>M\u00e1y \u00e9p ch\u1eadm ho\u1ea1t \u0111\u1ed9ng trong m\u1ed9t h\u1ec7 th\u1ed1ng g\u1ed3m 3 giai \u0111o\u1ea1n:\u00a0 nghi\u1ec1n, \u00e9p v\u00e0 d\u00f9ng l\u1ef1c, gi\u1ea3m thi\u1ec3u ti\u1ebfp x\u00fac v\u1edbi l\u1ef1c v\u00e0 ma s\u00e1t.<\/div>\n<div>M\u00e1y \u00e9p g\u1ea7n nh\u01b0 kh\u00f4ng c\u00f3 c\u1eb7n v\u00e0 sau \u0111\u00f3 \u00e9p n\u00f3 qua m\u1ed9t m\u00e0ng l\u01b0\u1edbi si\u00eau m\u1ecbn.<\/div>\n<div><\/div>\n<div><img decoding=\"async\" src=\"https:\/\/i0.wp.com\/s1.uphinh.org\/2021\/03\/19\/BioChef-Atlas-Whole-Pro-Strainers-630x50023a63a607da03adc.md.jpg\" alt=\"\" \/><\/div>\n<div><\/div>\n<div><\/div>\n<div><\/div>\n<div>V\u1edbi c\u00e1c d\u00f2ng m\u00e1y d\u00f9ng dao m\u00e0i ly t\u00e2m tr\u01b0\u1edbc \u0111\u00e2y th\u00ec khi th\u1ef1c ph\u1ea9m \u0111\u01b0\u1ee3c l\u00e0m n\u00f3ng v\u00e0 ti\u1ebfp x\u00fac v\u1edbi oxy, n\u00f3 b\u1eaft \u0111\u1ea7u b\u1ecb oxy h\u00f3a (ngh\u0129 \u0111\u1ebfn khi b\u1ea1n c\u1eaft m\u1ed9t qu\u1ea3 t\u00e1o v\u00e0 n\u00f3 b\u1eaft \u0111\u1ea7u chuy\u1ec3n sang m\u00e0u n\u00e2u) l\u00e0 k\u1ebft qu\u1ea3 c\u1ee7a vi\u1ec7c c\u1ea5u tr\u00fac t\u1ebf b\u00e0o c\u1ee7a c\u00e1c lo\u1ea1i tr\u00e1i c\u00e2y b\u1ecb ph\u00e1 v\u1ee1.<\/div>\n<div>N\u01b0\u1edbc \u00e9p t\u1eeb m\u00e1y \u00e9p BioChef 666 c\u00f3 th\u1ec3 \u0111\u01b0\u1ee3c gi\u1eef, l\u00e0m l\u1ea1nh trong t\u1ed1i \u0111a 48 gi\u1edd m\u00e0 kh\u00f4ng c\u00f3 nguy c\u01a1 b\u1ecb oxy h\u00f3a ho\u1eb7c h\u01b0 h\u1ecfng. \u0110\u00e2y l\u00e0 m\u1ed9t c\u00f4ng ngh\u1ec7 v\u01b0\u1ee3t b\u1eadc so v\u1edbi c\u00e1c d\u00f2ng m\u00e1y \u00e9p tr\u00e1i c\u00e2y ly t\u00e2m.<\/div>\n<div>Kh\u00f4ng ch\u1ec9 th\u00e2n thi\u1ec7n v\u1edbi ng\u01b0\u1eddi s\u1eed d\u1ee5ng m\u00e0 c\u00f2n cu\u1ed9n h\u1ebft nguy\u00ean li\u1ec7u m\u00e0 kh\u00f4ng l\u00e0m t\u00edch t\u1ee5 b\u00ean trong \u1ed1ng, t\u1ea1o ra m\u1ed9t &#8220;d\u00f2ng ch\u1ea3y&#8221; nh\u1ea5t qu\u00e1n v\u00e0 kh\u00f4ng l\u00e0m l\u00e3ng ph\u00ed nguy\u00ean li\u1ec7u.<\/div>\n<div><\/div>\n<div><b>THI\u1ebeT K\u1ebe C\u1ee6A \u1ed0NG D\u1eaaN<\/b>\u00a0:<\/div>\n<div><\/div>\n<div><img decoding=\"async\" src=\"https:\/\/i0.wp.com\/s1.uphinh.org\/2021\/04\/03\/biochef_atlas_whole_slow_juicer_parts_630x570.md.jpg\" alt=\"\" \/><\/div>\n<div>H\u1ec7 th\u1ed1ng n\u1eafp k\u00e9p t\u1ef1 ph\u1ee5c v\u1ee5 \u0111\u1ed9c \u0111\u00e1o c\u1ee7a BioChef nh\u1eb9 nh\u00e0ng cu\u1ed9n s\u1ea3n ph\u1ea9m xu\u1ed1ng \u1edf t\u1ed1c \u0111\u1ed9 v\u00e0 g\u00f3c t\u1ed1i \u01b0u. Kh\u00f4ng c\u1ea7n ph\u1ea3i \u00e1p d\u1ee5ng \u00e1p l\u1ef1c \u0111\u1ec3 cho s\u1ea3n ph\u1ea9m v\u00e0o m\u00e1y \u00e9p tr\u00e1i c\u00e2y. B\u1ea1n ch\u1ec9 c\u1ea7n \u0111\u1eb7t tr\u00e1i c\u00e2y v\u00e0o \u1ed1ng v\u00e0 n\u1eafp s\u1ebd t\u1ef1 \u0111\u01b0a nguy\u00ean li\u1ec7u v\u00e0o.<\/div>\n<div><\/div>\n<div><b>L\u00e0m Kem<\/b><\/div>\n<div>M\u00e1y \u00e9p tr\u00e1i c\u00e2y Biochef 666 l\u00e0m \u0111\u01b0\u1ee3c c\u00e1c lo\u1ea1i kem t\u01b0\u01a1i t\u1eeb hoa qu\u1ea3. Ch\u1ec9 v\u1edbi 1 ch\u00fat th\u1eddi gian, b\u1ea1n c\u00f3 th\u1ec3 t\u1ef1 l\u00e0m cho m\u00ecnh v\u00e0 gia \u0111\u00ecnh 1 l\u00fd kem t\u01b0\u01a1i th\u01a1m m\u00e1t .<\/div>\n<div><\/div>\n<div><img decoding=\"async\" src=\"https:\/\/i0.wp.com\/s1.uphinh.org\/2021\/03\/19\/BioChef-Atlas-Whole-Pro-Making-Sorbet-630x380.md.jpg\" alt=\"\" \/><\/div>\n<div><\/div>\n<div><\/div>\n<div><b>Ph\u1ee5 ki\u1ec7n \u0111i k\u00e8m:<\/b><\/div>\n<div><\/div>\n<div>\n<div><img decoding=\"async\" src=\"https:\/\/i0.wp.com\/s1.uphinh.org\/2021\/03\/19\/pk666dfd4b4f85acf56f3.md.jpg\" alt=\"\" \/><\/div>\n<\/div>\n<\/div>\n<\/div>\n<hr \/>\n<h2 id=\"ftoc-heading-10\" class=\"p1 ftwp-heading\"><b>Toha Group \u2013 Cung c\u1ea5p gi\u1ea3i ph\u00e1p cho m\u1ed9t ly c\u00e0 ph\u00ea ngon<\/b><\/h2>\n<p>=&gt;&gt;\u00a0<em>Tham kh\u1ea3o th\u00f4ng tin v\u00e0 c\u00e1c s\u1ea3n ph\u1ea9m <a href=\"https:\/\/tohagroup.com\/product-category\/may-pha-ca-phe-cho-quan\/\" target=\"_blank\" rel=\"nofollow noopener\">M\u00e1y pha c\u00e0 ph\u00ea d\u00e0nh cho qu\u00e1n<\/a> t\u1ea1i website ch\u00ednh h\u00e3ng <a href=\"http:\/\/www.tohagroup.com\">www.tohagroup.com<\/a><\/em><\/p>\n<p>\u0110\u1ec3 \u0111\u1ea3m b\u1ea3o mua <span style=\"font-weight: 400;\"><b> M\u00e1y D\u1eadp C\u1ed1c T\u1ef1 \u0110\u1ed9ng FEST RC 995<\/b><\/span><strong><b>\u00a0<\/b><\/strong>ch\u00ednh h\u00e3ng vui l\u00f2ng t\u1edbi tr\u1ef1c ti\u1ebfp Showroom c\u1ee7a <strong>Toha Group<\/strong> tr\u00ean to\u00e0n qu\u1ed1c ho\u1eb7c \u0111\u1eb7t h\u00e0ng t\u1ea1i Website www.tohagroup.com \u2013 Ho\u1eb7c g\u1ecdi tr\u1ef1c ti\u1ebfp t\u1edbi <a href=\"tel:0867896096\" target=\"_blank\" rel=\"nofollow noopener\"><strong>Hotline: 08 6789 6096<\/strong><\/a>\u00a0\u0111\u1ec3 \u0111\u01b0\u1ee3c h\u1ed7 tr\u1ee3 \u0111\u1eb7t h\u00e0ng nhanh.<\/p>\n<p><span style=\"color: #ff0000;\"><strong>\u01afu \u0111\u00e3i:<\/strong> <\/span>Khi Qu\u00fd kh\u00e1ch h\u00e0ng theo d\u00f5i t\u1ea5t c\u1ea3 n\u1ec1n t\u1ea3ng c\u1ee7a Toha, qu\u00fd kh\u00e1ch s\u1ebd nh\u1eadn \u0111\u01b0\u1ee3c \u0111\u01b0\u1eddng d\u00e2y n\u00f3ng k\u1ebft n\u1ed1i &#8211; mua b\u00e1n &#8211; s\u1eeda ch\u1eefa, k\u00e8m theo \u0111\u00f3 l\u00e0 nhi\u1ec1u \u01b0u \u0111\u00e3i \u0111\u1eb7c bi\u1ec7t, nhi\u1ec1u ch\u01b0\u01a1ng tr\u00ecnh gi\u1ea3m gi\u00e1, v\u00e0 r\u1ea5t nhi\u1ec1u qu\u00e0 t\u1eb7ng kh\u00e1c \u0111\u1ebfn t\u1eeb Toha.<\/p>\n<h4 id=\"input_line_0\"><span id=\"input_part_0\" class=\"\" data-mention=\"Ch\u1ec9 \u0110\u01b0\u1eddng Google Map: https:\/\/g.page\/TOHACAFE?share \"><span style=\"color: #ff6600;\">Ch\u1ec9 \u0110\u01b0\u1eddng Google Map:<\/span><a href=\"https:\/\/g.page\/TOHACAFE?share\" rel=\"nofollow\" target=\"_blank\"> https:\/\/g.page\/TOHACAFE?share<\/a>\u00a0<\/span><\/h4>\n<h4 id=\"input_line_1\"><span id=\"input_part_0\" class=\"\" data-mention=\"Zalo Ch\u0103m S\u00f3c Kh\u00e1ch H\u00e0ng 24\/7: https:\/\/zalo.me\/2565949627324610829\"><span style=\"color: #ff6600;\">Zalo Ch\u0103m S\u00f3c Kh\u00e1ch H\u00e0ng 24\/7<\/span>: <a href=\"https:\/\/zalo.me\/2565949627324610829\" rel=\"nofollow noopener\" target=\"_blank\">https:\/\/zalo.me\/2565949627324610829<\/a><\/span><\/h4>\n<h4 id=\"input_line_2\"><span id=\"input_part_0\" class=\"\" data-mention=\"C\u1eadp Nh\u1eadt \u01afu \u0110\u00e3i: https:\/\/www.facebook.com\/tohagroupvn\"><span style=\"color: #ff6600;\">C\u1eadp Nh\u1eadt \u01afu \u0110\u00e3i:<\/span> <a href=\"https:\/\/www.facebook.com\/tohagroupvn\" rel=\"nofollow noopener\" target=\"_blank\">https:\/\/www.facebook.com\/tohagroupvn<\/a><\/span><\/h4>\n<p><span style=\"color: #000000;\"><b>\u0110\u1ec3 bi\u1ebft th\u00eam th\u00f4ng tin chi ti\u1ebft v\u00e0 \u0111\u1eb7t h\u00e0ng M\u00e1y pha c<\/b><strong>\u00e0 ph\u00ea Breville 870 XL, Qu\u00fd<\/strong><b> Kh\u00e1ch xin vui l\u00f2ng li\u00ean h\u1ec7 v\u1edbi ch\u00fang t\u00f4i qua:<\/b><\/span><\/p>\n<p><span style=\"font-weight: 400;\"><strong>&#8211;<span style=\"color: #ff6600;\">\u0110\u1ecba ch\u1ec9:<\/span><\/strong> 472 \/ 17 \u0111\u01b0\u1eddng Phan Huy \u00cdch, Ph\u01b0\u1eddng 12, Qu\u1eadn G\u00f2 V\u1ea5p HCM.<\/span><\/p>\n<p><span style=\"font-weight: 400;\">\u00a0 \u00a0 \u00a0 \u00a0 \u00a0 \u00a0 \u00a0 \u00a0111-112 A1, TT H\u00e0o Nam ng\u00f5 8A, \u0111\u01b0\u1eddng V\u0169 Th\u1ea1nh, Q.\u0110\u1ed1ng \u0110a, HN.<\/span><\/p>\n<p><span style=\"font-weight: 400; color: #ff6600;\"><strong>-Hotline:<\/strong><\/span><\/p>\n<ul>\n<li><span id=\"input_part_0\" class=\"\" data-mention=\"08 6269 6096 \">08 6269 6096 <\/span><\/li>\n<li><span id=\"input_part_0\" class=\"\" data-mention=\"08 6269 6096 \">08 6769 6096 <\/span><\/li>\n<li><span id=\"input_part_0\" class=\"\" data-mention=\"08 6269 6096 \">0978 121 033<\/span><\/li>\n<\/ul>\n<p><span style=\"font-weight: 400;\"><span style=\"color: #ff6600;\"><strong>-Gmail:<\/strong><\/span> info@tohagroup.com<\/span><\/p>\n<p><span style=\"font-weight: 400;\">Xin c\u00e1m \u01a1n s\u1ef1 quan t\u00e2m c\u1ee7a Qu\u00fd Kh\u00e1ch H\u00e0ng v\u1ec1 s\u1ea3n ph\u1ea9m<b> M\u00e1y \u00e9p tr\u00e1i c\u00e2y ch\u1eadm BioChef 666<\/b><\/span><\/p>\n","protected":false},"excerpt":{"rendered":"<h4 class=\"promoadd__ttl\" style=\"text-align: left;\"><span style=\"color: #ff0000;\"><strong><i>\u2666 2 \u01afU \u0110\u00c3I TH\u00caM<\/i><\/strong><\/span><\/h4>\n<h5 class=\"promoadd__ttl\" style=\"text-align: left;\">D\u1ef1 ki\u1ebfn \u00e1p d\u1ee5ng \u0111\u1ebfn 23:00 30\/07<\/h5>\n<div class=\"promo_BHX\">\n<div class=\"l2\">\n<p>Mua c\u00e0 ph\u00ea v\u1edbi \u01b0u \u0111\u00e3i mua 10 t\u1eb7ng 2<\/p>\n<\/div>\n<\/div>\n<h6><i class=\"icondetail-tick\"><\/i>Gi\u1ea3m 10% gi\u00e1 M\u00e1y xay sinh t\u1ed1 v\u00e0 M\u00e1y \u00e9p khi mua k\u00e8m<i class=\"icondetail-tick\"><\/i><\/h6>\n<p>&nbsp;<\/p>\n<div class=\"ui--title ui--animation ui--title-bordered text-center\">\n<div class=\"ui--title-holder\">\n<h4 class=\"ui--title-text\"><strong><em><span style=\"color: #ff0000;\">\u2666 T\u1ea0I SAO B\u1ea0N N\u00caN CH\u1eccN S\u1ea2N PH\u1ea8M C\u1ee6A CH\u00daNG T\u00d4I<\/span><\/em><\/strong><\/h4>\n<\/div>\n<\/div>\n<div class=\"ui-row row-fluid\">\n<div class=\"ui-column span6\">\n<h6><i class=\"list-icon 14px fontawesome-ok\"><\/i>Tr\u1ef1c ti\u1ebfp nh\u1eadp kh\u1ea9u t\u1eeb nh\u00e0 m\u00e1y s\u1ea3n xu\u1ea5t<\/h6>\n<h6><i class=\"list-icon 14px fontawesome-ok\"><\/i>Nhi\u1ec1u c\u00f4ng su\u1ea5t v\u00e0 gi\u00e1 c\u1ea3 ph\u00f9 h\u1ee3p v\u1edbi t\u1eebng nhu c\u1ea7u<i class=\"list-icon 14px fontawesome-ok\"><\/i><\/h6>\n<h6><i class=\"list-icon 14px fontawesome-ok\"><\/i>\u0110\u01b0\u1ee3c chuy\u00ean gia k\u1ef9 thu\u1eadt ki\u1ec3m tra ch\u1ea5t l\u01b0\u1ee3ng<\/h6>\n<\/div>\n<div class=\"ui-column span6\">\n<h6><i class=\"list-icon 14px fontawesome-ok\"><\/i>Ch\u1ebf \u0111\u1ed9 b\u1ea3o h\u00e0nh d\u00e0i h\u1ea1n<\/h6>\n<h6><i class=\"list-icon 14px fontawesome-ok\"><\/i>Lu\u00f4n lu\u00f4n c\u00f3 s\u1eb5n linh ki\u1ec7n \u0111\u1ec3 thay th\u1ebf<\/h6>\n<h6><i class=\"list-icon 14px fontawesome-ok\"><\/i>Ch\u00ednh s\u00e1ch gi\u00e1 t\u1ed1t v\u00e0 lu\u00f4n l\u00e0 gi\u00e1 t\u1ed1t nh\u1ea5t<\/h6>\n<h6><i class=\"list-icon 14px fontawesome-ok\"><\/i>T\u01b0 v\u1ea5n ph\u00f9 h\u1ee3p v\u1edbi nhu c\u1ea7u th\u1ef1c t\u1ebf c\u1ee7a b\u1ea1n<\/h6>\n<h6><i class=\"list-icon 14px fontawesome-ok\"><\/i>X\u1eed l\u00fd s\u1ef1 c\u1ed1 v\u00e0 khi\u1ebfu n\u1ea1i ngay l\u1eadp t\u1ee9c<\/h6>\n<h6><i class=\"list-icon 14px fontawesome-ok\"><\/i>T\u01b0 v\u1ea5n nhi\u1ec1u h\u01a1n cho c\u00f4ng vi\u1ec7c kinh doanh c\u1ee7a b\u1ea1n<\/h6>\n<\/div>\n<\/div>\n","protected":false},"featured_media":5173,"comment_status":"open","ping_status":"closed","template":"","meta":{"om_disable_all_campaigns":false,"_mi_skip_tracking":false,"_monsterinsights_sitenote_active":false,"_monsterinsights_sitenote_note":"","_monsterinsights_sitenote_category":0},"product_cat":[65],"product_tag":[],"class_list":["post-4450","product","type-product","status-publish","has-post-thumbnail","hentry","nhom-san-pham-may-xay-sinh-to-may-ep-may-lam-da","product_cat-may-ep"],"_links":{"self":[{"href":"https:\/\/tohagroup.com\/en\/wp-json\/wp\/v2\/product\/4450","targetHints":{"allow":["GET"]}}],"collection":[{"href":"https:\/\/tohagroup.com\/en\/wp-json\/wp\/v2\/product"}],"about":[{"href":"https:\/\/tohagroup.com\/en\/wp-json\/wp\/v2\/types\/product"}],"replies":[{"embeddable":true,"href":"https:\/\/tohagroup.com\/en\/wp-json\/wp\/v2\/comments?post=4450"}],"wp:featuredmedia":[{"embeddable":true,"href":"https:\/\/tohagroup.com\/en\/wp-json\/wp\/v2\/media\/5173"}],"wp:attachment":[{"href":"https:\/\/tohagroup.com\/en\/wp-json\/wp\/v2\/media?parent=4450"}],"wp:term":[{"taxonomy":"product_cat","embeddable":true,"href":"https:\/\/tohagroup.com\/en\/wp-json\/wp\/v2\/product_cat?post=4450"},{"taxonomy":"product_tag","embeddable":true,"href":"https:\/\/tohagroup.com\/en\/wp-json\/wp\/v2\/product_tag?post=4450"}],"curies":[{"name":"wp","href":"https:\/\/api.w.org\/{rel}","templated":true}]}}