{"id":4424,"date":"2022-07-13T01:42:00","date_gmt":"2022-07-13T01:42:00","guid":{"rendered":"https:\/\/demo1.thuythu.vn\/tohagroup\/?post_type=product&#038;p=4424"},"modified":"2022-09-05T07:48:03","modified_gmt":"2022-09-05T07:48:03","slug":"ong-loc-nuoc-may-pha-cafe-breville","status":"publish","type":"product","link":"https:\/\/tohagroup.com\/en\/san-pham\/ong-loc-nuoc-may-pha-cafe-breville\/","title":{"rendered":"B\u00d4NG L\u1eccC N\u01af\u1edaC M\u00c1Y PHA CAFE BREVILLE"},"content":{"rendered":"<div class=\"bi6gxh9e\">\n<div class=\"bi6gxh9e\">\n<div class=\"ui--tagline-background-container ui--tagline-background-image radius-3px\">\n<div class=\"auto-format ui--animation\">\n<p><strong>B\u00d4NG L\u1eccC N\u01af\u1edaC M\u00c1Y PHA CAFE BREVILLE:<\/strong><\/p>\n<p>T\u0103ng c\u01b0\u1eddng h\u01b0\u01a1ng v\u1ecb n\u01b0\u1edbc b\u1eb1ng c\u00e1ch lo\u1ea1i b\u1ecf clo, m\u00f9i h\u00f4i, canxi v\u00e0 c\u00e1c t\u1ea1p ch\u1ea5t trong n\u01b0\u1edbc kh\u00e1c.<\/p>\n<p>Gi\u00fap b\u1ea1n th\u01b0\u1edfng th\u1ee9c \u0111\u1ea7y \u0111\u1ee7 h\u01b0\u01a1ng v\u1ecb th\u01a1m ngon c\u1ee7a espresso.<\/p>\n<p>D\u1ec5 d\u00e0ng thay th\u1ebf. \u0110\u1ec3 \u0111\u1ea1t hi\u1ec7u qu\u1ea3 cao nh\u1ea5t, sau khi thay b\u1ed9 l\u1ecdc b\u1ea1n n\u00ean ch\u1ea1y ch\u01b0\u01a1ng tr\u00ecnh v\u1ec7 sinh m\u00e1y.<\/p>\n<p>B\u00f4ng l\u1ecdc gi\u00fap gi\u1ea3m \u0111\u1ed9 c\u1ee9ng c\u1ee7a n\u01b0\u1edbc, c\u1ea3i thi\u1ec7n m\u00e0u s\u1eafc, m\u00f9i v\u00e0 v\u1ecb c\u1ee7a n\u01b0\u1edbc d\u00f9ng \u0111\u1ec3 pha Cafe Espresso.<\/p>\n<p>B\u00f4ng l\u1ecdc \u0111\u01b0\u1ee3c l\u00e0m t\u1eeb ch\u1ea5t li\u1ec7u than ho\u1ea1t t\u00ednh gi\u00fap l\u1ecdc v\u00e0 lo\u1ea1i b\u1ecf t\u1ea1p ch\u1ea5t, m\u00f9i v\u1ecb trong n\u01b0\u1edbc khi \u0111i qua l\u00f5i l\u1ecdc nh\u1edd c\u00e1c l\u1ed7 nh\u1ecf li ti trong c\u1ea5u tr\u00fac than.<\/p>\n<p>B\u1ec1 m\u1eb7t ph\u00e2n t\u1eed than s\u1ebd h\u00fat c\u00e1c ch\u1ea5t h\u00f3a h\u1ecdc, t\u1ea1p ch\u1ea5t h\u00f2a tan trong n\u01b0\u1edbc v\u00e0 gi\u1eef ch\u00fang n\u1eb1m l\u1ea1i b\u00ean trong b\u00f4ng l\u1ecdc.<\/p>\n<p>Than ho\u1ea1t t\u00ednh sau khi h\u1ea5p th\u1ee5 \u201cNo\u201d l\u01b0\u1ee3ng t\u1ea1p ch\u1ea5t s\u1ebd b\u00e3o h\u00f2a v\u00e0 do v\u1eady kh\u00f4ng c\u00f2n t\u00e1c d\u1ee5ng l\u1ecdc hi\u1ec7u qu\u1ea3. B\u1ed9 l\u1ecdc n\u00ean \u0111\u01b0\u1ee3c thay m\u1edbi sau m\u1ed7i 2 th\u00e1ng \u0111\u1ec3 b\u1ea3o \u0111\u1ea3m hi\u1ec7u qu\u1ea3 l\u1ecdc cao nh\u1ea5t.<\/p>\n<p>Ch\u1ea5t li\u1ec7u: M\u00e0ng l\u1ecdc Micromesh, l\u00f5i than ho\u1ea1t t\u00ednh d\u1ea1ng h\u1ea1t H\u1ea1n s\u1eed d\u1ee5ng t\u1ed1i \u01b0u: 2 th\u00e1ng<\/p>\n<p>D\u00f2ng m\u00e1y pha Cafe t\u01b0\u01a1ng th\u00edch: Breville 870 XL, Breville 878.<\/p>\n<p>&nbsp;<\/p>\n<p><strong>C\u00c1CH L\u1eaeP \u0110\u1eb6T B\u00d4NG L\u1eccC N\u01af\u1edaC:<\/strong><\/p>\n<p>Cho b\u00f4ng l\u1ecdc v\u00e0o ch\u1eadu \u1edf nhi\u1ec7t \u0111\u1ed9 ph\u00f2ng v\u00e0 ng\u00e2m trong 10 ph\u00fat X\u1ea3 b\u00f4ng l\u1ecdc l\u1ea1i b\u1eb1ng n\u01b0\u1edbc s\u1ea1ch G\u1eafn b\u00f4ng l\u1ecdc v\u00e0o b\u1ed9 ph\u1eadn gi\u1eef b\u00f4ng l\u1ecdc c\u1ee7a m\u00e1y pha cafe espresso Breville theo h\u01b0\u1edbng d\u1eabn l\u1eafp \u0111\u1eb7t chi ti\u1ebft c\u1ee7a t\u1eebng m\u00e1y X\u00e1c l\u1eadp nh\u1eafc nh\u1edf th\u1eddi gian thay b\u00f4ng l\u1ecdc (tr\u00ean thanh nh\u1ef1a gi\u1eef b\u00f4ng l\u1ecdc) b\u1eb1ng c\u00e1ch xoay s\u1ed1 ch\u1ec9 th\u00e1ng c\u1ee7a l\u1ea7n thay t\u1edbi v\u00e0o ngay m\u0169i t\u00ean<\/p>\n<p>&nbsp;<\/p>\n<\/div>\n<\/div>\n<\/div>\n<\/div>\n<p>\u0110\u1ec3 \u0111\u1ea3m b\u1ea3o mua <strong>D\u1ee4NG C\u1ee4, LINH KI\u1ec6N\u00a0<\/strong>ch\u00ednh h\u00e3ng vui l\u00f2ng t\u1edbi tr\u1ef1c ti\u1ebfp Showroom c\u1ee7a <strong>TohaGroup<\/strong> tr\u00ean to\u00e0n qu\u1ed1c ho\u1eb7c \u0111\u1eb7t h\u00e0ng t\u1ea1i <strong>Website:<\/strong> www.tohagroup.com \u2013 Ho\u1eb7c g\u1ecdi tr\u1ef1c ti\u1ebfp t\u1edbi <a href=\"tel:0867896096\" target=\"_blank\" rel=\"nofollow noopener\"><strong>Hotline: 08 6789 6096<\/strong><\/a>\u00a0\u0111\u1ec3 \u0111\u01b0\u1ee3c h\u1ed7 tr\u1ee3 \u0111\u1eb7t h\u00e0ng nhanh.<\/p>\n<p>&nbsp;<\/p>\n","protected":false},"excerpt":{"rendered":"<h4 class=\"promoadd__ttl\" style=\"text-align: left;\"><span style=\"color: #ff0000;\"><strong><i>\u2666 2 \u01afU \u0110\u00c3I TH\u00caM<\/i><\/strong><\/span><\/h4>\n<h5 class=\"promoadd__ttl\" style=\"text-align: left;\">D\u1ef1 ki\u1ebfn \u00e1p d\u1ee5ng \u0111\u1ebfn 23:00 30\/07<\/h5>\n<div class=\"promo_BHX\">\n<div class=\"l2\">\n<h6>Mua c\u00e0 ph\u00ea v\u1edbi \u01b0u \u0111\u00e3i mua 10 t\u1eb7ng 2<\/h6>\n<\/div>\n<\/div>\n<h6><i class=\"icondetail-tick\"><\/i>Gi\u1ea3m 10% gi\u00e1 d\u1ee5ng c\u1ee5 v\u00e0 linh ki\u1ec7n mua k\u00e8m<i class=\"icondetail-tick\"><\/i><\/h6>\n<p><strong><em><span style=\"color: #ff0000;\">\u2666 T\u1ea0I SAO B\u1ea0N N\u00caN CH\u1eccN S\u1ea2N PH\u1ea8M C\u1ee6A CH\u00daNG T\u00d4I<\/span><\/em><\/strong><\/p>\n<div class=\"ui-row row-fluid\">\n<div class=\"ui-column span6\">\n<h6><i class=\"list-icon 14px fontawesome-ok\"><\/i>Tr\u1ef1c ti\u1ebfp nh\u1eadp kh\u1ea9u t\u1eeb nh\u00e0 m\u00e1y s\u1ea3n xu\u1ea5t<\/h6>\n<h6><i class=\"list-icon 14px fontawesome-ok\"><\/i>Nhi\u1ec1u c\u00f4ng su\u1ea5t v\u00e0 gi\u00e1 c\u1ea3 ph\u00f9 h\u1ee3p v\u1edbi t\u1eebng nhu c\u1ea7u<i class=\"list-icon 14px fontawesome-ok\"><\/i><\/h6>\n<h6><i class=\"list-icon 14px fontawesome-ok\"><\/i>\u0110\u01b0\u1ee3c chuy\u00ean gia k\u1ef9 thu\u1eadt ki\u1ec3m tra ch\u1ea5t l\u01b0\u1ee3ng<\/h6>\n<\/div>\n<div class=\"ui-column span6\">\n<h6><i class=\"list-icon 14px fontawesome-ok\"><\/i>Ch\u1ebf \u0111\u1ed9 b\u1ea3o h\u00e0nh d\u00e0i h\u1ea1n<\/h6>\n<h6><i class=\"list-icon 14px fontawesome-ok\"><\/i>Lu\u00f4n lu\u00f4n c\u00f3 s\u1eb5n linh ki\u1ec7n \u0111\u1ec3 thay th\u1ebf<\/h6>\n<h6><i class=\"list-icon 14px fontawesome-ok\"><\/i>Ch\u00ednh s\u00e1ch gi\u00e1 t\u1ed1t v\u00e0 lu\u00f4n l\u00e0 gi\u00e1 t\u1ed1t nh\u1ea5t<\/h6>\n<h6><i class=\"list-icon 14px fontawesome-ok\"><\/i>T\u01b0 v\u1ea5n ph\u00f9 h\u1ee3p v\u1edbi nhu c\u1ea7u th\u1ef1c t\u1ebf c\u1ee7a b\u1ea1n<\/h6>\n<h6><i class=\"list-icon 14px fontawesome-ok\"><\/i>X\u1eed l\u00fd s\u1ef1 c\u1ed1 v\u00e0 khi\u1ebfu n\u1ea1i ngay l\u1eadp t\u1ee9c<\/h6>\n<h6><i class=\"list-icon 14px fontawesome-ok\"><\/i>T\u01b0 v\u1ea5n nhi\u1ec1u h\u01a1n cho c\u00f4ng vi\u1ec7c kinh doanh c\u1ee7a b\u1ea1n<\/h6>\n<\/div>\n<\/div>\n","protected":false},"featured_media":4378,"comment_status":"open","ping_status":"closed","template":"","meta":{"om_disable_all_campaigns":false,"_mi_skip_tracking":false,"_monsterinsights_sitenote_active":false,"_monsterinsights_sitenote_note":"","_monsterinsights_sitenote_category":0},"product_cat":[67],"product_tag":[],"class_list":["post-4424","product","type-product","status-publish","has-post-thumbnail","hentry","nhom-san-pham-linh-kien-may","product_cat-linh-kien-may"],"_links":{"self":[{"href":"https:\/\/tohagroup.com\/en\/wp-json\/wp\/v2\/product\/4424","targetHints":{"allow":["GET"]}}],"collection":[{"href":"https:\/\/tohagroup.com\/en\/wp-json\/wp\/v2\/product"}],"about":[{"href":"https:\/\/tohagroup.com\/en\/wp-json\/wp\/v2\/types\/product"}],"replies":[{"embeddable":true,"href":"https:\/\/tohagroup.com\/en\/wp-json\/wp\/v2\/comments?post=4424"}],"wp:featuredmedia":[{"embeddable":true,"href":"https:\/\/tohagroup.com\/en\/wp-json\/wp\/v2\/media\/4378"}],"wp:attachment":[{"href":"https:\/\/tohagroup.com\/en\/wp-json\/wp\/v2\/media?parent=4424"}],"wp:term":[{"taxonomy":"product_cat","embeddable":true,"href":"https:\/\/tohagroup.com\/en\/wp-json\/wp\/v2\/product_cat?post=4424"},{"taxonomy":"product_tag","embeddable":true,"href":"https:\/\/tohagroup.com\/en\/wp-json\/wp\/v2\/product_tag?post=4424"}],"curies":[{"name":"wp","href":"https:\/\/api.w.org\/{rel}","templated":true}]}}