{"id":4420,"date":"2022-07-12T08:07:58","date_gmt":"2022-07-12T08:07:58","guid":{"rendered":"https:\/\/demo1.thuythu.vn\/tohagroup\/?post_type=product&#038;p=4420"},"modified":"2022-07-12T08:16:40","modified_gmt":"2022-07-12T08:16:40","slug":"bo-loc-nuoc-3-cap","status":"publish","type":"product","link":"https:\/\/tohagroup.com\/en\/san-pham\/bo-loc-nuoc-3-cap\/","title":{"rendered":"B\u1ed8 L\u1eccC N\u01af\u1edaC 3 C\u1ea4P"},"content":{"rendered":"<div class=\"bi6gxh9e\">\n<div class=\"bi6gxh9e\">\n<div class=\"ui--tagline-background-container ui--tagline-background-image radius-3px\">\n<div class=\"auto-format ui--animation\">\n<p><strong>B\u1ed9 l\u1ecdc n\u01b0\u1edbc 3 c\u1ea5p<\/strong>\u00a0s\u1eed d\u1ee5ng l\u1ecdc n\u01b0\u1edbc sinh ho\u1ea1t gia \u0111\u00ecnh v\u1edbi ch\u1ee9c n\u0103ng l\u1ecdc s\u1ea1ch nh\u1eefng ch\u1ea5t c\u1eb7n d\u01a1 nh\u01b0 ph\u00e8n, c\u1eb7n r\u1ec9 trong \u0111\u01b0\u1eddng \u1ed1ng, b\u00f9n \u0111\u1ea5t, nh\u1eefng ch\u1ea5t huy\u1ec1n ph\u00f9 l\u01a1 l\u1eedng, l\u00e0m m\u1ec1m n\u01b0\u1edbc c\u1ee9ng ng\u0103n \u0111\u00f3ng c\u0103n khi \u0111un n\u1ea5u, kh\u1eed m\u00f9i Clo c\u00f3 trong n\u01b0\u1edbc m\u00e1y.<\/p>\n<p><strong>Ch\u1ee9c n\u0103ng l\u1ecdc<\/strong>: L\u1ecdc ngu\u1ed3n n\u01b0\u1edbc sinh ho\u1ea1t gia \u0111\u00ecnh, l\u1ecdc c\u1eb7n b\u1ea9n, ch\u1ea5t l\u01a1 l\u1eedng huy\u1ec1n ph\u00f9 trong n\u01b0\u1edbc, l\u1ecdc ph\u00e8n h\u00f2a tan, x\u1eed l\u00fd m\u00e0u, m\u00f9i Clo trong n\u01b0\u1edbc, l\u00e0m m\u1ec1m n\u01b0\u1edbc c\u1ee9ng\u2026<\/p>\n<h4><strong>K\u00edch th\u01b0\u1edbc<\/strong>: 10 inchs<\/h4>\n<p><strong>V\u1ecb tr\u00ed l\u1eafp \u0111\u1eb7t:<\/strong> T\u1ea1i \u0111\u1ea7u ngu\u1ed3n n\u01b0\u1edbc sinh ho\u1ea1t, m\u00e1y pha c\u00e0 ph\u00ea, g\u1ea7m ch\u1eadu r\u1eeda b\u00e1t\u2026<\/p>\n<p>\u2013 C\u1ea5p l\u1ecdc 1: L\u00f5i l\u1ecdc PP 5 micron c\u00f3 ch\u1ee9c n\u0103ng l\u1ecdc c\u1eb7n, ch\u1ea5t l\u01a1 l\u1eedng, ph\u00e8n &gt;5micron \u2026Th\u1eddi gian thay l\u00f5i 6-9 th\u00e1ng<\/p>\n<p>\u2013 C\u1ea5p l\u1ecdc 2: L\u00f5i l\u1ecdc Active Carbon c\u00f3 ch\u1ee9c n\u0103ng kh\u1eed m\u00e0u, m\u00f9i v\u00e0 c\u00e1c h\u1ee3p ch\u1ea5t h\u1eefu c\u01a1 trong n\u01b0\u1edbc\u2026Th\u1eddi gian thay l\u00f5i 6-12 th\u00e1ng<\/p>\n<p>\u2013 C\u1ea5p l\u1ecdc 3: L\u00f5i l\u1ecdc PP 1 micron c\u00f3 ch\u1ee9c n\u0103ng l\u1ecdc c\u1eb7n, ch\u1ea5t l\u01a1 l\u1eedng, ph\u00e8n &gt;1 micron \u2026Th\u1eddi gian thay l\u00f5i 9-12 th\u00e1ng<\/p>\n<\/div>\n<\/div>\n<\/div>\n<\/div>\n<p>\u0110\u1ec3 \u0111\u1ea3m b\u1ea3o mua D\u1ee4NG C\u1ee4, LINH KI\u1ec6N <strong>\u00a0<\/strong>ch\u00ednh h\u00e3ng vui l\u00f2ng t\u1edbi tr\u1ef1c ti\u1ebfp Showroom c\u1ee7a TohaGroup tr\u00ean to\u00e0n qu\u1ed1c ho\u1eb7c \u0111\u1eb7t h\u00e0ng t\u1ea1i Website www.tohagroup.com \u2013 Ho\u1eb7c g\u1ecdi tr\u1ef1c ti\u1ebfp t\u1edbi <a href=\"tel:0867896096\" target=\"_blank\" rel=\"nofollow noopener\"><strong>Hotline: 08 6789 6096<\/strong><\/a>\u00a0\u0111\u1ec3 \u0111\u01b0\u1ee3c h\u1ed7 tr\u1ee3 \u0111\u1eb7t h\u00e0ng nhanh.<\/p>\n<p>&nbsp;<\/p>\n","protected":false},"excerpt":{"rendered":"<h4 class=\"promoadd__ttl\" style=\"text-align: left;\"><span style=\"color: #ff0000;\"><strong><i>\u2666 2 \u01afU \u0110\u00c3I TH\u00caM<\/i><\/strong><\/span><\/h4>\n<h5 class=\"promoadd__ttl\" style=\"text-align: left;\">D\u1ef1 ki\u1ebfn \u00e1p d\u1ee5ng \u0111\u1ebfn 23:00 30\/07<\/h5>\n<div class=\"promo_BHX\">\n<div class=\"l2\">\n<h6>Mua c\u00e0 ph\u00ea v\u1edbi \u01b0u \u0111\u00e3i mua 10 t\u1eb7ng 2<\/h6>\n<\/div>\n<\/div>\n<h6><i class=\"icondetail-tick\"><\/i>Gi\u1ea3m 10% gi\u00e1 d\u1ee5ng c\u1ee5 v\u00e0 linh ki\u1ec7n mua k\u00e8m<i class=\"icondetail-tick\"><\/i><\/h6>\n<p>&nbsp;<\/p>\n<div class=\"ui--title ui--animation ui--title-bordered text-center\">\n<div class=\"ui--title-holder\">\n<h4 class=\"ui--title-text\"><strong><em><span style=\"color: #ff0000;\">\u2666 T\u1ea0I SAO B\u1ea0N N\u00caN CH\u1eccN S\u1ea2N PH\u1ea8M C\u1ee6A CH\u00daNG T\u00d4I<\/span><\/em><\/strong><\/h4>\n<\/div>\n<\/div>\n<div class=\"ui-row row-fluid\">\n<div class=\"ui-column span6\">\n<h6><i class=\"list-icon 14px fontawesome-ok\"><\/i>Tr\u1ef1c ti\u1ebfp nh\u1eadp kh\u1ea9u t\u1eeb nh\u00e0 m\u00e1y s\u1ea3n xu\u1ea5t<\/h6>\n<h6><i class=\"list-icon 14px fontawesome-ok\"><\/i>Nhi\u1ec1u c\u00f4ng su\u1ea5t v\u00e0 gi\u00e1 c\u1ea3 ph\u00f9 h\u1ee3p v\u1edbi t\u1eebng nhu c\u1ea7u<i class=\"list-icon 14px fontawesome-ok\"><\/i><\/h6>\n<h6><i class=\"list-icon 14px fontawesome-ok\"><\/i>\u0110\u01b0\u1ee3c chuy\u00ean gia k\u1ef9 thu\u1eadt ki\u1ec3m tra ch\u1ea5t l\u01b0\u1ee3ng<\/h6>\n<\/div>\n<div class=\"ui-column span6\">\n<h6><i class=\"list-icon 14px fontawesome-ok\"><\/i>Ch\u1ebf \u0111\u1ed9 b\u1ea3o h\u00e0nh d\u00e0i h\u1ea1n<\/h6>\n<h6><i class=\"list-icon 14px fontawesome-ok\"><\/i>Lu\u00f4n lu\u00f4n c\u00f3 s\u1eb5n linh ki\u1ec7n \u0111\u1ec3 thay th\u1ebf<\/h6>\n<h6><i class=\"list-icon 14px fontawesome-ok\"><\/i>Ch\u00ednh s\u00e1ch gi\u00e1 t\u1ed1t v\u00e0 lu\u00f4n l\u00e0 gi\u00e1 t\u1ed1t nh\u1ea5t<\/h6>\n<h6><i class=\"list-icon 14px fontawesome-ok\"><\/i>T\u01b0 v\u1ea5n ph\u00f9 h\u1ee3p v\u1edbi nhu c\u1ea7u th\u1ef1c t\u1ebf c\u1ee7a b\u1ea1n<\/h6>\n<h6><i class=\"list-icon 14px fontawesome-ok\"><\/i>X\u1eed l\u00fd s\u1ef1 c\u1ed1 v\u00e0 khi\u1ebfu n\u1ea1i ngay l\u1eadp t\u1ee9c<\/h6>\n<h6><i class=\"list-icon 14px fontawesome-ok\"><\/i>T\u01b0 v\u1ea5n nhi\u1ec1u h\u01a1n cho c\u00f4ng vi\u1ec7c kinh doanh c\u1ee7a b\u1ea1n<\/h6>\n<\/div>\n<\/div>\n","protected":false},"featured_media":4354,"comment_status":"open","ping_status":"closed","template":"","meta":{"om_disable_all_campaigns":false,"_mi_skip_tracking":false,"_monsterinsights_sitenote_active":false,"_monsterinsights_sitenote_note":"","_monsterinsights_sitenote_category":0},"product_cat":[67],"product_tag":[],"class_list":["post-4420","product","type-product","status-publish","has-post-thumbnail","hentry","nhom-san-pham-linh-kien-may","product_cat-linh-kien-may"],"_links":{"self":[{"href":"https:\/\/tohagroup.com\/en\/wp-json\/wp\/v2\/product\/4420","targetHints":{"allow":["GET"]}}],"collection":[{"href":"https:\/\/tohagroup.com\/en\/wp-json\/wp\/v2\/product"}],"about":[{"href":"https:\/\/tohagroup.com\/en\/wp-json\/wp\/v2\/types\/product"}],"replies":[{"embeddable":true,"href":"https:\/\/tohagroup.com\/en\/wp-json\/wp\/v2\/comments?post=4420"}],"wp:featuredmedia":[{"embeddable":true,"href":"https:\/\/tohagroup.com\/en\/wp-json\/wp\/v2\/media\/4354"}],"wp:attachment":[{"href":"https:\/\/tohagroup.com\/en\/wp-json\/wp\/v2\/media?parent=4420"}],"wp:term":[{"taxonomy":"product_cat","embeddable":true,"href":"https:\/\/tohagroup.com\/en\/wp-json\/wp\/v2\/product_cat?post=4420"},{"taxonomy":"product_tag","embeddable":true,"href":"https:\/\/tohagroup.com\/en\/wp-json\/wp\/v2\/product_tag?post=4420"}],"curies":[{"name":"wp","href":"https:\/\/api.w.org\/{rel}","templated":true}]}}