{"id":4291,"date":"2022-07-12T03:21:51","date_gmt":"2022-07-12T03:21:51","guid":{"rendered":"https:\/\/demo1.thuythu.vn\/tohagroup\/?post_type=product&#038;p=4291"},"modified":"2022-07-12T03:46:17","modified_gmt":"2022-07-12T03:46:17","slug":"cap-ban-phim-nuova-simonelli","status":"publish","type":"product","link":"https:\/\/tohagroup.com\/en\/san-pham\/cap-ban-phim-nuova-simonelli\/","title":{"rendered":"C\u00c1P B\u00c0N PH\u00cdM NUOVA SIMONELLI"},"content":{"rendered":"<div class=\"bi6gxh9e\">\n<div class=\"bi6gxh9e\">\n<div class=\"ui--tagline-background-container ui--tagline-background-image radius-3px\">\n<div class=\"auto-format ui--animation\">\n<div class=\"auto-format ui--animation\">\n<ul>\n<li>\u0110\u00e2y l\u00e0 m\u1ed9t ph\u1ee5 ki\u1ec7n ch\u1ea5t l\u01b0\u1ee3ng cao ph\u00f9 h\u1ee3p v\u1edbi b\u00e0n ph\u00edm Nuova simonelli Appia II, Astoria, Rancilio,. Expobar<\/li>\n<li>L\u1edbp ngo\u00e0i c\u1ee7a d\u00e2y \u0111\u01b0\u1ee3c b\u1ecdc nh\u1ef1a chuy\u00ean d\u1ee5ng .<\/li>\n<li>D\u00e2y c\u00e1p c\u00f3 kh\u1ea3 n\u0103ng ch\u1ed1ng nhi\u1ec5u m\u1ea1nh .<\/li>\n<li>Giao di\u1ec7n t\u1ed1c \u0111\u1ed9 cao, c\u00f3 t\u1ed1c \u0111\u1ed9 nhanh v\u00e0 ho\u1ea1t \u0111\u1ed9ng \u1ed5n \u0111\u1ecbnh.<\/li>\n<li>Th\u1ee7 c\u00f4ng tinh x\u1ea3o v\u00e0 tinh t\u1ebf, ch\u1ea5t l\u01b0\u1ee3ng cao.<\/li>\n<\/ul>\n<p>\u0110\u1ec3 \u0111\u1ea3m b\u1ea3o mua D\u1ee4NG C\u1ee4, LINH KI\u1ec6N <strong>\u00a0<\/strong>ch\u00ednh h\u00e3ng vui l\u00f2ng t\u1edbi tr\u1ef1c ti\u1ebfp Showroom c\u1ee7a TohaGroup tr\u00ean to\u00e0n qu\u1ed1c ho\u1eb7c \u0111\u1eb7t h\u00e0ng t\u1ea1i Website www.tohagroup.com \u2013 Ho\u1eb7c g\u1ecdi tr\u1ef1c ti\u1ebfp t\u1edbi <a href=\"tel:0867896096\" target=\"_blank\" rel=\"nofollow noopener\"><strong>Hotline: 08 6789 6096<\/strong><\/a>\u00a0\u0111\u1ec3 \u0111\u01b0\u1ee3c h\u1ed7 tr\u1ee3 \u0111\u1eb7t h\u00e0ng nhanh.<\/p>\n<\/div>\n<\/div>\n<\/div>\n<\/div>\n<\/div>\n<p>&nbsp;<\/p>\n","protected":false},"excerpt":{"rendered":"<h4 class=\"promoadd__ttl\" style=\"text-align: left;\"><span style=\"color: #ff0000;\"><strong><i>\u2666 2 \u01afU \u0110\u00c3I TH\u00caM<\/i><\/strong><\/span><\/h4>\n<h5 class=\"promoadd__ttl\" style=\"text-align: left;\">D\u1ef1 ki\u1ebfn \u00e1p d\u1ee5ng \u0111\u1ebfn 23:00 30\/07<\/h5>\n<div class=\"promo_BHX\">\n<div class=\"l2\">\n<h6>Mua c\u00e0 ph\u00ea v\u1edbi \u01b0u \u0111\u00e3i mua 10 t\u1eb7ng 2<\/h6>\n<\/div>\n<\/div>\n<h6><i class=\"icondetail-tick\"><\/i>Gi\u1ea3m 10% gi\u00e1 d\u1ee5ng c\u1ee5 v\u00e0 linh ki\u1ec7n mua k\u00e8m<i class=\"icondetail-tick\"><\/i><\/h6>\n<p>&nbsp;<\/p>\n<div class=\"ui--title ui--animation ui--title-bordered text-center\">\n<div class=\"ui--title-holder\">\n<h4 class=\"ui--title-text\"><strong><em><span style=\"color: #ff0000;\">\u2666 T\u1ea0I SAO B\u1ea0N N\u00caN CH\u1eccN S\u1ea2N PH\u1ea8M C\u1ee6A CH\u00daNG T\u00d4I<\/span><\/em><\/strong><\/h4>\n<\/div>\n<\/div>\n<div class=\"ui-row row-fluid\">\n<div class=\"ui-column span6\">\n<h6><i class=\"list-icon 14px fontawesome-ok\"><\/i>Tr\u1ef1c ti\u1ebfp nh\u1eadp kh\u1ea9u t\u1eeb nh\u00e0 m\u00e1y s\u1ea3n xu\u1ea5t<\/h6>\n<h6><i class=\"list-icon 14px fontawesome-ok\"><\/i>Nhi\u1ec1u c\u00f4ng su\u1ea5t v\u00e0 gi\u00e1 c\u1ea3 ph\u00f9 h\u1ee3p v\u1edbi t\u1eebng nhu c\u1ea7u<i class=\"list-icon 14px fontawesome-ok\"><\/i><\/h6>\n<h6><i class=\"list-icon 14px fontawesome-ok\"><\/i>\u0110\u01b0\u1ee3c chuy\u00ean gia k\u1ef9 thu\u1eadt ki\u1ec3m tra ch\u1ea5t l\u01b0\u1ee3ng<\/h6>\n<\/div>\n<div class=\"ui-column span6\">\n<h6><i class=\"list-icon 14px fontawesome-ok\"><\/i>Ch\u1ebf \u0111\u1ed9 b\u1ea3o h\u00e0nh d\u00e0i h\u1ea1n<\/h6>\n<h6><i class=\"list-icon 14px fontawesome-ok\"><\/i>Lu\u00f4n lu\u00f4n c\u00f3 s\u1eb5n linh ki\u1ec7n \u0111\u1ec3 thay th\u1ebf<\/h6>\n<h6><i class=\"list-icon 14px fontawesome-ok\"><\/i>Ch\u00ednh s\u00e1ch gi\u00e1 t\u1ed1t v\u00e0 lu\u00f4n l\u00e0 gi\u00e1 t\u1ed1t nh\u1ea5t<\/h6>\n<h6><i class=\"list-icon 14px fontawesome-ok\"><\/i>T\u01b0 v\u1ea5n ph\u00f9 h\u1ee3p v\u1edbi nhu c\u1ea7u th\u1ef1c t\u1ebf c\u1ee7a b\u1ea1n<\/h6>\n<h6><i class=\"list-icon 14px fontawesome-ok\"><\/i>X\u1eed l\u00fd s\u1ef1 c\u1ed1 v\u00e0 khi\u1ebfu n\u1ea1i ngay l\u1eadp t\u1ee9c<\/h6>\n<h6><i class=\"list-icon 14px fontawesome-ok\"><\/i>T\u01b0 v\u1ea5n nhi\u1ec1u h\u01a1n cho c\u00f4ng vi\u1ec7c kinh doanh c\u1ee7a b\u1ea1n<\/h6>\n<\/div>\n<\/div>\n","protected":false},"featured_media":4293,"comment_status":"open","ping_status":"closed","template":"","meta":{"om_disable_all_campaigns":false,"_mi_skip_tracking":false,"_monsterinsights_sitenote_active":false,"_monsterinsights_sitenote_note":"","_monsterinsights_sitenote_category":0},"product_cat":[67],"product_tag":[],"class_list":["post-4291","product","type-product","status-publish","has-post-thumbnail","hentry","nhom-san-pham-linh-kien-may","product_cat-linh-kien-may"],"_links":{"self":[{"href":"https:\/\/tohagroup.com\/en\/wp-json\/wp\/v2\/product\/4291","targetHints":{"allow":["GET"]}}],"collection":[{"href":"https:\/\/tohagroup.com\/en\/wp-json\/wp\/v2\/product"}],"about":[{"href":"https:\/\/tohagroup.com\/en\/wp-json\/wp\/v2\/types\/product"}],"replies":[{"embeddable":true,"href":"https:\/\/tohagroup.com\/en\/wp-json\/wp\/v2\/comments?post=4291"}],"wp:featuredmedia":[{"embeddable":true,"href":"https:\/\/tohagroup.com\/en\/wp-json\/wp\/v2\/media\/4293"}],"wp:attachment":[{"href":"https:\/\/tohagroup.com\/en\/wp-json\/wp\/v2\/media?parent=4291"}],"wp:term":[{"taxonomy":"product_cat","embeddable":true,"href":"https:\/\/tohagroup.com\/en\/wp-json\/wp\/v2\/product_cat?post=4291"},{"taxonomy":"product_tag","embeddable":true,"href":"https:\/\/tohagroup.com\/en\/wp-json\/wp\/v2\/product_tag?post=4291"}],"curies":[{"name":"wp","href":"https:\/\/api.w.org\/{rel}","templated":true}]}}