{"id":4074,"date":"2022-07-11T04:04:00","date_gmt":"2022-07-11T04:04:00","guid":{"rendered":"https:\/\/demo1.thuythu.vn\/tohagroup\/?post_type=product&#038;p=4074"},"modified":"2022-07-11T04:18:38","modified_gmt":"2022-07-11T04:18:38","slug":"shaker-inox-304-350ml-l-beans-chuyen-nghiep","status":"publish","type":"product","link":"https:\/\/tohagroup.com\/en\/san-pham\/shaker-inox-304-350ml-l-beans-chuyen-nghiep\/","title":{"rendered":"SHAKER INOX 304 350ML L-BEANS CHUY\u00caN NGHI\u1ec6P"},"content":{"rendered":"<div class=\"bi6gxh9e\">\n<div class=\"bi6gxh9e\">\n<div class=\"ui--tagline-background-container ui--tagline-background-image radius-3px\">\n<div class=\"auto-format ui--animation\">\n<p><strong>Shaker Inox 304 L-Beans chuy\u00ean nghi\u1ec7p 350 ml<\/strong>\u00a0\u0111\u01b0\u1ee3c l\u00e0m t\u1eeb Inox 304 chuy\u00ean d\u1ee5ng trong ng\u00e0nh th\u1ef1c ph\u1ea9m. S\u1ea3n ph\u1ea9m c\u00f3 thi\u1ebft k\u1ebf g\u1ecdn nh\u1eb9, v\u1eeba tay thu\u1eadn ti\u1ec7n\u00a0thu\u1eadn ti\u1ec7n cho c\u00e1c Barista trong c\u00f4ng vi\u1ec7c pha ch\u1ebf. Shaker s\u00e1ng b\u00f3ng, c\u00f3 t\u00ednh th\u1ea9m m\u1ef9 cao. Th\u00edch h\u1ee3p d\u00f9ng t\u1ea1i c\u00e1c qu\u00e1n c\u00e0 ph\u00ea, tr\u00e0 s\u1eefa, qu\u00e1n bar, nh\u00e0 h\u00e0ng, kh\u00e1ch s\u1ea1n,\u2026<\/p>\n<ul>\n<li>Ch\u1ea5t li\u1ec7u: Inox 304, \u0111\u1ea3m b\u1ea3o v\u1ec7 sinh an to\u00e0n th\u1ef1c ph\u1ea9m<\/li>\n<li>Dung t\u00edch: 350 ml<\/li>\n<li>Thi\u1ebft k\u1ebf g\u1ecdn nh\u1eb9, n\u1eafp b\u00ecnh \u0111\u00f3ng m\u1edf d\u1ec5 d\u00e0ng, ti\u1ec7n l\u1ee3i<\/li>\n<li>N\u1eafp b\u00ecnh \u0111\u01b0\u1ee3c gia c\u00f4ng tinh x\u1ea3o n\u00ean ch\u1eafc ch\u1eafn v\u1edbi ng\u01b0\u1eddi s\u1eed d\u1ee5ng v\u00e0 d\u1ec5 th\u00e1o l\u1eafp, v\u1ec7 sinh<\/li>\n<\/ul>\n<p>Ngo\u00e0i ra c\u00f4ng ty ch\u00fang t\u00f4i c\u00f2n cung c\u1ea5p nhi\u1ec1u\u00a0<a href=\"https:\/\/tohagroup.com\/dong-ho-can-phu-kien\/\"><strong>Ph\u1ee5 ki\u1ec7n, linh ki\u1ec7n pha ch\u1ebf<\/strong><\/a>\u00a0\u0111\u1ebfn t\u1eeb L-Beans.<\/p>\n<\/div>\n<\/div>\n<\/div>\n<\/div>\n<p>\u0110\u1ec3 \u0111\u1ea3m b\u1ea3o mua D\u1ee4NG C\u1ee4 PHA CH\u1ebe<strong>\u00a0<\/strong>ch\u00ednh h\u00e3ng vui l\u00f2ng t\u1edbi tr\u1ef1c ti\u1ebfp Showroom c\u1ee7a TohaGroup tr\u00ean to\u00e0n qu\u1ed1c ho\u1eb7c \u0111\u1eb7t h\u00e0ng t\u1ea1i Website www.tohagroup.com \u2013 Ho\u1eb7c g\u1ecdi tr\u1ef1c ti\u1ebfp t\u1edbi <a href=\"tel:0867896096\" target=\"_blank\" rel=\"nofollow noopener\"><strong>Hotline: 08 6789 6096<\/strong><\/a>\u00a0\u0111\u1ec3 \u0111\u01b0\u1ee3c h\u1ed7 tr\u1ee3 \u0111\u1eb7t h\u00e0ng nhanh.<\/p>\n<p>&nbsp;<\/p>\n","protected":false},"excerpt":{"rendered":"<h4 class=\"promoadd__ttl\" style=\"text-align: left;\"><span style=\"color: #ff0000;\"><strong><i>\u2666 2 \u01afU \u0110\u00c3I TH\u00caM<\/i><\/strong><\/span><\/h4>\n<h5 class=\"promoadd__ttl\" style=\"text-align: left;\">D\u1ef1 ki\u1ebfn \u00e1p d\u1ee5ng \u0111\u1ebfn 23:00 30\/07<\/h5>\n<div class=\"promo_BHX\">\n<div class=\"l2\">\n<h6>Mua c\u00e0 ph\u00ea v\u1edbi \u01b0u \u0111\u00e3i mua 10 t\u1eb7ng 2<\/h6>\n<\/div>\n<\/div>\n<h6><i class=\"icondetail-tick\"><\/i>Gi\u1ea3m 10% gi\u00e1 d\u1ee5ng c\u1ee5 v\u00e0 linh ki\u1ec7n mua k\u00e8m<i class=\"icondetail-tick\"><\/i><\/h6>\n<p>&nbsp;<\/p>\n<div class=\"ui--title ui--animation ui--title-bordered text-center\">\n<div class=\"ui--title-holder\">\n<h4 class=\"ui--title-text\"><strong><em><span style=\"color: #ff0000;\">\u2666 T\u1ea0I SAO B\u1ea0N N\u00caN CH\u1eccN S\u1ea2N PH\u1ea8M C\u1ee6A CH\u00daNG T\u00d4I<\/span><\/em><\/strong><\/h4>\n<\/div>\n<\/div>\n<div class=\"ui-row row-fluid\">\n<div class=\"ui-column span6\">\n<h6><i class=\"list-icon 14px fontawesome-ok\"><\/i>Tr\u1ef1c ti\u1ebfp nh\u1eadp kh\u1ea9u t\u1eeb nh\u00e0 m\u00e1y s\u1ea3n xu\u1ea5t<\/h6>\n<h6><i class=\"list-icon 14px fontawesome-ok\"><\/i>Nhi\u1ec1u c\u00f4ng su\u1ea5t v\u00e0 gi\u00e1 c\u1ea3 ph\u00f9 h\u1ee3p v\u1edbi t\u1eebng nhu c\u1ea7u<i class=\"list-icon 14px fontawesome-ok\"><\/i><\/h6>\n<h6><i class=\"list-icon 14px fontawesome-ok\"><\/i>\u0110\u01b0\u1ee3c chuy\u00ean gia k\u1ef9 thu\u1eadt ki\u1ec3m tra ch\u1ea5t l\u01b0\u1ee3ng<\/h6>\n<\/div>\n<div class=\"ui-column span6\">\n<h6><i class=\"list-icon 14px fontawesome-ok\"><\/i>Ch\u1ebf \u0111\u1ed9 b\u1ea3o h\u00e0nh d\u00e0i h\u1ea1n<\/h6>\n<h6><i class=\"list-icon 14px fontawesome-ok\"><\/i>Lu\u00f4n lu\u00f4n c\u00f3 s\u1eb5n linh ki\u1ec7n \u0111\u1ec3 thay th\u1ebf<\/h6>\n<h6><i class=\"list-icon 14px fontawesome-ok\"><\/i>Ch\u00ednh s\u00e1ch gi\u00e1 t\u1ed1t v\u00e0 lu\u00f4n l\u00e0 gi\u00e1 t\u1ed1t nh\u1ea5t<\/h6>\n<h6><i class=\"list-icon 14px fontawesome-ok\"><\/i>T\u01b0 v\u1ea5n ph\u00f9 h\u1ee3p v\u1edbi nhu c\u1ea7u th\u1ef1c t\u1ebf c\u1ee7a b\u1ea1n<\/h6>\n<h6><i class=\"list-icon 14px fontawesome-ok\"><\/i>X\u1eed l\u00fd s\u1ef1 c\u1ed1 v\u00e0 khi\u1ebfu n\u1ea1i ngay l\u1eadp t\u1ee9c<\/h6>\n<h6><i class=\"list-icon 14px fontawesome-ok\"><\/i>T\u01b0 v\u1ea5n nhi\u1ec1u h\u01a1n cho c\u00f4ng vi\u1ec7c kinh doanh c\u1ee7a b\u1ea1n<\/h6>\n<\/div>\n<\/div>\n","protected":false},"featured_media":4072,"comment_status":"open","ping_status":"closed","template":"","meta":{"om_disable_all_campaigns":false,"_mi_skip_tracking":false,"_monsterinsights_sitenote_active":false,"_monsterinsights_sitenote_note":"","_monsterinsights_sitenote_category":0},"product_cat":[46],"product_tag":[],"class_list":["post-4074","product","type-product","status-publish","has-post-thumbnail","hentry","product_cat-dung-cu-pha-che"],"_links":{"self":[{"href":"https:\/\/tohagroup.com\/en\/wp-json\/wp\/v2\/product\/4074","targetHints":{"allow":["GET"]}}],"collection":[{"href":"https:\/\/tohagroup.com\/en\/wp-json\/wp\/v2\/product"}],"about":[{"href":"https:\/\/tohagroup.com\/en\/wp-json\/wp\/v2\/types\/product"}],"replies":[{"embeddable":true,"href":"https:\/\/tohagroup.com\/en\/wp-json\/wp\/v2\/comments?post=4074"}],"wp:featuredmedia":[{"embeddable":true,"href":"https:\/\/tohagroup.com\/en\/wp-json\/wp\/v2\/media\/4072"}],"wp:attachment":[{"href":"https:\/\/tohagroup.com\/en\/wp-json\/wp\/v2\/media?parent=4074"}],"wp:term":[{"taxonomy":"product_cat","embeddable":true,"href":"https:\/\/tohagroup.com\/en\/wp-json\/wp\/v2\/product_cat?post=4074"},{"taxonomy":"product_tag","embeddable":true,"href":"https:\/\/tohagroup.com\/en\/wp-json\/wp\/v2\/product_tag?post=4074"}],"curies":[{"name":"wp","href":"https:\/\/api.w.org\/{rel}","templated":true}]}}