{"id":4043,"date":"2022-07-11T01:40:03","date_gmt":"2022-07-11T01:40:03","guid":{"rendered":"https:\/\/demo1.thuythu.vn\/tohagroup\/?post_type=product&#038;p=4043"},"modified":"2022-07-11T01:43:40","modified_gmt":"2022-07-11T01:43:40","slug":"can-dien-tu-l-beans","status":"publish","type":"product","link":"https:\/\/tohagroup.com\/en\/san-pham\/can-dien-tu-l-beans\/","title":{"rendered":"C\u00c2N \u0110I\u1ec6N T\u1eec L-BEANS"},"content":{"rendered":"<div class=\"bi6gxh9e\">\n<div class=\"bi6gxh9e\">\n<div class=\"ui--tagline-background-container ui--tagline-background-image radius-3px\">\n<div class=\"auto-format ui--animation\">\n<p>D\u00f9 b\u1ea1n l\u00e0 m\u1ed9t Barista, l\u00e0 ch\u1ee7 s\u1edf h\u1eefu chu\u1ed7i c\u1eeda h\u00e0ng c\u00e0 ph\u00ea, tr\u00e0 s\u1eefa hay nh\u00e0 h\u00e0ng, kh\u00e1ch s\u1ea1n. Th\u00ec t\u1ec9 l\u1ec7 nguy\u00ean v\u1eadt li\u1ec7u v\u1eabn l\u00e0 \u0111i\u1ec1u quan tr\u1ecdng nh\u1ea5t l\u00e0m n\u00ean s\u1ef1 ho\u00e0n h\u1ea3o c\u1ee7a h\u01b0\u01a1ng v\u1ecb t\u1eebng th\u1ee9c u\u1ed1ng, m\u00f3n \u0103n. Kh\u1ed1i l\u01b0\u1ee3ng chu\u1ea9n c\u1ee7a tr\u00e0 v\u00e0 b\u1ed9t s\u1eefa, kh\u1ed1i l\u01b0\u1ee3ng b\u1ed9t c\u00e0 ph\u00ea chu\u1ea9n \u0111\u1ec3 m\u00e1y pha c\u00e0 ph\u00ea c\u00f3 th\u1ec3 pha ra m\u1ed9t ly c\u00e0 ph\u00ea ho\u00e0n h\u1ea3o,\u2026<\/p>\n<p><strong>C\u00e2n \u0111i\u1ec7n t\u1eed L-Beans<\/strong>\u00a0v\u1edbi m\u00e0n h\u00ecnh \u0111i\u1ec7n t\u1eed hi\u1ec3n th\u1ecb chu\u1ea9n x\u00e1c \u0111\u1ebfn t\u1eebng 0.1 gr. Thao t\u00e1c \u0111\u01a1n gi\u1ea3n, d\u1ec5 s\u1eed d\u1ee5ng, v\u1ec7 sinh, b\u1ea3o qu\u1ea3n thu\u1eadn ti\u1ec7n.<\/p>\n<p><b>Th\u00f4ng s\u1ed1 k\u1ef9 thu\u1eadt c\u00e2n \u0111i\u1ec7n t\u1eed:<\/b><\/p>\n<table>\n<tbody>\n<tr>\n<td width=\"140\">Th\u01b0\u01a1ng Hi\u1ec7u : L-Beans<\/td>\n<td width=\"151\">Ph\u1ea1m vi c\u00e2n 0.1gr \u0111\u1ebfn 2000gr<\/td>\n<td width=\"171\">Hi\u1ec3n th\u1ecb : LCD \u0111\u01a1n s\u1eafc<\/td>\n<td width=\"154\">Ngu\u1ed3n \u0111i\u1ec7n: Pin AA<\/td>\n<\/tr>\n<tr>\n<td width=\"140\">Ch\u1ea5t li\u1ec7u: v\u1ecf nh\u1ef1a<\/td>\n<td width=\"151\">Tr\u1ecdng l\u01b0\u1ee3ng : 180gr gr<\/td>\n<td width=\"171\">Ch\u1ebf \u0111\u1ed9 c\u00e2n : 4<\/td>\n<\/tr>\n<\/tbody>\n<\/table>\n<p>\u01afu \u0111i\u1ec3m c\u1ee7a\u00a0<strong>C\u00e2n \u0111i\u1ec7n t\u1eed L-Beans c\u00e2n ch\u00ednh x\u00e1c 0.1 gram<\/strong><\/p>\n<ul>\n<li>C\u00e2n ch\u00ednh x\u00e1c t\u1edbi 0.1gr s\u1eeda d\u1ee5ng h\u1ec7 th\u1ed1ng c\u1ea3m bi\u1ebfn Load cell \u0111\u00eam l\u1ea1i gi\u00e1 tr\u1ecb ch\u00ednh x\u00e1c<\/li>\n<li>Nhi\u1ec1u ch\u1ebf \u0111\u1ed9 c\u00e2n kh\u00e1c nhau<\/li>\n<li>S\u1eed d\u1ee5ng \u0111\u01a1n gi\u1ea3n<\/li>\n<li>B\u1ea3o qu\u1ea3n v\u1ec7 sinh d\u1ec5 d\u00e0ng, thu\u1eadn ti\u1ec7n<\/li>\n<li>T\u1ea5t c\u1ea3 s\u1ea3n ph\u1ea9m \u0111\u1ec1u \u0111\u01b0\u1ee3c \u0111\u00f3ng h\u1ed9p v\u00e0 \u0111\u01b0\u1ee3c d\u1eadp n\u1ed5i logo c\u1ee7a L-beans tr\u00e1nh h\u00e0ng nh\u00e1i, h\u00e0ng gi\u1ea3<\/li>\n<\/ul>\n<\/div>\n<\/div>\n<\/div>\n<\/div>\n<p>\u0110\u1ec3 \u0111\u1ea3m b\u1ea3o mua D\u1ee4NG C\u1ee4 PHA CH\u1ebe<strong>\u00a0<\/strong>ch\u00ednh h\u00e3ng vui l\u00f2ng t\u1edbi tr\u1ef1c ti\u1ebfp Showroom c\u1ee7a TohaGroup tr\u00ean to\u00e0n qu\u1ed1c ho\u1eb7c \u0111\u1eb7t h\u00e0ng t\u1ea1i Website www.tohagroup.com \u2013 Ho\u1eb7c g\u1ecdi tr\u1ef1c ti\u1ebfp t\u1edbi <a href=\"tel:0867896096\" target=\"_blank\" rel=\"nofollow noopener\"><strong>Hotline: 08 6789 6096<\/strong><\/a>\u00a0\u0111\u1ec3 \u0111\u01b0\u1ee3c h\u1ed7 tr\u1ee3 \u0111\u1eb7t h\u00e0ng nhanh.<\/p>\n<p>&nbsp;<\/p>\n","protected":false},"excerpt":{"rendered":"<h4 class=\"promoadd__ttl\" style=\"text-align: left;\"><span style=\"color: #ff0000;\"><strong><i>\u2666 2 \u01afU \u0110\u00c3I TH\u00caM<\/i><\/strong><\/span><\/h4>\n<h5 class=\"promoadd__ttl\" style=\"text-align: left;\">D\u1ef1 ki\u1ebfn \u00e1p d\u1ee5ng \u0111\u1ebfn 23:00 30\/07<\/h5>\n<div class=\"promo_BHX\">\n<div class=\"l2\">\n<h6>Mua c\u00e0 ph\u00ea v\u1edbi \u01b0u \u0111\u00e3i mua 10 t\u1eb7ng 2<\/h6>\n<\/div>\n<\/div>\n<h6><i class=\"icondetail-tick\"><\/i>Gi\u1ea3m 10% gi\u00e1 M\u00e1y xay sinh t\u1ed1 v\u00e0 M\u00e1y \u00e9p khi mua k\u00e8m<i class=\"icondetail-tick\"><\/i><\/h6>\n<p>&nbsp;<\/p>\n<div class=\"ui--title ui--animation ui--title-bordered text-center\">\n<div class=\"ui--title-holder\">\n<h4 class=\"ui--title-text\"><strong><em><span style=\"color: #ff0000;\">\u2666 T\u1ea0I SAO B\u1ea0N N\u00caN CH\u1eccN S\u1ea2N PH\u1ea8M C\u1ee6A CH\u00daNG T\u00d4I<\/span><\/em><\/strong><\/h4>\n<\/div>\n<\/div>\n<div class=\"ui-row row-fluid\">\n<div class=\"ui-column span6\">\n<h6><i class=\"list-icon 14px fontawesome-ok\"><\/i>Tr\u1ef1c ti\u1ebfp nh\u1eadp kh\u1ea9u t\u1eeb nh\u00e0 m\u00e1y s\u1ea3n xu\u1ea5t<\/h6>\n<h6><i class=\"list-icon 14px fontawesome-ok\"><\/i>Nhi\u1ec1u c\u00f4ng su\u1ea5t v\u00e0 gi\u00e1 c\u1ea3 ph\u00f9 h\u1ee3p v\u1edbi t\u1eebng nhu c\u1ea7u<i class=\"list-icon 14px fontawesome-ok\"><\/i><\/h6>\n<h6><i class=\"list-icon 14px fontawesome-ok\"><\/i>\u0110\u01b0\u1ee3c chuy\u00ean gia k\u1ef9 thu\u1eadt ki\u1ec3m tra ch\u1ea5t l\u01b0\u1ee3ng<\/h6>\n<\/div>\n<div class=\"ui-column span6\">\n<h6><i class=\"list-icon 14px fontawesome-ok\"><\/i>Ch\u1ebf \u0111\u1ed9 b\u1ea3o h\u00e0nh d\u00e0i h\u1ea1n<\/h6>\n<h6><i class=\"list-icon 14px fontawesome-ok\"><\/i>Lu\u00f4n lu\u00f4n c\u00f3 s\u1eb5n linh ki\u1ec7n \u0111\u1ec3 thay th\u1ebf<\/h6>\n<h6><i class=\"list-icon 14px fontawesome-ok\"><\/i>Ch\u00ednh s\u00e1ch gi\u00e1 t\u1ed1t v\u00e0 lu\u00f4n l\u00e0 gi\u00e1 t\u1ed1t nh\u1ea5t<\/h6>\n<h6><i class=\"list-icon 14px fontawesome-ok\"><\/i>T\u01b0 v\u1ea5n ph\u00f9 h\u1ee3p v\u1edbi nhu c\u1ea7u th\u1ef1c t\u1ebf c\u1ee7a b\u1ea1n<\/h6>\n<h6><i class=\"list-icon 14px fontawesome-ok\"><\/i>X\u1eed l\u00fd s\u1ef1 c\u1ed1 v\u00e0 khi\u1ebfu n\u1ea1i ngay l\u1eadp t\u1ee9c<\/h6>\n<h6><i class=\"list-icon 14px fontawesome-ok\"><\/i>T\u01b0 v\u1ea5n nhi\u1ec1u h\u01a1n cho c\u00f4ng vi\u1ec7c kinh doanh c\u1ee7a b\u1ea1n<\/h6>\n<\/div>\n<\/div>\n","protected":false},"featured_media":4044,"comment_status":"open","ping_status":"closed","template":"","meta":{"om_disable_all_campaigns":false,"_mi_skip_tracking":false,"_monsterinsights_sitenote_active":false,"_monsterinsights_sitenote_note":"","_monsterinsights_sitenote_category":0},"product_cat":[46],"product_tag":[],"class_list":["post-4043","product","type-product","status-publish","has-post-thumbnail","hentry","nhom-san-pham-dung-cu-phu-kien-pha-che","product_cat-dung-cu-pha-che"],"_links":{"self":[{"href":"https:\/\/tohagroup.com\/en\/wp-json\/wp\/v2\/product\/4043","targetHints":{"allow":["GET"]}}],"collection":[{"href":"https:\/\/tohagroup.com\/en\/wp-json\/wp\/v2\/product"}],"about":[{"href":"https:\/\/tohagroup.com\/en\/wp-json\/wp\/v2\/types\/product"}],"replies":[{"embeddable":true,"href":"https:\/\/tohagroup.com\/en\/wp-json\/wp\/v2\/comments?post=4043"}],"wp:featuredmedia":[{"embeddable":true,"href":"https:\/\/tohagroup.com\/en\/wp-json\/wp\/v2\/media\/4044"}],"wp:attachment":[{"href":"https:\/\/tohagroup.com\/en\/wp-json\/wp\/v2\/media?parent=4043"}],"wp:term":[{"taxonomy":"product_cat","embeddable":true,"href":"https:\/\/tohagroup.com\/en\/wp-json\/wp\/v2\/product_cat?post=4043"},{"taxonomy":"product_tag","embeddable":true,"href":"https:\/\/tohagroup.com\/en\/wp-json\/wp\/v2\/product_tag?post=4043"}],"curies":[{"name":"wp","href":"https:\/\/api.w.org\/{rel}","templated":true}]}}