{"id":3950,"date":"2022-07-08T06:03:22","date_gmt":"2022-07-08T06:03:22","guid":{"rendered":"https:\/\/demo1.thuythu.vn\/tohagroup\/?post_type=product&#038;p=3950"},"modified":"2022-07-08T06:18:11","modified_gmt":"2022-07-08T06:18:11","slug":"ca-danh-sua-350-600ml-l-beans-chuan-art-hinh-latte","status":"publish","type":"product","link":"https:\/\/tohagroup.com\/en\/san-pham\/ca-danh-sua-350-600ml-l-beans-chuan-art-hinh-latte\/","title":{"rendered":"CA \u0110\u00c1NH S\u1eeeA 350\/600ML L-BEANS CHU\u1ea8N ART H\u00ccNH LATTE"},"content":{"rendered":"<div class=\"bi6gxh9e\">\n<div class=\"bi6gxh9e\">\n<div class=\"ui--tagline-background-container ui--tagline-background-image radius-3px\">\n<div class=\"auto-format ui--animation\">\n<p><strong>Ca \u0111\u00e1nh s\u1eefa 350\/600 ml L-beans\u00a0<\/strong>\u0111\u01b0\u1ee3c thi\u1ebft k\u1ebf theo ti\u00eau chu\u1ea9n ca \u0111\u00e1nh s\u1eefa d\u00e0nh cho barista chuy\u00ean nghi\u1ec7p.\u00a0Ph\u00f9 h\u1ee3p v\u1ebd c\u00e0 ph\u00ea Cappucino, d\u00e0nh cho c\u00e1c qu\u00e1n c\u00e0 ph\u00ea chuy\u00ean nghi\u1ec7p, nh\u00e0 h\u00e0ng, kh\u00e1ch s\u1ea1n, d\u00f9ng t\u1ea1i c\u00e1c cu\u1ed9c thi Barista,\u2026<\/p>\n<ul>\n<li>Th\u01b0\u01a1ng hi\u1ec7u:\u00a0L-BEANS<\/li>\n<li>Ch\u1ea5t li\u1ec7u inox cao c\u1ea5p\u00a0304 d\u00f9ng cho th\u1ef1c ph\u1ea9m<\/li>\n<li>Dung t\u00edch : 350ml<\/li>\n<li>Chi\u1ec1u cao: 10 cm<\/li>\n<li>\u0110\u01b0\u1eddng k\u00ednh: 89 mm<\/li>\n<li>Tr\u1ecdng l\u01b0\u1ee3ng: 160 gr<\/li>\n<li>\u0110\u01b0\u1eddng k\u00ednh \u0111\u00e1y: 109 mm<\/li>\n<\/ul>\n<p>\u01afu \u0111i\u1ec3m c\u1ee7a\u00a0<strong>Ca \u0111\u00e1nh s\u1eefa c\u01a1 b\u1ea3n 350\/600 ml L-beans chu\u1ea9n art h\u00ecnh<\/strong><\/p>\n<ul>\n<li><strong>Ca \u0111\u00e1nh s\u1eefa c\u01a1 b\u1ea3n 350ml L-beans chu\u1ea9n art h\u00ecnh latte\u00a0<\/strong>l\u00e0 s\u1ef1 l\u1ef1a ch\u1ecdn tuy\u1ec7t v\u1eddi cho c\u00e1c b\u1ea1n barista m\u1edbi v\u00e0o ngh\u1ec1, t\u1eadp luy\u00ean k\u1ef9 n\u0103ng \u0111\u00e1nh b\u1ecdt s\u1eefa<\/li>\n<li>Ti\u1ebft ki\u1ec7m l\u01b0\u1ee3ng b\u1ecdt s\u1eefa \u0111\u00e1nh trong 1 l\u1ea7n t\u1eadp luy\u1ec7n v\u00e0 t\u1ea1o h\u00ecnh<\/li>\n<li>Ki\u1ec3u d\u00e1ng tay c\u1ea7m m\u1edbi nh\u1ea5t. T\u1ec9 tr\u1ecdng v\u00e0ng v\u1ec1 kh\u1ed1i l\u01b0\u1ee3ng v\u00e0 k\u00edch th\u01b0\u1edbc tay c\u1ea7m t\u1ea1o cho b\u1ea1n c\u1ea3m gi\u00e1c tho\u1ea3i m\u00e1i m\u1ed7i khi s\u1eed d\u1ee5ng<\/li>\n<li>Khi s\u1eed d\u1ee5ng\u00a0<strong>Ca \u0111\u00e1nh s\u1eefa 350\/600 ml L-beans\u00a0chu\u1ea9n art h\u00ecnh latte<\/strong>\u00a0b\u1ea1n kh\u00f4ng c\u00f2n ph\u1ea3i lo l\u1eafng v\u00ec \u0111\u1ed9 kh\u00f3 khi t\u1ea1o h\u00ecnh latte, m\u1ecdi chuy\u1ec7n s\u1ebd th\u1eadt \u0111\u01a1n gi\u1ea3n\u00a0v\u1edbi m\u0169i\u00a0<strong>ca \u0111\u00e1nh s\u1eefa<\/strong>\u00a0\u0111\u01b0\u1ee3c thi\u1ebft k\u1ebf chu\u1ea9n x\u00e1c l\u1edbp b\u1ecdt ra \u0111\u1ec1u<\/li>\n<li>S\u1eed d\u1ee5ng\u00a0<strong>Ca \u0111\u00e1nh s\u1eefa 350\/600 ml L-beans\u00a0chu\u1ea9n art h\u00ecnh latte<\/strong>\u00a0\u0111\u01a1n gi\u1ea3n, v\u1ec7 sinh d\u1ec5 d\u00e0ng<\/li>\n<\/ul>\n<\/div>\n<\/div>\n<\/div>\n<\/div>\n<p>\u0110\u1ec3 \u0111\u1ea3m b\u1ea3o mua D\u1ee4NG C\u1ee4 PHA CH\u1ebe<strong>\u00a0<\/strong>ch\u00ednh h\u00e3ng vui l\u00f2ng t\u1edbi tr\u1ef1c ti\u1ebfp Showroom c\u1ee7a TohaGroup tr\u00ean to\u00e0n qu\u1ed1c ho\u1eb7c \u0111\u1eb7t h\u00e0ng t\u1ea1i Website www.tohagroup.com \u2013 Ho\u1eb7c g\u1ecdi tr\u1ef1c ti\u1ebfp t\u1edbi <a href=\"tel:0867896096\" target=\"_blank\" rel=\"nofollow noopener\"><strong>Hotline: 08 6789 6096<\/strong><\/a>\u00a0\u0111\u1ec3 \u0111\u01b0\u1ee3c h\u1ed7 tr\u1ee3 \u0111\u1eb7t h\u00e0ng nhanh.<\/p>\n<p>&nbsp;<\/p>\n","protected":false},"excerpt":{"rendered":"<h4 class=\"promoadd__ttl\" style=\"text-align: left;\"><span style=\"color: #ff0000;\"><strong><i>\u2666 2 \u01afU \u0110\u00c3I TH\u00caM<\/i><\/strong><\/span><\/h4>\n<h5 class=\"promoadd__ttl\" style=\"text-align: left;\">D\u1ef1 ki\u1ebfn \u00e1p d\u1ee5ng \u0111\u1ebfn 23:00 30\/07<\/h5>\n<div class=\"promo_BHX\">\n<div class=\"l2\">\n<h6>Mua c\u00e0 ph\u00ea v\u1edbi \u01b0u \u0111\u00e3i mua 10 t\u1eb7ng 2<\/h6>\n<\/div>\n<\/div>\n<h6><i class=\"icondetail-tick\"><\/i>Gi\u1ea3m 10% gi\u00e1 M\u00e1y xay sinh t\u1ed1 v\u00e0 M\u00e1y \u00e9p khi mua k\u00e8m<i class=\"icondetail-tick\"><\/i><\/h6>\n<p>&nbsp;<\/p>\n<div class=\"ui--title ui--animation ui--title-bordered text-center\">\n<div class=\"ui--title-holder\">\n<h4 class=\"ui--title-text\"><strong><em><span style=\"color: #ff0000;\">\u2666 T\u1ea0I SAO B\u1ea0N N\u00caN CH\u1eccN S\u1ea2N PH\u1ea8M C\u1ee6A CH\u00daNG T\u00d4I<\/span><\/em><\/strong><\/h4>\n<\/div>\n<\/div>\n<div class=\"ui-row row-fluid\">\n<div class=\"ui-column span6\">\n<h6><i class=\"list-icon 14px fontawesome-ok\"><\/i>Tr\u1ef1c ti\u1ebfp nh\u1eadp kh\u1ea9u t\u1eeb nh\u00e0 m\u00e1y s\u1ea3n xu\u1ea5t<\/h6>\n<h6><i class=\"list-icon 14px fontawesome-ok\"><\/i>Nhi\u1ec1u c\u00f4ng su\u1ea5t v\u00e0 gi\u00e1 c\u1ea3 ph\u00f9 h\u1ee3p v\u1edbi t\u1eebng nhu c\u1ea7u<i class=\"list-icon 14px fontawesome-ok\"><\/i><\/h6>\n<h6><i class=\"list-icon 14px fontawesome-ok\"><\/i>\u0110\u01b0\u1ee3c chuy\u00ean gia k\u1ef9 thu\u1eadt ki\u1ec3m tra ch\u1ea5t l\u01b0\u1ee3ng<\/h6>\n<\/div>\n<div class=\"ui-column span6\">\n<h6><i class=\"list-icon 14px fontawesome-ok\"><\/i>Ch\u1ebf \u0111\u1ed9 b\u1ea3o h\u00e0nh d\u00e0i h\u1ea1n<\/h6>\n<h6><i class=\"list-icon 14px fontawesome-ok\"><\/i>Lu\u00f4n lu\u00f4n c\u00f3 s\u1eb5n linh ki\u1ec7n \u0111\u1ec3 thay th\u1ebf<\/h6>\n<h6><i class=\"list-icon 14px fontawesome-ok\"><\/i>Ch\u00ednh s\u00e1ch gi\u00e1 t\u1ed1t v\u00e0 lu\u00f4n l\u00e0 gi\u00e1 t\u1ed1t nh\u1ea5t<\/h6>\n<h6><i class=\"list-icon 14px fontawesome-ok\"><\/i>T\u01b0 v\u1ea5n ph\u00f9 h\u1ee3p v\u1edbi nhu c\u1ea7u th\u1ef1c t\u1ebf c\u1ee7a b\u1ea1n<\/h6>\n<h6><i class=\"list-icon 14px fontawesome-ok\"><\/i>X\u1eed l\u00fd s\u1ef1 c\u1ed1 v\u00e0 khi\u1ebfu n\u1ea1i ngay l\u1eadp t\u1ee9c<\/h6>\n<h6><i class=\"list-icon 14px fontawesome-ok\"><\/i>T\u01b0 v\u1ea5n nhi\u1ec1u h\u01a1n cho c\u00f4ng vi\u1ec7c kinh doanh c\u1ee7a b\u1ea1n<\/h6>\n<\/div>\n<\/div>\n","protected":false},"featured_media":3951,"comment_status":"open","ping_status":"closed","template":"","meta":{"om_disable_all_campaigns":false,"_mi_skip_tracking":false,"_monsterinsights_sitenote_active":false,"_monsterinsights_sitenote_note":"","_monsterinsights_sitenote_category":0},"product_cat":[46],"product_tag":[],"class_list":["post-3950","product","type-product","status-publish","has-post-thumbnail","hentry","nhom-san-pham-dung-cu-phu-kien-pha-che","product_cat-dung-cu-pha-che"],"_links":{"self":[{"href":"https:\/\/tohagroup.com\/en\/wp-json\/wp\/v2\/product\/3950","targetHints":{"allow":["GET"]}}],"collection":[{"href":"https:\/\/tohagroup.com\/en\/wp-json\/wp\/v2\/product"}],"about":[{"href":"https:\/\/tohagroup.com\/en\/wp-json\/wp\/v2\/types\/product"}],"replies":[{"embeddable":true,"href":"https:\/\/tohagroup.com\/en\/wp-json\/wp\/v2\/comments?post=3950"}],"wp:featuredmedia":[{"embeddable":true,"href":"https:\/\/tohagroup.com\/en\/wp-json\/wp\/v2\/media\/3951"}],"wp:attachment":[{"href":"https:\/\/tohagroup.com\/en\/wp-json\/wp\/v2\/media?parent=3950"}],"wp:term":[{"taxonomy":"product_cat","embeddable":true,"href":"https:\/\/tohagroup.com\/en\/wp-json\/wp\/v2\/product_cat?post=3950"},{"taxonomy":"product_tag","embeddable":true,"href":"https:\/\/tohagroup.com\/en\/wp-json\/wp\/v2\/product_tag?post=3950"}],"curies":[{"name":"wp","href":"https:\/\/api.w.org\/{rel}","templated":true}]}}