{"id":3938,"date":"2022-07-08T04:52:27","date_gmt":"2022-07-08T04:52:27","guid":{"rendered":"https:\/\/demo1.thuythu.vn\/tohagroup\/?post_type=product&#038;p=3938"},"modified":"2022-07-08T04:53:38","modified_gmt":"2022-07-08T04:53:38","slug":"bo-6-ly-su-latte-cao-cap-l-beans","status":"publish","type":"product","link":"https:\/\/tohagroup.com\/en\/san-pham\/bo-6-ly-su-latte-cao-cap-l-beans\/","title":{"rendered":"B\u1ed8 6 LY S\u1ee8 LATTE CAO C\u1ea4P L-BEANS"},"content":{"rendered":"<div class=\"bi6gxh9e\">\n<div class=\"bi6gxh9e\">\n<div class=\"ui--tagline-background-container ui--tagline-background-image radius-3px\">\n<div class=\"auto-format ui--animation\">\n<p>N\u1ebfu b\u1ea1n l\u00e0 m\u1ed9t ng\u01b0\u1eddi kinh doanh ho\u1eb7c \u0111\u01a1n gi\u1ea3n l\u00e0 y\u00eau th\u00edch c\u00e0 ph\u00ea c\u1ee7a \u00dd. Th\u00ec kh\u00f4ng th\u1ec3 kh\u00f4ng s\u1edf h\u1eefu cho m\u00ecnh m\u1ed9t b\u1ed9 ly s\u1ee9 cao c\u1ea5p. C\u00e0 ph\u00ea Latte ch\u1ec9 ngon \u0111\u00fang \u0111i\u1ec7u khi \u0111\u01b0\u1ee3c ch\u1ee9a trong chi\u1ebfc ly s\u1ee9 d\u00e0nh ri\u00eang cho n\u00f3. H\u01b0\u01a1ng v\u1ecb ng\u1ecdt b\u00e9o c\u1ee7a s\u1eefa k\u1ebft h\u1ee3p c\u00f9ng Espresso \u1ea5m \u00e1p v\u00e0 kh\u00f4ng th\u1ec3 thi\u1ebfu c\u1ea3 nh\u1eefng h\u00ecnh \u1ea3nh ngh\u1ec7 thu\u1eadt m\u00e0 c\u00e1c Barista v\u1ebd n\u00ean. \u0110\u00e2y ch\u00ednh l\u00e0 m\u1ed9t ly Latte \u0111\u00fang \u0111i\u1ec7u, v\u1eeba th\u01a1m ngon v\u1eeba ngh\u1ec7 thu\u1eadt, khi\u1ebfn kh\u00f4ng ai c\u00f3 th\u1ec3 ch\u1ed1i t\u1eeb.<\/p>\n<ul>\n<li><strong>B\u1ed9 6 ly s\u1ee9 Latte cao c\u1ea5p \u0111\u1ebfn t\u1eeb L-Beans<\/strong>\u00a0\u0111\u01b0\u1ee3c l\u00e0m t\u1eeb s\u1ee9 cao c\u1ea5p.<\/li>\n<li>V\u1edbi c\u00f4ng ngh\u1ec7 tinh l\u1ecdc c\u1eb7n b\u00e3 v\u00e0 t\u1ea1p ch\u1ea5t trong g\u1ed1m.<\/li>\n<li>Ly s\u1ee9 Latte cao c\u1ea5p L-Beans \u0111\u01b0\u1ee3c ch\u1ebf t\u00e1c v\u1edbi h\u00ecnh tr\u1ee5 b\u1ea7u, l\u1edbp men g\u1ed1m d\u1ea7y v\u00e0 l\u1edbp ngo\u00e0i b\u00f3ng lo\u00e1ng.<\/li>\n<li>6 chi\u1ebfc ly l\u00e0 6 m\u00e0u s\u1eafc kh\u00e1c nhau \u0111\u1ec3 c\u00e1c b\u1ea1n tu\u1ef3 \u00fd l\u1ef1a ch\u1ecdn theo s\u1edf th\u00edch.<\/li>\n<\/ul>\n<\/div>\n<\/div>\n<\/div>\n<\/div>\n<p>\u0110\u1ec3 \u0111\u1ea3m b\u1ea3o mua D\u1ee4NG C\u1ee4 PHA CH\u1ebe<strong>\u00a0<\/strong>ch\u00ednh h\u00e3ng vui l\u00f2ng t\u1edbi tr\u1ef1c ti\u1ebfp Showroom c\u1ee7a TohaGroup tr\u00ean to\u00e0n qu\u1ed1c ho\u1eb7c \u0111\u1eb7t h\u00e0ng t\u1ea1i Website www.tohagroup.com \u2013 Ho\u1eb7c g\u1ecdi tr\u1ef1c ti\u1ebfp t\u1edbi <a href=\"tel:0867896096\" target=\"_blank\" rel=\"nofollow noopener\"><strong>Hotline: 08 6789 6096<\/strong><\/a>\u00a0\u0111\u1ec3 \u0111\u01b0\u1ee3c h\u1ed7 tr\u1ee3 \u0111\u1eb7t h\u00e0ng nhanh.<\/p>\n<p>&nbsp;<\/p>\n","protected":false},"excerpt":{"rendered":"<h4 class=\"promoadd__ttl\" style=\"text-align: left;\"><span style=\"color: #ff0000;\"><strong><i>\u2666 2 \u01afU \u0110\u00c3I TH\u00caM<\/i><\/strong><\/span><\/h4>\n<h5 class=\"promoadd__ttl\" style=\"text-align: left;\">D\u1ef1 ki\u1ebfn \u00e1p d\u1ee5ng \u0111\u1ebfn 23:00 30\/07<\/h5>\n<div class=\"promo_BHX\">\n<div class=\"l2\">\n<h6>Mua c\u00e0 ph\u00ea v\u1edbi \u01b0u \u0111\u00e3i mua 10 t\u1eb7ng 2<\/h6>\n<\/div>\n<\/div>\n<h6><i class=\"icondetail-tick\"><\/i>Gi\u1ea3m 10% gi\u00e1 M\u00e1y xay sinh t\u1ed1 v\u00e0 M\u00e1y \u00e9p khi mua k\u00e8m<i class=\"icondetail-tick\"><\/i><\/h6>\n<p>&nbsp;<\/p>\n<div class=\"ui--title ui--animation ui--title-bordered text-center\">\n<div class=\"ui--title-holder\">\n<h4 class=\"ui--title-text\"><strong><em><span style=\"color: #ff0000;\">\u2666 T\u1ea0I SAO B\u1ea0N N\u00caN CH\u1eccN S\u1ea2N PH\u1ea8M C\u1ee6A CH\u00daNG T\u00d4I<\/span><\/em><\/strong><\/h4>\n<\/div>\n<\/div>\n<div class=\"ui-row row-fluid\">\n<div class=\"ui-column span6\">\n<h6><i class=\"list-icon 14px fontawesome-ok\"><\/i>Tr\u1ef1c ti\u1ebfp nh\u1eadp kh\u1ea9u t\u1eeb nh\u00e0 m\u00e1y s\u1ea3n xu\u1ea5t<\/h6>\n<h6><i class=\"list-icon 14px fontawesome-ok\"><\/i>Nhi\u1ec1u c\u00f4ng su\u1ea5t v\u00e0 gi\u00e1 c\u1ea3 ph\u00f9 h\u1ee3p v\u1edbi t\u1eebng nhu c\u1ea7u<i class=\"list-icon 14px fontawesome-ok\"><\/i><\/h6>\n<h6><i class=\"list-icon 14px fontawesome-ok\"><\/i>\u0110\u01b0\u1ee3c chuy\u00ean gia k\u1ef9 thu\u1eadt ki\u1ec3m tra ch\u1ea5t l\u01b0\u1ee3ng<\/h6>\n<\/div>\n<div class=\"ui-column span6\">\n<h6><i class=\"list-icon 14px fontawesome-ok\"><\/i>Ch\u1ebf \u0111\u1ed9 b\u1ea3o h\u00e0nh d\u00e0i h\u1ea1n<\/h6>\n<h6><i class=\"list-icon 14px fontawesome-ok\"><\/i>Lu\u00f4n lu\u00f4n c\u00f3 s\u1eb5n linh ki\u1ec7n \u0111\u1ec3 thay th\u1ebf<\/h6>\n<h6><i class=\"list-icon 14px fontawesome-ok\"><\/i>Ch\u00ednh s\u00e1ch gi\u00e1 t\u1ed1t v\u00e0 lu\u00f4n l\u00e0 gi\u00e1 t\u1ed1t nh\u1ea5t<\/h6>\n<h6><i class=\"list-icon 14px fontawesome-ok\"><\/i>T\u01b0 v\u1ea5n ph\u00f9 h\u1ee3p v\u1edbi nhu c\u1ea7u th\u1ef1c t\u1ebf c\u1ee7a b\u1ea1n<\/h6>\n<h6><i class=\"list-icon 14px fontawesome-ok\"><\/i>X\u1eed l\u00fd s\u1ef1 c\u1ed1 v\u00e0 khi\u1ebfu n\u1ea1i ngay l\u1eadp t\u1ee9c<\/h6>\n<h6><i class=\"list-icon 14px fontawesome-ok\"><\/i>T\u01b0 v\u1ea5n nhi\u1ec1u h\u01a1n cho c\u00f4ng vi\u1ec7c kinh doanh c\u1ee7a b\u1ea1n<\/h6>\n<\/div>\n<\/div>\n","protected":false},"featured_media":3939,"comment_status":"open","ping_status":"closed","template":"","meta":{"om_disable_all_campaigns":false,"_mi_skip_tracking":false,"_monsterinsights_sitenote_active":false,"_monsterinsights_sitenote_note":"","_monsterinsights_sitenote_category":0},"product_cat":[46],"product_tag":[],"class_list":["post-3938","product","type-product","status-publish","has-post-thumbnail","hentry","nhom-san-pham-dung-cu-phu-kien-pha-che","product_cat-dung-cu-pha-che"],"_links":{"self":[{"href":"https:\/\/tohagroup.com\/en\/wp-json\/wp\/v2\/product\/3938","targetHints":{"allow":["GET"]}}],"collection":[{"href":"https:\/\/tohagroup.com\/en\/wp-json\/wp\/v2\/product"}],"about":[{"href":"https:\/\/tohagroup.com\/en\/wp-json\/wp\/v2\/types\/product"}],"replies":[{"embeddable":true,"href":"https:\/\/tohagroup.com\/en\/wp-json\/wp\/v2\/comments?post=3938"}],"wp:featuredmedia":[{"embeddable":true,"href":"https:\/\/tohagroup.com\/en\/wp-json\/wp\/v2\/media\/3939"}],"wp:attachment":[{"href":"https:\/\/tohagroup.com\/en\/wp-json\/wp\/v2\/media?parent=3938"}],"wp:term":[{"taxonomy":"product_cat","embeddable":true,"href":"https:\/\/tohagroup.com\/en\/wp-json\/wp\/v2\/product_cat?post=3938"},{"taxonomy":"product_tag","embeddable":true,"href":"https:\/\/tohagroup.com\/en\/wp-json\/wp\/v2\/product_tag?post=3938"}],"curies":[{"name":"wp","href":"https:\/\/api.w.org\/{rel}","templated":true}]}}