{"id":3723,"date":"2022-07-07T02:30:40","date_gmt":"2022-07-07T02:30:40","guid":{"rendered":"https:\/\/demo1.thuythu.vn\/tohagroup\/?post_type=product&#038;p=3723"},"modified":"2022-12-22T13:38:30","modified_gmt":"2022-12-22T06:38:30","slug":"may-xay-sinh-to-jtc-omniblend-tm-800a","status":"publish","type":"product","link":"https:\/\/tohagroup.com\/en\/san-pham\/may-xay-sinh-to-jtc-omniblend-tm-800a\/","title":{"rendered":"M\u00e1y xay sinh t\u1ed1 JTC Omniblend TM-800A"},"content":{"rendered":"<div class=\"bi6gxh9e\">\n<div class=\"bi6gxh9e\">\n<div class=\"ui--tagline-background-container ui--tagline-background-image radius-3px\"><\/div>\n<p>M\u00e1y xay<strong>\u00a0JTC OmniBlend TM-800A<\/strong> kh\u00f4ng ch\u1ec9 l\u00e0 \u00a0m\u00e1y xay sinh t\u1ed1, m\u00e0 c\u00f2n l\u00e0 m\u1ed9t m\u00e1y xay th\u1ef1c ph\u1ea9m chu\u1ea9n b\u1ecb cho nh\u00e0 b\u1ebfp chuy\u00ean nghi\u1ec7p. N\u00f3 c\u00f3 kh\u1ea3 n\u0103ng ch\u1ebf bi\u1ebfn m\u1ed9t l\u01b0\u1ee3ng l\u1edbn c\u00e1c lo\u1ea1i th\u1ef1c ph\u1ea9m v\u1edbi s\u1ee9c m\u1ea1nh pha tr\u1ed9n v\u01b0\u1ee3t tr\u1ed9i v\u00e0 hi\u1ec7u qu\u1ea3. B\u1ea5t k\u1ec3 s\u1ed1 l\u01b0\u1ee3ng x\u1eed l\u00fd, k\u1ebft qu\u1ea3 l\u00e0 lu\u00f4n lu\u00f4n ho\u00e0n h\u1ea3o nh\u1edd \u0111\u1ed9ng c\u01a1 m\u1ea1nh m\u1ebd c\u1ee7a n\u00f3 v\u00e0 t\u1ed1i \u01b0u h\u00f3a thi\u1ebft k\u1ebf c\u01a1 kh\u00ed. \u0110\u00f3 l\u00e0 s\u1ef1 l\u1ef1a ch\u1ecdn t\u1ed1t nh\u1ea5t cho ngh\u1ec7 thu\u1eadt \u1ea9m th\u1ef1c v\u00e0 ngh\u1ec7 thu\u1eadt pha ch\u1ebf \u0111\u1ed3 u\u1ed1ng<\/p>\n<div class=\"ui--tagline-background-container ui--tagline-background-image radius-3px\"><img decoding=\"async\" class=\"aligncenter wp-image-3740 size-large\" src=\"https:\/\/tohagroup.com\/wp-content\/uploads\/2022\/07\/JTC-Omniblend-TM-800A-01-1024x585.png\" alt=\"\" width=\"1024\" height=\"585\" srcset=\"https:\/\/tohagroup.com\/wp-content\/uploads\/2022\/07\/JTC-Omniblend-TM-800A-01-1024x585.png 1024w, https:\/\/tohagroup.com\/wp-content\/uploads\/2022\/07\/JTC-Omniblend-TM-800A-01-300x171.png 300w, https:\/\/tohagroup.com\/wp-content\/uploads\/2022\/07\/JTC-Omniblend-TM-800A-01-768x439.png 768w, https:\/\/tohagroup.com\/wp-content\/uploads\/2022\/07\/JTC-Omniblend-TM-800A-01-1536x878.png 1536w, https:\/\/tohagroup.com\/wp-content\/uploads\/2022\/07\/JTC-Omniblend-TM-800A-01-2048x1171.png 2048w, https:\/\/tohagroup.com\/wp-content\/uploads\/2022\/07\/JTC-Omniblend-TM-800A-01-600x343.png 600w\" sizes=\"(max-width: 1024px) 100vw, 1024px\" \/><\/div>\n<div class=\"ui--tagline-content\">\n<div class=\"ui-row row-fluid\">\n<div class=\"ui-column span6\">\n<div class=\"auto-format ui--animation\">\n<p><strong>Motor c\u00f4ng su\u1ea5t m\u1ea1nh m\u1ebd<\/strong><\/p>\n<p>M\u00e1y l\u00e0m c\u00e0 ph\u00ea \u0111\u00e1 xay OmniBlend V \u2013 TM800A \u0111\u01b0\u1ee3c trang b\u1ecb Motor v\u1edbi t\u1ed1c \u0111\u1ed9 quay 10,000 \u2013 38,000 v\u00f2ng v\u1edbi thi\u1ebft k\u1ebf s\u00e1ng t\u1ea1o c\u1ee7a c\u00e1nh qu\u1ea1t gi\u1ea3i nhi\u1ec7t gi\u00fap motor lu\u00f4n \u0111\u01b0\u1ee3c l\u00e0m m\u00e1t li\u00ean t\u1ee5c ho\u1ea1t \u0111\u1ed9ng \u0111\u1ea1t hi\u1ec7u qu\u1ea3 cao nh\u1ea5t m\u00e0 kh\u00f4ng b\u1ecb qu\u00e1 t\u1ea3i. Ti\u1ebfng \u1ed3n 85 dB \u0111\u1ea1t qui chu\u1ea9n ti\u1ebfng \u1ed3n cho ph\u00e9p c\u1ee7a Ch\u00e2u \u00c2u, nh\u1ecf h\u01a1n ti\u1ebfng \u1ed3n c\u00e1c lo\u1ea1i m\u00e1y kh\u00e1c c\u00f9ng c\u00f4ng su\u1ea5t.<\/p>\n<p>V\u1edbi c\u00f4ng su\u1ea5t m\u00e1y 950 W, thi\u1ebft b\u1ecb n\u00e0y ph\u00f9 h\u1ee3p s\u1eed d\u1ee5ng cho gia \u0111\u00ecnh v\u00e0 c\u00e1c c\u01a1 s\u1edf th\u01b0\u01a1ng m\u1ea1i nh\u01b0 qu\u00e1n c\u00e0 ph\u00ea, qu\u00e1n bar, nh\u00e0 h\u00e0ng.<\/p>\n<\/div>\n<\/div>\n<\/div>\n<\/div>\n<p><img decoding=\"async\" class=\"aligncenter wp-image-3728 size-large\" src=\"https:\/\/tohagroup.com\/wp-content\/uploads\/2022\/07\/May-xay-sinh-to-Omniblend-03-1024x585.png\" alt=\"\" width=\"1024\" height=\"585\" srcset=\"https:\/\/tohagroup.com\/wp-content\/uploads\/2022\/07\/May-xay-sinh-to-Omniblend-03-1024x585.png 1024w, https:\/\/tohagroup.com\/wp-content\/uploads\/2022\/07\/May-xay-sinh-to-Omniblend-03-300x171.png 300w, https:\/\/tohagroup.com\/wp-content\/uploads\/2022\/07\/May-xay-sinh-to-Omniblend-03-768x439.png 768w, https:\/\/tohagroup.com\/wp-content\/uploads\/2022\/07\/May-xay-sinh-to-Omniblend-03-1536x878.png 1536w, https:\/\/tohagroup.com\/wp-content\/uploads\/2022\/07\/May-xay-sinh-to-Omniblend-03-2048x1171.png 2048w, https:\/\/tohagroup.com\/wp-content\/uploads\/2022\/07\/May-xay-sinh-to-Omniblend-03-600x343.png 600w\" sizes=\"(max-width: 1024px) 100vw, 1024px\" \/><\/p>\n<div class=\"ui--tagline-background-container ui--tagline-background-image radius-3px\"><\/div>\n<div class=\"ui--tagline-content\">\n<div class=\"ui-row row-fluid\">\n<div class=\"ui-column span6\">\n<div class=\"auto-format ui--animation\">\n<p><strong>C\u1ed1i xay l\u00e0m b\u1eb1ng ch\u1ea5t li\u1ec7u an to\u00e0n<\/strong><\/p>\n<p>C\u1ed1i xay 1,5 l\u00edt l\u00e0m b\u1eb1ng ch\u1ea5t li\u1ec7u nh\u1ef1a ch\u1ecbu l\u1ef1c Polycarbonate, ch\u1ecbu l\u1ef1c va \u0111\u1eadp, nhi\u1ec7t \u0111\u1ed9 cao 120 \u0111\u1ed9 C. Nh\u1eb1m \u0111\u00e1p \u1ee9ng nh\u1eefng y\u00eau c\u1ea7u kh\u1eaft khe c\u1ee7a th\u1ecb tr\u01b0\u1eddng M\u1ef9 v\u00e0 Ch\u00e2u \u00c2u ch\u1ea5t li\u1ec7u l\u00e0m c\u1ed1i xay c\u00f2n \u0111\u1ea1t th\u00eam m\u1ed9t ti\u00eau chu\u1ea9n r\u1ea5t quan tr\u1ecdng l\u00e0 FREE BPA, kh\u00f4ng g\u00e2y h\u1ea1i cho s\u1ee9c kh\u1ecfe con ng\u01b0\u1eddi do c\u00e1c t\u1ed5 ch\u1ee9c uy t\u00edn c\u00f4ng nh\u1eadn nh\u01b0 European Commission For Food Safety, FDA, Underwriters Laboratory. T\u00ednh n\u0103ng n\u1ed5i tr\u1ed9i n\u1eefa c\u1ee7a thi\u1ebft k\u1ebf c\u1ed1i xay 1,5 l\u00edt n\u00e0y l\u00e0 c\u00f3 th\u1ec3 xay 1 ly r\u1ea5t hi\u1ec7u qu\u1ea3, kh\u00f4ng b\u1ecb d\u00ednh v\u00e0o th\u00e0nh c\u1ed1i nh\u01b0 h\u1ea7u h\u1ebft c\u00e1c lo\u1ea1i c\u1ed1i th\u00f4ng th\u01b0\u1eddng kh\u00e1c.<\/p>\n<\/div>\n<\/div>\n<\/div>\n<\/div>\n<p><img decoding=\"async\" class=\"aligncenter wp-image-3726 size-large\" src=\"https:\/\/tohagroup.com\/wp-content\/uploads\/2022\/07\/May-xay-sinh-to-Omniblend-06-1024x585.png\" alt=\"\" width=\"1024\" height=\"585\" srcset=\"https:\/\/tohagroup.com\/wp-content\/uploads\/2022\/07\/May-xay-sinh-to-Omniblend-06-1024x585.png 1024w, https:\/\/tohagroup.com\/wp-content\/uploads\/2022\/07\/May-xay-sinh-to-Omniblend-06-300x171.png 300w, https:\/\/tohagroup.com\/wp-content\/uploads\/2022\/07\/May-xay-sinh-to-Omniblend-06-768x439.png 768w, https:\/\/tohagroup.com\/wp-content\/uploads\/2022\/07\/May-xay-sinh-to-Omniblend-06-1536x878.png 1536w, https:\/\/tohagroup.com\/wp-content\/uploads\/2022\/07\/May-xay-sinh-to-Omniblend-06-2048x1170.png 2048w, https:\/\/tohagroup.com\/wp-content\/uploads\/2022\/07\/May-xay-sinh-to-Omniblend-06-600x343.png 600w\" sizes=\"(max-width: 1024px) 100vw, 1024px\" \/><\/p>\n<p><strong>Nhi\u1ec1u ch\u1ebf \u0111\u1ed9 \u0111\u1ec3 d\u1ec5 d\u00e0ng s\u1eed d\u1ee5ng<\/strong><\/p>\n<p>Ch\u1ebf \u0111\u1ed9 Pulse s\u1ebd gi\u00fap b\u1ea1n \u0111\u1ea3o, tr\u1ed9n \u0111\u1ec1u c\u00e1c nguy\u00ean li\u1ec7u v\u00e0 xay nhuy\u1ec5n h\u01a1n. M\u00e1y c\u00f3 ch\u1ebf \u0111\u1ed9 \u0111i\u1ec1u t\u1ed1c, b\u1eaft \u0111\u1ea7u xay v\u1edbi t\u1ed1c \u0111\u1ed9 th\u00f4ng th\u01b0\u1eddng v\u00e0 t\u0103ng nhanh d\u1ea7n. C\u00f3 th\u1ec3 c\u00e0i \u0111\u1eb7t th\u1eddi gian xay t\u1ef1 \u0111\u1ed9ng v\u1edbi 3 m\u1ee9c: 35, 60 v\u00e0 90 gi\u00e2y. M\u00e1y kh\u00f4ng c\u00f3 n\u00fat \u0111i\u1ec1u ch\u1ec9nh t\u1ed1c \u0111\u1ed9 min \u2013 max b\u1eb1ng tay, thay v\u00e0o \u0111\u00f3 l\u00e0 3 n\u00fat ch\u1ecdn t\u1ed1c \u0111\u1ed9: th\u1ea5p, trung v\u00e0 cao.<\/p>\n<p><img decoding=\"async\" class=\"aligncenter wp-image-3724 size-large\" src=\"https:\/\/tohagroup.com\/wp-content\/uploads\/2022\/07\/May-xay-sinh-to-Omniblend-05-1024x585.png\" alt=\"\" width=\"1024\" height=\"585\" srcset=\"https:\/\/tohagroup.com\/wp-content\/uploads\/2022\/07\/May-xay-sinh-to-Omniblend-05-1024x585.png 1024w, https:\/\/tohagroup.com\/wp-content\/uploads\/2022\/07\/May-xay-sinh-to-Omniblend-05-300x171.png 300w, https:\/\/tohagroup.com\/wp-content\/uploads\/2022\/07\/May-xay-sinh-to-Omniblend-05-768x439.png 768w, https:\/\/tohagroup.com\/wp-content\/uploads\/2022\/07\/May-xay-sinh-to-Omniblend-05-1536x878.png 1536w, https:\/\/tohagroup.com\/wp-content\/uploads\/2022\/07\/May-xay-sinh-to-Omniblend-05-2048x1171.png 2048w, https:\/\/tohagroup.com\/wp-content\/uploads\/2022\/07\/May-xay-sinh-to-Omniblend-05-600x343.png 600w\" sizes=\"(max-width: 1024px) 100vw, 1024px\" \/><\/p>\n<p><strong>L\u01b0\u1ee1i dao b\u1ec1n b\u1ec9 theo th\u1eddi gian<\/strong><\/p>\n<p>B\u1ed9 dao 6 l\u01b0\u1ee1i l\u00e0 b\u1ed9 ph\u1eadn quan tr\u1ecdng nh\u1ea5t c\u1ee7a m\u00e1y xay, OmniBlend V-TM800A \u0111\u00e3 ch\u1ebf t\u1ea1o b\u1ed9 dao 6 l\u01b0\u1ee1i b\u1eb1ng Th\u00e9p Si\u00eau B\u1ec1n c\u1ee7a Nh\u1eadt B\u1ea3n, v\u1edbi thi\u1ebft k\u1ebf n\u00e0y gi\u00fap dao c\u00f3 th\u1ec3 \u0111\u00e1p \u1ee9ng \u0111\u01b0\u1ee3c t\u1ea5t c\u1ea3 c\u00e1c ch\u1ee9c n\u0103ng xay Kh\u00f4, \u01af\u1edbt, Nguy\u00ean Li\u1ec7u C\u1ee9ng. Quan tr\u1ecdng h\u01a1n h\u1ebft l\u00e0 ch\u1ee9c n\u0103ng Xay \u0110\u00e1 trong th\u1eddi gian ng\u1eafn nh\u1ea5t, \u0111\u00e1p \u1ee9ng y\u00eau c\u1ea7u Xay \u0110\u00e1 Tuy\u1ebft c\u00e1c m\u00f3n Cafe \u0110\u00e1 Xay, Smoothies \u2026<\/p>\n<p><img decoding=\"async\" class=\"aligncenter wp-image-3730 size-large\" src=\"https:\/\/tohagroup.com\/wp-content\/uploads\/2022\/07\/May-xay-sinh-to-Omniblend-04-1024x585.png\" alt=\"\" width=\"1024\" height=\"585\" srcset=\"https:\/\/tohagroup.com\/wp-content\/uploads\/2022\/07\/May-xay-sinh-to-Omniblend-04-1024x585.png 1024w, https:\/\/tohagroup.com\/wp-content\/uploads\/2022\/07\/May-xay-sinh-to-Omniblend-04-300x171.png 300w, https:\/\/tohagroup.com\/wp-content\/uploads\/2022\/07\/May-xay-sinh-to-Omniblend-04-768x439.png 768w, https:\/\/tohagroup.com\/wp-content\/uploads\/2022\/07\/May-xay-sinh-to-Omniblend-04-1536x878.png 1536w, https:\/\/tohagroup.com\/wp-content\/uploads\/2022\/07\/May-xay-sinh-to-Omniblend-04-2048x1170.png 2048w, https:\/\/tohagroup.com\/wp-content\/uploads\/2022\/07\/May-xay-sinh-to-Omniblend-04-600x343.png 600w\" sizes=\"(max-width: 1024px) 100vw, 1024px\" \/><\/p>\n<p>Ngo\u00e0i ra b\u1ea1n kh\u00f4ng c\u1ea7n ph\u1ea3i lo l\u1eafng v\u1ec1 v\u1ea5n \u0111\u1ec1 t\u1ea3i c\u1ee7a m\u00e1y, v\u00ec \u0111\u1ed9ng c\u01a1 c\u1ee7a m\u00e1y xay sinh t\u1ed1 c\u00f3 trang b\u1ecb ch\u1ebf \u0111\u1ed9 b\u1ea3o v\u1ec7 qu\u00e1 t\u1ea3i v\u00e0 qu\u00e1 nhi\u1ec7t \u0111\u1ed9. Ch\u1ebf \u0111\u1ed9 thi\u1ebft l\u1eadp t\u00ecnh tr\u1ea1ng ch\u1ed1ng qu\u00e1 t\u1ea3i tr\u00ean c\u01a1 s\u1edf ho\u1ea1t \u0111\u1ed9ng c\u1ee7a m\u00e1y v\u00e0 c\u1ea3m bi\u1ebfn nhi\u1ec7t b\u1ea3o v\u1ec7 \u0111\u1ed9ng c\u01a1 trong tr\u01b0\u1eddng h\u1ee3p m\u00e1y qu\u00e1 n\u00f3ng do s\u1eed d\u1ee5ng l\u00e2u<\/p>\n<\/div>\n<\/div>\n<h2 id=\"ftoc-heading-10\" class=\"p1 ftwp-heading\"><b>TohaGroup \u2013 Cung c\u1ea5p gi\u1ea3i ph\u00e1p cho m\u1ed9t ly c\u00e0 ph\u00ea ngon<\/b><\/h2>\n<p>=&gt;&gt;\u00a0<em>Tham kh\u1ea3o th\u00f4ng tin v\u00e0 c\u00e1c s\u1ea3n ph\u1ea9m <a href=\"https:\/\/demo1.thuythu.vn\/tohagroup\/shop\/\" target=\"_blank\" rel=\"nofollow noopener\">M\u00e1y pha c\u00e0 ph\u00ea<\/a> t\u1ea1i website ch\u00ednh h\u00e3ng www.tohagroup.com<\/em><\/p>\n<p>\u0110\u1ec3 \u0111\u1ea3m b\u1ea3o mua <strong>M\u00e1y xay sinh t\u1ed1 OmniBlend <\/strong>ch\u00ednh h\u00e3ng vui l\u00f2ng t\u1edbi tr\u1ef1c ti\u1ebfp Showroom c\u1ee7a TohaGroup tr\u00ean to\u00e0n qu\u1ed1c ho\u1eb7c \u0111\u1eb7t h\u00e0ng t\u1ea1i Website www.tohagroup.com \u2013 Ho\u1eb7c g\u1ecdi tr\u1ef1c ti\u1ebfp t\u1edbi <a href=\"tel:0867896096\" target=\"_blank\" rel=\"nofollow noopener\"><strong>Hotline: 08 6789 6096<\/strong><\/a>\u00a0\u0111\u1ec3 \u0111\u01b0\u1ee3c h\u1ed7 tr\u1ee3 \u0111\u1eb7t h\u00e0ng nhanh.<\/p>\n<p>&nbsp;<\/p>\n","protected":false},"excerpt":{"rendered":"<h4 class=\"promoadd__ttl\" style=\"text-align: left;\"><span style=\"color: #ff0000;\"><strong><i>\u2666 2 \u01afU \u0110\u00c3I TH\u00caM<\/i><\/strong><\/span><\/h4>\n<h5 class=\"promoadd__ttl\" style=\"text-align: left;\">D\u1ef1 ki\u1ebfn \u00e1p d\u1ee5ng \u0111\u1ebfn 23:00 30\/07<\/h5>\n<div class=\"promo_BHX\">\n<div class=\"l2\">\n<p>Mua c\u00e0 ph\u00ea v\u1edbi \u01b0u \u0111\u00e3i mua 10 t\u1eb7ng 2<\/p>\n<\/div>\n<\/div>\n<h6><i class=\"icondetail-tick\"><\/i>Gi\u1ea3m 10% gi\u00e1 M\u00e1y xay sinh t\u1ed1 v\u00e0 M\u00e1y \u00e9p khi mua k\u00e8m<i class=\"icondetail-tick\"><\/i><\/h6>\n<p>&nbsp;<\/p>\n<div class=\"ui--title ui--animation ui--title-bordered text-center\">\n<div class=\"ui--title-holder\">\n<h4 class=\"ui--title-text\"><strong><em><span style=\"color: #ff0000;\">\u2666 T\u1ea0I SAO B\u1ea0N N\u00caN CH\u1eccN S\u1ea2N PH\u1ea8M C\u1ee6A CH\u00daNG T\u00d4I<\/span><\/em><\/strong><\/h4>\n<\/div>\n<\/div>\n<div class=\"ui-row row-fluid\">\n<div class=\"ui-column span6\">\n<h6><i class=\"list-icon 14px fontawesome-ok\"><\/i>Tr\u1ef1c ti\u1ebfp nh\u1eadp kh\u1ea9u t\u1eeb nh\u00e0 m\u00e1y s\u1ea3n xu\u1ea5t<\/h6>\n<h6><i class=\"list-icon 14px fontawesome-ok\"><\/i>Nhi\u1ec1u c\u00f4ng su\u1ea5t v\u00e0 gi\u00e1 c\u1ea3 ph\u00f9 h\u1ee3p v\u1edbi t\u1eebng nhu c\u1ea7u<i class=\"list-icon 14px fontawesome-ok\"><\/i><\/h6>\n<h6><i class=\"list-icon 14px fontawesome-ok\"><\/i>\u0110\u01b0\u1ee3c chuy\u00ean gia k\u1ef9 thu\u1eadt ki\u1ec3m tra ch\u1ea5t l\u01b0\u1ee3ng<\/h6>\n<\/div>\n<div class=\"ui-column span6\">\n<h6><i class=\"list-icon 14px fontawesome-ok\"><\/i>Ch\u1ebf \u0111\u1ed9 b\u1ea3o h\u00e0nh d\u00e0i h\u1ea1n<\/h6>\n<h6><i class=\"list-icon 14px fontawesome-ok\"><\/i>Lu\u00f4n lu\u00f4n c\u00f3 s\u1eb5n linh ki\u1ec7n \u0111\u1ec3 thay th\u1ebf<\/h6>\n<h6><i class=\"list-icon 14px fontawesome-ok\"><\/i>Ch\u00ednh s\u00e1ch gi\u00e1 t\u1ed1t v\u00e0 lu\u00f4n l\u00e0 gi\u00e1 t\u1ed1t nh\u1ea5t<\/h6>\n<h6><i class=\"list-icon 14px fontawesome-ok\"><\/i>T\u01b0 v\u1ea5n ph\u00f9 h\u1ee3p v\u1edbi nhu c\u1ea7u th\u1ef1c t\u1ebf c\u1ee7a b\u1ea1n<\/h6>\n<h6><i class=\"list-icon 14px fontawesome-ok\"><\/i>X\u1eed l\u00fd s\u1ef1 c\u1ed1 v\u00e0 khi\u1ebfu n\u1ea1i ngay l\u1eadp t\u1ee9c<\/h6>\n<h6><i class=\"list-icon 14px fontawesome-ok\"><\/i>T\u01b0 v\u1ea5n nhi\u1ec1u h\u01a1n cho c\u00f4ng vi\u1ec7c kinh doanh c\u1ee7a b\u1ea1n<\/h6>\n<\/div>\n<\/div>\n","protected":false},"featured_media":3736,"comment_status":"open","ping_status":"closed","template":"","meta":{"om_disable_all_campaigns":false,"_mi_skip_tracking":false,"_monsterinsights_sitenote_active":false,"_monsterinsights_sitenote_note":"","_monsterinsights_sitenote_category":0},"product_cat":[59],"product_tag":[],"class_list":["post-3723","product","type-product","status-publish","has-post-thumbnail","hentry","nhom-san-pham-may-xay-sinh-to-may-ep-may-lam-da","product_cat-may-xay-sinh-to"],"_links":{"self":[{"href":"https:\/\/tohagroup.com\/en\/wp-json\/wp\/v2\/product\/3723","targetHints":{"allow":["GET"]}}],"collection":[{"href":"https:\/\/tohagroup.com\/en\/wp-json\/wp\/v2\/product"}],"about":[{"href":"https:\/\/tohagroup.com\/en\/wp-json\/wp\/v2\/types\/product"}],"replies":[{"embeddable":true,"href":"https:\/\/tohagroup.com\/en\/wp-json\/wp\/v2\/comments?post=3723"}],"wp:featuredmedia":[{"embeddable":true,"href":"https:\/\/tohagroup.com\/en\/wp-json\/wp\/v2\/media\/3736"}],"wp:attachment":[{"href":"https:\/\/tohagroup.com\/en\/wp-json\/wp\/v2\/media?parent=3723"}],"wp:term":[{"taxonomy":"product_cat","embeddable":true,"href":"https:\/\/tohagroup.com\/en\/wp-json\/wp\/v2\/product_cat?post=3723"},{"taxonomy":"product_tag","embeddable":true,"href":"https:\/\/tohagroup.com\/en\/wp-json\/wp\/v2\/product_tag?post=3723"}],"curies":[{"name":"wp","href":"https:\/\/api.w.org\/{rel}","templated":true}]}}