{"id":3691,"date":"2022-07-06T09:58:10","date_gmt":"2022-07-06T09:58:10","guid":{"rendered":"https:\/\/demo1.thuythu.vn\/tohagroup\/?post_type=product&#038;p=3691"},"modified":"2022-12-22T13:40:36","modified_gmt":"2022-12-22T06:40:36","slug":"may-xay-sinh-to-vitamix-drink-machine-advance","status":"publish","type":"product","link":"https:\/\/tohagroup.com\/en\/san-pham\/may-xay-sinh-to-vitamix-drink-machine-advance\/","title":{"rendered":"M\u00e1y xay sinh t\u1ed1 Vitamix Drink Machine Advance"},"content":{"rendered":"<div class=\"bi6gxh9e\">\n<div class=\"bi6gxh9e\">\n<div class=\"ui--tagline-background-container ui--tagline-background-image radius-3px\"><\/div>\n<div class=\"ui--tagline-content\">\n<div class=\"ui-row row-fluid\">\n<div class=\"ui-column span6\">\n<div class=\"auto-format ui--animation\">\n<p>B\u1ea1n \u0111\u00e3 bao gi\u1edd ngh\u0129 \u0111\u1ebfn vi\u1ec7c c\u00f3 th\u1ec3 l\u00e0m \u0111\u01b0\u1ee3c m\u1ecdi th\u1ee9 t\u1eeb m\u00f3n sinh t\u1ed1 \u0111\u1ebfn c\u00e1c lo\u1ea1i s\u1eefa l\u1eafc ch\u1ec9 v\u1edbi m\u1ed9t chi\u1ebfc m\u00e1y ch\u01b0a?<\/p>\n<p>Chi\u1ebfc m\u00e1y xay Drink Machine Advance n\u00e0y ch\u00ednh l\u00e0 m\u1ed9t c\u00f4ng c\u1ee5 h\u1ed7 tr\u1ee3 \u0111\u1eafc l\u1ef1c cho b\u1ea1n trong vi\u1ec7c l\u00e0m phong ph\u00fa th\u00eam th\u1ef1c \u0111\u01a1n gi\u1ea3i kh\u00e1t v\u1edbi c\u00e1c m\u00f3n xay c\u1ee7a m\u00ecnh<\/p>\n<\/div>\n<\/div>\n<\/div>\n<\/div>\n<p>&nbsp;<\/p>\n<p><strong>C\u1ed1i Advance\u00aeVitamix<\/strong><br \/>\nDung t\u00edch c\u1ed1i 32-oz ch\u00ednh l\u00e0 \u0111i\u1ec3m nh\u1ea5n \u0111\u01b0\u1ee3c thi\u1ebft k\u1ebf \u0111\u1eb7c bi\u1ec7t \u0111\u1ec3 mang \u0111\u1ebfn cho b\u1ea1n \u0111\u1ed9 l\u1ea1nh c\u1ea7n thi\u1ebft v\u00e0 \u0111\u1ed9 m\u1ec1m m\u01b0\u1ee3t nh\u1ea5t c\u00f3 th\u1ec3 trong th\u1ee9c u\u1ed1ng c\u1ee7a m\u00ecnh. Tr\u00ean v\u00e0nh c\u1ed1i c\u00f3 mi\u1ec7ng nh\u1ecf gi\u00fap gi\u1ea3m t\u1ec9 l\u1ec7 ch\u1ea3y tr\u00e0n th\u00e0nh ph\u1ea9m ra ngo\u00e0i khi b\u1ea1n r\u00f3t v\u00e0o ly<\/p>\n<p><strong>C\u00e1c ch\u01b0\u01a1ng tr\u00ecnh \u0111\u01b0\u1ee3c t\u1ed1i \u01b0u ho\u00e1<\/strong><br \/>\nS\u00e1u ch\u01b0\u01a1ng tr\u00ecnh \u0111\u01b0\u1ee3c t\u1ed1i \u01b0u ho\u00e1 v\u00e0 ch\u1ee9c n\u0103ng t\u1ef1 \u0111\u1ed9ng b\u1eadt-t\u1eaft s\u1ebd gi\u00fap b\u1ea1n ch\u1ecdn ra \u0111\u01b0\u1ee3c ch\u1ebf \u0111\u1ed9 xay ch\u1ea5t l\u01b0\u1ee3ng v\u00e0 ph\u00f9 h\u1ee3p v\u1edbi y\u00eau c\u1ea7u nh\u1ea5t<\/p>\n<p><img decoding=\"async\" class=\"aligncenter wp-image-3692 size-large\" src=\"https:\/\/tohagroup.com\/wp-content\/uploads\/2022\/07\/may-xay-sinh-to-cong-nghiep-vitamix-drink-machine-advance-03-1024x585.png\" alt=\"\" width=\"1024\" height=\"585\" srcset=\"https:\/\/tohagroup.com\/wp-content\/uploads\/2022\/07\/may-xay-sinh-to-cong-nghiep-vitamix-drink-machine-advance-03-1024x585.png 1024w, https:\/\/tohagroup.com\/wp-content\/uploads\/2022\/07\/may-xay-sinh-to-cong-nghiep-vitamix-drink-machine-advance-03-300x171.png 300w, https:\/\/tohagroup.com\/wp-content\/uploads\/2022\/07\/may-xay-sinh-to-cong-nghiep-vitamix-drink-machine-advance-03-768x439.png 768w, https:\/\/tohagroup.com\/wp-content\/uploads\/2022\/07\/may-xay-sinh-to-cong-nghiep-vitamix-drink-machine-advance-03-1536x878.png 1536w, https:\/\/tohagroup.com\/wp-content\/uploads\/2022\/07\/may-xay-sinh-to-cong-nghiep-vitamix-drink-machine-advance-03-2048x1171.png 2048w, https:\/\/tohagroup.com\/wp-content\/uploads\/2022\/07\/may-xay-sinh-to-cong-nghiep-vitamix-drink-machine-advance-03-600x343.png 600w\" sizes=\"(max-width: 1024px) 100vw, 1024px\" \/><\/p>\n<p><strong>T\u00ednh n\u0103ng Nh\u1ed3i<\/strong><br \/>\nT\u00ednh n\u0103ng Nh\u1ed3i cho ph\u00e9p b\u1ea1n \u0111\u1ea3o tr\u1ed9n l\u1ea1i c\u00e1c nguy\u00ean li\u1ec7u m\u1ed9t l\u1ea7n n\u1eefa \u0111\u1ec3 t\u1ea1o ra \u0111\u01b0\u1ee3c m\u00f3n u\u1ed1ng ho\u00e0n h\u1ea3o nh\u1ea5t theo y\u00eau c\u1ea7u c\u00f3 trong c\u00f4ng th\u1ee9c c\u1ee7a b\u1ea1n<\/p>\n<p><strong>Motor 2-HP<\/strong><br \/>\nMotor m\u1ea1nh m\u1ebd g\u1ea7n 2HP s\u1ebd nghi\u1ec1n c\u00e1c nguy\u00ean li\u1ec7u trong ch\u1edbp m\u1eaft v\u00e0 mang \u0111\u1ebfn cho b\u1ea1n c\u00e1c m\u00f3n u\u1ed1ng \u0111\u00e1 xay hay \u0111\u00f4ng l\u1ea1nh tuy\u1ec7t h\u1ea3o<\/p>\n<\/div>\n<\/div>\n<h2 id=\"ftoc-heading-10\" class=\"p1 ftwp-heading\"><b>TohaGroup \u2013 Cung c\u1ea5p gi\u1ea3i ph\u00e1p cho m\u1ed9t ly c\u00e0 ph\u00ea ngon<\/b><\/h2>\n<p>=&gt;&gt;\u00a0<em>Tham kh\u1ea3o th\u00f4ng tin v\u00e0 c\u00e1c s\u1ea3n ph\u1ea9m <a href=\"https:\/\/demo1.thuythu.vn\/tohagroup\/shop\/\" target=\"_blank\" rel=\"nofollow noopener\">M\u00e1y pha c\u00e0 ph\u00ea<\/a> t\u1ea1i website ch\u00ednh h\u00e3ng www.tohagroup.com<\/em><\/p>\n<p>\u0110\u1ec3 \u0111\u1ea3m b\u1ea3o mua <strong>M\u00e1y xay c\u00e0 ph\u00ea Vitamix Drink Machine Advance <\/strong>ch\u00ednh h\u00e3ng vui l\u00f2ng t\u1edbi tr\u1ef1c ti\u1ebfp Showroom c\u1ee7a TohaGroup tr\u00ean to\u00e0n qu\u1ed1c ho\u1eb7c \u0111\u1eb7t h\u00e0ng t\u1ea1i Website www.tohagroup.com \u2013 Ho\u1eb7c g\u1ecdi tr\u1ef1c ti\u1ebfp t\u1edbi <a href=\"tel:0867896096\" target=\"_blank\" rel=\"nofollow noopener\"><strong>Hotline: 08 6789 6096<\/strong><\/a>\u00a0\u0111\u1ec3 \u0111\u01b0\u1ee3c h\u1ed7 tr\u1ee3 \u0111\u1eb7t h\u00e0ng nhanh.<\/p>\n<p>&nbsp;<\/p>\n","protected":false},"excerpt":{"rendered":"<h4 class=\"promoadd__ttl\" style=\"text-align: left;\"><span style=\"color: #ff0000;\"><strong><i>\u2666 2 \u01afU \u0110\u00c3I TH\u00caM<\/i><\/strong><\/span><\/h4>\n<h5 class=\"promoadd__ttl\" style=\"text-align: left;\">D\u1ef1 ki\u1ebfn \u00e1p d\u1ee5ng \u0111\u1ebfn 23:00 30\/07<\/h5>\n<div class=\"promo_BHX\">\n<div class=\"l2\">\n<p>Mua c\u00e0 ph\u00ea v\u1edbi \u01b0u \u0111\u00e3i mua 10 t\u1eb7ng 2<\/p>\n<\/div>\n<\/div>\n<h6><i class=\"icondetail-tick\"><\/i>Gi\u1ea3m 10% gi\u00e1 M\u00e1y xay sinh t\u1ed1 v\u00e0 M\u00e1y \u00e9p khi mua k\u00e8m<i class=\"icondetail-tick\"><\/i><\/h6>\n<p>&nbsp;<\/p>\n<div class=\"ui--title ui--animation ui--title-bordered text-center\">\n<div class=\"ui--title-holder\">\n<h4 class=\"ui--title-text\"><strong><em><span style=\"color: #ff0000;\">\u2666 T\u1ea0I SAO B\u1ea0N N\u00caN CH\u1eccN S\u1ea2N PH\u1ea8M C\u1ee6A CH\u00daNG T\u00d4I<\/span><\/em><\/strong><\/h4>\n<\/div>\n<\/div>\n<div class=\"ui-row row-fluid\">\n<div class=\"ui-column span6\">\n<h6><i class=\"list-icon 14px fontawesome-ok\"><\/i>Tr\u1ef1c ti\u1ebfp nh\u1eadp kh\u1ea9u t\u1eeb nh\u00e0 m\u00e1y s\u1ea3n xu\u1ea5t<\/h6>\n<h6><i class=\"list-icon 14px fontawesome-ok\"><\/i>Nhi\u1ec1u c\u00f4ng su\u1ea5t v\u00e0 gi\u00e1 c\u1ea3 ph\u00f9 h\u1ee3p v\u1edbi t\u1eebng nhu c\u1ea7u<i class=\"list-icon 14px fontawesome-ok\"><\/i><\/h6>\n<h6><i class=\"list-icon 14px fontawesome-ok\"><\/i>\u0110\u01b0\u1ee3c chuy\u00ean gia k\u1ef9 thu\u1eadt ki\u1ec3m tra ch\u1ea5t l\u01b0\u1ee3ng<\/h6>\n<\/div>\n<div class=\"ui-column span6\">\n<h6><i class=\"list-icon 14px fontawesome-ok\"><\/i>Ch\u1ebf \u0111\u1ed9 b\u1ea3o h\u00e0nh d\u00e0i h\u1ea1n<\/h6>\n<h6><i class=\"list-icon 14px fontawesome-ok\"><\/i>Lu\u00f4n lu\u00f4n c\u00f3 s\u1eb5n linh ki\u1ec7n \u0111\u1ec3 thay th\u1ebf<\/h6>\n<h6><i class=\"list-icon 14px fontawesome-ok\"><\/i>Ch\u00ednh s\u00e1ch gi\u00e1 t\u1ed1t v\u00e0 lu\u00f4n l\u00e0 gi\u00e1 t\u1ed1t nh\u1ea5t<\/h6>\n<h6><i class=\"list-icon 14px fontawesome-ok\"><\/i>T\u01b0 v\u1ea5n ph\u00f9 h\u1ee3p v\u1edbi nhu c\u1ea7u th\u1ef1c t\u1ebf c\u1ee7a b\u1ea1n<\/h6>\n<h6><i class=\"list-icon 14px fontawesome-ok\"><\/i>X\u1eed l\u00fd s\u1ef1 c\u1ed1 v\u00e0 khi\u1ebfu n\u1ea1i ngay l\u1eadp t\u1ee9c<\/h6>\n<h6><i class=\"list-icon 14px fontawesome-ok\"><\/i>T\u01b0 v\u1ea5n nhi\u1ec1u h\u01a1n cho c\u00f4ng vi\u1ec7c kinh doanh c\u1ee7a b\u1ea1n<\/h6>\n<\/div>\n<\/div>\n","protected":false},"featured_media":3702,"comment_status":"open","ping_status":"closed","template":"","meta":{"om_disable_all_campaigns":false,"_mi_skip_tracking":false,"_monsterinsights_sitenote_active":false,"_monsterinsights_sitenote_note":"","_monsterinsights_sitenote_category":0},"product_cat":[59],"product_tag":[],"class_list":["post-3691","product","type-product","status-publish","has-post-thumbnail","hentry","nhom-san-pham-may-xay-sinh-to-may-ep-may-lam-da","product_cat-may-xay-sinh-to"],"_links":{"self":[{"href":"https:\/\/tohagroup.com\/en\/wp-json\/wp\/v2\/product\/3691","targetHints":{"allow":["GET"]}}],"collection":[{"href":"https:\/\/tohagroup.com\/en\/wp-json\/wp\/v2\/product"}],"about":[{"href":"https:\/\/tohagroup.com\/en\/wp-json\/wp\/v2\/types\/product"}],"replies":[{"embeddable":true,"href":"https:\/\/tohagroup.com\/en\/wp-json\/wp\/v2\/comments?post=3691"}],"wp:featuredmedia":[{"embeddable":true,"href":"https:\/\/tohagroup.com\/en\/wp-json\/wp\/v2\/media\/3702"}],"wp:attachment":[{"href":"https:\/\/tohagroup.com\/en\/wp-json\/wp\/v2\/media?parent=3691"}],"wp:term":[{"taxonomy":"product_cat","embeddable":true,"href":"https:\/\/tohagroup.com\/en\/wp-json\/wp\/v2\/product_cat?post=3691"},{"taxonomy":"product_tag","embeddable":true,"href":"https:\/\/tohagroup.com\/en\/wp-json\/wp\/v2\/product_tag?post=3691"}],"curies":[{"name":"wp","href":"https:\/\/api.w.org\/{rel}","templated":true}]}}