{"id":3666,"date":"2022-07-06T08:58:56","date_gmt":"2022-07-06T08:58:56","guid":{"rendered":"https:\/\/demo1.thuythu.vn\/tohagroup\/?post_type=product&#038;p=3666"},"modified":"2022-12-20T13:48:27","modified_gmt":"2022-12-20T06:48:27","slug":"may-xay-ca-phe-remidag-mst-64p-m","status":"publish","type":"product","link":"https:\/\/tohagroup.com\/en\/san-pham\/may-xay-ca-phe-remidag-mst-64p-m\/","title":{"rendered":"M\u00e1y xay c\u00e0 ph\u00ea Remidag MST 64P M (m\u1edbi 85% &#8211; 95%)"},"content":{"rendered":"<div class=\"bi6gxh9e\">\n<div class=\"bi6gxh9e\">\n<p><b>GI\u1edaI THI\u1ec6U<\/b><\/p>\n<p><strong>M\u00e1y xay c\u00e0 ph\u00ea Remidag\u00a0MST 64P M\u00a0<\/strong>l\u00e0 d\u00f2ng m\u00e1y xay t\u1ef1 \u0111\u1ed9ng chuy\u00ean nghi\u1ec7p \u0111\u1ebfn t\u1eeb \u00dd. X\u1ee9ng \u0111\u00e1ng l\u00e0 m\u1ed9t c\u1ed7 m\u00e1y hu\u1ef7 di\u1ec7t, khi\u1ebfn c\u00e1c \u0111\u1ed1i th\u1ee7 l\u1edbn m\u1ea1nh nh\u1ea5t c\u0169ng ph\u1ea3i d\u00e8 ch\u1eebng.<\/p>\n<p>Thi\u1ebft k\u1ebf m\u00e1y nh\u1ecf g\u1ecdn th\u00edch h\u1ee3p \u0111\u1eb7t trong qu\u1ea7y bar. Ch\u1ea5t li\u1ec7u s\u1eed d\u1ee5ng ho\u00e0n to\u00e0n b\u1eb1ng nh\u00f4m v\u00e0 th\u00e9p ch\u1ea5t l\u01b0\u1ee3ng cao, c\u1ee9ng c\u00e1p, kh\u00f4ng g\u1ec9.\u00a0C\u00f3 nhi\u1ec1u m\u00e0u s\u1eafc l\u1ef1a ch\u1ecdn, thi\u1ebft k\u1ebf sang tr\u1ecdng b\u1eaft m\u1eaft ph\u00f9 h\u1ee3p v\u1edbi m\u1ecdi kh\u00f4ng gian v\u00e0 phong c\u00e1ch qu\u00e1n kh\u00e1c nhau.<\/p>\n<p>M\u00e1y s\u1edf h\u1eefu h\u1ec7 th\u1ed1ng xay li\u00ean t\u1ee5c v\u1edbi l\u01b0\u1ee1i dao ph\u1eb3ng \u2013 \u0111\u01b0\u1eddng k\u00ednh 64 mm. S\u1ef1 k\u1ebft h\u1ee3p ho\u00e0n h\u1ea3o gi\u00fap c\u00e0 ph\u00ea \u0111\u1ea1t \u0111\u1ebfn \u0111\u1ed9 \u0111\u1ed3ng nh\u1ea5t \u0111\u00e1ng ng\u1ea1c nhi\u00ean. M\u00e1y c\u0169ng d\u1ec5 d\u00e0ng \u0111i\u1ec1u ch\u1ec9nh \u0111\u1ed9 m\u1ecbn b\u1eb1ng c\u00e1ch xoay c\u1ea7n g\u1ea1t theo chi\u1ec1u kim \u0111\u1ed3ng h\u1ed3 ho\u1eb7c ng\u01b0\u1ee3c l\u1ea1i. Remidag MST 64P M ch\u00ednh l\u00e0 tr\u1ee3 th\u1ee7 \u0111\u1eafc l\u1ef1c kh\u00f4ng th\u1ec3 thi\u1ebfu \u0111\u1ed1i v\u1edbi c\u00e1c Barista.<\/p>\n<p><img decoding=\"async\" class=\"aligncenter wp-image-3667 size-large\" src=\"https:\/\/tohagroup.com\/wp-content\/uploads\/2022\/07\/remidag-ava-01-01-1024x585.png\" alt=\"\" width=\"1024\" height=\"585\" srcset=\"https:\/\/tohagroup.com\/wp-content\/uploads\/2022\/07\/remidag-ava-01-01-1024x585.png 1024w, https:\/\/tohagroup.com\/wp-content\/uploads\/2022\/07\/remidag-ava-01-01-300x171.png 300w, https:\/\/tohagroup.com\/wp-content\/uploads\/2022\/07\/remidag-ava-01-01-768x439.png 768w, https:\/\/tohagroup.com\/wp-content\/uploads\/2022\/07\/remidag-ava-01-01-1536x878.png 1536w, https:\/\/tohagroup.com\/wp-content\/uploads\/2022\/07\/remidag-ava-01-01-2048x1171.png 2048w, https:\/\/tohagroup.com\/wp-content\/uploads\/2022\/07\/remidag-ava-01-01-600x343.png 600w\" sizes=\"(max-width: 1024px) 100vw, 1024px\" \/><\/p>\n<p><b>C\u00c1C \u0110\u1eb6C \u0110I\u1ec2M<\/b><\/p>\n<p><b>Thi\u1ebft k\u1ebf m\u00e1y nh\u1ecf g\u1ecdn<\/b><\/p>\n<p><span style=\"font-weight: 400;\">M\u00e1y Xay C\u00e0 Ph\u00ea Chuy\u00ean D\u1ee5ng Remidag MST 64P M s\u1edf h\u1eefu thi\u1ebft k\u1ebf m\u00e1y nh\u1ecf g\u1ecdn th\u00edch h\u1ee3p \u0111\u1eb7t trong qu\u1ea7y bar. Ch\u1ea5t li\u1ec7u s\u1eed d\u1ee5ng ho\u00e0n to\u00e0n b\u1eb1ng nh\u00f4m v\u00e0 th\u00e9p ch\u1ea5t l\u01b0\u1ee3ng cao, c\u1ee9ng c\u00e1p, kh\u00f4ng g\u1ec9<\/span><span style=\"font-weight: 400;\">.<\/span><\/p>\n<p><b>C\u00f4ng su\u1ea5t ho\u1ea1t \u0111\u1ed9ng m\u1ea1nh m\u1ebd<\/b><\/p>\n<p><span style=\"font-weight: 400;\">M\u00e1y s\u1edf h\u1eefu h\u1ec7 th\u1ed1ng xay li\u00ean t\u1ee5c v\u1edbi l\u01b0\u1ee1i dao ph\u1eb3ng \u2013 \u0111\u01b0\u1eddng k\u00ednh 64 mm. S\u1ef1 k\u1ebft h\u1ee3p ho\u00e0n h\u1ea3o gi\u00fap c\u00e0 ph\u00ea \u0111\u1ea1t \u0111\u1ebfn \u0111\u1ed9 \u0111\u1ed3ng nh\u1ea5t \u0111\u00e1ng ng\u1ea1c nhi\u00ean. B\u00ean c\u1ea1nh \u0111\u00f3, m\u00e1y mang \u0111\u1ebfn t\u1ed1c \u0111\u1ed9 xay nhanh v\u00e0 li\u00ean t\u1ee5c. Gi\u00fap b\u1ea1n ph\u1ee5c v\u1ee5 kh\u00e1ch h\u00e0ng nhanh ch\u00f3ng trong nh\u1eefng kho\u1ea3ng th\u1eddi gian cao \u0111i\u1ec3m<\/span><\/p>\n<p><b>D\u1ec5 d\u00e0ng \u0111i\u1ec1u ch\u1ec9nh \u0111\u1ed9 m\u1ecbn c\u1ee7a c\u00e0 ph\u00ea<\/b><\/p>\n<p><span style=\"font-weight: 400;\">M\u00e1y c\u0169ng d\u1ec5 d\u00e0ng \u0111i\u1ec1u ch\u1ec9nh \u0111\u1ed9 m\u1ecbn b\u1eb1ng c\u00e1ch xoay c\u1ea7n g\u1ea1t theo chi\u1ec1u kim \u0111\u1ed3ng h\u1ed3 ho\u1eb7c ng\u01b0\u1ee3c l\u1ea1i. <\/span><i><span style=\"font-weight: 400;\">Remidag MST 64P M <\/span><\/i><span style=\"font-weight: 400;\">ch\u00ednh l\u00e0 tr\u1ee3 th\u1ee7 \u0111\u1eafc l\u1ef1c kh\u00f4ng th\u1ec3 thi\u1ebfu \u0111\u1ed1i v\u1edbi c\u00e1c Barista.<\/span><\/p>\n<p><span style=\"font-weight: 400;\">Remidag MST 64P l\u00e0 d\u00f2ng m\u00e1y xay t\u1ef1 \u0111\u1ed9ng chuy\u00ean nghi\u1ec7p \u0111\u1ebfn t\u1eeb \u00dd. X\u1ee9ng \u0111\u00e1ng l\u00e0 m\u1ed9t c\u1ed7 m\u00e1y hu\u1ef7 di\u1ec7t. Khi\u1ebfn c\u00e1c \u0111\u1ed1i th\u1ee7 l\u1edbn m\u1ea1nh nh\u1ea5t c\u0169ng ph\u1ea3i d\u00e8 ch\u1eebng. M\u00e1y xay cafe Remidag \u0111\u01b0\u01a1c s\u1ea3n xu\u1ea5t d\u1ef1a tr\u00ean ti\u00eau chu\u1ea9n s\u1ea3n ph\u1ea9m ch\u1ea5t l\u01b0\u1ee3ng cao. Do v\u1eady s\u1ea3n ph\u1ea9m lu\u00f4n ch\u1ea5t l\u01b0\u1ee3ng v\u00e0 ng\u01b0\u1eddi ti\u00eau d\u00f9ng c\u00f3 th\u1ec3 ho\u00e0n to\u00e0n y\u00ean t\u00e2m.<\/span><\/p>\n<\/div>\n<\/div>\n<hr \/>\n<h2 id=\"ftoc-heading-10\" class=\"p1 ftwp-heading\"><b>Toha Group \u2013 Cung c\u1ea5p gi\u1ea3i ph\u00e1p cho m\u1ed9t ly c\u00e0 ph\u00ea ngon<\/b><\/h2>\n<p>=&gt;&gt;\u00a0<em>Tham kh\u1ea3o th\u00f4ng tin v\u00e0 c\u00e1c s\u1ea3n ph\u1ea9m <a href=\"https:\/\/tohagroup.com\/product-category\/may-pha-ca-phe-cho-quan\/\" target=\"_blank\" rel=\"nofollow noopener\">M\u00e1y pha c\u00e0 ph\u00ea d\u00e0nh cho qu\u00e1n<\/a> t\u1ea1i website ch\u00ednh h\u00e3ng <a href=\"http:\/\/www.tohagroup.com\">www.tohagroup.com<\/a><\/em><\/p>\n<p>\u0110\u1ec3 \u0111\u1ea3m b\u1ea3o mua m\u00e1y ch\u00ednh h\u00e3ng vui l\u00f2ng t\u1edbi tr\u1ef1c ti\u1ebfp Showroom c\u1ee7a <strong>Toha Group<\/strong> tr\u00ean to\u00e0n qu\u1ed1c ho\u1eb7c \u0111\u1eb7t h\u00e0ng t\u1ea1i Website www.tohagroup.com \u2013 Ho\u1eb7c g\u1ecdi tr\u1ef1c ti\u1ebfp t\u1edbi <a href=\"tel:0867896096\" target=\"_blank\" rel=\"nofollow noopener\"><strong>Hotline: 08 6789 6096<\/strong><\/a>\u00a0\u0111\u1ec3 \u0111\u01b0\u1ee3c h\u1ed7 tr\u1ee3 \u0111\u1eb7t h\u00e0ng nhanh.<\/p>\n<p><span style=\"color: #ff0000;\"><strong>\u01afu \u0111\u00e3i:<\/strong> <\/span>Khi Qu\u00fd kh\u00e1ch h\u00e0ng theo d\u00f5i t\u1ea5t c\u1ea3 n\u1ec1n t\u1ea3ng c\u1ee7a Toha, qu\u00fd kh\u00e1ch s\u1ebd nh\u1eadn \u0111\u01b0\u1ee3c \u0111\u01b0\u1eddng d\u00e2y n\u00f3ng k\u1ebft n\u1ed1i &#8211; mua b\u00e1n &#8211; s\u1eeda ch\u1eefa, k\u00e8m theo \u0111\u00f3 l\u00e0 nhi\u1ec1u \u01b0u \u0111\u00e3i \u0111\u1eb7c bi\u1ec7t, nhi\u1ec1u ch\u01b0\u01a1ng tr\u00ecnh gi\u1ea3m gi\u00e1, v\u00e0 r\u1ea5t nhi\u1ec1u qu\u00e0 t\u1eb7ng kh\u00e1c \u0111\u1ebfn t\u1eeb Toha.<\/p>\n<h4 id=\"input_line_0\"><span id=\"input_part_0\" class=\"\" data-mention=\"Ch\u1ec9 \u0110\u01b0\u1eddng Google Map: https:\/\/g.page\/TOHACAFE?share \"><span style=\"color: #ff6600;\">Ch\u1ec9 \u0110\u01b0\u1eddng Google Map:<\/span><a href=\"https:\/\/g.page\/TOHACAFE?share\" rel=\"nofollow\" target=\"_blank\"> https:\/\/g.page\/TOHACAFE?share<\/a>\u00a0<\/span><\/h4>\n<h4 id=\"input_line_1\"><span id=\"input_part_0\" class=\"\" data-mention=\"Zalo Ch\u0103m S\u00f3c Kh\u00e1ch H\u00e0ng 24\/7: https:\/\/zalo.me\/2565949627324610829\"><span style=\"color: #ff6600;\">Zalo Ch\u0103m S\u00f3c Kh\u00e1ch H\u00e0ng 24\/7<\/span>: <a href=\"https:\/\/zalo.me\/2565949627324610829\" rel=\"nofollow noopener\" target=\"_blank\">https:\/\/zalo.me\/2565949627324610829<\/a><\/span><\/h4>\n<h4 id=\"input_line_2\"><span id=\"input_part_0\" class=\"\" data-mention=\"C\u1eadp Nh\u1eadt \u01afu \u0110\u00e3i: https:\/\/www.facebook.com\/tohagroupvn\"><span style=\"color: #ff6600;\">C\u1eadp Nh\u1eadt \u01afu \u0110\u00e3i:<\/span> <a href=\"https:\/\/www.facebook.com\/tohagroupvn\" rel=\"nofollow noopener\" target=\"_blank\">https:\/\/www.facebook.com\/tohagroupvn<\/a><\/span><\/h4>\n<p><span style=\"color: #000000;\"><b>\u0110\u1ec3 bi\u1ebft th\u00eam th\u00f4ng tin chi ti\u1ebft v\u00e0 \u0111\u1eb7t h\u00e0ng<\/b><strong>, Qu\u00fd<\/strong><b> Kh\u00e1ch xin vui l\u00f2ng li\u00ean h\u1ec7 v\u1edbi ch\u00fang t\u00f4i qua:<\/b><\/span><\/p>\n<p><span style=\"font-weight: 400;\"><strong>&#8211;<span style=\"color: #ff6600;\">\u0110\u1ecba ch\u1ec9:<\/span><\/strong> 472 \/ 17 \u0111\u01b0\u1eddng Phan Huy \u00cdch, Ph\u01b0\u1eddng 12, Qu\u1eadn G\u00f2 V\u1ea5p HCM.<\/span><\/p>\n<p><span style=\"font-weight: 400;\">\u00a0 \u00a0 \u00a0 \u00a0 \u00a0 \u00a0 \u00a0 \u00a0111-112 A1, TT H\u00e0o Nam ng\u00f5 8A, \u0111\u01b0\u1eddng V\u0169 Th\u1ea1nh, Q.\u0110\u1ed1ng \u0110a, HN.<\/span><\/p>\n<p><span style=\"font-weight: 400; color: #ff6600;\"><strong>-Hotline:<\/strong><\/span><\/p>\n<ul>\n<li><span id=\"input_part_0\" class=\"\" data-mention=\"08 6269 6096 \">08 6269 6096 <\/span><\/li>\n<li><span id=\"input_part_0\" class=\"\" data-mention=\"08 6269 6096 \">08 6769 6096 <\/span><\/li>\n<li><span id=\"input_part_0\" class=\"\" data-mention=\"08 6269 6096 \">0978 121 033<\/span><\/li>\n<\/ul>\n<p><span style=\"font-weight: 400;\"><span style=\"color: #ff6600;\"><strong>-Gmail:<\/strong><\/span> info@tohagroup.com<\/span><\/p>\n<p>&nbsp;<\/p>\n","protected":false},"excerpt":{"rendered":"<h4 class=\"promoadd__ttl\" style=\"text-align: left;\"><span style=\"color: #ff0000;\"><strong><i>\u2666 2 \u01afU \u0110\u00c3I TH\u00caM<\/i><\/strong><\/span><\/h4>\n<h5 class=\"promoadd__ttl\" style=\"text-align: left;\">D\u1ef1 ki\u1ebfn \u00e1p d\u1ee5ng \u0111\u1ebfn 23:00 30\/07<\/h5>\n<div class=\"promo_BHX\">\n<div class=\"l2\">\n<p>Mua c\u00e0 ph\u00ea v\u1edbi \u01b0u \u0111\u00e3i mua 10 t\u1eb7ng 2<\/p>\n<\/div>\n<\/div>\n<h6><i class=\"icondetail-tick\"><\/i>Gi\u1ea3m 10% gi\u00e1 M\u00e1y xay sinh t\u1ed1 v\u00e0 M\u00e1y \u00e9p khi mua k\u00e8m<i class=\"icondetail-tick\"><\/i><\/h6>\n<p>&nbsp;<\/p>\n<div class=\"ui--title ui--animation ui--title-bordered text-center\">\n<div class=\"ui--title-holder\">\n<h4 class=\"ui--title-text\"><strong><em><span style=\"color: #ff0000;\">\u2666 T\u1ea0I SAO B\u1ea0N N\u00caN CH\u1eccN S\u1ea2N PH\u1ea8M C\u1ee6A CH\u00daNG T\u00d4I<\/span><\/em><\/strong><\/h4>\n<\/div>\n<\/div>\n<div class=\"ui-row row-fluid\">\n<div class=\"ui-column span6\">\n<h6><i class=\"list-icon 14px fontawesome-ok\"><\/i>Tr\u1ef1c ti\u1ebfp nh\u1eadp kh\u1ea9u t\u1eeb nh\u00e0 m\u00e1y s\u1ea3n xu\u1ea5t<\/h6>\n<h6><i class=\"list-icon 14px fontawesome-ok\"><\/i>Nhi\u1ec1u c\u00f4ng su\u1ea5t v\u00e0 gi\u00e1 c\u1ea3 ph\u00f9 h\u1ee3p v\u1edbi t\u1eebng nhu c\u1ea7u<i class=\"list-icon 14px fontawesome-ok\"><\/i><\/h6>\n<h6><i class=\"list-icon 14px fontawesome-ok\"><\/i>\u0110\u01b0\u1ee3c chuy\u00ean gia k\u1ef9 thu\u1eadt ki\u1ec3m tra ch\u1ea5t l\u01b0\u1ee3ng<\/h6>\n<\/div>\n<div class=\"ui-column span6\">\n<h6><i class=\"list-icon 14px fontawesome-ok\"><\/i>Ch\u1ebf \u0111\u1ed9 b\u1ea3o h\u00e0nh d\u00e0i h\u1ea1n<\/h6>\n<h6><i class=\"list-icon 14px fontawesome-ok\"><\/i>Lu\u00f4n lu\u00f4n c\u00f3 s\u1eb5n linh ki\u1ec7n \u0111\u1ec3 thay th\u1ebf<\/h6>\n<h6><i class=\"list-icon 14px fontawesome-ok\"><\/i>Ch\u00ednh s\u00e1ch gi\u00e1 t\u1ed1t v\u00e0 lu\u00f4n l\u00e0 gi\u00e1 t\u1ed1t nh\u1ea5t<\/h6>\n<h6><i class=\"list-icon 14px fontawesome-ok\"><\/i>T\u01b0 v\u1ea5n ph\u00f9 h\u1ee3p v\u1edbi nhu c\u1ea7u th\u1ef1c t\u1ebf c\u1ee7a b\u1ea1n<\/h6>\n<h6><i class=\"list-icon 14px fontawesome-ok\"><\/i>X\u1eed l\u00fd s\u1ef1 c\u1ed1 v\u00e0 khi\u1ebfu n\u1ea1i ngay l\u1eadp t\u1ee9c<\/h6>\n<h6><i class=\"list-icon 14px fontawesome-ok\"><\/i>T\u01b0 v\u1ea5n nhi\u1ec1u h\u01a1n cho c\u00f4ng vi\u1ec7c kinh doanh c\u1ee7a b\u1ea1n<\/h6>\n<\/div>\n<\/div>\n","protected":false},"featured_media":3669,"comment_status":"open","ping_status":"closed","template":"","meta":{"om_disable_all_campaigns":false,"_mi_skip_tracking":false,"_monsterinsights_sitenote_active":false,"_monsterinsights_sitenote_note":"","_monsterinsights_sitenote_category":0},"product_cat":[69],"product_tag":[],"class_list":["post-3666","product","type-product","status-publish","has-post-thumbnail","hentry","nhom-san-pham-may-xay-ca-phe","product_cat-may-pha-ca-phe-cu"],"_links":{"self":[{"href":"https:\/\/tohagroup.com\/en\/wp-json\/wp\/v2\/product\/3666","targetHints":{"allow":["GET"]}}],"collection":[{"href":"https:\/\/tohagroup.com\/en\/wp-json\/wp\/v2\/product"}],"about":[{"href":"https:\/\/tohagroup.com\/en\/wp-json\/wp\/v2\/types\/product"}],"replies":[{"embeddable":true,"href":"https:\/\/tohagroup.com\/en\/wp-json\/wp\/v2\/comments?post=3666"}],"wp:featuredmedia":[{"embeddable":true,"href":"https:\/\/tohagroup.com\/en\/wp-json\/wp\/v2\/media\/3669"}],"wp:attachment":[{"href":"https:\/\/tohagroup.com\/en\/wp-json\/wp\/v2\/media?parent=3666"}],"wp:term":[{"taxonomy":"product_cat","embeddable":true,"href":"https:\/\/tohagroup.com\/en\/wp-json\/wp\/v2\/product_cat?post=3666"},{"taxonomy":"product_tag","embeddable":true,"href":"https:\/\/tohagroup.com\/en\/wp-json\/wp\/v2\/product_tag?post=3666"}],"curies":[{"name":"wp","href":"https:\/\/api.w.org\/{rel}","templated":true}]}}