{"id":3657,"date":"2022-07-06T08:20:58","date_gmt":"2022-07-06T08:20:58","guid":{"rendered":"https:\/\/demo1.thuythu.vn\/tohagroup\/?post_type=product&#038;p=3657"},"modified":"2022-12-20T13:57:44","modified_gmt":"2022-12-20T06:57:44","slug":"may-xay-ca-phe-mahlkonig-ek43","status":"publish","type":"product","link":"https:\/\/tohagroup.com\/en\/san-pham\/may-xay-ca-phe-mahlkonig-ek43\/","title":{"rendered":"M\u00e1y xay c\u00e0 ph\u00ea Mahlkonig EK43"},"content":{"rendered":"<div class=\"bi6gxh9e\">\n<div class=\"bi6gxh9e\">\n<h3><b>GI\u1edaI THI\u1ec6U<\/b><\/h3>\n<div class=\"auto-format ui--animation\">\n<p>MAHLK\u00d6NIG l\u00e0 s\u1ef1 l\u1ef1a ch\u1ecdn h\u00e0ng \u0111\u1ea7u cho c\u00e1c baristas tr\u00ean kh\u1eafp th\u1ebf gi\u1edbi. V\u1edbi c\u00f4ng su\u1ea5t xay \u01b0u vi\u1ec7t, c\u00e1c d\u00f2ng s\u1ea3n ph\u1ea9m c\u1ee7a th\u01b0\u01a1ng hi\u1ec7u n\u00e0y cho ph\u00e9p ng\u01b0\u1eddi s\u1eed d\u1ee5ng c\u00f3 th\u1ec3 chi\u1ebft xu\u1ea5t \u0111\u01b0\u1ee3c h\u01b0\u01a1ng v\u1ecb c\u00e0 ph\u00ea tinh t\u00fay nh\u1ea5t.<\/p>\n<p>MAHLK\u00d6NIG l\u00e0 m\u1ed9t trong nh\u1eefng h\u00e3ng d\u1eabn \u0111\u1ea7u v\u1ec1 \u0111\u1ed5i m\u1edbi c\u00f4ng ngh\u1ec7. H\u00e3ng \u0111\u00e3 \u0111\u1eb7t ra c\u00e1c ti\u00eau chu\u1ea9n ch\u1ea5t l\u01b0\u1ee3ng trong ng\u00e0nh th\u00f4ng qua vi\u1ec7c \u00e1p d\u1ee5ng c\u00e1c nguy\u00ean t\u1eafc \u201cGrind-on-demand\u201d (xay theo y\u00eau c\u1ea7u) v\u00e0o s\u1ea3n ph\u1ea9m. \u0110\u1eb7c bi\u1ec7t, nh\u1eefng thi\u1ebft b\u1ecb g\u1ea7n \u0111\u00e2y c\u1ee7a h\u00e3ng \u0111\u01b0\u1ee3c trang b\u1ecb c\u00e1c t\u00ednh n\u0103ng c\u1ea3i ti\u1ebfn, k\u1ebft h\u1ee3p v\u1edbi c\u00f4ng ngh\u1ec7 xay cao c\u1ea5p gi\u00fap t\u1ed1i \u01b0u h\u00f3a quy tr\u00ecnh l\u00e0m vi\u1ec7c t\u1ea1i c\u00e1c qu\u00e1n c\u00e0 ph\u00ea.<\/p>\n<\/div>\n<div class=\"auto-format ui--animation\">\n<p>EK43 l\u00e0 m\u1ed9t trong nh\u1eefng m\u00e1y xay espresso v\u1edbi c\u00f4ng su\u1ea5t xay c\u1ef1c k\u00ec m\u1ea1nh m\u1ebd (2,8 \u2013 3,4 lbs\/ph\u00fat t\u01b0\u01a1ng \u0111\u01b0\u01a1ng 1,3 \u2013 1,5 kg). V\u1edbi t\u00ednh n\u0103ng xay h\u1ea1t \u0111\u1ed3ng \u0111\u1ec1u, m\u00e1y s\u1ebd gi\u00fap t\u0103ng t\u1ec9 l\u1ec7 chi\u1ebft xu\u1ea5t v\u00e0 \u0111\u1ea3m b\u1ea3o \u0111\u1ed9 th\u01a1m ngon c\u1ee7a c\u00e0 ph\u00ea. Th\u00eam v\u00e0o \u0111\u00f3, s\u1ea3n ph\u1ea9m \u0111\u1eb7c bi\u1ec7t ph\u00f9 h\u1ee3p v\u1edbi nh\u1eefng qu\u00e1n c\u00f3 nhu c\u1ea7u ph\u1ee5c v\u1ee5 l\u01b0\u1ee3ng kh\u00e1ch l\u1edbn hay nh\u1eefng ng\u01b0\u1eddi y\u00eau th\u00edch c\u00e0 ph\u00ea nh\u1edd dung t\u00edch xay l\u1edbn v\u00e0 nhi\u1ec1u m\u1ee9c xay kh\u00e1c nhau.<\/p>\n<\/div>\n<p><img decoding=\"async\" class=\"aligncenter wp-image-3679 size-large\" src=\"https:\/\/tohagroup.com\/wp-content\/uploads\/2022\/07\/may-xay-cafe-mahlkonig-01-1024x585.png\" alt=\"\" width=\"1024\" height=\"585\" srcset=\"https:\/\/tohagroup.com\/wp-content\/uploads\/2022\/07\/may-xay-cafe-mahlkonig-01-1024x585.png 1024w, https:\/\/tohagroup.com\/wp-content\/uploads\/2022\/07\/may-xay-cafe-mahlkonig-01-300x171.png 300w, https:\/\/tohagroup.com\/wp-content\/uploads\/2022\/07\/may-xay-cafe-mahlkonig-01-768x439.png 768w, https:\/\/tohagroup.com\/wp-content\/uploads\/2022\/07\/may-xay-cafe-mahlkonig-01-1536x878.png 1536w, https:\/\/tohagroup.com\/wp-content\/uploads\/2022\/07\/may-xay-cafe-mahlkonig-01-2048x1171.png 2048w, https:\/\/tohagroup.com\/wp-content\/uploads\/2022\/07\/may-xay-cafe-mahlkonig-01-600x343.png 600w\" sizes=\"(max-width: 1024px) 100vw, 1024px\" \/><\/p>\n<div class=\"ui--tagline-background-container ui--tagline-background-image radius-3px\"><\/div>\n<div class=\"ui--tagline-content\">\n<div class=\"ui-row row-fluid\">\n<div class=\"ui-column span6\">\n<div class=\"auto-format ui--animation\">\n<h3><strong>\u0110\u1ed9ng c\u01a1 m\u1ea1nh m\u1ebd, c\u00f3 kh\u1ea3 n\u0103ng 1,3-1,5kg c\u00e0 ph\u00ea\/ ph\u00fat<\/strong><\/h3>\n<p>Hi\u1ec7u su\u1ea5t v\u1eadn h\u00e0nh thi\u1ebft b\u1ecb v\u00f4 c\u00f9ng \u01b0u vi\u1ec7t. M\u00e1y \u0111\u01b0\u1ee3c trang b\u1ecb \u0111\u1ed9ng c\u01a1 x\u1ea5p x\u1ec9 2 m\u00e3 l\u1ef1c. D\u1ee5ng c\u1ee5 c\u00f3 th\u1ec3 xay \u0111\u01b0\u1ee3c 21 \u2013 25 gram\/ gi\u00e2y, hay \u0111\u01b0\u1ee3c 1,3 \u2013 1,5kg c\u00e0 ph\u00ea\/ ph\u00fat. Do \u0111\u00f3, s\u1ea3n ph\u1ea9m \u0111\u1eb7c bi\u1ec7t ph\u00f9 h\u1ee3p v\u1edbi nh\u1eefng qu\u00e1n c\u00f3 nhu c\u1ea7u ph\u1ee5c v\u1ee5 l\u01b0\u1ee3ng kh\u00e1ch l\u1edbn, k\u1ec3 c\u1ea3 th\u1eddi gian \u0111\u00f4ng kh\u00e1ch.<\/p>\n<h3><strong>B\u00e1nh r\u0103ng c\u00f3 thi\u1ebft k\u1ebf \u01b0u vi\u1ec7t<\/strong><\/h3>\n<p>B\u00e1nh r\u0103ng c\u1ee7a m\u00e1y xay \u0111\u01b0\u1ee3c \u0111\u00fac b\u1eb1ng th\u00e9p v\u1edbi k\u00edch th\u01b0\u1edbc 98 mm, c\u00f3 \u0111\u1ed9 b\u1ec1n cao v\u00e0 c\u00f3 th\u1ec3 xay \u0111\u01b0\u1ee3c ~ 6350kg c\u00e0 ph\u00ea.<br \/>\nNgo\u00e0i ra, dung t\u00edch ph\u1ec5u ~1kg n\u00ean c\u00f3 th\u1ec3 \u0111\u1ef1ng \u0111\u01b0\u1ee3c t\u01b0\u01a1ng \u0111\u1ed1i nhi\u1ec1u c\u00e0 ph\u00ea. D\u01b0\u1edbi ph\u1ea7n m\u00e1ng xay, ng\u01b0\u1eddi s\u1eed d\u1ee5ng c\u00f3 th\u1ec3 \u0111\u1ec3 v\u1eeba 1 t\u00fai kho\u1ea3ng h\u01a1n 2 kg v\u00e0 \u0111\u1ed3ng th\u1eddi m\u00e1y c\u0169ng \u0111\u01b0\u1ee3c trang b\u1ecb th\u00eam k\u1eb9p t\u00fai v\u00f4 c\u00f9ng ti\u1ec7n l\u1ee3i trong qu\u00e1 tr\u00ecnh xay.<\/p>\n<p><img decoding=\"async\" class=\"aligncenter wp-image-3677 size-large\" src=\"https:\/\/tohagroup.com\/wp-content\/uploads\/2022\/07\/may-xay-cafe-mahlkonig-06-1024x585.png\" alt=\"\" width=\"1024\" height=\"585\" srcset=\"https:\/\/tohagroup.com\/wp-content\/uploads\/2022\/07\/may-xay-cafe-mahlkonig-06-1024x585.png 1024w, https:\/\/tohagroup.com\/wp-content\/uploads\/2022\/07\/may-xay-cafe-mahlkonig-06-300x171.png 300w, https:\/\/tohagroup.com\/wp-content\/uploads\/2022\/07\/may-xay-cafe-mahlkonig-06-768x439.png 768w, https:\/\/tohagroup.com\/wp-content\/uploads\/2022\/07\/may-xay-cafe-mahlkonig-06-1536x878.png 1536w, https:\/\/tohagroup.com\/wp-content\/uploads\/2022\/07\/may-xay-cafe-mahlkonig-06-2048x1170.png 2048w, https:\/\/tohagroup.com\/wp-content\/uploads\/2022\/07\/may-xay-cafe-mahlkonig-06-600x343.png 600w\" sizes=\"(max-width: 1024px) 100vw, 1024px\" \/><\/p>\n<div class=\"ui--tagline-background-container ui--tagline-background-image radius-3px\"><\/div>\n<div class=\"ui--tagline-content\">\n<div class=\"ui-row row-fluid\">\n<div class=\"ui-column span6\">\n<div class=\"auto-format ui--animation\">\n<h3><strong>Kh\u1ea3 n\u0103ng xay \u0111\u1ed3ng \u0111\u1ec1u ho\u00e0n h\u1ea3o<\/strong><\/h3>\n<p>Mahlk\u00f6nig EK43 t\u1ef1 h\u00e0o v\u1edbi t\u00ednh n\u0103ng ph\u00e2n b\u1ed5 k\u00edch th\u01b0\u1edbc h\u1ea1t v\u01b0\u1ee3t tr\u1ed9i, n\u00f3i c\u00e1ch kh\u00e1c m\u00e1y c\u00f3 th\u1ec3 \u0111\u1ea3m b\u1ea3o k\u00edch c\u1ee1 h\u1ea1t xay \u0111\u01b0\u1ee3c \u0111\u1ed3ng nh\u1ea5t. M\u00e1y s\u1ebd h\u1ea1n ch\u1ebf hi\u1ec7n t\u01b0\u1ee3ng h\u1ea1t m\u1ecbn (fines), c\u1ea3i thi\u1ec7n \u0111\u01b0\u1ee3c h\u01b0\u01a1ng v\u1ecb c\u1ee7a c\u00e0 ph\u00ea khi th\u01b0\u1edfng th\u1ee9c. \u0110\u1ed3ng th\u1eddi, n\u00f3 c\u00f2n gi\u00fap t\u0103ng t\u1ec9 l\u1ec7 chi\u1ebft xu\u1ea5t m\u00e0 kh\u00f4ng l\u00e0m c\u00e0 ph\u00ea c\u00f3 v\u1ecb \u0111\u1eafng.<\/p>\n<h3><strong>\u0110i\u1ec1u ch\u1ec9nh linh ho\u1ea1t v\u1edbi t\u1eebng c\u1ee1 xay<\/strong><\/h3>\n<p>Mahlk\u00f6nig EK43 ph\u00f9 h\u1ee3p v\u1edbi h\u1ea7u h\u1ebft c\u00e1c ph\u01b0\u01a1ng ph\u00e1p pha c\u00e0 ph\u00ea hi\u1ec7n t\u1ea1i. V\u1edbi ph\u1ea1m vi \u0111i\u1ec1u ch\u1ec9nh t\u01b0\u01a1ng \u0111\u1ed1i l\u1edbn, ng\u01b0\u1eddi d\u00f9ng c\u00f3 th\u1ec3 s\u1eed d\u1ee5ng linh ho\u1ea1t. N\u00fam v\u1eb7n \u0111\u01b0\u1ee3c \u0111\u00e1nh s\u1ed1 gi\u00fap ng\u01b0\u1eddi mua c\u00f3 th\u1ec3 thao t\u00e1c d\u1ec5 d\u00e0ng. \u0110\u1eb7c bi\u1ec7t, kh\u1ed1i l\u01b0\u1ee3ng c\u00e0 ph\u00ea m\u00e1y xay \u0111\u01b0\u1ee3c t\u01b0\u01a1ng \u0111\u1ed1i l\u1edbn.<\/p>\n<p><img decoding=\"async\" class=\"alignnone wp-image-3675 size-full\" src=\"https:\/\/tohagroup.com\/wp-content\/uploads\/2022\/07\/may-xay-cafe-mahlkonig-05.png\" alt=\"\" width=\"6321\" height=\"3613\" srcset=\"https:\/\/tohagroup.com\/wp-content\/uploads\/2022\/07\/may-xay-cafe-mahlkonig-05.png 6321w, https:\/\/tohagroup.com\/wp-content\/uploads\/2022\/07\/may-xay-cafe-mahlkonig-05-300x171.png 300w, https:\/\/tohagroup.com\/wp-content\/uploads\/2022\/07\/may-xay-cafe-mahlkonig-05-1024x585.png 1024w, https:\/\/tohagroup.com\/wp-content\/uploads\/2022\/07\/may-xay-cafe-mahlkonig-05-768x439.png 768w, https:\/\/tohagroup.com\/wp-content\/uploads\/2022\/07\/may-xay-cafe-mahlkonig-05-1536x878.png 1536w, https:\/\/tohagroup.com\/wp-content\/uploads\/2022\/07\/may-xay-cafe-mahlkonig-05-2048x1171.png 2048w, https:\/\/tohagroup.com\/wp-content\/uploads\/2022\/07\/may-xay-cafe-mahlkonig-05-600x343.png 600w\" sizes=\"(max-width: 6321px) 100vw, 6321px\" \/><\/p>\n<div class=\"ui--tagline-background-container ui--tagline-background-image radius-3px\"><\/div>\n<div class=\"ui--tagline-content\">\n<div class=\"ui-row row-fluid\">\n<div class=\"ui-column span6\">\n<div class=\"auto-format ui--animation\">\n<h3><strong>Thi\u1ebft k\u1ebf ch\u1eafc ch\u1eafn, \u0111\u1ed9 b\u1ec1n v\u00e0 tu\u1ed5i th\u1ecd cao<\/strong><\/h3>\n<ul>\n<li>Phi\u00ean b\u1ea3n m\u1edbi v\u1edbi 2 n\u00fat b\u1ea5m \u0111\u01b0\u1ee3c l\u00e0m t\u1eeb th\u00e9p kh\u00f4ng g\u1ec9 b\u00ean ph\u1ea7n th\u00e2n.<\/li>\n<li>Gi\u00e1 \u0111\u1ee1 v\u00e0 tr\u1ee5c xoay c\u1ee7a b\u00e1nh r\u0103ng \u0111\u01b0\u1ee3c l\u00e0m t\u1eeb nh\u00f4m c\u00e1n n\u00ean c\u00f3 th\u1ec3 \u0111\u1ea3m b\u1ea3o \u0111\u01b0\u1ee3c \u0111\u1ed9 \u0111\u1ed3ng \u0111\u1ec1u c\u1ee7a th\u00e0nh ph\u1ea9m.<\/li>\n<li>Tr\u00ean h\u1ebft, ph\u1ea7n ch\u00e2n m\u00e1y \u0111\u01b0\u1ee3c l\u00e0m t\u1eeb nguy\u00ean li\u1ec7u th\u00e9p kh\u00f4ng g\u1ec9 n\u00ean kh\u00f4ng ch\u1ec9 b\u1ec1n, ch\u1eafc ch\u1eafn, m\u00e0 c\u00f2n khi\u1ebfn thi\u1ebft k\u1ebf m\u00e1y tr\u00f4ng thu h\u00fat h\u01a1n.<\/li>\n<\/ul>\n<p><img decoding=\"async\" class=\"alignnone wp-image-3681 size-full\" src=\"https:\/\/tohagroup.com\/wp-content\/uploads\/2022\/07\/may-xay-cafe-mahlkonig-03.png\" alt=\"\" width=\"6322\" height=\"3614\" srcset=\"https:\/\/tohagroup.com\/wp-content\/uploads\/2022\/07\/may-xay-cafe-mahlkonig-03.png 6322w, https:\/\/tohagroup.com\/wp-content\/uploads\/2022\/07\/may-xay-cafe-mahlkonig-03-300x171.png 300w, https:\/\/tohagroup.com\/wp-content\/uploads\/2022\/07\/may-xay-cafe-mahlkonig-03-1024x585.png 1024w, https:\/\/tohagroup.com\/wp-content\/uploads\/2022\/07\/may-xay-cafe-mahlkonig-03-768x439.png 768w, https:\/\/tohagroup.com\/wp-content\/uploads\/2022\/07\/may-xay-cafe-mahlkonig-03-1536x878.png 1536w, https:\/\/tohagroup.com\/wp-content\/uploads\/2022\/07\/may-xay-cafe-mahlkonig-03-2048x1171.png 2048w, https:\/\/tohagroup.com\/wp-content\/uploads\/2022\/07\/may-xay-cafe-mahlkonig-03-600x343.png 600w\" sizes=\"(max-width: 6322px) 100vw, 6322px\" \/><\/p>\n<hr \/>\n<h2 id=\"ftoc-heading-10\" class=\"p1 ftwp-heading\"><b>Toha Group \u2013 Cung c\u1ea5p gi\u1ea3i ph\u00e1p cho m\u1ed9t ly c\u00e0 ph\u00ea ngon<\/b><\/h2>\n<p>=&gt;&gt;\u00a0<em>Tham kh\u1ea3o th\u00f4ng tin v\u00e0 c\u00e1c s\u1ea3n ph\u1ea9m <a href=\"https:\/\/tohagroup.com\/product-category\/may-pha-ca-phe-cho-quan\/\" target=\"_blank\" rel=\"nofollow noopener\">M\u00e1y pha c\u00e0 ph\u00ea d\u00e0nh cho qu\u00e1n<\/a> t\u1ea1i website ch\u00ednh h\u00e3ng <a href=\"http:\/\/www.tohagroup.com\">www.tohagroup.com<\/a><\/em><\/p>\n<p>\u0110\u1ec3 \u0111\u1ea3m b\u1ea3o mua m\u00e1y ch\u00ednh h\u00e3ng vui l\u00f2ng t\u1edbi tr\u1ef1c ti\u1ebfp Showroom c\u1ee7a <strong>Toha Group<\/strong> tr\u00ean to\u00e0n qu\u1ed1c ho\u1eb7c \u0111\u1eb7t h\u00e0ng t\u1ea1i Website www.tohagroup.com \u2013 Ho\u1eb7c g\u1ecdi tr\u1ef1c ti\u1ebfp t\u1edbi <a href=\"tel:0867896096\" target=\"_blank\" rel=\"nofollow noopener\"><strong>Hotline: 08 6789 6096<\/strong><\/a>\u00a0\u0111\u1ec3 \u0111\u01b0\u1ee3c h\u1ed7 tr\u1ee3 \u0111\u1eb7t h\u00e0ng nhanh.<\/p>\n<p><span style=\"color: #ff0000;\"><strong>\u01afu \u0111\u00e3i:<\/strong> <\/span>Khi Qu\u00fd kh\u00e1ch h\u00e0ng theo d\u00f5i t\u1ea5t c\u1ea3 n\u1ec1n t\u1ea3ng c\u1ee7a Toha, qu\u00fd kh\u00e1ch s\u1ebd nh\u1eadn \u0111\u01b0\u1ee3c \u0111\u01b0\u1eddng d\u00e2y n\u00f3ng k\u1ebft n\u1ed1i &#8211; mua b\u00e1n &#8211; s\u1eeda ch\u1eefa, k\u00e8m theo \u0111\u00f3 l\u00e0 nhi\u1ec1u \u01b0u \u0111\u00e3i \u0111\u1eb7c bi\u1ec7t, nhi\u1ec1u ch\u01b0\u01a1ng tr\u00ecnh gi\u1ea3m gi\u00e1, v\u00e0 r\u1ea5t nhi\u1ec1u qu\u00e0 t\u1eb7ng kh\u00e1c \u0111\u1ebfn t\u1eeb Toha.<\/p>\n<h4 id=\"input_line_0\"><span id=\"input_part_0\" class=\"\" data-mention=\"Ch\u1ec9 \u0110\u01b0\u1eddng Google Map: https:\/\/g.page\/TOHACAFE?share \"><span style=\"color: #ff6600;\">Ch\u1ec9 \u0110\u01b0\u1eddng Google Map:<\/span><a href=\"https:\/\/g.page\/TOHACAFE?share\" rel=\"nofollow\" target=\"_blank\"> https:\/\/g.page\/TOHACAFE?share<\/a>\u00a0<\/span><\/h4>\n<h4 id=\"input_line_1\"><span id=\"input_part_0\" class=\"\" data-mention=\"Zalo Ch\u0103m S\u00f3c Kh\u00e1ch H\u00e0ng 24\/7: https:\/\/zalo.me\/2565949627324610829\"><span style=\"color: #ff6600;\">Zalo Ch\u0103m S\u00f3c Kh\u00e1ch H\u00e0ng 24\/7<\/span>: <a href=\"https:\/\/zalo.me\/2565949627324610829\" rel=\"nofollow noopener\" target=\"_blank\">https:\/\/zalo.me\/2565949627324610829<\/a><\/span><\/h4>\n<h4 id=\"input_line_2\"><span id=\"input_part_0\" class=\"\" data-mention=\"C\u1eadp Nh\u1eadt \u01afu \u0110\u00e3i: https:\/\/www.facebook.com\/tohagroupvn\"><span style=\"color: #ff6600;\">C\u1eadp Nh\u1eadt \u01afu \u0110\u00e3i:<\/span> <a href=\"https:\/\/www.facebook.com\/tohagroupvn\" rel=\"nofollow noopener\" target=\"_blank\">https:\/\/www.facebook.com\/tohagroupvn<\/a><\/span><\/h4>\n<p><span style=\"color: #000000;\"><b>\u0110\u1ec3 bi\u1ebft th\u00eam th\u00f4ng tin chi ti\u1ebft v\u00e0 \u0111\u1eb7t h\u00e0ng<\/b><strong>, Qu\u00fd<\/strong><b> Kh\u00e1ch xin vui l\u00f2ng li\u00ean h\u1ec7 v\u1edbi ch\u00fang t\u00f4i qua:<\/b><\/span><\/p>\n<p><span style=\"font-weight: 400;\"><strong>&#8211;<span style=\"color: #ff6600;\">\u0110\u1ecba ch\u1ec9:<\/span><\/strong> 472 \/ 17 \u0111\u01b0\u1eddng Phan Huy \u00cdch, Ph\u01b0\u1eddng 12, Qu\u1eadn G\u00f2 V\u1ea5p HCM.<\/span><\/p>\n<p><span style=\"font-weight: 400;\">\u00a0 \u00a0 \u00a0 \u00a0 \u00a0 \u00a0 \u00a0 \u00a0111-112 A1, TT H\u00e0o Nam ng\u00f5 8A, \u0111\u01b0\u1eddng V\u0169 Th\u1ea1nh, Q.\u0110\u1ed1ng \u0110a, HN.<\/span><\/p>\n<p><span style=\"font-weight: 400; color: #ff6600;\"><strong>-Hotline:<\/strong><\/span><\/p>\n<ul>\n<li><span id=\"input_part_0\" class=\"\" data-mention=\"08 6269 6096 \">08 6269 6096 <\/span><\/li>\n<li><span id=\"input_part_0\" class=\"\" data-mention=\"08 6269 6096 \">08 6769 6096 <\/span><\/li>\n<li><span id=\"input_part_0\" class=\"\" data-mention=\"08 6269 6096 \">0978 121 033<\/span><\/li>\n<\/ul>\n<p><span style=\"font-weight: 400;\"><span style=\"color: #ff6600;\"><strong>-Gmail:<\/strong><\/span> info@tohagroup.com<\/span><\/p>\n<p>&nbsp;<\/p>\n<\/div>\n<\/div>\n<\/div>\n<\/div>\n<\/div>\n<\/div>\n<\/div>\n<\/div>\n<\/div>\n<\/div>\n<\/div>\n<\/div>\n<\/div>\n<\/div>\n","protected":false},"excerpt":{"rendered":"<h4 class=\"promoadd__ttl\" style=\"text-align: left;\"><span style=\"color: #ff0000;\"><strong><i>\u2666 2 \u01afU \u0110\u00c3I TH\u00caM<\/i><\/strong><\/span><\/h4>\n<h5 class=\"promoadd__ttl\" style=\"text-align: left;\">D\u1ef1 ki\u1ebfn \u00e1p d\u1ee5ng \u0111\u1ebfn 23:00 30\/09<\/h5>\n<div class=\"promo_BHX\">\n<div class=\"l2\">\n<p>Mua c\u00e0 ph\u00ea v\u1edbi \u01b0u \u0111\u00e3i mua 10 t\u1eb7ng 2<\/p>\n<\/div>\n<\/div>\n<h6><i class=\"icondetail-tick\"><\/i>Gi\u1ea3m 10% gi\u00e1 M\u00e1y xay sinh t\u1ed1 v\u00e0 M\u00e1y \u00e9p khi mua k\u00e8m<i class=\"icondetail-tick\"><\/i><\/h6>\n<p>&nbsp;<\/p>\n<div class=\"ui--title ui--animation ui--title-bordered text-center\">\n<div class=\"ui--title-holder\">\n<h4 class=\"ui--title-text\"><strong><em><span style=\"color: #ff0000;\">\u2666 T\u1ea0I SAO B\u1ea0N N\u00caN CH\u1eccN S\u1ea2N PH\u1ea8M C\u1ee6A CH\u00daNG T\u00d4I<\/span><\/em><\/strong><\/h4>\n<\/div>\n<\/div>\n<div class=\"ui-row row-fluid\">\n<div class=\"ui-column span6\">\n<h6><i class=\"list-icon 14px fontawesome-ok\"><\/i>Tr\u1ef1c ti\u1ebfp nh\u1eadp kh\u1ea9u t\u1eeb nh\u00e0 m\u00e1y s\u1ea3n xu\u1ea5t<\/h6>\n<h6><i class=\"list-icon 14px fontawesome-ok\"><\/i>Nhi\u1ec1u c\u00f4ng su\u1ea5t v\u00e0 gi\u00e1 c\u1ea3 ph\u00f9 h\u1ee3p v\u1edbi t\u1eebng nhu c\u1ea7u<i class=\"list-icon 14px fontawesome-ok\"><\/i><\/h6>\n<h6><i class=\"list-icon 14px fontawesome-ok\"><\/i>\u0110\u01b0\u1ee3c chuy\u00ean gia k\u1ef9 thu\u1eadt ki\u1ec3m tra ch\u1ea5t l\u01b0\u1ee3ng<\/h6>\n<\/div>\n<div class=\"ui-column span6\">\n<h6><i class=\"list-icon 14px fontawesome-ok\"><\/i>Ch\u1ebf \u0111\u1ed9 b\u1ea3o h\u00e0nh d\u00e0i h\u1ea1n<\/h6>\n<h6><i class=\"list-icon 14px fontawesome-ok\"><\/i>Lu\u00f4n lu\u00f4n c\u00f3 s\u1eb5n linh ki\u1ec7n \u0111\u1ec3 thay th\u1ebf<\/h6>\n<h6><i class=\"list-icon 14px fontawesome-ok\"><\/i>Ch\u00ednh s\u00e1ch gi\u00e1 t\u1ed1t v\u00e0 lu\u00f4n l\u00e0 gi\u00e1 t\u1ed1t nh\u1ea5t<\/h6>\n<h6><i class=\"list-icon 14px fontawesome-ok\"><\/i>T\u01b0 v\u1ea5n ph\u00f9 h\u1ee3p v\u1edbi nhu c\u1ea7u th\u1ef1c t\u1ebf c\u1ee7a b\u1ea1n<\/h6>\n<h6><i class=\"list-icon 14px fontawesome-ok\"><\/i>X\u1eed l\u00fd s\u1ef1 c\u1ed1 v\u00e0 khi\u1ebfu n\u1ea1i ngay l\u1eadp t\u1ee9c<\/h6>\n<h6><i class=\"list-icon 14px fontawesome-ok\"><\/i>T\u01b0 v\u1ea5n nhi\u1ec1u h\u01a1n cho c\u00f4ng vi\u1ec7c kinh doanh c\u1ee7a b\u1ea1n<\/h6>\n<\/div>\n<\/div>\n","protected":false},"featured_media":3689,"comment_status":"open","ping_status":"closed","template":"","meta":{"om_disable_all_campaigns":false,"_mi_skip_tracking":false,"_monsterinsights_sitenote_active":false,"_monsterinsights_sitenote_note":"","_monsterinsights_sitenote_category":0},"product_cat":[58],"product_tag":[],"class_list":["post-3657","product","type-product","status-publish","has-post-thumbnail","hentry","nhom-san-pham-may-xay-ca-phe","product_cat-may-xay-cafe"],"_links":{"self":[{"href":"https:\/\/tohagroup.com\/en\/wp-json\/wp\/v2\/product\/3657","targetHints":{"allow":["GET"]}}],"collection":[{"href":"https:\/\/tohagroup.com\/en\/wp-json\/wp\/v2\/product"}],"about":[{"href":"https:\/\/tohagroup.com\/en\/wp-json\/wp\/v2\/types\/product"}],"replies":[{"embeddable":true,"href":"https:\/\/tohagroup.com\/en\/wp-json\/wp\/v2\/comments?post=3657"}],"wp:featuredmedia":[{"embeddable":true,"href":"https:\/\/tohagroup.com\/en\/wp-json\/wp\/v2\/media\/3689"}],"wp:attachment":[{"href":"https:\/\/tohagroup.com\/en\/wp-json\/wp\/v2\/media?parent=3657"}],"wp:term":[{"taxonomy":"product_cat","embeddable":true,"href":"https:\/\/tohagroup.com\/en\/wp-json\/wp\/v2\/product_cat?post=3657"},{"taxonomy":"product_tag","embeddable":true,"href":"https:\/\/tohagroup.com\/en\/wp-json\/wp\/v2\/product_tag?post=3657"}],"curies":[{"name":"wp","href":"https:\/\/api.w.org\/{rel}","templated":true}]}}