{"id":3573,"date":"2022-07-06T04:11:49","date_gmt":"2022-07-06T04:11:49","guid":{"rendered":"https:\/\/demo1.thuythu.vn\/tohagroup\/?post_type=product&#038;p=3573"},"modified":"2022-12-19T13:49:17","modified_gmt":"2022-12-19T06:49:17","slug":"may-pha-ca-phe-breville-878","status":"publish","type":"product","link":"https:\/\/tohagroup.com\/en\/san-pham\/may-pha-ca-phe-breville-878\/","title":{"rendered":"M\u00e1y pha c\u00e0 ph\u00ea Breville 878"},"content":{"rendered":"<p><b>GI\u1edaI THI\u1ec6U T\u1ed4NG QUAN<\/b><\/p>\n<p><span style=\"font-weight: 400;\">Th\u01b0\u01a1ng hi\u1ec7u Breville ra \u0111\u1eddi t\u1eeb n\u0103m 1932, th\u01b0\u01a1ng hi\u1ec7u n\u1ed5i ti\u1ebfng trong l\u0129nh v\u1ef1c \u0111\u1ed3 gia d\u1ee5ng nh\u00e0 b\u1ebfp cao c\u1ea5p t\u1ea1i \u00dac. C\u00e1c s\u1ea3n ph\u1ea9m Breville kh\u00e1 \u0111a d\u1ea1ng t\u1eeb m\u00e1y xay sinh t\u1ed1, l\u00f2 vi s\u00f3ng, \u1ea5m \u0111un n\u01b0\u1edbc, m\u00e1y xay c\u00e0 ph\u00ea,&#8230;<\/span><\/p>\n<p><span style=\"font-weight: 400;\">Trong t\u1ea5t c\u1ea3 c\u00e1c d\u00f2ng m\u00e1y \u0111\u00f3, kh\u00f4ng th\u1ec3 k\u1ec3 \u0111\u1ebfn M\u00e1y pha c\u00e0 ph\u00ea Breville \u0111\u00e3 gi\u00e0nh chi\u1ebfn th\u1eafng t\u1ea1i Best New Product. C\u00e1c s\u1ea3n ph\u1ea9m \u0111\u1ec1u \u0111\u1ea1t ch\u1ea5t l\u01b0\u1ee3ng, v\u1edbi thi\u1ebft k\u1ebf sang tr\u1ecdng mang \u0111\u1ebfn s\u1ef1 h\u00e0i l\u00f2ng cho kh\u00e1ch h\u00e0ng tr\u00ean to\u00e0n th\u1ebf gi\u1edbi.\u00a0<\/span><\/p>\n<p><span style=\"font-weight: 400;\">Hi\u1ec7n t\u1ea1i, th\u01b0\u01a1ng hi\u1ec7u Breville \u0111\u00e3 \u0111\u01b0\u1ee3c ph\u00e2n ph\u1ed1i tr\u00ean to\u00e0n qu\u1ed1c v\u1edbi h\u01a1n 70 qu\u1ed1c gi\u00e1 tr\u00ean th\u1ebf gi\u1edbi, \u0111\u1eb7c bi\u1ec7t l\u00e0 c\u00e1c th\u1ecb tr\u01b0\u1eddng ti\u00eau chu\u1ea9n kh\u1eaft khe nh\u01b0 M\u1ef9, Canada, Newzealand,&#8230; H\u01a1n n\u1eefa, s\u1ea3n ph\u1ea9m c\u1ee7a th\u01b0\u01a1ng hi\u1ec7u Breville c\u00f3 gi\u00e1 th\u00e0nh c\u1ef1c k\u1ef3 h\u1ee3p l\u00fd, t\u01b0\u01a1ng x\u1ee9ng v\u1edbi gi\u00e1 tr\u1ecb c\u1ee7a n\u00f3 mang l\u1ea1i cho n\u1ec1n \u0111\u00e2y l\u00e0 y\u00eau t\u1ed1 thu h\u00fat nhi\u1ec1u kh\u00e1ch h\u00e0ng.<\/span><\/p>\n<p><img decoding=\"async\" class=\"aligncenter wp-image-3578 size-large\" src=\"https:\/\/tohagroup.com\/wp-content\/uploads\/2022\/07\/BREVILLE-878-01-1024x585.png\" alt=\"\" width=\"1024\" height=\"585\" srcset=\"https:\/\/tohagroup.com\/wp-content\/uploads\/2022\/07\/BREVILLE-878-01-1024x585.png 1024w, https:\/\/tohagroup.com\/wp-content\/uploads\/2022\/07\/BREVILLE-878-01-300x171.png 300w, https:\/\/tohagroup.com\/wp-content\/uploads\/2022\/07\/BREVILLE-878-01-768x439.png 768w, https:\/\/tohagroup.com\/wp-content\/uploads\/2022\/07\/BREVILLE-878-01-1536x878.png 1536w, https:\/\/tohagroup.com\/wp-content\/uploads\/2022\/07\/BREVILLE-878-01-2048x1171.png 2048w, https:\/\/tohagroup.com\/wp-content\/uploads\/2022\/07\/BREVILLE-878-01-600x343.png 600w\" sizes=\"(max-width: 1024px) 100vw, 1024px\" \/><\/p>\n<p><b>\u0110\u1ed0I T\u01af\u1ee2NG S\u1eec D\u1ee4NG<\/b><\/p>\n<p><span style=\"font-weight: 400;\">D\u00f2ng <\/span><span style=\"font-weight: 400;\">m\u00e1y pha c\u00e0 ph\u00ea Breville 878 ph\u00f9 h\u1ee3p cho c\u00e1c lo\u1ea1i m\u00f4 h\u00ecnh cafe v\u1eeba v\u00e0 nh\u1ecf. V\u00ec l\u00e0 1 group n\u00ean ch\u1ec9 \u0111\u00e1p \u1ee9ng \u0111\u1ee7 s\u1ed1 l\u01b0\u1ee3ng kh\u00e1ch trung b\u00ecnh. N\u1ebfu s\u1ed1 l\u01b0\u1ee3ng kh\u00e1ch m\u1ed7i ng\u00e0y nhi\u1ec1u, n\u00ean ch\u1ecdn nh\u1eefng\u00a0 d\u00f2ng m\u00e1y pha c\u00e0 ph\u00ea 2 groups nh\u00e9, \u0111\u1ec3 \u0111\u1ea3m b\u1ea3o \u0111\u01b0\u1ee3c nhu c\u1ea7u s\u1eed d\u1ee5ng c\u1ee7a b\u1ea1n.<\/span><\/p>\n<p><b>\u0110\u1eb6C \u0110I\u1ec2M<\/b><\/p>\n<ul>\n<li aria-level=\"1\"><b><i>T\u00edch h\u1ee3p m\u00e1y xay cafe t\u1ef1 \u0111\u1ed9ng<\/i><\/b><\/li>\n<\/ul>\n<p><span style=\"font-weight: 400;\">M\u00e1y xay t\u1ef1 \u0111\u1ed9ng t\u00edch h\u1ee3p s\u1eb5n, gi\u00fap r\u00fat ng\u1eafn th\u1eddi gian xay so v\u1edbi th\u1eddi \u0111i\u1ec3m pha espresso c\u00e0ng t\u1ed1t \u0111\u1ec3 gi\u1eef nguy\u00ean ch\u1ea5t l\u01b0\u1ee3ng c\u1ee7a ly cafe th\u00e0nh ph\u1ea9m. M\u00e1y xay hi\u1ec3n th\u1ecb \u0111\u1ed9 m\u1ecbn cafe, th\u1eddi gian xay cafe, gi\u00fap b\u1ea1n ki\u1ec3m so\u00e1t ch\u1eb7t ch\u1ebd c\u00e1c th\u00f4ng s\u1ed1.<\/span><\/p>\n<p><img decoding=\"async\" class=\"aligncenter wp-image-3582 size-large\" src=\"https:\/\/tohagroup.com\/wp-content\/uploads\/2022\/07\/BREVILLE-878-05-1024x585.png\" alt=\"\" width=\"1024\" height=\"585\" srcset=\"https:\/\/tohagroup.com\/wp-content\/uploads\/2022\/07\/BREVILLE-878-05-1024x585.png 1024w, https:\/\/tohagroup.com\/wp-content\/uploads\/2022\/07\/BREVILLE-878-05-300x171.png 300w, https:\/\/tohagroup.com\/wp-content\/uploads\/2022\/07\/BREVILLE-878-05-768x439.png 768w, https:\/\/tohagroup.com\/wp-content\/uploads\/2022\/07\/BREVILLE-878-05-1536x878.png 1536w, https:\/\/tohagroup.com\/wp-content\/uploads\/2022\/07\/BREVILLE-878-05-2048x1171.png 2048w, https:\/\/tohagroup.com\/wp-content\/uploads\/2022\/07\/BREVILLE-878-05-600x343.png 600w\" sizes=\"(max-width: 1024px) 100vw, 1024px\" \/><\/p>\n<ul>\n<li aria-level=\"1\"><b><i>N\u00fam \u0111i\u1ec1u ch\u1ec9nh 18 k\u00edch c\u1ee1 t\u1eeb m\u1ecbn-th\u00f4<\/i><\/b><\/li>\n<\/ul>\n<p><span style=\"font-weight: 400;\">N\u00fam \u0111i\u1ec1u ch\u1ec9nh c\u1ee1 xay <\/span><span style=\"font-weight: 400;\">v\u1edbi 18 m\u1ee9c cho b\u1ea1n l\u1ef1a ch\u1ecdn chu\u1ea9n x\u00e1c \u0111\u1ed9 m\u1ecbn b\u1ed9t c\u00e0 ph\u00ea. N\u00fam \u0111i\u1ec1u ch\u1ec9nh t\u0103ng\/gi\u1ea3m l\u01b0\u1ee3ng c\u00e0 ph\u00ea xay ra gi\u00fap b\u1ea1n linh ho\u1ea1t h\u01a1n khi pha ch\u1ebf, ch\u1ebf \u0111\u1ed9 xay t\u1ef1 \u0111\u1ed9ng gi\u1ea3i ph\u00f3ng th\u1eddi gian \u0111\u1ee9ng canh ch\u1ec9nh \u0111\u1ed3ng th\u1eddi \u0111\u1ea3m b\u1ea3o s\u1ef1 \u0111\u1ed3ng \u0111\u1ec1u v\u1ec1 \u0111\u1ecbnh l\u01b0\u1ee3ng c\u00e0 ph\u00ea \u1edf m\u1ecdi t\u00e1ch \u0111\u1ed3 u\u1ed1ng. Ch\u1ec9 v\u1edbi thao t\u00e1c l\u1eafp v\u00e0 \u0111\u1ea9y tay pha v\u00e0o trong c\u1ef1c k\u00ec \u0111\u01a1n gi\u1ea3n, ch\u1ec9 sau v\u00e0i gi\u00e2y m\u00e1y s\u1ebd t\u1ef1 \u0111\u1ed9ng cho b\u1ea1n l\u01b0\u1ee3ng b\u1ed9t c\u00e0 ph\u00ea m\u1ecbn \u0111\u00fang chu\u1ea9n.<\/span><\/p>\n<ul>\n<li aria-level=\"1\"><b><i>M\u00e0n h\u00ecnh LCD tr\u1ef1c quan, sinh \u0111\u1ed9ng v\u00e0 d\u1ec5 d\u00e0ng s\u1eed d\u1ee5ng<\/i><\/b><\/li>\n<\/ul>\n<p><span style=\"font-weight: 400;\">C\u00e1c s\u1ea3n ph\u1ea9m c\u1ee7a th\u01b0\u01a1ng hi\u1ec7u Breville lu\u00f4n \u0111\u01b0\u1ee3c \u0111\u00e1nh gi\u00e1 cao \u1edf thi\u1ebft k\u1ebf, giao di\u1ec7n, chi ti\u1ebft h\u01b0\u1edbng d\u1eabn v\u00e0 th\u00f4ng minh gi\u00fap ng\u01b0\u1eddi s\u1eed d\u1ee5ng d\u1ec5 d\u00e0ng n\u1eafm b\u1eaft v\u00e0 ghi nh\u1edb. Breville 878 s\u1edf h\u1eefu m\u00e0n h\u00ecnh LCD 3.5\u2019\u2019\u00a0 th\u1ec3 hi\u1ec7n to\u00e0n b\u1ed9 c\u00e1c th\u00f4ng s\u1ed1 c\u1ea7n thi\u1ebft \u0111\u1ec3 b\u1ea1n th\u1ef1c hi\u1ec7n shot espresso c\u1ee7a m\u00ecnh.<\/span><\/p>\n<p><img decoding=\"async\" class=\"aligncenter wp-image-3580 size-large\" src=\"https:\/\/tohagroup.com\/wp-content\/uploads\/2022\/07\/BREVILLE-878-03-1024x585.png\" alt=\"\" width=\"1024\" height=\"585\" srcset=\"https:\/\/tohagroup.com\/wp-content\/uploads\/2022\/07\/BREVILLE-878-03-1024x585.png 1024w, https:\/\/tohagroup.com\/wp-content\/uploads\/2022\/07\/BREVILLE-878-03-300x171.png 300w, https:\/\/tohagroup.com\/wp-content\/uploads\/2022\/07\/BREVILLE-878-03-768x439.png 768w, https:\/\/tohagroup.com\/wp-content\/uploads\/2022\/07\/BREVILLE-878-03-1536x878.png 1536w, https:\/\/tohagroup.com\/wp-content\/uploads\/2022\/07\/BREVILLE-878-03-2048x1171.png 2048w, https:\/\/tohagroup.com\/wp-content\/uploads\/2022\/07\/BREVILLE-878-03-600x343.png 600w\" sizes=\"(max-width: 1024px) 100vw, 1024px\" \/><\/p>\n<ul>\n<li aria-level=\"1\"><b><i>H\u1ec7 th\u1ed1ng nhi\u1ec7t \u0111\u1ed9 ThermoJet ho\u00e0n to\u00e0n m\u1edbi<\/i><\/b><\/li>\n<\/ul>\n<p><span style=\"font-weight: 400;\">H\u1ec7 th\u1ed1ng c\u1ea5p nhi\u1ec7t \u0111\u1ed9c quy\u1ec1n ThermoJet kh\u1edfi \u0111\u1ed9ng n\u00f3ng n\u01b0\u1edbc ch\u1ec9 trong 3 gi\u00e2y. ThermoJet mang \u0111\u1ebfn s\u1ee9c m\u1ea1nh \u0111\u1ed9t ph\u00e1 trong vi\u1ec7c pha ch\u1ebf cafe v\u00e0 \u0111\u00e1nh s\u1eefa so v\u1edbi c\u00e1c d\u00f2ng m\u00e1y cafe tr\u01b0\u1edbc \u0111\u00f3 c\u1ee7a Breville.<\/span><\/p>\n<p><img decoding=\"async\" class=\"aligncenter wp-image-3576 size-large\" src=\"https:\/\/tohagroup.com\/wp-content\/uploads\/2022\/07\/BREVILLE-878-06-1024x585.png\" alt=\"\" width=\"1024\" height=\"585\" srcset=\"https:\/\/tohagroup.com\/wp-content\/uploads\/2022\/07\/BREVILLE-878-06-1024x585.png 1024w, https:\/\/tohagroup.com\/wp-content\/uploads\/2022\/07\/BREVILLE-878-06-300x171.png 300w, https:\/\/tohagroup.com\/wp-content\/uploads\/2022\/07\/BREVILLE-878-06-768x439.png 768w, https:\/\/tohagroup.com\/wp-content\/uploads\/2022\/07\/BREVILLE-878-06-1536x878.png 1536w, https:\/\/tohagroup.com\/wp-content\/uploads\/2022\/07\/BREVILLE-878-06-2048x1170.png 2048w, https:\/\/tohagroup.com\/wp-content\/uploads\/2022\/07\/BREVILLE-878-06-600x343.png 600w\" sizes=\"(max-width: 1024px) 100vw, 1024px\" \/><\/p>\n<ul>\n<li aria-level=\"1\"><b><i>V\u00f2i \u0111\u00e1nh s\u1eefa chuy\u00ean nghi\u1ec7p<\/i><\/b><\/li>\n<\/ul>\n<p><span style=\"font-weight: 400;\">V\u00f2i \u0111\u00e1nh s\u1eefa cho ph\u00e9p t\u1ea1o ra nh\u1eefng b\u1ecdt s\u1eefa si\u00eau m\u1ecbn. Ch\u1ee9ng n\u0103ng t\u1ef1 \u0111\u00e1nh s\u1eefa t\u1ef1 \u0111\u1ed9ng c\u0169ng l\u00e0 m\u1ed9t \u01b0u \u0111i\u1ec3m v\u01b0\u1ee3t tr\u1ed9i c\u1ee7a th\u01b0\u01a1ng hi\u1ec7u n\u00e0y.\u00a0 Ch\u1ea5t l\u01b0\u1ee3ng b\u1ecdt t\u1eeb m\u00e1y pha c\u00e0 ph\u00ea Breville 878 kh\u00f4ng ch\u1ec9 t\u1ea1o ra b\u1ecdt Micro Foam m\u00e0 c\u00f2n c\u00f3 c\u1ea3 Normal Foam n\u00ean ch\u00fang s\u1ebd d\u1ec5 tan v\u00e0 d\u00e0y h\u01a1n. N\u1ebfu b\u1ea1n l\u00e0 m\u1ed9t barista m\u1edbi hay chuy\u00ean nghi\u1ec7p th\u00ec d\u00f2ng n\u00e0y lu\u00f4n l\u00e0 m\u1ed9t l\u1ef1a ch\u1ecdn t\u1ed1t.<\/span><\/p>\n<p><b>T\u00cdNH N\u0102NG C\u1ee6A M\u00c1Y<\/b><\/p>\n<p><span style=\"font-weight: 400;\">\u2013 \u00c1p su\u1ea5t b\u01a1m: 15 bar<\/span><\/p>\n<p><span style=\"font-weight: 400;\">\u2013 H\u1ec7 th\u1ed1ng c\u1ea5p nhi\u1ec7t \u0111\u1ed9c quy\u1ec1n ThermoJet kh\u1edfi \u0111\u1ed9ng n\u00f3ng n\u01b0\u1edbc ch\u1ec9 trong 3 gi\u00e2y. C\u00f4ng su\u1ea5t 1680W l\u00e0m b\u1eb1ng th\u00e9p kh\u00f4ng t\u00edch h\u1ee3p b\u1ed9 ph\u1eadn \u0111i\u1ec1u khi\u1ec3n ch\u00ednh x\u00e1c nhi\u1ec7t \u0111\u1ed9 n\u01b0\u1edbc.<\/span><\/p>\n<p><span style=\"font-weight: 400;\">\u2013 \u0110i\u1ec1u ch\u1ec9nh nhi\u1ec7t \u0111\u1ed9 t\u1ef1 \u0111\u1ed9ng ch\u1ee9c n\u0103ng: Sau khi ho\u00e0n th\u00e0nh m\u1ed9t t\u00e1ch espresso, m\u00e1y s\u1ebd t\u1ef1 \u0111\u1ed9ng x\u1ea3 b\u1edbt n\u01b0\u1edbc \/ h\u01a1i n\u01b0\u1edbc th\u1eeba \u0111\u1ec3 t\u00e1ch espresso nhi\u1ec7t \u0111\u1ed9 ti\u1ebfp t\u1ee5c \u0111\u01b0\u1ee3c t\u1ed1i \u01b0u.<\/span><\/p>\n<p><span style=\"font-weight: 400;\">\u2013 Ch\u1ee9c n\u0103ng truy\u1ec1n d\u1ecbch n\u01b0\u1edbc: S\u1eed d\u1ee5ng \u00e1p l\u1ef1c h\u01a1i n\u01b0\u1edbc th\u1ea5p \u0111\u1ec3 l\u00e0m cho cafe nh\u1eb9 nh\u00e0ng n\u1edf ra khi b\u1eaft \u0111\u1ea7u qu\u00e1 tr\u00ecnh pha ch\u1ebf.<\/span><\/p>\n<p><span style=\"font-weight: 400;\">\u2013 B\u1ed9 l\u1ecdc cafe (portafilter): L\u00e0m b\u1eb1ng ch\u1ea5t li\u1ec7u th\u00e9p v\u00e0 c\u00f3 4 gi\u1ecf l\u1ecdc kh\u00e1c nhau ph\u1ee5c v\u1ee5 c\u00e1c y\u00eau c\u1ea7u s\u1eed d\u1ee5ng kh\u00e1c nhau<\/span><\/p>\n<p><span style=\"font-weight: 400;\">\u2013 B\u1ed3n ch\u1ee9a n\u01b0\u1edbc: B\u1ed3n ch\u1ee9a c\u00f3 dung t\u00edch 2 L\u00edt, d\u1ec5 d\u00e0ng th\u00e1o l\u1eafp v\u00e0 t\u00edch h\u1ee3p n\u01b0\u1edbc l\u1ecdc c\u00e2y c\u00f3 s\u1eb5n gi\u00fap b\u1ea3o \u0111\u1ea3m ch\u1ea5t l\u01b0\u1ee3ng pha c\u00e0 ph\u00ea espresso<\/span><\/p>\n<p><span style=\"font-weight: 400;\">\u2013 Kh\u00f4ng l\u01b0u tr\u1eef: M\u00e1y \u0111\u01b0\u1ee3c x\u00e1o tr\u1ed9n thi\u1ebft k\u1ebf khe c\u1eafm v\u00e0 khay l\u01b0u tr\u1eef c\u00e1c c\u00f4ng c\u1ee5 kh\u00e1c\u00a0<\/span><\/p>\n<p><img decoding=\"async\" class=\"aligncenter wp-image-3574 size-large\" src=\"https:\/\/tohagroup.com\/wp-content\/uploads\/2022\/07\/BREVILLE-878-8-08-1024x585.png\" alt=\"\" width=\"1024\" height=\"585\" srcset=\"https:\/\/tohagroup.com\/wp-content\/uploads\/2022\/07\/BREVILLE-878-8-08-1024x585.png 1024w, https:\/\/tohagroup.com\/wp-content\/uploads\/2022\/07\/BREVILLE-878-8-08-300x171.png 300w, https:\/\/tohagroup.com\/wp-content\/uploads\/2022\/07\/BREVILLE-878-8-08-768x439.png 768w, https:\/\/tohagroup.com\/wp-content\/uploads\/2022\/07\/BREVILLE-878-8-08-1536x878.png 1536w, https:\/\/tohagroup.com\/wp-content\/uploads\/2022\/07\/BREVILLE-878-8-08-2048x1171.png 2048w, https:\/\/tohagroup.com\/wp-content\/uploads\/2022\/07\/BREVILLE-878-8-08-600x343.png 600w\" sizes=\"(max-width: 1024px) 100vw, 1024px\" \/><\/p>\n<p><b>V\u00cc SAO N\u00caN CH\u1eccN M\u00c1Y PHA C\u00c0 PH\u00ca BREVILLE 878 &#8211; 1 group<\/b><\/p>\n<ul>\n<li style=\"font-weight: 400;\" aria-level=\"1\"><span style=\"font-weight: 400;\">Khay \u0111\u1ef1ng h\u1ea1t cafe c\u00f3 dung t\u00edch 300 gr<\/span><\/li>\n<li style=\"font-weight: 400;\" aria-level=\"1\"><span style=\"font-weight: 400;\">Ch\u1ec9nh th\u1eddi gian cho ch\u1ebf \u0111\u1ed9 \u1ee7 \u2013 pre infusion.<\/span><\/li>\n<li style=\"font-weight: 400;\" aria-level=\"1\"><span style=\"font-weight: 400;\">M\u00e1y xay burr-grinder l\u00e0m b\u1eb1ng th\u00e9p kh\u00f4ng g\u1ec9 cho b\u1ed9t c\u00e0 ph\u00ea c\u00f3 \u0111\u1ed9 t\u01b0\u01a1i ho\u00e0n h\u1ea3o<\/span><\/li>\n<li style=\"font-weight: 400;\" aria-level=\"1\"><span style=\"font-weight: 400;\">N\u00fam \u0111i\u1ec1u ch\u1ec9nh k\u00edch c\u1ee1 h\u1ea1t cafe c\u00f3 th\u1ec3 \u0111i\u1ec1u ch\u1ec9nh 18 k\u00edch c\u1ee1 h\u1ea1t cafe t\u1eeb m\u1ecbn t\u1edbi th\u00f4<\/span><\/li>\n<li style=\"font-weight: 400;\" aria-level=\"1\"><span style=\"font-weight: 400;\">N\u00fam \u0111i\u1ec1u ch\u1ec9nh l\u01b0\u1ee3ng cafe xay ra t\u1ef1 \u0111\u1ed9ng<\/span><\/li>\n<li style=\"font-weight: 400;\" aria-level=\"1\"><span style=\"font-weight: 400;\">Thanh k\u1eb9p gi\u1eef portafilter trong qu\u00e1 tr\u00ecnh xay cafe<\/span><\/li>\n<li style=\"font-weight: 400;\" aria-level=\"1\"><span style=\"font-weight: 400;\">Pha cafe t\u1ef1 \u0111\u1ed9ng: b\u1ea1n c\u00f3 th\u1ec3 t\u1ef1 \u0111\u1ed9ng pha 1 shot ho\u1eb7c 2 shot espresso v\u1edbi nh\u1eefng n\u00fat b\u1ea5m \u0111\u01b0\u1ee3c l\u1eadp tr\u00ecnh s\u1eb5n th\u1eddi gian \u2013 l\u01b0\u1ee3ng n\u01b0\u1edbc ch\u1ea3y qua cafe<\/span><\/li>\n<li style=\"font-weight: 400;\" aria-level=\"1\"><span style=\"font-weight: 400;\">T\u00ednh n\u0103ng lo\u1ea1i b\u1ecf ph\u1ea7n n\u01b0\u1edbc d\u01b0 th\u1eeba trong gi\u1ecf l\u1ecdc gi\u00fap d\u1ec5 d\u00e0ng x\u1eed l\u00fd b\u00e3 cafe<\/span><\/li>\n<li style=\"font-weight: 400;\" aria-level=\"1\"><span style=\"font-weight: 400;\">V\u00f2i phun n\u01b0\u1edbc n\u00f3ng gi\u00fap b\u1ea1n d\u1ec5 d\u00e0ng l\u00e0m \u1ea5m t\u00e1ch tr\u01b0\u1edbc khi pha ch\u1ebf ho\u1eb7c l\u00e0m m\u1ed9t t\u00e1ch americano<\/span><\/li>\n<li style=\"font-weight: 400;\" aria-level=\"1\"><span style=\"font-weight: 400;\">V\u00f2i \u0111\u00e1nh s\u1eefa l\u00e0m b\u1eb1ng th\u00e9p kh\u00f4ng g\u1ec9 v\u00e0 c\u00f3 kh\u1ea3 n\u0103ng xoay 360 \u0111\u1ed9<\/span><\/li>\n<li style=\"font-weight: 400;\" aria-level=\"1\"><span style=\"font-weight: 400;\">Khay l\u00e0m \u1ea5m ly t\u00e1ch<\/span><\/li>\n<li style=\"font-weight: 400;\" aria-level=\"1\"><span style=\"font-weight: 400;\">Khay ch\u1ee9a n\u01b0\u1edbc th\u1ea3i t\u1eeb m\u00e1y cafe v\u1edbi \u201cbi\u1ec3n b\u00e1o EMPTY ME !\u201d s\u1ebd t\u1ef1 xu\u1ea5t hi\u1ec7n khi n\u01b0\u1edbc \u0111\u1ea7y<\/span><\/li>\n<li style=\"font-weight: 400;\" aria-level=\"1\"><span style=\"font-weight: 400;\">\u0110\u00e8n c\u1ea3nh b\u00e1o t\u1edbi th\u1eddi \u0111i\u1ec3m v\u1ec7 sinh m\u00e1y<\/span><\/li>\n<li style=\"font-weight: 400;\" aria-level=\"1\"><span style=\"font-weight: 400;\">M\u00e1y t\u1ef1 \u0111\u1ed9ng chuy\u1ec3n tr\u1ea1ng th\u00e1i ng\u1ee7 (sleep mode) sau 1 gi\u1edd kh\u00f4ng ho\u1ea1t \u0111\u1ed9ng \u0111\u1ec3 ti\u1ebft ki\u1ec7m \u0111i\u1ec7n, v\u00e0 m\u00e1y s\u1ebd t\u1ef1 t\u1eaft sau 3 gi\u1edd kh\u00f4ng ho\u1ea1t \u0111\u1ed9ng<\/span><\/li>\n<li style=\"font-weight: 400;\" aria-level=\"1\"><span style=\"font-weight: 400;\">T\u1ea5t c\u1ea3 c\u00e1c b\u1ed9 ph\u1eadn ti\u1ebfp x\u00fac v\u1edbi cafe \u0111\u1ec1u l\u00e0m b\u1eb1ng ch\u1ea5t li\u1ec7u kh\u00f4ng c\u00f3 ch\u1ea5t BPA n\u00ean ho\u00e0n to\u00e0n an to\u00e0n v\u1edbi m\u1ecdi \u0111\u1ed1i t\u01b0\u1ee3ng.<\/span><\/li>\n<\/ul>\n<hr \/>\n<h2 id=\"ftoc-heading-10\" class=\"p1 ftwp-heading\"><b>Toha Group \u2013 Cung c\u1ea5p gi\u1ea3i ph\u00e1p cho m\u1ed9t ly c\u00e0 ph\u00ea ngon<\/b><\/h2>\n<p>=&gt;&gt;\u00a0<em>Tham kh\u1ea3o th\u00f4ng tin v\u00e0 c\u00e1c s\u1ea3n ph\u1ea9m <a href=\"https:\/\/tohagroup.com\/product-category\/may-pha-ca-phe-cho-quan\/\" target=\"_blank\" rel=\"nofollow noopener\">M\u00e1y pha c\u00e0 ph\u00ea d\u00e0nh cho qu\u00e1n<\/a> t\u1ea1i website ch\u00ednh h\u00e3ng <a href=\"http:\/\/www.tohagroup.com\">www.tohagroup.com<\/a><\/em><\/p>\n<p>\u0110\u1ec3 \u0111\u1ea3m b\u1ea3o mua m\u00e1y ch\u00ednh h\u00e3ng vui l\u00f2ng t\u1edbi tr\u1ef1c ti\u1ebfp Showroom c\u1ee7a <strong>Toha Group<\/strong> tr\u00ean to\u00e0n qu\u1ed1c ho\u1eb7c \u0111\u1eb7t h\u00e0ng t\u1ea1i Website www.tohagroup.com \u2013 Ho\u1eb7c g\u1ecdi tr\u1ef1c ti\u1ebfp t\u1edbi <a href=\"tel:0867896096\" target=\"_blank\" rel=\"nofollow noopener\"><strong>Hotline: 08 6789 6096<\/strong><\/a>\u00a0\u0111\u1ec3 \u0111\u01b0\u1ee3c h\u1ed7 tr\u1ee3 \u0111\u1eb7t h\u00e0ng nhanh.<\/p>\n<p><span style=\"color: #ff0000;\"><strong>\u01afu \u0111\u00e3i:<\/strong> <\/span>Khi Qu\u00fd kh\u00e1ch h\u00e0ng theo d\u00f5i t\u1ea5t c\u1ea3 n\u1ec1n t\u1ea3ng c\u1ee7a Toha, qu\u00fd kh\u00e1ch s\u1ebd nh\u1eadn \u0111\u01b0\u1ee3c \u0111\u01b0\u1eddng d\u00e2y n\u00f3ng k\u1ebft n\u1ed1i &#8211; mua b\u00e1n &#8211; s\u1eeda ch\u1eefa, k\u00e8m theo \u0111\u00f3 l\u00e0 nhi\u1ec1u \u01b0u \u0111\u00e3i \u0111\u1eb7c bi\u1ec7t, nhi\u1ec1u ch\u01b0\u01a1ng tr\u00ecnh gi\u1ea3m gi\u00e1, v\u00e0 r\u1ea5t nhi\u1ec1u qu\u00e0 t\u1eb7ng kh\u00e1c \u0111\u1ebfn t\u1eeb Toha.<\/p>\n<h4 id=\"input_line_0\"><span id=\"input_part_0\" class=\"\" data-mention=\"Ch\u1ec9 \u0110\u01b0\u1eddng Google Map: https:\/\/g.page\/TOHACAFE?share \"><span style=\"color: #ff6600;\">Ch\u1ec9 \u0110\u01b0\u1eddng Google Map:<\/span><a href=\"https:\/\/g.page\/TOHACAFE?share\" rel=\"nofollow\" target=\"_blank\"> https:\/\/g.page\/TOHACAFE?share<\/a>\u00a0<\/span><\/h4>\n<h4 id=\"input_line_1\"><span id=\"input_part_0\" class=\"\" data-mention=\"Zalo Ch\u0103m S\u00f3c Kh\u00e1ch H\u00e0ng 24\/7: https:\/\/zalo.me\/2565949627324610829\"><span style=\"color: #ff6600;\">Zalo Ch\u0103m S\u00f3c Kh\u00e1ch H\u00e0ng 24\/7<\/span>: <a href=\"https:\/\/zalo.me\/2565949627324610829\" rel=\"nofollow noopener\" target=\"_blank\">https:\/\/zalo.me\/2565949627324610829<\/a><\/span><\/h4>\n<h4 id=\"input_line_2\"><span id=\"input_part_0\" class=\"\" data-mention=\"C\u1eadp Nh\u1eadt \u01afu \u0110\u00e3i: https:\/\/www.facebook.com\/tohagroupvn\"><span style=\"color: #ff6600;\">C\u1eadp Nh\u1eadt \u01afu \u0110\u00e3i:<\/span> <a href=\"https:\/\/www.facebook.com\/tohagroupvn\" rel=\"nofollow noopener\" target=\"_blank\">https:\/\/www.facebook.com\/tohagroupvn<\/a><\/span><\/h4>\n<p><span style=\"color: #000000;\"><b>\u0110\u1ec3 bi\u1ebft th\u00eam th\u00f4ng tin chi ti\u1ebft v\u00e0 \u0111\u1eb7t h\u00e0ng<\/b><strong>, Qu\u00fd<\/strong><b> Kh\u00e1ch xin vui l\u00f2ng li\u00ean h\u1ec7 v\u1edbi ch\u00fang t\u00f4i qua:<\/b><\/span><\/p>\n<p><span style=\"font-weight: 400;\"><strong>&#8211;<span style=\"color: #ff6600;\">\u0110\u1ecba ch\u1ec9:<\/span><\/strong> 472 \/ 17 \u0111\u01b0\u1eddng Phan Huy \u00cdch, Ph\u01b0\u1eddng 12, Qu\u1eadn G\u00f2 V\u1ea5p HCM.<\/span><\/p>\n<p><span style=\"font-weight: 400;\">\u00a0 \u00a0 \u00a0 \u00a0 \u00a0 \u00a0 \u00a0 \u00a0111-112 A1, TT H\u00e0o Nam ng\u00f5 8A, \u0111\u01b0\u1eddng V\u0169 Th\u1ea1nh, Q.\u0110\u1ed1ng \u0110a, HN.<\/span><\/p>\n<p><span style=\"font-weight: 400; color: #ff6600;\"><strong>-Hotline:<\/strong><\/span><\/p>\n<ul>\n<li><span id=\"input_part_0\" class=\"\" data-mention=\"08 6269 6096 \">08 6269 6096 <\/span><\/li>\n<li><span id=\"input_part_0\" class=\"\" data-mention=\"08 6269 6096 \">08 6769 6096 <\/span><\/li>\n<li><span id=\"input_part_0\" class=\"\" data-mention=\"08 6269 6096 \">0978 121 033<\/span><\/li>\n<\/ul>\n<p><span style=\"font-weight: 400;\"><span style=\"color: #ff6600;\"><strong>-Gmail:<\/strong><\/span> info@tohagroup.com<\/span><\/p>\n<p>&nbsp;<\/p>\n","protected":false},"excerpt":{"rendered":"<h4 class=\"promoadd__ttl\" style=\"text-align: left;\"><strong><i>2 \u01afU \u0110\u00c3I QU\u00c0 T\u1eb6NG<\/i><\/strong><\/h4>\n<h5 class=\"promoadd__ttl\" style=\"text-align: left;\">D\u1ef1 ki\u1ebfn \u00e1p d\u1ee5ng \u0111\u1ebfn 23:00 30\/09<\/h5>\n<div class=\"promo_BHX\">\n<div class=\"l2\">\n<ul>\n<li>\n<h6><span data-sheets-value=\"{&quot;1&quot;:2,&quot;2&quot;:&quot;T\u1eb7ng b\u1ed9 d\u1ee5ng c\u1ee5 8 m\u00f3n ( T\u1ea4T C\u1ea2 M\u00c1Y C\u0168 HAY M\u1edaI )&quot;}\" data-sheets-userformat=\"{&quot;2&quot;:30909,&quot;3&quot;:{&quot;1&quot;:0,&quot;3&quot;:1},&quot;5&quot;:{&quot;1&quot;:[{&quot;1&quot;:2,&quot;2&quot;:0,&quot;5&quot;:{&quot;1&quot;:2,&quot;2&quot;:0}},{&quot;1&quot;:0,&quot;2&quot;:0,&quot;3&quot;:3},{&quot;1&quot;:1,&quot;2&quot;:0,&quot;4&quot;:1}]},&quot;6&quot;:{&quot;1&quot;:[{&quot;1&quot;:2,&quot;2&quot;:0,&quot;5&quot;:{&quot;1&quot;:2,&quot;2&quot;:0}},{&quot;1&quot;:0,&quot;2&quot;:0,&quot;3&quot;:3},{&quot;1&quot;:1,&quot;2&quot;:0,&quot;4&quot;:1}]},&quot;7&quot;:{&quot;1&quot;:[{&quot;1&quot;:2,&quot;2&quot;:0,&quot;5&quot;:{&quot;1&quot;:2,&quot;2&quot;:0}},{&quot;1&quot;:0,&quot;2&quot;:0,&quot;3&quot;:3},{&quot;1&quot;:1,&quot;2&quot;:0,&quot;4&quot;:1}]},&quot;8&quot;:{&quot;1&quot;:[{&quot;1&quot;:2,&quot;2&quot;:0,&quot;5&quot;:{&quot;1&quot;:2,&quot;2&quot;:0}},{&quot;1&quot;:0,&quot;2&quot;:0,&quot;3&quot;:3},{&quot;1&quot;:1,&quot;2&quot;:0,&quot;4&quot;:1}]},&quot;10&quot;:1,&quot;14&quot;:{&quot;1&quot;:3,&quot;3&quot;:1},&quot;15&quot;:&quot;Times New Roman&quot;,&quot;16&quot;:11,&quot;17&quot;:1}\">T\u1eb7ng b\u1ed9 d\u1ee5ng c\u1ee5 8 m\u00f3n\u00a0<\/span><\/h6>\n<\/li>\n<li>\n<h6>Ch\u00ednh s\u00e1ch \u0111\u1ed5i tr\u1ea3 h\u00e0ng b\u1ea3o h\u00e0nh 1 \u0111\u1ed5i 1<\/h6>\n<\/li>\n<\/ul>\n<\/div>\n<\/div>\n","protected":false},"featured_media":3590,"comment_status":"open","ping_status":"closed","template":"","meta":{"om_disable_all_campaigns":false,"_mi_skip_tracking":false,"_monsterinsights_sitenote_active":false,"_monsterinsights_sitenote_note":"","_monsterinsights_sitenote_category":0},"product_cat":[64],"product_tag":[],"class_list":["post-3573","product","type-product","status-publish","has-post-thumbnail","hentry","nhom-san-pham-may-pha-ca-phe","product_cat-may-pha-gia-dinh-van-phong"],"_links":{"self":[{"href":"https:\/\/tohagroup.com\/en\/wp-json\/wp\/v2\/product\/3573","targetHints":{"allow":["GET"]}}],"collection":[{"href":"https:\/\/tohagroup.com\/en\/wp-json\/wp\/v2\/product"}],"about":[{"href":"https:\/\/tohagroup.com\/en\/wp-json\/wp\/v2\/types\/product"}],"replies":[{"embeddable":true,"href":"https:\/\/tohagroup.com\/en\/wp-json\/wp\/v2\/comments?post=3573"}],"wp:featuredmedia":[{"embeddable":true,"href":"https:\/\/tohagroup.com\/en\/wp-json\/wp\/v2\/media\/3590"}],"wp:attachment":[{"href":"https:\/\/tohagroup.com\/en\/wp-json\/wp\/v2\/media?parent=3573"}],"wp:term":[{"taxonomy":"product_cat","embeddable":true,"href":"https:\/\/tohagroup.com\/en\/wp-json\/wp\/v2\/product_cat?post=3573"},{"taxonomy":"product_tag","embeddable":true,"href":"https:\/\/tohagroup.com\/en\/wp-json\/wp\/v2\/product_tag?post=3573"}],"curies":[{"name":"wp","href":"https:\/\/api.w.org\/{rel}","templated":true}]}}