{"id":3554,"date":"2022-07-06T03:46:10","date_gmt":"2022-07-06T03:46:10","guid":{"rendered":"https:\/\/demo1.thuythu.vn\/tohagroup\/?post_type=product&#038;p=3554"},"modified":"2022-12-19T14:04:20","modified_gmt":"2022-12-19T07:04:20","slug":"may-pha-ca-phe-breville-870xl","status":"publish","type":"product","link":"https:\/\/tohagroup.com\/en\/san-pham\/may-pha-ca-phe-breville-870xl\/","title":{"rendered":"M\u00e1y pha c\u00e0 ph\u00ea Breville 870XL"},"content":{"rendered":"<h3><b>M\u00c1Y PHA C\u00c0 PH\u00ca BREVILLE 870 XL<\/b><\/h3>\n<p><strong>M\u00e1y pha c\u00e0 ph\u00ea Breville 870 XL <\/strong><span style=\"font-weight: 400;\">thu\u1ed9c d\u00f2ng m\u00e1y ph\u00e2n kh\u00fac gi\u00e1 r\u1ebb. Th\u00edch h\u1ee3p cho qu\u00e1n c\u00e0 ph\u00ea quy m\u00f4 v\u1eeba v\u00e0 nh\u1ecf. Breville 870 l\u00e0 chi\u1ebfc m\u00e1y pha c\u00e0 ph\u00ea nh\u1ecf g\u1ecdn d\u00e0nh cho gia \u0111\u00ecnh, \u0111\u01b0\u1ee3c t\u00edch h\u1ee3p c\u1ea3 m\u00e1y xay c\u00e0 ph\u00ea. T\u1eeb \u0111\u00f3 ti\u1ebft ki\u1ec7m \u0111\u01b0\u1ee3c chi ph\u00ed \u0111\u1ea7u t\u01b0 v\u00e0 kh\u00f4ng gian cho qu\u1ea7y bar.<\/span><\/p>\n<h3><strong>S\u01a0 L\u01af\u1ee2C V\u1ec0 NGU\u1ed2N G\u1ed0C TH\u01af\u01a0NG HI\u1ec6U BREVILLE:<\/strong><\/h3>\n<p><span style=\"font-weight: 400;\">Th\u01b0\u01a1ng hi\u1ec7u Breville ra \u0111\u1eddi t\u1eeb n\u0103m 1932, th\u01b0\u01a1ng hi\u1ec7u n\u1ed5i ti\u1ebfng trong l\u0129nh v\u1ef1c \u0111\u1ed3 gia d\u1ee5ng nh\u00e0 b\u1ebfp cao c\u1ea5p t\u1ea1i \u00dac. C\u00e1c s\u1ea3n ph\u1ea9m Breville kh\u00e1 \u0111a d\u1ea1ng t\u1eeb m\u00e1y xay sinh t\u1ed1, l\u00f2 vi s\u00f3ng, \u1ea5m \u0111un n\u01b0\u1edbc, m\u00e1y xay c\u00e0 ph\u00ea,&#8230;<\/span><\/p>\n<p><span style=\"font-weight: 400;\">Trong t\u1ea5t c\u1ea3 c\u00e1c d\u00f2ng m\u00e1y \u0111\u00f3, kh\u00f4ng th\u1ec3 k\u1ec3 \u0111\u1ebfn M\u00e1y pha c\u00e0 ph\u00ea Breville \u0111\u00e3 gi\u00e0nh chi\u1ebfn th\u1eafng t\u1ea1i Best New Product. C\u00e1c s\u1ea3n ph\u1ea9m \u0111\u1ec1u \u0111\u1ea1t ch\u1ea5t l\u01b0\u1ee3ng, v\u1edbi thi\u1ebft k\u1ebf sang tr\u1ecdng mang \u0111\u1ebfn s\u1ef1 h\u00e0i l\u00f2ng cho kh\u00e1ch h\u00e0ng tr\u00ean to\u00e0n th\u1ebf gi\u1edbi.\u00a0<\/span><\/p>\n<p><span style=\"font-weight: 400;\">Hi\u1ec7n t\u1ea1i, th\u01b0\u01a1ng hi\u1ec7u Breville \u0111\u00e3 \u0111\u01b0\u1ee3c ph\u00e2n ph\u1ed1i tr\u00ean to\u00e0n qu\u1ed1c v\u1edbi h\u01a1n 70 qu\u1ed1c gi\u00e1 tr\u00ean th\u1ebf gi\u1edbi, \u0111\u1eb7c bi\u1ec7t l\u00e0 c\u00e1c th\u1ecb tr\u01b0\u1eddng ti\u00eau chu\u1ea9n kh\u1eaft khe nh\u01b0 M\u1ef9, Canada, New Zealand,&#8230; H\u01a1n n\u1eefa, s\u1ea3n ph\u1ea9m c\u1ee7a th\u01b0\u01a1ng hi\u1ec7u Breville c\u00f3 gi\u00e1 th\u00e0nh c\u1ef1c k\u1ef3 h\u1ee3p l\u00fd, t\u01b0\u01a1ng x\u1ee9ng v\u1edbi gi\u00e1 tr\u1ecb c\u1ee7a n\u00f3 mang l\u1ea1i cho n\u1ec1n \u0111\u00e2y l\u00e0 y\u00eau t\u1ed1 thu h\u00fat nhi\u1ec1u kh\u00e1ch h\u00e0ng<\/span><\/p>\n<p><img decoding=\"async\" class=\"aligncenter wp-image-3571 size-large\" src=\"https:\/\/tohagroup.com\/wp-content\/uploads\/2022\/07\/BREVILLE-870-xl-01-01-1024x585.png\" alt=\"\" width=\"1024\" height=\"585\" srcset=\"https:\/\/tohagroup.com\/wp-content\/uploads\/2022\/07\/BREVILLE-870-xl-01-01-1024x585.png 1024w, https:\/\/tohagroup.com\/wp-content\/uploads\/2022\/07\/BREVILLE-870-xl-01-01-300x171.png 300w, https:\/\/tohagroup.com\/wp-content\/uploads\/2022\/07\/BREVILLE-870-xl-01-01-768x439.png 768w, https:\/\/tohagroup.com\/wp-content\/uploads\/2022\/07\/BREVILLE-870-xl-01-01-1536x878.png 1536w, https:\/\/tohagroup.com\/wp-content\/uploads\/2022\/07\/BREVILLE-870-xl-01-01-2048x1171.png 2048w, https:\/\/tohagroup.com\/wp-content\/uploads\/2022\/07\/BREVILLE-870-xl-01-01-600x343.png 600w\" sizes=\"(max-width: 1024px) 100vw, 1024px\" \/><\/p>\n<hr \/>\n<h3><b>T\u1ea0I SAO N\u00caN MUA BREVILLE 870 XL CHO C\u00c1C GIA \u0110\u00ccNH, V\u0102N PH\u00d2NG V\u00c0 QU\u00c1N NH\u1ece?<\/b><\/h3>\n<h4><b>Chi ph\u00ed th\u1ea5p nh\u01b0ng ch\u1ea5t l\u01b0\u1ee3ng cao.<\/b><\/h4>\n<p><span style=\"font-weight: 400;\">Ch\u1ec9 t\u1eeb h\u01a1n 3 ly c\u00e0 ph\u00ea m\u1ed7i ng\u00e0y, b\u1ea1n \u0111\u00e3 s\u1edf h\u1eedu cho m\u00ecnh 1 chi\u1ebfc m\u00e1y nh\u1ecf g\u1ecdn, ti\u1ec7n l\u1ee3i, th\u00edch h\u1ee3p s\u1eed d\u1ee5ng cho gia \u0111\u00ecnh v\u00e0 qu\u00e1n nh\u1ecf. V\u1edbi c\u00e1c t\u00ednh n\u0103ng s\u1eb3n t\u00edch h\u1ee3p tr\u00ean m\u00e1y, th\u00ec d\u00f9 cho b\u1ea1n l\u00e0 ai th\u00ec c\u0169ng c\u00f3 th\u1ec3 d\u1ec3 d\u00e0ng pha \u0111\u01b0\u1ee3c 1 ly c\u00e0 ph\u00ea \u0111\u00fang \u0111i\u1ec7u.<\/span><\/p>\n<h4><b>H\u1ec7 th\u1ed1ng trao \u0111\u1ed5i nhi\u1ec7t \u0111\u1ea3m b\u1ea3o nhi\u1ec7t \u0111\u1ed9 n\u01b0\u1edbc \u0111\u1ea1t chu\u1ea9n. \u0110\u1ed3ng h\u1ed3 \u0111o \u00e1p su\u1ea5t gi\u00fap theo d\u00f5i hi\u1ec7u qu\u1ea3 trong qu\u00e1 tr\u00ecnh pha ch\u1ebf.<\/b><\/h4>\n<p><span style=\"font-weight: 400;\">Breville 870 \u0111\u01b0\u1ee3c trang b\u1ecb h\u1ec7 th\u1ed1ng c\u1ea5p nhi\u1ec7t \u0111\u1ea3m b\u1ea3o c\u00e1c quy \u0111\u1ecbnh v\u1ec1 nhi\u1ec7t \u0111\u1ed9 n\u01b0\u1edbc ch\u00ednh x\u00e1c cho m\u1ed9t t\u00e1ch espresso.<\/span><\/p>\n<p><span style=\"font-weight: 400;\">\u00c1p su\u1ea5t n\u01b0\u1edbc l\u00e0 m\u1ed9t y\u1ebfu t\u1ed1 quan tr\u1ecdng \u0111\u1ec3 \u0111\u1ea3m b\u1ea3o s\u1ef1 \u1ed5n \u0111\u1ecbnh v\u1ec1 th\u1ebf ch\u1ea5t v\u00e0 h\u01b0\u01a1ng v\u1ecb c\u00e0 ph\u00ea. V\u1edbi \u0111\u1ed3ng h\u1ed3 hi\u1ec3n th\u1ecb \u00e1p su\u1ea5t, b\u1ea1n c\u00f3 th\u1ec3 ki\u1ec3m so\u00e1t \u0111\u01b0\u1ee3c \u00e1p su\u1ea5t n\u01b0\u1edbc giai \u0111o\u1ea1n \u1ee7 t\u1edbi giai \u0111o\u1ea1n chi\u1ebft xu\u1ea5t c\u00e0 ph\u00ea, \u0111\u1ea3m b\u1ea3o m\u00f4i tr\u01b0\u1eddng l\u00fd t\u01b0\u1edfng cho nh\u1eefng gi\u1ecdt c\u00e0 ph\u00ea h\u1ea3o h\u1ea1ng nh\u1ea5t.<\/span><\/p>\n<p><img decoding=\"async\" class=\"aligncenter wp-image-3567 size-large\" src=\"https:\/\/tohagroup.com\/wp-content\/uploads\/2022\/07\/BREVILLE-870-xl-05-1024x585.png\" alt=\"\" width=\"1024\" height=\"585\" srcset=\"https:\/\/tohagroup.com\/wp-content\/uploads\/2022\/07\/BREVILLE-870-xl-05-1024x585.png 1024w, https:\/\/tohagroup.com\/wp-content\/uploads\/2022\/07\/BREVILLE-870-xl-05-300x171.png 300w, https:\/\/tohagroup.com\/wp-content\/uploads\/2022\/07\/BREVILLE-870-xl-05-768x439.png 768w, https:\/\/tohagroup.com\/wp-content\/uploads\/2022\/07\/BREVILLE-870-xl-05-1536x878.png 1536w, https:\/\/tohagroup.com\/wp-content\/uploads\/2022\/07\/BREVILLE-870-xl-05-2048x1171.png 2048w, https:\/\/tohagroup.com\/wp-content\/uploads\/2022\/07\/BREVILLE-870-xl-05-600x343.png 600w\" sizes=\"(max-width: 1024px) 100vw, 1024px\" \/><\/p>\n<h4><b>V\u00f2i l\u1ea5y n\u01b0\u1edbc n\u00f3ng- \u0111\u00e1nh h\u01a1i chuy\u00ean nghi\u1ec7p<\/b><\/h4>\n<p><span style=\"font-weight: 400;\">Th\u00eam 1 \u01b0u \u0111i\u1ec3m n\u1ed5i b\u1eadt c\u1ee7a M\u00e1y pha c\u00e0 ph\u00ea Breville 870. M\u00e1y \u0111\u01b0\u1ee3c l\u1eafp \u0111\u1eb7t v\u00f2i l\u1ea5y n\u01b0\u1edbc n\u00f3ng c\u00f3 t\u00e1c d\u1ee5ng l\u00e0m \u1ea5m t\u00e1ch c\u00e0 ph\u00ea tr\u01b0\u1edbc khi pha ch\u1ebf. \u0110i\u1ec1u n\u00e0y v\u00f4 c\u00f9ng ti\u1ec7n l\u1ee3i v\u00ec v\u1eeba gi\u00fap l\u00e0m s\u1ea1ch t\u00e1ch, v\u1eeba \u0111\u1ea3m b\u1ea3o nhi\u1ec7t \u0111\u1ed9 c\u1ee7a Espresso. V\u1edbi thi\u1ebft k\u1ebf v\u00f2i \u0111\u00e1nh s\u1eefa b\u1eb1ng ch\u1ea5t li\u1ec7u th\u00e9p kh\u00f4ng g\u1ec9, b\u1ea1n c\u00f3 th\u1ec3 xoay 360 \u0111\u1ed9. \u0110i\u1ec1u n\u00e0y gi\u00fap ng\u01b0\u1eddi s\u1eed d\u1ee5ng d\u1ec5 d\u00e0ng thao t\u00e1c trong qu\u00e1 tr\u00ecnh pha ch\u1ebf c\u0169ng nh\u01b0 \u0111\u1ea3m b\u1ea3o s\u1ef1 b\u1ec1n b\u1ec9 trong vi\u1ec7c s\u1eed d\u1ee5ng l\u00e2u d\u00e0i.<\/span><\/p>\n<h4><b>T\u00edch h\u1ee3p c\u1ea3 m\u00e1y xay v\u00e0 m\u00e1y pha.<\/b><\/h4>\n<p><b><\/b><span style=\"font-weight: 400;\">M\u00e1y xay cafe \u0111\u01b0\u1ee3c t\u00edch h\u1ee3p trong M\u00e1y pha c\u00e0 ph\u00ea Breville 870 XL l\u00e0 lo\u1ea1i m\u00e1y xay ki\u1ec3u burr-grinder v\u00e0 \u0111\u01b0\u1ee3c thi\u1ebft k\u1ebf v\u1edbi nhi\u1ec1u tu\u1ef3 bi\u1ebfn. Cho ph\u00e9p \u0111i\u1ec1u ch\u1ec9nh k\u00edch c\u1ee1 v\u00e0 l\u01b0\u1ee3ng cafe t\u1ef1 \u0111\u1ed9ng r\u01a1i xu\u1ed1ng portafilter nh\u01b0 mong mu\u1ed1n. Ho\u1eb7c b\u1ea1n c\u00f3 th\u1ec3 d\u1eebng qu\u00e1 tr\u00ecnh xay l\u1ea1i b\u1ea5t c\u1ee9 khi n\u00e0o b\u1ea1n th\u00edch. Ngo\u00e0i ra, b\u1ed9 d\u1ee5ng c\u1ee5 \u0111i k\u00e8m v\u1edbi dao \u0111ong Razor \u2013\u00a0 c\u00f4ng c\u1ee5 \u0111\u1ecbnh l\u01b0\u1ee3ng cafe \u0111\u01b0\u1ee3c c\u1ea5p b\u1eb1ng s\u00e1ng ch\u1ebf c\u1ee7a Breville \u2013 gi\u00fap b\u1ea1n lu\u00f4n c\u00f3 l\u01b0\u1ee3ng cafe v\u1eeba \u0111\u1ee7. Cu\u1ed1i c\u00f9ng, b\u1ed9 ki\u1ec3m so\u00e1t nhi\u1ec7t \u0111\u1ed9 PID gi\u00fap nhi\u1ec7t \u0111\u1ed9 c\u1ee7a n\u01b0\u1edbc lu\u00f4n ch\u00ednh x\u00e1c trong su\u1ed1t qu\u00e1 tr\u00ecnh chi\u1ebft xu\u1ea5t espresso. <\/span><\/p>\n<h4><b>Ch\u1ebf \u0111\u1ed9 pha c\u00e0 ph\u00ea t\u1ef1 \u0111\u1ed9ng th\u00f4ng minh 1-2 ly<\/b><\/h4>\n<p><span style=\"font-weight: 400;\">M\u00e1y pha c\u00e0 ph\u00ea Breville 870 \u0111\u01b0\u1ee3c thi\u1ebft l\u1eadp ch\u1ebf \u0111\u1ed9 t\u1ef1 \u0111\u1ed9ng 1-2 cup. \u00c1p l\u1ef1c h\u01a1i n\u01b0\u1edbc th\u1ea5p \u0111\u1ec3 l\u00e0m c\u00e0 ph\u00ea n\u1edf ra tr\u01b0\u1edbc khi b\u1eaft \u0111\u1ea7u qu\u00e1 tr\u00ecnh chi\u1ebft xu\u1ea5t<\/span><\/p>\n<p><img decoding=\"async\" class=\"aligncenter wp-image-3563 size-large\" src=\"https:\/\/tohagroup.com\/wp-content\/uploads\/2022\/07\/BREVILLE-870-xl-06-1024x585.png\" alt=\"\" width=\"1024\" height=\"585\" srcset=\"https:\/\/tohagroup.com\/wp-content\/uploads\/2022\/07\/BREVILLE-870-xl-06-1024x585.png 1024w, https:\/\/tohagroup.com\/wp-content\/uploads\/2022\/07\/BREVILLE-870-xl-06-300x171.png 300w, https:\/\/tohagroup.com\/wp-content\/uploads\/2022\/07\/BREVILLE-870-xl-06-768x439.png 768w, https:\/\/tohagroup.com\/wp-content\/uploads\/2022\/07\/BREVILLE-870-xl-06-1536x878.png 1536w, https:\/\/tohagroup.com\/wp-content\/uploads\/2022\/07\/BREVILLE-870-xl-06-2048x1170.png 2048w, https:\/\/tohagroup.com\/wp-content\/uploads\/2022\/07\/BREVILLE-870-xl-06-600x343.png 600w\" sizes=\"(max-width: 1024px) 100vw, 1024px\" \/><\/p>\n<h4><b>M\u00e1y ph\u00e1t t\u00edn hi\u1ec7u c\u1ea7n v\u1ec7 sinh<\/b><\/h4>\n<p><span style=\"font-weight: 400;\">Vi\u1ec7c v\u1ec7 sinh s\u1ea1ch M\u00e1y pha c\u00e0 ph\u00ea c\u00f3 t\u00e1c d\u1ee5ng k\u00e9o d\u00e0i tu\u1ed5i th\u1ecd c\u1ee7a m\u00e1y l\u00e2u d\u00e0i. Chi\u1ebfc m\u00e1y n\u00e0y c\u00f3 kh\u1ea3 n\u0103ng b\u00e1o hi\u1ec7u khi \u0111\u1ebfn th\u1eddi \u0111i\u1ec3m v\u1ec7 sinh. V\u1edbi ch\u1ebf \u0111\u1ed9 t\u1ef1 \u0111\u1ed9ng ngh\u1ec9 (sleep mode) n\u1ebfu sau 1 th\u1eddi gian kh\u00f4ng ho\u1ea1t \u0111\u1ed9ng m\u00e1y. M\u00e1y s\u1ebd t\u1ef1 \u0111\u1ed9ng t\u1eaft ho\u00e0n to\u00e0n n\u1ebfu kh\u00f4ng ho\u1ea1t \u0111\u1ed9ng sau 3 gi\u1edd.\u00a0<\/span><\/p>\n<p>Xem th\u00eam: H\u01b0\u1edbng d\u1eabn v\u1ec7 sinh m\u00e1y pha c\u00e0 ph\u00ea Breville 870XL \u0111\u01a1n gi\u1ea3n t\u1ea1i nh\u00e0.<\/p>\n<h4><b>M\u00e1y xay nhanh, kh\u00f4ng l\u00e0m n\u00f3ng b\u1ed9t c\u00e0 ph\u00ea<\/b><\/h4>\n<p><span style=\"font-weight: 400;\">M\u00e1y pha c\u00e0 ph\u00ea Breville 870 s\u1edf h\u1eefu m\u00e1y buzz- grinder l\u00e0m b\u1eb1ng th\u00e9p kh\u00f4ng g\u1ec9 cao c\u1ea5p. C\u01a1 ch\u1ebf xay t\u1ed1c \u0111\u1ed9 nhanh, do \u0111\u00f3 s\u1ebd kh\u00f4ng l\u00e0m n\u00f3ng b\u1ed9t c\u00e0 ph\u00ea. N\u00fam \u0111i\u1ec1u ch\u1ec9nh xay v\u1edbi 18 m\u1ee9c cho b\u1ea1n l\u1ef1a ch\u1ecdn chu\u1ea9n x\u00e1c \u0111\u1ed9 m\u1ecbn b\u1ed9t c\u00e0 ph\u00ea. N\u00fam \u0111i\u1ec1u ch\u1ec9nh t\u0103ng\/ gi\u1ea3m l\u01b0\u1ee3ng c\u00e0 ph\u00ea d\u1ec5 d\u00e0ng h\u01a1n trong vi\u1ec7c pha ch\u1ebf. Ch\u1ec9 v\u1edbi thao t\u00e1c l\u1eafp v\u00e0 \u0111\u1ea9y tay pha trong, sau v\u00e0i gi\u00e2y s\u1ebd t\u1ef1 \u0111\u1ed9ng cho b\u1ea1n l\u01b0\u1ee3ng b\u1ed9t c\u00e0 ph\u00ea \u0111\u00fang chu\u1ea9n.<\/span><\/p>\n<h4><b>Nh\u1ecf g\u1ecdn ti\u1ec7n l\u1ee3i \u2013 th\u00edch h\u1ee3p<\/b><\/h4>\n<p><span style=\"font-weight: 400;\">V\u1edbi thi\u1ebft k\u1ebf nh\u1ecf g\u1ecdn, m\u00e1y pha c\u00e0 ph\u00ea Breville 870XL lu\u00f4n l\u00e0 s\u1ef1 l\u1ef1a ch\u1ecdn t\u1ed1t khi gia \u0111\u00ecnh, v\u0103n ph\u00f2ng, kinh doanh xe c\u00e0 ph\u00ea, cho qu\u00e1n c\u00e0 ph\u00ea quy m\u00f4 v\u1eeba v\u00e0 nh\u1ecf.<\/span><\/p>\n<p><img decoding=\"async\" class=\"aligncenter wp-image-3565 size-large\" src=\"https:\/\/tohagroup.com\/wp-content\/uploads\/2022\/07\/BREVILLE-870-xl-03-1024x585.png\" alt=\"\" width=\"1024\" height=\"585\" srcset=\"https:\/\/tohagroup.com\/wp-content\/uploads\/2022\/07\/BREVILLE-870-xl-03-1024x585.png 1024w, https:\/\/tohagroup.com\/wp-content\/uploads\/2022\/07\/BREVILLE-870-xl-03-300x171.png 300w, https:\/\/tohagroup.com\/wp-content\/uploads\/2022\/07\/BREVILLE-870-xl-03-768x439.png 768w, https:\/\/tohagroup.com\/wp-content\/uploads\/2022\/07\/BREVILLE-870-xl-03-1536x878.png 1536w, https:\/\/tohagroup.com\/wp-content\/uploads\/2022\/07\/BREVILLE-870-xl-03-2048x1171.png 2048w, https:\/\/tohagroup.com\/wp-content\/uploads\/2022\/07\/BREVILLE-870-xl-03-600x343.png 600w\" sizes=\"(max-width: 1024px) 100vw, 1024px\" \/><\/p>\n<p>Xem th\u00eam: <a href=\"https:\/\/tohagroup.com\/top-5-may-pha-ca-phe-danh-cho-gia-dinh-tot-nhat-2022\/\">Top 5 m\u00e1y pha c\u00e0 ph\u00ea d\u00e0nh cho gia \u0111\u00ecnh t\u1ed1t nh\u1ea5t 2022.<\/a><\/p>\n<hr \/>\n<h3><b>T\u00cdNH N\u0102NG<\/b><\/h3>\n<ul>\n<li style=\"font-weight: 400;\" aria-level=\"1\"><span style=\"font-weight: 400;\">Khay \u0111\u1ef1ng h\u1ea1t cafe c\u00f3 dung t\u00edch 1\/2 lb<\/span><\/li>\n<li style=\"font-weight: 400;\" aria-level=\"1\"><span style=\"font-weight: 400;\">M\u00e1y xay burr-grinder l\u00e0m b\u1eb1ng th\u00e9p kh\u00f4ng g\u1ec9 cho b\u1ed9t cafe c\u00f3 \u0111\u1ed9 t\u01b0\u01a1i ho\u00e0n h\u1ea3o<\/span><\/li>\n<li style=\"font-weight: 400;\" aria-level=\"1\"><span style=\"font-weight: 400;\">N\u00fam \u0111i\u1ec1u ch\u1ec9nh k\u00edch c\u1ee1 h\u1ea1t cafe c\u00f3 th\u1ec3 \u0111i\u1ec1u ch\u1ec9nh 18 k\u00edch c\u1ee1 h\u1ea1t cafe t\u1eeb m\u1ecbn t\u1edbi th\u00f4<\/span><\/li>\n<li style=\"font-weight: 400;\" aria-level=\"1\"><span style=\"font-weight: 400;\">N\u00fam \u0111i\u1ec1u ch\u1ec9nh l\u01b0\u1ee3ng cafe xay ra t\u1ef1 \u0111\u1ed9ng<\/span><\/li>\n<li style=\"font-weight: 400;\" aria-level=\"1\"><span style=\"font-weight: 400;\">Thanh k\u1eb9p gi\u1eef portafilter trong qu\u00e1 tr\u00ecnh xay cafe<\/span><\/li>\n<li style=\"font-weight: 400;\" aria-level=\"1\"><span style=\"font-weight: 400;\">\u0110\u1ed3ng h\u1ed3 gauge gi\u00fap quan s\u00e1t \u00e1p su\u1ea5t trong qu\u00e1 tr\u00ecnh pha ch\u1ebf<\/span><\/li>\n<li style=\"font-weight: 400;\" aria-level=\"1\"><span style=\"font-weight: 400;\">Pha cafe t\u1ef1 \u0111\u1ed9ng: M\u00e1y c\u00f3 nh\u1eefng n\u00fat b\u1ea5m \u0111\u01b0\u1ee3c l\u1eadp tr\u00ecnh s\u1eb5n th\u1eddi gian \u2013 l\u01b0\u1ee3ng n\u01b0\u1edbc ch\u1ea3y qua cafe. B\u1ea1n c\u00f3 th\u1ec3 t\u1ef1 \u0111\u1ed9ng pha 1 shot ho\u1eb7c 2 shot espresso ch\u1ec9 v\u1edbi 1 n\u00fat b\u1ea5m.<\/span><\/li>\n<li style=\"font-weight: 400;\" aria-level=\"1\"><span style=\"font-weight: 400;\">T\u00ednh n\u0103ng lo\u1ea1i b\u1ecf ph\u1ea7n n\u01b0\u1edbc d\u01b0 th\u1eeba trong gi\u1ecf l\u1ecdc gi\u00fap d\u1ec5 d\u00e0ng x\u1eed l\u00fd b\u00e3 cafe<\/span><\/li>\n<li style=\"font-weight: 400;\" aria-level=\"1\"><span style=\"font-weight: 400;\">V\u00f2i phun n\u01b0\u1edbc n\u00f3ng gi\u00fap b\u1ea1n d\u1ec5 d\u00e0ng l\u00e0m \u1ea5m t\u00e1ch tr\u01b0\u1edbc khi pha ch\u1ebf ho\u1eb7c l\u00e0m m\u1ed9t t\u00e1ch americano<\/span><\/li>\n<li style=\"font-weight: 400;\" aria-level=\"1\"><span style=\"font-weight: 400;\">V\u00f2i \u0111\u00e1nh s\u1eefa l\u00e0m b\u1eb1ng th\u00e9p kh\u00f4ng g\u1ec9 v\u00e0 c\u00f3 kh\u1ea3 n\u0103ng xoay 360 \u0111\u1ed9<\/span><\/li>\n<li style=\"font-weight: 400;\" aria-level=\"1\"><span style=\"font-weight: 400;\">Khay l\u00e0m \u1ea5m ly t\u00e1ch<\/span><\/li>\n<li style=\"font-weight: 400;\" aria-level=\"1\"><span style=\"font-weight: 400;\">Khay ch\u1ee9a n\u01b0\u1edbc th\u1ea3i t\u1eeb m\u00e1y cafe v\u1edbi \u201cbi\u1ec3n b\u00e1o EMPTY ME!\u201d s\u1ebd t\u1ef1 xu\u1ea5t hi\u1ec7n khi n\u01b0\u1edbc \u0111\u1ea7y<\/span><\/li>\n<li style=\"font-weight: 400;\" aria-level=\"1\"><span style=\"font-weight: 400;\">\u0110\u00e8n c\u1ea3nh b\u00e1o t\u1edbi th\u1eddi \u0111i\u1ec3m v\u1ec7 sinh m\u00e1y<\/span><\/li>\n<li style=\"font-weight: 400;\" aria-level=\"1\"><span style=\"font-weight: 400;\">M\u00e1y t\u1ef1 \u0111\u1ed9ng r\u01a1i v\u00e0o tr\u1ea1ng th\u00e1i ng\u1ee7 (sleep mode) sau 1 gi\u1edd kh\u00f4ng ho\u1ea1t \u0111\u1ed9ng. M\u00e1y s\u1ebd t\u1ef1 t\u1eaft sau 3 gi\u1edd kh\u00f4ng ho\u1ea1t \u0111\u1ed9ng<\/span><\/li>\n<\/ul>\n<p><span style=\"font-weight: 400;\"><span style=\"font-weight: 400;\">T\u1ea5t c\u1ea3 c\u00e1c b\u1ed9 ph\u1eadn ti\u1ebfp x\u00fac v\u1edbi cafe \u0111\u1ec1u l\u00e0m b\u1eb1ng ch\u1ea5t li\u1ec7u t\u1ed1t. Kh\u00f4ng c\u00f3 ch\u1ea5t BPA n\u00ean ho\u00e0n to\u00e0n an to\u00e0n v\u1edbi m\u1ecdi \u0111\u1ed1i t\u01b0\u1ee3ng<\/span><\/span><\/p>\n<h2 class=\"style-scope ytd-watch-metadata\">Coi h\u1ebft video \u0111\u1ec3 bi\u1ebft t\u1ea1i sao n\u00ean ch\u1ecdn <strong>M\u00e1y pha Breville 870 XL<\/strong><\/h2>\n<p><iframe title=\"M\u00e1y pha cafe espresso breville 870XL. T\u1ea5t c\u1ea3 t\u00edch h\u1ee3p trong 1 chi\u1ebfc m\u00e1y nh\u1ecf g\u1ecdn - ti\u1ec7n d\u1ee5ng.\" width=\"1200\" height=\"675\" src=\"https:\/\/www.youtube.com\/embed\/3r3RG-ZEPyU?feature=oembed\" frameborder=\"0\" allow=\"accelerometer; autoplay; clipboard-write; encrypted-media; gyroscope; picture-in-picture\" allowfullscreen><\/iframe><\/p>\n<p>&nbsp;<\/p>\n<hr \/>\n<h2 id=\"ftoc-heading-10\" class=\"p1 ftwp-heading\"><b>Toha Group \u2013 Cung c\u1ea5p gi\u1ea3i ph\u00e1p cho m\u1ed9t ly c\u00e0 ph\u00ea ngon<\/b><\/h2>\n<p>=&gt;&gt;\u00a0<em>Tham kh\u1ea3o th\u00f4ng tin v\u00e0 c\u00e1c s\u1ea3n ph\u1ea9m <a href=\"https:\/\/tohagroup.com\/product-category\/may-pha-ca-phe-cho-quan\/\" target=\"_blank\" rel=\"nofollow noopener\">M\u00e1y pha c\u00e0 ph\u00ea d\u00e0nh cho qu\u00e1n<\/a> t\u1ea1i website ch\u00ednh h\u00e3ng www.tohagroup.com<\/em><\/p>\n<p>\u0110\u1ec3 \u0111\u1ea3m b\u1ea3o mua <strong>M\u00e1y Breville 870 XL<i>\u00a0<\/i><\/strong>ch\u00ednh h\u00e3ng vui l\u00f2ng t\u1edbi tr\u1ef1c ti\u1ebfp Showroom c\u1ee7a <strong>Toha Group<\/strong> tr\u00ean to\u00e0n qu\u1ed1c ho\u1eb7c \u0111\u1eb7t h\u00e0ng t\u1ea1i Website www.tohagroup.com \u2013 Ho\u1eb7c g\u1ecdi tr\u1ef1c ti\u1ebfp t\u1edbi <a href=\"tel:0867896096\" target=\"_blank\" rel=\"nofollow noopener\"><strong>Hotline: 08 6789 6096<\/strong><\/a>\u00a0\u0111\u1ec3 \u0111\u01b0\u1ee3c h\u1ed7 tr\u1ee3 \u0111\u1eb7t h\u00e0ng nhanh.<\/p>\n<p><span style=\"color: #ff0000;\"><strong>\u01afu \u0111\u00e3i:<\/strong> <\/span>Khi Qu\u00fd kh\u00e1ch h\u00e0ng theo d\u00f5i t\u1ea5t c\u1ea3 n\u1ec1n t\u1ea3ng c\u1ee7a Toha, qu\u00fd kh\u00e1ch s\u1ebd nh\u1eadn \u0111\u01b0\u1ee3c \u0111\u01b0\u1eddng d\u00e2y n\u00f3ng k\u1ebft n\u1ed1i &#8211; mua b\u00e1n &#8211; s\u1eeda ch\u1eefa, k\u00e8m theo \u0111\u00f3 l\u00e0 nhi\u1ec1u \u01b0u \u0111\u00e3i \u0111\u1eb7c bi\u1ec7t, nhi\u1ec1u ch\u01b0\u01a1ng tr\u00ecnh gi\u1ea3m gi\u00e1, v\u00e0 r\u1ea5t nhi\u1ec1u qu\u00e0 t\u1eb7ng kh\u00e1c \u0111\u1ebfn t\u1eeb Toha.<\/p>\n<h4 id=\"input_line_0\"><span id=\"input_part_0\" class=\"\" data-mention=\"Ch\u1ec9 \u0110\u01b0\u1eddng Google Map: https:\/\/g.page\/TOHACAFE?share \"><span style=\"color: #ff6600;\">Ch\u1ec9 \u0110\u01b0\u1eddng Google Map:<\/span><a href=\"https:\/\/g.page\/TOHACAFE?share\" rel=\"nofollow\" target=\"_blank\"> https:\/\/g.page\/TOHACAFE?share<\/a>\u00a0<\/span><\/h4>\n<h4 id=\"input_line_1\"><span id=\"input_part_0\" class=\"\" data-mention=\"Zalo Ch\u0103m S\u00f3c Kh\u00e1ch H\u00e0ng 24\/7: https:\/\/zalo.me\/2565949627324610829\"><span style=\"color: #ff6600;\">Zalo Ch\u0103m S\u00f3c Kh\u00e1ch H\u00e0ng 24\/7<\/span>: <a href=\"https:\/\/zalo.me\/2565949627324610829\" rel=\"nofollow noopener\" target=\"_blank\">https:\/\/zalo.me\/2565949627324610829<\/a><\/span><\/h4>\n<h4 id=\"input_line_2\"><span id=\"input_part_0\" class=\"\" data-mention=\"C\u1eadp Nh\u1eadt \u01afu \u0110\u00e3i: https:\/\/www.facebook.com\/tohagroupvn\"><span style=\"color: #ff6600;\">C\u1eadp Nh\u1eadt \u01afu \u0110\u00e3i:<\/span> <a href=\"https:\/\/www.facebook.com\/tohagroupvn\" rel=\"nofollow noopener\" target=\"_blank\">https:\/\/www.facebook.com\/tohagroupvn<\/a><\/span><\/h4>\n<p><span style=\"color: #000000;\"><b>\u0110\u1ec3 bi\u1ebft th\u00eam th\u00f4ng tin chi ti\u1ebft v\u00e0 \u0111\u1eb7t h\u00e0ng M\u00e1y pha c<\/b><strong>\u00e0 ph\u00ea Breville 870 XL, Qu\u00fd<\/strong><b> Kh\u00e1ch xin vui l\u00f2ng li\u00ean h\u1ec7 v\u1edbi ch\u00fang t\u00f4i qua:<\/b><\/span><\/p>\n<p><span style=\"font-weight: 400;\"><strong>&#8211;<span style=\"color: #ff6600;\">\u0110\u1ecba ch\u1ec9:<\/span><\/strong> 472 \/ 17 \u0111\u01b0\u1eddng Phan Huy \u00cdch, Ph\u01b0\u1eddng 12, Qu\u1eadn G\u00f2 V\u1ea5p HCM.<\/span><\/p>\n<p><span style=\"font-weight: 400;\">\u00a0 \u00a0 \u00a0 \u00a0 \u00a0 \u00a0 \u00a0 \u00a0111-112 A1, TT H\u00e0o Nam ng\u00f5 8A, \u0111\u01b0\u1eddng V\u0169 Th\u1ea1nh, Q.\u0110\u1ed1ng \u0110a, HN.<\/span><\/p>\n<p><span style=\"font-weight: 400; color: #ff6600;\"><strong>-Hotline:<\/strong><\/span><\/p>\n<ul>\n<li><span id=\"input_part_0\" class=\"\" data-mention=\"08 6269 6096 \">08 6269 6096 <\/span><\/li>\n<li><span id=\"input_part_0\" class=\"\" data-mention=\"08 6269 6096 \">08 6769 6096 <\/span><\/li>\n<li><span id=\"input_part_0\" class=\"\" data-mention=\"08 6269 6096 \">0978 121 033<\/span><\/li>\n<\/ul>\n<p><span style=\"font-weight: 400;\"><span style=\"color: #ff6600;\"><strong>-Gmail:<\/strong><\/span> info@tohagroup.com<\/span><\/p>\n<p><span style=\"font-weight: 400;\">Xin c\u00e1m \u01a1n s\u1ef1 quan t\u00e2m c\u1ee7a Qu\u00fd Kh\u00e1ch H\u00e0ng v\u1ec1 s\u1ea3n ph\u1ea9m <strong>m\u00e1y pha c\u00e0 ph\u00ea Breville 870 XL.<\/strong><\/span><\/p>\n<p>&nbsp;<\/p>\n","protected":false},"excerpt":{"rendered":"<h4 class=\"promoadd__ttl\" style=\"text-align: left;\"><strong><i>2 \u01afU \u0110\u00c3I QU\u00c0 T\u1eb6NG<\/i><\/strong><\/h4>\n<h5 class=\"promoadd__ttl\" style=\"text-align: left;\">D\u1ef1 ki\u1ebfn \u00e1p d\u1ee5ng \u0111\u1ebfn 23:00 30\/09<\/h5>\n<div class=\"promo_BHX\">\n<div class=\"l2\">\n<ul>\n<li>\n<h6><span data-sheets-value=\"{&quot;1&quot;:2,&quot;2&quot;:&quot;T\u1eb7ng b\u1ed9 d\u1ee5ng c\u1ee5 8 m\u00f3n ( T\u1ea4T C\u1ea2 M\u00c1Y C\u0168 HAY M\u1edaI )&quot;}\" data-sheets-userformat=\"{&quot;2&quot;:30909,&quot;3&quot;:{&quot;1&quot;:0,&quot;3&quot;:1},&quot;5&quot;:{&quot;1&quot;:[{&quot;1&quot;:2,&quot;2&quot;:0,&quot;5&quot;:{&quot;1&quot;:2,&quot;2&quot;:0}},{&quot;1&quot;:0,&quot;2&quot;:0,&quot;3&quot;:3},{&quot;1&quot;:1,&quot;2&quot;:0,&quot;4&quot;:1}]},&quot;6&quot;:{&quot;1&quot;:[{&quot;1&quot;:2,&quot;2&quot;:0,&quot;5&quot;:{&quot;1&quot;:2,&quot;2&quot;:0}},{&quot;1&quot;:0,&quot;2&quot;:0,&quot;3&quot;:3},{&quot;1&quot;:1,&quot;2&quot;:0,&quot;4&quot;:1}]},&quot;7&quot;:{&quot;1&quot;:[{&quot;1&quot;:2,&quot;2&quot;:0,&quot;5&quot;:{&quot;1&quot;:2,&quot;2&quot;:0}},{&quot;1&quot;:0,&quot;2&quot;:0,&quot;3&quot;:3},{&quot;1&quot;:1,&quot;2&quot;:0,&quot;4&quot;:1}]},&quot;8&quot;:{&quot;1&quot;:[{&quot;1&quot;:2,&quot;2&quot;:0,&quot;5&quot;:{&quot;1&quot;:2,&quot;2&quot;:0}},{&quot;1&quot;:0,&quot;2&quot;:0,&quot;3&quot;:3},{&quot;1&quot;:1,&quot;2&quot;:0,&quot;4&quot;:1}]},&quot;10&quot;:1,&quot;14&quot;:{&quot;1&quot;:3,&quot;3&quot;:1},&quot;15&quot;:&quot;Times New Roman&quot;,&quot;16&quot;:11,&quot;17&quot;:1}\">T\u1eb7ng b\u1ed9 d\u1ee5ng c\u1ee5 8 m\u00f3n\u00a0<\/span><\/h6>\n<\/li>\n<li>\n<h6>Ch\u00ednh s\u00e1ch \u0111\u1ed5i tr\u1ea3 h\u00e0ng b\u1ea3o h\u00e0nh 1 \u0111\u1ed5i 1<\/h6>\n<\/li>\n<\/ul>\n<\/div>\n<\/div>\n","protected":false},"featured_media":3561,"comment_status":"open","ping_status":"closed","template":"","meta":{"om_disable_all_campaigns":false,"_mi_skip_tracking":false,"_monsterinsights_sitenote_active":false,"_monsterinsights_sitenote_note":"","_monsterinsights_sitenote_category":0},"product_cat":[64],"product_tag":[],"class_list":["post-3554","product","type-product","status-publish","has-post-thumbnail","hentry","nhom-san-pham-may-pha-ca-phe","hang-may-pha-ca-phe-breville","product_cat-may-pha-gia-dinh-van-phong"],"_links":{"self":[{"href":"https:\/\/tohagroup.com\/en\/wp-json\/wp\/v2\/product\/3554","targetHints":{"allow":["GET"]}}],"collection":[{"href":"https:\/\/tohagroup.com\/en\/wp-json\/wp\/v2\/product"}],"about":[{"href":"https:\/\/tohagroup.com\/en\/wp-json\/wp\/v2\/types\/product"}],"replies":[{"embeddable":true,"href":"https:\/\/tohagroup.com\/en\/wp-json\/wp\/v2\/comments?post=3554"}],"wp:featuredmedia":[{"embeddable":true,"href":"https:\/\/tohagroup.com\/en\/wp-json\/wp\/v2\/media\/3561"}],"wp:attachment":[{"href":"https:\/\/tohagroup.com\/en\/wp-json\/wp\/v2\/media?parent=3554"}],"wp:term":[{"taxonomy":"product_cat","embeddable":true,"href":"https:\/\/tohagroup.com\/en\/wp-json\/wp\/v2\/product_cat?post=3554"},{"taxonomy":"product_tag","embeddable":true,"href":"https:\/\/tohagroup.com\/en\/wp-json\/wp\/v2\/product_tag?post=3554"}],"curies":[{"name":"wp","href":"https:\/\/api.w.org\/{rel}","templated":true}]}}