{"id":3495,"date":"2022-07-05T12:20:32","date_gmt":"2022-07-05T12:20:32","guid":{"rendered":"https:\/\/demo1.thuythu.vn\/tohagroup\/?post_type=product&#038;p=3495"},"modified":"2022-12-19T14:07:47","modified_gmt":"2022-12-19T07:07:47","slug":"may-pha-ca-phe-la-nuova-era-arabika","status":"publish","type":"product","link":"https:\/\/tohagroup.com\/en\/san-pham\/may-pha-ca-phe-la-nuova-era-arabika\/","title":{"rendered":"M\u00e1y pha c\u00e0 ph\u00ea La Nuova Era Arabika"},"content":{"rendered":"<p><b>GI\u1edaI THI\u1ec6U T\u1ed4NG QUAN<\/b><\/p>\n<p><span style=\"font-weight: 400;\">N\u1ebfu b\u1ea1n ngh\u0129 r\u1eb1ng m\u00e1y pha c\u00e0 ph\u00ea \u0111\u1ec1u gi\u1ed1ng nhau v\u00ec m\u1ecdi th\u1ee9 c\u0169ng ch\u1ec9 tu\u00e2n theo k\u1ef9 thu\u1eadt ch\u00ednh x\u00e1c \u0111\u1ebfn t\u1eebng chi ti\u1ebft. Th\u00ec Arabika s\u1ebd ch\u1ee9ng minh \u0111i\u1ec1u ng\u01b0\u1ee3c l\u1ea1i, vinh danh truy\u1ec1n th\u1ed1ng v\u00e0 k\u1ef9 n\u0103ng pha c\u00e0 ph\u00ea c\u1ee7a ng\u01b0\u1eddi \u00dd. H\u1ec7 th\u1ed1ng p\u00edt-t\u00f4ng \u0111\u01b0a ch\u00fang ta quay v\u1ec1 t\u01b0 t\u01b0\u1edfng c\u1ee7a nh\u1eefng n\u0103m 50. Nh\u01b0ng h\u01b0\u01a1ng v\u1ecb c\u00e0 ph\u00ea m\u00e1y t\u1ea1o ra mang \u0111\u1ebfn s\u1ef1 chu\u1ea9n x\u00e1c, nhanh ch\u00f3ng ch\u1ec9 c\u00f4ng ngh\u1ec7 hi\u1ec7n \u0111\u1ea1i m\u1edbi c\u00f3. <\/span><\/p>\n<p><span style=\"font-weight: 400;\">Ch\u1ea5t c\u00e0 ph\u00ea chi\u1ebft xu\u1ea5t t\u1eeb La Nuova Era Arabika c\u00f3 \u0111\u1ed9 s\u00e1nh \u0111\u00e1ng kinh ng\u1ea1c, \u0111i\u1ec1u hi\u1ebfm c\u00f3 chi\u1ebfc m\u00e1y pha c\u00e0 ph\u00ea n\u00e0o s\u00e1nh b\u1eb1ng. \u0110\u00e2y \u0111\u00edch th\u1ef1c l\u00e0 d\u00f2ng m\u00e1y hi\u1ec7n \u0111\u1ea1i duy nh\u1ea5t c\u00f3 th\u1ec3 th\u00e2u t\u00f3m v\u1ec1 qu\u00e1 kh\u1ee9 \u0111\u1ea7y t\u1ef1 h\u00e0o c\u1ee7a m\u00e1y pha c\u00e0 ph\u00ea ch\u1ec9 trong m\u1ed9t c\u00e1i nh\u00e1y m\u1eaft.<\/span><\/p>\n<p><img decoding=\"async\" class=\"alignnone wp-image-3501 size-full\" src=\"https:\/\/tohagroup.com\/wp-content\/uploads\/2022\/07\/La-Nouva-Era-Arabika-ava.jpg\" alt=\"\" width=\"800\" height=\"500\" srcset=\"https:\/\/tohagroup.com\/wp-content\/uploads\/2022\/07\/La-Nouva-Era-Arabika-ava.jpg 800w, https:\/\/tohagroup.com\/wp-content\/uploads\/2022\/07\/La-Nouva-Era-Arabika-ava-300x188.jpg 300w, https:\/\/tohagroup.com\/wp-content\/uploads\/2022\/07\/La-Nouva-Era-Arabika-ava-768x480.jpg 768w, https:\/\/tohagroup.com\/wp-content\/uploads\/2022\/07\/La-Nouva-Era-Arabika-ava-600x375.jpg 600w\" sizes=\"(max-width: 800px) 100vw, 800px\" \/><\/p>\n<p><b>T\u00cdNH N\u0102NG<\/b><\/p>\n<p><b>H\u1ec7 th\u1ed1ng nhi\u1ec7t th\u00f4ng minh, t\u1ef1 \u0111\u1ed9ng<\/b><\/p>\n<p><span style=\"font-weight: 400;\">C\u00f3 th\u1ec3 t\u1ef1 ch\u1ec9nh nhi\u1ec7t \u0111\u1ed9 cho t\u1eebng Headgroup \u0111\u1ec3 ph\u00f9 h\u1ee3p v\u1edbi m\u1ee5c \u0111\u00edch s\u1eed d\u1ee5ng kh\u00e1c nhau<\/span><\/p>\n<p><b>C\u00f4ng ngh\u1ec7 Smart Water<\/b><\/p>\n<p><span style=\"font-weight: 400;\">B\u1ea3o v\u1ec7 m\u00e1y b\u1eb1ng c\u00e1ch k\u00e9o d\u00e0i tu\u1ed5i th\u1ecd, \u00edt ph\u1ea3i b\u1ea3o d\u01b0\u1ee1ng v\u00e0 n\u00e2ng cao ch\u1ea5t l\u01b0\u1ee3ng c\u00e0 ph\u00ea<\/span><\/p>\n<p><b>N\u1ed3i h\u01a1i 10L<\/b><\/p>\n<p><span style=\"font-weight: 400;\">N\u1ed3i h\u01a1i th\u00f4ng minh, gia t\u0103ng \u0111\u00e1ng k\u1ec3 hi\u1ec7u, \u0111\u1ed3ng th\u1eddi t\u1ed1i \u01b0u h\u00f3a m\u1ef1c n\u01b0\u1edbc trong n\u1ed3i h\u01a1i, c\u0169ng nh\u01b0 s\u1ef1 c\u00e2n b\u1eb1ng nhi\u1ec7t ngay c\u1ea3 trong gi\u1edd cao \u0111i\u1ec3m<\/span><\/p>\n<p>&nbsp;<\/p>\n<hr \/>\n<h2 id=\"ftoc-heading-10\" class=\"p1 ftwp-heading\"><b>Toha Group \u2013 Cung c\u1ea5p gi\u1ea3i ph\u00e1p cho m\u1ed9t ly c\u00e0 ph\u00ea ngon<\/b><\/h2>\n<p>=&gt;&gt;\u00a0<em>Tham kh\u1ea3o th\u00f4ng tin v\u00e0 c\u00e1c s\u1ea3n ph\u1ea9m <a href=\"https:\/\/tohagroup.com\/product-category\/may-pha-ca-phe-cho-quan\/\" target=\"_blank\" rel=\"nofollow noopener\">M\u00e1y pha c\u00e0 ph\u00ea d\u00e0nh cho qu\u00e1n<\/a> t\u1ea1i website ch\u00ednh h\u00e3ng <a href=\"http:\/\/www.tohagroup.com\">www.tohagroup.com<\/a><\/em><\/p>\n<p>\u0110\u1ec3 \u0111\u1ea3m b\u1ea3o mua m\u00e1y ch\u00ednh h\u00e3ng vui l\u00f2ng t\u1edbi tr\u1ef1c ti\u1ebfp Showroom c\u1ee7a <strong>Toha Group<\/strong> tr\u00ean to\u00e0n qu\u1ed1c ho\u1eb7c \u0111\u1eb7t h\u00e0ng t\u1ea1i Website www.tohagroup.com \u2013 Ho\u1eb7c g\u1ecdi tr\u1ef1c ti\u1ebfp t\u1edbi <a href=\"tel:0867896096\" target=\"_blank\" rel=\"nofollow noopener\"><strong>Hotline: 08 6789 6096<\/strong><\/a>\u00a0\u0111\u1ec3 \u0111\u01b0\u1ee3c h\u1ed7 tr\u1ee3 \u0111\u1eb7t h\u00e0ng nhanh.<\/p>\n<p><span style=\"color: #ff0000;\"><strong>\u01afu \u0111\u00e3i:<\/strong> <\/span>Khi Qu\u00fd kh\u00e1ch h\u00e0ng theo d\u00f5i t\u1ea5t c\u1ea3 n\u1ec1n t\u1ea3ng c\u1ee7a Toha, qu\u00fd kh\u00e1ch s\u1ebd nh\u1eadn \u0111\u01b0\u1ee3c \u0111\u01b0\u1eddng d\u00e2y n\u00f3ng k\u1ebft n\u1ed1i &#8211; mua b\u00e1n &#8211; s\u1eeda ch\u1eefa, k\u00e8m theo \u0111\u00f3 l\u00e0 nhi\u1ec1u \u01b0u \u0111\u00e3i \u0111\u1eb7c bi\u1ec7t, nhi\u1ec1u ch\u01b0\u01a1ng tr\u00ecnh gi\u1ea3m gi\u00e1, v\u00e0 r\u1ea5t nhi\u1ec1u qu\u00e0 t\u1eb7ng kh\u00e1c \u0111\u1ebfn t\u1eeb Toha.<\/p>\n<h4 id=\"input_line_0\"><span id=\"input_part_0\" class=\"\" data-mention=\"Ch\u1ec9 \u0110\u01b0\u1eddng Google Map: https:\/\/g.page\/TOHACAFE?share \"><span style=\"color: #ff6600;\">Ch\u1ec9 \u0110\u01b0\u1eddng Google Map:<\/span><a href=\"https:\/\/g.page\/TOHACAFE?share\" rel=\"nofollow\" target=\"_blank\"> https:\/\/g.page\/TOHACAFE?share<\/a>\u00a0<\/span><\/h4>\n<h4 id=\"input_line_1\"><span id=\"input_part_0\" class=\"\" data-mention=\"Zalo Ch\u0103m S\u00f3c Kh\u00e1ch H\u00e0ng 24\/7: https:\/\/zalo.me\/2565949627324610829\"><span style=\"color: #ff6600;\">Zalo Ch\u0103m S\u00f3c Kh\u00e1ch H\u00e0ng 24\/7<\/span>: <a href=\"https:\/\/zalo.me\/2565949627324610829\" rel=\"nofollow noopener\" target=\"_blank\">https:\/\/zalo.me\/2565949627324610829<\/a><\/span><\/h4>\n<h4 id=\"input_line_2\"><span id=\"input_part_0\" class=\"\" data-mention=\"C\u1eadp Nh\u1eadt \u01afu \u0110\u00e3i: https:\/\/www.facebook.com\/tohagroupvn\"><span style=\"color: #ff6600;\">C\u1eadp Nh\u1eadt \u01afu \u0110\u00e3i:<\/span> <a href=\"https:\/\/www.facebook.com\/tohagroupvn\" rel=\"nofollow noopener\" target=\"_blank\">https:\/\/www.facebook.com\/tohagroupvn<\/a><\/span><\/h4>\n<p><span style=\"color: #000000;\"><b>\u0110\u1ec3 bi\u1ebft th\u00eam th\u00f4ng tin chi ti\u1ebft v\u00e0 \u0111\u1eb7t h\u00e0ng<\/b><strong>, Qu\u00fd<\/strong><b> Kh\u00e1ch xin vui l\u00f2ng li\u00ean h\u1ec7 v\u1edbi ch\u00fang t\u00f4i qua:<\/b><\/span><\/p>\n<p><span style=\"font-weight: 400;\"><strong>&#8211;<span style=\"color: #ff6600;\">\u0110\u1ecba ch\u1ec9:<\/span><\/strong> 472 \/ 17 \u0111\u01b0\u1eddng Phan Huy \u00cdch, Ph\u01b0\u1eddng 12, Qu\u1eadn G\u00f2 V\u1ea5p HCM.<\/span><\/p>\n<p><span style=\"font-weight: 400;\">\u00a0 \u00a0 \u00a0 \u00a0 \u00a0 \u00a0 \u00a0 \u00a0111-112 A1, TT H\u00e0o Nam ng\u00f5 8A, \u0111\u01b0\u1eddng V\u0169 Th\u1ea1nh, Q.\u0110\u1ed1ng \u0110a, HN.<\/span><\/p>\n<p><span style=\"font-weight: 400; color: #ff6600;\"><strong>-Hotline:<\/strong><\/span><\/p>\n<ul>\n<li><span id=\"input_part_0\" class=\"\" data-mention=\"08 6269 6096 \">08 6269 6096 <\/span><\/li>\n<li><span id=\"input_part_0\" class=\"\" data-mention=\"08 6269 6096 \">08 6769 6096 <\/span><\/li>\n<li><span id=\"input_part_0\" class=\"\" data-mention=\"08 6269 6096 \">0978 121 033<\/span><\/li>\n<\/ul>\n<p><span style=\"font-weight: 400;\"><span style=\"color: #ff6600;\"><strong>-Gmail:<\/strong><\/span> info@tohagroup.com<\/span><\/p>\n<p>&nbsp;<\/p>\n","protected":false},"excerpt":{"rendered":"<h4 class=\"promoadd__ttl\" style=\"text-align: left;\"><strong><i>2 \u01afU \u0110\u00c3I QU\u00c0 T\u1eb6NG<\/i><\/strong><\/h4>\n<h5 class=\"promoadd__ttl\" style=\"text-align: left;\">D\u1ef1 ki\u1ebfn \u00e1p d\u1ee5ng \u0111\u1ebfn 23:00 30\/09<\/h5>\n<div class=\"promo_BHX\">\n<div class=\"l2\">\n<ul>\n<li>\n<h6><span data-sheets-value=\"{&quot;1&quot;:2,&quot;2&quot;:&quot;T\u1eb7ng b\u1ed9 d\u1ee5ng c\u1ee5 8 m\u00f3n ( T\u1ea4T C\u1ea2 M\u00c1Y C\u0168 HAY M\u1edaI )&quot;}\" data-sheets-userformat=\"{&quot;2&quot;:30909,&quot;3&quot;:{&quot;1&quot;:0,&quot;3&quot;:1},&quot;5&quot;:{&quot;1&quot;:[{&quot;1&quot;:2,&quot;2&quot;:0,&quot;5&quot;:{&quot;1&quot;:2,&quot;2&quot;:0}},{&quot;1&quot;:0,&quot;2&quot;:0,&quot;3&quot;:3},{&quot;1&quot;:1,&quot;2&quot;:0,&quot;4&quot;:1}]},&quot;6&quot;:{&quot;1&quot;:[{&quot;1&quot;:2,&quot;2&quot;:0,&quot;5&quot;:{&quot;1&quot;:2,&quot;2&quot;:0}},{&quot;1&quot;:0,&quot;2&quot;:0,&quot;3&quot;:3},{&quot;1&quot;:1,&quot;2&quot;:0,&quot;4&quot;:1}]},&quot;7&quot;:{&quot;1&quot;:[{&quot;1&quot;:2,&quot;2&quot;:0,&quot;5&quot;:{&quot;1&quot;:2,&quot;2&quot;:0}},{&quot;1&quot;:0,&quot;2&quot;:0,&quot;3&quot;:3},{&quot;1&quot;:1,&quot;2&quot;:0,&quot;4&quot;:1}]},&quot;8&quot;:{&quot;1&quot;:[{&quot;1&quot;:2,&quot;2&quot;:0,&quot;5&quot;:{&quot;1&quot;:2,&quot;2&quot;:0}},{&quot;1&quot;:0,&quot;2&quot;:0,&quot;3&quot;:3},{&quot;1&quot;:1,&quot;2&quot;:0,&quot;4&quot;:1}]},&quot;10&quot;:1,&quot;14&quot;:{&quot;1&quot;:3,&quot;3&quot;:1},&quot;15&quot;:&quot;Times New Roman&quot;,&quot;16&quot;:11,&quot;17&quot;:1}\">T\u1eb7ng b\u1ed9 d\u1ee5ng c\u1ee5 8 m\u00f3n\u00a0<\/span><\/h6>\n<\/li>\n<li>\n<h6>Ch\u00ednh s\u00e1ch \u0111\u1ed5i tr\u1ea3 h\u00e0ng b\u1ea3o h\u00e0nh 1 \u0111\u1ed5i 1<\/h6>\n<\/li>\n<\/ul>\n<\/div>\n<\/div>\n","protected":false},"featured_media":3499,"comment_status":"open","ping_status":"closed","template":"","meta":{"om_disable_all_campaigns":false,"_mi_skip_tracking":false,"_monsterinsights_sitenote_active":false,"_monsterinsights_sitenote_note":"","_monsterinsights_sitenote_category":0},"product_cat":[45],"product_tag":[],"class_list":["post-3495","product","type-product","status-publish","has-post-thumbnail","hentry","nhom-san-pham-may-pha-ca-phe","product_cat-may-pha-ca-phe-espresso-toha-group"],"_links":{"self":[{"href":"https:\/\/tohagroup.com\/en\/wp-json\/wp\/v2\/product\/3495","targetHints":{"allow":["GET"]}}],"collection":[{"href":"https:\/\/tohagroup.com\/en\/wp-json\/wp\/v2\/product"}],"about":[{"href":"https:\/\/tohagroup.com\/en\/wp-json\/wp\/v2\/types\/product"}],"replies":[{"embeddable":true,"href":"https:\/\/tohagroup.com\/en\/wp-json\/wp\/v2\/comments?post=3495"}],"wp:featuredmedia":[{"embeddable":true,"href":"https:\/\/tohagroup.com\/en\/wp-json\/wp\/v2\/media\/3499"}],"wp:attachment":[{"href":"https:\/\/tohagroup.com\/en\/wp-json\/wp\/v2\/media?parent=3495"}],"wp:term":[{"taxonomy":"product_cat","embeddable":true,"href":"https:\/\/tohagroup.com\/en\/wp-json\/wp\/v2\/product_cat?post=3495"},{"taxonomy":"product_tag","embeddable":true,"href":"https:\/\/tohagroup.com\/en\/wp-json\/wp\/v2\/product_tag?post=3495"}],"curies":[{"name":"wp","href":"https:\/\/api.w.org\/{rel}","templated":true}]}}