{"id":3491,"date":"2022-07-05T12:13:27","date_gmt":"2022-07-05T12:13:27","guid":{"rendered":"https:\/\/demo1.thuythu.vn\/tohagroup\/?post_type=product&#038;p=3491"},"modified":"2022-07-06T06:42:52","modified_gmt":"2022-07-06T06:42:52","slug":"bien-tro","status":"publish","type":"product","link":"https:\/\/tohagroup.com\/en\/san-pham\/bien-tro\/","title":{"rendered":"BI\u1ebeN TR\u1ede"},"content":{"rendered":"<div class=\"auto-format ui--animation\">\n<div class=\"row\">\n<div class=\"product-info summary entry-summary col col-fit product-summary\">\n<div class=\"product-short-description\">\n<div class=\"row\">\n<div class=\"product-info summary entry-summary col col-fit product-summary\">\n<div class=\"product-short-description\">\n<div class=\"price-wrapper\"><\/div>\n<\/div>\n<\/div>\n<\/div>\n<div class=\"product-footer\">\n<div class=\"woocommerce-tabs wc-tabs-wrapper container tabbed-content\">\n<p>&nbsp;<\/p>\n<div class=\"tab-panels\">\n<div id=\"tab-description\" class=\"woocommerce-Tabs-panel woocommerce-Tabs-panel--description panel entry-content active\" role=\"tabpanel\" aria-labelledby=\"tab-title-description\"><\/div>\n<\/div>\n<\/div>\n<\/div>\n<\/div>\n<\/div>\n<\/div>\n<\/div>\n<p>&nbsp;<\/p>\n","protected":false},"excerpt":{"rendered":"<h4 class=\"promoadd__ttl\" style=\"text-align: left;\"><strong><i>4 \u01afU \u0110\u00c3I TH\u00caM<\/i><\/strong><\/h4>\n<h5 class=\"promoadd__ttl\" style=\"text-align: left;\">D\u1ef1 ki\u1ebfn \u00e1p d\u1ee5ng \u0111\u1ebfn 23:00 30\/07<\/h5>\n<div class=\"promo_BHX\">\n<div class=\"l2\">\n<ul>\n<li>\n<h6>Mua c\u00e0 ph\u00ea v\u1edbi \u01b0u \u0111\u00e3i mua 10 t\u1eb7ng 2<\/h6>\n<\/li>\n<\/ul>\n<\/div>\n<\/div>\n<ul>\n<li>\n<h6><i class=\"icondetail-tick\"><\/i>Gi\u1ea3m 10% gi\u00e1 M\u00e1y xay sinh t\u1ed1 v\u00e0 M\u00e1y \u00e9p khi mua k\u00e8m<\/h6>\n<\/li>\n<li>\n<h6><i class=\"icondetail-tick\"><\/i>T\u1eb7ng b\u1ed9 d\u1ee5ng c\u1ee5 pha c\u00e0 ph\u00ea chuy\u00ean nghi\u1ec7p 7 m\u00f3n<\/h6>\n<\/li>\n<li>\n<h6>T\u1eb7ng b\u1ed9 l\u1ecdc n\u01b0\u1edbc 3 l\u00f5i chuy\u00ean d\u1ee5ng<\/h6>\n<\/li>\n<\/ul>\n","protected":false},"featured_media":3492,"comment_status":"open","ping_status":"closed","template":"","meta":{"om_disable_all_campaigns":false,"_mi_skip_tracking":false,"_monsterinsights_sitenote_active":false,"_monsterinsights_sitenote_note":"","_monsterinsights_sitenote_category":0},"product_cat":[46],"product_tag":[],"class_list":["post-3491","product","type-product","status-publish","has-post-thumbnail","hentry","product_cat-dung-cu-pha-che"],"_links":{"self":[{"href":"https:\/\/tohagroup.com\/en\/wp-json\/wp\/v2\/product\/3491","targetHints":{"allow":["GET"]}}],"collection":[{"href":"https:\/\/tohagroup.com\/en\/wp-json\/wp\/v2\/product"}],"about":[{"href":"https:\/\/tohagroup.com\/en\/wp-json\/wp\/v2\/types\/product"}],"replies":[{"embeddable":true,"href":"https:\/\/tohagroup.com\/en\/wp-json\/wp\/v2\/comments?post=3491"}],"wp:featuredmedia":[{"embeddable":true,"href":"https:\/\/tohagroup.com\/en\/wp-json\/wp\/v2\/media\/3492"}],"wp:attachment":[{"href":"https:\/\/tohagroup.com\/en\/wp-json\/wp\/v2\/media?parent=3491"}],"wp:term":[{"taxonomy":"product_cat","embeddable":true,"href":"https:\/\/tohagroup.com\/en\/wp-json\/wp\/v2\/product_cat?post=3491"},{"taxonomy":"product_tag","embeddable":true,"href":"https:\/\/tohagroup.com\/en\/wp-json\/wp\/v2\/product_tag?post=3491"}],"curies":[{"name":"wp","href":"https:\/\/api.w.org\/{rel}","templated":true}]}}