{"id":3488,"date":"2022-07-05T12:04:22","date_gmt":"2022-07-05T12:04:22","guid":{"rendered":"https:\/\/demo1.thuythu.vn\/tohagroup\/?post_type=product&#038;p=3488"},"modified":"2022-07-06T06:36:39","modified_gmt":"2022-07-06T06:36:39","slug":"bep-dun-hong-ngoai-mini-cong-suat-lon-1500w-l-beans","status":"publish","type":"product","link":"https:\/\/tohagroup.com\/en\/san-pham\/bep-dun-hong-ngoai-mini-cong-suat-lon-1500w-l-beans\/","title":{"rendered":"B\u1ebeP \u0110UN H\u1ed2NG NGO\u1ea0I MINI C\u00d4NG SU\u1ea4T L\u1edaN 1500W L-BEANS"},"content":{"rendered":"<div class=\"auto-format ui--animation\">\n<div class=\"row\">\n<div class=\"product-info summary entry-summary col col-fit product-summary\">\n<div class=\"product-short-description\">\n<div class=\"row\">\n<div class=\"product-info summary entry-summary col col-fit product-summary\">\n<div class=\"product-short-description\"><\/div>\n<\/div>\n<\/div>\n<div class=\"product-footer\">\n<div class=\"woocommerce-tabs wc-tabs-wrapper container tabbed-content\">\n<div class=\"tab-panels\">\n<div id=\"tab-description\" class=\"woocommerce-Tabs-panel woocommerce-Tabs-panel--description panel entry-content active\" role=\"tabpanel\" aria-labelledby=\"tab-title-description\">\n<p><strong>B\u1ebfp \u0111un h\u1ed3ng ngo\u1ea1i L-Beans\u00a0<\/strong>l\u00e0 s\u1ea3n ph\u1ea9m chuy\u00ean d\u1ee5ng d\u00e0nh cho pha ch\u1ebf.\u00a0<strong>B\u1ebfp \u0111i\u1ec7n<\/strong>\u00a0\u0111\u01b0\u1ee3c thi\u1ebft k\u1ebf v\u1edbi ki\u1ec3u d\u00e1ng hi\u1ec7n \u0111\u1ea1i, \u0111\u01a1n gi\u1ea3n v\u00e0 nh\u1ecf g\u1ecdn. Ph\u00f9 h\u1ee3p s\u1eed d\u1ee5ng trong qu\u00e1n c\u00e0 ph\u00ea, tr\u00e0 s\u1eefa, v\u0103n ph\u00f2ng, nh\u00e0 b\u1ebfp gia \u0111\u00ecnh v\u00e0 nh\u00e0 h\u00e0ng,\u2026 \u0110\u01b0\u1ee3c l\u00e0m t\u1eeb ch\u1ea5t li\u1ec7u th\u00e9p kh\u00f4ng g\u1ec9, mang \u0111\u1ebfn c\u1ea3m gi\u00e1c ch\u1eafc ch\u1eafn v\u00e0 tinh t\u1ebf.<\/p>\n<p>\u01afu \u0111i\u1ec3m c\u1ee7a\u00a0<strong>B\u1ebfp \u0111un h\u1ed3ng ngo\u1ea1i L-Beans<\/strong><\/p>\n<ul>\n<li>S\u1eed d\u1ee5ng \u0111\u01b0\u1ee3c \u0111a d\u1ea1ng ch\u1ea5t li\u1ec7u n\u1ed3i nh\u01b0 th\u1ee7y tinh, g\u1ed1m, s\u1ee9, \u0111\u1ed3ng, inox, th\u00e9p, gang, h\u1ee3p kim<\/li>\n<li>C\u00f4ng su\u1ea5t l\u1edbn 1500w, gia nhi\u1ec7t \u0111un nhanh.<\/li>\n<li>S\u1eed d\u1ee5ng d\u1ec5 d\u00e0ng v\u1edbi ch\u1ebf \u0111\u1ed9 n\u00fam xoay \u0111i\u1ec1u ch\u1ec9nh nhi\u1ec7t cho b\u1ea1n nhi\u1ec7t \u0111\u1ed9 mong mu\u1ed1n<\/li>\n<li>Th\u00edch h\u1ee3p nhi\u1ec1u lo\u1ea1i h\u00ecnh pha ch\u1ebf c\u00e0 ph\u00ea nh\u01b0\u00a0<strong>syphon, drip, bialetti, b\u1ebfp \u0111un pha tr\u00e0 \u0111\u1ea1o<\/strong><\/li>\n<li>S\u1eed d\u1ee5ng \u0111\u01a1n gi\u1ea3n v\u1edbi 1 n\u00fam \u0111i\u1ec1u ch\u1ec9nh<\/li>\n<li>Ch\u1ebf \u0111\u1ed9 b\u1ea3o v\u1ec7 an to\u00e0n khi qu\u00e1 nhi\u1ec7t<\/li>\n<li>B\u1ea3o h\u00e0nh 1 n\u0103m s\u1eed d\u1ee5ng l\u1ed7i \u0111\u1ed5i m\u1edbi<\/li>\n<li>T\u1ea5t c\u1ea3 s\u1ea3n ph\u1ea9m \u0111\u1ec1u \u0111\u01b0\u1ee3c \u0111\u00f3ng h\u1ed9p v\u00e0 \u0111\u01b0\u1ee3c d\u1eadp n\u1ed5i logo c\u1ee7a L-beans tr\u00e1nh h\u00e0ng nh\u00e1i, h\u00e0ng gi\u1ea3<\/li>\n<\/ul>\n<\/div>\n<\/div>\n<\/div>\n<\/div>\n<\/div>\n<div class=\"social-icons share-icons share-row relative\"><\/div>\n<\/div>\n<\/div>\n<\/div>\n","protected":false},"excerpt":{"rendered":"<h4 class=\"promoadd__ttl\" style=\"text-align: left;\"><strong><i>4 \u01afU \u0110\u00c3I TH\u00caM<\/i><\/strong><\/h4>\n<h5 class=\"promoadd__ttl\" style=\"text-align: left;\">D\u1ef1 ki\u1ebfn \u00e1p d\u1ee5ng \u0111\u1ebfn 23:00 30\/07<\/h5>\n<div class=\"promo_BHX\">\n<div class=\"l2\">\n<ul>\n<li>\n<h6>Mua c\u00e0 ph\u00ea v\u1edbi \u01b0u \u0111\u00e3i mua 10 t\u1eb7ng 2<\/h6>\n<\/li>\n<\/ul>\n<\/div>\n<\/div>\n<ul>\n<li>\n<h6><i class=\"icondetail-tick\"><\/i>Gi\u1ea3m 10% gi\u00e1 M\u00e1y xay sinh t\u1ed1 v\u00e0 M\u00e1y \u00e9p khi mua k\u00e8m<\/h6>\n<\/li>\n<li>\n<h6><i class=\"icondetail-tick\"><\/i>T\u1eb7ng b\u1ed9 d\u1ee5ng c\u1ee5 pha c\u00e0 ph\u00ea chuy\u00ean nghi\u1ec7p 7 m\u00f3n<\/h6>\n<\/li>\n<li>\n<h6>T\u1eb7ng b\u1ed9 l\u1ecdc n\u01b0\u1edbc 3 l\u00f5i chuy\u00ean d\u1ee5ng<\/h6>\n<\/li>\n<\/ul>\n","protected":false},"featured_media":3489,"comment_status":"open","ping_status":"closed","template":"","meta":{"om_disable_all_campaigns":false,"_mi_skip_tracking":false,"_monsterinsights_sitenote_active":false,"_monsterinsights_sitenote_note":"","_monsterinsights_sitenote_category":0},"product_cat":[46],"product_tag":[],"class_list":["post-3488","product","type-product","status-publish","has-post-thumbnail","hentry","nhom-san-pham-dung-cu-phu-kien-pha-che","product_cat-dung-cu-pha-che"],"_links":{"self":[{"href":"https:\/\/tohagroup.com\/en\/wp-json\/wp\/v2\/product\/3488","targetHints":{"allow":["GET"]}}],"collection":[{"href":"https:\/\/tohagroup.com\/en\/wp-json\/wp\/v2\/product"}],"about":[{"href":"https:\/\/tohagroup.com\/en\/wp-json\/wp\/v2\/types\/product"}],"replies":[{"embeddable":true,"href":"https:\/\/tohagroup.com\/en\/wp-json\/wp\/v2\/comments?post=3488"}],"wp:featuredmedia":[{"embeddable":true,"href":"https:\/\/tohagroup.com\/en\/wp-json\/wp\/v2\/media\/3489"}],"wp:attachment":[{"href":"https:\/\/tohagroup.com\/en\/wp-json\/wp\/v2\/media?parent=3488"}],"wp:term":[{"taxonomy":"product_cat","embeddable":true,"href":"https:\/\/tohagroup.com\/en\/wp-json\/wp\/v2\/product_cat?post=3488"},{"taxonomy":"product_tag","embeddable":true,"href":"https:\/\/tohagroup.com\/en\/wp-json\/wp\/v2\/product_tag?post=3488"}],"curies":[{"name":"wp","href":"https:\/\/api.w.org\/{rel}","templated":true}]}}