{"id":3447,"date":"2022-07-05T11:29:43","date_gmt":"2022-07-05T11:29:43","guid":{"rendered":"https:\/\/demo1.thuythu.vn\/tohagroup\/?post_type=product&#038;p=3447"},"modified":"2022-07-06T06:40:35","modified_gmt":"2022-07-06T06:40:35","slug":"am-pha-ca-phe-pour-over-kettle-inox-mau-dong-l-beans-phong-cach-co-dien","status":"publish","type":"product","link":"https:\/\/tohagroup.com\/en\/san-pham\/am-pha-ca-phe-pour-over-kettle-inox-mau-dong-l-beans-phong-cach-co-dien\/","title":{"rendered":"\u1ea4M PHA C\u00c0 PH\u00ca POUR OVER KETTLE INOX M\u00c0U \u0110\u1ed2NG L-BEANS PHONG C\u00c1CH C\u1ed4 \u0110I\u1ec2N"},"content":{"rendered":"<div class=\"auto-format ui--animation\">\n<p><strong>\u1ea4m pha c\u00e0 ph\u00ea Pour Over Kettle Inox<\/strong>\u00a0\u0111\u01b0\u1ee3c l\u00e0m t\u1eeb ch\u1ea5t li\u1ec7u inox 304 kh\u00f4ng g\u1ec9. Thi\u1ebft k\u1ebf \u1ea5m theo phong c\u00e1ch c\u1ed5 \u0111i\u1ec3n tr\u00ean n\u1ec1n m\u00e0u v\u00e0ng \u0111\u1ed3ng sang tr\u1ecdng, ph\u00f9 h\u1ee3p v\u1edbi nh\u00e0 h\u00e0ng, gia \u0111\u00ecnh, qu\u00e1n c\u00e0 ph\u00ea,\u2026 L\u00e0 s\u1ea3n ph\u1ea7m \u0111\u1ebfn t\u1eeb L-Beans, m\u1ed9t trong nh\u1eefng th\u01b0\u01a1ng hi\u1ec7u n\u1ed5i ti\u1ebfng, chuy\u00ean s\u1ea3n xu\u1ea5t c\u00e1c c\u00f4ng c\u1ee5, d\u1ee5ng c\u1ee5 pha ch\u1ebf. S\u1ea3n ph\u1ea9m c\u1ee7a h\u00e3ng lu\u00f4n \u0111\u01b0\u1ee3c xu\u1ea5t kh\u1ea9u v\u00e0 tin d\u00f9ng \u1edf nhi\u1ec1u qu\u1ed1c gia tr\u00ean th\u1ebf gi\u1edbi.<\/p>\n<p>Th\u01b0\u01a1ng hi\u1ec7u: L-beans<br \/>\nXu\u1ea5t x\u1ee9: Trung Qu\u1ed1c<br \/>\nV\u1eadt li\u1ec7u: Inox 304\u00a0an to\u00e0n khi ti\u1ebfp x\u00fac v\u1edbi\u00a0th\u1ef1c ph\u1ea9m<br \/>\nTh\u1ec3 t\u00edch: 450ml<\/p>\n<\/div>\n<h2 id=\"ftoc-heading-10\" class=\"p1 ftwp-heading\"><b>TohaGroup \u2013 Cung c\u1ea5p gi\u1ea3i ph\u00e1p cho m\u1ed9t ly c\u00e0 ph\u00ea ngon<\/b><\/h2>\n<p>=&gt;&gt;\u00a0<em>Tham kh\u1ea3o th\u00f4ng tin v\u00e0 c\u00e1c s\u1ea3n ph\u1ea9m <a href=\"https:\/\/demo1.thuythu.vn\/tohagroup\/shop\/\" target=\"_blank\" rel=\"nofollow noopener\">M\u00e1y pha c\u00e0 ph\u00ea<\/a> t\u1ea1i website ch\u00ednh h\u00e3ng www.tohagroup.com<\/em><\/p>\n<p>\u0110\u1ec3 \u0111\u1ea3m b\u1ea3o mua <strong>\u1ea4m pha c\u00e0 ph\u00ea Pour over c\u00f3 nhi\u1ec7t k\u1ebf L-Beans cao c\u1ea5p <\/strong>ch\u00ednh h\u00e3ng vui l\u00f2ng t\u1edbi tr\u1ef1c ti\u1ebfp Showroom c\u1ee7a TohaGroup tr\u00ean to\u00e0n qu\u1ed1c ho\u1eb7c \u0111\u1eb7t h\u00e0ng t\u1ea1i Website www.tohagroup.com \u2013 Ho\u1eb7c g\u1ecdi tr\u1ef1c ti\u1ebfp t\u1edbi <a href=\"tel:0867896096\" target=\"_blank\" rel=\"nofollow noopener\"><strong>Hotline: 08 6789 6096<\/strong><\/a>\u00a0\u0111\u1ec3 \u0111\u01b0\u1ee3c h\u1ed7 tr\u1ee3 \u0111\u1eb7t h\u00e0ng nhanh.<\/p>\n<p>&nbsp;<\/p>\n","protected":false},"excerpt":{"rendered":"<h4 class=\"promoadd__ttl\" style=\"text-align: left;\"><strong><i>4 \u01afU \u0110\u00c3I TH\u00caM<\/i><\/strong><\/h4>\n<h5 class=\"promoadd__ttl\" style=\"text-align: left;\">D\u1ef1 ki\u1ebfn \u00e1p d\u1ee5ng \u0111\u1ebfn 23:00 30\/07<\/h5>\n<div class=\"promo_BHX\">\n<div class=\"l2\">\n<ul>\n<li>\n<h6>Mua c\u00e0 ph\u00ea v\u1edbi \u01b0u \u0111\u00e3i mua 10 t\u1eb7ng 2<\/h6>\n<\/li>\n<\/ul>\n<\/div>\n<\/div>\n<ul>\n<li>\n<h6><i class=\"icondetail-tick\"><\/i>Gi\u1ea3m 10% gi\u00e1 M\u00e1y xay sinh t\u1ed1 v\u00e0 M\u00e1y \u00e9p khi mua k\u00e8m<\/h6>\n<\/li>\n<li>\n<h6><i class=\"icondetail-tick\"><\/i>T\u1eb7ng b\u1ed9 d\u1ee5ng c\u1ee5 pha c\u00e0 ph\u00ea chuy\u00ean nghi\u1ec7p 7 m\u00f3n<\/h6>\n<\/li>\n<li>\n<h6>T\u1eb7ng b\u1ed9 l\u1ecdc n\u01b0\u1edbc 3 l\u00f5i chuy\u00ean d\u1ee5ng<\/h6>\n<\/li>\n<\/ul>\n","protected":false},"featured_media":3448,"comment_status":"open","ping_status":"closed","template":"","meta":{"om_disable_all_campaigns":false,"_mi_skip_tracking":false,"_monsterinsights_sitenote_active":false,"_monsterinsights_sitenote_note":"","_monsterinsights_sitenote_category":0},"product_cat":[46],"product_tag":[],"class_list":["post-3447","product","type-product","status-publish","has-post-thumbnail","hentry","nhom-san-pham-dung-cu-phu-kien-pha-che","product_cat-dung-cu-pha-che"],"_links":{"self":[{"href":"https:\/\/tohagroup.com\/en\/wp-json\/wp\/v2\/product\/3447","targetHints":{"allow":["GET"]}}],"collection":[{"href":"https:\/\/tohagroup.com\/en\/wp-json\/wp\/v2\/product"}],"about":[{"href":"https:\/\/tohagroup.com\/en\/wp-json\/wp\/v2\/types\/product"}],"replies":[{"embeddable":true,"href":"https:\/\/tohagroup.com\/en\/wp-json\/wp\/v2\/comments?post=3447"}],"wp:featuredmedia":[{"embeddable":true,"href":"https:\/\/tohagroup.com\/en\/wp-json\/wp\/v2\/media\/3448"}],"wp:attachment":[{"href":"https:\/\/tohagroup.com\/en\/wp-json\/wp\/v2\/media?parent=3447"}],"wp:term":[{"taxonomy":"product_cat","embeddable":true,"href":"https:\/\/tohagroup.com\/en\/wp-json\/wp\/v2\/product_cat?post=3447"},{"taxonomy":"product_tag","embeddable":true,"href":"https:\/\/tohagroup.com\/en\/wp-json\/wp\/v2\/product_tag?post=3447"}],"curies":[{"name":"wp","href":"https:\/\/api.w.org\/{rel}","templated":true}]}}