{"id":3372,"date":"2022-07-05T10:14:49","date_gmt":"2022-07-05T10:14:49","guid":{"rendered":"https:\/\/demo1.thuythu.vn\/tohagroup\/?post_type=product&#038;p=3372"},"modified":"2022-12-19T14:11:09","modified_gmt":"2022-12-19T07:11:09","slug":"may-pha-ca-phe-nuova-simonelli-appia-ii","status":"publish","type":"product","link":"https:\/\/tohagroup.com\/en\/san-pham\/may-pha-ca-phe-nuova-simonelli-appia-ii\/","title":{"rendered":"M\u00e1y pha c\u00e0 ph\u00ea Nuova Simonelli Appia II"},"content":{"rendered":"<p><b>GI\u1edaI THI\u1ec6U T\u1ed4NG QUAN<\/b><\/p>\n<p><span style=\"font-weight: 400;\">Nuova Simonelli l\u00e0 th\u01b0\u01a1ng hi\u1ec7u s\u1ea3n xu\u1ea5t m\u00e1y pha c\u00e0 ph\u00ea n\u1ed5i ti\u1ebfng \u0111\u1ebfn t\u1eeb \u00dd v\u1edbi h\u01a1n 70 n\u0103m kinh nghi\u1ec7m ph\u1ee5c v\u1ee5 m\u00e1y m\u00f3c thi\u1ebft b\u1ecb cho c\u00e1c chu\u1ed7i nh\u00e0 h\u00e0ng, kh\u00e1ch s\u1ea1n v\u00e0 c\u1eeda h\u00e0ng c\u00e0 ph\u00ea chuy\u00ean nghi\u1ec7p. Kh\u00f4ng ch\u1ec9 th\u00e0nh c\u00f4ng v\u1edbi c\u00e1c d\u00f2ng m\u00e1y pha b\u00e1n t\u1ef1 \u0111\u1ed9ng, ngay v\u1eeba khi ra m\u1eaft d\u00f2ng m\u00e1y pha c\u00e0 ph\u00ea t\u1ef1 \u0111\u1ed9ng cao c\u1ea5p Nuova Simonelli Appia II 2 Group, th\u01b0\u01a1ng hi\u1ec7u \u0111\u00ecnh \u0111\u00e1m n\u00e0y \u0111\u00e3 ngay l\u1eadp t\u1ee9c thu h\u00fat \u0111\u01b0\u1ee3c s\u1ef1 ch\u00fa \u00fd c\u1ee7a gi\u1edbi Barista chuy\u00ean nghi\u1ec7p tr\u00ean to\u00e0n th\u1ebf gi\u1edbi.<\/span><\/p>\n<p><img decoding=\"async\" class=\"aligncenter wp-image-3381 size-large\" src=\"https:\/\/tohagroup.com\/wp-content\/uploads\/2022\/07\/NUOVA-SIMONELLI-APPIA-II-01-1024x585.png\" alt=\"\" width=\"1024\" height=\"585\" srcset=\"https:\/\/tohagroup.com\/wp-content\/uploads\/2022\/07\/NUOVA-SIMONELLI-APPIA-II-01-1024x585.png 1024w, https:\/\/tohagroup.com\/wp-content\/uploads\/2022\/07\/NUOVA-SIMONELLI-APPIA-II-01-300x171.png 300w, https:\/\/tohagroup.com\/wp-content\/uploads\/2022\/07\/NUOVA-SIMONELLI-APPIA-II-01-768x439.png 768w, https:\/\/tohagroup.com\/wp-content\/uploads\/2022\/07\/NUOVA-SIMONELLI-APPIA-II-01-1536x878.png 1536w, https:\/\/tohagroup.com\/wp-content\/uploads\/2022\/07\/NUOVA-SIMONELLI-APPIA-II-01-2048x1171.png 2048w, https:\/\/tohagroup.com\/wp-content\/uploads\/2022\/07\/NUOVA-SIMONELLI-APPIA-II-01-600x343.png 600w\" sizes=\"(max-width: 1024px) 100vw, 1024px\" \/><\/p>\n<p><b>\u0110\u1ed0I T\u01af\u1ee2NG S\u1eec D\u1ee4NG<\/b><\/p>\n<p><span style=\"font-weight: 400;\">M\u00c1Y PHA C\u00c0 PH\u00ca NUOVA SIMONELLI APPIA II &#8211; 2GR \u0111\u01b0\u1ee3c thi\u1ebft k\u1ebf v\u1edbi h\u1ec7 th\u1ed1ng nhi\u1ec7t \u1ed5n \u0111\u1ecbnh h\u01a1n cho ra nh\u1eefng ly c\u00e0 ph\u00ea c\u00f3 ch\u1ea5t l\u01b0\u1ee3ng t\u1ed1t h\u01a1n, \u0111\u1ed3ng \u0111\u1ec1u h\u01a1n \u0111\u1ec3 c\u00f3 th\u1ec3 \u0111\u00e1p \u1ee9ng \u0111\u01b0\u1ee3c nhu c\u1ea7u s\u1eed d\u1ee5ng t\u1eeb gia \u0111\u00ecnh cho \u0111\u1ebfn nh\u1eefng y\u00eau c\u1ea7u c\u00e0 ph\u00ea capuchino hay espresso cao h\u01a1n trong nh\u00e0 h\u00e0ng, qu\u00e1n c\u00e0 ph\u00ea.<\/span><\/p>\n<p><img decoding=\"async\" class=\"aligncenter wp-image-3395 size-large\" src=\"https:\/\/tohagroup.com\/wp-content\/uploads\/2022\/07\/NUOVA-SIMONELLI-APPIA-II-07-1024x585.png\" alt=\"\" width=\"1024\" height=\"585\" srcset=\"https:\/\/tohagroup.com\/wp-content\/uploads\/2022\/07\/NUOVA-SIMONELLI-APPIA-II-07-1024x585.png 1024w, https:\/\/tohagroup.com\/wp-content\/uploads\/2022\/07\/NUOVA-SIMONELLI-APPIA-II-07-300x171.png 300w, https:\/\/tohagroup.com\/wp-content\/uploads\/2022\/07\/NUOVA-SIMONELLI-APPIA-II-07-768x439.png 768w, https:\/\/tohagroup.com\/wp-content\/uploads\/2022\/07\/NUOVA-SIMONELLI-APPIA-II-07-1536x878.png 1536w, https:\/\/tohagroup.com\/wp-content\/uploads\/2022\/07\/NUOVA-SIMONELLI-APPIA-II-07-2048x1170.png 2048w, https:\/\/tohagroup.com\/wp-content\/uploads\/2022\/07\/NUOVA-SIMONELLI-APPIA-II-07-600x343.png 600w\" sizes=\"(max-width: 1024px) 100vw, 1024px\" \/><\/p>\n<p><b>\u0110\u1eb6C \u0110I\u1ec2M<\/b><\/p>\n<p><span style=\"font-weight: 400;\">Nuova Simonelli l\u00e0 th\u01b0\u01a1ng hi\u1ec7u s\u1ea3n xu\u1ea5t m\u00e1y pha c\u00e0 ph\u00ea n\u1ed5i ti\u1ebfng \u0111\u1ebfn t\u1eeb \u00dd v\u1edbi h\u01a1n 70 n\u0103m kinh nghi\u1ec7m ph\u1ee5c v\u1ee5 m\u00e1y m\u00f3c thi\u1ebft b\u1ecb cho c\u00e1c chu\u1ed7i nh\u00e0 h\u00e0ng, kh\u00e1ch s\u1ea1n v\u00e0 c\u1eeda h\u00e0ng c\u00e0 ph\u00ea chuy\u00ean nghi\u1ec7p.<\/span><\/p>\n<p><span style=\"font-weight: 400;\">B\u1ed9 ph\u1eadn n\u00e9n c\u00e0 ph\u00ea v\u00e0 nhi\u1ec7t \u0111\u1ed9 c\u1ed9ng h\u01b0\u1edfng \u0111\u1ec3 chi\u1ebft xu\u1ea5t c\u00e0 ph\u00ea \u0111\u1ec1u v\u00e0 t\u1ed1t h\u01a1n. V\u1edbi h\u1ec7 th\u1ed1ng trao \u0111\u1ed5i nhi\u1ec7t, \u00e1p su\u1ea5t b\u00ean trong n\u1ed3i h\u01a1i lu\u00f4n \u1ed5n \u0111\u1ecbnh. Dung t\u00edch 2l \u0111\u1ea3m b\u1ea3o kh\u1ea3 n\u0103ng cung c\u1ea5p h\u01a1i n\u00f3ng t\u1ed1t cho m\u1ed9t t\u00e1ch cappuccino th\u01a1m v\u00e0 b\u00e9o ng\u1eady.<\/span><\/p>\n<p><span style=\"font-weight: 400;\">Ki\u1ec3u d\u00e1ng v\u00f4 c\u00f9ng b\u1eaft m\u1eaft sang tr\u1ecdng, mang t\u00ednh ch\u1ea5t trung t\u00ednh. Ph\u00f9 h\u1ee3p v\u1edbi c\u00e1c qu\u00e1n v\u1eeba, l\u1edbn.<\/span><\/p>\n<p><span style=\"font-weight: 400;\">Thao t\u00e1c \u0111\u01a1n gi\u1ea3n, d\u1ec5 s\u1eed d\u1ee5ng \u0111\u1ed1i v\u1edbi h\u1ea7u h\u1ebft m\u1ecdi \u0111\u1ed1i t\u01b0\u1ee3ng, s\u1eed d\u1ee5ng l\u00e2u b\u00ean<\/span><\/p>\n<p><span style=\"font-weight: 400;\">M\u00e1y \u0111\u01b0\u1ee3c ki\u1ec3m ch\u1ee9ng v\u1ec1 ch\u1ea5t l\u01b0\u1ee3ng, \u0111\u1ed9 b\u1ec1n tr\u00ean th\u1ef1c t\u1ebf t\u1ea1i Vi\u1ec7t Nam. \u0110\u01b0\u1ee3c s\u1eed d\u1ee5ng b\u1edfi c\u00e1c chu\u1ed7i c\u00e0 ph\u00ea l\u1edbn hi\u1ec7n nay nh\u01b0 The Coffee House, Laha Coffee,.. \u0110i\u1ec1u n\u00e0y khi\u1ebfn ng\u01b0\u1eddi ti\u00eau d\u00f9ng c\u0169ng tin t\u01b0\u1edfng v\u00e0o d\u00f2ng m\u00e1y n\u00e0y h\u01a1n.<\/span><\/p>\n<p><img decoding=\"async\" class=\"aligncenter wp-image-3370 size-large\" src=\"https:\/\/tohagroup.com\/wp-content\/uploads\/2022\/07\/NUOVA-SIMONELLI-APPIA-BLACK-LIFE-08-01-1024x584.png\" alt=\"\" width=\"1024\" height=\"584\" srcset=\"https:\/\/tohagroup.com\/wp-content\/uploads\/2022\/07\/NUOVA-SIMONELLI-APPIA-BLACK-LIFE-08-01-1024x584.png 1024w, https:\/\/tohagroup.com\/wp-content\/uploads\/2022\/07\/NUOVA-SIMONELLI-APPIA-BLACK-LIFE-08-01-300x171.png 300w, https:\/\/tohagroup.com\/wp-content\/uploads\/2022\/07\/NUOVA-SIMONELLI-APPIA-BLACK-LIFE-08-01-768x438.png 768w, https:\/\/tohagroup.com\/wp-content\/uploads\/2022\/07\/NUOVA-SIMONELLI-APPIA-BLACK-LIFE-08-01-1536x876.png 1536w, https:\/\/tohagroup.com\/wp-content\/uploads\/2022\/07\/NUOVA-SIMONELLI-APPIA-BLACK-LIFE-08-01-2048x1169.png 2048w, https:\/\/tohagroup.com\/wp-content\/uploads\/2022\/07\/NUOVA-SIMONELLI-APPIA-BLACK-LIFE-08-01-600x342.png 600w\" sizes=\"(max-width: 1024px) 100vw, 1024px\" \/><\/p>\n<p><b>T\u00cdNH N\u0102NG<\/b><\/p>\n<p><b>B\u1ed9 vi m\u1ea1ch an to\u00e0n- K\u1ebft c\u1ea5u b\u1ec1n ch\u1eafc 100% ti\u00eau chu\u1ea9n Ch\u00e2u \u00c2u<\/b><\/p>\n<p><span style=\"font-weight: 400;\">M\u00c1Y PHA C\u00c0 PH\u00ca NUOVA SIMONELLI APPIA II 2 groups \u0111\u01b0\u1ee3c thi\u1ebft k\u1ebf v\u00e0 s\u1ea3n xu\u1ea5t t\u1ea1i \u00dd n\u00ean k\u1ebft c\u1ea5u b\u1ec1n ch\u1eafc v\u1edbi b\u1ed9 khung b\u1ea3o v\u1ec7 l\u1edbn b\u1eb1ng th\u00e9p kh\u00f4ng girm c\u00e1c chi ti\u1ebft m\u00e1y \u0111\u01b0\u1ee3c ch\u1ebf t\u00e1c tinh x\u1ea3o v\u00e0 l\u1eafp \u0111\u1eb7t chu\u1ea9n x\u00e1c, \u0111\u1ea3m b\u1ea3o m\u00e1y pha ho\u1ea1t \u0111\u1ed9ng b\u1ec1n b\u1ec9 v\u00e0 v\u1eadn h\u00e0nh h\u1ebft c\u00f4ng su\u1ea5t.<\/span><\/p>\n<p><span style=\"font-weight: 400;\">M\u00c1Y PHA C\u00c0 PH\u00ca NUOVA SIMONELLI APPIA II 2 groups s\u1edf h\u1eefu c\u1ea5u t\u1ea1o m\u00e1y an to\u00e0n tuy\u1ec7t \u0111\u1ed1i v\u1edbi b\u1ed9 vi m\u1ea1ch \u0111\u01b0\u1ee3c bao b\u1ecdc b\u1edfi l\u1edbp b\u1ea3o v\u1ec7 nh\u1ef1a cao c\u1ea5p c\u00e1ch \u0111i\u1ec7n. B\u1ed9 vi m\u1ea1ch \u0111\u01b0\u1ee3c \u0111\u1eb7t \u1edf v\u1ecb tr\u00ed \u0111a tr\u01b0\u1eddng h\u1ee3p r\u1ee7i ro khi v\u1eadn h\u00e0nh nh\u01b0 tr\u00e0n n\u01b0\u1edbc, nh\u00e2n vi\u00ean l\u00e0m \u0111\u1ed5 n\u01b0\u1edbc v\u00e0o m\u00e1y\u2026<\/span><\/p>\n<p><b>H\u1ec7 th\u1ed1ng siphon\u00a0<\/b><\/p>\n<p><span style=\"font-weight: 400;\">H\u1ec7 th\u1ed1ng siphon nhi\u1ec7t kim phun c\u1ed1 \u0111\u1ecbnh. Gi\u00fap m\u00e1y c\u00f3 kh\u1ea3 n\u0103ng th\u00edch \u1ee9ng v\u00e0 hi\u1ec7u <\/span><\/p>\n<p><b>N\u1ed3i h\u01a1i 11L ch\u1ecbu \u00e1p su\u1ea5t cao v\u1edbi c\u00f4ng su\u1ea5t l\u00ean t\u1edbi 3200W<\/b><\/p>\n<p><span style=\"font-weight: 400;\">N\u1ed3i h\u01a1i \u0111\u01b0\u1ee3c s\u1ea3n xu\u1ea5t theo quy tr\u00ecnh nghi\u00eam ng\u1eb7t, ti\u00eau chu\u1ea9n c\u1ee7a \u00dd. Gi\u00fap m\u00e1y pha lu\u00f4n \u0111\u1ea3m b\u1ea3o \u0111\u01b0\u1ee3c nhi\u1ec7t \u0111\u1ed9 v\u00e0 \u00e1p su\u1ea5t \u1ed5n \u0111\u1ecbnh. M\u00c1Y PHA C\u00c0 PH\u00ca NUOVA SIMONELLI APPIA II ho\u00e0n to\u00e0n th\u00edch h\u1ee3p s\u1eed d\u1ee5ng cho m\u00f4 h\u00ecnh kinh doanh l\u1edbn, \u0111\u00f4ng kh\u00e1ch, pha ch\u1ebf li\u00ean t\u1ee5c m\u00e0 kh\u00f4ng gi\u1ea3m nhi\u1ec7t \u0111\u1ed9 c\u1ee7a n\u01b0\u1edbc.<\/span><\/p>\n<p><img decoding=\"async\" class=\"aligncenter wp-image-3383 size-large\" src=\"https:\/\/tohagroup.com\/wp-content\/uploads\/2022\/07\/NUOVA-SIMONELLI-APPIA-II-02-1024x585.png\" alt=\"\" width=\"1024\" height=\"585\" srcset=\"https:\/\/tohagroup.com\/wp-content\/uploads\/2022\/07\/NUOVA-SIMONELLI-APPIA-II-02-1024x585.png 1024w, https:\/\/tohagroup.com\/wp-content\/uploads\/2022\/07\/NUOVA-SIMONELLI-APPIA-II-02-300x172.png 300w, https:\/\/tohagroup.com\/wp-content\/uploads\/2022\/07\/NUOVA-SIMONELLI-APPIA-II-02-768x439.png 768w, https:\/\/tohagroup.com\/wp-content\/uploads\/2022\/07\/NUOVA-SIMONELLI-APPIA-II-02-1536x878.png 1536w, https:\/\/tohagroup.com\/wp-content\/uploads\/2022\/07\/NUOVA-SIMONELLI-APPIA-II-02-2048x1171.png 2048w, https:\/\/tohagroup.com\/wp-content\/uploads\/2022\/07\/NUOVA-SIMONELLI-APPIA-II-02-600x343.png 600w\" sizes=\"(max-width: 1024px) 100vw, 1024px\" \/><\/p>\n<p><b>\u0110\u1ea7u HeadGroup to<\/b><\/p>\n<p><span style=\"font-weight: 400;\">Nh\u1edd v\u00e0o \u0111\u1ea7u headgroup to, d\u1ec5 thao t\u00e1c t\u1ea1o c\u1ea3m gi\u00e1c m\u1ea1nh m\u1ebd cho m\u00e1y, d\u00e0n n\u00fat b\u1ea5m hi\u1ec7n \u0111\u1ea1i c\u00f3 \u0111\u00e8n LED b\u00e1o hi\u1ec7u<\/span><\/p>\n<p><b>Tay g\u1ea1t c\u1ea7n \u0111\u00e1nh s\u1eefa<\/b><\/p>\n<p><span style=\"font-weight: 400;\">Kh\u00f4ng gi\u1ed1ng nh\u01b0 nh\u1eefng v\u00f2i n\u01b0\u1edbc n\u00f3ng kh\u00e1c, v\u00f2i n\u01b0\u1edbc n\u00f3ng c\u1ee7a <\/span><b><i>M\u00e1y pha c\u00e0 ph\u00ea Nuova Simonelli Appia II 2 Group<\/i><\/b><span style=\"font-weight: 400;\"> \u0111\u01b0\u1ee3c l\u00e0m b\u1eb1ng th\u00e9p kh\u00f4ng g\u1ec9, c\u00f3 \u0111\u1ed9 b\u00ean cao, v\u00f2i n\u01b0\u1edbc n\u00f3ng lu\u00f4n l\u00e0 n\u01a1i c\u00f3 nhi\u1ec7t \u0111\u1ed9 thay \u0111\u1ed5i li\u00ean t\u1ee5c, n\u1ebfu ch\u1ea5t li\u1ec7u kh\u00f4ng t\u1ed1t s\u1ebd d\u1eabn \u0111\u1ebfn v\u00f2i n\u01b0\u1edbc n\u00f3ng mau ch\u00f3ng h\u1ecfng v\u00e0 gi\u1ea3m tu\u1ed5i th\u1ecd.<\/span><\/p>\n<p><img decoding=\"async\" class=\"aligncenter wp-image-3393 size-large\" src=\"https:\/\/tohagroup.com\/wp-content\/uploads\/2022\/07\/NUOVA-SIMONELLI-APPIA-II-06-1024x585.png\" alt=\"\" width=\"1024\" height=\"585\" srcset=\"https:\/\/tohagroup.com\/wp-content\/uploads\/2022\/07\/NUOVA-SIMONELLI-APPIA-II-06-1024x585.png 1024w, https:\/\/tohagroup.com\/wp-content\/uploads\/2022\/07\/NUOVA-SIMONELLI-APPIA-II-06-300x171.png 300w, https:\/\/tohagroup.com\/wp-content\/uploads\/2022\/07\/NUOVA-SIMONELLI-APPIA-II-06-768x439.png 768w, https:\/\/tohagroup.com\/wp-content\/uploads\/2022\/07\/NUOVA-SIMONELLI-APPIA-II-06-1536x878.png 1536w, https:\/\/tohagroup.com\/wp-content\/uploads\/2022\/07\/NUOVA-SIMONELLI-APPIA-II-06-2048x1170.png 2048w, https:\/\/tohagroup.com\/wp-content\/uploads\/2022\/07\/NUOVA-SIMONELLI-APPIA-II-06-600x343.png 600w\" sizes=\"(max-width: 1024px) 100vw, 1024px\" \/><\/p>\n<p><b>G\u01b0\u01a1ng ng\u01b0\u1ee3c gi\u00fap cho barista quan s\u00e1t \u0111\u01b0\u1ee3c r\u00f5 h\u01a1n<\/b><\/p>\n<p><span style=\"font-weight: 400;\">Sau nh\u1eefng kinh nghi\u1ec7m \u0111\u00e3 c\u00f3 c\u1ee7a Aurelia II \u201cm\u00e1y pha c\u00e0 ph\u00ea ch\u00ednh th\u1ee9c c\u1ee7a gi\u1ea3i v\u00f4 \u0111\u1ecbch th\u1ebf gi\u1edbi pha ch\u1ebf\u201d Nuova Simonelli c\u0169ng \u0111\u00e3 gi\u1edbi thi\u1ec7u m\u1ed9t &#8220;g\u01b0\u01a1ng ng\u01b0\u1ee3c&#8221; v\u00e0o M\u00e1y pha c\u00e0 ph\u00ea Nuova Simonelli Appia II 2 group \u0111i\u1ec1u n\u00e0y cho ph\u00e9p c\u00e1c barista c\u00f3 th\u1ec3 ki\u1ec3m so\u00e1t \u0111\u1ea7y \u0111\u1ee7 g\u00f3c nh\u00ecn c\u1ee7a gi\u1ecdt c\u00e0 ph\u00ea gi\u1eef b\u1ed9 l\u1ecdc m\u00e0 kh\u00f4ng c\u1ea7n ph\u1ea3i c\u00fai xu\u1ed1ng.<\/span><\/p>\n<p><img decoding=\"async\" class=\"aligncenter wp-image-3387 size-large\" src=\"https:\/\/tohagroup.com\/wp-content\/uploads\/2022\/07\/NUOVA-SIMONELLI-APPIA-II-09-1024x585.png\" alt=\"\" width=\"1024\" height=\"585\" srcset=\"https:\/\/tohagroup.com\/wp-content\/uploads\/2022\/07\/NUOVA-SIMONELLI-APPIA-II-09-1024x585.png 1024w, https:\/\/tohagroup.com\/wp-content\/uploads\/2022\/07\/NUOVA-SIMONELLI-APPIA-II-09-300x171.png 300w, https:\/\/tohagroup.com\/wp-content\/uploads\/2022\/07\/NUOVA-SIMONELLI-APPIA-II-09-768x439.png 768w, https:\/\/tohagroup.com\/wp-content\/uploads\/2022\/07\/NUOVA-SIMONELLI-APPIA-II-09-1536x878.png 1536w, https:\/\/tohagroup.com\/wp-content\/uploads\/2022\/07\/NUOVA-SIMONELLI-APPIA-II-09-2048x1170.png 2048w, https:\/\/tohagroup.com\/wp-content\/uploads\/2022\/07\/NUOVA-SIMONELLI-APPIA-II-09-600x343.png 600w\" sizes=\"(max-width: 1024px) 100vw, 1024px\" \/><\/p>\n<p><b>Thi\u1ebft k\u1ebf sang tr\u1ecdng, kh\u00e1c bi\u1ec7t mang \u0111\u1eb3ng c\u1ea5p c\u1ee7a d\u00f2ng m\u00e1y pha c\u00e0 ph\u00ea t\u1ef1 \u0111\u1ed9ng<\/b><\/p>\n<p><span style=\"font-weight: 400;\">Kh\u00f4ng ch\u1ec9 \u0111\u01b0\u1ee3c \u0111\u00e1nh gi\u00e1 cao v\u1ec1 m\u1eb7t k\u1ef9 thu\u1eadt, thi\u1ebft k\u1ebf hi\u1ec7n \u0111\u1ea1i, sang tr\u1ecdng c\u1ee7a Nuova Simonelli Appia II 2 Group c\u00f2n chinh ph\u1ee5c ho\u00e0n to\u00e0n gi\u1edbi Barista tr\u00ean to\u00e0n th\u1ebf gi\u1edbi. B\u1ea3ng \u0111i\u1ec1u khi\u1ec3n, v\u00f2i \u0111\u00e1nh s\u1eefa, v\u00f2i n\u01b0\u1edbc n\u00f3ng, tay g\u1ea1t, \u0111\u1ed3ng h\u1ed3 \u00e1p su\u1ea5t,\u2026 \u0111\u01b0\u1ee3c b\u1ed1 tr\u00ed t\u1ed1i \u01b0u tr\u00ean to\u00e0n b\u1ed9 th\u00e2n m\u00e1y, \u0111\u1ea3m b\u1ea3o s\u1ef1 thu\u1eadn ti\u1ec7n t\u1ed1i \u0111a cho ng\u01b0\u1eddi s\u1eed d\u1ee5ng nh\u01b0ng v\u1eabn gi\u1eef \u0111\u01b0\u1ee3c t\u00ednh th\u1ea9m m\u1ef9 cao c\u1ee7a d\u00f2ng m\u00e1y chuy\u00ean nghi\u1ec7p n\u00e0y. Thi\u1ebft k\u1ebf hai b\u00ean th\u00e2n m\u00e1y v\u1edbi nh\u1eefng \u0111\u01b0\u1eddng r\u00e3nh cong tinh t\u1ebf mang l\u1ea1i cho Nuova Simonelli v\u1ebb ngo\u00e0i \u1ea5n t\u01b0\u1ee3ng v\u00e0 kh\u00e1c bi\u1ec7t, th\u00f4i th\u00fac s\u1ef1 kh\u00e1m ph\u00e1 c\u1ee7a c\u00e1c Barista, k\u00edch th\u00edch s\u1ef1 t\u00f2 m\u00f2 v\u00e0 h\u1ee9ng th\u00fa c\u1ee7a th\u1ef1c kh\u00e1ch khi v\u00e0o c\u1eeda h\u00e0ng.<\/span><\/p>\n<p><img decoding=\"async\" class=\"aligncenter wp-image-3397 size-large\" src=\"https:\/\/tohagroup.com\/wp-content\/uploads\/2022\/07\/NUOVA-SIMONELLI-APPIA-BLACK-LIFE-08-01-2-1024x584.png\" alt=\"\" width=\"1024\" height=\"584\" srcset=\"https:\/\/tohagroup.com\/wp-content\/uploads\/2022\/07\/NUOVA-SIMONELLI-APPIA-BLACK-LIFE-08-01-2-1024x584.png 1024w, https:\/\/tohagroup.com\/wp-content\/uploads\/2022\/07\/NUOVA-SIMONELLI-APPIA-BLACK-LIFE-08-01-2-300x171.png 300w, https:\/\/tohagroup.com\/wp-content\/uploads\/2022\/07\/NUOVA-SIMONELLI-APPIA-BLACK-LIFE-08-01-2-768x438.png 768w, https:\/\/tohagroup.com\/wp-content\/uploads\/2022\/07\/NUOVA-SIMONELLI-APPIA-BLACK-LIFE-08-01-2-1536x876.png 1536w, https:\/\/tohagroup.com\/wp-content\/uploads\/2022\/07\/NUOVA-SIMONELLI-APPIA-BLACK-LIFE-08-01-2-2048x1169.png 2048w, https:\/\/tohagroup.com\/wp-content\/uploads\/2022\/07\/NUOVA-SIMONELLI-APPIA-BLACK-LIFE-08-01-2-600x342.png 600w\" sizes=\"(max-width: 1024px) 100vw, 1024px\" \/><\/p>\n<hr \/>\n<h2 id=\"ftoc-heading-10\" class=\"p1 ftwp-heading\"><b>Toha Group \u2013 Cung c\u1ea5p gi\u1ea3i ph\u00e1p cho m\u1ed9t ly c\u00e0 ph\u00ea ngon<\/b><\/h2>\n<p>=&gt;&gt;\u00a0<em>Tham kh\u1ea3o th\u00f4ng tin v\u00e0 c\u00e1c s\u1ea3n ph\u1ea9m <a href=\"https:\/\/tohagroup.com\/product-category\/may-pha-ca-phe-cho-quan\/\" target=\"_blank\" rel=\"nofollow noopener\">M\u00e1y pha c\u00e0 ph\u00ea d\u00e0nh cho qu\u00e1n<\/a> t\u1ea1i website ch\u00ednh h\u00e3ng <a href=\"http:\/\/www.tohagroup.com\">www.tohagroup.com<\/a><\/em><\/p>\n<p>\u0110\u1ec3 \u0111\u1ea3m b\u1ea3o mua m\u00e1y ch\u00ednh h\u00e3ng vui l\u00f2ng t\u1edbi tr\u1ef1c ti\u1ebfp Showroom c\u1ee7a <strong>Toha Group<\/strong> tr\u00ean to\u00e0n qu\u1ed1c ho\u1eb7c \u0111\u1eb7t h\u00e0ng t\u1ea1i Website www.tohagroup.com \u2013 Ho\u1eb7c g\u1ecdi tr\u1ef1c ti\u1ebfp t\u1edbi <a href=\"tel:0867896096\" target=\"_blank\" rel=\"nofollow noopener\"><strong>Hotline: 08 6789 6096<\/strong><\/a>\u00a0\u0111\u1ec3 \u0111\u01b0\u1ee3c h\u1ed7 tr\u1ee3 \u0111\u1eb7t h\u00e0ng nhanh.<\/p>\n<p><span style=\"color: #ff0000;\"><strong>\u01afu \u0111\u00e3i:<\/strong> <\/span>Khi Qu\u00fd kh\u00e1ch h\u00e0ng theo d\u00f5i t\u1ea5t c\u1ea3 n\u1ec1n t\u1ea3ng c\u1ee7a Toha, qu\u00fd kh\u00e1ch s\u1ebd nh\u1eadn \u0111\u01b0\u1ee3c \u0111\u01b0\u1eddng d\u00e2y n\u00f3ng k\u1ebft n\u1ed1i &#8211; mua b\u00e1n &#8211; s\u1eeda ch\u1eefa, k\u00e8m theo \u0111\u00f3 l\u00e0 nhi\u1ec1u \u01b0u \u0111\u00e3i \u0111\u1eb7c bi\u1ec7t, nhi\u1ec1u ch\u01b0\u01a1ng tr\u00ecnh gi\u1ea3m gi\u00e1, v\u00e0 r\u1ea5t nhi\u1ec1u qu\u00e0 t\u1eb7ng kh\u00e1c \u0111\u1ebfn t\u1eeb Toha.<\/p>\n<h4 id=\"input_line_0\"><span id=\"input_part_0\" class=\"\" data-mention=\"Ch\u1ec9 \u0110\u01b0\u1eddng Google Map: https:\/\/g.page\/TOHACAFE?share \"><span style=\"color: #ff6600;\">Ch\u1ec9 \u0110\u01b0\u1eddng Google Map:<\/span><a href=\"https:\/\/g.page\/TOHACAFE?share\" rel=\"nofollow\" target=\"_blank\"> https:\/\/g.page\/TOHACAFE?share<\/a>\u00a0<\/span><\/h4>\n<h4 id=\"input_line_1\"><span id=\"input_part_0\" class=\"\" data-mention=\"Zalo Ch\u0103m S\u00f3c Kh\u00e1ch H\u00e0ng 24\/7: https:\/\/zalo.me\/2565949627324610829\"><span style=\"color: #ff6600;\">Zalo Ch\u0103m S\u00f3c Kh\u00e1ch H\u00e0ng 24\/7<\/span>: <a href=\"https:\/\/zalo.me\/2565949627324610829\" rel=\"nofollow noopener\" target=\"_blank\">https:\/\/zalo.me\/2565949627324610829<\/a><\/span><\/h4>\n<h4 id=\"input_line_2\"><span id=\"input_part_0\" class=\"\" data-mention=\"C\u1eadp Nh\u1eadt \u01afu \u0110\u00e3i: https:\/\/www.facebook.com\/tohagroupvn\"><span style=\"color: #ff6600;\">C\u1eadp Nh\u1eadt \u01afu \u0110\u00e3i:<\/span> <a href=\"https:\/\/www.facebook.com\/tohagroupvn\" rel=\"nofollow noopener\" target=\"_blank\">https:\/\/www.facebook.com\/tohagroupvn<\/a><\/span><\/h4>\n<p><span style=\"color: #000000;\"><b>\u0110\u1ec3 bi\u1ebft th\u00eam th\u00f4ng tin chi ti\u1ebft v\u00e0 \u0111\u1eb7t h\u00e0ng<\/b><strong>, Qu\u00fd<\/strong><b> Kh\u00e1ch xin vui l\u00f2ng li\u00ean h\u1ec7 v\u1edbi ch\u00fang t\u00f4i qua:<\/b><\/span><\/p>\n<p><span style=\"font-weight: 400;\"><strong>&#8211;<span style=\"color: #ff6600;\">\u0110\u1ecba ch\u1ec9:<\/span><\/strong> 472 \/ 17 \u0111\u01b0\u1eddng Phan Huy \u00cdch, Ph\u01b0\u1eddng 12, Qu\u1eadn G\u00f2 V\u1ea5p HCM.<\/span><\/p>\n<p><span style=\"font-weight: 400;\">\u00a0 \u00a0 \u00a0 \u00a0 \u00a0 \u00a0 \u00a0 \u00a0111-112 A1, TT H\u00e0o Nam ng\u00f5 8A, \u0111\u01b0\u1eddng V\u0169 Th\u1ea1nh, Q.\u0110\u1ed1ng \u0110a, HN.<\/span><\/p>\n<p><span style=\"font-weight: 400; color: #ff6600;\"><strong>-Hotline:<\/strong><\/span><\/p>\n<ul>\n<li><span id=\"input_part_0\" class=\"\" data-mention=\"08 6269 6096 \">08 6269 6096 <\/span><\/li>\n<li><span id=\"input_part_0\" class=\"\" data-mention=\"08 6269 6096 \">08 6769 6096 <\/span><\/li>\n<li><span id=\"input_part_0\" class=\"\" data-mention=\"08 6269 6096 \">0978 121 033<\/span><\/li>\n<\/ul>\n<p><span style=\"font-weight: 400;\"><span style=\"color: #ff6600;\"><strong>-Gmail:<\/strong><\/span> info@tohagroup.com<\/span><\/p>\n<p>&nbsp;<\/p>\n","protected":false},"excerpt":{"rendered":"<h4 class=\"promoadd__ttl\" style=\"text-align: left;\"><strong><i>2 \u01afU \u0110\u00c3I QU\u00c0 T\u1eb6NG<\/i><\/strong><\/h4>\n<h5 class=\"promoadd__ttl\" style=\"text-align: left;\">D\u1ef1 ki\u1ebfn \u00e1p d\u1ee5ng \u0111\u1ebfn 23:00 30\/09<\/h5>\n<div class=\"promo_BHX\">\n<div class=\"l2\">\n<ul>\n<li>\n<h6><span data-sheets-value=\"{&quot;1&quot;:2,&quot;2&quot;:&quot;T\u1eb7ng b\u1ed9 d\u1ee5ng c\u1ee5 8 m\u00f3n ( T\u1ea4T C\u1ea2 M\u00c1Y C\u0168 HAY M\u1edaI )&quot;}\" data-sheets-userformat=\"{&quot;2&quot;:30909,&quot;3&quot;:{&quot;1&quot;:0,&quot;3&quot;:1},&quot;5&quot;:{&quot;1&quot;:[{&quot;1&quot;:2,&quot;2&quot;:0,&quot;5&quot;:{&quot;1&quot;:2,&quot;2&quot;:0}},{&quot;1&quot;:0,&quot;2&quot;:0,&quot;3&quot;:3},{&quot;1&quot;:1,&quot;2&quot;:0,&quot;4&quot;:1}]},&quot;6&quot;:{&quot;1&quot;:[{&quot;1&quot;:2,&quot;2&quot;:0,&quot;5&quot;:{&quot;1&quot;:2,&quot;2&quot;:0}},{&quot;1&quot;:0,&quot;2&quot;:0,&quot;3&quot;:3},{&quot;1&quot;:1,&quot;2&quot;:0,&quot;4&quot;:1}]},&quot;7&quot;:{&quot;1&quot;:[{&quot;1&quot;:2,&quot;2&quot;:0,&quot;5&quot;:{&quot;1&quot;:2,&quot;2&quot;:0}},{&quot;1&quot;:0,&quot;2&quot;:0,&quot;3&quot;:3},{&quot;1&quot;:1,&quot;2&quot;:0,&quot;4&quot;:1}]},&quot;8&quot;:{&quot;1&quot;:[{&quot;1&quot;:2,&quot;2&quot;:0,&quot;5&quot;:{&quot;1&quot;:2,&quot;2&quot;:0}},{&quot;1&quot;:0,&quot;2&quot;:0,&quot;3&quot;:3},{&quot;1&quot;:1,&quot;2&quot;:0,&quot;4&quot;:1}]},&quot;10&quot;:1,&quot;14&quot;:{&quot;1&quot;:3,&quot;3&quot;:1},&quot;15&quot;:&quot;Times New Roman&quot;,&quot;16&quot;:11,&quot;17&quot;:1}\">T\u1eb7ng b\u1ed9 d\u1ee5ng c\u1ee5 8 m\u00f3n\u00a0<\/span><\/h6>\n<\/li>\n<li>\n<h6>Ch\u00ednh s\u00e1ch \u0111\u1ed5i tr\u1ea3 h\u00e0ng b\u1ea3o h\u00e0nh 1 \u0111\u1ed5i 1<\/h6>\n<\/li>\n<\/ul>\n<\/div>\n<\/div>\n","protected":false},"featured_media":3375,"comment_status":"open","ping_status":"closed","template":"","meta":{"om_disable_all_campaigns":false,"_mi_skip_tracking":false,"_monsterinsights_sitenote_active":false,"_monsterinsights_sitenote_note":"","_monsterinsights_sitenote_category":0},"product_cat":[45],"product_tag":[],"class_list":["post-3372","product","type-product","status-publish","has-post-thumbnail","hentry","nhom-san-pham-may-pha-ca-phe","hang-may-nuova-simonelli","product_cat-may-pha-ca-phe-espresso-toha-group"],"_links":{"self":[{"href":"https:\/\/tohagroup.com\/en\/wp-json\/wp\/v2\/product\/3372","targetHints":{"allow":["GET"]}}],"collection":[{"href":"https:\/\/tohagroup.com\/en\/wp-json\/wp\/v2\/product"}],"about":[{"href":"https:\/\/tohagroup.com\/en\/wp-json\/wp\/v2\/types\/product"}],"replies":[{"embeddable":true,"href":"https:\/\/tohagroup.com\/en\/wp-json\/wp\/v2\/comments?post=3372"}],"wp:featuredmedia":[{"embeddable":true,"href":"https:\/\/tohagroup.com\/en\/wp-json\/wp\/v2\/media\/3375"}],"wp:attachment":[{"href":"https:\/\/tohagroup.com\/en\/wp-json\/wp\/v2\/media?parent=3372"}],"wp:term":[{"taxonomy":"product_cat","embeddable":true,"href":"https:\/\/tohagroup.com\/en\/wp-json\/wp\/v2\/product_cat?post=3372"},{"taxonomy":"product_tag","embeddable":true,"href":"https:\/\/tohagroup.com\/en\/wp-json\/wp\/v2\/product_tag?post=3372"}],"curies":[{"name":"wp","href":"https:\/\/api.w.org\/{rel}","templated":true}]}}