{"id":3308,"date":"2022-07-05T06:12:29","date_gmt":"2022-07-05T06:12:29","guid":{"rendered":"https:\/\/demo1.thuythu.vn\/tohagroup\/?post_type=product&#038;p=3308"},"modified":"2022-09-13T04:10:02","modified_gmt":"2022-09-13T04:10:02","slug":"may-pha-ca-phe-faema-e98-re","status":"publish","type":"product","link":"https:\/\/tohagroup.com\/en\/san-pham\/may-pha-ca-phe-faema-e98-re\/","title":{"rendered":"M\u00e1y pha c\u00e0 ph\u00ea Faema E98 RE (m\u1edbi 85% &#8211; 95%)"},"content":{"rendered":"<p><b>GI\u1edaI THI\u1ec6U T\u1ed4NG QUAN<\/b><\/p>\n<p><span style=\"font-weight: 400;\">Faema \u0111\u00e3 s\u1ea3n xu\u1ea5t m\u00e1y pha c\u00e0 ph\u00ea espresso v\u00e0 cappuccino t\u1eeb n\u0103m 1945. Ni\u1ec1m \u0111am m\u00ea \u0111\u1eb7c bi\u1ec7t cho ch\u1ea5t l\u01b0\u1ee3ng v\u00e0 t\u00e0i n\u0103ng n\u1ed5i ti\u1ebfng v\u1ec1 \u0111\u1ed5i m\u1edbi \u0111\u00e3 gi\u00fap Faema tr\u1edf th\u00e0nh 1 \u0111\u1ea1i s\u1ee9 v\u0103n h\u00f3a c\u00e0 ph\u00ea tr\u00ean th\u1ebf gi\u1edbi. Ng\u00e0y nay,<\/span><b> Faema ho\u1ea1t \u0111\u1ed9ng t\u1ea1i h\u01a1n 100 qu\u1ed1c gia v\u00e0 xu\u1ea5t kh\u1ea9u h\u01a1n 70% s\u1ea3n ph\u1ea9m tr\u00ean th\u1ebf gi\u1edbi<\/b><span style=\"font-weight: 400;\">, v\u1edbi nh\u1eefng s\u1ea3n ph\u1ea9m n\u1ed5i b\u1eadt nh\u01b0 m\u00e1y pha c\u00e0 ph\u00ea Faema E98 RE S, E998 RE A\u2026 v\u00e0 m\u1ea1ng l\u01b0\u1edbi h\u01a1n 700 nh\u00e0 ph\u00e2n ph\u1ed1i tr\u1ef1c ti\u1ebfp \u0111\u01b0\u1ee3c li\u00ean k\u1ebft \u0111\u1ec3 cung c\u1ea5p s\u1ea3n ph\u1ea9m ch\u1ea5t l\u01b0\u1ee3ng v\u00e0 d\u1ecbch v\u1ee5 h\u1ed7 tr\u1ee3 sau b\u00e1n h\u00e0ng t\u1ed1t nh\u1ea5t \u0111\u1ebfn ng\u01b0\u1eddi ti\u00eau d\u00f9ng.<\/span><\/p>\n<p><b>\u0110\u1ed0I T\u01af\u1ee2NG S\u1eec D\u1ee4NG<\/b><\/p>\n<p><span style=\"font-weight: 400;\">\u0110\u00e2y l\u00e0 s\u1ef1 l\u1ef1a ch\u1ecdn ho\u00e0n h\u1ea3o cho nh\u1eefng qu\u00e1n cho quy m\u00f4 l\u1edbn v\u00e0 l\u01b0\u1ee3ng kh\u00e1ch \u0111\u00f4ng, d\u00f2ng m\u00e1y n\u00e0y \u0111\u01b0\u1ee3c trang b\u1ecb 2 groups l\u00e0m n\u00e2ng cao hi\u1ec7u su\u1ea5t pha cafe v\u00e0 s\u1ebd gi\u00fap b\u1ea1n pha \u0111\u01b0\u1ee3c 200 ly\/gi\u1edd m\u00e0 v\u1eabn \u0111\u1ea3m b\u1ea3o ch\u1ea5t l\u01b0\u1ee3ng \u0111\u1ed3ng \u0111\u1ec1u tr\u00ean m\u1ed7i ly.<\/span><\/p>\n<p><b>\u0110\u1eb6C \u0110I\u1ec2M<\/b><\/p>\n<p><b>M\u00e1y pha c\u00e0 ph\u00ea b\u00e1n t\u1ef1 \u0111\u1ed9ng cho ph\u00e9p b\u1ea1n ch\u1ee7 \u0111\u1ed9ng trong qu\u00e1 tr\u00ecnh pha cafe<\/b><\/p>\n<p><span style=\"font-weight: 400;\">Khi s\u1eed d\u1ee5ng m\u00e1y Faema E98 RE S, barista s\u1ebd d\u1ef1a v\u00e0o kinh nghi\u1ec7m pha ch\u1ebf \u0111\u1ed3 u\u1ed1ng c\u1ee7a m\u00ecnh \u0111\u1ec3 k\u1ebft th\u00fac qu\u00e1 tr\u00ecnh pha espresso. V\u1edbi lo\u1ea1i m\u00e1y n\u00e0y nh\u1eefng t\u00e1ch c\u00e0 ph\u00ea sau khi pha xong h\u01b0\u01a1ng v\u1ecb c\u00f3 th\u1ec3 kh\u00f4ng gi\u1ed1ng nhau 100%, m\u00e0 t\u00f9y thu\u1ed9c v\u00e0o t\u1eebng th\u1eddi \u0111i\u1ec3m barista nh\u1ea5n n\u00fat k\u1ebft th\u00fac m\u00e0 \u0111\u1ed3 u\u1ed1ng s\u1ebd c\u00f3 nh\u1eefng h\u01b0\u01a1ng v\u1ecb \u0111\u1eb7c bi\u1ec7t kh\u00e1c nhau.<\/span><\/p>\n<p><span style=\"font-weight: 400;\">Faema E98 RE UPTO \u0111\u01b0\u1ee3c trang b\u1ecb b\u1ed9 x\u1eed l\u00fd \u0111\u1ec3 \u0111o th\u1eddi gian v\u00e0 l\u01b0\u1ee3ng n\u01b0\u1edbc ch\u1ea3y ra trong qu\u00e1 tr\u00ecnh pha cafe. M\u00e1y s\u1ebd t\u1ef1 \u0111\u1ed9ng l\u1ef1a ch\u1ecdn th\u1eddi \u0111i\u1ec3m k\u1ebft th\u00fac qu\u00e1 tr\u00ecnh pha m\u00e0 kh\u00f4ng c\u1ea7n \u0111\u1ebfn s\u1ef1 can thi\u1ec7p c\u1ee7a barista.<\/span><\/p>\n<p><span style=\"font-weight: 400;\">V\u1edbi ch\u1ee9c n\u0103ng pha t\u1ef1 \u0111\u1ed9ng, b\u1ea1n ho\u00e0n to\u00e0n c\u00f3 th\u1ec3 y\u00ean t\u00e2m ch\u1ea5t l\u01b0\u1ee3ng t\u00e1ch c\u00e0 ph\u00ea c\u1ee7a b\u1ea1n lu\u00f4n ho\u00e0n h\u1ea3o trong m\u1ed7i l\u1ea7n pha. \u0110\u1ed3ng th\u1eddi, b\u1ea1n c\u00f3 th\u1ec3 ti\u1ebft ki\u1ec7m \u0111\u01b0\u1ee3c nhi\u1ec1u th\u1eddi gian \u0111\u1ec3 th\u1ef1c hi\u1ec7n nh\u1eefng c\u00f4ng vi\u1ec7c kh\u00e1c nh\u01b0 \u0111\u00e1nh s\u1eefa trong l\u00fac n\u00e0y \u0111ang ti\u1ebfn h\u00e0nh pha cafe, \u0111\u1eb7c bi\u1ec7t trong nh\u1eefng th\u1eddi \u0111i\u1ec3m qu\u00e1n \u0111\u00f4ng kh\u00e1ch.<\/span><\/p>\n<p><b>L\u1eadp tr\u00ecnh l\u01b0\u1ee3ng c\u00e0 ph\u00ea \u0111i\u1ec7n t\u1eed ch\u00ednh x\u00e1c<\/b><\/p>\n<p><span style=\"font-weight: 400;\">V\u1edbi h\u1ec7 th\u1ed1ng l\u1eadp tr\u00ecnh l\u01b0\u1ee3ng \u0111i\u1ec7n t\u1eed, b\u1ea1n kh\u00f4ng c\u1ea7n ph\u1ea3i c\u00f3 qu\u00e1 nhi\u1ec1u kinh nghi\u1ec7m pha ch\u1ebf m\u00e0 v\u1eabn c\u00f3 th\u1ec3 pha \u0111\u01b0\u1ee3c nh\u1eefng t\u00e1ch c\u00e0 ph\u00ea chu\u1ea9n v\u1ecb ch\u1ec9 v\u1edbi m\u1ed9t thao t\u00e1c nh\u1ea5n n\u00fat \u0111\u01a1n gi\u1ea3n.<\/span><\/p>\n<p><b>Pha ch\u1ebf c\u1ef1c nhanh v\u1edbi hai b\u1ed9 l\u1ecdc<\/b><\/p>\n<p><span style=\"font-weight: 400;\">M\u00c1Y PHA C\u00c0 PH\u00ca FAEMA E98 RE AUTO \u0111\u01b0\u1ee3c trang b\u1ecb hai b\u1ed9 l\u1ecdc gi\u00fap n\u00e2ng cao hi\u1ec7u su\u1ea5t pha c\u00e0 ph\u00ea, v\u1edbi chi\u1ebfc m\u00e1y n\u00e0y b\u1ea1n c\u00f3 th\u1ec3 pha \u0111\u01b0\u1ee3c t\u1eeb 200-300 t\u00e1ch cafe m\u1ed7i gi\u1edd m\u00e0 v\u1eabn \u0111\u1ea3m b\u1ea3o ch\u1ea5t l\u01b0\u1ee3ng \u0111\u1ed3ng \u0111\u1ec1u c\u1ee7a m\u1ed7i ly c\u00e0 ph\u00ea. Ch\u00ednh v\u00ec v\u1eady. M\u00c1Y PHA C\u00c0 PH\u00ca FAEMA E98 RE AUTO\u00a0 l\u00e0 s\u1ef1 l\u1ef1a ch\u1ecdn ho\u00e0n h\u1ea3o cho nh\u1eefng qu\u00e1n c\u00f3 quy m\u00f4 l\u1edbn v\u00e0 l\u01b0\u1ee3ng kh\u00e1ch \u0111\u00f4ng.<\/span><\/p>\n<p><b>H\u1ec7 th\u1ed1ng c\u00e2n b\u1eb1ng nhi\u1ec7t ti\u00eau chu\u1ea9n<\/b><\/p>\n<p><span style=\"font-weight: 400;\">C\u00e1c nh\u00e0 nghi\u00ean c\u1ee9u c\u1ee7a th\u01b0\u01a1ng hi\u1ec7u Faema \u0111\u00e3 \u0111\u01b0\u1ee3c c\u1ea5p b\u1eb1ng s\u00e1ng ch\u1ebf b\u1edfi ph\u00e1t minh v\u1ec1 h\u1ec7 th\u1ed1ng c\u00e2n b\u1eb1ng nhi\u1ec7t hi\u1ec7u chu\u1ea9n b\u00ean trong m\u00e1y pha cafe. H\u1ec7 th\u1ed1ng n\u00e0y cho ph\u00e9p \u0111i\u1ec1u ch\u1ec9nh nhi\u1ec7t \u0111\u1ed9 \u1edf m\u1ed7i group \u0111\u1ec3 b\u1ea1n c\u00f3 th\u1ec3 d\u1ec5 d\u00e0ng pha \u0111\u01b0\u1ee3c ly cafe ho\u00e0n h\u1ea3o cho nh\u1eefng th\u00f3i quen th\u01b0\u1edfng th\u1ee9c kh\u00e1c nhau.<\/span><\/p>\n<p><b>C\u00f4ng ngh\u1ec7 n\u1ed3i h\u01a1i th\u00f4ng minh<\/b><\/p>\n<p><span style=\"font-weight: 400;\">M\u00e1y \u0111\u01b0\u1ee3c trang b\u1ecb h\u1ec7 th\u1ed1ng n\u1ed3i h\u01a1i th\u00f4ng minh gi\u00fap gia t\u0103ng \u0111\u00e1ng k\u1ec3 c\u00e1c c\u1ea5p \u0111\u1ed9 ho\u1ea1t \u0111\u1ed9ng c\u1ee7a n\u01b0\u1edbc n\u00f3ng v\u00e0 h\u01a1i n\u01b0\u1edbc trong khi t\u1ed1i \u01b0u h\u00f3a m\u1ef1c n\u01b0\u1edbc trong n\u1ed3i h\u01a1i v\u00e0 \u0111\u1ea3m b\u1ea3o c\u00e2n b\u1eb1ng nhi\u1ec7t cho k\u1ebft qu\u1ea3 ho\u00e0n h\u1ea3o ngay c\u1ea3 trong \u0111i\u1ec1u ki\u1ec7n \u0111\u01b0\u1ee3c s\u1eed d\u1ee5ng t\u1ed1i \u0111a.<\/span><\/p>\n<p><b>V\u00f2i \u0111\u00e1nh s\u1eefa- V\u00f2i \u0111\u00e1nh h\u01a1i chuy\u00ean nghi\u1ec7p<\/b><\/p>\n<p><span style=\"font-weight: 400;\">S\u1ea3n ph\u1ea9m \u0111\u01b0\u1ee3c trang b\u1ecb hai v\u00f2i \u0111\u00e1nh s\u1eefa\u00a0<\/span><\/p>\n<p><b>T\u00cdNH N\u0102NG<\/b><\/p>\n<ul>\n<li style=\"font-weight: 400;\" aria-level=\"1\"><span style=\"font-weight: 400;\">Ch\u1ea5t l\u01b0\u1ee3ng v\u00e0 h\u1ec7 th\u1ed1ng \u0111\u1ed1i l\u01b0u nhi\u1ec7t hi\u1ec7u su\u1ea5t cao<\/span><\/li>\n<li style=\"font-weight: 400;\" aria-level=\"1\"><span style=\"font-weight: 400;\">\u00a0L\u00e0m m\u1ed9t bi\u1ec3u t\u01b0\u1ee3ng c\u1ee7a m\u00e1y pha cafe espresso chuy\u00ean nghi\u1ec7p, chi\u1ebfc m\u00e1y \u0111\u1ea9y m\u1ea1nh ng\u00e0nh s\u1ea3n xu\u1ea5t m\u00e1y pha cafe c\u1ee7a \u00dd.<\/span><\/li>\n<li style=\"font-weight: 400;\" aria-level=\"1\"><span style=\"font-weight: 400;\">\u00a0M\u1ea1nh m\u1ebd v\u00e0 d\u1ec5 s\u1eed d\u1ee5ng. Ph\u00f9 h\u1ee3p v\u1edbi qu\u00e1n cafe pha m\u00e1y c\u00f4ng su\u1ea5t l\u1edbn<\/span><\/li>\n<li style=\"font-weight: 400;\" aria-level=\"1\"><span style=\"font-weight: 400;\">B\u1ea3ng \u0111i\u1ec1u khi\u1ec3n hi\u1ec7n \u0111\u1ea1i v\u1edbi nh\u1eefng n\u00fat nh\u1ea5n \u0111\u00e8n led<\/span><\/li>\n<li style=\"font-weight: 400;\" aria-level=\"1\"><span style=\"font-weight: 400;\">D\u1ec5 d\u00e0ng v\u00e0 nhanh ch\u00f3ng l\u1eafp \u0111\u1eb7t- b\u1ea3o d\u01b0\u1ee1ng<\/span><\/li>\n<\/ul>\n<hr \/>\n<h2 id=\"ftoc-heading-10\" class=\"p1 ftwp-heading\"><b>Toha Group \u2013 Cung c\u1ea5p gi\u1ea3i ph\u00e1p cho m\u1ed9t ly c\u00e0 ph\u00ea ngon<\/b><\/h2>\n<p>=&gt;&gt;\u00a0<em>Tham kh\u1ea3o th\u00f4ng tin v\u00e0 c\u00e1c s\u1ea3n ph\u1ea9m <a href=\"https:\/\/tohagroup.com\/product-category\/may-pha-ca-phe-cho-quan\/\" target=\"_blank\" rel=\"nofollow noopener\">M\u00e1y pha c\u00e0 ph\u00ea d\u00e0nh cho qu\u00e1n<\/a> t\u1ea1i website ch\u00ednh h\u00e3ng <a href=\"http:\/\/www.tohagroup.com\">www.tohagroup.com<\/a><\/em><\/p>\n<p>\u0110\u1ec3 \u0111\u1ea3m b\u1ea3o mua m\u00e1y ch\u00ednh h\u00e3ng vui l\u00f2ng t\u1edbi tr\u1ef1c ti\u1ebfp Showroom c\u1ee7a <strong>Toha Group<\/strong> tr\u00ean to\u00e0n qu\u1ed1c ho\u1eb7c \u0111\u1eb7t h\u00e0ng t\u1ea1i Website www.tohagroup.com \u2013 Ho\u1eb7c g\u1ecdi tr\u1ef1c ti\u1ebfp t\u1edbi <a href=\"tel:0867896096\" target=\"_blank\" rel=\"nofollow noopener\"><strong>Hotline: 08 6789 6096<\/strong><\/a>\u00a0\u0111\u1ec3 \u0111\u01b0\u1ee3c h\u1ed7 tr\u1ee3 \u0111\u1eb7t h\u00e0ng nhanh.<\/p>\n<p><span style=\"color: #ff0000;\"><strong>\u01afu \u0111\u00e3i:<\/strong> <\/span>Khi Qu\u00fd kh\u00e1ch h\u00e0ng theo d\u00f5i t\u1ea5t c\u1ea3 n\u1ec1n t\u1ea3ng c\u1ee7a Toha, qu\u00fd kh\u00e1ch s\u1ebd nh\u1eadn \u0111\u01b0\u1ee3c \u0111\u01b0\u1eddng d\u00e2y n\u00f3ng k\u1ebft n\u1ed1i &#8211; mua b\u00e1n &#8211; s\u1eeda ch\u1eefa, k\u00e8m theo \u0111\u00f3 l\u00e0 nhi\u1ec1u \u01b0u \u0111\u00e3i \u0111\u1eb7c bi\u1ec7t, nhi\u1ec1u ch\u01b0\u01a1ng tr\u00ecnh gi\u1ea3m gi\u00e1, v\u00e0 r\u1ea5t nhi\u1ec1u qu\u00e0 t\u1eb7ng kh\u00e1c \u0111\u1ebfn t\u1eeb Toha.<\/p>\n<h4 id=\"input_line_0\"><span id=\"input_part_0\" class=\"\" data-mention=\"Ch\u1ec9 \u0110\u01b0\u1eddng Google Map: https:\/\/g.page\/TOHACAFE?share \"><span style=\"color: #ff6600;\">Ch\u1ec9 \u0110\u01b0\u1eddng Google Map:<\/span><a href=\"https:\/\/g.page\/TOHACAFE?share\" rel=\"nofollow\" target=\"_blank\"> https:\/\/g.page\/TOHACAFE?share<\/a>\u00a0<\/span><\/h4>\n<h4 id=\"input_line_1\"><span id=\"input_part_0\" class=\"\" data-mention=\"Zalo Ch\u0103m S\u00f3c Kh\u00e1ch H\u00e0ng 24\/7: https:\/\/zalo.me\/2565949627324610829\"><span style=\"color: #ff6600;\">Zalo Ch\u0103m S\u00f3c Kh\u00e1ch H\u00e0ng 24\/7<\/span>: <a href=\"https:\/\/zalo.me\/2565949627324610829\" rel=\"nofollow noopener\" target=\"_blank\">https:\/\/zalo.me\/2565949627324610829<\/a><\/span><\/h4>\n<h4 id=\"input_line_2\"><span id=\"input_part_0\" class=\"\" data-mention=\"C\u1eadp Nh\u1eadt \u01afu \u0110\u00e3i: https:\/\/www.facebook.com\/tohagroupvn\"><span style=\"color: #ff6600;\">C\u1eadp Nh\u1eadt \u01afu \u0110\u00e3i:<\/span> <a href=\"https:\/\/www.facebook.com\/tohagroupvn\" rel=\"nofollow noopener\" target=\"_blank\">https:\/\/www.facebook.com\/tohagroupvn<\/a><\/span><\/h4>\n<p><span style=\"color: #000000;\"><b>\u0110\u1ec3 bi\u1ebft th\u00eam th\u00f4ng tin chi ti\u1ebft v\u00e0 \u0111\u1eb7t h\u00e0ng<\/b><strong>, Qu\u00fd<\/strong><b> Kh\u00e1ch xin vui l\u00f2ng li\u00ean h\u1ec7 v\u1edbi ch\u00fang t\u00f4i qua:<\/b><\/span><\/p>\n<p><span style=\"font-weight: 400;\"><strong>&#8211;<span style=\"color: #ff6600;\">\u0110\u1ecba ch\u1ec9:<\/span><\/strong> 472 \/ 17 \u0111\u01b0\u1eddng Phan Huy \u00cdch, Ph\u01b0\u1eddng 12, Qu\u1eadn G\u00f2 V\u1ea5p HCM.<\/span><\/p>\n<p><span style=\"font-weight: 400;\">\u00a0 \u00a0 \u00a0 \u00a0 \u00a0 \u00a0 \u00a0 \u00a0111-112 A1, TT H\u00e0o Nam ng\u00f5 8A, \u0111\u01b0\u1eddng V\u0169 Th\u1ea1nh, Q.\u0110\u1ed1ng \u0110a, HN.<\/span><\/p>\n<p><span style=\"font-weight: 400; color: #ff6600;\"><strong>-Hotline:<\/strong><\/span><\/p>\n<ul>\n<li><span id=\"input_part_0\" class=\"\" data-mention=\"08 6269 6096 \">08 6269 6096 <\/span><\/li>\n<li><span id=\"input_part_0\" class=\"\" data-mention=\"08 6269 6096 \">08 6769 6096 <\/span><\/li>\n<li><span id=\"input_part_0\" class=\"\" data-mention=\"08 6269 6096 \">0978 121 033<\/span><\/li>\n<\/ul>\n<p><span style=\"font-weight: 400;\"><span style=\"color: #ff6600;\"><strong>-Gmail:<\/strong><\/span> info@tohagroup.com<\/span><\/p>\n<p>&nbsp;<\/p>\n","protected":false},"excerpt":{"rendered":"<h4 class=\"promoadd__ttl\" style=\"text-align: left;\"><strong><i>2 \u01afU \u0110\u00c3I QU\u00c0 T\u1eb6NG<\/i><\/strong><\/h4>\n<h5 class=\"promoadd__ttl\" style=\"text-align: left;\">D\u1ef1 ki\u1ebfn \u00e1p d\u1ee5ng \u0111\u1ebfn 23:00 30\/09<\/h5>\n<div class=\"promo_BHX\">\n<div class=\"l2\">\n<ul>\n<li>\n<h6><span data-sheets-value=\"{&quot;1&quot;:2,&quot;2&quot;:&quot;T\u1eb7ng b\u1ed9 d\u1ee5ng c\u1ee5 8 m\u00f3n ( T\u1ea4T C\u1ea2 M\u00c1Y C\u0168 HAY M\u1edaI )&quot;}\" data-sheets-userformat=\"{&quot;2&quot;:30909,&quot;3&quot;:{&quot;1&quot;:0,&quot;3&quot;:1},&quot;5&quot;:{&quot;1&quot;:[{&quot;1&quot;:2,&quot;2&quot;:0,&quot;5&quot;:{&quot;1&quot;:2,&quot;2&quot;:0}},{&quot;1&quot;:0,&quot;2&quot;:0,&quot;3&quot;:3},{&quot;1&quot;:1,&quot;2&quot;:0,&quot;4&quot;:1}]},&quot;6&quot;:{&quot;1&quot;:[{&quot;1&quot;:2,&quot;2&quot;:0,&quot;5&quot;:{&quot;1&quot;:2,&quot;2&quot;:0}},{&quot;1&quot;:0,&quot;2&quot;:0,&quot;3&quot;:3},{&quot;1&quot;:1,&quot;2&quot;:0,&quot;4&quot;:1}]},&quot;7&quot;:{&quot;1&quot;:[{&quot;1&quot;:2,&quot;2&quot;:0,&quot;5&quot;:{&quot;1&quot;:2,&quot;2&quot;:0}},{&quot;1&quot;:0,&quot;2&quot;:0,&quot;3&quot;:3},{&quot;1&quot;:1,&quot;2&quot;:0,&quot;4&quot;:1}]},&quot;8&quot;:{&quot;1&quot;:[{&quot;1&quot;:2,&quot;2&quot;:0,&quot;5&quot;:{&quot;1&quot;:2,&quot;2&quot;:0}},{&quot;1&quot;:0,&quot;2&quot;:0,&quot;3&quot;:3},{&quot;1&quot;:1,&quot;2&quot;:0,&quot;4&quot;:1}]},&quot;10&quot;:1,&quot;14&quot;:{&quot;1&quot;:3,&quot;3&quot;:1},&quot;15&quot;:&quot;Times New Roman&quot;,&quot;16&quot;:11,&quot;17&quot;:1}\">T\u1eb7ng b\u1ed9 d\u1ee5ng c\u1ee5 8 m\u00f3n\u00a0<\/span><\/h6>\n<\/li>\n<li>\n<h6>Ch\u00ednh s\u00e1ch \u0111\u1ed5i tr\u1ea3 h\u00e0ng b\u1ea3o h\u00e0nh 1 \u0111\u1ed5i 1<\/h6>\n<\/li>\n<\/ul>\n<\/div>\n<\/div>\n","protected":false},"featured_media":3315,"comment_status":"open","ping_status":"closed","template":"","meta":{"om_disable_all_campaigns":false,"_mi_skip_tracking":false,"_monsterinsights_sitenote_active":false,"_monsterinsights_sitenote_note":"","_monsterinsights_sitenote_category":0},"product_cat":[69],"product_tag":[],"class_list":["post-3308","product","type-product","status-publish","has-post-thumbnail","hentry","nhom-san-pham-may-pha-ca-phe","product_cat-may-pha-ca-phe-cu"],"_links":{"self":[{"href":"https:\/\/tohagroup.com\/en\/wp-json\/wp\/v2\/product\/3308","targetHints":{"allow":["GET"]}}],"collection":[{"href":"https:\/\/tohagroup.com\/en\/wp-json\/wp\/v2\/product"}],"about":[{"href":"https:\/\/tohagroup.com\/en\/wp-json\/wp\/v2\/types\/product"}],"replies":[{"embeddable":true,"href":"https:\/\/tohagroup.com\/en\/wp-json\/wp\/v2\/comments?post=3308"}],"wp:featuredmedia":[{"embeddable":true,"href":"https:\/\/tohagroup.com\/en\/wp-json\/wp\/v2\/media\/3315"}],"wp:attachment":[{"href":"https:\/\/tohagroup.com\/en\/wp-json\/wp\/v2\/media?parent=3308"}],"wp:term":[{"taxonomy":"product_cat","embeddable":true,"href":"https:\/\/tohagroup.com\/en\/wp-json\/wp\/v2\/product_cat?post=3308"},{"taxonomy":"product_tag","embeddable":true,"href":"https:\/\/tohagroup.com\/en\/wp-json\/wp\/v2\/product_tag?post=3308"}],"curies":[{"name":"wp","href":"https:\/\/api.w.org\/{rel}","templated":true}]}}