{"id":828,"date":"2021-10-13T15:46:33","date_gmt":"2021-10-13T15:46:33","guid":{"rendered":"https:\/\/demo1.thuythu.vn\/tohagroup\/trang-dich-vu\/"},"modified":"2021-11-22T13:52:11","modified_gmt":"2021-11-22T13:52:11","slug":"trang-dich-vu","status":"publish","type":"page","link":"https:\/\/tohagroup.com\/en\/trang-dich-vu\/","title":{"rendered":"D\u1ecbch v\u1ee5"},"content":{"rendered":"<p><em>T\u1ea5t c\u1ea3 c\u00e1c th\u1ec3 lo\u1ea1i M\u00f4 h\u00ecnh <\/em><em>m\u00e0 b\u1ea1n mu\u1ed1n th\u1ef1c thi, t\u1eeb \u0111a d\u1ea1ng, ph\u1ee9c t\u1ea1p, <\/em><em>\u0111\u1ebfn nh\u1eefng ti\u00eau chu\u1ea9n cao c\u1ea5p nh\u1ea5t<\/em><em>, GMG \u0111\u1ec1u c\u00f3 th\u1ec3 \u0111\u00e1p \u1ee9ng v\u00e0 th\u1ef1c hi\u1ec7n v\u1edbi cam k\u1ebft chu\u1ea9n m\u1ef1c.<\/em><\/p>\n<p><em>\u00a0\u00a0 Ch\u00fang t\u00f4i c\u00f3 t\u1ea5t c\u1ea3 c\u00e1c d\u1ecbch v\u1ee5 trong chuy\u00ean ng\u00e0nh th\u1ef1c hi\u1ec7n M\u00f4 h\u00ecnh: \u00a0T\u1eeb M\u00f4 h\u00ecnh ki\u1ebfn tr\u00fac, Quy ho\u1ea1ch, C\u00f4ng nghi\u1ec7p, N\u1ed9i th\u1ea5t, cho \u0111\u1ebfn c\u00e1c th\u1ec3 lo\u1ea1i M\u00f4 h\u00ecnh chi ti\u1ebft \u0111\u1eb7c th\u00f9 v\u00e0 chuy\u00ean bi\u1ec7t kh\u00e1c.<\/em><\/p>\n<p><em>\u00a0\u00a0 D\u1ecbch v\u1ee5 gia c\u00f4ng Qu\u1ed1c t\u1ebf, c\u00f9ng v\u1edbi d\u1ecbch v\u1ee5 \u0111\u00f3ng g\u00f3i v\u00e0 xu\u1ea5t kh\u1ea9u M\u00f4 h\u00ecnh ra th\u1ebf gi\u1edbi l\u00e0 m\u1ed9t trong nh\u1eefng l\u1ee3i th\u1ebf m\u00e0 ch\u00fang t\u00f4i c\u00f3 kinh nghi\u1ec7m v\u00e0 \u0111ang th\u1ef1c hi\u1ec7n r\u1ea5t t\u1ed1t.<\/em><\/p>\n<p><em>\u00a0\u00a0 \u0110\u00e0o t\u1ea1o nh\u00e2n s\u1ef1 l\u00e0nh ngh\u1ec1 l\u00e0 m\u1ed9t trong nh\u1eefng n\u1ed9i dung quan tr\u1ecdng \u0111\u1ec3 GMG lu\u00f4n c\u00f3 nh\u00e2n vi\u00ean tay ngh\u1ec1 t\u1ed1t v\u00e0 c\u00f3 \u0111\u01b0\u1ee3c s\u1ef1 k\u1ebf th\u1eeba, \u0111\u1ea3m b\u1ea3o li\u1ec1n m\u1ea1ch trong ho\u1ea1t \u0111\u1ed9ng s\u1ea3n xu\u1ea5t ch\u1ea5t l\u01b0\u1ee3ng cao.<\/em><\/p>\n<p><em>\u00a0\u00a0 \u00a0GMG \u0111\u00e3 x\u00e2y d\u1ef1ng m\u1ed9t t\u1ed5 ch\u1ee9c v\u1edbi \u0111\u1ed9i ng\u0169 tuy\u1ec7t v\u1eddi c\u00f9ng v\u1edbi nh\u1eefng ti\u00eau ch\u00ed v\u00e0 t\u00edn \u0111i\u1ec1u ch\u1eb7t ch\u1ebd trong v\u1eadn h\u00e0nh &#8211; ki\u1ec3m so\u00e1t v\u00e0 s\u1ea3n xu\u1ea5t, \u0111\u1ec3 \u0111\u1ea3m b\u1ea3o ch\u1ea5t l\u01b0\u1ee3ng t\u1ed1t nh\u1ea5t cho S\u1ea3n ph\u1ea9m.<\/em><\/p>\n<p><strong><em>\u00a0H\u00e3y l\u1ef1a ch\u1ecdn GMG cho nh\u1eefng d\u1ef1 \u00e1n quan tr\u1ecdng c\u1ee7a b\u1ea1n. Khi b\u1ea1n giao tr\u1ecdng tr\u00e1ch \u2013 ch\u00fang t\u00f4i cam k\u1ebft th\u1ef1c hi\u1ec7n th\u00e0nh c\u00f4ng.<\/em><\/strong><\/p>\n","protected":false},"excerpt":{"rendered":"<p>T\u1ea5t c\u1ea3 c\u00e1c th\u1ec3 lo\u1ea1i M\u00f4 h\u00ecnh m\u00e0 b\u1ea1n mu\u1ed1n th\u1ef1c thi, t\u1eeb \u0111a d\u1ea1ng, ph\u1ee9c t\u1ea1p, \u0111\u1ebfn nh\u1eefng ti\u00eau chu\u1ea9n cao c\u1ea5p nh\u1ea5t, GMG \u0111\u1ec1u c\u00f3 th\u1ec3 \u0111\u00e1p \u1ee9ng v\u00e0 th\u1ef1c hi\u1ec7n v\u1edbi cam k\u1ebft chu\u1ea9n m\u1ef1c. \u00a0\u00a0 Ch\u00fang t\u00f4i c\u00f3 t\u1ea5t c\u1ea3 c\u00e1c d\u1ecbch v\u1ee5 trong chuy\u00ean ng\u00e0nh th\u1ef1c hi\u1ec7n M\u00f4 h\u00ecnh: \u00a0T\u1eeb &#8230; <a title=\"D\u1ecbch v\u1ee5\" class=\"read-more\" href=\"https:\/\/tohagroup.com\/en\/trang-dich-vu\/\" aria-label=\"More on D\u1ecbch v\u1ee5\">Read more<\/a><\/p>\n","protected":false},"author":1,"featured_media":0,"parent":0,"menu_order":0,"comment_status":"closed","ping_status":"closed","template":"templates\/service.php","meta":{"om_disable_all_campaigns":false,"_mi_skip_tracking":false,"_monsterinsights_sitenote_active":false,"_monsterinsights_sitenote_note":"","_monsterinsights_sitenote_category":0,"footnotes":""},"class_list":["post-828","page","type-page","status-publish"],"_links":{"self":[{"href":"https:\/\/tohagroup.com\/en\/wp-json\/wp\/v2\/pages\/828","targetHints":{"allow":["GET"]}}],"collection":[{"href":"https:\/\/tohagroup.com\/en\/wp-json\/wp\/v2\/pages"}],"about":[{"href":"https:\/\/tohagroup.com\/en\/wp-json\/wp\/v2\/types\/page"}],"author":[{"embeddable":true,"href":"https:\/\/tohagroup.com\/en\/wp-json\/wp\/v2\/users\/1"}],"replies":[{"embeddable":true,"href":"https:\/\/tohagroup.com\/en\/wp-json\/wp\/v2\/comments?post=828"}],"version-history":[{"count":6,"href":"https:\/\/tohagroup.com\/en\/wp-json\/wp\/v2\/pages\/828\/revisions"}],"predecessor-version":[{"id":1320,"href":"https:\/\/tohagroup.com\/en\/wp-json\/wp\/v2\/pages\/828\/revisions\/1320"}],"wp:attachment":[{"href":"https:\/\/tohagroup.com\/en\/wp-json\/wp\/v2\/media?parent=828"}],"curies":[{"name":"wp","href":"https:\/\/api.w.org\/{rel}","templated":true}]}}